{"id":50617,"date":"2023-03-06T13:03:09","date_gmt":"2023-03-06T12:03:09","guid":{"rendered":"https:\/\/jnpnki27nc.onrocket.site\/?page_id=50617"},"modified":"2025-07-16T12:45:29","modified_gmt":"2025-07-16T10:45:29","slug":"cookie-politik","status":"publish","type":"page","link":"https:\/\/mousepad24.eu\/de\/cookie-politik\/","title":{"rendered":"Cookie-Richtlinie"},"content":{"rendered":"\n<h1 class=\"wp-block-heading\">Cookie-Richtlinie<\/h1>\n<ol>\n<li>Der Verwalter der pers\u00f6nlichen Daten ist ANITA MAKARSKA-GURGACZ, NIP: 7122860322, ul. Techniczna 4 20-151 Lublin. <\/li>\n<li style=\"box-sizing: inherit;\">Der Administrator verwendet Cookies, d.h. kleine Textinformationen, die auf dem Endger\u00e4t des Nutzers (z.B. Computer, Tablet, Smartphone) gespeichert werden.<\/li>\n<li style=\"box-sizing: inherit;\">Cookies k\u00f6nnen vom ICT-System des Administrators gelesen werden.<\/li>\n<li style=\"box-sizing: inherit;\">Der Administrator speichert Cookies auf dem Endger\u00e4t des Nutzers und greift dann zu Zwecken auf die in ihnen enthaltenen Informationen zu:\n<ul style=\"box-sizing: inherit; margin-right: 0px; margin-left: 1.5em; list-style: disc; padding: 0px;\">\n<li style=\"box-sizing: inherit;\">um Statistiken zu erstellen, die uns helfen zu verstehen, wie Besucher die Websites nutzen, damit wir deren Struktur und Inhalt verbessern k\u00f6nnen;<\/li>\n<li style=\"box-sizing: inherit;\">Marketing (Remarketing)<\/li>\n<li style=\"box-sizing: inherit;\">ein Profil des Nutzers zu erstellen, um dem Nutzer in Werbenetzwerken, insbesondere im Google-Netzwerk, ma\u00dfgeschneidertes Material anzuzeigen, um das reibungslose Funktionieren des Shops zu gew\u00e4hrleisten.<\/li>\n<\/ul>\n<\/li>\n<li style=\"box-sizing: inherit;\">Es ist m\u00f6glich, dass der Nutzer seinen Webbrowser so konfiguriert, dass keine Cookies auf dem Endger\u00e4t gespeichert werden k\u00f6nnen. In einem solchen Fall kann jedoch die Nutzung der Website durch den Nutzer beeintr\u00e4chtigt sein. <\/li>\n<li style=\"box-sizing: inherit;\">Die Cookies k\u00f6nnen vom Benutzer gel\u00f6scht werden, sobald sie gespeichert wurden, und zwar mit den entsprechenden Funktionen des Internetbrowsers, mit daf\u00fcr vorgesehenen Programmen oder mit den entsprechenden Tools des vom Benutzer verwendeten Betriebssystems.<\/li>\n<li style=\"box-sizing: inherit;\">Diese Links enthalten Informationen dar\u00fcber, wie Sie Cookies in den g\u00e4ngigsten Webbrowsern l\u00f6schen k\u00f6nnen:\n<ol>\n<li style=\"box-sizing: inherit;\">Firefox: http:\/\/support.mozilla.org\/pl\/kb\/usuwanie-ciasteczek,<\/li>\n<li style=\"box-sizing: inherit;\">Oper: http:\/\/help.opera.com\/Linux\/9.60\/pl\/cookies.html,<\/li>\n<li style=\"box-sizing: inherit;\">Internet Explorer: http:\/\/support.microsoft.com\/kb\/278835\/pl,<\/li>\n<li style=\"box-sizing: inherit;\">Chrom: http:\/\/support.google.com\/chrome\/bin\/answer.py?hl=pl&amp;answer=95647<\/li>\n<li style=\"box-sizing: inherit;\">Safari: http:\/\/support.apple.com\/kb\/HT1677?viewlocale=pl_PL<\/li>\n<\/ol>\n<\/li>\n<\/ol>\n","protected":false},"excerpt":{"rendered":"<p>Cookie-Richtlinie Der Verwalter der pers\u00f6nlichen Daten ist ANITA MAKARSKA-GURGACZ, NIP: 7122860322, ul. Techniczna 4 20-151 Lublin. Der Administrator verwendet Cookies, d.h. kleine Textinformationen, die auf dem Endger\u00e4t des Nutzers (z.B. Computer, Tablet, Smartphone) gespeichert werden. Cookies k\u00f6nnen vom ICT-System des Administrators gelesen werden. Der Administrator speichert Cookies auf dem Endger\u00e4t des Nutzers und greift dann [&hellip;]<\/p>\n","protected":false},"author":102,"featured_media":0,"parent":0,"menu_order":0,"comment_status":"closed","ping_status":"closed","template":"elementor_header_footer","meta":{"footnotes":""},"class_list":["post-50617","page","type-page","status-publish","hentry","fpd-variation-needed"],"yoast_head":"<!-- This site is optimized with the Yoast SEO plugin v27.3 - https:\/\/yoast.com\/product\/yoast-seo-wordpress\/ -->\n<title>Cookie-Richtlinie - MousePad24.eu<\/title>\n<meta name=\"robots\" content=\"index, follow, max-snippet:-1, max-image-preview:large, max-video-preview:-1\" \/>\n<meta property=\"og:locale\" content=\"de_DE\" \/>\n<meta property=\"og:type\" content=\"article\" \/>\n<meta property=\"og:title\" content=\"Cookie-Richtlinie - MousePad24.eu\" \/>\n<meta property=\"og:description\" content=\"Cookie-Richtlinie Der Verwalter der pers\u00f6nlichen Daten ist ANITA MAKARSKA-GURGACZ, NIP: 7122860322, ul. Techniczna 4 20-151 Lublin. Der Administrator verwendet Cookies, d.h. kleine Textinformationen, die auf dem Endger\u00e4t des Nutzers (z.B. Computer, Tablet, Smartphone) gespeichert werden. Cookies k\u00f6nnen vom ICT-System des Administrators gelesen werden. Der Administrator speichert Cookies auf dem Endger\u00e4t des Nutzers und greift dann [&hellip;]\" \/>\n<meta property=\"og:url\" content=\"https:\/\/mousepad24.eu\/de\/cookie-politik\/\" \/>\n<meta property=\"og:site_name\" content=\"MousePad24.eu\" \/>\n<meta property=\"article:publisher\" content=\"https:\/\/www.facebook.com\/mousepad24\/\" \/>\n<meta property=\"article:modified_time\" content=\"2025-07-16T10:45:29+00:00\" \/>\n<meta name=\"twitter:card\" content=\"summary_large_image\" \/>\n<meta name=\"twitter:label1\" content=\"Gesch\u00e4tzte Lesezeit\" \/>\n\t<meta name=\"twitter:data1\" content=\"1\u00a0Minute\" \/>\n<script type=\"application\/ld+json\" class=\"yoast-schema-graph\">{\"@context\":\"https:\\\/\\\/schema.org\",\"@graph\":[{\"@type\":\"WebPage\",\"@id\":\"https:\\\/\\\/mousepad24.eu\\\/de\\\/cookie-politik\\\/\",\"url\":\"https:\\\/\\\/mousepad24.eu\\\/de\\\/cookie-politik\\\/\",\"name\":\"Cookie-Richtlinie - MousePad24.eu\",\"isPartOf\":{\"@id\":\"https:\\\/\\\/mousepad24.eu\\\/#website\"},\"datePublished\":\"2023-03-06T12:03:09+00:00\",\"dateModified\":\"2025-07-16T10:45:29+00:00\",\"breadcrumb\":{\"@id\":\"https:\\\/\\\/mousepad24.eu\\\/de\\\/cookie-politik\\\/#breadcrumb\"},\"inLanguage\":\"de\",\"potentialAction\":[{\"@type\":\"ReadAction\",\"target\":[\"https:\\\/\\\/mousepad24.eu\\\/de\\\/cookie-politik\\\/\"]}]},{\"@type\":\"BreadcrumbList\",\"@id\":\"https:\\\/\\\/mousepad24.eu\\\/de\\\/cookie-politik\\\/#breadcrumb\",\"itemListElement\":[{\"@type\":\"ListItem\",\"position\":1,\"name\":\"Startseite\",\"item\":\"https:\\\/\\\/mousepad24.eu\\\/de\\\/\"},{\"@type\":\"ListItem\",\"position\":2,\"name\":\"Cookie-Richtlinie\"}]},{\"@type\":\"WebSite\",\"@id\":\"https:\\\/\\\/mousepad24.eu\\\/#website\",\"url\":\"https:\\\/\\\/mousepad24.eu\\\/\",\"name\":\"MousePad24.eu\",\"description\":\"{:en}Personalizowane podk\u0142adki pod mysz{:}{:pl}Personalised Mouse Pads{:}{:de}Werbe MousePads{:}\",\"publisher\":{\"@id\":\"https:\\\/\\\/mousepad24.eu\\\/#organization\"},\"potentialAction\":[{\"@type\":\"SearchAction\",\"target\":{\"@type\":\"EntryPoint\",\"urlTemplate\":\"https:\\\/\\\/mousepad24.eu\\\/?s={search_term_string}\"},\"query-input\":{\"@type\":\"PropertyValueSpecification\",\"valueRequired\":true,\"valueName\":\"search_term_string\"}}],\"inLanguage\":\"de\"},{\"@type\":\"Organization\",\"@id\":\"https:\\\/\\\/mousepad24.eu\\\/#organization\",\"name\":\"MousePad24.eu\",\"url\":\"https:\\\/\\\/mousepad24.eu\\\/\",\"logo\":{\"@type\":\"ImageObject\",\"inLanguage\":\"de\",\"@id\":\"https:\\\/\\\/mousepad24.eu\\\/#\\\/schema\\\/logo\\\/image\\\/\",\"url\":\"https:\\\/\\\/mousepad24.eu\\\/wp-content\\\/uploads\\\/2022\\\/12\\\/MOUSEPAD24_logo_curv_OK-1.png\",\"contentUrl\":\"https:\\\/\\\/mousepad24.eu\\\/wp-content\\\/uploads\\\/2022\\\/12\\\/MOUSEPAD24_logo_curv_OK-1.png\",\"width\":1024,\"height\":75,\"caption\":\"MousePad24.eu\"},\"image\":{\"@id\":\"https:\\\/\\\/mousepad24.eu\\\/#\\\/schema\\\/logo\\\/image\\\/\"},\"sameAs\":[\"https:\\\/\\\/www.facebook.com\\\/mousepad24\\\/\",\"https:\\\/\\\/www.instagram.com\\\/mousepad24.eu\\\/\",\"https:\\\/\\\/www.linkedin.com\\\/company\\\/podkladki24-mousepad24\\\/\"]}]}<\/script>\n<!-- \/ Yoast SEO plugin. -->","yoast_head_json":{"title":"Cookie-Richtlinie - MousePad24.eu","robots":{"index":"index","follow":"follow","max-snippet":"max-snippet:-1","max-image-preview":"max-image-preview:large","max-video-preview":"max-video-preview:-1"},"og_locale":"de_DE","og_type":"article","og_title":"Cookie-Richtlinie - MousePad24.eu","og_description":"Cookie-Richtlinie Der Verwalter der pers\u00f6nlichen Daten ist ANITA MAKARSKA-GURGACZ, NIP: 7122860322, ul. Techniczna 4 20-151 Lublin. Der Administrator verwendet Cookies, d.h. kleine Textinformationen, die auf dem Endger\u00e4t des Nutzers (z.B. Computer, Tablet, Smartphone) gespeichert werden. Cookies k\u00f6nnen vom ICT-System des Administrators gelesen werden. Der Administrator speichert Cookies auf dem Endger\u00e4t des Nutzers und greift dann [&hellip;]","og_url":"https:\/\/mousepad24.eu\/de\/cookie-politik\/","og_site_name":"MousePad24.eu","article_publisher":"https:\/\/www.facebook.com\/mousepad24\/","article_modified_time":"2025-07-16T10:45:29+00:00","twitter_card":"summary_large_image","twitter_misc":{"Gesch\u00e4tzte Lesezeit":"1\u00a0Minute"},"schema":{"@context":"https:\/\/schema.org","@graph":[{"@type":"WebPage","@id":"https:\/\/mousepad24.eu\/de\/cookie-politik\/","url":"https:\/\/mousepad24.eu\/de\/cookie-politik\/","name":"Cookie-Richtlinie - MousePad24.eu","isPartOf":{"@id":"https:\/\/mousepad24.eu\/#website"},"datePublished":"2023-03-06T12:03:09+00:00","dateModified":"2025-07-16T10:45:29+00:00","breadcrumb":{"@id":"https:\/\/mousepad24.eu\/de\/cookie-politik\/#breadcrumb"},"inLanguage":"de","potentialAction":[{"@type":"ReadAction","target":["https:\/\/mousepad24.eu\/de\/cookie-politik\/"]}]},{"@type":"BreadcrumbList","@id":"https:\/\/mousepad24.eu\/de\/cookie-politik\/#breadcrumb","itemListElement":[{"@type":"ListItem","position":1,"name":"Startseite","item":"https:\/\/mousepad24.eu\/de\/"},{"@type":"ListItem","position":2,"name":"Cookie-Richtlinie"}]},{"@type":"WebSite","@id":"https:\/\/mousepad24.eu\/#website","url":"https:\/\/mousepad24.eu\/","name":"MousePad24.eu","description":"{:en}Personalizowane podk\u0142adki pod mysz{:}{:pl}Personalised Mouse Pads{:}{:de}Werbe MousePads{:}","publisher":{"@id":"https:\/\/mousepad24.eu\/#organization"},"potentialAction":[{"@type":"SearchAction","target":{"@type":"EntryPoint","urlTemplate":"https:\/\/mousepad24.eu\/?s={search_term_string}"},"query-input":{"@type":"PropertyValueSpecification","valueRequired":true,"valueName":"search_term_string"}}],"inLanguage":"de"},{"@type":"Organization","@id":"https:\/\/mousepad24.eu\/#organization","name":"MousePad24.eu","url":"https:\/\/mousepad24.eu\/","logo":{"@type":"ImageObject","inLanguage":"de","@id":"https:\/\/mousepad24.eu\/#\/schema\/logo\/image\/","url":"https:\/\/mousepad24.eu\/wp-content\/uploads\/2022\/12\/MOUSEPAD24_logo_curv_OK-1.png","contentUrl":"https:\/\/mousepad24.eu\/wp-content\/uploads\/2022\/12\/MOUSEPAD24_logo_curv_OK-1.png","width":1024,"height":75,"caption":"MousePad24.eu"},"image":{"@id":"https:\/\/mousepad24.eu\/#\/schema\/logo\/image\/"},"sameAs":["https:\/\/www.facebook.com\/mousepad24\/","https:\/\/www.instagram.com\/mousepad24.eu\/","https:\/\/www.linkedin.com\/company\/podkladki24-mousepad24\/"]}]}},"_links":{"self":[{"href":"https:\/\/mousepad24.eu\/de\/wp-json\/wp\/v2\/pages\/50617","targetHints":{"allow":["GET"]}}],"collection":[{"href":"https:\/\/mousepad24.eu\/de\/wp-json\/wp\/v2\/pages"}],"about":[{"href":"https:\/\/mousepad24.eu\/de\/wp-json\/wp\/v2\/types\/page"}],"author":[{"embeddable":true,"href":"https:\/\/mousepad24.eu\/de\/wp-json\/wp\/v2\/users\/102"}],"replies":[{"embeddable":true,"href":"https:\/\/mousepad24.eu\/de\/wp-json\/wp\/v2\/comments?post=50617"}],"version-history":[{"count":0,"href":"https:\/\/mousepad24.eu\/de\/wp-json\/wp\/v2\/pages\/50617\/revisions"}],"wp:attachment":[{"href":"https:\/\/mousepad24.eu\/de\/wp-json\/wp\/v2\/media?parent=50617"}],"curies":[{"name":"wp","href":"https:\/\/api.w.org\/{rel}","templated":true}]}}