{"id":50845,"date":"2022-09-21T10:20:56","date_gmt":"2022-09-21T08:20:56","guid":{"rendered":"https:\/\/jnpnki27nc.onrocket.site\/?page_id=50845"},"modified":"2025-10-20T11:42:31","modified_gmt":"2025-10-20T09:42:31","slug":"datenschutz-bestimmungen","status":"publish","type":"page","link":"https:\/\/mousepad24.eu\/de\/datenschutz-bestimmungen\/","title":{"rendered":"Datenschutzbestimmungen"},"content":{"rendered":"<p style=\"text-align: center;\">1 \u00a7<\/p>\n<p style=\"text-align: center;\">Schutz von pers\u00f6nlichen Daten<\/p>\n<ol>\n<li>Verantwortlicher f\u00fcr die personenbezogenen Daten ist ANITA MAKARSKA-GURGACZ, NIP: PL 7122860322, Zbo\u017cowa Stra\u00dfe 40, 20-827 Lublin. Die Kontaktaufnahme mit dem Verantwortlichen in Angelegenheiten des Datenschutzes ist per E-Mail an: shop@mousepad24.eu oder schriftlich an die oben genannte Adresse des Verantwortlichen m\u00f6glich.  <\/li>\n<li>Der Nutzer des Dienstes (d.h. der Kunde) erkl\u00e4rt sich damit einverstanden, dass der Administrator die personenbezogenen Daten, die der Kunde bei der Bestellung angibt, im Rahmen der Nutzung von mousepad24.eu (d.h. des Shops) verarbeitet.<\/li>\n<li>Die Bereitstellung der pers\u00f6nlichen Daten durch den Kunden ist freiwillig, aber eine fehlende Zustimmung zur Verarbeitung der pers\u00f6nlichen Daten durch den Verwalter macht es dem Kunden unm\u00f6glich, elektronische Dienstleistungen zu erbringen und Eink\u00e4ufe im Shop zu t\u00e4tigen.<\/li>\n<li>Die Verarbeitung der personenbezogenen Daten des Kunden erm\u00f6glicht es dem f\u00fcr die Datenverarbeitung Verantwortlichen, Dienstleistungen wie die F\u00fchrung Ihres Kontos, die Bearbeitung von Bestellungen, die Kontaktaufnahme im Zusammenhang mit der Erf\u00fcllung des Vertrags sowie die Zusendung von Marketinginformationen (einschlie\u00dflich Newsletter) zu erbringen. <\/li>\n<li>Personenbezogene Daten werden f\u00fcr die Dauer des Vertrags und f\u00fcr einen Zeitraum gem\u00e4\u00df der geltenden Gesetzgebung gespeichert, wobei die Verj\u00e4hrungsfristen f\u00fcr Anspr\u00fcche und steuerliche Verpflichtungen ber\u00fccksichtigt werden.<\/li>\n<li>Der Kunde hat das Recht, auf seine pers\u00f6nlichen Daten zuzugreifen und deren Korrektur oder L\u00f6schung zu verlangen. Pers\u00f6nliche Daten k\u00f6nnen korrigiert oder gel\u00f6scht werden, indem Sie sich in das Kundenkonto einloggen oder sich beim Verk\u00e4ufer unter der E-Mail-Adresse: shop@mousepad24.eu. <\/li>\n<li>Wenn Sie personenbezogene Daten im Zusammenhang mit der Ver\u00f6ffentlichung von Meinungen oder Bewertungen von Produkten im Shop oder in sozialen Netzwerken angeben, stimmen Sie der Weitergabe dieser Daten an einen unbegrenzten Personenkreis zu.<\/li>\n<li>Der Kunde erkl\u00e4rt, dass es sich bei den angegebenen pers\u00f6nlichen Daten um die Daten des Kunden handelt.<\/li>\n<li>Der Administrator sammelt und verarbeitet \u00fcber den Shop und andere Kommunikationsformen die unten aufgef\u00fchrten personenbezogenen Daten der Nutzer, die bei der Registrierung, bei der Aufgabe von Bestellungen im Shop und bei der Nutzung des im Shop verf\u00fcgbaren Online-Kommunikators angegeben werden:\n<ol>\n<li>Name<\/li>\n<li>Zahlungs- und Lieferadresse<\/li>\n<li>Rufnummer<\/li>\n<li>E-Mail Adresse<\/li>\n<\/ol>\n<\/li>\n<li>\n<p data-start=\"295\" data-end=\"721\">Um den Nutzern die Bezahlung von Bestellungen zu erm\u00f6glichen, arbeitet der Verantwortliche mit externen Partnern f\u00fcr elektronische Zahlungsabwicklung zusammen. Daher k\u00f6nnen personenbezogene Daten der Nutzer (wie Name, E-Mail-Adresse, Lieferadresse, Rechnungsadresse, Telefonnummer sowie Zahlungs- und Transaktionshistoriedaten) an diese Partner weitergegeben werden, soweit dies f\u00fcr die Abwicklung der Zahlung erforderlich ist. <\/p>\n<p data-start=\"723\" data-end=\"864\">Zahlungsdienstleister k\u00f6nnen personenbezogene Daten der Nutzer automatisiert verarbeiten, einschlie\u00dflich Profiling, um:<\/p>\n<ul data-start=\"865\" data-end=\"1022\">\n<li data-start=\"865\" data-end=\"904\">\n<p data-start=\"867\" data-end=\"904\">die Identit\u00e4t des Nutzers zu \u00fcberpr\u00fcfen,<\/p>\n<\/li>\n<li data-start=\"905\" data-end=\"945\">\n<p data-start=\"907\" data-end=\"945\">Missbrauch und Betrug vorzubeugen,<\/p>\n<\/li>\n<li data-start=\"946\" data-end=\"974\">\n<p data-start=\"948\" data-end=\"974\">das Transaktionsrisiko zu bewerten,<\/p>\n<\/li>\n<li data-start=\"975\" data-end=\"1022\">\n<p data-start=\"977\" data-end=\"1022\">die Sicherheit der Zahlungsdienste zu gew\u00e4hrleisten.<\/p>\n<\/li>\n<\/ul>\n<p data-start=\"1024\" data-end=\"1387\">Profiling kann zu automatisierten Entscheidungen f\u00fchren, z. B. zur Ablehnung einer Zahlung oder zur Notwendigkeit einer zus\u00e4tzlichen Identit\u00e4tsbest\u00e4tigung. Detaillierte Informationen zur Verarbeitung personenbezogener Daten durch Zahlungsdienstleister findest du in deren Datenschutzerkl\u00e4rungen, die auf den Websites dieser Unternehmen verf\u00fcgbar sind. <\/p>\n<\/li>\n<li>Der f\u00fcr die Verarbeitung Verantwortliche verpflichtet sich, alle Anstrengungen zu unternehmen, um die pers\u00f6nlichen Daten des Kunden ordnungsgem\u00e4\u00df zu sichern<\/li>\n<li>Du hast das Recht, eine Beschwerde bei der Aufsichtsbeh\u00f6rde f\u00fcr den Datenschutz einzureichen \u2013 dem Pr\u00e4sidenten des Amtes f\u00fcr den Schutz personenbezogener Daten.<\/li>\n<\/ol>\n","protected":false},"excerpt":{"rendered":"<p>1 \u00a7 Schutz von pers\u00f6nlichen Daten Verantwortlicher f\u00fcr die personenbezogenen Daten ist ANITA MAKARSKA-GURGACZ, NIP: PL 7122860322, Zbo\u017cowa Stra\u00dfe 40, 20-827 Lublin. Die Kontaktaufnahme mit dem Verantwortlichen in Angelegenheiten des Datenschutzes ist per E-Mail an: shop@mousepad24.eu oder schriftlich an die oben genannte Adresse des Verantwortlichen m\u00f6glich. Der Nutzer des Dienstes (d.h. der Kunde) erkl\u00e4rt sich [&hellip;]<\/p>\n","protected":false},"author":102,"featured_media":0,"parent":0,"menu_order":0,"comment_status":"closed","ping_status":"closed","template":"elementor_header_footer","meta":{"footnotes":""},"class_list":["post-50845","page","type-page","status-publish","hentry","fpd-variation-needed"],"yoast_head":"<!-- This site is optimized with the Yoast SEO plugin v27.5 - https:\/\/yoast.com\/product\/yoast-seo-wordpress\/ -->\n<title>Datenschutzbestimmungen - MousePad24.eu<\/title>\n<meta name=\"robots\" content=\"index, follow, max-snippet:-1, max-image-preview:large, max-video-preview:-1\" \/>\n<meta property=\"og:locale\" content=\"de_DE\" \/>\n<meta property=\"og:type\" content=\"article\" \/>\n<meta property=\"og:title\" content=\"Datenschutzbestimmungen - MousePad24.eu\" \/>\n<meta property=\"og:description\" content=\"1 \u00a7 Schutz von pers\u00f6nlichen Daten Verantwortlicher f\u00fcr die personenbezogenen Daten ist ANITA MAKARSKA-GURGACZ, NIP: PL 7122860322, Zbo\u017cowa Stra\u00dfe 40, 20-827 Lublin. Die Kontaktaufnahme mit dem Verantwortlichen in Angelegenheiten des Datenschutzes ist per E-Mail an: shop@mousepad24.eu oder schriftlich an die oben genannte Adresse des Verantwortlichen m\u00f6glich. Der Nutzer des Dienstes (d.h. der Kunde) erkl\u00e4rt sich [&hellip;]\" \/>\n<meta property=\"og:url\" content=\"https:\/\/mousepad24.eu\/de\/datenschutz-bestimmungen\/\" \/>\n<meta property=\"og:site_name\" content=\"MousePad24.eu\" \/>\n<meta property=\"article:publisher\" content=\"https:\/\/www.facebook.com\/mousepad24\/\" \/>\n<meta property=\"article:modified_time\" content=\"2025-10-20T09:42:31+00:00\" \/>\n<meta name=\"twitter:card\" content=\"summary_large_image\" \/>\n<meta name=\"twitter:label1\" content=\"Gesch\u00e4tzte Lesezeit\" \/>\n\t<meta name=\"twitter:data1\" content=\"3 Minuten\" \/>\n<script type=\"application\/ld+json\" class=\"yoast-schema-graph\">{\"@context\":\"https:\\\/\\\/schema.org\",\"@graph\":[{\"@type\":\"WebPage\",\"@id\":\"https:\\\/\\\/mousepad24.eu\\\/de\\\/datenschutz-bestimmungen\\\/\",\"url\":\"https:\\\/\\\/mousepad24.eu\\\/de\\\/datenschutz-bestimmungen\\\/\",\"name\":\"Datenschutzbestimmungen - MousePad24.eu\",\"isPartOf\":{\"@id\":\"https:\\\/\\\/mousepad24.eu\\\/#website\"},\"datePublished\":\"2022-09-21T08:20:56+00:00\",\"dateModified\":\"2025-10-20T09:42:31+00:00\",\"breadcrumb\":{\"@id\":\"https:\\\/\\\/mousepad24.eu\\\/de\\\/datenschutz-bestimmungen\\\/#breadcrumb\"},\"inLanguage\":\"de\",\"potentialAction\":[{\"@type\":\"ReadAction\",\"target\":[\"https:\\\/\\\/mousepad24.eu\\\/de\\\/datenschutz-bestimmungen\\\/\"]}]},{\"@type\":\"BreadcrumbList\",\"@id\":\"https:\\\/\\\/mousepad24.eu\\\/de\\\/datenschutz-bestimmungen\\\/#breadcrumb\",\"itemListElement\":[{\"@type\":\"ListItem\",\"position\":1,\"name\":\"Startseite\",\"item\":\"https:\\\/\\\/mousepad24.eu\\\/de\\\/\"},{\"@type\":\"ListItem\",\"position\":2,\"name\":\"Datenschutzbestimmungen\"}]},{\"@type\":\"WebSite\",\"@id\":\"https:\\\/\\\/mousepad24.eu\\\/#website\",\"url\":\"https:\\\/\\\/mousepad24.eu\\\/\",\"name\":\"MousePad24.eu\",\"description\":\"{:en}Personalizowane podk\u0142adki pod mysz{:}{:pl}Personalised Mouse Pads{:}{:de}Werbe MousePads{:}\",\"publisher\":{\"@id\":\"https:\\\/\\\/mousepad24.eu\\\/#organization\"},\"potentialAction\":[{\"@type\":\"SearchAction\",\"target\":{\"@type\":\"EntryPoint\",\"urlTemplate\":\"https:\\\/\\\/mousepad24.eu\\\/?s={search_term_string}\"},\"query-input\":{\"@type\":\"PropertyValueSpecification\",\"valueRequired\":true,\"valueName\":\"search_term_string\"}}],\"inLanguage\":\"de\"},{\"@type\":\"Organization\",\"@id\":\"https:\\\/\\\/mousepad24.eu\\\/#organization\",\"name\":\"MousePad24.eu\",\"url\":\"https:\\\/\\\/mousepad24.eu\\\/\",\"logo\":{\"@type\":\"ImageObject\",\"inLanguage\":\"de\",\"@id\":\"https:\\\/\\\/mousepad24.eu\\\/#\\\/schema\\\/logo\\\/image\\\/\",\"url\":\"https:\\\/\\\/mousepad24.eu\\\/wp-content\\\/uploads\\\/2022\\\/12\\\/MOUSEPAD24_logo_curv_OK-1.png\",\"contentUrl\":\"https:\\\/\\\/mousepad24.eu\\\/wp-content\\\/uploads\\\/2022\\\/12\\\/MOUSEPAD24_logo_curv_OK-1.png\",\"width\":1024,\"height\":75,\"caption\":\"MousePad24.eu\"},\"image\":{\"@id\":\"https:\\\/\\\/mousepad24.eu\\\/#\\\/schema\\\/logo\\\/image\\\/\"},\"sameAs\":[\"https:\\\/\\\/www.facebook.com\\\/mousepad24\\\/\",\"https:\\\/\\\/www.instagram.com\\\/mousepad24.eu\\\/\",\"https:\\\/\\\/www.linkedin.com\\\/company\\\/podkladki24-mousepad24\\\/\"]}]}<\/script>\n<!-- \/ Yoast SEO plugin. -->","yoast_head_json":{"title":"Datenschutzbestimmungen - MousePad24.eu","robots":{"index":"index","follow":"follow","max-snippet":"max-snippet:-1","max-image-preview":"max-image-preview:large","max-video-preview":"max-video-preview:-1"},"og_locale":"de_DE","og_type":"article","og_title":"Datenschutzbestimmungen - MousePad24.eu","og_description":"1 \u00a7 Schutz von pers\u00f6nlichen Daten Verantwortlicher f\u00fcr die personenbezogenen Daten ist ANITA MAKARSKA-GURGACZ, NIP: PL 7122860322, Zbo\u017cowa Stra\u00dfe 40, 20-827 Lublin. Die Kontaktaufnahme mit dem Verantwortlichen in Angelegenheiten des Datenschutzes ist per E-Mail an: shop@mousepad24.eu oder schriftlich an die oben genannte Adresse des Verantwortlichen m\u00f6glich. Der Nutzer des Dienstes (d.h. der Kunde) erkl\u00e4rt sich [&hellip;]","og_url":"https:\/\/mousepad24.eu\/de\/datenschutz-bestimmungen\/","og_site_name":"MousePad24.eu","article_publisher":"https:\/\/www.facebook.com\/mousepad24\/","article_modified_time":"2025-10-20T09:42:31+00:00","twitter_card":"summary_large_image","twitter_misc":{"Gesch\u00e4tzte Lesezeit":"3 Minuten"},"schema":{"@context":"https:\/\/schema.org","@graph":[{"@type":"WebPage","@id":"https:\/\/mousepad24.eu\/de\/datenschutz-bestimmungen\/","url":"https:\/\/mousepad24.eu\/de\/datenschutz-bestimmungen\/","name":"Datenschutzbestimmungen - MousePad24.eu","isPartOf":{"@id":"https:\/\/mousepad24.eu\/#website"},"datePublished":"2022-09-21T08:20:56+00:00","dateModified":"2025-10-20T09:42:31+00:00","breadcrumb":{"@id":"https:\/\/mousepad24.eu\/de\/datenschutz-bestimmungen\/#breadcrumb"},"inLanguage":"de","potentialAction":[{"@type":"ReadAction","target":["https:\/\/mousepad24.eu\/de\/datenschutz-bestimmungen\/"]}]},{"@type":"BreadcrumbList","@id":"https:\/\/mousepad24.eu\/de\/datenschutz-bestimmungen\/#breadcrumb","itemListElement":[{"@type":"ListItem","position":1,"name":"Startseite","item":"https:\/\/mousepad24.eu\/de\/"},{"@type":"ListItem","position":2,"name":"Datenschutzbestimmungen"}]},{"@type":"WebSite","@id":"https:\/\/mousepad24.eu\/#website","url":"https:\/\/mousepad24.eu\/","name":"MousePad24.eu","description":"{:en}Personalizowane podk\u0142adki pod mysz{:}{:pl}Personalised Mouse Pads{:}{:de}Werbe MousePads{:}","publisher":{"@id":"https:\/\/mousepad24.eu\/#organization"},"potentialAction":[{"@type":"SearchAction","target":{"@type":"EntryPoint","urlTemplate":"https:\/\/mousepad24.eu\/?s={search_term_string}"},"query-input":{"@type":"PropertyValueSpecification","valueRequired":true,"valueName":"search_term_string"}}],"inLanguage":"de"},{"@type":"Organization","@id":"https:\/\/mousepad24.eu\/#organization","name":"MousePad24.eu","url":"https:\/\/mousepad24.eu\/","logo":{"@type":"ImageObject","inLanguage":"de","@id":"https:\/\/mousepad24.eu\/#\/schema\/logo\/image\/","url":"https:\/\/mousepad24.eu\/wp-content\/uploads\/2022\/12\/MOUSEPAD24_logo_curv_OK-1.png","contentUrl":"https:\/\/mousepad24.eu\/wp-content\/uploads\/2022\/12\/MOUSEPAD24_logo_curv_OK-1.png","width":1024,"height":75,"caption":"MousePad24.eu"},"image":{"@id":"https:\/\/mousepad24.eu\/#\/schema\/logo\/image\/"},"sameAs":["https:\/\/www.facebook.com\/mousepad24\/","https:\/\/www.instagram.com\/mousepad24.eu\/","https:\/\/www.linkedin.com\/company\/podkladki24-mousepad24\/"]}]}},"_links":{"self":[{"href":"https:\/\/mousepad24.eu\/de\/wp-json\/wp\/v2\/pages\/50845","targetHints":{"allow":["GET"]}}],"collection":[{"href":"https:\/\/mousepad24.eu\/de\/wp-json\/wp\/v2\/pages"}],"about":[{"href":"https:\/\/mousepad24.eu\/de\/wp-json\/wp\/v2\/types\/page"}],"author":[{"embeddable":true,"href":"https:\/\/mousepad24.eu\/de\/wp-json\/wp\/v2\/users\/102"}],"replies":[{"embeddable":true,"href":"https:\/\/mousepad24.eu\/de\/wp-json\/wp\/v2\/comments?post=50845"}],"version-history":[{"count":0,"href":"https:\/\/mousepad24.eu\/de\/wp-json\/wp\/v2\/pages\/50845\/revisions"}],"wp:attachment":[{"href":"https:\/\/mousepad24.eu\/de\/wp-json\/wp\/v2\/media?parent=50845"}],"curies":[{"name":"wp","href":"https:\/\/api.w.org\/{rel}","templated":true}]}}