{"id":63263,"date":"2024-04-23T09:54:17","date_gmt":"2024-04-23T07:54:17","guid":{"rendered":"https:\/\/jnpnki27nc.onrocket.site\/dofinansowanie-3\/"},"modified":"2025-07-16T13:00:55","modified_gmt":"2025-07-16T11:00:55","slug":"dofinansowanie-3","status":"publish","type":"page","link":"https:\/\/mousepad24.eu\/de\/finanzierung-2\/dofinansowanie-3\/","title":{"rendered":"Finanzierung 72 351,22 PLN"},"content":{"rendered":"<figure id=\"attachment_63271\" class=\"wp-caption alignnone\" ><img fetchpriority=\"high\" decoding=\"async\" class=\"wp-image-63268 size-full\" src=\"https:\/\/mousepad24.eu\/wp-content\/uploads\/2025\/03\/FE_plakat_A3_lubelskie_Anita_Makarska-Gurgacz_OK-1.jpg\" alt=\"Kofinanziert von der Europ\u00e4ischen Union\" width=\"2480\" height=\"1754\" srcset=\"https:\/\/mousepad24.eu\/wp-content\/uploads\/2025\/03\/FE_plakat_A3_lubelskie_Anita_Makarska-Gurgacz_OK-1.jpg 2480w, https:\/\/mousepad24.eu\/wp-content\/uploads\/2025\/03\/FE_plakat_A3_lubelskie_Anita_Makarska-Gurgacz_OK-1-300x212.jpg 300w, https:\/\/mousepad24.eu\/wp-content\/uploads\/2025\/03\/FE_plakat_A3_lubelskie_Anita_Makarska-Gurgacz_OK-1-1024x724.jpg 1024w, https:\/\/mousepad24.eu\/wp-content\/uploads\/2025\/03\/FE_plakat_A3_lubelskie_Anita_Makarska-Gurgacz_OK-1-150x106.jpg 150w, https:\/\/mousepad24.eu\/wp-content\/uploads\/2025\/03\/FE_plakat_A3_lubelskie_Anita_Makarska-Gurgacz_OK-1-768x543.jpg 768w, https:\/\/mousepad24.eu\/wp-content\/uploads\/2025\/03\/FE_plakat_A3_lubelskie_Anita_Makarska-Gurgacz_OK-1-1536x1086.jpg 1536w, https:\/\/mousepad24.eu\/wp-content\/uploads\/2025\/03\/FE_plakat_A3_lubelskie_Anita_Makarska-Gurgacz_OK-1-2048x1448.jpg 2048w, https:\/\/mousepad24.eu\/wp-content\/uploads\/2025\/03\/FE_plakat_A3_lubelskie_Anita_Makarska-Gurgacz_OK-1-1400x990.jpg 1400w, https:\/\/mousepad24.eu\/wp-content\/uploads\/2025\/03\/FE_plakat_A3_lubelskie_Anita_Makarska-Gurgacz_OK-1-1600x1132.jpg 1600w, https:\/\/mousepad24.eu\/wp-content\/uploads\/2025\/03\/FE_plakat_A3_lubelskie_Anita_Makarska-Gurgacz_OK-1-64x45.jpg 64w\" sizes=\"(max-width: 2480px) 100vw, 2480px\" \/><figcaption class=\"wp-caption-text\">Kofinanziert von der Europ\u00e4ischen Union<\/figcaption><\/figure>\n<p style=\"text-align: center;\">Im Rahmen des Projekts:<br \/>\n&#8220;Unternehmensentwicklung durch Internationalisierung und Einf\u00fchrung von Werbeprodukten auf ausl\u00e4ndischen M\u00e4rkten&#8221; haben wir an den folgenden Messen teilgenommen:<\/p>\n<p><a href=\"https:\/\/www.psi-messe.com\/en-gb.html#\/\">PSI D\u00fcsseldorf 2024<\/a><br \/>\n<a href=\"https:\/\/promoshow.pl\">Promo Show Warschau 2024<\/a><br \/>\n<a href=\"https:\/\/www.salon-ctco.com\/en\/\">CTCO Lyon 2025<\/a><\/p>\n<ol>\n<li>Projekt Nr. <strong>02.07-IP.01-0043\/23<\/strong><\/li>\n<li>Titel:<strong> Unternehmensentwicklung durch Internationalisierung und Einf\u00fchrung von Werbeprodukten auf ausl\u00e4ndischen M\u00e4rkten<\/strong><\/li>\n<li>Umfang des Projekts:<strong> Einf\u00fchrung von Werbeartikeln in Form von ergonomischen Mauspads mit personalisiertem Aufdruck als Werbegadget auf ausl\u00e4ndischen M\u00e4rkten dank der Teilnahme des Unternehmens an einer internationalen Messe f\u00fcr Werbeartikel:<\/strong><\/li>\n<\/ol>\n<ul>\n<li><strong>PSI-Messe &#8216;Promotional Product Service Institute&#8217; D\u00fcsseldorf (9.-11. Januar 2024),<\/strong><\/li>\n<li><strong>Promo Show Warschau, (14-15 Februar 2024),<\/strong><\/li>\n<li><strong>CTCO-Messe &#8216;Salon du Cadeau et de l&#8217;Objet&#8217; Lyon, (Februar 2025).<\/strong><\/li>\n<\/ul>\n<p><strong>Die Teilnahme an Messen wird dazu beitragen, die Beteiligung des Unternehmens an ausl\u00e4ndischen M\u00e4rkten (Deutschland, Frankreich, \u00d6sterreich, Tschechische Republik, Litauen, Belgien und die Niederlande) zu erweitern und neue ausl\u00e4ndische M\u00e4rkte zu erschlie\u00dfen. Es werden zahlreiche Kontakte mit ausl\u00e4ndischen Kunden gekn\u00fcpft, die zum Abschluss neuer Gesch\u00e4ftsvertr\u00e4ge f\u00fchren werden. <\/strong><\/p>\n<ol start=\"4\">\n<li>Projektziel:<strong> Internationalisierung der Gesch\u00e4ftsaktivit\u00e4ten von Anita Makakarska-Gurgacz zur Steigerung der Exporte von Produkten und Dienstleistungen.<\/strong><\/li>\n<li>Wert des Projekts: <strong>168.880,61 PLN <\/strong> <\/li>\n<li>EU-Kofinanzierung:<strong> 72 351,22 PLN<\/strong><\/li>\n<li>Zielgruppe: <strong>KMU aus der Woiwodschaft Lubelskie und ihre Mitarbeiter.<\/strong><\/li>\n<\/ol>\n","protected":false},"excerpt":{"rendered":"<p>Im Rahmen des Projekts: &#8220;Unternehmensentwicklung durch Internationalisierung und Einf\u00fchrung von Werbeprodukten auf ausl\u00e4ndischen M\u00e4rkten&#8221; haben wir an den folgenden Messen teilgenommen: PSI D\u00fcsseldorf 2024 Promo Show Warschau 2024 CTCO Lyon 2025 Projekt Nr. 02.07-IP.01-0043\/23 Titel: Unternehmensentwicklung durch Internationalisierung und Einf\u00fchrung von Werbeprodukten auf ausl\u00e4ndischen M\u00e4rkten Umfang des Projekts: Einf\u00fchrung von Werbeartikeln in Form von ergonomischen [&hellip;]<\/p>\n","protected":false},"author":138,"featured_media":0,"parent":65748,"menu_order":0,"comment_status":"closed","ping_status":"closed","template":"elementor_header_footer","meta":{"footnotes":""},"class_list":["post-63263","page","type-page","status-publish","hentry","fpd-variation-needed"],"yoast_head":"<!-- This site is optimized with the Yoast SEO plugin v27.4 - https:\/\/yoast.com\/product\/yoast-seo-wordpress\/ -->\n<title>Finanzierung 72 351,22 PLN - MousePad24.eu<\/title>\n<meta name=\"robots\" content=\"index, follow, max-snippet:-1, max-image-preview:large, max-video-preview:-1\" \/>\n<meta property=\"og:locale\" content=\"de_DE\" \/>\n<meta property=\"og:type\" content=\"article\" \/>\n<meta property=\"og:title\" content=\"Finanzierung 72 351,22 PLN - MousePad24.eu\" \/>\n<meta property=\"og:description\" content=\"Im Rahmen des Projekts: &#8220;Unternehmensentwicklung durch Internationalisierung und Einf\u00fchrung von Werbeprodukten auf ausl\u00e4ndischen M\u00e4rkten&#8221; haben wir an den folgenden Messen teilgenommen: PSI D\u00fcsseldorf 2024 Promo Show Warschau 2024 CTCO Lyon 2025 Projekt Nr. 02.07-IP.01-0043\/23 Titel: Unternehmensentwicklung durch Internationalisierung und Einf\u00fchrung von Werbeprodukten auf ausl\u00e4ndischen M\u00e4rkten Umfang des Projekts: Einf\u00fchrung von Werbeartikeln in Form von ergonomischen [&hellip;]\" \/>\n<meta property=\"og:url\" content=\"https:\/\/mousepad24.eu\/de\/finanzierung-2\/dofinansowanie-3\/\" \/>\n<meta property=\"og:site_name\" content=\"MousePad24.eu\" \/>\n<meta property=\"article:publisher\" content=\"https:\/\/www.facebook.com\/mousepad24\/\" \/>\n<meta property=\"article:modified_time\" content=\"2025-07-16T11:00:55+00:00\" \/>\n<meta property=\"og:image\" content=\"https:\/\/mousepad24.eu\/wp-content\/uploads\/2025\/03\/FE_plakat_A3_lubelskie_Anita_Makarska-Gurgacz_OK-1.jpg\" \/>\n\t<meta property=\"og:image:width\" content=\"2480\" \/>\n\t<meta property=\"og:image:height\" content=\"1754\" \/>\n\t<meta property=\"og:image:type\" content=\"image\/jpeg\" \/>\n<meta name=\"twitter:card\" content=\"summary_large_image\" \/>\n<meta name=\"twitter:label1\" content=\"Gesch\u00e4tzte Lesezeit\" \/>\n\t<meta name=\"twitter:data1\" content=\"1\u00a0Minute\" \/>\n<script type=\"application\/ld+json\" class=\"yoast-schema-graph\">{\"@context\":\"https:\\\/\\\/schema.org\",\"@graph\":[{\"@type\":\"WebPage\",\"@id\":\"https:\\\/\\\/mousepad24.eu\\\/de\\\/finanzierung-2\\\/dofinansowanie-3\\\/\",\"url\":\"https:\\\/\\\/mousepad24.eu\\\/de\\\/finanzierung-2\\\/dofinansowanie-3\\\/\",\"name\":\"Finanzierung 72 351,22 PLN - MousePad24.eu\",\"isPartOf\":{\"@id\":\"https:\\\/\\\/mousepad24.eu\\\/#website\"},\"primaryImageOfPage\":{\"@id\":\"https:\\\/\\\/mousepad24.eu\\\/de\\\/finanzierung-2\\\/dofinansowanie-3\\\/#primaryimage\"},\"image\":{\"@id\":\"https:\\\/\\\/mousepad24.eu\\\/de\\\/finanzierung-2\\\/dofinansowanie-3\\\/#primaryimage\"},\"thumbnailUrl\":\"https:\\\/\\\/mousepad24.eu\\\/wp-content\\\/uploads\\\/2025\\\/03\\\/FE_plakat_A3_lubelskie_Anita_Makarska-Gurgacz_OK-1.jpg\",\"datePublished\":\"2024-04-23T07:54:17+00:00\",\"dateModified\":\"2025-07-16T11:00:55+00:00\",\"breadcrumb\":{\"@id\":\"https:\\\/\\\/mousepad24.eu\\\/de\\\/finanzierung-2\\\/dofinansowanie-3\\\/#breadcrumb\"},\"inLanguage\":\"de\",\"potentialAction\":[{\"@type\":\"ReadAction\",\"target\":[\"https:\\\/\\\/mousepad24.eu\\\/de\\\/finanzierung-2\\\/dofinansowanie-3\\\/\"]}]},{\"@type\":\"ImageObject\",\"inLanguage\":\"de\",\"@id\":\"https:\\\/\\\/mousepad24.eu\\\/de\\\/finanzierung-2\\\/dofinansowanie-3\\\/#primaryimage\",\"url\":\"https:\\\/\\\/mousepad24.eu\\\/wp-content\\\/uploads\\\/2025\\\/03\\\/FE_plakat_A3_lubelskie_Anita_Makarska-Gurgacz_OK-1.jpg\",\"contentUrl\":\"https:\\\/\\\/mousepad24.eu\\\/wp-content\\\/uploads\\\/2025\\\/03\\\/FE_plakat_A3_lubelskie_Anita_Makarska-Gurgacz_OK-1.jpg\"},{\"@type\":\"BreadcrumbList\",\"@id\":\"https:\\\/\\\/mousepad24.eu\\\/de\\\/finanzierung-2\\\/dofinansowanie-3\\\/#breadcrumb\",\"itemListElement\":[{\"@type\":\"ListItem\",\"position\":1,\"name\":\"Startseite\",\"item\":\"https:\\\/\\\/mousepad24.eu\\\/de\\\/\"},{\"@type\":\"ListItem\",\"position\":2,\"name\":\"Finanzierung\",\"item\":\"https:\\\/\\\/mousepad24.eu\\\/de\\\/finanzierung-2\\\/\"},{\"@type\":\"ListItem\",\"position\":3,\"name\":\"Finanzierung 72 351,22 PLN\"}]},{\"@type\":\"WebSite\",\"@id\":\"https:\\\/\\\/mousepad24.eu\\\/#website\",\"url\":\"https:\\\/\\\/mousepad24.eu\\\/\",\"name\":\"MousePad24.eu\",\"description\":\"{:en}Personalizowane podk\u0142adki pod mysz{:}{:pl}Personalised Mouse Pads{:}{:de}Werbe MousePads{:}\",\"publisher\":{\"@id\":\"https:\\\/\\\/mousepad24.eu\\\/#organization\"},\"potentialAction\":[{\"@type\":\"SearchAction\",\"target\":{\"@type\":\"EntryPoint\",\"urlTemplate\":\"https:\\\/\\\/mousepad24.eu\\\/?s={search_term_string}\"},\"query-input\":{\"@type\":\"PropertyValueSpecification\",\"valueRequired\":true,\"valueName\":\"search_term_string\"}}],\"inLanguage\":\"de\"},{\"@type\":\"Organization\",\"@id\":\"https:\\\/\\\/mousepad24.eu\\\/#organization\",\"name\":\"MousePad24.eu\",\"url\":\"https:\\\/\\\/mousepad24.eu\\\/\",\"logo\":{\"@type\":\"ImageObject\",\"inLanguage\":\"de\",\"@id\":\"https:\\\/\\\/mousepad24.eu\\\/#\\\/schema\\\/logo\\\/image\\\/\",\"url\":\"https:\\\/\\\/mousepad24.eu\\\/wp-content\\\/uploads\\\/2022\\\/12\\\/MOUSEPAD24_logo_curv_OK-1.png\",\"contentUrl\":\"https:\\\/\\\/mousepad24.eu\\\/wp-content\\\/uploads\\\/2022\\\/12\\\/MOUSEPAD24_logo_curv_OK-1.png\",\"width\":1024,\"height\":75,\"caption\":\"MousePad24.eu\"},\"image\":{\"@id\":\"https:\\\/\\\/mousepad24.eu\\\/#\\\/schema\\\/logo\\\/image\\\/\"},\"sameAs\":[\"https:\\\/\\\/www.facebook.com\\\/mousepad24\\\/\",\"https:\\\/\\\/www.instagram.com\\\/mousepad24.eu\\\/\",\"https:\\\/\\\/www.linkedin.com\\\/company\\\/podkladki24-mousepad24\\\/\"]}]}<\/script>\n<!-- \/ Yoast SEO plugin. -->","yoast_head_json":{"title":"Finanzierung 72 351,22 PLN - MousePad24.eu","robots":{"index":"index","follow":"follow","max-snippet":"max-snippet:-1","max-image-preview":"max-image-preview:large","max-video-preview":"max-video-preview:-1"},"og_locale":"de_DE","og_type":"article","og_title":"Finanzierung 72 351,22 PLN - MousePad24.eu","og_description":"Im Rahmen des Projekts: &#8220;Unternehmensentwicklung durch Internationalisierung und Einf\u00fchrung von Werbeprodukten auf ausl\u00e4ndischen M\u00e4rkten&#8221; haben wir an den folgenden Messen teilgenommen: PSI D\u00fcsseldorf 2024 Promo Show Warschau 2024 CTCO Lyon 2025 Projekt Nr. 02.07-IP.01-0043\/23 Titel: Unternehmensentwicklung durch Internationalisierung und Einf\u00fchrung von Werbeprodukten auf ausl\u00e4ndischen M\u00e4rkten Umfang des Projekts: Einf\u00fchrung von Werbeartikeln in Form von ergonomischen [&hellip;]","og_url":"https:\/\/mousepad24.eu\/de\/finanzierung-2\/dofinansowanie-3\/","og_site_name":"MousePad24.eu","article_publisher":"https:\/\/www.facebook.com\/mousepad24\/","article_modified_time":"2025-07-16T11:00:55+00:00","og_image":[{"width":2480,"height":1754,"url":"https:\/\/mousepad24.eu\/wp-content\/uploads\/2025\/03\/FE_plakat_A3_lubelskie_Anita_Makarska-Gurgacz_OK-1.jpg","type":"image\/jpeg"}],"twitter_card":"summary_large_image","twitter_misc":{"Gesch\u00e4tzte Lesezeit":"1\u00a0Minute"},"schema":{"@context":"https:\/\/schema.org","@graph":[{"@type":"WebPage","@id":"https:\/\/mousepad24.eu\/de\/finanzierung-2\/dofinansowanie-3\/","url":"https:\/\/mousepad24.eu\/de\/finanzierung-2\/dofinansowanie-3\/","name":"Finanzierung 72 351,22 PLN - MousePad24.eu","isPartOf":{"@id":"https:\/\/mousepad24.eu\/#website"},"primaryImageOfPage":{"@id":"https:\/\/mousepad24.eu\/de\/finanzierung-2\/dofinansowanie-3\/#primaryimage"},"image":{"@id":"https:\/\/mousepad24.eu\/de\/finanzierung-2\/dofinansowanie-3\/#primaryimage"},"thumbnailUrl":"https:\/\/mousepad24.eu\/wp-content\/uploads\/2025\/03\/FE_plakat_A3_lubelskie_Anita_Makarska-Gurgacz_OK-1.jpg","datePublished":"2024-04-23T07:54:17+00:00","dateModified":"2025-07-16T11:00:55+00:00","breadcrumb":{"@id":"https:\/\/mousepad24.eu\/de\/finanzierung-2\/dofinansowanie-3\/#breadcrumb"},"inLanguage":"de","potentialAction":[{"@type":"ReadAction","target":["https:\/\/mousepad24.eu\/de\/finanzierung-2\/dofinansowanie-3\/"]}]},{"@type":"ImageObject","inLanguage":"de","@id":"https:\/\/mousepad24.eu\/de\/finanzierung-2\/dofinansowanie-3\/#primaryimage","url":"https:\/\/mousepad24.eu\/wp-content\/uploads\/2025\/03\/FE_plakat_A3_lubelskie_Anita_Makarska-Gurgacz_OK-1.jpg","contentUrl":"https:\/\/mousepad24.eu\/wp-content\/uploads\/2025\/03\/FE_plakat_A3_lubelskie_Anita_Makarska-Gurgacz_OK-1.jpg"},{"@type":"BreadcrumbList","@id":"https:\/\/mousepad24.eu\/de\/finanzierung-2\/dofinansowanie-3\/#breadcrumb","itemListElement":[{"@type":"ListItem","position":1,"name":"Startseite","item":"https:\/\/mousepad24.eu\/de\/"},{"@type":"ListItem","position":2,"name":"Finanzierung","item":"https:\/\/mousepad24.eu\/de\/finanzierung-2\/"},{"@type":"ListItem","position":3,"name":"Finanzierung 72 351,22 PLN"}]},{"@type":"WebSite","@id":"https:\/\/mousepad24.eu\/#website","url":"https:\/\/mousepad24.eu\/","name":"MousePad24.eu","description":"{:en}Personalizowane podk\u0142adki pod mysz{:}{:pl}Personalised Mouse Pads{:}{:de}Werbe MousePads{:}","publisher":{"@id":"https:\/\/mousepad24.eu\/#organization"},"potentialAction":[{"@type":"SearchAction","target":{"@type":"EntryPoint","urlTemplate":"https:\/\/mousepad24.eu\/?s={search_term_string}"},"query-input":{"@type":"PropertyValueSpecification","valueRequired":true,"valueName":"search_term_string"}}],"inLanguage":"de"},{"@type":"Organization","@id":"https:\/\/mousepad24.eu\/#organization","name":"MousePad24.eu","url":"https:\/\/mousepad24.eu\/","logo":{"@type":"ImageObject","inLanguage":"de","@id":"https:\/\/mousepad24.eu\/#\/schema\/logo\/image\/","url":"https:\/\/mousepad24.eu\/wp-content\/uploads\/2022\/12\/MOUSEPAD24_logo_curv_OK-1.png","contentUrl":"https:\/\/mousepad24.eu\/wp-content\/uploads\/2022\/12\/MOUSEPAD24_logo_curv_OK-1.png","width":1024,"height":75,"caption":"MousePad24.eu"},"image":{"@id":"https:\/\/mousepad24.eu\/#\/schema\/logo\/image\/"},"sameAs":["https:\/\/www.facebook.com\/mousepad24\/","https:\/\/www.instagram.com\/mousepad24.eu\/","https:\/\/www.linkedin.com\/company\/podkladki24-mousepad24\/"]}]}},"_links":{"self":[{"href":"https:\/\/mousepad24.eu\/de\/wp-json\/wp\/v2\/pages\/63263","targetHints":{"allow":["GET"]}}],"collection":[{"href":"https:\/\/mousepad24.eu\/de\/wp-json\/wp\/v2\/pages"}],"about":[{"href":"https:\/\/mousepad24.eu\/de\/wp-json\/wp\/v2\/types\/page"}],"author":[{"embeddable":true,"href":"https:\/\/mousepad24.eu\/de\/wp-json\/wp\/v2\/users\/138"}],"replies":[{"embeddable":true,"href":"https:\/\/mousepad24.eu\/de\/wp-json\/wp\/v2\/comments?post=63263"}],"version-history":[{"count":0,"href":"https:\/\/mousepad24.eu\/de\/wp-json\/wp\/v2\/pages\/63263\/revisions"}],"up":[{"embeddable":true,"href":"https:\/\/mousepad24.eu\/de\/wp-json\/wp\/v2\/pages\/65748"}],"wp:attachment":[{"href":"https:\/\/mousepad24.eu\/de\/wp-json\/wp\/v2\/media?parent=63263"}],"curies":[{"name":"wp","href":"https:\/\/api.w.org\/{rel}","templated":true}]}}