{"id":65736,"date":"2025-03-07T19:35:21","date_gmt":"2025-03-07T18:35:21","guid":{"rendered":"https:\/\/jnpnki27nc.onrocket.site\/finanzierung-43-11770-pln\/"},"modified":"2025-07-16T12:46:55","modified_gmt":"2025-07-16T10:46:55","slug":"finanzierung-43-11770-pln","status":"publish","type":"page","link":"https:\/\/mousepad24.eu\/de\/finanzierung-2\/finanzierung-43-11770-pln\/","title":{"rendered":"Finanzierung 43 117,70 PLN"},"content":{"rendered":"<figure id=\"attachment_63283\" class=\"wp-caption alignnone\" ><img fetchpriority=\"high\" decoding=\"async\" src=\"https:\/\/mousepad24.eu\/wp-content\/uploads\/2025\/03\/FE_plakat_A3_lubelskie_Anita_Makarska-Gurgacz_etap_II.jpg\" alt=\"Kofinanziert von der Europ\u00e4ischen Union\" width=\"2480\" height=\"1754\"><figcaption class=\"wp-caption-text\">Kofinanziert von der Europ\u00e4ischen Union<\/figcaption><\/figure>\n<p style=\"text-align: center;\">Im Rahmen des Projekts:<br \/>\n&#8220;Unternehmensentwicklung durch Internationalisierung und Einf\u00fchrung von Werbeprodukten auf ausl\u00e4ndischen M\u00e4rkten&#8221; haben wir an den folgenden Messen teilgenommen:<\/p>\n<p>Als Teil des Projekts: &#8220;Entwicklung des Unternehmens durch Internationalisierung und Einf\u00fchrung von Werbeprodukten auf ausl\u00e4ndischen M\u00e4rkten &#8211; Phase II&#8221;.<\/p>\n<p style=\"text-align: center;\">pr\u00e4sentierte unser Unternehmen seine Produkte auf der Messe:<\/p>\n<p>&#8211;  <a href=\"https:\/\/festiwalmarketingu.pl\">Festival of Marketing, Warschau 2024<\/a><br \/>\n&#8211; <a href=\"https:\/\/promoshow.pl\">Promo Show Warschau 2525<\/a><br \/>\nAuch wir bereiten uns auf die Veranstaltung vor:<br \/>\n<a href=\"https:\/\/markeding.at\">Marke[ding] Wien 2025<\/a><\/p>\n","protected":false},"excerpt":{"rendered":"<p>Im Rahmen des Projekts: &#8220;Unternehmensentwicklung durch Internationalisierung und Einf\u00fchrung von Werbeprodukten auf ausl\u00e4ndischen M\u00e4rkten&#8221; haben wir an den folgenden Messen teilgenommen: Als Teil des Projekts: &#8220;Entwicklung des Unternehmens durch Internationalisierung und Einf\u00fchrung von Werbeprodukten auf ausl\u00e4ndischen M\u00e4rkten &#8211; Phase II&#8221;. pr\u00e4sentierte unser Unternehmen seine Produkte auf der Messe: &#8211; Festival of Marketing, Warschau 2024 &#8211; [&hellip;]<\/p>\n","protected":false},"author":102,"featured_media":0,"parent":65748,"menu_order":0,"comment_status":"closed","ping_status":"closed","template":"elementor_header_footer","meta":{"footnotes":""},"class_list":["post-65736","page","type-page","status-publish","hentry","fpd-variation-needed"],"yoast_head":"<!-- This site is optimized with the Yoast SEO plugin v27.3 - https:\/\/yoast.com\/product\/yoast-seo-wordpress\/ -->\n<title>Finanzierung 43 117,70 PLN - MousePad24.eu<\/title>\n<meta name=\"robots\" content=\"index, follow, max-snippet:-1, max-image-preview:large, max-video-preview:-1\" \/>\n<meta property=\"og:locale\" content=\"de_DE\" \/>\n<meta property=\"og:type\" content=\"article\" \/>\n<meta property=\"og:title\" content=\"Finanzierung 43 117,70 PLN - MousePad24.eu\" \/>\n<meta property=\"og:description\" content=\"Im Rahmen des Projekts: &#8220;Unternehmensentwicklung durch Internationalisierung und Einf\u00fchrung von Werbeprodukten auf ausl\u00e4ndischen M\u00e4rkten&#8221; haben wir an den folgenden Messen teilgenommen: Als Teil des Projekts: &#8220;Entwicklung des Unternehmens durch Internationalisierung und Einf\u00fchrung von Werbeprodukten auf ausl\u00e4ndischen M\u00e4rkten &#8211; Phase II&#8221;. pr\u00e4sentierte unser Unternehmen seine Produkte auf der Messe: &#8211; Festival of Marketing, Warschau 2024 &#8211; [&hellip;]\" \/>\n<meta property=\"og:url\" content=\"https:\/\/mousepad24.eu\/de\/finanzierung-2\/finanzierung-43-11770-pln\/\" \/>\n<meta property=\"og:site_name\" content=\"MousePad24.eu\" \/>\n<meta property=\"article:publisher\" content=\"https:\/\/www.facebook.com\/mousepad24\/\" \/>\n<meta property=\"article:modified_time\" content=\"2025-07-16T10:46:55+00:00\" \/>\n<meta property=\"og:image\" content=\"https:\/\/mousepad24.eu\/wp-content\/uploads\/2025\/03\/FE_plakat_A3_lubelskie_Anita_Makarska-Gurgacz_etap_II.jpg\" \/>\n<meta name=\"twitter:card\" content=\"summary_large_image\" \/>\n<script type=\"application\/ld+json\" class=\"yoast-schema-graph\">{\"@context\":\"https:\\\/\\\/schema.org\",\"@graph\":[{\"@type\":\"WebPage\",\"@id\":\"https:\\\/\\\/mousepad24.eu\\\/de\\\/finanzierung-2\\\/finanzierung-43-11770-pln\\\/\",\"url\":\"https:\\\/\\\/mousepad24.eu\\\/de\\\/finanzierung-2\\\/finanzierung-43-11770-pln\\\/\",\"name\":\"Finanzierung 43 117,70 PLN - MousePad24.eu\",\"isPartOf\":{\"@id\":\"https:\\\/\\\/mousepad24.eu\\\/#website\"},\"primaryImageOfPage\":{\"@id\":\"https:\\\/\\\/mousepad24.eu\\\/de\\\/finanzierung-2\\\/finanzierung-43-11770-pln\\\/#primaryimage\"},\"image\":{\"@id\":\"https:\\\/\\\/mousepad24.eu\\\/de\\\/finanzierung-2\\\/finanzierung-43-11770-pln\\\/#primaryimage\"},\"thumbnailUrl\":\"https:\\\/\\\/mousepad24.eu\\\/wp-content\\\/uploads\\\/2025\\\/03\\\/FE_plakat_A3_lubelskie_Anita_Makarska-Gurgacz_etap_II.jpg\",\"datePublished\":\"2025-03-07T18:35:21+00:00\",\"dateModified\":\"2025-07-16T10:46:55+00:00\",\"breadcrumb\":{\"@id\":\"https:\\\/\\\/mousepad24.eu\\\/de\\\/finanzierung-2\\\/finanzierung-43-11770-pln\\\/#breadcrumb\"},\"inLanguage\":\"de\",\"potentialAction\":[{\"@type\":\"ReadAction\",\"target\":[\"https:\\\/\\\/mousepad24.eu\\\/de\\\/finanzierung-2\\\/finanzierung-43-11770-pln\\\/\"]}]},{\"@type\":\"ImageObject\",\"inLanguage\":\"de\",\"@id\":\"https:\\\/\\\/mousepad24.eu\\\/de\\\/finanzierung-2\\\/finanzierung-43-11770-pln\\\/#primaryimage\",\"url\":\"https:\\\/\\\/mousepad24.eu\\\/wp-content\\\/uploads\\\/2025\\\/03\\\/FE_plakat_A3_lubelskie_Anita_Makarska-Gurgacz_etap_II.jpg\",\"contentUrl\":\"https:\\\/\\\/mousepad24.eu\\\/wp-content\\\/uploads\\\/2025\\\/03\\\/FE_plakat_A3_lubelskie_Anita_Makarska-Gurgacz_etap_II.jpg\"},{\"@type\":\"BreadcrumbList\",\"@id\":\"https:\\\/\\\/mousepad24.eu\\\/de\\\/finanzierung-2\\\/finanzierung-43-11770-pln\\\/#breadcrumb\",\"itemListElement\":[{\"@type\":\"ListItem\",\"position\":1,\"name\":\"Startseite\",\"item\":\"https:\\\/\\\/mousepad24.eu\\\/de\\\/\"},{\"@type\":\"ListItem\",\"position\":2,\"name\":\"Finanzierung\",\"item\":\"https:\\\/\\\/mousepad24.eu\\\/de\\\/finanzierung-2\\\/\"},{\"@type\":\"ListItem\",\"position\":3,\"name\":\"Finanzierung 43 117,70 PLN\"}]},{\"@type\":\"WebSite\",\"@id\":\"https:\\\/\\\/mousepad24.eu\\\/#website\",\"url\":\"https:\\\/\\\/mousepad24.eu\\\/\",\"name\":\"MousePad24.eu\",\"description\":\"{:en}Personalizowane podk\u0142adki pod mysz{:}{:pl}Personalised Mouse Pads{:}{:de}Werbe MousePads{:}\",\"publisher\":{\"@id\":\"https:\\\/\\\/mousepad24.eu\\\/#organization\"},\"potentialAction\":[{\"@type\":\"SearchAction\",\"target\":{\"@type\":\"EntryPoint\",\"urlTemplate\":\"https:\\\/\\\/mousepad24.eu\\\/?s={search_term_string}\"},\"query-input\":{\"@type\":\"PropertyValueSpecification\",\"valueRequired\":true,\"valueName\":\"search_term_string\"}}],\"inLanguage\":\"de\"},{\"@type\":\"Organization\",\"@id\":\"https:\\\/\\\/mousepad24.eu\\\/#organization\",\"name\":\"MousePad24.eu\",\"url\":\"https:\\\/\\\/mousepad24.eu\\\/\",\"logo\":{\"@type\":\"ImageObject\",\"inLanguage\":\"de\",\"@id\":\"https:\\\/\\\/mousepad24.eu\\\/#\\\/schema\\\/logo\\\/image\\\/\",\"url\":\"https:\\\/\\\/mousepad24.eu\\\/wp-content\\\/uploads\\\/2022\\\/12\\\/MOUSEPAD24_logo_curv_OK-1.png\",\"contentUrl\":\"https:\\\/\\\/mousepad24.eu\\\/wp-content\\\/uploads\\\/2022\\\/12\\\/MOUSEPAD24_logo_curv_OK-1.png\",\"width\":1024,\"height\":75,\"caption\":\"MousePad24.eu\"},\"image\":{\"@id\":\"https:\\\/\\\/mousepad24.eu\\\/#\\\/schema\\\/logo\\\/image\\\/\"},\"sameAs\":[\"https:\\\/\\\/www.facebook.com\\\/mousepad24\\\/\",\"https:\\\/\\\/www.instagram.com\\\/mousepad24.eu\\\/\",\"https:\\\/\\\/www.linkedin.com\\\/company\\\/podkladki24-mousepad24\\\/\"]}]}<\/script>\n<!-- \/ Yoast SEO plugin. -->","yoast_head_json":{"title":"Finanzierung 43 117,70 PLN - MousePad24.eu","robots":{"index":"index","follow":"follow","max-snippet":"max-snippet:-1","max-image-preview":"max-image-preview:large","max-video-preview":"max-video-preview:-1"},"og_locale":"de_DE","og_type":"article","og_title":"Finanzierung 43 117,70 PLN - MousePad24.eu","og_description":"Im Rahmen des Projekts: &#8220;Unternehmensentwicklung durch Internationalisierung und Einf\u00fchrung von Werbeprodukten auf ausl\u00e4ndischen M\u00e4rkten&#8221; haben wir an den folgenden Messen teilgenommen: Als Teil des Projekts: &#8220;Entwicklung des Unternehmens durch Internationalisierung und Einf\u00fchrung von Werbeprodukten auf ausl\u00e4ndischen M\u00e4rkten &#8211; Phase II&#8221;. pr\u00e4sentierte unser Unternehmen seine Produkte auf der Messe: &#8211; Festival of Marketing, Warschau 2024 &#8211; [&hellip;]","og_url":"https:\/\/mousepad24.eu\/de\/finanzierung-2\/finanzierung-43-11770-pln\/","og_site_name":"MousePad24.eu","article_publisher":"https:\/\/www.facebook.com\/mousepad24\/","article_modified_time":"2025-07-16T10:46:55+00:00","og_image":[{"url":"https:\/\/mousepad24.eu\/wp-content\/uploads\/2025\/03\/FE_plakat_A3_lubelskie_Anita_Makarska-Gurgacz_etap_II.jpg","type":"","width":"","height":""}],"twitter_card":"summary_large_image","schema":{"@context":"https:\/\/schema.org","@graph":[{"@type":"WebPage","@id":"https:\/\/mousepad24.eu\/de\/finanzierung-2\/finanzierung-43-11770-pln\/","url":"https:\/\/mousepad24.eu\/de\/finanzierung-2\/finanzierung-43-11770-pln\/","name":"Finanzierung 43 117,70 PLN - MousePad24.eu","isPartOf":{"@id":"https:\/\/mousepad24.eu\/#website"},"primaryImageOfPage":{"@id":"https:\/\/mousepad24.eu\/de\/finanzierung-2\/finanzierung-43-11770-pln\/#primaryimage"},"image":{"@id":"https:\/\/mousepad24.eu\/de\/finanzierung-2\/finanzierung-43-11770-pln\/#primaryimage"},"thumbnailUrl":"https:\/\/mousepad24.eu\/wp-content\/uploads\/2025\/03\/FE_plakat_A3_lubelskie_Anita_Makarska-Gurgacz_etap_II.jpg","datePublished":"2025-03-07T18:35:21+00:00","dateModified":"2025-07-16T10:46:55+00:00","breadcrumb":{"@id":"https:\/\/mousepad24.eu\/de\/finanzierung-2\/finanzierung-43-11770-pln\/#breadcrumb"},"inLanguage":"de","potentialAction":[{"@type":"ReadAction","target":["https:\/\/mousepad24.eu\/de\/finanzierung-2\/finanzierung-43-11770-pln\/"]}]},{"@type":"ImageObject","inLanguage":"de","@id":"https:\/\/mousepad24.eu\/de\/finanzierung-2\/finanzierung-43-11770-pln\/#primaryimage","url":"https:\/\/mousepad24.eu\/wp-content\/uploads\/2025\/03\/FE_plakat_A3_lubelskie_Anita_Makarska-Gurgacz_etap_II.jpg","contentUrl":"https:\/\/mousepad24.eu\/wp-content\/uploads\/2025\/03\/FE_plakat_A3_lubelskie_Anita_Makarska-Gurgacz_etap_II.jpg"},{"@type":"BreadcrumbList","@id":"https:\/\/mousepad24.eu\/de\/finanzierung-2\/finanzierung-43-11770-pln\/#breadcrumb","itemListElement":[{"@type":"ListItem","position":1,"name":"Startseite","item":"https:\/\/mousepad24.eu\/de\/"},{"@type":"ListItem","position":2,"name":"Finanzierung","item":"https:\/\/mousepad24.eu\/de\/finanzierung-2\/"},{"@type":"ListItem","position":3,"name":"Finanzierung 43 117,70 PLN"}]},{"@type":"WebSite","@id":"https:\/\/mousepad24.eu\/#website","url":"https:\/\/mousepad24.eu\/","name":"MousePad24.eu","description":"{:en}Personalizowane podk\u0142adki pod mysz{:}{:pl}Personalised Mouse Pads{:}{:de}Werbe MousePads{:}","publisher":{"@id":"https:\/\/mousepad24.eu\/#organization"},"potentialAction":[{"@type":"SearchAction","target":{"@type":"EntryPoint","urlTemplate":"https:\/\/mousepad24.eu\/?s={search_term_string}"},"query-input":{"@type":"PropertyValueSpecification","valueRequired":true,"valueName":"search_term_string"}}],"inLanguage":"de"},{"@type":"Organization","@id":"https:\/\/mousepad24.eu\/#organization","name":"MousePad24.eu","url":"https:\/\/mousepad24.eu\/","logo":{"@type":"ImageObject","inLanguage":"de","@id":"https:\/\/mousepad24.eu\/#\/schema\/logo\/image\/","url":"https:\/\/mousepad24.eu\/wp-content\/uploads\/2022\/12\/MOUSEPAD24_logo_curv_OK-1.png","contentUrl":"https:\/\/mousepad24.eu\/wp-content\/uploads\/2022\/12\/MOUSEPAD24_logo_curv_OK-1.png","width":1024,"height":75,"caption":"MousePad24.eu"},"image":{"@id":"https:\/\/mousepad24.eu\/#\/schema\/logo\/image\/"},"sameAs":["https:\/\/www.facebook.com\/mousepad24\/","https:\/\/www.instagram.com\/mousepad24.eu\/","https:\/\/www.linkedin.com\/company\/podkladki24-mousepad24\/"]}]}},"_links":{"self":[{"href":"https:\/\/mousepad24.eu\/de\/wp-json\/wp\/v2\/pages\/65736","targetHints":{"allow":["GET"]}}],"collection":[{"href":"https:\/\/mousepad24.eu\/de\/wp-json\/wp\/v2\/pages"}],"about":[{"href":"https:\/\/mousepad24.eu\/de\/wp-json\/wp\/v2\/types\/page"}],"author":[{"embeddable":true,"href":"https:\/\/mousepad24.eu\/de\/wp-json\/wp\/v2\/users\/102"}],"replies":[{"embeddable":true,"href":"https:\/\/mousepad24.eu\/de\/wp-json\/wp\/v2\/comments?post=65736"}],"version-history":[{"count":0,"href":"https:\/\/mousepad24.eu\/de\/wp-json\/wp\/v2\/pages\/65736\/revisions"}],"up":[{"embeddable":true,"href":"https:\/\/mousepad24.eu\/de\/wp-json\/wp\/v2\/pages\/65748"}],"wp:attachment":[{"href":"https:\/\/mousepad24.eu\/de\/wp-json\/wp\/v2\/media?parent=65736"}],"curies":[{"name":"wp","href":"https:\/\/api.w.org\/{rel}","templated":true}]}}