{"id":45224,"date":"2023-04-18T12:22:38","date_gmt":"2023-04-18T10:22:38","guid":{"rendered":"https:\/\/jnpnki27nc.onrocket.site\/produkt\/sublimations-mauspad-sewn-edges\/"},"modified":"2026-03-24T13:07:41","modified_gmt":"2026-03-24T12:07:41","slug":"sublimations-mauspad-sewn-edges-subs-02","status":"publish","type":"product","link":"https:\/\/mousepad24.eu\/de\/produkt\/sublimations-mauspad-sewn-edges-subs-02\/","title":{"rendered":"Mauspad mit gen\u00e4hten Kanten \/SUBS (02)\/"},"content":{"rendered":"<div class=\"container\">\n<div class=\"left-div\" style=\"flex-grow: 1;\"><\/div>\n<div class=\"center-div\" style=\"width: 90%; background-color: white; position: relative;\"><\/div>\n<div class=\"right-div\" style=\"flex-grow: 1; background-color: white; margin-left: -18px; z-index: 100;\"><\/div>\n<\/div>\n","protected":false},"excerpt":{"rendered":"<p>Schwarzes Mauspad f\u00fcr den DTF-Druck. Das Pad ist oben mit weichem und angenehm anzufassendem Polyester bezogen und hat unten eine dicke, rutschfeste Gummischicht, deren Funktion die D\u00e4mpfung ist. Die gen\u00e4hten Kanten verbessern das Aussehen des Mauspads und erh\u00f6hen seine Haltbarkeit.  <\/p>\n","protected":false},"featured_media":49617,"template":"","meta":[],"product_brand":[],"product_cat":[549],"product_tag":[1468,1678,561,1331,1679],"class_list":{"0":"post-45224","1":"product","2":"type-product","3":"status-publish","4":"has-post-thumbnail","6":"product_cat-mauspads-mit-umnahten-kanten","7":"product_tag-farbiges-mauspad","8":"product_tag-firmen-mauspads-werbeartikel","9":"product_tag-mauspad","10":"product_tag-mauspad-fur-das-buro","11":"product_tag-werbeartikel-mit-logo","12":"fpd-variation-needed","14":"first","15":"instock","16":"taxable","17":"shipping-taxable","18":"purchasable","19":"product-type-variable"},"yoast_head":"<!-- This site is optimized with the Yoast SEO plugin v27.3 - https:\/\/yoast.com\/product\/yoast-seo-wordpress\/ -->\n<title>Mauspad mit gen\u00e4hten Kanten \/SUBS (02)\/ - MousePad24.eu<\/title>\n<meta name=\"robots\" content=\"index, follow, max-snippet:-1, max-image-preview:large, max-video-preview:-1\" \/>\n<meta property=\"og:locale\" content=\"de_DE\" \/>\n<meta property=\"og:type\" content=\"article\" \/>\n<meta property=\"og:title\" content=\"Mauspad mit gen\u00e4hten Kanten \/SUBS (02)\/ - MousePad24.eu\" \/>\n<meta property=\"og:description\" content=\"Schwarzes Mauspad f\u00fcr den DTF-Druck. Das Pad ist oben mit weichem und angenehm anzufassendem Polyester bezogen und hat unten eine dicke, rutschfeste Gummischicht, deren Funktion die D\u00e4mpfung ist. Die gen\u00e4hten Kanten verbessern das Aussehen des Mauspads und erh\u00f6hen seine Haltbarkeit.\" \/>\n<meta property=\"og:url\" content=\"https:\/\/mousepad24.eu\/de\/produkt\/sublimations-mauspad-sewn-edges-subs-02\/\" \/>\n<meta property=\"og:site_name\" content=\"MousePad24.eu\" \/>\n<meta property=\"article:publisher\" content=\"https:\/\/www.facebook.com\/mousepad24\/\" \/>\n<meta property=\"article:modified_time\" content=\"2026-03-24T12:07:41+00:00\" \/>\n<meta property=\"og:image\" content=\"https:\/\/mousepad24.eu\/wp-content\/uploads\/2023\/04\/subs-20-16-1.webp\" \/>\n\t<meta property=\"og:image:width\" content=\"2502\" \/>\n\t<meta property=\"og:image:height\" content=\"2502\" \/>\n\t<meta property=\"og:image:type\" content=\"image\/webp\" \/>\n<meta name=\"twitter:card\" content=\"summary_large_image\" \/>\n<meta name=\"twitter:label1\" content=\"Gesch\u00e4tzte Lesezeit\" \/>\n\t<meta name=\"twitter:data1\" content=\"1\u00a0Minute\" \/>\n<script type=\"application\/ld+json\" class=\"yoast-schema-graph\">{\"@context\":\"https:\\\/\\\/schema.org\",\"@graph\":[{\"@type\":\"WebPage\",\"@id\":\"https:\\\/\\\/mousepad24.eu\\\/de\\\/produkt\\\/sublimations-mauspad-sewn-edges-subs-02\\\/\",\"url\":\"https:\\\/\\\/mousepad24.eu\\\/de\\\/produkt\\\/sublimations-mauspad-sewn-edges-subs-02\\\/\",\"name\":\"Mauspad mit gen\u00e4hten Kanten \\\/SUBS (02)\\\/ - MousePad24.eu\",\"isPartOf\":{\"@id\":\"https:\\\/\\\/mousepad24.eu\\\/#website\"},\"primaryImageOfPage\":{\"@id\":\"https:\\\/\\\/mousepad24.eu\\\/de\\\/produkt\\\/sublimations-mauspad-sewn-edges-subs-02\\\/#primaryimage\"},\"image\":{\"@id\":\"https:\\\/\\\/mousepad24.eu\\\/de\\\/produkt\\\/sublimations-mauspad-sewn-edges-subs-02\\\/#primaryimage\"},\"thumbnailUrl\":\"https:\\\/\\\/mousepad24.eu\\\/wp-content\\\/uploads\\\/2023\\\/04\\\/subs-20-16-1.webp\",\"datePublished\":\"2023-04-18T10:22:38+00:00\",\"dateModified\":\"2026-03-24T12:07:41+00:00\",\"breadcrumb\":{\"@id\":\"https:\\\/\\\/mousepad24.eu\\\/de\\\/produkt\\\/sublimations-mauspad-sewn-edges-subs-02\\\/#breadcrumb\"},\"inLanguage\":\"de\",\"potentialAction\":[{\"@type\":\"ReadAction\",\"target\":[\"https:\\\/\\\/mousepad24.eu\\\/de\\\/produkt\\\/sublimations-mauspad-sewn-edges-subs-02\\\/\"]}]},{\"@type\":\"ImageObject\",\"inLanguage\":\"de\",\"@id\":\"https:\\\/\\\/mousepad24.eu\\\/de\\\/produkt\\\/sublimations-mauspad-sewn-edges-subs-02\\\/#primaryimage\",\"url\":\"https:\\\/\\\/mousepad24.eu\\\/wp-content\\\/uploads\\\/2023\\\/04\\\/subs-20-16-1.webp\",\"contentUrl\":\"https:\\\/\\\/mousepad24.eu\\\/wp-content\\\/uploads\\\/2023\\\/04\\\/subs-20-16-1.webp\",\"width\":2502,\"height\":2502},{\"@type\":\"BreadcrumbList\",\"@id\":\"https:\\\/\\\/mousepad24.eu\\\/de\\\/produkt\\\/sublimations-mauspad-sewn-edges-subs-02\\\/#breadcrumb\",\"itemListElement\":[{\"@type\":\"ListItem\",\"position\":1,\"name\":\"Startseite\",\"item\":\"https:\\\/\\\/mousepad24.eu\\\/de\\\/\"},{\"@type\":\"ListItem\",\"position\":2,\"name\":\"Shop\",\"item\":\"https:\\\/\\\/mousepad24.eu\\\/de\\\/\"},{\"@type\":\"ListItem\",\"position\":3,\"name\":\"Mauspad mit gen\u00e4hten Kanten \\\/SUBS (02)\\\/\"}]},{\"@type\":\"WebSite\",\"@id\":\"https:\\\/\\\/mousepad24.eu\\\/#website\",\"url\":\"https:\\\/\\\/mousepad24.eu\\\/\",\"name\":\"MousePad24.eu\",\"description\":\"{:en}Personalizowane podk\u0142adki pod mysz{:}{:pl}Personalised Mouse Pads{:}{:de}Werbe MousePads{:}\",\"publisher\":{\"@id\":\"https:\\\/\\\/mousepad24.eu\\\/#organization\"},\"potentialAction\":[{\"@type\":\"SearchAction\",\"target\":{\"@type\":\"EntryPoint\",\"urlTemplate\":\"https:\\\/\\\/mousepad24.eu\\\/?s={search_term_string}\"},\"query-input\":{\"@type\":\"PropertyValueSpecification\",\"valueRequired\":true,\"valueName\":\"search_term_string\"}}],\"inLanguage\":\"de\"},{\"@type\":\"Organization\",\"@id\":\"https:\\\/\\\/mousepad24.eu\\\/#organization\",\"name\":\"MousePad24.eu\",\"url\":\"https:\\\/\\\/mousepad24.eu\\\/\",\"logo\":{\"@type\":\"ImageObject\",\"inLanguage\":\"de\",\"@id\":\"https:\\\/\\\/mousepad24.eu\\\/#\\\/schema\\\/logo\\\/image\\\/\",\"url\":\"https:\\\/\\\/mousepad24.eu\\\/wp-content\\\/uploads\\\/2022\\\/12\\\/MOUSEPAD24_logo_curv_OK-1.png\",\"contentUrl\":\"https:\\\/\\\/mousepad24.eu\\\/wp-content\\\/uploads\\\/2022\\\/12\\\/MOUSEPAD24_logo_curv_OK-1.png\",\"width\":1024,\"height\":75,\"caption\":\"MousePad24.eu\"},\"image\":{\"@id\":\"https:\\\/\\\/mousepad24.eu\\\/#\\\/schema\\\/logo\\\/image\\\/\"},\"sameAs\":[\"https:\\\/\\\/www.facebook.com\\\/mousepad24\\\/\",\"https:\\\/\\\/www.instagram.com\\\/mousepad24.eu\\\/\",\"https:\\\/\\\/www.linkedin.com\\\/company\\\/podkladki24-mousepad24\\\/\"]}]}<\/script>\n<!-- \/ Yoast SEO plugin. -->","yoast_head_json":{"title":"Mauspad mit gen\u00e4hten Kanten \/SUBS (02)\/ - MousePad24.eu","robots":{"index":"index","follow":"follow","max-snippet":"max-snippet:-1","max-image-preview":"max-image-preview:large","max-video-preview":"max-video-preview:-1"},"og_locale":"de_DE","og_type":"article","og_title":"Mauspad mit gen\u00e4hten Kanten \/SUBS (02)\/ - MousePad24.eu","og_description":"Schwarzes Mauspad f\u00fcr den DTF-Druck. Das Pad ist oben mit weichem und angenehm anzufassendem Polyester bezogen und hat unten eine dicke, rutschfeste Gummischicht, deren Funktion die D\u00e4mpfung ist. Die gen\u00e4hten Kanten verbessern das Aussehen des Mauspads und erh\u00f6hen seine Haltbarkeit.","og_url":"https:\/\/mousepad24.eu\/de\/produkt\/sublimations-mauspad-sewn-edges-subs-02\/","og_site_name":"MousePad24.eu","article_publisher":"https:\/\/www.facebook.com\/mousepad24\/","article_modified_time":"2026-03-24T12:07:41+00:00","og_image":[{"width":2502,"height":2502,"url":"https:\/\/mousepad24.eu\/wp-content\/uploads\/2023\/04\/subs-20-16-1.webp","type":"image\/webp"}],"twitter_card":"summary_large_image","twitter_misc":{"Gesch\u00e4tzte Lesezeit":"1\u00a0Minute"},"schema":{"@context":"https:\/\/schema.org","@graph":[{"@type":"WebPage","@id":"https:\/\/mousepad24.eu\/de\/produkt\/sublimations-mauspad-sewn-edges-subs-02\/","url":"https:\/\/mousepad24.eu\/de\/produkt\/sublimations-mauspad-sewn-edges-subs-02\/","name":"Mauspad mit gen\u00e4hten Kanten \/SUBS (02)\/ - MousePad24.eu","isPartOf":{"@id":"https:\/\/mousepad24.eu\/#website"},"primaryImageOfPage":{"@id":"https:\/\/mousepad24.eu\/de\/produkt\/sublimations-mauspad-sewn-edges-subs-02\/#primaryimage"},"image":{"@id":"https:\/\/mousepad24.eu\/de\/produkt\/sublimations-mauspad-sewn-edges-subs-02\/#primaryimage"},"thumbnailUrl":"https:\/\/mousepad24.eu\/wp-content\/uploads\/2023\/04\/subs-20-16-1.webp","datePublished":"2023-04-18T10:22:38+00:00","dateModified":"2026-03-24T12:07:41+00:00","breadcrumb":{"@id":"https:\/\/mousepad24.eu\/de\/produkt\/sublimations-mauspad-sewn-edges-subs-02\/#breadcrumb"},"inLanguage":"de","potentialAction":[{"@type":"ReadAction","target":["https:\/\/mousepad24.eu\/de\/produkt\/sublimations-mauspad-sewn-edges-subs-02\/"]}]},{"@type":"ImageObject","inLanguage":"de","@id":"https:\/\/mousepad24.eu\/de\/produkt\/sublimations-mauspad-sewn-edges-subs-02\/#primaryimage","url":"https:\/\/mousepad24.eu\/wp-content\/uploads\/2023\/04\/subs-20-16-1.webp","contentUrl":"https:\/\/mousepad24.eu\/wp-content\/uploads\/2023\/04\/subs-20-16-1.webp","width":2502,"height":2502},{"@type":"BreadcrumbList","@id":"https:\/\/mousepad24.eu\/de\/produkt\/sublimations-mauspad-sewn-edges-subs-02\/#breadcrumb","itemListElement":[{"@type":"ListItem","position":1,"name":"Startseite","item":"https:\/\/mousepad24.eu\/de\/"},{"@type":"ListItem","position":2,"name":"Shop","item":"https:\/\/mousepad24.eu\/de\/"},{"@type":"ListItem","position":3,"name":"Mauspad mit gen\u00e4hten Kanten \/SUBS (02)\/"}]},{"@type":"WebSite","@id":"https:\/\/mousepad24.eu\/#website","url":"https:\/\/mousepad24.eu\/","name":"MousePad24.eu","description":"{:en}Personalizowane podk\u0142adki pod mysz{:}{:pl}Personalised Mouse Pads{:}{:de}Werbe MousePads{:}","publisher":{"@id":"https:\/\/mousepad24.eu\/#organization"},"potentialAction":[{"@type":"SearchAction","target":{"@type":"EntryPoint","urlTemplate":"https:\/\/mousepad24.eu\/?s={search_term_string}"},"query-input":{"@type":"PropertyValueSpecification","valueRequired":true,"valueName":"search_term_string"}}],"inLanguage":"de"},{"@type":"Organization","@id":"https:\/\/mousepad24.eu\/#organization","name":"MousePad24.eu","url":"https:\/\/mousepad24.eu\/","logo":{"@type":"ImageObject","inLanguage":"de","@id":"https:\/\/mousepad24.eu\/#\/schema\/logo\/image\/","url":"https:\/\/mousepad24.eu\/wp-content\/uploads\/2022\/12\/MOUSEPAD24_logo_curv_OK-1.png","contentUrl":"https:\/\/mousepad24.eu\/wp-content\/uploads\/2022\/12\/MOUSEPAD24_logo_curv_OK-1.png","width":1024,"height":75,"caption":"MousePad24.eu"},"image":{"@id":"https:\/\/mousepad24.eu\/#\/schema\/logo\/image\/"},"sameAs":["https:\/\/www.facebook.com\/mousepad24\/","https:\/\/www.instagram.com\/mousepad24.eu\/","https:\/\/www.linkedin.com\/company\/podkladki24-mousepad24\/"]}]}},"_links":{"self":[{"href":"https:\/\/mousepad24.eu\/de\/wp-json\/wp\/v2\/product\/45224","targetHints":{"allow":["GET"]}}],"collection":[{"href":"https:\/\/mousepad24.eu\/de\/wp-json\/wp\/v2\/product"}],"about":[{"href":"https:\/\/mousepad24.eu\/de\/wp-json\/wp\/v2\/types\/product"}],"wp:featuredmedia":[{"embeddable":true,"href":"https:\/\/mousepad24.eu\/de\/wp-json\/wp\/v2\/media\/49617"}],"wp:attachment":[{"href":"https:\/\/mousepad24.eu\/de\/wp-json\/wp\/v2\/media?parent=45224"}],"wp:term":[{"taxonomy":"product_brand","embeddable":true,"href":"https:\/\/mousepad24.eu\/de\/wp-json\/wp\/v2\/product_brand?post=45224"},{"taxonomy":"product_cat","embeddable":true,"href":"https:\/\/mousepad24.eu\/de\/wp-json\/wp\/v2\/product_cat?post=45224"},{"taxonomy":"product_tag","embeddable":true,"href":"https:\/\/mousepad24.eu\/de\/wp-json\/wp\/v2\/product_tag?post=45224"}],"curies":[{"name":"wp","href":"https:\/\/api.w.org\/{rel}","templated":true}]}}