{"id":45233,"date":"2023-04-18T12:22:45","date_gmt":"2023-04-18T10:22:45","guid":{"rendered":"https:\/\/jnpnki27nc.onrocket.site\/produkt\/dreischichtige-geschweiste-mauspad\/"},"modified":"2026-03-04T12:42:54","modified_gmt":"2026-03-04T11:42:54","slug":"dreischichtige","status":"publish","type":"product","link":"https:\/\/mousepad24.eu\/de\/produkt\/dreischichtige\/","title":{"rendered":"Dreilagiges verschwei\u00dftes Mauspad (P3S)"},"content":{"rendered":"","protected":false},"excerpt":{"rendered":"<p>Verschwei\u00dftes, dreilagiges Mauspad mit Druck auf Kartoneinlage.<\/p>\n<p><strong>Oberseite:<\/strong> 0,3 mm gepr\u00e4gte PVC-Folie, geeignet f\u00fcr optische und Laser-M\u00e4use.<br \/>\n<strong>Mitte:<\/strong> Vollfarbig bedruckte Kartoneinlage. Der Digitaldruck erm\u00f6glicht die Darstellung selbst sehr detaillierter Designs und eine exzellente Farbwiedergabe.<br \/>\n<strong>Unterseite:<\/strong> Grauer 1,2 mm PVC-Antirutschschaum.<\/p>\n<p>Verschwei\u00dfter Rand, wei\u00dfe Schwei\u00dfnaht. Robuste, \u00e4sthetische Verbindung. <\/p>\n<p>Klassisches PVC-Mauspad in moderner Ausf\u00fchrung. Das Produkt ist aus Materialien h\u00f6chster Qualit\u00e4t und Langlebigkeit gefertigt. <\/p>\n<p>Ein Vorteil dieses Produkts ist die einfache Reinigung. Das Mauspad kann feucht abgewischt und auch desinfiziert werden. <\/p>\n","protected":false},"featured_media":50135,"template":"","meta":[],"product_brand":[],"product_cat":[552],"product_tag":[1646,1468,1644,1643,1648,1645,1647],"class_list":{"0":"post-45233","1":"product","2":"type-product","3":"status-publish","4":"has-post-thumbnail","6":"product_cat-pvc-mauspads","7":"product_tag-bestes-mauspad","8":"product_tag-farbiges-mauspad","9":"product_tag-hochwertige-mauspads","10":"product_tag-mauspad-mit-werbeaufdruck","11":"product_tag-maustpads-mit-werbeaufdruck","12":"product_tag-professionelles-mauspad","13":"product_tag-werbegeschenke","14":"fpd-variation-needed","16":"first","17":"instock","18":"taxable","19":"shipping-taxable","20":"purchasable","21":"product-type-variable"},"yoast_head":"<!-- This site is optimized with the Yoast SEO plugin v27.5 - https:\/\/yoast.com\/product\/yoast-seo-wordpress\/ -->\n<title>Dreilagiges verschwei\u00dftes Mauspad (P3S) - MousePad24.eu<\/title>\n<meta name=\"robots\" content=\"index, follow, max-snippet:-1, max-image-preview:large, max-video-preview:-1\" \/>\n<meta property=\"og:locale\" content=\"de_DE\" \/>\n<meta property=\"og:type\" content=\"article\" \/>\n<meta property=\"og:title\" content=\"Dreilagiges verschwei\u00dftes Mauspad (P3S) - MousePad24.eu\" \/>\n<meta property=\"og:description\" content=\"Verschwei\u00dftes, dreilagiges Mauspad mit Druck auf Kartoneinlage. Oberseite: 0,3 mm gepr\u00e4gte PVC-Folie, geeignet f\u00fcr optische und Laser-M\u00e4use. Mitte: Vollfarbig bedruckte Kartoneinlage. Der Digitaldruck erm\u00f6glicht die Darstellung selbst sehr detaillierter Designs und eine exzellente Farbwiedergabe. Unterseite: Grauer 1,2 mm PVC-Antirutschschaum. Verschwei\u00dfter Rand, wei\u00dfe Schwei\u00dfnaht. Robuste, \u00e4sthetische Verbindung.  Klassisches PVC-Mauspad in moderner Ausf\u00fchrung. Das Produkt ist aus Materialien h\u00f6chster Qualit\u00e4t und Langlebigkeit gefertigt.  Ein Vorteil dieses Produkts ist die einfache Reinigung. Das Mauspad kann feucht abgewischt und auch desinfiziert werden.\" \/>\n<meta property=\"og:url\" content=\"https:\/\/mousepad24.eu\/de\/produkt\/dreischichtige\/\" \/>\n<meta property=\"og:site_name\" content=\"MousePad24.eu\" \/>\n<meta property=\"article:publisher\" content=\"https:\/\/www.facebook.com\/mousepad24\/\" \/>\n<meta property=\"article:modified_time\" content=\"2026-03-04T11:42:54+00:00\" \/>\n<meta property=\"og:image\" content=\"https:\/\/mousepad24.eu\/wp-content\/uploads\/2023\/04\/P3_S_blanc.webp\" \/>\n\t<meta property=\"og:image:width\" content=\"2560\" \/>\n\t<meta property=\"og:image:height\" content=\"2560\" \/>\n\t<meta property=\"og:image:type\" content=\"image\/webp\" \/>\n<meta name=\"twitter:card\" content=\"summary_large_image\" \/>\n<script type=\"application\/ld+json\" class=\"yoast-schema-graph\">{\"@context\":\"https:\\\/\\\/schema.org\",\"@graph\":[{\"@type\":\"WebPage\",\"@id\":\"https:\\\/\\\/mousepad24.eu\\\/de\\\/produkt\\\/dreischichtige\\\/\",\"url\":\"https:\\\/\\\/mousepad24.eu\\\/de\\\/produkt\\\/dreischichtige\\\/\",\"name\":\"Dreilagiges verschwei\u00dftes Mauspad (P3S) - MousePad24.eu\",\"isPartOf\":{\"@id\":\"https:\\\/\\\/mousepad24.eu\\\/#website\"},\"primaryImageOfPage\":{\"@id\":\"https:\\\/\\\/mousepad24.eu\\\/de\\\/produkt\\\/dreischichtige\\\/#primaryimage\"},\"image\":{\"@id\":\"https:\\\/\\\/mousepad24.eu\\\/de\\\/produkt\\\/dreischichtige\\\/#primaryimage\"},\"thumbnailUrl\":\"https:\\\/\\\/mousepad24.eu\\\/wp-content\\\/uploads\\\/2023\\\/04\\\/P3_S_blanc.webp\",\"datePublished\":\"2023-04-18T10:22:45+00:00\",\"dateModified\":\"2026-03-04T11:42:54+00:00\",\"breadcrumb\":{\"@id\":\"https:\\\/\\\/mousepad24.eu\\\/de\\\/produkt\\\/dreischichtige\\\/#breadcrumb\"},\"inLanguage\":\"de\",\"potentialAction\":[{\"@type\":\"ReadAction\",\"target\":[\"https:\\\/\\\/mousepad24.eu\\\/de\\\/produkt\\\/dreischichtige\\\/\"]}]},{\"@type\":\"ImageObject\",\"inLanguage\":\"de\",\"@id\":\"https:\\\/\\\/mousepad24.eu\\\/de\\\/produkt\\\/dreischichtige\\\/#primaryimage\",\"url\":\"https:\\\/\\\/mousepad24.eu\\\/wp-content\\\/uploads\\\/2023\\\/04\\\/P3_S_blanc.webp\",\"contentUrl\":\"https:\\\/\\\/mousepad24.eu\\\/wp-content\\\/uploads\\\/2023\\\/04\\\/P3_S_blanc.webp\",\"width\":2560,\"height\":2560},{\"@type\":\"BreadcrumbList\",\"@id\":\"https:\\\/\\\/mousepad24.eu\\\/de\\\/produkt\\\/dreischichtige\\\/#breadcrumb\",\"itemListElement\":[{\"@type\":\"ListItem\",\"position\":1,\"name\":\"Startseite\",\"item\":\"https:\\\/\\\/mousepad24.eu\\\/de\\\/\"},{\"@type\":\"ListItem\",\"position\":2,\"name\":\"Shop\",\"item\":\"https:\\\/\\\/mousepad24.eu\\\/de\\\/\"},{\"@type\":\"ListItem\",\"position\":3,\"name\":\"Dreilagiges verschwei\u00dftes Mauspad (P3S)\"}]},{\"@type\":\"WebSite\",\"@id\":\"https:\\\/\\\/mousepad24.eu\\\/#website\",\"url\":\"https:\\\/\\\/mousepad24.eu\\\/\",\"name\":\"MousePad24.eu\",\"description\":\"{:en}Personalizowane podk\u0142adki pod mysz{:}{:pl}Personalised Mouse Pads{:}{:de}Werbe MousePads{:}\",\"publisher\":{\"@id\":\"https:\\\/\\\/mousepad24.eu\\\/#organization\"},\"potentialAction\":[{\"@type\":\"SearchAction\",\"target\":{\"@type\":\"EntryPoint\",\"urlTemplate\":\"https:\\\/\\\/mousepad24.eu\\\/?s={search_term_string}\"},\"query-input\":{\"@type\":\"PropertyValueSpecification\",\"valueRequired\":true,\"valueName\":\"search_term_string\"}}],\"inLanguage\":\"de\"},{\"@type\":\"Organization\",\"@id\":\"https:\\\/\\\/mousepad24.eu\\\/#organization\",\"name\":\"MousePad24.eu\",\"url\":\"https:\\\/\\\/mousepad24.eu\\\/\",\"logo\":{\"@type\":\"ImageObject\",\"inLanguage\":\"de\",\"@id\":\"https:\\\/\\\/mousepad24.eu\\\/#\\\/schema\\\/logo\\\/image\\\/\",\"url\":\"https:\\\/\\\/mousepad24.eu\\\/wp-content\\\/uploads\\\/2022\\\/12\\\/MOUSEPAD24_logo_curv_OK-1.png\",\"contentUrl\":\"https:\\\/\\\/mousepad24.eu\\\/wp-content\\\/uploads\\\/2022\\\/12\\\/MOUSEPAD24_logo_curv_OK-1.png\",\"width\":1024,\"height\":75,\"caption\":\"MousePad24.eu\"},\"image\":{\"@id\":\"https:\\\/\\\/mousepad24.eu\\\/#\\\/schema\\\/logo\\\/image\\\/\"},\"sameAs\":[\"https:\\\/\\\/www.facebook.com\\\/mousepad24\\\/\",\"https:\\\/\\\/www.instagram.com\\\/mousepad24.eu\\\/\",\"https:\\\/\\\/www.linkedin.com\\\/company\\\/podkladki24-mousepad24\\\/\"]}]}<\/script>\n<!-- \/ Yoast SEO plugin. -->","yoast_head_json":{"title":"Dreilagiges verschwei\u00dftes Mauspad (P3S) - MousePad24.eu","robots":{"index":"index","follow":"follow","max-snippet":"max-snippet:-1","max-image-preview":"max-image-preview:large","max-video-preview":"max-video-preview:-1"},"og_locale":"de_DE","og_type":"article","og_title":"Dreilagiges verschwei\u00dftes Mauspad (P3S) - MousePad24.eu","og_description":"Verschwei\u00dftes, dreilagiges Mauspad mit Druck auf Kartoneinlage. Oberseite: 0,3 mm gepr\u00e4gte PVC-Folie, geeignet f\u00fcr optische und Laser-M\u00e4use. Mitte: Vollfarbig bedruckte Kartoneinlage. Der Digitaldruck erm\u00f6glicht die Darstellung selbst sehr detaillierter Designs und eine exzellente Farbwiedergabe. Unterseite: Grauer 1,2 mm PVC-Antirutschschaum. Verschwei\u00dfter Rand, wei\u00dfe Schwei\u00dfnaht. Robuste, \u00e4sthetische Verbindung.  Klassisches PVC-Mauspad in moderner Ausf\u00fchrung. Das Produkt ist aus Materialien h\u00f6chster Qualit\u00e4t und Langlebigkeit gefertigt.  Ein Vorteil dieses Produkts ist die einfache Reinigung. Das Mauspad kann feucht abgewischt und auch desinfiziert werden.","og_url":"https:\/\/mousepad24.eu\/de\/produkt\/dreischichtige\/","og_site_name":"MousePad24.eu","article_publisher":"https:\/\/www.facebook.com\/mousepad24\/","article_modified_time":"2026-03-04T11:42:54+00:00","og_image":[{"width":2560,"height":2560,"url":"https:\/\/mousepad24.eu\/wp-content\/uploads\/2023\/04\/P3_S_blanc.webp","type":"image\/webp"}],"twitter_card":"summary_large_image","schema":{"@context":"https:\/\/schema.org","@graph":[{"@type":"WebPage","@id":"https:\/\/mousepad24.eu\/de\/produkt\/dreischichtige\/","url":"https:\/\/mousepad24.eu\/de\/produkt\/dreischichtige\/","name":"Dreilagiges verschwei\u00dftes Mauspad (P3S) - MousePad24.eu","isPartOf":{"@id":"https:\/\/mousepad24.eu\/#website"},"primaryImageOfPage":{"@id":"https:\/\/mousepad24.eu\/de\/produkt\/dreischichtige\/#primaryimage"},"image":{"@id":"https:\/\/mousepad24.eu\/de\/produkt\/dreischichtige\/#primaryimage"},"thumbnailUrl":"https:\/\/mousepad24.eu\/wp-content\/uploads\/2023\/04\/P3_S_blanc.webp","datePublished":"2023-04-18T10:22:45+00:00","dateModified":"2026-03-04T11:42:54+00:00","breadcrumb":{"@id":"https:\/\/mousepad24.eu\/de\/produkt\/dreischichtige\/#breadcrumb"},"inLanguage":"de","potentialAction":[{"@type":"ReadAction","target":["https:\/\/mousepad24.eu\/de\/produkt\/dreischichtige\/"]}]},{"@type":"ImageObject","inLanguage":"de","@id":"https:\/\/mousepad24.eu\/de\/produkt\/dreischichtige\/#primaryimage","url":"https:\/\/mousepad24.eu\/wp-content\/uploads\/2023\/04\/P3_S_blanc.webp","contentUrl":"https:\/\/mousepad24.eu\/wp-content\/uploads\/2023\/04\/P3_S_blanc.webp","width":2560,"height":2560},{"@type":"BreadcrumbList","@id":"https:\/\/mousepad24.eu\/de\/produkt\/dreischichtige\/#breadcrumb","itemListElement":[{"@type":"ListItem","position":1,"name":"Startseite","item":"https:\/\/mousepad24.eu\/de\/"},{"@type":"ListItem","position":2,"name":"Shop","item":"https:\/\/mousepad24.eu\/de\/"},{"@type":"ListItem","position":3,"name":"Dreilagiges verschwei\u00dftes Mauspad (P3S)"}]},{"@type":"WebSite","@id":"https:\/\/mousepad24.eu\/#website","url":"https:\/\/mousepad24.eu\/","name":"MousePad24.eu","description":"{:en}Personalizowane podk\u0142adki pod mysz{:}{:pl}Personalised Mouse Pads{:}{:de}Werbe MousePads{:}","publisher":{"@id":"https:\/\/mousepad24.eu\/#organization"},"potentialAction":[{"@type":"SearchAction","target":{"@type":"EntryPoint","urlTemplate":"https:\/\/mousepad24.eu\/?s={search_term_string}"},"query-input":{"@type":"PropertyValueSpecification","valueRequired":true,"valueName":"search_term_string"}}],"inLanguage":"de"},{"@type":"Organization","@id":"https:\/\/mousepad24.eu\/#organization","name":"MousePad24.eu","url":"https:\/\/mousepad24.eu\/","logo":{"@type":"ImageObject","inLanguage":"de","@id":"https:\/\/mousepad24.eu\/#\/schema\/logo\/image\/","url":"https:\/\/mousepad24.eu\/wp-content\/uploads\/2022\/12\/MOUSEPAD24_logo_curv_OK-1.png","contentUrl":"https:\/\/mousepad24.eu\/wp-content\/uploads\/2022\/12\/MOUSEPAD24_logo_curv_OK-1.png","width":1024,"height":75,"caption":"MousePad24.eu"},"image":{"@id":"https:\/\/mousepad24.eu\/#\/schema\/logo\/image\/"},"sameAs":["https:\/\/www.facebook.com\/mousepad24\/","https:\/\/www.instagram.com\/mousepad24.eu\/","https:\/\/www.linkedin.com\/company\/podkladki24-mousepad24\/"]}]}},"_links":{"self":[{"href":"https:\/\/mousepad24.eu\/de\/wp-json\/wp\/v2\/product\/45233","targetHints":{"allow":["GET"]}}],"collection":[{"href":"https:\/\/mousepad24.eu\/de\/wp-json\/wp\/v2\/product"}],"about":[{"href":"https:\/\/mousepad24.eu\/de\/wp-json\/wp\/v2\/types\/product"}],"wp:featuredmedia":[{"embeddable":true,"href":"https:\/\/mousepad24.eu\/de\/wp-json\/wp\/v2\/media\/50135"}],"wp:attachment":[{"href":"https:\/\/mousepad24.eu\/de\/wp-json\/wp\/v2\/media?parent=45233"}],"wp:term":[{"taxonomy":"product_brand","embeddable":true,"href":"https:\/\/mousepad24.eu\/de\/wp-json\/wp\/v2\/product_brand?post=45233"},{"taxonomy":"product_cat","embeddable":true,"href":"https:\/\/mousepad24.eu\/de\/wp-json\/wp\/v2\/product_cat?post=45233"},{"taxonomy":"product_tag","embeddable":true,"href":"https:\/\/mousepad24.eu\/de\/wp-json\/wp\/v2\/product_tag?post=45233"}],"curies":[{"name":"wp","href":"https:\/\/api.w.org\/{rel}","templated":true}]}}