{"id":45238,"date":"2023-04-18T12:22:49","date_gmt":"2023-04-18T10:22:49","guid":{"rendered":"https:\/\/jnpnki27nc.onrocket.site\/produkt\/folienblister-weiss\/"},"modified":"2026-03-24T12:26:16","modified_gmt":"2026-03-24T11:26:16","slug":"folienblister-weiss-b","status":"publish","type":"product","link":"https:\/\/mousepad24.eu\/de\/produkt\/folienblister-weiss-b\/","title":{"rendered":"Wei\u00dfe Blisterverpackung (B)"},"content":{"rendered":"<p>\ud83d\udd39 <strong>Blister mit wei\u00dfer R\u00fcckseite \u2013 eleganter Schutz und Pr\u00e4sentation deines Produkts<\/strong><\/p>\n<p>Ein Blister ist eine professionelle Verpackung, die <strong>Funktionalit\u00e4t und \u00c4sthetik<\/strong> vereint. Die transparente, profilierte Folie passt sich perfekt der Form des Gel-Mauspads an und sch\u00fctzt es effektiv vor Schmutz, Staub und Kratzern. Dadurch beh\u00e4lt das Produkt sowohl beim Transport als auch bei der Pr\u00e4sentation ein makelloses Aussehen.  <\/p>\n<p>Die wei\u00dfe R\u00fcckseite aus stabiler Pappe bildet einen eleganten Hintergrund, der die Farbgebung des Mauspads hervorhebt und dem Ganzen <strong>ein sauberes, minimalistisches Aussehen<\/strong> verleiht. Diese Art der Verpackung vermittelt dem Beschenkten das Gef\u00fchl, ein <strong>Premium-Produkt<\/strong> \u2013 sorgf\u00e4ltig verpackt und bereit zum Verschenken \u2013 zu erhalten. <\/p>\n<p>Ein Blister mit wei\u00dfer R\u00fcckseite ist die ideale L\u00f6sung f\u00fcr:<br \/>\n\u2705 Unternehmen, die ein Werbegeschenk attraktiv pr\u00e4sentieren m\u00f6chten,<br \/>\n\u2705 Einzelhandelsgesch\u00e4fte,<br \/>\n\u2705 Marken, die <strong>\u00c4sthetik und Verarbeitungsqualit\u00e4t<\/strong> sch\u00e4tzen,<br \/>\n\u2705 Hersteller, die den professionellen Charakter ihres Produkts hervorheben m\u00f6chten.<\/p>\n<p>\u2728 <strong>Vorteile der Blisterverpackung:<\/strong><\/p>\n<ul>\n<li>solider Schutz vor Schmutz und Besch\u00e4digungen,<\/li>\n<li>elegantes, minimalistisches Aussehen,<\/li>\n<li>der \u201efertig zum Verschenken\u201c-Effekt,<\/li>\n<li>perfekte Anpassung an die Form des Mauspads.<\/li>\n<\/ul>\n<p>Eine solche Verpackung verleiht jedem Mauspad Wert und Prestige \u2013 sie unterstreicht perfekt dessen Qualit\u00e4t und die Liebe zum Detail.<\/p>\n<p><strong>Ausschlie\u00dflich zum Verpacken von Gel-Mauspads der Gr\u00f6\u00dfe 19 x 23.<\/strong><\/p>\n<p>In einer anderen Variante dieses Produkts kann die R\u00fcckseite vollfarbig sein, sowohl eine Produktbeschreibung des Mauspads enthalten als auch als zus\u00e4tzlicher Werbetr\u00e4ger dienen.<\/p>\n","protected":false},"excerpt":{"rendered":"<p>\ud83e\udd0d Blister mit wei\u00dfer R\u00fcckseite \u2013 dezente Eleganz und Schutz in einem \ud83e\udd0d<\/p>\n<p>\u2728 Dies ist eine universelle und \u00e4sthetische Verpackung, die das Gel-Mauspad sch\u00fctzt und gleichzeitig sein Aussehen in vollem Glanz pr\u00e4sentiert.<\/p>\n<p>\ud83d\udc8e Die transparente Folie mit der passenden Dicke passt sich der Form des Produkts an und erzeugt einen Effekt von Sauberkeit und Perfektion.<\/p>\n<p>\ud83e\udd0d Die glatte, wei\u00dfe R\u00fcckseite verleiht dem Ganzen einen raffinierten, exklusiven Charakter, der selbst ein einfaches Gadget zu einem eleganten Firmengeschenk macht.<\/p>\n","protected":false},"featured_media":48441,"template":"","meta":[],"product_brand":[],"product_cat":[1139,527],"product_tag":[1646,1468,1644,1643,1648,1645,1647],"class_list":{"0":"post-45238","1":"product","2":"type-product","3":"status-publish","4":"has-post-thumbnail","6":"product_cat-andere","7":"product_cat-podkladka-zelowa-de","8":"product_tag-bestes-mauspad","9":"product_tag-farbiges-mauspad","10":"product_tag-hochwertige-mauspads","11":"product_tag-mauspad-mit-werbeaufdruck","12":"product_tag-maustpads-mit-werbeaufdruck","13":"product_tag-professionelles-mauspad","14":"product_tag-werbegeschenke","15":"fpd-variation-needed","17":"first","18":"instock","19":"taxable","20":"shipping-taxable","21":"purchasable","22":"product-type-variable"},"yoast_head":"<!-- This site is optimized with the Yoast SEO plugin v27.3 - https:\/\/yoast.com\/product\/yoast-seo-wordpress\/ -->\n<title>Wei\u00dfe Blisterverpackung (B) - MousePad24.eu<\/title>\n<meta name=\"robots\" content=\"index, follow, max-snippet:-1, max-image-preview:large, max-video-preview:-1\" \/>\n<meta property=\"og:locale\" content=\"de_DE\" \/>\n<meta property=\"og:type\" content=\"article\" \/>\n<meta property=\"og:title\" content=\"Wei\u00dfe Blisterverpackung (B) - MousePad24.eu\" \/>\n<meta property=\"og:description\" content=\"\ud83e\udd0d Blister mit wei\u00dfer R\u00fcckseite \u2013 dezente Eleganz und Schutz in einem \ud83e\udd0d \u2728 Dies ist eine universelle und \u00e4sthetische Verpackung, die das Gel-Mauspad sch\u00fctzt und gleichzeitig sein Aussehen in vollem Glanz pr\u00e4sentiert. \ud83d\udc8e Die transparente Folie mit der passenden Dicke passt sich der Form des Produkts an und erzeugt einen Effekt von Sauberkeit und Perfektion. \ud83e\udd0d Die glatte, wei\u00dfe R\u00fcckseite verleiht dem Ganzen einen raffinierten, exklusiven Charakter, der selbst ein einfaches Gadget zu einem eleganten Firmengeschenk macht.\" \/>\n<meta property=\"og:url\" content=\"https:\/\/mousepad24.eu\/de\/produkt\/folienblister-weiss-b\/\" \/>\n<meta property=\"og:site_name\" content=\"MousePad24.eu\" \/>\n<meta property=\"article:publisher\" content=\"https:\/\/www.facebook.com\/mousepad24\/\" \/>\n<meta property=\"article:modified_time\" content=\"2026-03-24T11:26:16+00:00\" \/>\n<meta property=\"og:image\" content=\"https:\/\/mousepad24.eu\/wp-content\/uploads\/2023\/04\/b_main-01.webp\" \/>\n\t<meta property=\"og:image:width\" content=\"2502\" \/>\n\t<meta property=\"og:image:height\" content=\"2502\" \/>\n\t<meta property=\"og:image:type\" content=\"image\/webp\" \/>\n<meta name=\"twitter:card\" content=\"summary_large_image\" \/>\n<meta name=\"twitter:label1\" content=\"Gesch\u00e4tzte Lesezeit\" \/>\n\t<meta name=\"twitter:data1\" content=\"1\u00a0Minute\" \/>\n<script type=\"application\/ld+json\" class=\"yoast-schema-graph\">{\"@context\":\"https:\\\/\\\/schema.org\",\"@graph\":[{\"@type\":\"WebPage\",\"@id\":\"https:\\\/\\\/mousepad24.eu\\\/de\\\/produkt\\\/folienblister-weiss-b\\\/\",\"url\":\"https:\\\/\\\/mousepad24.eu\\\/de\\\/produkt\\\/folienblister-weiss-b\\\/\",\"name\":\"Wei\u00dfe Blisterverpackung (B) - MousePad24.eu\",\"isPartOf\":{\"@id\":\"https:\\\/\\\/mousepad24.eu\\\/#website\"},\"primaryImageOfPage\":{\"@id\":\"https:\\\/\\\/mousepad24.eu\\\/de\\\/produkt\\\/folienblister-weiss-b\\\/#primaryimage\"},\"image\":{\"@id\":\"https:\\\/\\\/mousepad24.eu\\\/de\\\/produkt\\\/folienblister-weiss-b\\\/#primaryimage\"},\"thumbnailUrl\":\"https:\\\/\\\/mousepad24.eu\\\/wp-content\\\/uploads\\\/2023\\\/04\\\/b_main-01.webp\",\"datePublished\":\"2023-04-18T10:22:49+00:00\",\"dateModified\":\"2026-03-24T11:26:16+00:00\",\"breadcrumb\":{\"@id\":\"https:\\\/\\\/mousepad24.eu\\\/de\\\/produkt\\\/folienblister-weiss-b\\\/#breadcrumb\"},\"inLanguage\":\"de\",\"potentialAction\":[{\"@type\":\"ReadAction\",\"target\":[\"https:\\\/\\\/mousepad24.eu\\\/de\\\/produkt\\\/folienblister-weiss-b\\\/\"]}]},{\"@type\":\"ImageObject\",\"inLanguage\":\"de\",\"@id\":\"https:\\\/\\\/mousepad24.eu\\\/de\\\/produkt\\\/folienblister-weiss-b\\\/#primaryimage\",\"url\":\"https:\\\/\\\/mousepad24.eu\\\/wp-content\\\/uploads\\\/2023\\\/04\\\/b_main-01.webp\",\"contentUrl\":\"https:\\\/\\\/mousepad24.eu\\\/wp-content\\\/uploads\\\/2023\\\/04\\\/b_main-01.webp\",\"width\":2502,\"height\":2502},{\"@type\":\"BreadcrumbList\",\"@id\":\"https:\\\/\\\/mousepad24.eu\\\/de\\\/produkt\\\/folienblister-weiss-b\\\/#breadcrumb\",\"itemListElement\":[{\"@type\":\"ListItem\",\"position\":1,\"name\":\"Startseite\",\"item\":\"https:\\\/\\\/mousepad24.eu\\\/de\\\/\"},{\"@type\":\"ListItem\",\"position\":2,\"name\":\"Shop\",\"item\":\"https:\\\/\\\/mousepad24.eu\\\/de\\\/\"},{\"@type\":\"ListItem\",\"position\":3,\"name\":\"Wei\u00dfe Blisterverpackung (B)\"}]},{\"@type\":\"WebSite\",\"@id\":\"https:\\\/\\\/mousepad24.eu\\\/#website\",\"url\":\"https:\\\/\\\/mousepad24.eu\\\/\",\"name\":\"MousePad24.eu\",\"description\":\"{:en}Personalizowane podk\u0142adki pod mysz{:}{:pl}Personalised Mouse Pads{:}{:de}Werbe MousePads{:}\",\"publisher\":{\"@id\":\"https:\\\/\\\/mousepad24.eu\\\/#organization\"},\"potentialAction\":[{\"@type\":\"SearchAction\",\"target\":{\"@type\":\"EntryPoint\",\"urlTemplate\":\"https:\\\/\\\/mousepad24.eu\\\/?s={search_term_string}\"},\"query-input\":{\"@type\":\"PropertyValueSpecification\",\"valueRequired\":true,\"valueName\":\"search_term_string\"}}],\"inLanguage\":\"de\"},{\"@type\":\"Organization\",\"@id\":\"https:\\\/\\\/mousepad24.eu\\\/#organization\",\"name\":\"MousePad24.eu\",\"url\":\"https:\\\/\\\/mousepad24.eu\\\/\",\"logo\":{\"@type\":\"ImageObject\",\"inLanguage\":\"de\",\"@id\":\"https:\\\/\\\/mousepad24.eu\\\/#\\\/schema\\\/logo\\\/image\\\/\",\"url\":\"https:\\\/\\\/mousepad24.eu\\\/wp-content\\\/uploads\\\/2022\\\/12\\\/MOUSEPAD24_logo_curv_OK-1.png\",\"contentUrl\":\"https:\\\/\\\/mousepad24.eu\\\/wp-content\\\/uploads\\\/2022\\\/12\\\/MOUSEPAD24_logo_curv_OK-1.png\",\"width\":1024,\"height\":75,\"caption\":\"MousePad24.eu\"},\"image\":{\"@id\":\"https:\\\/\\\/mousepad24.eu\\\/#\\\/schema\\\/logo\\\/image\\\/\"},\"sameAs\":[\"https:\\\/\\\/www.facebook.com\\\/mousepad24\\\/\",\"https:\\\/\\\/www.instagram.com\\\/mousepad24.eu\\\/\",\"https:\\\/\\\/www.linkedin.com\\\/company\\\/podkladki24-mousepad24\\\/\"]}]}<\/script>\n<!-- \/ Yoast SEO plugin. -->","yoast_head_json":{"title":"Wei\u00dfe Blisterverpackung (B) - MousePad24.eu","robots":{"index":"index","follow":"follow","max-snippet":"max-snippet:-1","max-image-preview":"max-image-preview:large","max-video-preview":"max-video-preview:-1"},"og_locale":"de_DE","og_type":"article","og_title":"Wei\u00dfe Blisterverpackung (B) - MousePad24.eu","og_description":"\ud83e\udd0d Blister mit wei\u00dfer R\u00fcckseite \u2013 dezente Eleganz und Schutz in einem \ud83e\udd0d \u2728 Dies ist eine universelle und \u00e4sthetische Verpackung, die das Gel-Mauspad sch\u00fctzt und gleichzeitig sein Aussehen in vollem Glanz pr\u00e4sentiert. \ud83d\udc8e Die transparente Folie mit der passenden Dicke passt sich der Form des Produkts an und erzeugt einen Effekt von Sauberkeit und Perfektion. \ud83e\udd0d Die glatte, wei\u00dfe R\u00fcckseite verleiht dem Ganzen einen raffinierten, exklusiven Charakter, der selbst ein einfaches Gadget zu einem eleganten Firmengeschenk macht.","og_url":"https:\/\/mousepad24.eu\/de\/produkt\/folienblister-weiss-b\/","og_site_name":"MousePad24.eu","article_publisher":"https:\/\/www.facebook.com\/mousepad24\/","article_modified_time":"2026-03-24T11:26:16+00:00","og_image":[{"width":2502,"height":2502,"url":"https:\/\/mousepad24.eu\/wp-content\/uploads\/2023\/04\/b_main-01.webp","type":"image\/webp"}],"twitter_card":"summary_large_image","twitter_misc":{"Gesch\u00e4tzte Lesezeit":"1\u00a0Minute"},"schema":{"@context":"https:\/\/schema.org","@graph":[{"@type":"WebPage","@id":"https:\/\/mousepad24.eu\/de\/produkt\/folienblister-weiss-b\/","url":"https:\/\/mousepad24.eu\/de\/produkt\/folienblister-weiss-b\/","name":"Wei\u00dfe Blisterverpackung (B) - MousePad24.eu","isPartOf":{"@id":"https:\/\/mousepad24.eu\/#website"},"primaryImageOfPage":{"@id":"https:\/\/mousepad24.eu\/de\/produkt\/folienblister-weiss-b\/#primaryimage"},"image":{"@id":"https:\/\/mousepad24.eu\/de\/produkt\/folienblister-weiss-b\/#primaryimage"},"thumbnailUrl":"https:\/\/mousepad24.eu\/wp-content\/uploads\/2023\/04\/b_main-01.webp","datePublished":"2023-04-18T10:22:49+00:00","dateModified":"2026-03-24T11:26:16+00:00","breadcrumb":{"@id":"https:\/\/mousepad24.eu\/de\/produkt\/folienblister-weiss-b\/#breadcrumb"},"inLanguage":"de","potentialAction":[{"@type":"ReadAction","target":["https:\/\/mousepad24.eu\/de\/produkt\/folienblister-weiss-b\/"]}]},{"@type":"ImageObject","inLanguage":"de","@id":"https:\/\/mousepad24.eu\/de\/produkt\/folienblister-weiss-b\/#primaryimage","url":"https:\/\/mousepad24.eu\/wp-content\/uploads\/2023\/04\/b_main-01.webp","contentUrl":"https:\/\/mousepad24.eu\/wp-content\/uploads\/2023\/04\/b_main-01.webp","width":2502,"height":2502},{"@type":"BreadcrumbList","@id":"https:\/\/mousepad24.eu\/de\/produkt\/folienblister-weiss-b\/#breadcrumb","itemListElement":[{"@type":"ListItem","position":1,"name":"Startseite","item":"https:\/\/mousepad24.eu\/de\/"},{"@type":"ListItem","position":2,"name":"Shop","item":"https:\/\/mousepad24.eu\/de\/"},{"@type":"ListItem","position":3,"name":"Wei\u00dfe Blisterverpackung (B)"}]},{"@type":"WebSite","@id":"https:\/\/mousepad24.eu\/#website","url":"https:\/\/mousepad24.eu\/","name":"MousePad24.eu","description":"{:en}Personalizowane podk\u0142adki pod mysz{:}{:pl}Personalised Mouse Pads{:}{:de}Werbe MousePads{:}","publisher":{"@id":"https:\/\/mousepad24.eu\/#organization"},"potentialAction":[{"@type":"SearchAction","target":{"@type":"EntryPoint","urlTemplate":"https:\/\/mousepad24.eu\/?s={search_term_string}"},"query-input":{"@type":"PropertyValueSpecification","valueRequired":true,"valueName":"search_term_string"}}],"inLanguage":"de"},{"@type":"Organization","@id":"https:\/\/mousepad24.eu\/#organization","name":"MousePad24.eu","url":"https:\/\/mousepad24.eu\/","logo":{"@type":"ImageObject","inLanguage":"de","@id":"https:\/\/mousepad24.eu\/#\/schema\/logo\/image\/","url":"https:\/\/mousepad24.eu\/wp-content\/uploads\/2022\/12\/MOUSEPAD24_logo_curv_OK-1.png","contentUrl":"https:\/\/mousepad24.eu\/wp-content\/uploads\/2022\/12\/MOUSEPAD24_logo_curv_OK-1.png","width":1024,"height":75,"caption":"MousePad24.eu"},"image":{"@id":"https:\/\/mousepad24.eu\/#\/schema\/logo\/image\/"},"sameAs":["https:\/\/www.facebook.com\/mousepad24\/","https:\/\/www.instagram.com\/mousepad24.eu\/","https:\/\/www.linkedin.com\/company\/podkladki24-mousepad24\/"]}]}},"_links":{"self":[{"href":"https:\/\/mousepad24.eu\/de\/wp-json\/wp\/v2\/product\/45238","targetHints":{"allow":["GET"]}}],"collection":[{"href":"https:\/\/mousepad24.eu\/de\/wp-json\/wp\/v2\/product"}],"about":[{"href":"https:\/\/mousepad24.eu\/de\/wp-json\/wp\/v2\/types\/product"}],"wp:featuredmedia":[{"embeddable":true,"href":"https:\/\/mousepad24.eu\/de\/wp-json\/wp\/v2\/media\/48441"}],"wp:attachment":[{"href":"https:\/\/mousepad24.eu\/de\/wp-json\/wp\/v2\/media?parent=45238"}],"wp:term":[{"taxonomy":"product_brand","embeddable":true,"href":"https:\/\/mousepad24.eu\/de\/wp-json\/wp\/v2\/product_brand?post=45238"},{"taxonomy":"product_cat","embeddable":true,"href":"https:\/\/mousepad24.eu\/de\/wp-json\/wp\/v2\/product_cat?post=45238"},{"taxonomy":"product_tag","embeddable":true,"href":"https:\/\/mousepad24.eu\/de\/wp-json\/wp\/v2\/product_tag?post=45238"}],"curies":[{"name":"wp","href":"https:\/\/api.w.org\/{rel}","templated":true}]}}