{"id":45239,"date":"2023-04-18T12:22:53","date_gmt":"2023-04-18T10:22:53","guid":{"rendered":"https:\/\/jnpnki27nc.onrocket.site\/produkt\/individual-blister-2\/"},"modified":"2026-03-24T12:26:15","modified_gmt":"2026-03-24T11:26:15","slug":"individual-blister-b","status":"publish","type":"product","link":"https:\/\/mousepad24.eu\/de\/produkt\/individual-blister-b\/","title":{"rendered":"Individuelle Blisterverpackung (B+)"},"content":{"rendered":"<p>\ud83d\udd39 <strong>Blister mit vollfarbiger R\u00fcckseite \u2013 Eleganz, Werbung und Schutz in einem<\/strong><\/p>\n<p>Diese Verpackung wurde f\u00fcr Produkte entwickelt, die nicht nur Schutz, sondern auch eine au\u00dfergew\u00f6hnliche Pr\u00e4sentation ben\u00f6tigen.<br \/>\nDie profilierte  <strong>PET-Folie, ca. 0,4 mm dick <\/strong> passt sich perfekt der Form des Gel-Mauspads an und sch\u00fctzt es w\u00e4hrend des Transports und der Pr\u00e4sentation. Die transparente Oberfl\u00e4che l\u00e4sst den Aufdruck vollst\u00e4ndig zur Geltung kommen und verleiht dem Ganzen gleichzeitig ein modernes, elegantes Aussehen.<\/p>\n<p>Die hintere <strong>R\u00fcckseite aus hochwertigem Karton<\/strong> ist vollst\u00e4ndig bedruckt \u2013 in intensiven, vollfarbigen T\u00f6nen. Sie kann enthalten:<br \/>\n\ud83c\udfaf Firmenlogo,<br \/>\n\ud83c\udfaf Produktbeschreibung,<br \/>\n\ud83c\udfaf Markeninformationen,<br \/>\n\ud83c\udfaf eine Grafik, die das auf dem Mauspad sichtbare Motiv erg\u00e4nzt. <\/p>\n<p>Dadurch sch\u00fctzt der Blister das Produkt nicht nur, sondern <strong>wird auch zu einem Werbetr\u00e4ger und einem koh\u00e4renten Element der visuellen Identit\u00e4t<\/strong>. Das Ganze erzeugt den Eindruck eines sorgf\u00e4ltig gestalteten Premium-Gadgets, das bereit ist zur \u00dcbergabe an den Kunden oder zur Pr\u00e4sentation im Einzelhandel. <\/p>\n<p>\u2728 <strong>Vorteile der Verpackung mit vollfarbiger R\u00fcckseite:<\/strong><\/p>\n<ul>\n<li>robuste, transparente PET-Folie (ca. 0,4 mm), perfekt an die Form des Mauspads angepasst,<\/li>\n<li>vollfarbiger Druck auf Karton \u2013 Werbung und Design in einem,<\/li>\n<li>Produktschutz vor Staub und Schmutz,<\/li>\n<li>exklusives Aussehen und der Effekt eines \u201efertigen Geschenks\u201c,<\/li>\n<li>M\u00f6glichkeit, das Grafikdesign an den Aufdruck auf dem Mauspad anzupassen.<\/li>\n<\/ul>\n<p><strong>Ausschlie\u00dflich zum Verpacken von Gel-Mauspads der Gr\u00f6\u00dfe 19 x 23.<\/strong><\/p>\n<p>So verpackt pr\u00e4sentiert sich das Gel-Mauspad nicht nur professionell, sondern <strong>unterstreicht auch den Markenwert<\/strong> und zieht schon auf den ersten Blick die Aufmerksamkeit auf sich.<\/p>\n","protected":false},"excerpt":{"rendered":"<p>\ud83d\udcbc <strong>Moderne Blisterverpackung mit vollfarbiger R\u00fcckseite<\/strong><br \/>\nist eine hervorragende M\u00f6glichkeit, <strong>Eleganz mit Marketingkommunikation<\/strong> zu verbinden.<\/p>\n<p>\ud83d\udd39 <strong>Transparente PET-Folie (ca. 0,4 mm)<\/strong>, perfekt an die Form des Mauspads angepasst, sch\u00fctzt das Produkt,<br \/>\nund die <strong>bedruckte Kartonr\u00fcckseite<\/strong> bildet einen attraktiven Hintergrund \u2013 sie kann Werbung, ein Logo oder eine Produktbeschreibung enthalten.<\/p>\n<p>\u2728 Eine solche Verpackung zieht die Blicke auf sich und vermittelt den Eindruck eines <strong>kompletten, exklusiven Werbegeschenks.<\/strong><\/p>\n","protected":false},"featured_media":48443,"template":"","meta":[],"product_brand":[],"product_cat":[1139,527],"product_tag":[1646,1468,1644,1643,1648,1645,1647],"class_list":{"0":"post-45239","1":"product","2":"type-product","3":"status-publish","4":"has-post-thumbnail","6":"product_cat-andere","7":"product_cat-podkladka-zelowa-de","8":"product_tag-bestes-mauspad","9":"product_tag-farbiges-mauspad","10":"product_tag-hochwertige-mauspads","11":"product_tag-mauspad-mit-werbeaufdruck","12":"product_tag-maustpads-mit-werbeaufdruck","13":"product_tag-professionelles-mauspad","14":"product_tag-werbegeschenke","15":"fpd-variation-needed","17":"first","18":"instock","19":"taxable","20":"shipping-taxable","21":"purchasable","22":"product-type-variable"},"yoast_head":"<!-- This site is optimized with the Yoast SEO plugin v27.3 - https:\/\/yoast.com\/product\/yoast-seo-wordpress\/ -->\n<title>Individuelle Blisterverpackung (B+) - MousePad24.eu<\/title>\n<meta name=\"robots\" content=\"index, follow, max-snippet:-1, max-image-preview:large, max-video-preview:-1\" \/>\n<meta property=\"og:locale\" content=\"de_DE\" \/>\n<meta property=\"og:type\" content=\"article\" \/>\n<meta property=\"og:title\" content=\"Individuelle Blisterverpackung (B+) - MousePad24.eu\" \/>\n<meta property=\"og:description\" content=\"\ud83d\udcbc Moderne Blisterverpackung mit vollfarbiger R\u00fcckseite ist eine hervorragende M\u00f6glichkeit, Eleganz mit Marketingkommunikation zu verbinden. \ud83d\udd39 Transparente PET-Folie (ca. 0,4 mm), perfekt an die Form des Mauspads angepasst, sch\u00fctzt das Produkt, und die bedruckte Kartonr\u00fcckseite bildet einen attraktiven Hintergrund \u2013 sie kann Werbung, ein Logo oder eine Produktbeschreibung enthalten. \u2728 Eine solche Verpackung zieht die Blicke auf sich und vermittelt den Eindruck eines kompletten, exklusiven Werbegeschenks.\" \/>\n<meta property=\"og:url\" content=\"https:\/\/mousepad24.eu\/de\/produkt\/individual-blister-b\/\" \/>\n<meta property=\"og:site_name\" content=\"MousePad24.eu\" \/>\n<meta property=\"article:publisher\" content=\"https:\/\/www.facebook.com\/mousepad24\/\" \/>\n<meta property=\"article:modified_time\" content=\"2026-03-24T11:26:15+00:00\" \/>\n<meta property=\"og:image\" content=\"https:\/\/mousepad24.eu\/wp-content\/uploads\/2023\/04\/b_plus_main-01.webp\" \/>\n\t<meta property=\"og:image:width\" content=\"2502\" \/>\n\t<meta property=\"og:image:height\" content=\"2502\" \/>\n\t<meta property=\"og:image:type\" content=\"image\/webp\" \/>\n<meta name=\"twitter:card\" content=\"summary_large_image\" \/>\n<meta name=\"twitter:label1\" content=\"Gesch\u00e4tzte Lesezeit\" \/>\n\t<meta name=\"twitter:data1\" content=\"1\u00a0Minute\" \/>\n<script type=\"application\/ld+json\" class=\"yoast-schema-graph\">{\"@context\":\"https:\\\/\\\/schema.org\",\"@graph\":[{\"@type\":\"WebPage\",\"@id\":\"https:\\\/\\\/mousepad24.eu\\\/de\\\/produkt\\\/individual-blister-b\\\/\",\"url\":\"https:\\\/\\\/mousepad24.eu\\\/de\\\/produkt\\\/individual-blister-b\\\/\",\"name\":\"Individuelle Blisterverpackung (B+) - MousePad24.eu\",\"isPartOf\":{\"@id\":\"https:\\\/\\\/mousepad24.eu\\\/#website\"},\"primaryImageOfPage\":{\"@id\":\"https:\\\/\\\/mousepad24.eu\\\/de\\\/produkt\\\/individual-blister-b\\\/#primaryimage\"},\"image\":{\"@id\":\"https:\\\/\\\/mousepad24.eu\\\/de\\\/produkt\\\/individual-blister-b\\\/#primaryimage\"},\"thumbnailUrl\":\"https:\\\/\\\/mousepad24.eu\\\/wp-content\\\/uploads\\\/2023\\\/04\\\/b_plus_main-01.webp\",\"datePublished\":\"2023-04-18T10:22:53+00:00\",\"dateModified\":\"2026-03-24T11:26:15+00:00\",\"breadcrumb\":{\"@id\":\"https:\\\/\\\/mousepad24.eu\\\/de\\\/produkt\\\/individual-blister-b\\\/#breadcrumb\"},\"inLanguage\":\"de\",\"potentialAction\":[{\"@type\":\"ReadAction\",\"target\":[\"https:\\\/\\\/mousepad24.eu\\\/de\\\/produkt\\\/individual-blister-b\\\/\"]}]},{\"@type\":\"ImageObject\",\"inLanguage\":\"de\",\"@id\":\"https:\\\/\\\/mousepad24.eu\\\/de\\\/produkt\\\/individual-blister-b\\\/#primaryimage\",\"url\":\"https:\\\/\\\/mousepad24.eu\\\/wp-content\\\/uploads\\\/2023\\\/04\\\/b_plus_main-01.webp\",\"contentUrl\":\"https:\\\/\\\/mousepad24.eu\\\/wp-content\\\/uploads\\\/2023\\\/04\\\/b_plus_main-01.webp\",\"width\":2502,\"height\":2502},{\"@type\":\"BreadcrumbList\",\"@id\":\"https:\\\/\\\/mousepad24.eu\\\/de\\\/produkt\\\/individual-blister-b\\\/#breadcrumb\",\"itemListElement\":[{\"@type\":\"ListItem\",\"position\":1,\"name\":\"Startseite\",\"item\":\"https:\\\/\\\/mousepad24.eu\\\/de\\\/\"},{\"@type\":\"ListItem\",\"position\":2,\"name\":\"Shop\",\"item\":\"https:\\\/\\\/mousepad24.eu\\\/de\\\/\"},{\"@type\":\"ListItem\",\"position\":3,\"name\":\"Individuelle Blisterverpackung (B+)\"}]},{\"@type\":\"WebSite\",\"@id\":\"https:\\\/\\\/mousepad24.eu\\\/#website\",\"url\":\"https:\\\/\\\/mousepad24.eu\\\/\",\"name\":\"MousePad24.eu\",\"description\":\"{:en}Personalizowane podk\u0142adki pod mysz{:}{:pl}Personalised Mouse Pads{:}{:de}Werbe MousePads{:}\",\"publisher\":{\"@id\":\"https:\\\/\\\/mousepad24.eu\\\/#organization\"},\"potentialAction\":[{\"@type\":\"SearchAction\",\"target\":{\"@type\":\"EntryPoint\",\"urlTemplate\":\"https:\\\/\\\/mousepad24.eu\\\/?s={search_term_string}\"},\"query-input\":{\"@type\":\"PropertyValueSpecification\",\"valueRequired\":true,\"valueName\":\"search_term_string\"}}],\"inLanguage\":\"de\"},{\"@type\":\"Organization\",\"@id\":\"https:\\\/\\\/mousepad24.eu\\\/#organization\",\"name\":\"MousePad24.eu\",\"url\":\"https:\\\/\\\/mousepad24.eu\\\/\",\"logo\":{\"@type\":\"ImageObject\",\"inLanguage\":\"de\",\"@id\":\"https:\\\/\\\/mousepad24.eu\\\/#\\\/schema\\\/logo\\\/image\\\/\",\"url\":\"https:\\\/\\\/mousepad24.eu\\\/wp-content\\\/uploads\\\/2022\\\/12\\\/MOUSEPAD24_logo_curv_OK-1.png\",\"contentUrl\":\"https:\\\/\\\/mousepad24.eu\\\/wp-content\\\/uploads\\\/2022\\\/12\\\/MOUSEPAD24_logo_curv_OK-1.png\",\"width\":1024,\"height\":75,\"caption\":\"MousePad24.eu\"},\"image\":{\"@id\":\"https:\\\/\\\/mousepad24.eu\\\/#\\\/schema\\\/logo\\\/image\\\/\"},\"sameAs\":[\"https:\\\/\\\/www.facebook.com\\\/mousepad24\\\/\",\"https:\\\/\\\/www.instagram.com\\\/mousepad24.eu\\\/\",\"https:\\\/\\\/www.linkedin.com\\\/company\\\/podkladki24-mousepad24\\\/\"]}]}<\/script>\n<!-- \/ Yoast SEO plugin. -->","yoast_head_json":{"title":"Individuelle Blisterverpackung (B+) - MousePad24.eu","robots":{"index":"index","follow":"follow","max-snippet":"max-snippet:-1","max-image-preview":"max-image-preview:large","max-video-preview":"max-video-preview:-1"},"og_locale":"de_DE","og_type":"article","og_title":"Individuelle Blisterverpackung (B+) - MousePad24.eu","og_description":"\ud83d\udcbc Moderne Blisterverpackung mit vollfarbiger R\u00fcckseite ist eine hervorragende M\u00f6glichkeit, Eleganz mit Marketingkommunikation zu verbinden. \ud83d\udd39 Transparente PET-Folie (ca. 0,4 mm), perfekt an die Form des Mauspads angepasst, sch\u00fctzt das Produkt, und die bedruckte Kartonr\u00fcckseite bildet einen attraktiven Hintergrund \u2013 sie kann Werbung, ein Logo oder eine Produktbeschreibung enthalten. \u2728 Eine solche Verpackung zieht die Blicke auf sich und vermittelt den Eindruck eines kompletten, exklusiven Werbegeschenks.","og_url":"https:\/\/mousepad24.eu\/de\/produkt\/individual-blister-b\/","og_site_name":"MousePad24.eu","article_publisher":"https:\/\/www.facebook.com\/mousepad24\/","article_modified_time":"2026-03-24T11:26:15+00:00","og_image":[{"width":2502,"height":2502,"url":"https:\/\/mousepad24.eu\/wp-content\/uploads\/2023\/04\/b_plus_main-01.webp","type":"image\/webp"}],"twitter_card":"summary_large_image","twitter_misc":{"Gesch\u00e4tzte Lesezeit":"1\u00a0Minute"},"schema":{"@context":"https:\/\/schema.org","@graph":[{"@type":"WebPage","@id":"https:\/\/mousepad24.eu\/de\/produkt\/individual-blister-b\/","url":"https:\/\/mousepad24.eu\/de\/produkt\/individual-blister-b\/","name":"Individuelle Blisterverpackung (B+) - MousePad24.eu","isPartOf":{"@id":"https:\/\/mousepad24.eu\/#website"},"primaryImageOfPage":{"@id":"https:\/\/mousepad24.eu\/de\/produkt\/individual-blister-b\/#primaryimage"},"image":{"@id":"https:\/\/mousepad24.eu\/de\/produkt\/individual-blister-b\/#primaryimage"},"thumbnailUrl":"https:\/\/mousepad24.eu\/wp-content\/uploads\/2023\/04\/b_plus_main-01.webp","datePublished":"2023-04-18T10:22:53+00:00","dateModified":"2026-03-24T11:26:15+00:00","breadcrumb":{"@id":"https:\/\/mousepad24.eu\/de\/produkt\/individual-blister-b\/#breadcrumb"},"inLanguage":"de","potentialAction":[{"@type":"ReadAction","target":["https:\/\/mousepad24.eu\/de\/produkt\/individual-blister-b\/"]}]},{"@type":"ImageObject","inLanguage":"de","@id":"https:\/\/mousepad24.eu\/de\/produkt\/individual-blister-b\/#primaryimage","url":"https:\/\/mousepad24.eu\/wp-content\/uploads\/2023\/04\/b_plus_main-01.webp","contentUrl":"https:\/\/mousepad24.eu\/wp-content\/uploads\/2023\/04\/b_plus_main-01.webp","width":2502,"height":2502},{"@type":"BreadcrumbList","@id":"https:\/\/mousepad24.eu\/de\/produkt\/individual-blister-b\/#breadcrumb","itemListElement":[{"@type":"ListItem","position":1,"name":"Startseite","item":"https:\/\/mousepad24.eu\/de\/"},{"@type":"ListItem","position":2,"name":"Shop","item":"https:\/\/mousepad24.eu\/de\/"},{"@type":"ListItem","position":3,"name":"Individuelle Blisterverpackung (B+)"}]},{"@type":"WebSite","@id":"https:\/\/mousepad24.eu\/#website","url":"https:\/\/mousepad24.eu\/","name":"MousePad24.eu","description":"{:en}Personalizowane podk\u0142adki pod mysz{:}{:pl}Personalised Mouse Pads{:}{:de}Werbe MousePads{:}","publisher":{"@id":"https:\/\/mousepad24.eu\/#organization"},"potentialAction":[{"@type":"SearchAction","target":{"@type":"EntryPoint","urlTemplate":"https:\/\/mousepad24.eu\/?s={search_term_string}"},"query-input":{"@type":"PropertyValueSpecification","valueRequired":true,"valueName":"search_term_string"}}],"inLanguage":"de"},{"@type":"Organization","@id":"https:\/\/mousepad24.eu\/#organization","name":"MousePad24.eu","url":"https:\/\/mousepad24.eu\/","logo":{"@type":"ImageObject","inLanguage":"de","@id":"https:\/\/mousepad24.eu\/#\/schema\/logo\/image\/","url":"https:\/\/mousepad24.eu\/wp-content\/uploads\/2022\/12\/MOUSEPAD24_logo_curv_OK-1.png","contentUrl":"https:\/\/mousepad24.eu\/wp-content\/uploads\/2022\/12\/MOUSEPAD24_logo_curv_OK-1.png","width":1024,"height":75,"caption":"MousePad24.eu"},"image":{"@id":"https:\/\/mousepad24.eu\/#\/schema\/logo\/image\/"},"sameAs":["https:\/\/www.facebook.com\/mousepad24\/","https:\/\/www.instagram.com\/mousepad24.eu\/","https:\/\/www.linkedin.com\/company\/podkladki24-mousepad24\/"]}]}},"_links":{"self":[{"href":"https:\/\/mousepad24.eu\/de\/wp-json\/wp\/v2\/product\/45239","targetHints":{"allow":["GET"]}}],"collection":[{"href":"https:\/\/mousepad24.eu\/de\/wp-json\/wp\/v2\/product"}],"about":[{"href":"https:\/\/mousepad24.eu\/de\/wp-json\/wp\/v2\/types\/product"}],"wp:featuredmedia":[{"embeddable":true,"href":"https:\/\/mousepad24.eu\/de\/wp-json\/wp\/v2\/media\/48443"}],"wp:attachment":[{"href":"https:\/\/mousepad24.eu\/de\/wp-json\/wp\/v2\/media?parent=45239"}],"wp:term":[{"taxonomy":"product_brand","embeddable":true,"href":"https:\/\/mousepad24.eu\/de\/wp-json\/wp\/v2\/product_brand?post=45239"},{"taxonomy":"product_cat","embeddable":true,"href":"https:\/\/mousepad24.eu\/de\/wp-json\/wp\/v2\/product_cat?post=45239"},{"taxonomy":"product_tag","embeddable":true,"href":"https:\/\/mousepad24.eu\/de\/wp-json\/wp\/v2\/product_tag?post=45239"}],"curies":[{"name":"wp","href":"https:\/\/api.w.org\/{rel}","templated":true}]}}