{"id":45243,"date":"2023-04-18T22:12:50","date_gmt":"2023-04-18T20:12:50","guid":{"rendered":"https:\/\/jnpnki27nc.onrocket.site\/produkt\/transparent-gel-mauspad\/"},"modified":"2026-03-24T12:19:02","modified_gmt":"2026-03-24T11:19:02","slug":"transparent-gel-mauspad-tmp-02","status":"publish","type":"product","link":"https:\/\/mousepad24.eu\/de\/produkt\/transparent-gel-mauspad-tmp-02\/","title":{"rendered":"Transparentes Gel-Mauspad \/TMP (02)\/"},"content":{"rendered":"<p>Das Mauspad vom Typ TMP (Transparent Mouse Pad) ist ein ergonomisches, transparentes Mauspad aus hochwertigen synthetischen Materialien, das sowohl Funktionalit\u00e4t als auch vollst\u00e4ndige Personalisierung der Arbeitsfl\u00e4che bietet.<\/p>\n<h5 data-start=\"2211\" data-end=\"2237\">Premium-Produkt \u2013 es verbindet Eleganz mit Funktionalit\u00e4t.<\/h5>\n<h4 data-start=\"2211\" data-end=\"2237\">\u2705 <strong data-start=\"2217\" data-end=\"2237\">Produktvorteile:<\/strong><\/h4>\n<ul data-start=\"2239\" data-end=\"2688\">\n<li data-start=\"2239\" data-end=\"2310\">\n<p data-start=\"2241\" data-end=\"2310\">\ud83d\udd12 <strong data-start=\"2244\" data-end=\"2259\">Stabilit\u00e4t:<\/strong> Die rutschfeste Unterseite h\u00e4lt das Mauspad an Ort und Stelle.<\/p>\n<\/li>\n<li data-start=\"2311\" data-end=\"2390\">\n<p data-start=\"2313\" data-end=\"2390\">\ud83c\udfaf <strong data-start=\"2316\" data-end=\"2329\">Pr\u00e4zision:<\/strong> <strong data-start=\"86\" data-end=\"151\">Die Oberfl\u00e4che des Mauspads ist mit Mikrovertiefungen ger\u00e4ndelt<\/strong>, was eine hervorragende Pr\u00e4zision bei der Verfolgung von Mausbewegungen gew\u00e4hrleistet und Lichtreflexionen reduziert. Diese Struktur verbessert den Arbeitskomfort und erh\u00f6ht die Nutzungsdauer des Produkts. <\/p>\n<\/li>\n<li data-start=\"2391\" data-end=\"2463\">\n<p data-start=\"2393\" data-end=\"2463\">\ud83d\udca7 <strong data-start=\"2396\" data-end=\"2419\">Hygiene und Langlebigkeit:<\/strong> Leicht zu reinigen, schmutzabweisend.<\/p>\n<\/li>\n<li data-start=\"2464\" data-end=\"2537\">\n<p data-start=\"2466\" data-end=\"2537\">\ud83d\udda8\ufe0f <strong data-start=\"2470\" data-end=\"2482\">UV-Druck:<\/strong> Hohe Druckqualit\u00e4t \u2013 ideal f\u00fcr Firmenbranding<\/p>\n<p><img fetchpriority=\"high\" decoding=\"async\" class=\"alignnone size-medium wp-image-67719\" src=\"https:\/\/mousepad24.eu\/wp-content\/uploads\/2023\/04\/transparent-gel-mouse-pad-300x300.png\" alt=\"Desk Pad Pro \u2013 Transparentes Gel-Mauspad\" width=\"300\" height=\"300\"><\/li>\n<\/ul>\n","protected":false},"excerpt":{"rendered":"<p>Das Maus- und Handgelenkpad ist aus transparentem Material gefertigt. Es verf\u00fcgt \u00fcber eine leicht zu reinigende und angenehm anzufassende Oberfl\u00e4che. Die rutschfeste Unterseite verhindert ein Verrutschen des Mauspads auf dem Schreibtisch. Es ist ein Premium-Produkt, das die beste Handunterst\u00fctzung bietet. Das Mauspad hat eine universelle Form, die sowohl f\u00fcr Rechts- als auch f\u00fcr Linksh\u00e4nder geeignet ist.<br \/>\nDie gro\u00dfe Oberfl\u00e4che des Mauspads erm\u00f6glicht einen weiten Bewegungsbereich f\u00fcr die Maus. Es ist f\u00fcr Personen gedacht, die professionelle, hochwertige Ausstattung sch\u00e4tzen und ihrem Interieur einen modernen, ja sogar futuristischen Charakter verleihen m\u00f6chten.     <\/p>\n","protected":false},"featured_media":49619,"template":"","meta":[],"product_brand":[],"product_cat":[532],"product_tag":[1262,1263,1646,1258,1257,1264,1265,1253,1468,1254,1261,1256,1266,1644,1259,1255,561,1643,1648,1645,1260,1647],"class_list":{"0":"post-45243","1":"product","2":"type-product","3":"status-publish","4":"has-post-thumbnail","6":"product_cat-transparente-gel-mauspad","7":"product_tag-arbeitserleichterung","8":"product_tag-benutzerfreundlichkeit","9":"product_tag-bestes-mauspad","10":"product_tag-buro","11":"product_tag-computerzubehor","12":"product_tag-design-de","13":"product_tag-effizienz","14":"product_tag-ergonomisch","15":"product_tag-farbiges-mauspad","16":"product_tag-gel","17":"product_tag-gesundheit","18":"product_tag-handgelenkstutze","19":"product_tag-hochwertige-materialien","20":"product_tag-hochwertige-mauspads","21":"product_tag-homeoffice","22":"product_tag-komfort-de","23":"product_tag-mauspad","24":"product_tag-mauspad-mit-werbeaufdruck","25":"product_tag-maustpads-mit-werbeaufdruck","26":"product_tag-professionelles-mauspad","27":"product_tag-rutschfest","28":"product_tag-werbegeschenke","29":"fpd-variation-needed","31":"first","32":"instock","33":"taxable","34":"shipping-taxable","35":"purchasable","36":"product-type-variable"},"yoast_head":"<!-- This site is optimized with the Yoast SEO plugin v27.3 - https:\/\/yoast.com\/product\/yoast-seo-wordpress\/ -->\n<title>Transparentes Gel-Mauspad \/TMP (02)\/ - MousePad24.eu<\/title>\n<meta name=\"robots\" content=\"index, follow, max-snippet:-1, max-image-preview:large, max-video-preview:-1\" \/>\n<meta property=\"og:locale\" content=\"de_DE\" \/>\n<meta property=\"og:type\" content=\"article\" \/>\n<meta property=\"og:title\" content=\"Transparentes Gel-Mauspad \/TMP (02)\/ - MousePad24.eu\" \/>\n<meta property=\"og:description\" content=\"Das Maus- und Handgelenkpad ist aus transparentem Material gefertigt. Es verf\u00fcgt \u00fcber eine leicht zu reinigende und angenehm anzufassende Oberfl\u00e4che. Die rutschfeste Unterseite verhindert ein Verrutschen des Mauspads auf dem Schreibtisch. Es ist ein Premium-Produkt, das die beste Handunterst\u00fctzung bietet. Das Mauspad hat eine universelle Form, die sowohl f\u00fcr Rechts- als auch f\u00fcr Linksh\u00e4nder geeignet ist. Die gro\u00dfe Oberfl\u00e4che des Mauspads erm\u00f6glicht einen weiten Bewegungsbereich f\u00fcr die Maus. Es ist f\u00fcr Personen gedacht, die professionelle, hochwertige Ausstattung sch\u00e4tzen und ihrem Interieur einen modernen, ja sogar futuristischen Charakter verleihen m\u00f6chten.\" \/>\n<meta property=\"og:url\" content=\"https:\/\/mousepad24.eu\/de\/produkt\/transparent-gel-mauspad-tmp-02\/\" \/>\n<meta property=\"og:site_name\" content=\"MousePad24.eu\" \/>\n<meta property=\"article:publisher\" content=\"https:\/\/www.facebook.com\/mousepad24\/\" \/>\n<meta property=\"article:modified_time\" content=\"2026-03-24T11:19:02+00:00\" \/>\n<meta property=\"og:image\" content=\"https:\/\/mousepad24.eu\/wp-content\/uploads\/2023\/04\/tmp_02-2.webp\" \/>\n\t<meta property=\"og:image:width\" content=\"2560\" \/>\n\t<meta property=\"og:image:height\" content=\"2560\" \/>\n\t<meta property=\"og:image:type\" content=\"image\/webp\" \/>\n<meta name=\"twitter:card\" content=\"summary_large_image\" \/>\n<meta name=\"twitter:label1\" content=\"Gesch\u00e4tzte Lesezeit\" \/>\n\t<meta name=\"twitter:data1\" content=\"1\u00a0Minute\" \/>\n<script type=\"application\/ld+json\" class=\"yoast-schema-graph\">{\"@context\":\"https:\\\/\\\/schema.org\",\"@graph\":[{\"@type\":\"WebPage\",\"@id\":\"https:\\\/\\\/mousepad24.eu\\\/de\\\/produkt\\\/transparent-gel-mauspad-tmp-02\\\/\",\"url\":\"https:\\\/\\\/mousepad24.eu\\\/de\\\/produkt\\\/transparent-gel-mauspad-tmp-02\\\/\",\"name\":\"Transparentes Gel-Mauspad \\\/TMP (02)\\\/ - MousePad24.eu\",\"isPartOf\":{\"@id\":\"https:\\\/\\\/mousepad24.eu\\\/#website\"},\"primaryImageOfPage\":{\"@id\":\"https:\\\/\\\/mousepad24.eu\\\/de\\\/produkt\\\/transparent-gel-mauspad-tmp-02\\\/#primaryimage\"},\"image\":{\"@id\":\"https:\\\/\\\/mousepad24.eu\\\/de\\\/produkt\\\/transparent-gel-mauspad-tmp-02\\\/#primaryimage\"},\"thumbnailUrl\":\"https:\\\/\\\/mousepad24.eu\\\/wp-content\\\/uploads\\\/2023\\\/04\\\/tmp_02-2.webp\",\"datePublished\":\"2023-04-18T20:12:50+00:00\",\"dateModified\":\"2026-03-24T11:19:02+00:00\",\"breadcrumb\":{\"@id\":\"https:\\\/\\\/mousepad24.eu\\\/de\\\/produkt\\\/transparent-gel-mauspad-tmp-02\\\/#breadcrumb\"},\"inLanguage\":\"de\",\"potentialAction\":[{\"@type\":\"ReadAction\",\"target\":[\"https:\\\/\\\/mousepad24.eu\\\/de\\\/produkt\\\/transparent-gel-mauspad-tmp-02\\\/\"]}]},{\"@type\":\"ImageObject\",\"inLanguage\":\"de\",\"@id\":\"https:\\\/\\\/mousepad24.eu\\\/de\\\/produkt\\\/transparent-gel-mauspad-tmp-02\\\/#primaryimage\",\"url\":\"https:\\\/\\\/mousepad24.eu\\\/wp-content\\\/uploads\\\/2023\\\/04\\\/tmp_02-2.webp\",\"contentUrl\":\"https:\\\/\\\/mousepad24.eu\\\/wp-content\\\/uploads\\\/2023\\\/04\\\/tmp_02-2.webp\",\"width\":2560,\"height\":2560},{\"@type\":\"BreadcrumbList\",\"@id\":\"https:\\\/\\\/mousepad24.eu\\\/de\\\/produkt\\\/transparent-gel-mauspad-tmp-02\\\/#breadcrumb\",\"itemListElement\":[{\"@type\":\"ListItem\",\"position\":1,\"name\":\"Startseite\",\"item\":\"https:\\\/\\\/mousepad24.eu\\\/de\\\/\"},{\"@type\":\"ListItem\",\"position\":2,\"name\":\"Shop\",\"item\":\"https:\\\/\\\/mousepad24.eu\\\/de\\\/\"},{\"@type\":\"ListItem\",\"position\":3,\"name\":\"Transparentes Gel-Mauspad \\\/TMP (02)\\\/\"}]},{\"@type\":\"WebSite\",\"@id\":\"https:\\\/\\\/mousepad24.eu\\\/#website\",\"url\":\"https:\\\/\\\/mousepad24.eu\\\/\",\"name\":\"MousePad24.eu\",\"description\":\"{:en}Personalizowane podk\u0142adki pod mysz{:}{:pl}Personalised Mouse Pads{:}{:de}Werbe MousePads{:}\",\"publisher\":{\"@id\":\"https:\\\/\\\/mousepad24.eu\\\/#organization\"},\"potentialAction\":[{\"@type\":\"SearchAction\",\"target\":{\"@type\":\"EntryPoint\",\"urlTemplate\":\"https:\\\/\\\/mousepad24.eu\\\/?s={search_term_string}\"},\"query-input\":{\"@type\":\"PropertyValueSpecification\",\"valueRequired\":true,\"valueName\":\"search_term_string\"}}],\"inLanguage\":\"de\"},{\"@type\":\"Organization\",\"@id\":\"https:\\\/\\\/mousepad24.eu\\\/#organization\",\"name\":\"MousePad24.eu\",\"url\":\"https:\\\/\\\/mousepad24.eu\\\/\",\"logo\":{\"@type\":\"ImageObject\",\"inLanguage\":\"de\",\"@id\":\"https:\\\/\\\/mousepad24.eu\\\/#\\\/schema\\\/logo\\\/image\\\/\",\"url\":\"https:\\\/\\\/mousepad24.eu\\\/wp-content\\\/uploads\\\/2022\\\/12\\\/MOUSEPAD24_logo_curv_OK-1.png\",\"contentUrl\":\"https:\\\/\\\/mousepad24.eu\\\/wp-content\\\/uploads\\\/2022\\\/12\\\/MOUSEPAD24_logo_curv_OK-1.png\",\"width\":1024,\"height\":75,\"caption\":\"MousePad24.eu\"},\"image\":{\"@id\":\"https:\\\/\\\/mousepad24.eu\\\/#\\\/schema\\\/logo\\\/image\\\/\"},\"sameAs\":[\"https:\\\/\\\/www.facebook.com\\\/mousepad24\\\/\",\"https:\\\/\\\/www.instagram.com\\\/mousepad24.eu\\\/\",\"https:\\\/\\\/www.linkedin.com\\\/company\\\/podkladki24-mousepad24\\\/\"]}]}<\/script>\n<!-- \/ Yoast SEO plugin. -->","yoast_head_json":{"title":"Transparentes Gel-Mauspad \/TMP (02)\/ - MousePad24.eu","robots":{"index":"index","follow":"follow","max-snippet":"max-snippet:-1","max-image-preview":"max-image-preview:large","max-video-preview":"max-video-preview:-1"},"og_locale":"de_DE","og_type":"article","og_title":"Transparentes Gel-Mauspad \/TMP (02)\/ - MousePad24.eu","og_description":"Das Maus- und Handgelenkpad ist aus transparentem Material gefertigt. Es verf\u00fcgt \u00fcber eine leicht zu reinigende und angenehm anzufassende Oberfl\u00e4che. Die rutschfeste Unterseite verhindert ein Verrutschen des Mauspads auf dem Schreibtisch. Es ist ein Premium-Produkt, das die beste Handunterst\u00fctzung bietet. Das Mauspad hat eine universelle Form, die sowohl f\u00fcr Rechts- als auch f\u00fcr Linksh\u00e4nder geeignet ist. Die gro\u00dfe Oberfl\u00e4che des Mauspads erm\u00f6glicht einen weiten Bewegungsbereich f\u00fcr die Maus. Es ist f\u00fcr Personen gedacht, die professionelle, hochwertige Ausstattung sch\u00e4tzen und ihrem Interieur einen modernen, ja sogar futuristischen Charakter verleihen m\u00f6chten.","og_url":"https:\/\/mousepad24.eu\/de\/produkt\/transparent-gel-mauspad-tmp-02\/","og_site_name":"MousePad24.eu","article_publisher":"https:\/\/www.facebook.com\/mousepad24\/","article_modified_time":"2026-03-24T11:19:02+00:00","og_image":[{"width":2560,"height":2560,"url":"https:\/\/mousepad24.eu\/wp-content\/uploads\/2023\/04\/tmp_02-2.webp","type":"image\/webp"}],"twitter_card":"summary_large_image","twitter_misc":{"Gesch\u00e4tzte Lesezeit":"1\u00a0Minute"},"schema":{"@context":"https:\/\/schema.org","@graph":[{"@type":"WebPage","@id":"https:\/\/mousepad24.eu\/de\/produkt\/transparent-gel-mauspad-tmp-02\/","url":"https:\/\/mousepad24.eu\/de\/produkt\/transparent-gel-mauspad-tmp-02\/","name":"Transparentes Gel-Mauspad \/TMP (02)\/ - MousePad24.eu","isPartOf":{"@id":"https:\/\/mousepad24.eu\/#website"},"primaryImageOfPage":{"@id":"https:\/\/mousepad24.eu\/de\/produkt\/transparent-gel-mauspad-tmp-02\/#primaryimage"},"image":{"@id":"https:\/\/mousepad24.eu\/de\/produkt\/transparent-gel-mauspad-tmp-02\/#primaryimage"},"thumbnailUrl":"https:\/\/mousepad24.eu\/wp-content\/uploads\/2023\/04\/tmp_02-2.webp","datePublished":"2023-04-18T20:12:50+00:00","dateModified":"2026-03-24T11:19:02+00:00","breadcrumb":{"@id":"https:\/\/mousepad24.eu\/de\/produkt\/transparent-gel-mauspad-tmp-02\/#breadcrumb"},"inLanguage":"de","potentialAction":[{"@type":"ReadAction","target":["https:\/\/mousepad24.eu\/de\/produkt\/transparent-gel-mauspad-tmp-02\/"]}]},{"@type":"ImageObject","inLanguage":"de","@id":"https:\/\/mousepad24.eu\/de\/produkt\/transparent-gel-mauspad-tmp-02\/#primaryimage","url":"https:\/\/mousepad24.eu\/wp-content\/uploads\/2023\/04\/tmp_02-2.webp","contentUrl":"https:\/\/mousepad24.eu\/wp-content\/uploads\/2023\/04\/tmp_02-2.webp","width":2560,"height":2560},{"@type":"BreadcrumbList","@id":"https:\/\/mousepad24.eu\/de\/produkt\/transparent-gel-mauspad-tmp-02\/#breadcrumb","itemListElement":[{"@type":"ListItem","position":1,"name":"Startseite","item":"https:\/\/mousepad24.eu\/de\/"},{"@type":"ListItem","position":2,"name":"Shop","item":"https:\/\/mousepad24.eu\/de\/"},{"@type":"ListItem","position":3,"name":"Transparentes Gel-Mauspad \/TMP (02)\/"}]},{"@type":"WebSite","@id":"https:\/\/mousepad24.eu\/#website","url":"https:\/\/mousepad24.eu\/","name":"MousePad24.eu","description":"{:en}Personalizowane podk\u0142adki pod mysz{:}{:pl}Personalised Mouse Pads{:}{:de}Werbe MousePads{:}","publisher":{"@id":"https:\/\/mousepad24.eu\/#organization"},"potentialAction":[{"@type":"SearchAction","target":{"@type":"EntryPoint","urlTemplate":"https:\/\/mousepad24.eu\/?s={search_term_string}"},"query-input":{"@type":"PropertyValueSpecification","valueRequired":true,"valueName":"search_term_string"}}],"inLanguage":"de"},{"@type":"Organization","@id":"https:\/\/mousepad24.eu\/#organization","name":"MousePad24.eu","url":"https:\/\/mousepad24.eu\/","logo":{"@type":"ImageObject","inLanguage":"de","@id":"https:\/\/mousepad24.eu\/#\/schema\/logo\/image\/","url":"https:\/\/mousepad24.eu\/wp-content\/uploads\/2022\/12\/MOUSEPAD24_logo_curv_OK-1.png","contentUrl":"https:\/\/mousepad24.eu\/wp-content\/uploads\/2022\/12\/MOUSEPAD24_logo_curv_OK-1.png","width":1024,"height":75,"caption":"MousePad24.eu"},"image":{"@id":"https:\/\/mousepad24.eu\/#\/schema\/logo\/image\/"},"sameAs":["https:\/\/www.facebook.com\/mousepad24\/","https:\/\/www.instagram.com\/mousepad24.eu\/","https:\/\/www.linkedin.com\/company\/podkladki24-mousepad24\/"]}]}},"_links":{"self":[{"href":"https:\/\/mousepad24.eu\/de\/wp-json\/wp\/v2\/product\/45243","targetHints":{"allow":["GET"]}}],"collection":[{"href":"https:\/\/mousepad24.eu\/de\/wp-json\/wp\/v2\/product"}],"about":[{"href":"https:\/\/mousepad24.eu\/de\/wp-json\/wp\/v2\/types\/product"}],"wp:featuredmedia":[{"embeddable":true,"href":"https:\/\/mousepad24.eu\/de\/wp-json\/wp\/v2\/media\/49619"}],"wp:attachment":[{"href":"https:\/\/mousepad24.eu\/de\/wp-json\/wp\/v2\/media?parent=45243"}],"wp:term":[{"taxonomy":"product_brand","embeddable":true,"href":"https:\/\/mousepad24.eu\/de\/wp-json\/wp\/v2\/product_brand?post=45243"},{"taxonomy":"product_cat","embeddable":true,"href":"https:\/\/mousepad24.eu\/de\/wp-json\/wp\/v2\/product_cat?post=45243"},{"taxonomy":"product_tag","embeddable":true,"href":"https:\/\/mousepad24.eu\/de\/wp-json\/wp\/v2\/product_tag?post=45243"}],"curies":[{"name":"wp","href":"https:\/\/api.w.org\/{rel}","templated":true}]}}