{"id":45244,"date":"2023-04-25T18:18:31","date_gmt":"2023-04-25T16:18:31","guid":{"rendered":"https:\/\/jnpnki27nc.onrocket.site\/produkt\/transparent-gel-mauspad-2\/"},"modified":"2026-03-24T12:17:45","modified_gmt":"2026-03-24T11:17:45","slug":"transparent-gel-mauspad-tmp-04","status":"publish","type":"product","link":"https:\/\/mousepad24.eu\/de\/produkt\/transparent-gel-mauspad-tmp-04\/","title":{"rendered":"Transparentes Gel-Mauspad \/TMP (04)\/"},"content":{"rendered":"","protected":false},"excerpt":{"rendered":"<div class=\"messageAndButtonWrapper\">\n<div class=\"messageWrapperText \">\n<div id=\"message-text-105269\" class=\"messageText\">Das Maus- und Handgelenkpad ist aus transparentem Material gefertigt. Es verf\u00fcgt \u00fcber eine leicht zu reinigende und angenehm anzufassende Oberfl\u00e4che. Die rutschfeste Unterseite verhindert ein Verrutschen des Mauspads auf dem Schreibtisch. Es ist ein Premium-Produkt, das die beste Handunterst\u00fctzung bietet. Das Mauspad hat eine universelle Form, die sowohl f\u00fcr Rechts- als auch f\u00fcr Linksh\u00e4nder geeignet ist.<br \/>\nDie gro\u00dfe Oberfl\u00e4che des Mauspads erm\u00f6glicht einen weiten Bewegungsbereich f\u00fcr die Maus. Es ist f\u00fcr Personen gedacht, die professionelle, hochwertige Ausstattung sch\u00e4tzen und ihrem Interieur einen modernen, ja sogar futuristischen Charakter verleihen m\u00f6chten.     <\/div>\n<\/div>\n<\/div>\n","protected":false},"featured_media":49625,"template":"","meta":[],"product_brand":[],"product_cat":[532],"product_tag":[1711,1710,1709,1257,1714,1718,1716,1720,1715,1719,1717,561,562,1713,1712,1749,1327,1459],"class_list":{"0":"post-45244","1":"product","2":"type-product","3":"status-publish","4":"has-post-thumbnail","6":"product_cat-transparente-gel-mauspad","7":"product_tag-buro-mauspad","8":"product_tag-burozubehor","9":"product_tag-computer-mauspad","10":"product_tag-computerzubehor","11":"product_tag-firmen-mauspad","12":"product_tag-fur-computerspiele","13":"product_tag-fur-das-buro","14":"product_tag-fur-die-arbeit-am-computer","15":"product_tag-fur-gamer","16":"product_tag-fur-laptops","17":"product_tag-homeoffice-2","18":"product_tag-mauspad","19":"product_tag-mauspad-mit-aufdruck","20":"product_tag-mauspad-mit-eigenem-aufdruck","21":"product_tag-personalisiertes-mauspad-2","22":"product_tag-sublimations-mauspad","23":"product_tag-werbe-mauspad-de","24":"product_tag-werbeartikel","25":"fpd-variation-needed","27":"first","28":"instock","29":"taxable","30":"shipping-taxable","31":"purchasable","32":"product-type-variable"},"yoast_head":"<!-- This site is optimized with the Yoast SEO plugin v27.3 - https:\/\/yoast.com\/product\/yoast-seo-wordpress\/ -->\n<title>Transparentes Gel-Mauspad \/TMP (04)\/ - MousePad24.eu<\/title>\n<meta name=\"robots\" content=\"index, follow, max-snippet:-1, max-image-preview:large, max-video-preview:-1\" \/>\n<meta property=\"og:locale\" content=\"de_DE\" \/>\n<meta property=\"og:type\" content=\"article\" \/>\n<meta property=\"og:title\" content=\"Transparentes Gel-Mauspad \/TMP (04)\/ - MousePad24.eu\" \/>\n<meta property=\"og:description\" content=\"Das Maus- und Handgelenkpad ist aus transparentem Material gefertigt. Es verf\u00fcgt \u00fcber eine leicht zu reinigende und angenehm anzufassende Oberfl\u00e4che. Die rutschfeste Unterseite verhindert ein Verrutschen des Mauspads auf dem Schreibtisch. Es ist ein Premium-Produkt, das die beste Handunterst\u00fctzung bietet. Das Mauspad hat eine universelle Form, die sowohl f\u00fcr Rechts- als auch f\u00fcr Linksh\u00e4nder geeignet ist. Die gro\u00dfe Oberfl\u00e4che des Mauspads erm\u00f6glicht einen weiten Bewegungsbereich f\u00fcr die Maus. Es ist f\u00fcr Personen gedacht, die professionelle, hochwertige Ausstattung sch\u00e4tzen und ihrem Interieur einen modernen, ja sogar futuristischen Charakter verleihen m\u00f6chten.\" \/>\n<meta property=\"og:url\" content=\"https:\/\/mousepad24.eu\/de\/produkt\/transparent-gel-mauspad-tmp-04\/\" \/>\n<meta property=\"og:site_name\" content=\"MousePad24.eu\" \/>\n<meta property=\"article:publisher\" content=\"https:\/\/www.facebook.com\/mousepad24\/\" \/>\n<meta property=\"article:modified_time\" content=\"2026-03-24T11:17:45+00:00\" \/>\n<meta property=\"og:image\" content=\"https:\/\/mousepad24.eu\/wp-content\/uploads\/2023\/04\/tmp_04-2.webp\" \/>\n\t<meta property=\"og:image:width\" content=\"2560\" \/>\n\t<meta property=\"og:image:height\" content=\"2560\" \/>\n\t<meta property=\"og:image:type\" content=\"image\/webp\" \/>\n<meta name=\"twitter:card\" content=\"summary_large_image\" \/>\n<meta name=\"twitter:label1\" content=\"Gesch\u00e4tzte Lesezeit\" \/>\n\t<meta name=\"twitter:data1\" content=\"1\u00a0Minute\" \/>\n<script type=\"application\/ld+json\" class=\"yoast-schema-graph\">{\"@context\":\"https:\\\/\\\/schema.org\",\"@graph\":[{\"@type\":\"WebPage\",\"@id\":\"https:\\\/\\\/mousepad24.eu\\\/de\\\/produkt\\\/transparent-gel-mauspad-tmp-04\\\/\",\"url\":\"https:\\\/\\\/mousepad24.eu\\\/de\\\/produkt\\\/transparent-gel-mauspad-tmp-04\\\/\",\"name\":\"Transparentes Gel-Mauspad \\\/TMP (04)\\\/ - MousePad24.eu\",\"isPartOf\":{\"@id\":\"https:\\\/\\\/mousepad24.eu\\\/#website\"},\"primaryImageOfPage\":{\"@id\":\"https:\\\/\\\/mousepad24.eu\\\/de\\\/produkt\\\/transparent-gel-mauspad-tmp-04\\\/#primaryimage\"},\"image\":{\"@id\":\"https:\\\/\\\/mousepad24.eu\\\/de\\\/produkt\\\/transparent-gel-mauspad-tmp-04\\\/#primaryimage\"},\"thumbnailUrl\":\"https:\\\/\\\/mousepad24.eu\\\/wp-content\\\/uploads\\\/2023\\\/04\\\/tmp_04-2.webp\",\"datePublished\":\"2023-04-25T16:18:31+00:00\",\"dateModified\":\"2026-03-24T11:17:45+00:00\",\"breadcrumb\":{\"@id\":\"https:\\\/\\\/mousepad24.eu\\\/de\\\/produkt\\\/transparent-gel-mauspad-tmp-04\\\/#breadcrumb\"},\"inLanguage\":\"de\",\"potentialAction\":[{\"@type\":\"ReadAction\",\"target\":[\"https:\\\/\\\/mousepad24.eu\\\/de\\\/produkt\\\/transparent-gel-mauspad-tmp-04\\\/\"]}]},{\"@type\":\"ImageObject\",\"inLanguage\":\"de\",\"@id\":\"https:\\\/\\\/mousepad24.eu\\\/de\\\/produkt\\\/transparent-gel-mauspad-tmp-04\\\/#primaryimage\",\"url\":\"https:\\\/\\\/mousepad24.eu\\\/wp-content\\\/uploads\\\/2023\\\/04\\\/tmp_04-2.webp\",\"contentUrl\":\"https:\\\/\\\/mousepad24.eu\\\/wp-content\\\/uploads\\\/2023\\\/04\\\/tmp_04-2.webp\",\"width\":2560,\"height\":2560},{\"@type\":\"BreadcrumbList\",\"@id\":\"https:\\\/\\\/mousepad24.eu\\\/de\\\/produkt\\\/transparent-gel-mauspad-tmp-04\\\/#breadcrumb\",\"itemListElement\":[{\"@type\":\"ListItem\",\"position\":1,\"name\":\"Startseite\",\"item\":\"https:\\\/\\\/mousepad24.eu\\\/de\\\/\"},{\"@type\":\"ListItem\",\"position\":2,\"name\":\"Shop\",\"item\":\"https:\\\/\\\/mousepad24.eu\\\/de\\\/\"},{\"@type\":\"ListItem\",\"position\":3,\"name\":\"Transparentes Gel-Mauspad \\\/TMP (04)\\\/\"}]},{\"@type\":\"WebSite\",\"@id\":\"https:\\\/\\\/mousepad24.eu\\\/#website\",\"url\":\"https:\\\/\\\/mousepad24.eu\\\/\",\"name\":\"MousePad24.eu\",\"description\":\"{:en}Personalizowane podk\u0142adki pod mysz{:}{:pl}Personalised Mouse Pads{:}{:de}Werbe MousePads{:}\",\"publisher\":{\"@id\":\"https:\\\/\\\/mousepad24.eu\\\/#organization\"},\"potentialAction\":[{\"@type\":\"SearchAction\",\"target\":{\"@type\":\"EntryPoint\",\"urlTemplate\":\"https:\\\/\\\/mousepad24.eu\\\/?s={search_term_string}\"},\"query-input\":{\"@type\":\"PropertyValueSpecification\",\"valueRequired\":true,\"valueName\":\"search_term_string\"}}],\"inLanguage\":\"de\"},{\"@type\":\"Organization\",\"@id\":\"https:\\\/\\\/mousepad24.eu\\\/#organization\",\"name\":\"MousePad24.eu\",\"url\":\"https:\\\/\\\/mousepad24.eu\\\/\",\"logo\":{\"@type\":\"ImageObject\",\"inLanguage\":\"de\",\"@id\":\"https:\\\/\\\/mousepad24.eu\\\/#\\\/schema\\\/logo\\\/image\\\/\",\"url\":\"https:\\\/\\\/mousepad24.eu\\\/wp-content\\\/uploads\\\/2022\\\/12\\\/MOUSEPAD24_logo_curv_OK-1.png\",\"contentUrl\":\"https:\\\/\\\/mousepad24.eu\\\/wp-content\\\/uploads\\\/2022\\\/12\\\/MOUSEPAD24_logo_curv_OK-1.png\",\"width\":1024,\"height\":75,\"caption\":\"MousePad24.eu\"},\"image\":{\"@id\":\"https:\\\/\\\/mousepad24.eu\\\/#\\\/schema\\\/logo\\\/image\\\/\"},\"sameAs\":[\"https:\\\/\\\/www.facebook.com\\\/mousepad24\\\/\",\"https:\\\/\\\/www.instagram.com\\\/mousepad24.eu\\\/\",\"https:\\\/\\\/www.linkedin.com\\\/company\\\/podkladki24-mousepad24\\\/\"]}]}<\/script>\n<!-- \/ Yoast SEO plugin. -->","yoast_head_json":{"title":"Transparentes Gel-Mauspad \/TMP (04)\/ - MousePad24.eu","robots":{"index":"index","follow":"follow","max-snippet":"max-snippet:-1","max-image-preview":"max-image-preview:large","max-video-preview":"max-video-preview:-1"},"og_locale":"de_DE","og_type":"article","og_title":"Transparentes Gel-Mauspad \/TMP (04)\/ - MousePad24.eu","og_description":"Das Maus- und Handgelenkpad ist aus transparentem Material gefertigt. Es verf\u00fcgt \u00fcber eine leicht zu reinigende und angenehm anzufassende Oberfl\u00e4che. Die rutschfeste Unterseite verhindert ein Verrutschen des Mauspads auf dem Schreibtisch. Es ist ein Premium-Produkt, das die beste Handunterst\u00fctzung bietet. Das Mauspad hat eine universelle Form, die sowohl f\u00fcr Rechts- als auch f\u00fcr Linksh\u00e4nder geeignet ist. Die gro\u00dfe Oberfl\u00e4che des Mauspads erm\u00f6glicht einen weiten Bewegungsbereich f\u00fcr die Maus. Es ist f\u00fcr Personen gedacht, die professionelle, hochwertige Ausstattung sch\u00e4tzen und ihrem Interieur einen modernen, ja sogar futuristischen Charakter verleihen m\u00f6chten.","og_url":"https:\/\/mousepad24.eu\/de\/produkt\/transparent-gel-mauspad-tmp-04\/","og_site_name":"MousePad24.eu","article_publisher":"https:\/\/www.facebook.com\/mousepad24\/","article_modified_time":"2026-03-24T11:17:45+00:00","og_image":[{"width":2560,"height":2560,"url":"https:\/\/mousepad24.eu\/wp-content\/uploads\/2023\/04\/tmp_04-2.webp","type":"image\/webp"}],"twitter_card":"summary_large_image","twitter_misc":{"Gesch\u00e4tzte Lesezeit":"1\u00a0Minute"},"schema":{"@context":"https:\/\/schema.org","@graph":[{"@type":"WebPage","@id":"https:\/\/mousepad24.eu\/de\/produkt\/transparent-gel-mauspad-tmp-04\/","url":"https:\/\/mousepad24.eu\/de\/produkt\/transparent-gel-mauspad-tmp-04\/","name":"Transparentes Gel-Mauspad \/TMP (04)\/ - MousePad24.eu","isPartOf":{"@id":"https:\/\/mousepad24.eu\/#website"},"primaryImageOfPage":{"@id":"https:\/\/mousepad24.eu\/de\/produkt\/transparent-gel-mauspad-tmp-04\/#primaryimage"},"image":{"@id":"https:\/\/mousepad24.eu\/de\/produkt\/transparent-gel-mauspad-tmp-04\/#primaryimage"},"thumbnailUrl":"https:\/\/mousepad24.eu\/wp-content\/uploads\/2023\/04\/tmp_04-2.webp","datePublished":"2023-04-25T16:18:31+00:00","dateModified":"2026-03-24T11:17:45+00:00","breadcrumb":{"@id":"https:\/\/mousepad24.eu\/de\/produkt\/transparent-gel-mauspad-tmp-04\/#breadcrumb"},"inLanguage":"de","potentialAction":[{"@type":"ReadAction","target":["https:\/\/mousepad24.eu\/de\/produkt\/transparent-gel-mauspad-tmp-04\/"]}]},{"@type":"ImageObject","inLanguage":"de","@id":"https:\/\/mousepad24.eu\/de\/produkt\/transparent-gel-mauspad-tmp-04\/#primaryimage","url":"https:\/\/mousepad24.eu\/wp-content\/uploads\/2023\/04\/tmp_04-2.webp","contentUrl":"https:\/\/mousepad24.eu\/wp-content\/uploads\/2023\/04\/tmp_04-2.webp","width":2560,"height":2560},{"@type":"BreadcrumbList","@id":"https:\/\/mousepad24.eu\/de\/produkt\/transparent-gel-mauspad-tmp-04\/#breadcrumb","itemListElement":[{"@type":"ListItem","position":1,"name":"Startseite","item":"https:\/\/mousepad24.eu\/de\/"},{"@type":"ListItem","position":2,"name":"Shop","item":"https:\/\/mousepad24.eu\/de\/"},{"@type":"ListItem","position":3,"name":"Transparentes Gel-Mauspad \/TMP (04)\/"}]},{"@type":"WebSite","@id":"https:\/\/mousepad24.eu\/#website","url":"https:\/\/mousepad24.eu\/","name":"MousePad24.eu","description":"{:en}Personalizowane podk\u0142adki pod mysz{:}{:pl}Personalised Mouse Pads{:}{:de}Werbe MousePads{:}","publisher":{"@id":"https:\/\/mousepad24.eu\/#organization"},"potentialAction":[{"@type":"SearchAction","target":{"@type":"EntryPoint","urlTemplate":"https:\/\/mousepad24.eu\/?s={search_term_string}"},"query-input":{"@type":"PropertyValueSpecification","valueRequired":true,"valueName":"search_term_string"}}],"inLanguage":"de"},{"@type":"Organization","@id":"https:\/\/mousepad24.eu\/#organization","name":"MousePad24.eu","url":"https:\/\/mousepad24.eu\/","logo":{"@type":"ImageObject","inLanguage":"de","@id":"https:\/\/mousepad24.eu\/#\/schema\/logo\/image\/","url":"https:\/\/mousepad24.eu\/wp-content\/uploads\/2022\/12\/MOUSEPAD24_logo_curv_OK-1.png","contentUrl":"https:\/\/mousepad24.eu\/wp-content\/uploads\/2022\/12\/MOUSEPAD24_logo_curv_OK-1.png","width":1024,"height":75,"caption":"MousePad24.eu"},"image":{"@id":"https:\/\/mousepad24.eu\/#\/schema\/logo\/image\/"},"sameAs":["https:\/\/www.facebook.com\/mousepad24\/","https:\/\/www.instagram.com\/mousepad24.eu\/","https:\/\/www.linkedin.com\/company\/podkladki24-mousepad24\/"]}]}},"_links":{"self":[{"href":"https:\/\/mousepad24.eu\/de\/wp-json\/wp\/v2\/product\/45244","targetHints":{"allow":["GET"]}}],"collection":[{"href":"https:\/\/mousepad24.eu\/de\/wp-json\/wp\/v2\/product"}],"about":[{"href":"https:\/\/mousepad24.eu\/de\/wp-json\/wp\/v2\/types\/product"}],"wp:featuredmedia":[{"embeddable":true,"href":"https:\/\/mousepad24.eu\/de\/wp-json\/wp\/v2\/media\/49625"}],"wp:attachment":[{"href":"https:\/\/mousepad24.eu\/de\/wp-json\/wp\/v2\/media?parent=45244"}],"wp:term":[{"taxonomy":"product_brand","embeddable":true,"href":"https:\/\/mousepad24.eu\/de\/wp-json\/wp\/v2\/product_brand?post=45244"},{"taxonomy":"product_cat","embeddable":true,"href":"https:\/\/mousepad24.eu\/de\/wp-json\/wp\/v2\/product_cat?post=45244"},{"taxonomy":"product_tag","embeddable":true,"href":"https:\/\/mousepad24.eu\/de\/wp-json\/wp\/v2\/product_tag?post=45244"}],"curies":[{"name":"wp","href":"https:\/\/api.w.org\/{rel}","templated":true}]}}