{"id":45245,"date":"2023-04-25T18:24:35","date_gmt":"2023-04-25T16:24:35","guid":{"rendered":"https:\/\/jnpnki27nc.onrocket.site\/produkt\/sublimations-mauspad-sewn-edges-2\/"},"modified":"2026-01-27T14:24:04","modified_gmt":"2026-01-27T13:24:04","slug":"sublimations-mauspad-sewn-edges-subs-00","status":"publish","type":"product","link":"https:\/\/mousepad24.eu\/de\/produkt\/sublimations-mauspad-sewn-edges-subs-00\/","title":{"rendered":"Mauspad mit gen\u00e4hten Kanten \/SUBS (00)\/"},"content":{"rendered":"<p>Mauspad aus hochwertigem Polyester auf flexiblem 5 mm dickem Gummi, mit gen\u00e4hten Kanten und der M\u00f6glichkeit zur Personalisierung. Ideal als Geschenk oder f\u00fcrs B\u00fcro \u2013 schon ab 1 St\u00fcck! <\/p>\n","protected":false},"excerpt":{"rendered":"<p>Mauspad f\u00fcr vollfarbigen Sublimationsdruck auf der gesamten Oberfl\u00e4che. Das Pad ist oben mit weichem und angenehm anzufassendem Polyester bedeckt und hat unten einen dicken, rutschfesten Gummi, dessen Funktion die D\u00e4mpfung ist. Die gen\u00e4hten Kanten verbessern das Aussehen des Mauspads und erh\u00f6hen seine Haltbarkeit. Die Dicke des Pads betr\u00e4gt bis zu 5 mm, was eine hervorragende D\u00e4mpfung gew\u00e4hrleistet.   <\/p>\n","protected":false},"featured_media":62147,"template":"","meta":[],"product_brand":[],"product_cat":[549],"product_tag":[1711,1710,1709,1257,1714,1718,1716,1720,1715,1719,1717,561,562,1713,1712,1749,1327,1459],"class_list":{"0":"post-45245","1":"product","2":"type-product","3":"status-publish","4":"has-post-thumbnail","6":"product_cat-mauspads-mit-umnahten-kanten","7":"product_tag-buro-mauspad","8":"product_tag-burozubehor","9":"product_tag-computer-mauspad","10":"product_tag-computerzubehor","11":"product_tag-firmen-mauspad","12":"product_tag-fur-computerspiele","13":"product_tag-fur-das-buro","14":"product_tag-fur-die-arbeit-am-computer","15":"product_tag-fur-gamer","16":"product_tag-fur-laptops","17":"product_tag-homeoffice-2","18":"product_tag-mauspad","19":"product_tag-mauspad-mit-aufdruck","20":"product_tag-mauspad-mit-eigenem-aufdruck","21":"product_tag-personalisiertes-mauspad-2","22":"product_tag-sublimations-mauspad","23":"product_tag-werbe-mauspad-de","24":"product_tag-werbeartikel","25":"fpd-variation-needed","27":"first","28":"instock","29":"taxable","30":"shipping-taxable","31":"purchasable","32":"product-type-variable"},"yoast_head":"<!-- This site is optimized with the Yoast SEO plugin v27.4 - https:\/\/yoast.com\/product\/yoast-seo-wordpress\/ -->\n<title>Mauspad mit gen\u00e4hten Kanten \/SUBS (00)\/ - MousePad24.eu<\/title>\n<meta name=\"description\" content=\"Mauspad aus hochwertigem Polyester auf flexiblem 5 mm dickem Gummi, mit gen\u00e4hten Kanten und der M\u00f6glichkeit zur Personalisierung. Ideal als Geschenk oder f\u00fcrs B\u00fcro \u2013 schon ab 1 St\u00fcck!\" \/>\n<meta name=\"robots\" content=\"index, follow, max-snippet:-1, max-image-preview:large, max-video-preview:-1\" \/>\n<meta property=\"og:locale\" content=\"de_DE\" \/>\n<meta property=\"og:type\" content=\"article\" \/>\n<meta property=\"og:title\" content=\"Mauspad mit gen\u00e4hten Kanten \/SUBS (00)\/ - MousePad24.eu\" \/>\n<meta property=\"og:description\" content=\"Mauspad aus hochwertigem Polyester auf flexiblem 5 mm dickem Gummi, mit gen\u00e4hten Kanten und der M\u00f6glichkeit zur Personalisierung. Ideal als Geschenk oder f\u00fcrs B\u00fcro \u2013 schon ab 1 St\u00fcck!\" \/>\n<meta property=\"og:url\" content=\"https:\/\/mousepad24.eu\/de\/produkt\/sublimations-mauspad-sewn-edges-subs-00\/\" \/>\n<meta property=\"og:site_name\" content=\"MousePad24.eu\" \/>\n<meta property=\"article:publisher\" content=\"https:\/\/www.facebook.com\/mousepad24\/\" \/>\n<meta property=\"article:modified_time\" content=\"2026-01-27T13:24:04+00:00\" \/>\n<meta property=\"og:image\" content=\"https:\/\/mousepad24.eu\/wp-content\/uploads\/2023\/04\/SUBS_00_blank-kopia.webp\" \/>\n\t<meta property=\"og:image:width\" content=\"2501\" \/>\n\t<meta property=\"og:image:height\" content=\"2501\" \/>\n\t<meta property=\"og:image:type\" content=\"image\/webp\" \/>\n<meta name=\"twitter:card\" content=\"summary_large_image\" \/>\n<meta name=\"twitter:label1\" content=\"Gesch\u00e4tzte Lesezeit\" \/>\n\t<meta name=\"twitter:data1\" content=\"1\u00a0Minute\" \/>\n<script type=\"application\/ld+json\" class=\"yoast-schema-graph\">{\"@context\":\"https:\\\/\\\/schema.org\",\"@graph\":[{\"@type\":\"WebPage\",\"@id\":\"https:\\\/\\\/mousepad24.eu\\\/de\\\/produkt\\\/sublimations-mauspad-sewn-edges-subs-00\\\/\",\"url\":\"https:\\\/\\\/mousepad24.eu\\\/de\\\/produkt\\\/sublimations-mauspad-sewn-edges-subs-00\\\/\",\"name\":\"Mauspad mit gen\u00e4hten Kanten \\\/SUBS (00)\\\/ - MousePad24.eu\",\"isPartOf\":{\"@id\":\"https:\\\/\\\/mousepad24.eu\\\/#website\"},\"primaryImageOfPage\":{\"@id\":\"https:\\\/\\\/mousepad24.eu\\\/de\\\/produkt\\\/sublimations-mauspad-sewn-edges-subs-00\\\/#primaryimage\"},\"image\":{\"@id\":\"https:\\\/\\\/mousepad24.eu\\\/de\\\/produkt\\\/sublimations-mauspad-sewn-edges-subs-00\\\/#primaryimage\"},\"thumbnailUrl\":\"https:\\\/\\\/mousepad24.eu\\\/wp-content\\\/uploads\\\/2023\\\/04\\\/SUBS_00_blank-kopia.webp\",\"datePublished\":\"2023-04-25T16:24:35+00:00\",\"dateModified\":\"2026-01-27T13:24:04+00:00\",\"description\":\"Mauspad aus hochwertigem Polyester auf flexiblem 5 mm dickem Gummi, mit gen\u00e4hten Kanten und der M\u00f6glichkeit zur Personalisierung. Ideal als Geschenk oder f\u00fcrs B\u00fcro \u2013 schon ab 1 St\u00fcck!\",\"breadcrumb\":{\"@id\":\"https:\\\/\\\/mousepad24.eu\\\/de\\\/produkt\\\/sublimations-mauspad-sewn-edges-subs-00\\\/#breadcrumb\"},\"inLanguage\":\"de\",\"potentialAction\":[{\"@type\":\"ReadAction\",\"target\":[\"https:\\\/\\\/mousepad24.eu\\\/de\\\/produkt\\\/sublimations-mauspad-sewn-edges-subs-00\\\/\"]}]},{\"@type\":\"ImageObject\",\"inLanguage\":\"de\",\"@id\":\"https:\\\/\\\/mousepad24.eu\\\/de\\\/produkt\\\/sublimations-mauspad-sewn-edges-subs-00\\\/#primaryimage\",\"url\":\"https:\\\/\\\/mousepad24.eu\\\/wp-content\\\/uploads\\\/2023\\\/04\\\/SUBS_00_blank-kopia.webp\",\"contentUrl\":\"https:\\\/\\\/mousepad24.eu\\\/wp-content\\\/uploads\\\/2023\\\/04\\\/SUBS_00_blank-kopia.webp\",\"width\":2501,\"height\":2501},{\"@type\":\"BreadcrumbList\",\"@id\":\"https:\\\/\\\/mousepad24.eu\\\/de\\\/produkt\\\/sublimations-mauspad-sewn-edges-subs-00\\\/#breadcrumb\",\"itemListElement\":[{\"@type\":\"ListItem\",\"position\":1,\"name\":\"Startseite\",\"item\":\"https:\\\/\\\/mousepad24.eu\\\/de\\\/\"},{\"@type\":\"ListItem\",\"position\":2,\"name\":\"Shop\",\"item\":\"https:\\\/\\\/mousepad24.eu\\\/de\\\/\"},{\"@type\":\"ListItem\",\"position\":3,\"name\":\"Mauspad mit gen\u00e4hten Kanten \\\/SUBS (00)\\\/\"}]},{\"@type\":\"WebSite\",\"@id\":\"https:\\\/\\\/mousepad24.eu\\\/#website\",\"url\":\"https:\\\/\\\/mousepad24.eu\\\/\",\"name\":\"MousePad24.eu\",\"description\":\"{:en}Personalizowane podk\u0142adki pod mysz{:}{:pl}Personalised Mouse Pads{:}{:de}Werbe MousePads{:}\",\"publisher\":{\"@id\":\"https:\\\/\\\/mousepad24.eu\\\/#organization\"},\"potentialAction\":[{\"@type\":\"SearchAction\",\"target\":{\"@type\":\"EntryPoint\",\"urlTemplate\":\"https:\\\/\\\/mousepad24.eu\\\/?s={search_term_string}\"},\"query-input\":{\"@type\":\"PropertyValueSpecification\",\"valueRequired\":true,\"valueName\":\"search_term_string\"}}],\"inLanguage\":\"de\"},{\"@type\":\"Organization\",\"@id\":\"https:\\\/\\\/mousepad24.eu\\\/#organization\",\"name\":\"MousePad24.eu\",\"url\":\"https:\\\/\\\/mousepad24.eu\\\/\",\"logo\":{\"@type\":\"ImageObject\",\"inLanguage\":\"de\",\"@id\":\"https:\\\/\\\/mousepad24.eu\\\/#\\\/schema\\\/logo\\\/image\\\/\",\"url\":\"https:\\\/\\\/mousepad24.eu\\\/wp-content\\\/uploads\\\/2022\\\/12\\\/MOUSEPAD24_logo_curv_OK-1.png\",\"contentUrl\":\"https:\\\/\\\/mousepad24.eu\\\/wp-content\\\/uploads\\\/2022\\\/12\\\/MOUSEPAD24_logo_curv_OK-1.png\",\"width\":1024,\"height\":75,\"caption\":\"MousePad24.eu\"},\"image\":{\"@id\":\"https:\\\/\\\/mousepad24.eu\\\/#\\\/schema\\\/logo\\\/image\\\/\"},\"sameAs\":[\"https:\\\/\\\/www.facebook.com\\\/mousepad24\\\/\",\"https:\\\/\\\/www.instagram.com\\\/mousepad24.eu\\\/\",\"https:\\\/\\\/www.linkedin.com\\\/company\\\/podkladki24-mousepad24\\\/\"]}]}<\/script>\n<!-- \/ Yoast SEO plugin. -->","yoast_head_json":{"title":"Mauspad mit gen\u00e4hten Kanten \/SUBS (00)\/ - MousePad24.eu","description":"Mauspad aus hochwertigem Polyester auf flexiblem 5 mm dickem Gummi, mit gen\u00e4hten Kanten und der M\u00f6glichkeit zur Personalisierung. Ideal als Geschenk oder f\u00fcrs B\u00fcro \u2013 schon ab 1 St\u00fcck!","robots":{"index":"index","follow":"follow","max-snippet":"max-snippet:-1","max-image-preview":"max-image-preview:large","max-video-preview":"max-video-preview:-1"},"og_locale":"de_DE","og_type":"article","og_title":"Mauspad mit gen\u00e4hten Kanten \/SUBS (00)\/ - MousePad24.eu","og_description":"Mauspad aus hochwertigem Polyester auf flexiblem 5 mm dickem Gummi, mit gen\u00e4hten Kanten und der M\u00f6glichkeit zur Personalisierung. Ideal als Geschenk oder f\u00fcrs B\u00fcro \u2013 schon ab 1 St\u00fcck!","og_url":"https:\/\/mousepad24.eu\/de\/produkt\/sublimations-mauspad-sewn-edges-subs-00\/","og_site_name":"MousePad24.eu","article_publisher":"https:\/\/www.facebook.com\/mousepad24\/","article_modified_time":"2026-01-27T13:24:04+00:00","og_image":[{"width":2501,"height":2501,"url":"https:\/\/mousepad24.eu\/wp-content\/uploads\/2023\/04\/SUBS_00_blank-kopia.webp","type":"image\/webp"}],"twitter_card":"summary_large_image","twitter_misc":{"Gesch\u00e4tzte Lesezeit":"1\u00a0Minute"},"schema":{"@context":"https:\/\/schema.org","@graph":[{"@type":"WebPage","@id":"https:\/\/mousepad24.eu\/de\/produkt\/sublimations-mauspad-sewn-edges-subs-00\/","url":"https:\/\/mousepad24.eu\/de\/produkt\/sublimations-mauspad-sewn-edges-subs-00\/","name":"Mauspad mit gen\u00e4hten Kanten \/SUBS (00)\/ - MousePad24.eu","isPartOf":{"@id":"https:\/\/mousepad24.eu\/#website"},"primaryImageOfPage":{"@id":"https:\/\/mousepad24.eu\/de\/produkt\/sublimations-mauspad-sewn-edges-subs-00\/#primaryimage"},"image":{"@id":"https:\/\/mousepad24.eu\/de\/produkt\/sublimations-mauspad-sewn-edges-subs-00\/#primaryimage"},"thumbnailUrl":"https:\/\/mousepad24.eu\/wp-content\/uploads\/2023\/04\/SUBS_00_blank-kopia.webp","datePublished":"2023-04-25T16:24:35+00:00","dateModified":"2026-01-27T13:24:04+00:00","description":"Mauspad aus hochwertigem Polyester auf flexiblem 5 mm dickem Gummi, mit gen\u00e4hten Kanten und der M\u00f6glichkeit zur Personalisierung. Ideal als Geschenk oder f\u00fcrs B\u00fcro \u2013 schon ab 1 St\u00fcck!","breadcrumb":{"@id":"https:\/\/mousepad24.eu\/de\/produkt\/sublimations-mauspad-sewn-edges-subs-00\/#breadcrumb"},"inLanguage":"de","potentialAction":[{"@type":"ReadAction","target":["https:\/\/mousepad24.eu\/de\/produkt\/sublimations-mauspad-sewn-edges-subs-00\/"]}]},{"@type":"ImageObject","inLanguage":"de","@id":"https:\/\/mousepad24.eu\/de\/produkt\/sublimations-mauspad-sewn-edges-subs-00\/#primaryimage","url":"https:\/\/mousepad24.eu\/wp-content\/uploads\/2023\/04\/SUBS_00_blank-kopia.webp","contentUrl":"https:\/\/mousepad24.eu\/wp-content\/uploads\/2023\/04\/SUBS_00_blank-kopia.webp","width":2501,"height":2501},{"@type":"BreadcrumbList","@id":"https:\/\/mousepad24.eu\/de\/produkt\/sublimations-mauspad-sewn-edges-subs-00\/#breadcrumb","itemListElement":[{"@type":"ListItem","position":1,"name":"Startseite","item":"https:\/\/mousepad24.eu\/de\/"},{"@type":"ListItem","position":2,"name":"Shop","item":"https:\/\/mousepad24.eu\/de\/"},{"@type":"ListItem","position":3,"name":"Mauspad mit gen\u00e4hten Kanten \/SUBS (00)\/"}]},{"@type":"WebSite","@id":"https:\/\/mousepad24.eu\/#website","url":"https:\/\/mousepad24.eu\/","name":"MousePad24.eu","description":"{:en}Personalizowane podk\u0142adki pod mysz{:}{:pl}Personalised Mouse Pads{:}{:de}Werbe MousePads{:}","publisher":{"@id":"https:\/\/mousepad24.eu\/#organization"},"potentialAction":[{"@type":"SearchAction","target":{"@type":"EntryPoint","urlTemplate":"https:\/\/mousepad24.eu\/?s={search_term_string}"},"query-input":{"@type":"PropertyValueSpecification","valueRequired":true,"valueName":"search_term_string"}}],"inLanguage":"de"},{"@type":"Organization","@id":"https:\/\/mousepad24.eu\/#organization","name":"MousePad24.eu","url":"https:\/\/mousepad24.eu\/","logo":{"@type":"ImageObject","inLanguage":"de","@id":"https:\/\/mousepad24.eu\/#\/schema\/logo\/image\/","url":"https:\/\/mousepad24.eu\/wp-content\/uploads\/2022\/12\/MOUSEPAD24_logo_curv_OK-1.png","contentUrl":"https:\/\/mousepad24.eu\/wp-content\/uploads\/2022\/12\/MOUSEPAD24_logo_curv_OK-1.png","width":1024,"height":75,"caption":"MousePad24.eu"},"image":{"@id":"https:\/\/mousepad24.eu\/#\/schema\/logo\/image\/"},"sameAs":["https:\/\/www.facebook.com\/mousepad24\/","https:\/\/www.instagram.com\/mousepad24.eu\/","https:\/\/www.linkedin.com\/company\/podkladki24-mousepad24\/"]}]}},"_links":{"self":[{"href":"https:\/\/mousepad24.eu\/de\/wp-json\/wp\/v2\/product\/45245","targetHints":{"allow":["GET"]}}],"collection":[{"href":"https:\/\/mousepad24.eu\/de\/wp-json\/wp\/v2\/product"}],"about":[{"href":"https:\/\/mousepad24.eu\/de\/wp-json\/wp\/v2\/types\/product"}],"wp:featuredmedia":[{"embeddable":true,"href":"https:\/\/mousepad24.eu\/de\/wp-json\/wp\/v2\/media\/62147"}],"wp:attachment":[{"href":"https:\/\/mousepad24.eu\/de\/wp-json\/wp\/v2\/media?parent=45245"}],"wp:term":[{"taxonomy":"product_brand","embeddable":true,"href":"https:\/\/mousepad24.eu\/de\/wp-json\/wp\/v2\/product_brand?post=45245"},{"taxonomy":"product_cat","embeddable":true,"href":"https:\/\/mousepad24.eu\/de\/wp-json\/wp\/v2\/product_cat?post=45245"},{"taxonomy":"product_tag","embeddable":true,"href":"https:\/\/mousepad24.eu\/de\/wp-json\/wp\/v2\/product_tag?post=45245"}],"curies":[{"name":"wp","href":"https:\/\/api.w.org\/{rel}","templated":true}]}}