{"id":67915,"date":"2025-07-25T17:11:24","date_gmt":"2025-07-25T15:11:24","guid":{"rendered":"https:\/\/jnpnki27nc.onrocket.site\/?post_type=product&#038;p=67915"},"modified":"2025-09-30T10:40:26","modified_gmt":"2025-09-30T08:40:26","slug":"mauspad-aus-schaumstoff-smp02-kopia-2","status":"publish","type":"product","link":"https:\/\/mousepad24.eu\/de\/produkt\/mauspad-aus-schaumstoff-smp02-kopia-2\/","title":{"rendered":"Schaumstoff-Mauspad \/SMP PRO (02)\/"},"content":{"rendered":"<div class=\"container\">\n<div class=\"left-div\" style=\"flex-grow: 1; text-align: left;\"><\/div>\n<div class=\"center-div\" style=\"width: 90%; background-color: white; position: relative;\">\n<article class=\"text-token-text-primary w-full\" dir=\"auto\" data-testid=\"conversation-turn-98\" data-scroll-anchor=\"false\">\n<div class=\"text-base my-auto mx-auto [--thread-content-margin:--spacing(4)] @[37rem]:[--thread-content-margin:--spacing(6)] @[72rem]:[--thread-content-margin:--spacing(16)] px-(--thread-content-margin)\">\n<div class=\"[--thread-content-max-width:32rem] @[34rem]:[--thread-content-max-width:40rem] @[64rem]:[--thread-content-max-width:48rem] mx-auto max-w-(--thread-content-max-width) flex-1 group\/turn-messages focus-visible:outline-hidden relative flex w-full min-w-0 flex-col agent-turn\" tabindex=\"-1\">\n<div class=\"flex max-w-full flex-col grow\">\n<div class=\"min-h-8 text-message relative flex w-full flex-col items-end gap-2 text-start break-words whitespace-normal [.text-message+&amp;]:mt-5\" dir=\"auto\" data-message-author-role=\"assistant\" data-message-id=\"6db8499a-7693-45d4-af10-b6c27dcb06a8\" data-message-model-slug=\"gpt-4o\">\n<div class=\"flex w-full flex-col gap-1 empty:hidden first:pt-[3px]\">\n<div class=\"markdown prose dark:prose-invert w-full break-words light\">\n<p data-start=\"117\" data-end=\"235\">\ud83d\uddb1\ufe0f <strong data-start=\"121\" data-end=\"235\">Schaumstoff-Mauspad mit ergonomischer Handgelenkauflage \u2013 Premium-Qualit\u00e4t zu einem \u00fcberraschend guten Preis<\/strong><\/p>\n<p data-start=\"237\" data-end=\"514\">Unser <strong data-start=\"243\" data-end=\"278\">ergonomisches Schaumstoff-Mauspad<\/strong> ist eine L\u00f6sung, die alles vereint, was Sie von einem modernen Schreibtischzubeh\u00f6r erwarten: <strong data-start=\"373\" data-end=\"384\">Komfort<\/strong>, <strong data-start=\"386\" data-end=\"398\">Langlebigkeit<\/strong>, <strong data-start=\"400\" data-end=\"418\">Funktionalit\u00e4t<\/strong> und <strong data-start=\"421\" data-end=\"433\">\u00c4sthetik<\/strong> \u2013 und das alles <strong data-start=\"450\" data-end=\"482\">ohne Qualit\u00e4tseinbu\u00dfen<\/strong> und <strong data-start=\"485\" data-end=\"513\">ohne das Budget zu sprengen<\/strong>.<\/p>\n<p data-start=\"516\" data-end=\"872\"><strong data-start=\"516\" data-end=\"568\">Die konturierte, erh\u00f6hte Handgelenkauflage<\/strong> gew\u00e4hrleistet eine nat\u00fcrliche Handhaltung und reduziert den Druck bei stundenlanger Computerarbeit. Die F\u00fcllung aus ausreichend weichem, elastischem <strong data-start=\"726\" data-end=\"750\">Premium-Schaumstoff<\/strong> garantiert Komfort und eine solide Unterst\u00fctzung f\u00fcr das Handgelenk \u2013 sowohl f\u00fcr <strong data-start=\"830\" data-end=\"847\">Rechtsh\u00e4nder<\/strong> als auch f\u00fcr <strong data-start=\"855\" data-end=\"871\">Linksh\u00e4nder<\/strong>. <\/p>\n<p data-start=\"874\" data-end=\"896\">\ud83c\udfaf <strong data-start=\"877\" data-end=\"896\">Warum es sich lohnt?<\/strong><\/p>\n<p data-start=\"898\" data-end=\"1496\">\u2013 <strong data-start=\"900\" data-end=\"925\">Premium-Produkt<\/strong> zu einem \u00e4u\u00dferst g\u00fcnstigen Preis<br data-start=\"954\" data-end=\"957\">\u2013 <strong data-start=\"959\" data-end=\"992\">Keine Kompromisse bei der Qualit\u00e4t<\/strong> \u2013 nur bew\u00e4hrte Materialien und perfekte Verarbeitung<br data-start=\"1045\" data-end=\"1048\">\u2013 <strong data-start=\"1050\" data-end=\"1074\">Ergonomische Form<\/strong> zur Unterst\u00fctzung einer gesunden Handhaltung<br data-start=\"1107\" data-end=\"1110\">\u2013 <strong data-start=\"1112\" data-end=\"1136\" data-is-only-node=\"\">Langlebigkeit und Widerstandsf\u00e4higkeit<\/strong> gegen t\u00e4glichen Verschlei\u00df<br data-start=\"1157\" data-end=\"1160\">\u2013 <strong data-start=\"1162\" data-end=\"1188\">Verf\u00fcgbar ab 1 St\u00fcck<\/strong> \u2013 ideal f\u00fcr Unternehmen, Schulen, Institutionen und Privatpersonen<br data-start=\"1248\" data-end=\"1251\">\u2013 M\u00f6glichkeit des vollfarbigen <strong data-start=\"1279\" data-end=\"1304\">Transferdrucks<\/strong> \u2013 idealer Platz f\u00fcr Logo, Grafik oder Werbeslogan<br data-start=\"1362\" data-end=\"1365\">\u2013 <strong data-start=\"1367\" data-end=\"1400\">Intensive, moderne Farben<\/strong>:<br data-start=\"1401\" data-end=\"1404\"><strong data-start=\"1406\" data-end=\"1416\">Schwarz<\/strong>, <strong data-start=\"1418\" data-end=\"1431\">Dunkelblau<\/strong>, <strong data-start=\"1433\" data-end=\"1442\">Grau<\/strong>, <strong data-start=\"1444\" data-end=\"1457\">Blau<\/strong>, <strong data-start=\"1459\" data-end=\"1471\">Rot<\/strong>, <strong data-start=\"1473\" data-end=\"1484\">Gr\u00fcn<\/strong>, <strong data-start=\"1486\" data-end=\"1496\">Rosa<\/strong><\/p>\n<p data-start=\"1498\" data-end=\"1677\">\ud83d\udca1 Das ist nicht nur ein Mauspad \u2013 es ist <strong data-start=\"1529\" data-end=\"1559\">ein praktisches Arbeitswerkzeug<\/strong> und <strong data-start=\"1562\" data-end=\"1589\">ein moderner Markentr\u00e4ger<\/strong>. Es bew\u00e4hrt sich im <strong data-start=\"1606\" data-end=\"1616\">B\u00fcro<\/strong>, <strong data-start=\"1618\" data-end=\"1633\">Homeoffice<\/strong>, <strong data-start=\"1635\" data-end=\"1645\">Schule<\/strong>, sowie im <strong data-start=\"1655\" data-end=\"1676\">Heimb\u00fcro<\/strong>. <\/p>\n<p data-start=\"1679\" data-end=\"1766\" data-is-last-node=\"\" data-is-only-node=\"\">\ud83d\ude80 <strong data-start=\"1682\" data-end=\"1766\" data-is-last-node=\"\">Wir gehen in die Zukunft der Mauspads \u2013 setzen Sie auf Komfort, der sich auszahlt.<\/strong><\/p>\n<\/div>\n<\/div>\n<\/div>\n<\/div>\n<\/div>\n<\/div>\n<\/article>\n<article class=\"text-token-text-primary w-full\" dir=\"auto\" data-testid=\"conversation-turn-99\" data-scroll-anchor=\"false\">\n<h5 class=\"sr-only\"><\/h5>\n<\/article>\n<\/div>\n<div class=\"right-div\" style=\"flex-grow: 1; background-color: white; margin-left: -18px; z-index: 100;\"><\/div>\n<\/div>\n","protected":false},"excerpt":{"rendered":"<div>\n<p style=\"text-align: left;\">\ud83d\uddb1\ufe0f <strong>Schaumstoff-Mauspad mit ergonomischer Auflage \u2013 Premium-Qualit\u00e4t zu einem g\u00fcnstigen Preis<\/strong><\/p>\n<p>Die konturierte St\u00fctzfl\u00e4che st\u00fctzt das Handgelenk und sorgt f\u00fcr Komfort bei stundenlanger Arbeit. Der weiche, elastische Premium-Schaumstoff reduziert den Druck auf die Hand, verbessert die Ergonomie und den Komfort \u2013 egal, ob Sie Rechts- oder Linksh\u00e4nder sind.<br \/>\n\ud83d\udccf <strong>Ma\u00dfe: 202 \u00d7 230 \u00d7 2 mm<\/strong> <\/p>\n<div id=\"more-description\" style=\"display: none;\">\n<p>\ud83c\udfaf <strong>Hauptmerkmale:<\/strong><\/p>\n<p>\u2013 ergonomische Form und langlebige Materialien<br \/>\n\u2013 Premium-Produkt ohne Qualit\u00e4tseinbu\u00dfen<br \/>\n\u2013 erh\u00e4ltlich ab 1 St\u00fcck \u2013 ideal f\u00fcr Unternehmen und Institutionen<br \/>\n\u2013 M\u00f6glichkeit des vollfarbigen Werbeaufdrucks<br \/>\n\u2013 moderne Farbpalette: Schwarz, Marineblau, Grau, Blau, Rot, Gr\u00fcn, Rosa<\/p>\n<p>\ud83d\udca1 Praktisches Arbeitsmittel und Tr\u00e4ger Ihrer Marke \u2013 f\u00fcr B\u00fcro, Zuhause und Firmen-Sets.<\/p>\n<\/div>\n<p><a href=\"#\">Mehr erfahren<\/a><\/p>\n<\/div>\n","protected":false},"featured_media":65236,"template":"","meta":[],"product_brand":[1489],"product_cat":[530],"product_tag":[1463,1711,1710,1709,1257,1324,1468,1714,1329,1464,1718,1716,1720,1715,1719,1717,1462,561,1331,1458,562,1713,1457,1469,1460,1712,1461,1467,1456,1721,1465,1327,1466,1459],"class_list":{"0":"post-67915","1":"product","2":"type-product","3":"status-publish","4":"has-post-thumbnail","6":"product_brand-smp-pro-de","7":"product_cat-schaum-mauspad","8":"product_tag-arbeitsplatzergonomie","9":"product_tag-buro-mauspad","10":"product_tag-burozubehor","11":"product_tag-computer-mauspad","12":"product_tag-computerzubehor","13":"product_tag-ergonomisches-mauspad","14":"product_tag-farbiges-mauspad","15":"product_tag-firmen-mauspad","16":"product_tag-firmengeschenk","17":"product_tag-firmenprodukt-mit-logo","18":"product_tag-fur-computerspiele","19":"product_tag-fur-das-buro","20":"product_tag-fur-die-arbeit-am-computer","21":"product_tag-fur-gamer","22":"product_tag-fur-laptops","23":"product_tag-homeoffice-2","24":"product_tag-komfort-bei-der-computerarbeit","25":"product_tag-mauspad","26":"product_tag-mauspad-fur-das-buro","27":"product_tag-mauspad-mit-aufdruck-de","28":"product_tag-mauspad-mit-aufdruck","29":"product_tag-mauspad-mit-eigenem-aufdruck","30":"product_tag-mauspad-mit-handgelenkauflage","31":"product_tag-mauspad-mit-logo-de","32":"product_tag-mitarbeitergeschenk","33":"product_tag-personalisiertes-mauspad-2","34":"product_tag-personalisiertes-mauspad","35":"product_tag-premium-schaumstoff","36":"product_tag-schaumstoff-mauspad","37":"product_tag-tastatur-und-mauspad","38":"product_tag-transferdruck","39":"product_tag-werbe-mauspad-de","40":"product_tag-werbe-mauspad-de-2","41":"product_tag-werbeartikel","42":"fpd-variation-needed","44":"first","45":"instock","46":"taxable","47":"shipping-taxable","48":"purchasable","49":"product-type-variable"},"yoast_head":"<!-- This site is optimized with the Yoast SEO plugin v27.3 - https:\/\/yoast.com\/product\/yoast-seo-wordpress\/ -->\n<title>Schaumstoff-Mauspad \/SMP PRO (02)\/ - MousePad24.eu<\/title>\n<meta name=\"description\" content=\"Ergonomisches Schaumstoff-Mauspad mit Handgelenkauflage \u2013 ideal f\u00fcr die t\u00e4gliche Arbeit am Computer. Die weiche Oberfl\u00e4che und die ergonomische Form sorgen f\u00fcr eine korrekte Handhaltung. M\u00f6glichkeit des vollfarbigen Werbeaufdrucks. Bequem, preiswert und universell \u2013 ein Schaumstoff-Mauspad f\u00fcr jeden Arbeitsplatz. Ideal als Firmengeschenk \u2013 Sie k\u00f6nnen ein Logo oder eine Grafik hinzuf\u00fcgen.\" \/>\n<meta name=\"robots\" content=\"index, follow, max-snippet:-1, max-image-preview:large, max-video-preview:-1\" \/>\n<meta property=\"og:locale\" content=\"de_DE\" \/>\n<meta property=\"og:type\" content=\"article\" \/>\n<meta property=\"og:title\" content=\"Schaumstoff-Mauspad \/SMP PRO (02)\/ - MousePad24.eu\" \/>\n<meta property=\"og:description\" content=\"Ergonomisches Schaumstoff-Mauspad mit Handgelenkauflage \u2013 ideal f\u00fcr die t\u00e4gliche Arbeit am Computer. Die weiche Oberfl\u00e4che und die ergonomische Form sorgen f\u00fcr eine korrekte Handhaltung. M\u00f6glichkeit des vollfarbigen Werbeaufdrucks. Bequem, preiswert und universell \u2013 ein Schaumstoff-Mauspad f\u00fcr jeden Arbeitsplatz. Ideal als Firmengeschenk \u2013 Sie k\u00f6nnen ein Logo oder eine Grafik hinzuf\u00fcgen.\" \/>\n<meta property=\"og:url\" content=\"https:\/\/mousepad24.eu\/de\/produkt\/mauspad-aus-schaumstoff-smp02-kopia-2\/\" \/>\n<meta property=\"og:site_name\" content=\"MousePad24.eu\" \/>\n<meta property=\"article:publisher\" content=\"https:\/\/www.facebook.com\/mousepad24\/\" \/>\n<meta property=\"article:modified_time\" content=\"2025-09-30T08:40:26+00:00\" \/>\n<meta property=\"og:image\" content=\"https:\/\/mousepad24.eu\/wp-content\/uploads\/2025\/07\/smp_02_pro_blank.webp\" \/>\n\t<meta property=\"og:image:width\" content=\"2500\" \/>\n\t<meta property=\"og:image:height\" content=\"2500\" \/>\n\t<meta property=\"og:image:type\" content=\"image\/webp\" \/>\n<meta name=\"twitter:card\" content=\"summary_large_image\" \/>\n<meta name=\"twitter:label1\" content=\"Gesch\u00e4tzte Lesezeit\" \/>\n\t<meta name=\"twitter:data1\" content=\"1\u00a0Minute\" \/>\n<script type=\"application\/ld+json\" class=\"yoast-schema-graph\">{\"@context\":\"https:\\\/\\\/schema.org\",\"@graph\":[{\"@type\":\"WebPage\",\"@id\":\"https:\\\/\\\/mousepad24.eu\\\/de\\\/produkt\\\/mauspad-aus-schaumstoff-smp02-kopia-2\\\/\",\"url\":\"https:\\\/\\\/mousepad24.eu\\\/de\\\/produkt\\\/mauspad-aus-schaumstoff-smp02-kopia-2\\\/\",\"name\":\"Schaumstoff-Mauspad \\\/SMP PRO (02)\\\/ - MousePad24.eu\",\"isPartOf\":{\"@id\":\"https:\\\/\\\/mousepad24.eu\\\/#website\"},\"primaryImageOfPage\":{\"@id\":\"https:\\\/\\\/mousepad24.eu\\\/de\\\/produkt\\\/mauspad-aus-schaumstoff-smp02-kopia-2\\\/#primaryimage\"},\"image\":{\"@id\":\"https:\\\/\\\/mousepad24.eu\\\/de\\\/produkt\\\/mauspad-aus-schaumstoff-smp02-kopia-2\\\/#primaryimage\"},\"thumbnailUrl\":\"https:\\\/\\\/mousepad24.eu\\\/wp-content\\\/uploads\\\/2025\\\/07\\\/smp_02_pro_blank.webp\",\"datePublished\":\"2025-07-25T15:11:24+00:00\",\"dateModified\":\"2025-09-30T08:40:26+00:00\",\"description\":\"Ergonomisches Schaumstoff-Mauspad mit Handgelenkauflage \u2013 ideal f\u00fcr die t\u00e4gliche Arbeit am Computer. Die weiche Oberfl\u00e4che und die ergonomische Form sorgen f\u00fcr eine korrekte Handhaltung. M\u00f6glichkeit des vollfarbigen Werbeaufdrucks. Bequem, preiswert und universell \u2013 ein Schaumstoff-Mauspad f\u00fcr jeden Arbeitsplatz. Ideal als Firmengeschenk \u2013 Sie k\u00f6nnen ein Logo oder eine Grafik hinzuf\u00fcgen.\",\"breadcrumb\":{\"@id\":\"https:\\\/\\\/mousepad24.eu\\\/de\\\/produkt\\\/mauspad-aus-schaumstoff-smp02-kopia-2\\\/#breadcrumb\"},\"inLanguage\":\"de\",\"potentialAction\":[{\"@type\":\"ReadAction\",\"target\":[\"https:\\\/\\\/mousepad24.eu\\\/de\\\/produkt\\\/mauspad-aus-schaumstoff-smp02-kopia-2\\\/\"]}]},{\"@type\":\"ImageObject\",\"inLanguage\":\"de\",\"@id\":\"https:\\\/\\\/mousepad24.eu\\\/de\\\/produkt\\\/mauspad-aus-schaumstoff-smp02-kopia-2\\\/#primaryimage\",\"url\":\"https:\\\/\\\/mousepad24.eu\\\/wp-content\\\/uploads\\\/2025\\\/07\\\/smp_02_pro_blank.webp\",\"contentUrl\":\"https:\\\/\\\/mousepad24.eu\\\/wp-content\\\/uploads\\\/2025\\\/07\\\/smp_02_pro_blank.webp\",\"width\":2500,\"height\":2500,\"caption\":\"Ergonomic foam mouse pad with wrist rest, black color\"},{\"@type\":\"BreadcrumbList\",\"@id\":\"https:\\\/\\\/mousepad24.eu\\\/de\\\/produkt\\\/mauspad-aus-schaumstoff-smp02-kopia-2\\\/#breadcrumb\",\"itemListElement\":[{\"@type\":\"ListItem\",\"position\":1,\"name\":\"Startseite\",\"item\":\"https:\\\/\\\/mousepad24.eu\\\/de\\\/\"},{\"@type\":\"ListItem\",\"position\":2,\"name\":\"Shop\",\"item\":\"https:\\\/\\\/mousepad24.eu\\\/de\\\/\"},{\"@type\":\"ListItem\",\"position\":3,\"name\":\"Schaumstoff-Mauspad \\\/SMP PRO (02)\\\/\"}]},{\"@type\":\"WebSite\",\"@id\":\"https:\\\/\\\/mousepad24.eu\\\/#website\",\"url\":\"https:\\\/\\\/mousepad24.eu\\\/\",\"name\":\"MousePad24.eu\",\"description\":\"{:en}Personalizowane podk\u0142adki pod mysz{:}{:pl}Personalised Mouse Pads{:}{:de}Werbe MousePads{:}\",\"publisher\":{\"@id\":\"https:\\\/\\\/mousepad24.eu\\\/#organization\"},\"potentialAction\":[{\"@type\":\"SearchAction\",\"target\":{\"@type\":\"EntryPoint\",\"urlTemplate\":\"https:\\\/\\\/mousepad24.eu\\\/?s={search_term_string}\"},\"query-input\":{\"@type\":\"PropertyValueSpecification\",\"valueRequired\":true,\"valueName\":\"search_term_string\"}}],\"inLanguage\":\"de\"},{\"@type\":\"Organization\",\"@id\":\"https:\\\/\\\/mousepad24.eu\\\/#organization\",\"name\":\"MousePad24.eu\",\"url\":\"https:\\\/\\\/mousepad24.eu\\\/\",\"logo\":{\"@type\":\"ImageObject\",\"inLanguage\":\"de\",\"@id\":\"https:\\\/\\\/mousepad24.eu\\\/#\\\/schema\\\/logo\\\/image\\\/\",\"url\":\"https:\\\/\\\/mousepad24.eu\\\/wp-content\\\/uploads\\\/2022\\\/12\\\/MOUSEPAD24_logo_curv_OK-1.png\",\"contentUrl\":\"https:\\\/\\\/mousepad24.eu\\\/wp-content\\\/uploads\\\/2022\\\/12\\\/MOUSEPAD24_logo_curv_OK-1.png\",\"width\":1024,\"height\":75,\"caption\":\"MousePad24.eu\"},\"image\":{\"@id\":\"https:\\\/\\\/mousepad24.eu\\\/#\\\/schema\\\/logo\\\/image\\\/\"},\"sameAs\":[\"https:\\\/\\\/www.facebook.com\\\/mousepad24\\\/\",\"https:\\\/\\\/www.instagram.com\\\/mousepad24.eu\\\/\",\"https:\\\/\\\/www.linkedin.com\\\/company\\\/podkladki24-mousepad24\\\/\"]}]}<\/script>\n<!-- \/ Yoast SEO plugin. -->","yoast_head_json":{"title":"Schaumstoff-Mauspad \/SMP PRO (02)\/ - MousePad24.eu","description":"Ergonomisches Schaumstoff-Mauspad mit Handgelenkauflage \u2013 ideal f\u00fcr die t\u00e4gliche Arbeit am Computer. Die weiche Oberfl\u00e4che und die ergonomische Form sorgen f\u00fcr eine korrekte Handhaltung. M\u00f6glichkeit des vollfarbigen Werbeaufdrucks. Bequem, preiswert und universell \u2013 ein Schaumstoff-Mauspad f\u00fcr jeden Arbeitsplatz. Ideal als Firmengeschenk \u2013 Sie k\u00f6nnen ein Logo oder eine Grafik hinzuf\u00fcgen.","robots":{"index":"index","follow":"follow","max-snippet":"max-snippet:-1","max-image-preview":"max-image-preview:large","max-video-preview":"max-video-preview:-1"},"og_locale":"de_DE","og_type":"article","og_title":"Schaumstoff-Mauspad \/SMP PRO (02)\/ - MousePad24.eu","og_description":"Ergonomisches Schaumstoff-Mauspad mit Handgelenkauflage \u2013 ideal f\u00fcr die t\u00e4gliche Arbeit am Computer. Die weiche Oberfl\u00e4che und die ergonomische Form sorgen f\u00fcr eine korrekte Handhaltung. M\u00f6glichkeit des vollfarbigen Werbeaufdrucks. Bequem, preiswert und universell \u2013 ein Schaumstoff-Mauspad f\u00fcr jeden Arbeitsplatz. Ideal als Firmengeschenk \u2013 Sie k\u00f6nnen ein Logo oder eine Grafik hinzuf\u00fcgen.","og_url":"https:\/\/mousepad24.eu\/de\/produkt\/mauspad-aus-schaumstoff-smp02-kopia-2\/","og_site_name":"MousePad24.eu","article_publisher":"https:\/\/www.facebook.com\/mousepad24\/","article_modified_time":"2025-09-30T08:40:26+00:00","og_image":[{"width":2500,"height":2500,"url":"https:\/\/mousepad24.eu\/wp-content\/uploads\/2025\/07\/smp_02_pro_blank.webp","type":"image\/webp"}],"twitter_card":"summary_large_image","twitter_misc":{"Gesch\u00e4tzte Lesezeit":"1\u00a0Minute"},"schema":{"@context":"https:\/\/schema.org","@graph":[{"@type":"WebPage","@id":"https:\/\/mousepad24.eu\/de\/produkt\/mauspad-aus-schaumstoff-smp02-kopia-2\/","url":"https:\/\/mousepad24.eu\/de\/produkt\/mauspad-aus-schaumstoff-smp02-kopia-2\/","name":"Schaumstoff-Mauspad \/SMP PRO (02)\/ - MousePad24.eu","isPartOf":{"@id":"https:\/\/mousepad24.eu\/#website"},"primaryImageOfPage":{"@id":"https:\/\/mousepad24.eu\/de\/produkt\/mauspad-aus-schaumstoff-smp02-kopia-2\/#primaryimage"},"image":{"@id":"https:\/\/mousepad24.eu\/de\/produkt\/mauspad-aus-schaumstoff-smp02-kopia-2\/#primaryimage"},"thumbnailUrl":"https:\/\/mousepad24.eu\/wp-content\/uploads\/2025\/07\/smp_02_pro_blank.webp","datePublished":"2025-07-25T15:11:24+00:00","dateModified":"2025-09-30T08:40:26+00:00","description":"Ergonomisches Schaumstoff-Mauspad mit Handgelenkauflage \u2013 ideal f\u00fcr die t\u00e4gliche Arbeit am Computer. Die weiche Oberfl\u00e4che und die ergonomische Form sorgen f\u00fcr eine korrekte Handhaltung. M\u00f6glichkeit des vollfarbigen Werbeaufdrucks. Bequem, preiswert und universell \u2013 ein Schaumstoff-Mauspad f\u00fcr jeden Arbeitsplatz. Ideal als Firmengeschenk \u2013 Sie k\u00f6nnen ein Logo oder eine Grafik hinzuf\u00fcgen.","breadcrumb":{"@id":"https:\/\/mousepad24.eu\/de\/produkt\/mauspad-aus-schaumstoff-smp02-kopia-2\/#breadcrumb"},"inLanguage":"de","potentialAction":[{"@type":"ReadAction","target":["https:\/\/mousepad24.eu\/de\/produkt\/mauspad-aus-schaumstoff-smp02-kopia-2\/"]}]},{"@type":"ImageObject","inLanguage":"de","@id":"https:\/\/mousepad24.eu\/de\/produkt\/mauspad-aus-schaumstoff-smp02-kopia-2\/#primaryimage","url":"https:\/\/mousepad24.eu\/wp-content\/uploads\/2025\/07\/smp_02_pro_blank.webp","contentUrl":"https:\/\/mousepad24.eu\/wp-content\/uploads\/2025\/07\/smp_02_pro_blank.webp","width":2500,"height":2500,"caption":"Ergonomic foam mouse pad with wrist rest, black color"},{"@type":"BreadcrumbList","@id":"https:\/\/mousepad24.eu\/de\/produkt\/mauspad-aus-schaumstoff-smp02-kopia-2\/#breadcrumb","itemListElement":[{"@type":"ListItem","position":1,"name":"Startseite","item":"https:\/\/mousepad24.eu\/de\/"},{"@type":"ListItem","position":2,"name":"Shop","item":"https:\/\/mousepad24.eu\/de\/"},{"@type":"ListItem","position":3,"name":"Schaumstoff-Mauspad \/SMP PRO (02)\/"}]},{"@type":"WebSite","@id":"https:\/\/mousepad24.eu\/#website","url":"https:\/\/mousepad24.eu\/","name":"MousePad24.eu","description":"{:en}Personalizowane podk\u0142adki pod mysz{:}{:pl}Personalised Mouse Pads{:}{:de}Werbe MousePads{:}","publisher":{"@id":"https:\/\/mousepad24.eu\/#organization"},"potentialAction":[{"@type":"SearchAction","target":{"@type":"EntryPoint","urlTemplate":"https:\/\/mousepad24.eu\/?s={search_term_string}"},"query-input":{"@type":"PropertyValueSpecification","valueRequired":true,"valueName":"search_term_string"}}],"inLanguage":"de"},{"@type":"Organization","@id":"https:\/\/mousepad24.eu\/#organization","name":"MousePad24.eu","url":"https:\/\/mousepad24.eu\/","logo":{"@type":"ImageObject","inLanguage":"de","@id":"https:\/\/mousepad24.eu\/#\/schema\/logo\/image\/","url":"https:\/\/mousepad24.eu\/wp-content\/uploads\/2022\/12\/MOUSEPAD24_logo_curv_OK-1.png","contentUrl":"https:\/\/mousepad24.eu\/wp-content\/uploads\/2022\/12\/MOUSEPAD24_logo_curv_OK-1.png","width":1024,"height":75,"caption":"MousePad24.eu"},"image":{"@id":"https:\/\/mousepad24.eu\/#\/schema\/logo\/image\/"},"sameAs":["https:\/\/www.facebook.com\/mousepad24\/","https:\/\/www.instagram.com\/mousepad24.eu\/","https:\/\/www.linkedin.com\/company\/podkladki24-mousepad24\/"]}]}},"_links":{"self":[{"href":"https:\/\/mousepad24.eu\/de\/wp-json\/wp\/v2\/product\/67915","targetHints":{"allow":["GET"]}}],"collection":[{"href":"https:\/\/mousepad24.eu\/de\/wp-json\/wp\/v2\/product"}],"about":[{"href":"https:\/\/mousepad24.eu\/de\/wp-json\/wp\/v2\/types\/product"}],"wp:featuredmedia":[{"embeddable":true,"href":"https:\/\/mousepad24.eu\/de\/wp-json\/wp\/v2\/media\/65236"}],"wp:attachment":[{"href":"https:\/\/mousepad24.eu\/de\/wp-json\/wp\/v2\/media?parent=67915"}],"wp:term":[{"taxonomy":"product_brand","embeddable":true,"href":"https:\/\/mousepad24.eu\/de\/wp-json\/wp\/v2\/product_brand?post=67915"},{"taxonomy":"product_cat","embeddable":true,"href":"https:\/\/mousepad24.eu\/de\/wp-json\/wp\/v2\/product_cat?post=67915"},{"taxonomy":"product_tag","embeddable":true,"href":"https:\/\/mousepad24.eu\/de\/wp-json\/wp\/v2\/product_tag?post=67915"}],"curies":[{"name":"wp","href":"https:\/\/api.w.org\/{rel}","templated":true}]}}