{"id":68194,"date":"2025-08-03T19:28:23","date_gmt":"2025-08-03T17:28:23","guid":{"rendered":"https:\/\/jnpnki27nc.onrocket.site\/?post_type=product&#038;p=68194"},"modified":"2025-12-29T11:11:13","modified_gmt":"2025-12-29T10:11:13","slug":"mauspad-mit-genahten-kanten-subs-00-kopia","status":"publish","type":"product","link":"https:\/\/mousepad24.eu\/de\/produkt\/mauspad-mit-genahten-kanten-subs-00-kopia\/","title":{"rendered":"Mauspad in individueller Form \/ SUB_C"},"content":{"rendered":"<p>\ud83c\udfa8 Sublimationsmauspad in individueller Form \u2013 Ihre Marke in einer neuen Dimension!<br \/>\n\ud83d\uddb1\ufe0f Die Personalisierung endet nicht beim Druck \u2013 jetzt k\u00f6nnen Sie nicht nur die Grafik, sondern auch die Form des Mauspads selbst gestalten! Dank der pr\u00e4zisen Schneidetechnologie aus dem A4-Format (210 \u00d7 297 mm) erstellen wir f\u00fcr Sie ein Mauspad, das Ihr Produkt, Ihr Logo oder Ihre kreative Vision widerspiegelt. <\/p>\n<p>\ud83c\udf1f Einzigartigkeit, die Blicke auf sich zieht<br \/>\n\u27a1\ufe0f Das Mauspad kann jede beliebige Form annehmen: Flasche, Telefon, Kamera, Schriftzug, Logo \u2013 die Grenzen setzt nur Ihre Vorstellungskraft!<br \/>\n\u27a1\ufe0f Dies ist eine vollst\u00e4ndige Personalisierung, die Ihr Gadget absolut einzigartig macht \u2013 ideal f\u00fcr Werbekampagnen, Veranstaltungen, Firmengeschenke oder den Einzelhandel.<\/p>\n<p>\u2705 Zus\u00e4tzliche Vorteile<br \/>\n\ud83d\uddb1\ufe0f Kompatibel mit allen Maustypen: optisch, Laser, kabellos<br \/>\n\ud83e\uddfc Leicht zu reinigende Oberfl\u00e4che<br \/>\n\ud83e\uddf2 Rutschfeste Unterseite \u2013 kein l\u00e4stiges Verrutschen auf dem Schreibtisch<br \/>\n\ud83d\udce6 Leicht und einfach zu verpacken \u2013 ideal f\u00fcr den Versand<\/p>\n<p>\ud83d\udca1 Gestalten Sie ein Mauspad, das die Geschichte Ihrer Marke erz\u00e4hlt \u2013 in einzigartiger Form und Farbe!<br \/>\nEs ist nicht nur ein funktionales Gadget, sondern ein vollwertiges Marketinginstrument, das dem Kunden lange in Erinnerung bleibt.<\/p>\n<p style=\"color: red;\">Der Preis kann variieren, wenn die Kundendatei zus\u00e4tzliche Bearbeitung erfordert, z.B. das Ausschneiden einer Form aus einem Foto.<\/p>\n","protected":false},"excerpt":{"rendered":"<p>\u2702\ufe0f Individuelle Form und vollfarbiger Druck<br \/>\n\u2714\ufe0f Material: weiches, angenehm anzufassendes Polyester mit dauerhaftem Sublimationsdruck<br \/>\n\u2714\ufe0f Unterseite: flexibles, rutschfestes Gummi (Dicke 1,5 mm) \u2013 Stabilit\u00e4t auf jeder Oberfl\u00e4che<br \/>\n\u2714\ufe0f Ausgangsformat: A4 \u2013 Form nach Ihrem Design zugeschnitten<br \/>\n\u2714\ufe0f Mindestbestellmenge f\u00fcr individuelle Formen: bereits ab 10 St\u00fcck<br \/>\n\u2714\ufe0f Bei Bestellungen unter 10 St\u00fcck gilt die klassische rechteckige Form (210 \u00d7 297 mm) <\/p>\n<p>\ud83c\udf1f Einzigartigkeit, die Blicke auf sich zieht<br \/>\n\u27a1\ufe0f Das Mauspad kann jede beliebige Form annehmen: Flasche, Telefon, Kamera, Schriftzug, Logo.<br \/>\n\u27a1\ufe0f Dies ist eine vollst\u00e4ndige Personalisierung, die Ihr Gadget absolut einzigartig macht \u2013 ideal f\u00fcr Werbekampagnen, Veranstaltungen, Firmengeschenke oder den Einzelhandel.<\/p>\n","protected":false},"featured_media":75326,"template":"","meta":[],"product_brand":[1495],"product_cat":[1551],"product_tag":[1258,1328,1711,1710,1709,1257,1264,1468,1714,1718,1716,1720,1715,1719,1266,1717,1499,561,1334,562,1713,1712,1260,1721,1327,1459],"class_list":{"0":"post-68194","1":"product","2":"type-product","3":"status-publish","4":"has-post-thumbnail","6":"product_brand-subli-pro","7":"product_cat-mauspads-in-individueller-form","8":"product_tag-buro","9":"product_tag-buro-gadget","10":"product_tag-buro-mauspad","11":"product_tag-burozubehor","12":"product_tag-computer-mauspad","13":"product_tag-computerzubehor","14":"product_tag-design-de","15":"product_tag-farbiges-mauspad","16":"product_tag-firmen-mauspad","17":"product_tag-fur-computerspiele","18":"product_tag-fur-das-buro","19":"product_tag-fur-die-arbeit-am-computer","20":"product_tag-fur-gamer","21":"product_tag-fur-laptops","22":"product_tag-hochwertige-materialien","23":"product_tag-homeoffice-2","24":"product_tag-individuelle-form-personalisiertes-mauspad-mauspad-mit-aufdruck","25":"product_tag-mauspad","26":"product_tag-mauspad-fur-sublimation","27":"product_tag-mauspad-mit-aufdruck","28":"product_tag-mauspad-mit-eigenem-aufdruck","29":"product_tag-personalisiertes-mauspad-2","30":"product_tag-rutschfest","31":"product_tag-tastatur-und-mauspad","32":"product_tag-werbe-mauspad-de","33":"product_tag-werbeartikel","34":"fpd-variation-needed","36":"first","37":"instock","38":"taxable","39":"shipping-taxable","40":"purchasable","41":"product-type-variable"},"yoast_head":"<!-- This site is optimized with the Yoast SEO plugin v27.3 - https:\/\/yoast.com\/product\/yoast-seo-wordpress\/ -->\n<title>Mauspad in individueller Form \/ SUB_C - MousePad24.eu<\/title>\n<meta name=\"description\" content=\"\ud83c\udfa8 Sublimationsmauspad in individueller Form \u2013 Ihre Marke in einer neuen Dimension!\ud83d\uddb1\ufe0f Die Personalisierung endet nicht beim Druck \u2013 jetzt k\u00f6nnen Sie nicht nur die Grafik, sondern auch die Form des Mauspads selbst gestalten! Dank der pr\u00e4zisen Schneidetechnologie aus dem A4-Format (210 \u00d7 297 mm) erstellen wir f\u00fcr Sie ein Mauspad, das Ihr Produkt, Ihr Logo oder Ihre kreative Vision widerspiegelt.\" \/>\n<meta name=\"robots\" content=\"index, follow, max-snippet:-1, max-image-preview:large, max-video-preview:-1\" \/>\n<meta property=\"og:locale\" content=\"de_DE\" \/>\n<meta property=\"og:type\" content=\"article\" \/>\n<meta property=\"og:title\" content=\"Mauspad in individueller Form \/ SUB_C - MousePad24.eu\" \/>\n<meta property=\"og:description\" content=\"\ud83c\udfa8 Sublimationsmauspad in individueller Form \u2013 Ihre Marke in einer neuen Dimension!\ud83d\uddb1\ufe0f Die Personalisierung endet nicht beim Druck \u2013 jetzt k\u00f6nnen Sie nicht nur die Grafik, sondern auch die Form des Mauspads selbst gestalten! Dank der pr\u00e4zisen Schneidetechnologie aus dem A4-Format (210 \u00d7 297 mm) erstellen wir f\u00fcr Sie ein Mauspad, das Ihr Produkt, Ihr Logo oder Ihre kreative Vision widerspiegelt.\" \/>\n<meta property=\"og:url\" content=\"https:\/\/mousepad24.eu\/de\/produkt\/mauspad-mit-genahten-kanten-subs-00-kopia\/\" \/>\n<meta property=\"og:site_name\" content=\"MousePad24.eu\" \/>\n<meta property=\"article:publisher\" content=\"https:\/\/www.facebook.com\/mousepad24\/\" \/>\n<meta property=\"article:modified_time\" content=\"2025-12-29T10:11:13+00:00\" \/>\n<meta property=\"og:image\" content=\"https:\/\/mousepad24.eu\/wp-content\/uploads\/2025\/08\/subc_all.jpg\" \/>\n\t<meta property=\"og:image:width\" content=\"2500\" \/>\n\t<meta property=\"og:image:height\" content=\"2500\" \/>\n\t<meta property=\"og:image:type\" content=\"image\/jpeg\" \/>\n<meta name=\"twitter:card\" content=\"summary_large_image\" \/>\n<meta name=\"twitter:label1\" content=\"Gesch\u00e4tzte Lesezeit\" \/>\n\t<meta name=\"twitter:data1\" content=\"1\u00a0Minute\" \/>\n<script type=\"application\/ld+json\" class=\"yoast-schema-graph\">{\"@context\":\"https:\\\/\\\/schema.org\",\"@graph\":[{\"@type\":\"WebPage\",\"@id\":\"https:\\\/\\\/mousepad24.eu\\\/de\\\/produkt\\\/mauspad-mit-genahten-kanten-subs-00-kopia\\\/\",\"url\":\"https:\\\/\\\/mousepad24.eu\\\/de\\\/produkt\\\/mauspad-mit-genahten-kanten-subs-00-kopia\\\/\",\"name\":\"Mauspad in individueller Form \\\/ SUB_C - MousePad24.eu\",\"isPartOf\":{\"@id\":\"https:\\\/\\\/mousepad24.eu\\\/#website\"},\"primaryImageOfPage\":{\"@id\":\"https:\\\/\\\/mousepad24.eu\\\/de\\\/produkt\\\/mauspad-mit-genahten-kanten-subs-00-kopia\\\/#primaryimage\"},\"image\":{\"@id\":\"https:\\\/\\\/mousepad24.eu\\\/de\\\/produkt\\\/mauspad-mit-genahten-kanten-subs-00-kopia\\\/#primaryimage\"},\"thumbnailUrl\":\"https:\\\/\\\/mousepad24.eu\\\/wp-content\\\/uploads\\\/2025\\\/08\\\/subc_all.jpg\",\"datePublished\":\"2025-08-03T17:28:23+00:00\",\"dateModified\":\"2025-12-29T10:11:13+00:00\",\"description\":\"\ud83c\udfa8 Sublimationsmauspad in individueller Form \u2013 Ihre Marke in einer neuen Dimension!\ud83d\uddb1\ufe0f Die Personalisierung endet nicht beim Druck \u2013 jetzt k\u00f6nnen Sie nicht nur die Grafik, sondern auch die Form des Mauspads selbst gestalten! Dank der pr\u00e4zisen Schneidetechnologie aus dem A4-Format (210 \u00d7 297 mm) erstellen wir f\u00fcr Sie ein Mauspad, das Ihr Produkt, Ihr Logo oder Ihre kreative Vision widerspiegelt.\",\"breadcrumb\":{\"@id\":\"https:\\\/\\\/mousepad24.eu\\\/de\\\/produkt\\\/mauspad-mit-genahten-kanten-subs-00-kopia\\\/#breadcrumb\"},\"inLanguage\":\"de\",\"potentialAction\":[{\"@type\":\"ReadAction\",\"target\":[\"https:\\\/\\\/mousepad24.eu\\\/de\\\/produkt\\\/mauspad-mit-genahten-kanten-subs-00-kopia\\\/\"]}]},{\"@type\":\"ImageObject\",\"inLanguage\":\"de\",\"@id\":\"https:\\\/\\\/mousepad24.eu\\\/de\\\/produkt\\\/mauspad-mit-genahten-kanten-subs-00-kopia\\\/#primaryimage\",\"url\":\"https:\\\/\\\/mousepad24.eu\\\/wp-content\\\/uploads\\\/2025\\\/08\\\/subc_all.jpg\",\"contentUrl\":\"https:\\\/\\\/mousepad24.eu\\\/wp-content\\\/uploads\\\/2025\\\/08\\\/subc_all.jpg\",\"width\":2500,\"height\":2500},{\"@type\":\"BreadcrumbList\",\"@id\":\"https:\\\/\\\/mousepad24.eu\\\/de\\\/produkt\\\/mauspad-mit-genahten-kanten-subs-00-kopia\\\/#breadcrumb\",\"itemListElement\":[{\"@type\":\"ListItem\",\"position\":1,\"name\":\"Startseite\",\"item\":\"https:\\\/\\\/mousepad24.eu\\\/de\\\/\"},{\"@type\":\"ListItem\",\"position\":2,\"name\":\"Shop\",\"item\":\"https:\\\/\\\/mousepad24.eu\\\/de\\\/\"},{\"@type\":\"ListItem\",\"position\":3,\"name\":\"Mauspad in individueller Form \\\/ SUB_C\"}]},{\"@type\":\"WebSite\",\"@id\":\"https:\\\/\\\/mousepad24.eu\\\/#website\",\"url\":\"https:\\\/\\\/mousepad24.eu\\\/\",\"name\":\"MousePad24.eu\",\"description\":\"{:en}Personalizowane podk\u0142adki pod mysz{:}{:pl}Personalised Mouse Pads{:}{:de}Werbe MousePads{:}\",\"publisher\":{\"@id\":\"https:\\\/\\\/mousepad24.eu\\\/#organization\"},\"potentialAction\":[{\"@type\":\"SearchAction\",\"target\":{\"@type\":\"EntryPoint\",\"urlTemplate\":\"https:\\\/\\\/mousepad24.eu\\\/?s={search_term_string}\"},\"query-input\":{\"@type\":\"PropertyValueSpecification\",\"valueRequired\":true,\"valueName\":\"search_term_string\"}}],\"inLanguage\":\"de\"},{\"@type\":\"Organization\",\"@id\":\"https:\\\/\\\/mousepad24.eu\\\/#organization\",\"name\":\"MousePad24.eu\",\"url\":\"https:\\\/\\\/mousepad24.eu\\\/\",\"logo\":{\"@type\":\"ImageObject\",\"inLanguage\":\"de\",\"@id\":\"https:\\\/\\\/mousepad24.eu\\\/#\\\/schema\\\/logo\\\/image\\\/\",\"url\":\"https:\\\/\\\/mousepad24.eu\\\/wp-content\\\/uploads\\\/2022\\\/12\\\/MOUSEPAD24_logo_curv_OK-1.png\",\"contentUrl\":\"https:\\\/\\\/mousepad24.eu\\\/wp-content\\\/uploads\\\/2022\\\/12\\\/MOUSEPAD24_logo_curv_OK-1.png\",\"width\":1024,\"height\":75,\"caption\":\"MousePad24.eu\"},\"image\":{\"@id\":\"https:\\\/\\\/mousepad24.eu\\\/#\\\/schema\\\/logo\\\/image\\\/\"},\"sameAs\":[\"https:\\\/\\\/www.facebook.com\\\/mousepad24\\\/\",\"https:\\\/\\\/www.instagram.com\\\/mousepad24.eu\\\/\",\"https:\\\/\\\/www.linkedin.com\\\/company\\\/podkladki24-mousepad24\\\/\"]}]}<\/script>\n<!-- \/ Yoast SEO plugin. -->","yoast_head_json":{"title":"Mauspad in individueller Form \/ SUB_C - MousePad24.eu","description":"\ud83c\udfa8 Sublimationsmauspad in individueller Form \u2013 Ihre Marke in einer neuen Dimension!\ud83d\uddb1\ufe0f Die Personalisierung endet nicht beim Druck \u2013 jetzt k\u00f6nnen Sie nicht nur die Grafik, sondern auch die Form des Mauspads selbst gestalten! Dank der pr\u00e4zisen Schneidetechnologie aus dem A4-Format (210 \u00d7 297 mm) erstellen wir f\u00fcr Sie ein Mauspad, das Ihr Produkt, Ihr Logo oder Ihre kreative Vision widerspiegelt.","robots":{"index":"index","follow":"follow","max-snippet":"max-snippet:-1","max-image-preview":"max-image-preview:large","max-video-preview":"max-video-preview:-1"},"og_locale":"de_DE","og_type":"article","og_title":"Mauspad in individueller Form \/ SUB_C - MousePad24.eu","og_description":"\ud83c\udfa8 Sublimationsmauspad in individueller Form \u2013 Ihre Marke in einer neuen Dimension!\ud83d\uddb1\ufe0f Die Personalisierung endet nicht beim Druck \u2013 jetzt k\u00f6nnen Sie nicht nur die Grafik, sondern auch die Form des Mauspads selbst gestalten! Dank der pr\u00e4zisen Schneidetechnologie aus dem A4-Format (210 \u00d7 297 mm) erstellen wir f\u00fcr Sie ein Mauspad, das Ihr Produkt, Ihr Logo oder Ihre kreative Vision widerspiegelt.","og_url":"https:\/\/mousepad24.eu\/de\/produkt\/mauspad-mit-genahten-kanten-subs-00-kopia\/","og_site_name":"MousePad24.eu","article_publisher":"https:\/\/www.facebook.com\/mousepad24\/","article_modified_time":"2025-12-29T10:11:13+00:00","og_image":[{"width":2500,"height":2500,"url":"https:\/\/mousepad24.eu\/wp-content\/uploads\/2025\/08\/subc_all.jpg","type":"image\/jpeg"}],"twitter_card":"summary_large_image","twitter_misc":{"Gesch\u00e4tzte Lesezeit":"1\u00a0Minute"},"schema":{"@context":"https:\/\/schema.org","@graph":[{"@type":"WebPage","@id":"https:\/\/mousepad24.eu\/de\/produkt\/mauspad-mit-genahten-kanten-subs-00-kopia\/","url":"https:\/\/mousepad24.eu\/de\/produkt\/mauspad-mit-genahten-kanten-subs-00-kopia\/","name":"Mauspad in individueller Form \/ SUB_C - MousePad24.eu","isPartOf":{"@id":"https:\/\/mousepad24.eu\/#website"},"primaryImageOfPage":{"@id":"https:\/\/mousepad24.eu\/de\/produkt\/mauspad-mit-genahten-kanten-subs-00-kopia\/#primaryimage"},"image":{"@id":"https:\/\/mousepad24.eu\/de\/produkt\/mauspad-mit-genahten-kanten-subs-00-kopia\/#primaryimage"},"thumbnailUrl":"https:\/\/mousepad24.eu\/wp-content\/uploads\/2025\/08\/subc_all.jpg","datePublished":"2025-08-03T17:28:23+00:00","dateModified":"2025-12-29T10:11:13+00:00","description":"\ud83c\udfa8 Sublimationsmauspad in individueller Form \u2013 Ihre Marke in einer neuen Dimension!\ud83d\uddb1\ufe0f Die Personalisierung endet nicht beim Druck \u2013 jetzt k\u00f6nnen Sie nicht nur die Grafik, sondern auch die Form des Mauspads selbst gestalten! Dank der pr\u00e4zisen Schneidetechnologie aus dem A4-Format (210 \u00d7 297 mm) erstellen wir f\u00fcr Sie ein Mauspad, das Ihr Produkt, Ihr Logo oder Ihre kreative Vision widerspiegelt.","breadcrumb":{"@id":"https:\/\/mousepad24.eu\/de\/produkt\/mauspad-mit-genahten-kanten-subs-00-kopia\/#breadcrumb"},"inLanguage":"de","potentialAction":[{"@type":"ReadAction","target":["https:\/\/mousepad24.eu\/de\/produkt\/mauspad-mit-genahten-kanten-subs-00-kopia\/"]}]},{"@type":"ImageObject","inLanguage":"de","@id":"https:\/\/mousepad24.eu\/de\/produkt\/mauspad-mit-genahten-kanten-subs-00-kopia\/#primaryimage","url":"https:\/\/mousepad24.eu\/wp-content\/uploads\/2025\/08\/subc_all.jpg","contentUrl":"https:\/\/mousepad24.eu\/wp-content\/uploads\/2025\/08\/subc_all.jpg","width":2500,"height":2500},{"@type":"BreadcrumbList","@id":"https:\/\/mousepad24.eu\/de\/produkt\/mauspad-mit-genahten-kanten-subs-00-kopia\/#breadcrumb","itemListElement":[{"@type":"ListItem","position":1,"name":"Startseite","item":"https:\/\/mousepad24.eu\/de\/"},{"@type":"ListItem","position":2,"name":"Shop","item":"https:\/\/mousepad24.eu\/de\/"},{"@type":"ListItem","position":3,"name":"Mauspad in individueller Form \/ SUB_C"}]},{"@type":"WebSite","@id":"https:\/\/mousepad24.eu\/#website","url":"https:\/\/mousepad24.eu\/","name":"MousePad24.eu","description":"{:en}Personalizowane podk\u0142adki pod mysz{:}{:pl}Personalised Mouse Pads{:}{:de}Werbe MousePads{:}","publisher":{"@id":"https:\/\/mousepad24.eu\/#organization"},"potentialAction":[{"@type":"SearchAction","target":{"@type":"EntryPoint","urlTemplate":"https:\/\/mousepad24.eu\/?s={search_term_string}"},"query-input":{"@type":"PropertyValueSpecification","valueRequired":true,"valueName":"search_term_string"}}],"inLanguage":"de"},{"@type":"Organization","@id":"https:\/\/mousepad24.eu\/#organization","name":"MousePad24.eu","url":"https:\/\/mousepad24.eu\/","logo":{"@type":"ImageObject","inLanguage":"de","@id":"https:\/\/mousepad24.eu\/#\/schema\/logo\/image\/","url":"https:\/\/mousepad24.eu\/wp-content\/uploads\/2022\/12\/MOUSEPAD24_logo_curv_OK-1.png","contentUrl":"https:\/\/mousepad24.eu\/wp-content\/uploads\/2022\/12\/MOUSEPAD24_logo_curv_OK-1.png","width":1024,"height":75,"caption":"MousePad24.eu"},"image":{"@id":"https:\/\/mousepad24.eu\/#\/schema\/logo\/image\/"},"sameAs":["https:\/\/www.facebook.com\/mousepad24\/","https:\/\/www.instagram.com\/mousepad24.eu\/","https:\/\/www.linkedin.com\/company\/podkladki24-mousepad24\/"]}]}},"_links":{"self":[{"href":"https:\/\/mousepad24.eu\/de\/wp-json\/wp\/v2\/product\/68194","targetHints":{"allow":["GET"]}}],"collection":[{"href":"https:\/\/mousepad24.eu\/de\/wp-json\/wp\/v2\/product"}],"about":[{"href":"https:\/\/mousepad24.eu\/de\/wp-json\/wp\/v2\/types\/product"}],"wp:featuredmedia":[{"embeddable":true,"href":"https:\/\/mousepad24.eu\/de\/wp-json\/wp\/v2\/media\/75326"}],"wp:attachment":[{"href":"https:\/\/mousepad24.eu\/de\/wp-json\/wp\/v2\/media?parent=68194"}],"wp:term":[{"taxonomy":"product_brand","embeddable":true,"href":"https:\/\/mousepad24.eu\/de\/wp-json\/wp\/v2\/product_brand?post=68194"},{"taxonomy":"product_cat","embeddable":true,"href":"https:\/\/mousepad24.eu\/de\/wp-json\/wp\/v2\/product_cat?post=68194"},{"taxonomy":"product_tag","embeddable":true,"href":"https:\/\/mousepad24.eu\/de\/wp-json\/wp\/v2\/product_tag?post=68194"}],"curies":[{"name":"wp","href":"https:\/\/api.w.org\/{rel}","templated":true}]}}