{"id":69248,"date":"2025-10-09T15:01:17","date_gmt":"2025-10-09T13:01:17","guid":{"rendered":"https:\/\/jnpnki27nc.onrocket.site\/produkt\/schaumstoff-mauspad-smppro-00\/"},"modified":"2026-03-24T12:09:53","modified_gmt":"2026-03-24T11:09:53","slug":"schaumstoff-mauspad-smppro-00","status":"publish","type":"product","link":"https:\/\/mousepad24.eu\/de\/produkt\/schaumstoff-mauspad-smppro-00\/","title":{"rendered":"Schaumstoff-Mauspad \/SMP_PRO (00)\/"},"content":{"rendered":"<p data-start=\"295\" data-end=\"592\">Universelles Mauspad aus leichtem, flexiblem Schaumstoff in elegantem Wei\u00df. Es sorgt f\u00fcr eine reibungslose und pr\u00e4zise Mausbewegung, und die weiche Oberfl\u00e4che garantiert stundenlangen Arbeitskomfort. Ideal sowohl f\u00fcr das B\u00fcro als auch f\u00fcr den Heim-Computerarbeitsplatz.  <\/p>\n<p data-start=\"594\" data-end=\"615\"><strong data-start=\"594\" data-end=\"613\">Produkteigenschaften:<\/strong><\/p>\n<ul data-start=\"616\" data-end=\"943\">\n<li data-start=\"616\" data-end=\"694\">\n<p data-start=\"618\" data-end=\"694\">Hergestellt aus hochwertigem Schaumstoff \u2013 langlebig, leicht und einfach zu reinigen<\/p>\n<\/li>\n<li data-start=\"695\" data-end=\"782\">\n<p data-start=\"697\" data-end=\"782\">Glatte Oberfl\u00e4che f\u00fcr reibungslose F\u00fchrung von optischen und Laser-M\u00e4usen<\/p>\n<\/li>\n<li data-start=\"783\" data-end=\"850\">\n<p data-start=\"785\" data-end=\"850\"> Rutschfeste Unterseite \u2013 Stabilit\u00e4t auf jeder Schreibtischoberfl\u00e4che<\/p>\n<\/li>\n<li data-start=\"851\" data-end=\"869\">\n<p data-start=\"853\" data-end=\"869\"> Farbe: Wei\u00df<\/p>\n<\/li>\n<\/ul>\n<p data-start=\"945\" data-end=\"958\"><strong data-start=\"945\" data-end=\"956\">Vorteile:<\/strong><\/p>\n<ul data-start=\"959\" data-end=\"1106\">\n<li data-start=\"959\" data-end=\"1013\">\n<p data-start=\"961\" data-end=\"1013\">Minimalistisches Design, passend f\u00fcr jedes Interieur<\/p>\n<\/li>\n<li data-start=\"1014\" data-end=\"1064\">\n<p data-start=\"1016\" data-end=\"1064\">Sch\u00fctzt die Schreibtischoberfl\u00e4che vor Kratzern<\/p>\n<\/li>\n<li data-start=\"1065\" data-end=\"1106\">\n<p data-start=\"1067\" data-end=\"1106\">Leicht zu transportieren und zu verstauen<\/p>\n<\/li>\n<\/ul>\n","protected":false},"excerpt":{"rendered":"<p>Produkt auf Bestellung erh\u00e4ltlich. Die Lieferzeit betr\u00e4gt ca. 5 Wochen.  <\/p>\n","protected":false},"featured_media":64873,"template":"","meta":[],"product_brand":[],"product_cat":[530],"product_tag":[],"class_list":{"0":"post-69248","1":"product","2":"type-product","3":"status-publish","4":"has-post-thumbnail","6":"product_cat-schaum-mauspad","7":"fpd-variation-needed","9":"first","10":"onbackorder","11":"taxable","12":"shipping-taxable","13":"purchasable","14":"product-type-variable"},"yoast_head":"<!-- This site is optimized with the Yoast SEO plugin v27.3 - https:\/\/yoast.com\/product\/yoast-seo-wordpress\/ -->\n<title>Schaumstoff-Mauspad \/SMP_PRO (00)\/ - MousePad24.eu<\/title>\n<meta name=\"robots\" content=\"index, follow, max-snippet:-1, max-image-preview:large, max-video-preview:-1\" \/>\n<meta property=\"og:locale\" content=\"de_DE\" \/>\n<meta property=\"og:type\" content=\"article\" \/>\n<meta property=\"og:title\" content=\"Schaumstoff-Mauspad \/SMP_PRO (00)\/ - MousePad24.eu\" \/>\n<meta property=\"og:description\" content=\"Produkt auf Bestellung erh\u00e4ltlich. Die Lieferzeit betr\u00e4gt ca. 5 Wochen.\" \/>\n<meta property=\"og:url\" content=\"https:\/\/mousepad24.eu\/de\/produkt\/schaumstoff-mauspad-smppro-00\/\" \/>\n<meta property=\"og:site_name\" content=\"MousePad24.eu\" \/>\n<meta property=\"article:publisher\" content=\"https:\/\/www.facebook.com\/mousepad24\/\" \/>\n<meta property=\"article:modified_time\" content=\"2026-03-24T11:09:53+00:00\" \/>\n<meta property=\"og:image\" content=\"https:\/\/mousepad24.eu\/wp-content\/uploads\/2025\/06\/smp_pro_00_blank.webp\" \/>\n\t<meta property=\"og:image:width\" content=\"2500\" \/>\n\t<meta property=\"og:image:height\" content=\"2500\" \/>\n\t<meta property=\"og:image:type\" content=\"image\/webp\" \/>\n<meta name=\"twitter:card\" content=\"summary_large_image\" \/>\n<script type=\"application\/ld+json\" class=\"yoast-schema-graph\">{\"@context\":\"https:\\\/\\\/schema.org\",\"@graph\":[{\"@type\":\"WebPage\",\"@id\":\"https:\\\/\\\/mousepad24.eu\\\/de\\\/produkt\\\/schaumstoff-mauspad-smppro-00\\\/\",\"url\":\"https:\\\/\\\/mousepad24.eu\\\/de\\\/produkt\\\/schaumstoff-mauspad-smppro-00\\\/\",\"name\":\"Schaumstoff-Mauspad \\\/SMP_PRO (00)\\\/ - MousePad24.eu\",\"isPartOf\":{\"@id\":\"https:\\\/\\\/mousepad24.eu\\\/#website\"},\"primaryImageOfPage\":{\"@id\":\"https:\\\/\\\/mousepad24.eu\\\/de\\\/produkt\\\/schaumstoff-mauspad-smppro-00\\\/#primaryimage\"},\"image\":{\"@id\":\"https:\\\/\\\/mousepad24.eu\\\/de\\\/produkt\\\/schaumstoff-mauspad-smppro-00\\\/#primaryimage\"},\"thumbnailUrl\":\"https:\\\/\\\/mousepad24.eu\\\/wp-content\\\/uploads\\\/2025\\\/06\\\/smp_pro_00_blank.webp\",\"datePublished\":\"2025-10-09T13:01:17+00:00\",\"dateModified\":\"2026-03-24T11:09:53+00:00\",\"breadcrumb\":{\"@id\":\"https:\\\/\\\/mousepad24.eu\\\/de\\\/produkt\\\/schaumstoff-mauspad-smppro-00\\\/#breadcrumb\"},\"inLanguage\":\"de\",\"potentialAction\":[{\"@type\":\"ReadAction\",\"target\":[\"https:\\\/\\\/mousepad24.eu\\\/de\\\/produkt\\\/schaumstoff-mauspad-smppro-00\\\/\"]}]},{\"@type\":\"ImageObject\",\"inLanguage\":\"de\",\"@id\":\"https:\\\/\\\/mousepad24.eu\\\/de\\\/produkt\\\/schaumstoff-mauspad-smppro-00\\\/#primaryimage\",\"url\":\"https:\\\/\\\/mousepad24.eu\\\/wp-content\\\/uploads\\\/2025\\\/06\\\/smp_pro_00_blank.webp\",\"contentUrl\":\"https:\\\/\\\/mousepad24.eu\\\/wp-content\\\/uploads\\\/2025\\\/06\\\/smp_pro_00_blank.webp\",\"width\":2500,\"height\":2500,\"caption\":\"Bia\u0142a podk\u0142adka pod mysz z pianki bez nadruku\"},{\"@type\":\"BreadcrumbList\",\"@id\":\"https:\\\/\\\/mousepad24.eu\\\/de\\\/produkt\\\/schaumstoff-mauspad-smppro-00\\\/#breadcrumb\",\"itemListElement\":[{\"@type\":\"ListItem\",\"position\":1,\"name\":\"Startseite\",\"item\":\"https:\\\/\\\/mousepad24.eu\\\/de\\\/\"},{\"@type\":\"ListItem\",\"position\":2,\"name\":\"Shop\",\"item\":\"https:\\\/\\\/mousepad24.eu\\\/de\\\/\"},{\"@type\":\"ListItem\",\"position\":3,\"name\":\"Schaumstoff-Mauspad \\\/SMP_PRO (00)\\\/\"}]},{\"@type\":\"WebSite\",\"@id\":\"https:\\\/\\\/mousepad24.eu\\\/#website\",\"url\":\"https:\\\/\\\/mousepad24.eu\\\/\",\"name\":\"MousePad24.eu\",\"description\":\"{:en}Personalizowane podk\u0142adki pod mysz{:}{:pl}Personalised Mouse Pads{:}{:de}Werbe MousePads{:}\",\"publisher\":{\"@id\":\"https:\\\/\\\/mousepad24.eu\\\/#organization\"},\"potentialAction\":[{\"@type\":\"SearchAction\",\"target\":{\"@type\":\"EntryPoint\",\"urlTemplate\":\"https:\\\/\\\/mousepad24.eu\\\/?s={search_term_string}\"},\"query-input\":{\"@type\":\"PropertyValueSpecification\",\"valueRequired\":true,\"valueName\":\"search_term_string\"}}],\"inLanguage\":\"de\"},{\"@type\":\"Organization\",\"@id\":\"https:\\\/\\\/mousepad24.eu\\\/#organization\",\"name\":\"MousePad24.eu\",\"url\":\"https:\\\/\\\/mousepad24.eu\\\/\",\"logo\":{\"@type\":\"ImageObject\",\"inLanguage\":\"de\",\"@id\":\"https:\\\/\\\/mousepad24.eu\\\/#\\\/schema\\\/logo\\\/image\\\/\",\"url\":\"https:\\\/\\\/mousepad24.eu\\\/wp-content\\\/uploads\\\/2022\\\/12\\\/MOUSEPAD24_logo_curv_OK-1.png\",\"contentUrl\":\"https:\\\/\\\/mousepad24.eu\\\/wp-content\\\/uploads\\\/2022\\\/12\\\/MOUSEPAD24_logo_curv_OK-1.png\",\"width\":1024,\"height\":75,\"caption\":\"MousePad24.eu\"},\"image\":{\"@id\":\"https:\\\/\\\/mousepad24.eu\\\/#\\\/schema\\\/logo\\\/image\\\/\"},\"sameAs\":[\"https:\\\/\\\/www.facebook.com\\\/mousepad24\\\/\",\"https:\\\/\\\/www.instagram.com\\\/mousepad24.eu\\\/\",\"https:\\\/\\\/www.linkedin.com\\\/company\\\/podkladki24-mousepad24\\\/\"]}]}<\/script>\n<!-- \/ Yoast SEO plugin. -->","yoast_head_json":{"title":"Schaumstoff-Mauspad \/SMP_PRO (00)\/ - MousePad24.eu","robots":{"index":"index","follow":"follow","max-snippet":"max-snippet:-1","max-image-preview":"max-image-preview:large","max-video-preview":"max-video-preview:-1"},"og_locale":"de_DE","og_type":"article","og_title":"Schaumstoff-Mauspad \/SMP_PRO (00)\/ - MousePad24.eu","og_description":"Produkt auf Bestellung erh\u00e4ltlich. Die Lieferzeit betr\u00e4gt ca. 5 Wochen.","og_url":"https:\/\/mousepad24.eu\/de\/produkt\/schaumstoff-mauspad-smppro-00\/","og_site_name":"MousePad24.eu","article_publisher":"https:\/\/www.facebook.com\/mousepad24\/","article_modified_time":"2026-03-24T11:09:53+00:00","og_image":[{"width":2500,"height":2500,"url":"https:\/\/mousepad24.eu\/wp-content\/uploads\/2025\/06\/smp_pro_00_blank.webp","type":"image\/webp"}],"twitter_card":"summary_large_image","schema":{"@context":"https:\/\/schema.org","@graph":[{"@type":"WebPage","@id":"https:\/\/mousepad24.eu\/de\/produkt\/schaumstoff-mauspad-smppro-00\/","url":"https:\/\/mousepad24.eu\/de\/produkt\/schaumstoff-mauspad-smppro-00\/","name":"Schaumstoff-Mauspad \/SMP_PRO (00)\/ - MousePad24.eu","isPartOf":{"@id":"https:\/\/mousepad24.eu\/#website"},"primaryImageOfPage":{"@id":"https:\/\/mousepad24.eu\/de\/produkt\/schaumstoff-mauspad-smppro-00\/#primaryimage"},"image":{"@id":"https:\/\/mousepad24.eu\/de\/produkt\/schaumstoff-mauspad-smppro-00\/#primaryimage"},"thumbnailUrl":"https:\/\/mousepad24.eu\/wp-content\/uploads\/2025\/06\/smp_pro_00_blank.webp","datePublished":"2025-10-09T13:01:17+00:00","dateModified":"2026-03-24T11:09:53+00:00","breadcrumb":{"@id":"https:\/\/mousepad24.eu\/de\/produkt\/schaumstoff-mauspad-smppro-00\/#breadcrumb"},"inLanguage":"de","potentialAction":[{"@type":"ReadAction","target":["https:\/\/mousepad24.eu\/de\/produkt\/schaumstoff-mauspad-smppro-00\/"]}]},{"@type":"ImageObject","inLanguage":"de","@id":"https:\/\/mousepad24.eu\/de\/produkt\/schaumstoff-mauspad-smppro-00\/#primaryimage","url":"https:\/\/mousepad24.eu\/wp-content\/uploads\/2025\/06\/smp_pro_00_blank.webp","contentUrl":"https:\/\/mousepad24.eu\/wp-content\/uploads\/2025\/06\/smp_pro_00_blank.webp","width":2500,"height":2500,"caption":"Bia\u0142a podk\u0142adka pod mysz z pianki bez nadruku"},{"@type":"BreadcrumbList","@id":"https:\/\/mousepad24.eu\/de\/produkt\/schaumstoff-mauspad-smppro-00\/#breadcrumb","itemListElement":[{"@type":"ListItem","position":1,"name":"Startseite","item":"https:\/\/mousepad24.eu\/de\/"},{"@type":"ListItem","position":2,"name":"Shop","item":"https:\/\/mousepad24.eu\/de\/"},{"@type":"ListItem","position":3,"name":"Schaumstoff-Mauspad \/SMP_PRO (00)\/"}]},{"@type":"WebSite","@id":"https:\/\/mousepad24.eu\/#website","url":"https:\/\/mousepad24.eu\/","name":"MousePad24.eu","description":"{:en}Personalizowane podk\u0142adki pod mysz{:}{:pl}Personalised Mouse Pads{:}{:de}Werbe MousePads{:}","publisher":{"@id":"https:\/\/mousepad24.eu\/#organization"},"potentialAction":[{"@type":"SearchAction","target":{"@type":"EntryPoint","urlTemplate":"https:\/\/mousepad24.eu\/?s={search_term_string}"},"query-input":{"@type":"PropertyValueSpecification","valueRequired":true,"valueName":"search_term_string"}}],"inLanguage":"de"},{"@type":"Organization","@id":"https:\/\/mousepad24.eu\/#organization","name":"MousePad24.eu","url":"https:\/\/mousepad24.eu\/","logo":{"@type":"ImageObject","inLanguage":"de","@id":"https:\/\/mousepad24.eu\/#\/schema\/logo\/image\/","url":"https:\/\/mousepad24.eu\/wp-content\/uploads\/2022\/12\/MOUSEPAD24_logo_curv_OK-1.png","contentUrl":"https:\/\/mousepad24.eu\/wp-content\/uploads\/2022\/12\/MOUSEPAD24_logo_curv_OK-1.png","width":1024,"height":75,"caption":"MousePad24.eu"},"image":{"@id":"https:\/\/mousepad24.eu\/#\/schema\/logo\/image\/"},"sameAs":["https:\/\/www.facebook.com\/mousepad24\/","https:\/\/www.instagram.com\/mousepad24.eu\/","https:\/\/www.linkedin.com\/company\/podkladki24-mousepad24\/"]}]}},"_links":{"self":[{"href":"https:\/\/mousepad24.eu\/de\/wp-json\/wp\/v2\/product\/69248","targetHints":{"allow":["GET"]}}],"collection":[{"href":"https:\/\/mousepad24.eu\/de\/wp-json\/wp\/v2\/product"}],"about":[{"href":"https:\/\/mousepad24.eu\/de\/wp-json\/wp\/v2\/types\/product"}],"wp:featuredmedia":[{"embeddable":true,"href":"https:\/\/mousepad24.eu\/de\/wp-json\/wp\/v2\/media\/64873"}],"wp:attachment":[{"href":"https:\/\/mousepad24.eu\/de\/wp-json\/wp\/v2\/media?parent=69248"}],"wp:term":[{"taxonomy":"product_brand","embeddable":true,"href":"https:\/\/mousepad24.eu\/de\/wp-json\/wp\/v2\/product_brand?post=69248"},{"taxonomy":"product_cat","embeddable":true,"href":"https:\/\/mousepad24.eu\/de\/wp-json\/wp\/v2\/product_cat?post=69248"},{"taxonomy":"product_tag","embeddable":true,"href":"https:\/\/mousepad24.eu\/de\/wp-json\/wp\/v2\/product_tag?post=69248"}],"curies":[{"name":"wp","href":"https:\/\/api.w.org\/{rel}","templated":true}]}}