{"id":69831,"date":"2025-10-20T11:57:04","date_gmt":"2025-10-20T09:57:04","guid":{"rendered":"https:\/\/jnpnki27nc.onrocket.site\/?post_type=product&#038;p=69831"},"modified":"2026-03-24T12:25:16","modified_gmt":"2026-03-24T11:25:16","slug":"verpackung-weihnachtsblister","status":"publish","type":"product","link":"https:\/\/mousepad24.eu\/de\/produkt\/verpackung-weihnachtsblister\/","title":{"rendered":"Verpackung: Weihnachtsblister (BP+)"},"content":{"rendered":"<p>\ud83c\udf84 <strong>Blister mit weihnachtlicher R\u00fcckseite \u2013 eine elegante Art f\u00fcr ein weihnachtliches Firmengeschenk<\/strong><\/p>\n<p>In der Weihnachtszeit z\u00e4hlt jedes Detail. Mauspads, verpackt in einem <strong>Blister mit weihnachtlichem Motiv auf der R\u00fcckseite<\/strong>, sind eine hervorragende Idee f\u00fcr ein besonderes Geschenk f\u00fcr Kunden, Gesch\u00e4ftspartner oder Mitarbeiter. <\/p>\n<p>Transparente  <strong>PET-Folie, ca. 0,4 mm dick <\/strong>, perfekt an die Form des Gel-Mauspads angepasst. Sie sch\u00fctzt das Produkt und pr\u00e4sentiert seinen Werbeaufdruck, z. B. das Firmenlogo. Die hintere <strong>Kartonr\u00fcckseite<\/strong> kann hingegen im weihnachtlichen Stil bedruckt werden \u2013 mit einer Grafik eines Weihnachtsbaums, Sternen, einem Neujahrskalender oder Gr\u00fc\u00dfen.  <\/p>\n<p>Diese Kombination erm\u00f6glicht es, den <strong>universellen Charakter des Mauspads<\/strong> zu bewahren, das das ganze Jahr \u00fcber verwendet werden kann. Gleichzeitig verleiht sie ihm im Moment der \u00dcbergabe einen <strong>warmen, saisonalen Akzent<\/strong>. <\/p>\n<p>\ud83c\udf81 <strong>Verf\u00fcgbare Personalisierungsoptionen:<\/strong><\/p>\n<ul>\n<li>Auswahl aus fertigen weihnachtlichen R\u00fcckseitenmotiven,<\/li>\n<li>M\u00f6glichkeit, <strong>eigene Grafikdesigns<\/strong> einzureichen,<\/li>\n<li>optionale Platzierung eines Kalenders oder pers\u00f6nlicher Gr\u00fc\u00dfe.<\/li>\n<\/ul>\n<p>\u2728 <strong>Vorteile der Weihnachtsverpackung:<\/strong><\/p>\n<ul>\n<li>erzeugt positive Emotionen und den Eindruck von Detailverliebtheit,<\/li>\n<li>unterstreicht die Einzigartigkeit des Firmengeschenks,<\/li>\n<li>st\u00e4rkt das Markenimage als elegant und kreativ,<\/li>\n<li>hervorragender Produktschutz und der Effekt eines \u201efertigen Geschenks\u201c.<\/li>\n<\/ul>\n<p><strong>Ausschlie\u00dflich zum Verpacken von Gel-Mauspads der Gr\u00f6\u00dfe 19 x 23.<\/strong><\/p>\n<p>Der Blister mit weihnachtlicher R\u00fcckseite macht selbst ein einfaches B\u00fcro-Gadget zu einem <strong>warmen, stilvollen und charmanten Weihnachtsgeschenk<\/strong>, das den Nutzer das ganze Jahr \u00fcber begleitet.<\/p>\n","protected":false},"excerpt":{"rendered":"<p>\ud83c\udf84 Ein Blister mit weihnachtlichem Aufdruck auf Karton ist die ideale Verpackung f\u00fcr Gel-Mauspads, die in der Weihnachtszeit verschenkt werden.<\/p>\n<p>\ud83c\udf85 Der Standard-Werbeaufdruck auf dem Mauspad kann durch einen saisonalen Hintergrund erg\u00e4nzt werden \u2013 mit einem Weihnachtsbaum, Weihnachtsgr\u00fc\u00dfen oder einem Neujahrskalender.<\/p>\n<p>\ud83c\udf81 Ein so verpacktes Gadget erh\u00e4lt einen einzigartigen, weihnachtlichen Charakter und wird zu einem eleganten Firmengeschenk.<\/p>\n<p>\ud83d\udcab Der Blister mit weihnachtlicher R\u00fcckseite macht selbst ein einfaches B\u00fcro-Gadget zu einem warmen, stilvollen und charmanten Geschenk, das den Nutzer das ganze Jahr \u00fcber begleitet.<\/p>\n","protected":false},"featured_media":69868,"template":"","meta":[],"product_brand":[],"product_cat":[1139,527],"product_tag":[1646,1468,1644,1643,1648,1645,1647],"class_list":{"0":"post-69831","1":"product","2":"type-product","3":"status-publish","4":"has-post-thumbnail","6":"product_cat-andere","7":"product_cat-podkladka-zelowa-de","8":"product_tag-bestes-mauspad","9":"product_tag-farbiges-mauspad","10":"product_tag-hochwertige-mauspads","11":"product_tag-mauspad-mit-werbeaufdruck","12":"product_tag-maustpads-mit-werbeaufdruck","13":"product_tag-professionelles-mauspad","14":"product_tag-werbegeschenke","15":"fpd-variation-needed","17":"first","18":"instock","19":"taxable","20":"shipping-taxable","21":"purchasable","22":"product-type-variable"},"yoast_head":"<!-- This site is optimized with the Yoast SEO plugin v27.3 - https:\/\/yoast.com\/product\/yoast-seo-wordpress\/ -->\n<title>Verpackung: Weihnachtsblister (BP+) - MousePad24.eu<\/title>\n<meta name=\"robots\" content=\"index, follow, max-snippet:-1, max-image-preview:large, max-video-preview:-1\" \/>\n<meta property=\"og:locale\" content=\"de_DE\" \/>\n<meta property=\"og:type\" content=\"article\" \/>\n<meta property=\"og:title\" content=\"Verpackung: Weihnachtsblister (BP+) - MousePad24.eu\" \/>\n<meta property=\"og:description\" content=\"\ud83c\udf84 Ein Blister mit weihnachtlichem Aufdruck auf Karton ist die ideale Verpackung f\u00fcr Gel-Mauspads, die in der Weihnachtszeit verschenkt werden. \ud83c\udf85 Der Standard-Werbeaufdruck auf dem Mauspad kann durch einen saisonalen Hintergrund erg\u00e4nzt werden \u2013 mit einem Weihnachtsbaum, Weihnachtsgr\u00fc\u00dfen oder einem Neujahrskalender. \ud83c\udf81 Ein so verpacktes Gadget erh\u00e4lt einen einzigartigen, weihnachtlichen Charakter und wird zu einem eleganten Firmengeschenk. \ud83d\udcab Der Blister mit weihnachtlicher R\u00fcckseite macht selbst ein einfaches B\u00fcro-Gadget zu einem warmen, stilvollen und charmanten Geschenk, das den Nutzer das ganze Jahr \u00fcber begleitet.\" \/>\n<meta property=\"og:url\" content=\"https:\/\/mousepad24.eu\/de\/produkt\/verpackung-weihnachtsblister\/\" \/>\n<meta property=\"og:site_name\" content=\"MousePad24.eu\" \/>\n<meta property=\"article:publisher\" content=\"https:\/\/www.facebook.com\/mousepad24\/\" \/>\n<meta property=\"article:modified_time\" content=\"2026-03-24T11:25:16+00:00\" \/>\n<meta property=\"og:image\" content=\"https:\/\/mousepad24.eu\/wp-content\/uploads\/2025\/10\/blister_gmp03_swiateczny4.jpg\" \/>\n\t<meta property=\"og:image:width\" content=\"2502\" \/>\n\t<meta property=\"og:image:height\" content=\"2502\" \/>\n\t<meta property=\"og:image:type\" content=\"image\/jpeg\" \/>\n<meta name=\"twitter:card\" content=\"summary_large_image\" \/>\n<meta name=\"twitter:label1\" content=\"Gesch\u00e4tzte Lesezeit\" \/>\n\t<meta name=\"twitter:data1\" content=\"2 Minuten\" \/>\n<script type=\"application\/ld+json\" class=\"yoast-schema-graph\">{\"@context\":\"https:\\\/\\\/schema.org\",\"@graph\":[{\"@type\":\"WebPage\",\"@id\":\"https:\\\/\\\/mousepad24.eu\\\/de\\\/produkt\\\/verpackung-weihnachtsblister\\\/\",\"url\":\"https:\\\/\\\/mousepad24.eu\\\/de\\\/produkt\\\/verpackung-weihnachtsblister\\\/\",\"name\":\"Verpackung: Weihnachtsblister (BP+) - MousePad24.eu\",\"isPartOf\":{\"@id\":\"https:\\\/\\\/mousepad24.eu\\\/#website\"},\"primaryImageOfPage\":{\"@id\":\"https:\\\/\\\/mousepad24.eu\\\/de\\\/produkt\\\/verpackung-weihnachtsblister\\\/#primaryimage\"},\"image\":{\"@id\":\"https:\\\/\\\/mousepad24.eu\\\/de\\\/produkt\\\/verpackung-weihnachtsblister\\\/#primaryimage\"},\"thumbnailUrl\":\"https:\\\/\\\/mousepad24.eu\\\/wp-content\\\/uploads\\\/2025\\\/10\\\/blister_gmp03_swiateczny4.jpg\",\"datePublished\":\"2025-10-20T09:57:04+00:00\",\"dateModified\":\"2026-03-24T11:25:16+00:00\",\"breadcrumb\":{\"@id\":\"https:\\\/\\\/mousepad24.eu\\\/de\\\/produkt\\\/verpackung-weihnachtsblister\\\/#breadcrumb\"},\"inLanguage\":\"de\",\"potentialAction\":[{\"@type\":\"ReadAction\",\"target\":[\"https:\\\/\\\/mousepad24.eu\\\/de\\\/produkt\\\/verpackung-weihnachtsblister\\\/\"]}]},{\"@type\":\"ImageObject\",\"inLanguage\":\"de\",\"@id\":\"https:\\\/\\\/mousepad24.eu\\\/de\\\/produkt\\\/verpackung-weihnachtsblister\\\/#primaryimage\",\"url\":\"https:\\\/\\\/mousepad24.eu\\\/wp-content\\\/uploads\\\/2025\\\/10\\\/blister_gmp03_swiateczny4.jpg\",\"contentUrl\":\"https:\\\/\\\/mousepad24.eu\\\/wp-content\\\/uploads\\\/2025\\\/10\\\/blister_gmp03_swiateczny4.jpg\",\"width\":2502,\"height\":2502},{\"@type\":\"BreadcrumbList\",\"@id\":\"https:\\\/\\\/mousepad24.eu\\\/de\\\/produkt\\\/verpackung-weihnachtsblister\\\/#breadcrumb\",\"itemListElement\":[{\"@type\":\"ListItem\",\"position\":1,\"name\":\"Startseite\",\"item\":\"https:\\\/\\\/mousepad24.eu\\\/de\\\/\"},{\"@type\":\"ListItem\",\"position\":2,\"name\":\"Shop\",\"item\":\"https:\\\/\\\/mousepad24.eu\\\/de\\\/\"},{\"@type\":\"ListItem\",\"position\":3,\"name\":\"Verpackung: Weihnachtsblister (BP+)\"}]},{\"@type\":\"WebSite\",\"@id\":\"https:\\\/\\\/mousepad24.eu\\\/#website\",\"url\":\"https:\\\/\\\/mousepad24.eu\\\/\",\"name\":\"MousePad24.eu\",\"description\":\"{:en}Personalizowane podk\u0142adki pod mysz{:}{:pl}Personalised Mouse Pads{:}{:de}Werbe MousePads{:}\",\"publisher\":{\"@id\":\"https:\\\/\\\/mousepad24.eu\\\/#organization\"},\"potentialAction\":[{\"@type\":\"SearchAction\",\"target\":{\"@type\":\"EntryPoint\",\"urlTemplate\":\"https:\\\/\\\/mousepad24.eu\\\/?s={search_term_string}\"},\"query-input\":{\"@type\":\"PropertyValueSpecification\",\"valueRequired\":true,\"valueName\":\"search_term_string\"}}],\"inLanguage\":\"de\"},{\"@type\":\"Organization\",\"@id\":\"https:\\\/\\\/mousepad24.eu\\\/#organization\",\"name\":\"MousePad24.eu\",\"url\":\"https:\\\/\\\/mousepad24.eu\\\/\",\"logo\":{\"@type\":\"ImageObject\",\"inLanguage\":\"de\",\"@id\":\"https:\\\/\\\/mousepad24.eu\\\/#\\\/schema\\\/logo\\\/image\\\/\",\"url\":\"https:\\\/\\\/mousepad24.eu\\\/wp-content\\\/uploads\\\/2022\\\/12\\\/MOUSEPAD24_logo_curv_OK-1.png\",\"contentUrl\":\"https:\\\/\\\/mousepad24.eu\\\/wp-content\\\/uploads\\\/2022\\\/12\\\/MOUSEPAD24_logo_curv_OK-1.png\",\"width\":1024,\"height\":75,\"caption\":\"MousePad24.eu\"},\"image\":{\"@id\":\"https:\\\/\\\/mousepad24.eu\\\/#\\\/schema\\\/logo\\\/image\\\/\"},\"sameAs\":[\"https:\\\/\\\/www.facebook.com\\\/mousepad24\\\/\",\"https:\\\/\\\/www.instagram.com\\\/mousepad24.eu\\\/\",\"https:\\\/\\\/www.linkedin.com\\\/company\\\/podkladki24-mousepad24\\\/\"]}]}<\/script>\n<!-- \/ Yoast SEO plugin. -->","yoast_head_json":{"title":"Verpackung: Weihnachtsblister (BP+) - MousePad24.eu","robots":{"index":"index","follow":"follow","max-snippet":"max-snippet:-1","max-image-preview":"max-image-preview:large","max-video-preview":"max-video-preview:-1"},"og_locale":"de_DE","og_type":"article","og_title":"Verpackung: Weihnachtsblister (BP+) - MousePad24.eu","og_description":"\ud83c\udf84 Ein Blister mit weihnachtlichem Aufdruck auf Karton ist die ideale Verpackung f\u00fcr Gel-Mauspads, die in der Weihnachtszeit verschenkt werden. \ud83c\udf85 Der Standard-Werbeaufdruck auf dem Mauspad kann durch einen saisonalen Hintergrund erg\u00e4nzt werden \u2013 mit einem Weihnachtsbaum, Weihnachtsgr\u00fc\u00dfen oder einem Neujahrskalender. \ud83c\udf81 Ein so verpacktes Gadget erh\u00e4lt einen einzigartigen, weihnachtlichen Charakter und wird zu einem eleganten Firmengeschenk. \ud83d\udcab Der Blister mit weihnachtlicher R\u00fcckseite macht selbst ein einfaches B\u00fcro-Gadget zu einem warmen, stilvollen und charmanten Geschenk, das den Nutzer das ganze Jahr \u00fcber begleitet.","og_url":"https:\/\/mousepad24.eu\/de\/produkt\/verpackung-weihnachtsblister\/","og_site_name":"MousePad24.eu","article_publisher":"https:\/\/www.facebook.com\/mousepad24\/","article_modified_time":"2026-03-24T11:25:16+00:00","og_image":[{"width":2502,"height":2502,"url":"https:\/\/mousepad24.eu\/wp-content\/uploads\/2025\/10\/blister_gmp03_swiateczny4.jpg","type":"image\/jpeg"}],"twitter_card":"summary_large_image","twitter_misc":{"Gesch\u00e4tzte Lesezeit":"2 Minuten"},"schema":{"@context":"https:\/\/schema.org","@graph":[{"@type":"WebPage","@id":"https:\/\/mousepad24.eu\/de\/produkt\/verpackung-weihnachtsblister\/","url":"https:\/\/mousepad24.eu\/de\/produkt\/verpackung-weihnachtsblister\/","name":"Verpackung: Weihnachtsblister (BP+) - MousePad24.eu","isPartOf":{"@id":"https:\/\/mousepad24.eu\/#website"},"primaryImageOfPage":{"@id":"https:\/\/mousepad24.eu\/de\/produkt\/verpackung-weihnachtsblister\/#primaryimage"},"image":{"@id":"https:\/\/mousepad24.eu\/de\/produkt\/verpackung-weihnachtsblister\/#primaryimage"},"thumbnailUrl":"https:\/\/mousepad24.eu\/wp-content\/uploads\/2025\/10\/blister_gmp03_swiateczny4.jpg","datePublished":"2025-10-20T09:57:04+00:00","dateModified":"2026-03-24T11:25:16+00:00","breadcrumb":{"@id":"https:\/\/mousepad24.eu\/de\/produkt\/verpackung-weihnachtsblister\/#breadcrumb"},"inLanguage":"de","potentialAction":[{"@type":"ReadAction","target":["https:\/\/mousepad24.eu\/de\/produkt\/verpackung-weihnachtsblister\/"]}]},{"@type":"ImageObject","inLanguage":"de","@id":"https:\/\/mousepad24.eu\/de\/produkt\/verpackung-weihnachtsblister\/#primaryimage","url":"https:\/\/mousepad24.eu\/wp-content\/uploads\/2025\/10\/blister_gmp03_swiateczny4.jpg","contentUrl":"https:\/\/mousepad24.eu\/wp-content\/uploads\/2025\/10\/blister_gmp03_swiateczny4.jpg","width":2502,"height":2502},{"@type":"BreadcrumbList","@id":"https:\/\/mousepad24.eu\/de\/produkt\/verpackung-weihnachtsblister\/#breadcrumb","itemListElement":[{"@type":"ListItem","position":1,"name":"Startseite","item":"https:\/\/mousepad24.eu\/de\/"},{"@type":"ListItem","position":2,"name":"Shop","item":"https:\/\/mousepad24.eu\/de\/"},{"@type":"ListItem","position":3,"name":"Verpackung: Weihnachtsblister (BP+)"}]},{"@type":"WebSite","@id":"https:\/\/mousepad24.eu\/#website","url":"https:\/\/mousepad24.eu\/","name":"MousePad24.eu","description":"{:en}Personalizowane podk\u0142adki pod mysz{:}{:pl}Personalised Mouse Pads{:}{:de}Werbe MousePads{:}","publisher":{"@id":"https:\/\/mousepad24.eu\/#organization"},"potentialAction":[{"@type":"SearchAction","target":{"@type":"EntryPoint","urlTemplate":"https:\/\/mousepad24.eu\/?s={search_term_string}"},"query-input":{"@type":"PropertyValueSpecification","valueRequired":true,"valueName":"search_term_string"}}],"inLanguage":"de"},{"@type":"Organization","@id":"https:\/\/mousepad24.eu\/#organization","name":"MousePad24.eu","url":"https:\/\/mousepad24.eu\/","logo":{"@type":"ImageObject","inLanguage":"de","@id":"https:\/\/mousepad24.eu\/#\/schema\/logo\/image\/","url":"https:\/\/mousepad24.eu\/wp-content\/uploads\/2022\/12\/MOUSEPAD24_logo_curv_OK-1.png","contentUrl":"https:\/\/mousepad24.eu\/wp-content\/uploads\/2022\/12\/MOUSEPAD24_logo_curv_OK-1.png","width":1024,"height":75,"caption":"MousePad24.eu"},"image":{"@id":"https:\/\/mousepad24.eu\/#\/schema\/logo\/image\/"},"sameAs":["https:\/\/www.facebook.com\/mousepad24\/","https:\/\/www.instagram.com\/mousepad24.eu\/","https:\/\/www.linkedin.com\/company\/podkladki24-mousepad24\/"]}]}},"_links":{"self":[{"href":"https:\/\/mousepad24.eu\/de\/wp-json\/wp\/v2\/product\/69831","targetHints":{"allow":["GET"]}}],"collection":[{"href":"https:\/\/mousepad24.eu\/de\/wp-json\/wp\/v2\/product"}],"about":[{"href":"https:\/\/mousepad24.eu\/de\/wp-json\/wp\/v2\/types\/product"}],"wp:featuredmedia":[{"embeddable":true,"href":"https:\/\/mousepad24.eu\/de\/wp-json\/wp\/v2\/media\/69868"}],"wp:attachment":[{"href":"https:\/\/mousepad24.eu\/de\/wp-json\/wp\/v2\/media?parent=69831"}],"wp:term":[{"taxonomy":"product_brand","embeddable":true,"href":"https:\/\/mousepad24.eu\/de\/wp-json\/wp\/v2\/product_brand?post=69831"},{"taxonomy":"product_cat","embeddable":true,"href":"https:\/\/mousepad24.eu\/de\/wp-json\/wp\/v2\/product_cat?post=69831"},{"taxonomy":"product_tag","embeddable":true,"href":"https:\/\/mousepad24.eu\/de\/wp-json\/wp\/v2\/product_tag?post=69831"}],"curies":[{"name":"wp","href":"https:\/\/api.w.org\/{rel}","templated":true}]}}