{"id":74829,"date":"2025-10-31T15:38:03","date_gmt":"2025-10-31T14:38:03","guid":{"rendered":"https:\/\/jnpnki27nc.onrocket.site\/produkt\/mauspad-mit-kalender-und-postkarte-k1-view\/"},"modified":"2026-01-29T13:37:42","modified_gmt":"2026-01-29T12:37:42","slug":"mauspad-mit-kalender-und-postkarte-k1-view","status":"publish","type":"product","link":"https:\/\/mousepad24.eu\/de\/produkt\/mauspad-mit-kalender-und-postkarte-k1-view\/","title":{"rendered":"Mauspad mit Kalender und Postkarte (K1 View)"},"content":{"rendered":"<p>Entdecke das einzigartige <strong>K1 Mauspad mit Jahreskalender<\/strong>, das Funktionalit\u00e4t und \u00c4sthetik vereint. Es ist nicht nur eine bequeme Oberfl\u00e4che f\u00fcr die Arbeit am Computer, sondern auch ein <strong>Miniatur-Foto-Set<\/strong>, das dich jeden Monat an einen anderen Ort und in eine andere Jahreszeit entf\u00fchrt \ud83c\udf37\ud83c\udf3e\ud83c\udf42\u2744\ufe0f <\/p>\n<p><strong>\ud83d\uddb1\ufe0f<\/strong><strong> Funktionalit\u00e4t und Komfort<\/strong><\/p>\n<ul>\n<li>Hergestellt aus hochwertigem, <strong>rutschfestem Polyurethanschaum<\/strong>, wodurch es stabil auf dem Schreibtisch liegt.<\/li>\n<li>Die glatte Oberfl\u00e4che erm\u00f6glicht <strong>pr\u00e4zise F\u00fchrung von optischen und Laser-M\u00e4usen<\/strong>.<\/li>\n<li>Der langlebige Kalenderaufdruck nutzt sich nicht ab und bleibt das ganze Jahr \u00fcber lesbar.<\/li>\n<\/ul>\n<p><strong>\ud83d\udcc5<\/strong><strong> Immer griffbereit \u2013 Kalender f\u00fcr 12 Monate<\/strong><\/p>\n<p>Auf dem Mauspad befindet sich ein <strong>vollst\u00e4ndiger Jahreskalender<\/strong>, mit deutlich markierten Wochenenden und Feiertagen.<br \/>\nDu musst nicht mehr nach einem Terminkalender suchen \u2013 ein Blick auf den Schreibtisch gen\u00fcgt!<\/p>\n<p><strong>\ud83c\udf04<\/strong><strong> Jeder Monat ein neuer Ausblick<\/strong><\/p>\n<p>Der obere Teil des Mauspads ist verziert mit <strong>wundersch\u00f6nen Naturansichten<\/strong>, passend zu den Jahreszeiten \u2013 von Winterlandschaften \u00fcber Sommerpanoramen bis hin zu herbstlichen Farben.<br \/>\nDadurch erh\u00e4lt dein Schreibtisch einen einzigartigen Charakter und einen Hauch Natur in deiner t\u00e4glichen Arbeit.<\/p>\n<p><strong>\ud83d\udcbc<\/strong><strong> Ideal f\u00fcr Zuhause und B\u00fcro<\/strong><\/p>\n<ul>\n<li>Eine unentbehrliche Hilfe bei der Tagesorganisation.<\/li>\n<li>Es macht in jedem Interieur eine gute Figur.<\/li>\n<li>Es eignet sich auch als <strong>praktisches Firmengeschenk<\/strong> oder als Erg\u00e4nzung zu einem Geschenk.<\/li>\n<\/ul>\n<p><strong>\u2699\ufe0f<\/strong><strong> Technische Parameter:<\/strong><\/p>\n<ul>\n<li>Modell: <strong>K1_<\/strong> <strong>View<\/strong><\/li>\n<li>Abmessungen: <strong>230 \u00d7 180 \u00d7 3 mm<\/strong><\/li>\n<li>Material: <strong>Polyurethanschaum + gepr\u00e4gte Folie f\u00fcr die Mausbedienung<\/strong><\/li>\n<li><strong>Darunter befinden sich 12 abrei\u00dfbare Karten aus hochwertigem Offsetpapier, auf das man leicht schreiben kann und die Tinte nicht verschmiert.<br \/>\nNach Ablauf des Monats muss die Karte abgerissen werden, um den n\u00e4chsten Monat sichtbar zu machen.<\/strong><\/li>\n<li>Druck: vollfarbig, langlebig, hochwertig<\/li>\n<li>Kalender: <strong>12-monatig (PL\/EN)<\/strong><\/li>\n<li><strong>Nach Jahresende kann man eine beliebige Grafik oder ein Foto unter die Abdeckung schieben und dieses praktische Gadget erfolgreich weiter nutzen.<\/strong><\/li>\n<\/ul>\n<p>\ud83c\udf81 <strong>Warum es sich lohnt?<\/strong><br \/>\nDenn es ist <strong>nicht nur ein Mauspad<\/strong>, sondern auch <strong>Planer, Kalender und Postkarte in einem<\/strong>!<br \/>\nSorge f\u00fcr Ordnung auf deinem Schreibtisch und ein bisschen Inspiration jeden Tag.<\/p>\n","protected":false},"excerpt":{"rendered":"<p>Stil, Eleganz und Funktionalit\u00e4t. Jeder Monat bringt einen neuen Ausblick! Das K1 View Mauspad mit Kalender ist deine t\u00e4gliche Dosis Inspiration und Natur auf deinem Schreibtisch.  <\/p>\n<p>&nbsp;<\/p>\n","protected":false},"featured_media":74802,"template":"","meta":[],"product_brand":[],"product_cat":[522],"product_tag":[],"class_list":{"0":"post-74829","1":"product","2":"type-product","3":"status-publish","4":"has-post-thumbnail","6":"product_cat-kalender-mauspads","7":"fpd-variation-needed","9":"first","10":"instock","11":"taxable","12":"shipping-taxable","13":"purchasable","14":"product-type-simple"},"yoast_head":"<!-- This site is optimized with the Yoast SEO plugin v27.3 - https:\/\/yoast.com\/product\/yoast-seo-wordpress\/ -->\n<title>Mauspad mit Kalender und Postkarte (K1 View) - MousePad24.eu<\/title>\n<meta name=\"description\" content=\"Das K1 View Mauspad mit Kalender ist das ideale Firmengeschenk \u2013 ein praktisches, langlebiges und \u00e4sthetisches Gadget, das die Arbeitsorganisation erleichtert.\" \/>\n<meta name=\"robots\" content=\"index, follow, max-snippet:-1, max-image-preview:large, max-video-preview:-1\" \/>\n<meta property=\"og:locale\" content=\"de_DE\" \/>\n<meta property=\"og:type\" content=\"article\" \/>\n<meta property=\"og:title\" content=\"Mauspad mit Kalender und Postkarte (K1 View) - MousePad24.eu\" \/>\n<meta property=\"og:description\" content=\"Das K1 View Mauspad mit Kalender ist das ideale Firmengeschenk \u2013 ein praktisches, langlebiges und \u00e4sthetisches Gadget, das die Arbeitsorganisation erleichtert.\" \/>\n<meta property=\"og:url\" content=\"https:\/\/mousepad24.eu\/de\/produkt\/mauspad-mit-kalender-und-postkarte-k1-view\/\" \/>\n<meta property=\"og:site_name\" content=\"MousePad24.eu\" \/>\n<meta property=\"article:publisher\" content=\"https:\/\/www.facebook.com\/mousepad24\/\" \/>\n<meta property=\"article:modified_time\" content=\"2026-01-29T12:37:42+00:00\" \/>\n<meta property=\"og:image\" content=\"https:\/\/mousepad24.eu\/wp-content\/uploads\/2025\/10\/calendar_mousepad-K1_multicolor_kalendarz_podkladka_k1_wielokolorowy-1.jpg\" \/>\n\t<meta property=\"og:image:width\" content=\"2500\" \/>\n\t<meta property=\"og:image:height\" content=\"2500\" \/>\n\t<meta property=\"og:image:type\" content=\"image\/jpeg\" \/>\n<meta name=\"twitter:card\" content=\"summary_large_image\" \/>\n<meta name=\"twitter:label1\" content=\"Gesch\u00e4tzte Lesezeit\" \/>\n\t<meta name=\"twitter:data1\" content=\"3 Minuten\" \/>\n<script type=\"application\/ld+json\" class=\"yoast-schema-graph\">{\"@context\":\"https:\\\/\\\/schema.org\",\"@graph\":[{\"@type\":\"WebPage\",\"@id\":\"https:\\\/\\\/mousepad24.eu\\\/de\\\/produkt\\\/mauspad-mit-kalender-und-postkarte-k1-view\\\/\",\"url\":\"https:\\\/\\\/mousepad24.eu\\\/de\\\/produkt\\\/mauspad-mit-kalender-und-postkarte-k1-view\\\/\",\"name\":\"Mauspad mit Kalender und Postkarte (K1 View) - MousePad24.eu\",\"isPartOf\":{\"@id\":\"https:\\\/\\\/mousepad24.eu\\\/#website\"},\"primaryImageOfPage\":{\"@id\":\"https:\\\/\\\/mousepad24.eu\\\/de\\\/produkt\\\/mauspad-mit-kalender-und-postkarte-k1-view\\\/#primaryimage\"},\"image\":{\"@id\":\"https:\\\/\\\/mousepad24.eu\\\/de\\\/produkt\\\/mauspad-mit-kalender-und-postkarte-k1-view\\\/#primaryimage\"},\"thumbnailUrl\":\"https:\\\/\\\/mousepad24.eu\\\/wp-content\\\/uploads\\\/2025\\\/10\\\/calendar_mousepad-K1_multicolor_kalendarz_podkladka_k1_wielokolorowy-1.jpg\",\"datePublished\":\"2025-10-31T14:38:03+00:00\",\"dateModified\":\"2026-01-29T12:37:42+00:00\",\"description\":\"Das K1 View Mauspad mit Kalender ist das ideale Firmengeschenk \u2013 ein praktisches, langlebiges und \u00e4sthetisches Gadget, das die Arbeitsorganisation erleichtert.\",\"breadcrumb\":{\"@id\":\"https:\\\/\\\/mousepad24.eu\\\/de\\\/produkt\\\/mauspad-mit-kalender-und-postkarte-k1-view\\\/#breadcrumb\"},\"inLanguage\":\"de\",\"potentialAction\":[{\"@type\":\"ReadAction\",\"target\":[\"https:\\\/\\\/mousepad24.eu\\\/de\\\/produkt\\\/mauspad-mit-kalender-und-postkarte-k1-view\\\/\"]}]},{\"@type\":\"ImageObject\",\"inLanguage\":\"de\",\"@id\":\"https:\\\/\\\/mousepad24.eu\\\/de\\\/produkt\\\/mauspad-mit-kalender-und-postkarte-k1-view\\\/#primaryimage\",\"url\":\"https:\\\/\\\/mousepad24.eu\\\/wp-content\\\/uploads\\\/2025\\\/10\\\/calendar_mousepad-K1_multicolor_kalendarz_podkladka_k1_wielokolorowy-1.jpg\",\"contentUrl\":\"https:\\\/\\\/mousepad24.eu\\\/wp-content\\\/uploads\\\/2025\\\/10\\\/calendar_mousepad-K1_multicolor_kalendarz_podkladka_k1_wielokolorowy-1.jpg\",\"width\":2500,\"height\":2500},{\"@type\":\"BreadcrumbList\",\"@id\":\"https:\\\/\\\/mousepad24.eu\\\/de\\\/produkt\\\/mauspad-mit-kalender-und-postkarte-k1-view\\\/#breadcrumb\",\"itemListElement\":[{\"@type\":\"ListItem\",\"position\":1,\"name\":\"Startseite\",\"item\":\"https:\\\/\\\/mousepad24.eu\\\/de\\\/\"},{\"@type\":\"ListItem\",\"position\":2,\"name\":\"Shop\",\"item\":\"https:\\\/\\\/mousepad24.eu\\\/de\\\/\"},{\"@type\":\"ListItem\",\"position\":3,\"name\":\"Mauspad mit Kalender und Postkarte (K1 View)\"}]},{\"@type\":\"WebSite\",\"@id\":\"https:\\\/\\\/mousepad24.eu\\\/#website\",\"url\":\"https:\\\/\\\/mousepad24.eu\\\/\",\"name\":\"MousePad24.eu\",\"description\":\"{:en}Personalizowane podk\u0142adki pod mysz{:}{:pl}Personalised Mouse Pads{:}{:de}Werbe MousePads{:}\",\"publisher\":{\"@id\":\"https:\\\/\\\/mousepad24.eu\\\/#organization\"},\"potentialAction\":[{\"@type\":\"SearchAction\",\"target\":{\"@type\":\"EntryPoint\",\"urlTemplate\":\"https:\\\/\\\/mousepad24.eu\\\/?s={search_term_string}\"},\"query-input\":{\"@type\":\"PropertyValueSpecification\",\"valueRequired\":true,\"valueName\":\"search_term_string\"}}],\"inLanguage\":\"de\"},{\"@type\":\"Organization\",\"@id\":\"https:\\\/\\\/mousepad24.eu\\\/#organization\",\"name\":\"MousePad24.eu\",\"url\":\"https:\\\/\\\/mousepad24.eu\\\/\",\"logo\":{\"@type\":\"ImageObject\",\"inLanguage\":\"de\",\"@id\":\"https:\\\/\\\/mousepad24.eu\\\/#\\\/schema\\\/logo\\\/image\\\/\",\"url\":\"https:\\\/\\\/mousepad24.eu\\\/wp-content\\\/uploads\\\/2022\\\/12\\\/MOUSEPAD24_logo_curv_OK-1.png\",\"contentUrl\":\"https:\\\/\\\/mousepad24.eu\\\/wp-content\\\/uploads\\\/2022\\\/12\\\/MOUSEPAD24_logo_curv_OK-1.png\",\"width\":1024,\"height\":75,\"caption\":\"MousePad24.eu\"},\"image\":{\"@id\":\"https:\\\/\\\/mousepad24.eu\\\/#\\\/schema\\\/logo\\\/image\\\/\"},\"sameAs\":[\"https:\\\/\\\/www.facebook.com\\\/mousepad24\\\/\",\"https:\\\/\\\/www.instagram.com\\\/mousepad24.eu\\\/\",\"https:\\\/\\\/www.linkedin.com\\\/company\\\/podkladki24-mousepad24\\\/\"]}]}<\/script>\n<!-- \/ Yoast SEO plugin. -->","yoast_head_json":{"title":"Mauspad mit Kalender und Postkarte (K1 View) - MousePad24.eu","description":"Das K1 View Mauspad mit Kalender ist das ideale Firmengeschenk \u2013 ein praktisches, langlebiges und \u00e4sthetisches Gadget, das die Arbeitsorganisation erleichtert.","robots":{"index":"index","follow":"follow","max-snippet":"max-snippet:-1","max-image-preview":"max-image-preview:large","max-video-preview":"max-video-preview:-1"},"og_locale":"de_DE","og_type":"article","og_title":"Mauspad mit Kalender und Postkarte (K1 View) - MousePad24.eu","og_description":"Das K1 View Mauspad mit Kalender ist das ideale Firmengeschenk \u2013 ein praktisches, langlebiges und \u00e4sthetisches Gadget, das die Arbeitsorganisation erleichtert.","og_url":"https:\/\/mousepad24.eu\/de\/produkt\/mauspad-mit-kalender-und-postkarte-k1-view\/","og_site_name":"MousePad24.eu","article_publisher":"https:\/\/www.facebook.com\/mousepad24\/","article_modified_time":"2026-01-29T12:37:42+00:00","og_image":[{"width":2500,"height":2500,"url":"https:\/\/mousepad24.eu\/wp-content\/uploads\/2025\/10\/calendar_mousepad-K1_multicolor_kalendarz_podkladka_k1_wielokolorowy-1.jpg","type":"image\/jpeg"}],"twitter_card":"summary_large_image","twitter_misc":{"Gesch\u00e4tzte Lesezeit":"3 Minuten"},"schema":{"@context":"https:\/\/schema.org","@graph":[{"@type":"WebPage","@id":"https:\/\/mousepad24.eu\/de\/produkt\/mauspad-mit-kalender-und-postkarte-k1-view\/","url":"https:\/\/mousepad24.eu\/de\/produkt\/mauspad-mit-kalender-und-postkarte-k1-view\/","name":"Mauspad mit Kalender und Postkarte (K1 View) - MousePad24.eu","isPartOf":{"@id":"https:\/\/mousepad24.eu\/#website"},"primaryImageOfPage":{"@id":"https:\/\/mousepad24.eu\/de\/produkt\/mauspad-mit-kalender-und-postkarte-k1-view\/#primaryimage"},"image":{"@id":"https:\/\/mousepad24.eu\/de\/produkt\/mauspad-mit-kalender-und-postkarte-k1-view\/#primaryimage"},"thumbnailUrl":"https:\/\/mousepad24.eu\/wp-content\/uploads\/2025\/10\/calendar_mousepad-K1_multicolor_kalendarz_podkladka_k1_wielokolorowy-1.jpg","datePublished":"2025-10-31T14:38:03+00:00","dateModified":"2026-01-29T12:37:42+00:00","description":"Das K1 View Mauspad mit Kalender ist das ideale Firmengeschenk \u2013 ein praktisches, langlebiges und \u00e4sthetisches Gadget, das die Arbeitsorganisation erleichtert.","breadcrumb":{"@id":"https:\/\/mousepad24.eu\/de\/produkt\/mauspad-mit-kalender-und-postkarte-k1-view\/#breadcrumb"},"inLanguage":"de","potentialAction":[{"@type":"ReadAction","target":["https:\/\/mousepad24.eu\/de\/produkt\/mauspad-mit-kalender-und-postkarte-k1-view\/"]}]},{"@type":"ImageObject","inLanguage":"de","@id":"https:\/\/mousepad24.eu\/de\/produkt\/mauspad-mit-kalender-und-postkarte-k1-view\/#primaryimage","url":"https:\/\/mousepad24.eu\/wp-content\/uploads\/2025\/10\/calendar_mousepad-K1_multicolor_kalendarz_podkladka_k1_wielokolorowy-1.jpg","contentUrl":"https:\/\/mousepad24.eu\/wp-content\/uploads\/2025\/10\/calendar_mousepad-K1_multicolor_kalendarz_podkladka_k1_wielokolorowy-1.jpg","width":2500,"height":2500},{"@type":"BreadcrumbList","@id":"https:\/\/mousepad24.eu\/de\/produkt\/mauspad-mit-kalender-und-postkarte-k1-view\/#breadcrumb","itemListElement":[{"@type":"ListItem","position":1,"name":"Startseite","item":"https:\/\/mousepad24.eu\/de\/"},{"@type":"ListItem","position":2,"name":"Shop","item":"https:\/\/mousepad24.eu\/de\/"},{"@type":"ListItem","position":3,"name":"Mauspad mit Kalender und Postkarte (K1 View)"}]},{"@type":"WebSite","@id":"https:\/\/mousepad24.eu\/#website","url":"https:\/\/mousepad24.eu\/","name":"MousePad24.eu","description":"{:en}Personalizowane podk\u0142adki pod mysz{:}{:pl}Personalised Mouse Pads{:}{:de}Werbe MousePads{:}","publisher":{"@id":"https:\/\/mousepad24.eu\/#organization"},"potentialAction":[{"@type":"SearchAction","target":{"@type":"EntryPoint","urlTemplate":"https:\/\/mousepad24.eu\/?s={search_term_string}"},"query-input":{"@type":"PropertyValueSpecification","valueRequired":true,"valueName":"search_term_string"}}],"inLanguage":"de"},{"@type":"Organization","@id":"https:\/\/mousepad24.eu\/#organization","name":"MousePad24.eu","url":"https:\/\/mousepad24.eu\/","logo":{"@type":"ImageObject","inLanguage":"de","@id":"https:\/\/mousepad24.eu\/#\/schema\/logo\/image\/","url":"https:\/\/mousepad24.eu\/wp-content\/uploads\/2022\/12\/MOUSEPAD24_logo_curv_OK-1.png","contentUrl":"https:\/\/mousepad24.eu\/wp-content\/uploads\/2022\/12\/MOUSEPAD24_logo_curv_OK-1.png","width":1024,"height":75,"caption":"MousePad24.eu"},"image":{"@id":"https:\/\/mousepad24.eu\/#\/schema\/logo\/image\/"},"sameAs":["https:\/\/www.facebook.com\/mousepad24\/","https:\/\/www.instagram.com\/mousepad24.eu\/","https:\/\/www.linkedin.com\/company\/podkladki24-mousepad24\/"]}]}},"_links":{"self":[{"href":"https:\/\/mousepad24.eu\/de\/wp-json\/wp\/v2\/product\/74829","targetHints":{"allow":["GET"]}}],"collection":[{"href":"https:\/\/mousepad24.eu\/de\/wp-json\/wp\/v2\/product"}],"about":[{"href":"https:\/\/mousepad24.eu\/de\/wp-json\/wp\/v2\/types\/product"}],"wp:featuredmedia":[{"embeddable":true,"href":"https:\/\/mousepad24.eu\/de\/wp-json\/wp\/v2\/media\/74802"}],"wp:attachment":[{"href":"https:\/\/mousepad24.eu\/de\/wp-json\/wp\/v2\/media?parent=74829"}],"wp:term":[{"taxonomy":"product_brand","embeddable":true,"href":"https:\/\/mousepad24.eu\/de\/wp-json\/wp\/v2\/product_brand?post=74829"},{"taxonomy":"product_cat","embeddable":true,"href":"https:\/\/mousepad24.eu\/de\/wp-json\/wp\/v2\/product_cat?post=74829"},{"taxonomy":"product_tag","embeddable":true,"href":"https:\/\/mousepad24.eu\/de\/wp-json\/wp\/v2\/product_tag?post=74829"}],"curies":[{"name":"wp","href":"https:\/\/api.w.org\/{rel}","templated":true}]}}