{"id":75953,"date":"2025-12-04T12:21:40","date_gmt":"2025-12-04T11:21:40","guid":{"rendered":"https:\/\/mousepad24.eu\/produkt\/handgelenkstuetze-mfwr\/"},"modified":"2026-01-22T08:26:31","modified_gmt":"2026-01-22T07:26:31","slug":"handgelenkstuetze-mfwr","status":"publish","type":"product","link":"https:\/\/mousepad24.eu\/de\/produkt\/handgelenkstuetze-mfwr\/","title":{"rendered":"Handgelenkst\u00fctze \/ MFWR \/"},"content":{"rendered":"<p data-start=\"145\" data-end=\"538\"><strong data-start=\"145\" data-end=\"226\">Memory Foam Wrist Rest \u2013 ergonomische Handgelenkst\u00fctze aus Memory-Schaum.<\/strong> Das ist die ideale L\u00f6sung f\u00fcr alle, die ihren Komfort beim Arbeiten am Computer erh\u00f6hen m\u00f6chten, ohne ihr Lieblingsmauspad austauschen zu m\u00fcssen. Die St\u00fctze wurde so konzipiert, dass sie perfekt mit jedem flachen Mauspad harmoniert. Sie bildet ein bequemes und stabiles Set sowohl f\u00fcr B\u00fcroarbeiten als auch f\u00fcr Gaming.  <\/p>\n<p data-start=\"540\" data-end=\"843\">Der verwendete <em data-start=\"552\" data-end=\"567\">Memory-Schaum<\/em> passt sich der nat\u00fcrlichen Handhaltung an, entlastet das Handgelenk effektiv und reduziert Muskelverspannungen. Es ist eine komfortablere und nat\u00fcrlichere Alternative zu herk\u00f6mmlichen Mauspads mit Gel-Handballenauflage. Sie ist elastisch, weniger erm\u00fcdend und bietet eine stabilere Handauflage.<\/p>\n<p data-start=\"845\" data-end=\"984\"><strong data-start=\"845\" data-end=\"871\">Zwei Varianten zur Auswahl<\/strong><br data-start=\"871\" data-end=\"874\">Die Handgelenkst\u00fctze ist in zwei Versionen erh\u00e4ltlich, um sie optimal an deinen Arbeitsstil oder deinen Arbeitsplatz anzupassen:<\/p>\n<ul data-start=\"986\" data-end=\"1369\">\n<li data-start=\"986\" data-end=\"1072\">\n<p data-start=\"988\" data-end=\"1072\"><strong data-start=\"988\" data-end=\"1011\">Variante ohne Aufdruck<\/strong> \u2013 minimalistisch, elegant und passend f\u00fcr jedes Setup.<\/p>\n<\/li>\n<li data-start=\"1073\" data-end=\"1369\">\n<p data-start=\"1075\" data-end=\"1369\"><strong data-start=\"1075\" data-end=\"1102\">DTF-Druckvariante<\/strong> \u2013 ein moderner, haltbarer und ausdrucksstarker Druck, hergestellt mit der <em data-start=\"1166\" data-end=\"1182\">Direct To Film<\/em>-Technologie, die Farben originalgetreu wiedergibt, eine hohe Detailgenauigkeit gew\u00e4hrleistet und abriebfest ist. Das ist eine gro\u00dfartige M\u00f6glichkeit, deinen Arbeitsplatz zu personalisieren oder ihm einen eher Gaming-Charakter zu verleihen.<\/p>\n<\/li>\n<\/ul>\n<p data-start=\"1371\" data-end=\"1578\">Die rutschfeste Unterseite garantiert, dass die Handgelenkst\u00fctze auch bei dynamischen Bewegungen an ihrem Platz bleibt. Das weiche, angenehme Obermaterial sorgt f\u00fcr hohen Nutzungskomfort \u00fcber viele Stunden. <\/p>\n<p data-start=\"1580\" data-end=\"1762\">Das ist ein praktisches und ergonomisches Accessoire. Es verbessert wirklich den Arbeitskomfort und die Gesundheit der Handgelenke, wobei dir gleichzeitig die volle Wahlfreiheit \u2013 sowohl bei der Unterlage als auch beim Stil \u2013 bleibt. <\/p>\n","protected":false},"excerpt":{"rendered":"<p>Ergonomische Handgelenkst\u00fctze aus Memory-Schaum, kompatibel mit flachen Mauspads. Eine bequemere Alternative zu Gel-Handgelenkst\u00fctzen \u2013 stabil, weich und entlastet das Handgelenk. <\/p>\n","protected":false},"featured_media":75884,"template":"","meta":[],"product_brand":[],"product_cat":[528],"product_tag":[],"class_list":{"0":"post-75953","1":"product","2":"type-product","3":"status-publish","4":"has-post-thumbnail","6":"product_cat-handballenauflage","7":"fpd-variation-needed","9":"first","10":"instock","11":"taxable","12":"shipping-taxable","13":"purchasable","14":"product-type-variable"},"yoast_head":"<!-- This site is optimized with the Yoast SEO plugin v27.3 - https:\/\/yoast.com\/product\/yoast-seo-wordpress\/ -->\n<title>Handgelenkst\u00fctze \/ MFWR \/ - MousePad24.eu<\/title>\n<meta name=\"description\" content=\"Handgelenkst\u00fctze aus Memory-Schaum. Sie passt sich der Hand an, reduziert Verspannungen und verbessert den Komfort beim Arbeiten am Computer.\" \/>\n<meta name=\"robots\" content=\"index, follow, max-snippet:-1, max-image-preview:large, max-video-preview:-1\" \/>\n<meta property=\"og:locale\" content=\"de_DE\" \/>\n<meta property=\"og:type\" content=\"article\" \/>\n<meta property=\"og:title\" content=\"Handgelenkst\u00fctze \/ MFWR \/ - MousePad24.eu\" \/>\n<meta property=\"og:description\" content=\"Handgelenkst\u00fctze aus Memory-Schaum. Sie passt sich der Hand an, reduziert Verspannungen und verbessert den Komfort beim Arbeiten am Computer.\" \/>\n<meta property=\"og:url\" content=\"https:\/\/mousepad24.eu\/de\/produkt\/handgelenkstuetze-mfwr\/\" \/>\n<meta property=\"og:site_name\" content=\"MousePad24.eu\" \/>\n<meta property=\"article:publisher\" content=\"https:\/\/www.facebook.com\/mousepad24\/\" \/>\n<meta property=\"article:modified_time\" content=\"2026-01-22T07:26:31+00:00\" \/>\n<meta property=\"og:image\" content=\"https:\/\/mousepad24.eu\/wp-content\/uploads\/2025\/12\/memory_foam_wrist_rest_podporka_piankowa_pod_nadgarstek-01.jpg\" \/>\n\t<meta property=\"og:image:width\" content=\"2500\" \/>\n\t<meta property=\"og:image:height\" content=\"2500\" \/>\n\t<meta property=\"og:image:type\" content=\"image\/jpeg\" \/>\n<meta name=\"twitter:card\" content=\"summary_large_image\" \/>\n<meta name=\"twitter:label1\" content=\"Gesch\u00e4tzte Lesezeit\" \/>\n\t<meta name=\"twitter:data1\" content=\"2 Minuten\" \/>\n<script type=\"application\/ld+json\" class=\"yoast-schema-graph\">{\"@context\":\"https:\\\/\\\/schema.org\",\"@graph\":[{\"@type\":\"WebPage\",\"@id\":\"https:\\\/\\\/mousepad24.eu\\\/de\\\/produkt\\\/handgelenkstuetze-mfwr\\\/\",\"url\":\"https:\\\/\\\/mousepad24.eu\\\/de\\\/produkt\\\/handgelenkstuetze-mfwr\\\/\",\"name\":\"Handgelenkst\u00fctze \\\/ MFWR \\\/ - MousePad24.eu\",\"isPartOf\":{\"@id\":\"https:\\\/\\\/mousepad24.eu\\\/#website\"},\"primaryImageOfPage\":{\"@id\":\"https:\\\/\\\/mousepad24.eu\\\/de\\\/produkt\\\/handgelenkstuetze-mfwr\\\/#primaryimage\"},\"image\":{\"@id\":\"https:\\\/\\\/mousepad24.eu\\\/de\\\/produkt\\\/handgelenkstuetze-mfwr\\\/#primaryimage\"},\"thumbnailUrl\":\"https:\\\/\\\/mousepad24.eu\\\/wp-content\\\/uploads\\\/2025\\\/12\\\/memory_foam_wrist_rest_podporka_piankowa_pod_nadgarstek-01.jpg\",\"datePublished\":\"2025-12-04T11:21:40+00:00\",\"dateModified\":\"2026-01-22T07:26:31+00:00\",\"description\":\"Handgelenkst\u00fctze aus Memory-Schaum. Sie passt sich der Hand an, reduziert Verspannungen und verbessert den Komfort beim Arbeiten am Computer.\",\"breadcrumb\":{\"@id\":\"https:\\\/\\\/mousepad24.eu\\\/de\\\/produkt\\\/handgelenkstuetze-mfwr\\\/#breadcrumb\"},\"inLanguage\":\"de\",\"potentialAction\":[{\"@type\":\"ReadAction\",\"target\":[\"https:\\\/\\\/mousepad24.eu\\\/de\\\/produkt\\\/handgelenkstuetze-mfwr\\\/\"]}]},{\"@type\":\"ImageObject\",\"inLanguage\":\"de\",\"@id\":\"https:\\\/\\\/mousepad24.eu\\\/de\\\/produkt\\\/handgelenkstuetze-mfwr\\\/#primaryimage\",\"url\":\"https:\\\/\\\/mousepad24.eu\\\/wp-content\\\/uploads\\\/2025\\\/12\\\/memory_foam_wrist_rest_podporka_piankowa_pod_nadgarstek-01.jpg\",\"contentUrl\":\"https:\\\/\\\/mousepad24.eu\\\/wp-content\\\/uploads\\\/2025\\\/12\\\/memory_foam_wrist_rest_podporka_piankowa_pod_nadgarstek-01.jpg\",\"width\":2500,\"height\":2500,\"caption\":\"memory foam wrist rest\"},{\"@type\":\"BreadcrumbList\",\"@id\":\"https:\\\/\\\/mousepad24.eu\\\/de\\\/produkt\\\/handgelenkstuetze-mfwr\\\/#breadcrumb\",\"itemListElement\":[{\"@type\":\"ListItem\",\"position\":1,\"name\":\"Startseite\",\"item\":\"https:\\\/\\\/mousepad24.eu\\\/de\\\/\"},{\"@type\":\"ListItem\",\"position\":2,\"name\":\"Shop\",\"item\":\"https:\\\/\\\/mousepad24.eu\\\/de\\\/\"},{\"@type\":\"ListItem\",\"position\":3,\"name\":\"Handgelenkst\u00fctze \\\/ MFWR \\\/\"}]},{\"@type\":\"WebSite\",\"@id\":\"https:\\\/\\\/mousepad24.eu\\\/#website\",\"url\":\"https:\\\/\\\/mousepad24.eu\\\/\",\"name\":\"MousePad24.eu\",\"description\":\"{:en}Personalizowane podk\u0142adki pod mysz{:}{:pl}Personalised Mouse Pads{:}{:de}Werbe MousePads{:}\",\"publisher\":{\"@id\":\"https:\\\/\\\/mousepad24.eu\\\/#organization\"},\"potentialAction\":[{\"@type\":\"SearchAction\",\"target\":{\"@type\":\"EntryPoint\",\"urlTemplate\":\"https:\\\/\\\/mousepad24.eu\\\/?s={search_term_string}\"},\"query-input\":{\"@type\":\"PropertyValueSpecification\",\"valueRequired\":true,\"valueName\":\"search_term_string\"}}],\"inLanguage\":\"de\"},{\"@type\":\"Organization\",\"@id\":\"https:\\\/\\\/mousepad24.eu\\\/#organization\",\"name\":\"MousePad24.eu\",\"url\":\"https:\\\/\\\/mousepad24.eu\\\/\",\"logo\":{\"@type\":\"ImageObject\",\"inLanguage\":\"de\",\"@id\":\"https:\\\/\\\/mousepad24.eu\\\/#\\\/schema\\\/logo\\\/image\\\/\",\"url\":\"https:\\\/\\\/mousepad24.eu\\\/wp-content\\\/uploads\\\/2022\\\/12\\\/MOUSEPAD24_logo_curv_OK-1.png\",\"contentUrl\":\"https:\\\/\\\/mousepad24.eu\\\/wp-content\\\/uploads\\\/2022\\\/12\\\/MOUSEPAD24_logo_curv_OK-1.png\",\"width\":1024,\"height\":75,\"caption\":\"MousePad24.eu\"},\"image\":{\"@id\":\"https:\\\/\\\/mousepad24.eu\\\/#\\\/schema\\\/logo\\\/image\\\/\"},\"sameAs\":[\"https:\\\/\\\/www.facebook.com\\\/mousepad24\\\/\",\"https:\\\/\\\/www.instagram.com\\\/mousepad24.eu\\\/\",\"https:\\\/\\\/www.linkedin.com\\\/company\\\/podkladki24-mousepad24\\\/\"]}]}<\/script>\n<!-- \/ Yoast SEO plugin. -->","yoast_head_json":{"title":"Handgelenkst\u00fctze \/ MFWR \/ - MousePad24.eu","description":"Handgelenkst\u00fctze aus Memory-Schaum. Sie passt sich der Hand an, reduziert Verspannungen und verbessert den Komfort beim Arbeiten am Computer.","robots":{"index":"index","follow":"follow","max-snippet":"max-snippet:-1","max-image-preview":"max-image-preview:large","max-video-preview":"max-video-preview:-1"},"og_locale":"de_DE","og_type":"article","og_title":"Handgelenkst\u00fctze \/ MFWR \/ - MousePad24.eu","og_description":"Handgelenkst\u00fctze aus Memory-Schaum. Sie passt sich der Hand an, reduziert Verspannungen und verbessert den Komfort beim Arbeiten am Computer.","og_url":"https:\/\/mousepad24.eu\/de\/produkt\/handgelenkstuetze-mfwr\/","og_site_name":"MousePad24.eu","article_publisher":"https:\/\/www.facebook.com\/mousepad24\/","article_modified_time":"2026-01-22T07:26:31+00:00","og_image":[{"width":2500,"height":2500,"url":"https:\/\/mousepad24.eu\/wp-content\/uploads\/2025\/12\/memory_foam_wrist_rest_podporka_piankowa_pod_nadgarstek-01.jpg","type":"image\/jpeg"}],"twitter_card":"summary_large_image","twitter_misc":{"Gesch\u00e4tzte Lesezeit":"2 Minuten"},"schema":{"@context":"https:\/\/schema.org","@graph":[{"@type":"WebPage","@id":"https:\/\/mousepad24.eu\/de\/produkt\/handgelenkstuetze-mfwr\/","url":"https:\/\/mousepad24.eu\/de\/produkt\/handgelenkstuetze-mfwr\/","name":"Handgelenkst\u00fctze \/ MFWR \/ - MousePad24.eu","isPartOf":{"@id":"https:\/\/mousepad24.eu\/#website"},"primaryImageOfPage":{"@id":"https:\/\/mousepad24.eu\/de\/produkt\/handgelenkstuetze-mfwr\/#primaryimage"},"image":{"@id":"https:\/\/mousepad24.eu\/de\/produkt\/handgelenkstuetze-mfwr\/#primaryimage"},"thumbnailUrl":"https:\/\/mousepad24.eu\/wp-content\/uploads\/2025\/12\/memory_foam_wrist_rest_podporka_piankowa_pod_nadgarstek-01.jpg","datePublished":"2025-12-04T11:21:40+00:00","dateModified":"2026-01-22T07:26:31+00:00","description":"Handgelenkst\u00fctze aus Memory-Schaum. Sie passt sich der Hand an, reduziert Verspannungen und verbessert den Komfort beim Arbeiten am Computer.","breadcrumb":{"@id":"https:\/\/mousepad24.eu\/de\/produkt\/handgelenkstuetze-mfwr\/#breadcrumb"},"inLanguage":"de","potentialAction":[{"@type":"ReadAction","target":["https:\/\/mousepad24.eu\/de\/produkt\/handgelenkstuetze-mfwr\/"]}]},{"@type":"ImageObject","inLanguage":"de","@id":"https:\/\/mousepad24.eu\/de\/produkt\/handgelenkstuetze-mfwr\/#primaryimage","url":"https:\/\/mousepad24.eu\/wp-content\/uploads\/2025\/12\/memory_foam_wrist_rest_podporka_piankowa_pod_nadgarstek-01.jpg","contentUrl":"https:\/\/mousepad24.eu\/wp-content\/uploads\/2025\/12\/memory_foam_wrist_rest_podporka_piankowa_pod_nadgarstek-01.jpg","width":2500,"height":2500,"caption":"memory foam wrist rest"},{"@type":"BreadcrumbList","@id":"https:\/\/mousepad24.eu\/de\/produkt\/handgelenkstuetze-mfwr\/#breadcrumb","itemListElement":[{"@type":"ListItem","position":1,"name":"Startseite","item":"https:\/\/mousepad24.eu\/de\/"},{"@type":"ListItem","position":2,"name":"Shop","item":"https:\/\/mousepad24.eu\/de\/"},{"@type":"ListItem","position":3,"name":"Handgelenkst\u00fctze \/ MFWR \/"}]},{"@type":"WebSite","@id":"https:\/\/mousepad24.eu\/#website","url":"https:\/\/mousepad24.eu\/","name":"MousePad24.eu","description":"{:en}Personalizowane podk\u0142adki pod mysz{:}{:pl}Personalised Mouse Pads{:}{:de}Werbe MousePads{:}","publisher":{"@id":"https:\/\/mousepad24.eu\/#organization"},"potentialAction":[{"@type":"SearchAction","target":{"@type":"EntryPoint","urlTemplate":"https:\/\/mousepad24.eu\/?s={search_term_string}"},"query-input":{"@type":"PropertyValueSpecification","valueRequired":true,"valueName":"search_term_string"}}],"inLanguage":"de"},{"@type":"Organization","@id":"https:\/\/mousepad24.eu\/#organization","name":"MousePad24.eu","url":"https:\/\/mousepad24.eu\/","logo":{"@type":"ImageObject","inLanguage":"de","@id":"https:\/\/mousepad24.eu\/#\/schema\/logo\/image\/","url":"https:\/\/mousepad24.eu\/wp-content\/uploads\/2022\/12\/MOUSEPAD24_logo_curv_OK-1.png","contentUrl":"https:\/\/mousepad24.eu\/wp-content\/uploads\/2022\/12\/MOUSEPAD24_logo_curv_OK-1.png","width":1024,"height":75,"caption":"MousePad24.eu"},"image":{"@id":"https:\/\/mousepad24.eu\/#\/schema\/logo\/image\/"},"sameAs":["https:\/\/www.facebook.com\/mousepad24\/","https:\/\/www.instagram.com\/mousepad24.eu\/","https:\/\/www.linkedin.com\/company\/podkladki24-mousepad24\/"]}]}},"_links":{"self":[{"href":"https:\/\/mousepad24.eu\/de\/wp-json\/wp\/v2\/product\/75953","targetHints":{"allow":["GET"]}}],"collection":[{"href":"https:\/\/mousepad24.eu\/de\/wp-json\/wp\/v2\/product"}],"about":[{"href":"https:\/\/mousepad24.eu\/de\/wp-json\/wp\/v2\/types\/product"}],"wp:featuredmedia":[{"embeddable":true,"href":"https:\/\/mousepad24.eu\/de\/wp-json\/wp\/v2\/media\/75884"}],"wp:attachment":[{"href":"https:\/\/mousepad24.eu\/de\/wp-json\/wp\/v2\/media?parent=75953"}],"wp:term":[{"taxonomy":"product_brand","embeddable":true,"href":"https:\/\/mousepad24.eu\/de\/wp-json\/wp\/v2\/product_brand?post=75953"},{"taxonomy":"product_cat","embeddable":true,"href":"https:\/\/mousepad24.eu\/de\/wp-json\/wp\/v2\/product_cat?post=75953"},{"taxonomy":"product_tag","embeddable":true,"href":"https:\/\/mousepad24.eu\/de\/wp-json\/wp\/v2\/product_tag?post=75953"}],"curies":[{"name":"wp","href":"https:\/\/api.w.org\/{rel}","templated":true}]}}