{"id":76701,"date":"2026-01-12T14:45:50","date_gmt":"2026-01-12T13:45:50","guid":{"rendered":"https:\/\/mousepad24.eu\/?post_type=product&#038;p=76701"},"modified":"2026-03-24T12:09:53","modified_gmt":"2026-03-24T11:09:53","slug":"schaumstoff-mauspad-smp_pro-04-kopia","status":"publish","type":"product","link":"https:\/\/mousepad24.eu\/de\/produkt\/schaumstoff-mauspad-smp_pro-04-kopia\/","title":{"rendered":"Schaumstoff-Mauspad \/SMP_PRO (05)\/"},"content":{"rendered":"<h3 data-start=\"174\" data-end=\"247\">Rotes ergonomisches Mauspad mit Personalisierungsm\u00f6glichkeit<\/h3>\n<p data-start=\"249\" data-end=\"568\">Das rote, ergonomische Mauspad aus flexiblem Schaumstoff und strapazierf\u00e4higem Polyester ist die ideale Kombination aus Komfort, Funktionalit\u00e4t und \u00c4sthetik. Es bietet bequeme Handgelenkunterst\u00fctzung, eine stabile und pr\u00e4zise Mausf\u00fchrung sowie ein modernes Erscheinungsbild f\u00fcr deinen Arbeitsplatz \u2013 sowohl im B\u00fcro als auch im Homeoffice. <\/p>\n<p data-start=\"570\" data-end=\"814\">Dank der vielf\u00e4ltigen Personalisierungsm\u00f6glichkeiten (1-, 2- oder 3-farbiger Druck, ohne Druck oder vollfarbiger DTF-Druck) eignet sich das Mauspad hervorragend als <strong data-start=\"725\" data-end=\"745\">Werbegeschenk<\/strong>, <strong data-start=\"747\" data-end=\"770\">Werbematerial<\/strong> und als Element der visuellen Markenidentit\u00e4t.<\/p>\n<h3 data-start=\"821\" data-end=\"853\">Wichtigste Produktmerkmale<\/h3>\n<ul data-start=\"855\" data-end=\"1359\">\n<li data-start=\"855\" data-end=\"971\">\n<p data-start=\"857\" data-end=\"971\"><strong data-start=\"857\" data-end=\"885\">Ergonomisches Design<\/strong> \u2013 weicher Schaumstoff reduziert die Erm\u00fcdung des Handgelenks bei langer Computerarbeit<\/p>\n<\/li>\n<li data-start=\"972\" data-end=\"1078\">\n<p data-start=\"974\" data-end=\"1078\"><strong data-start=\"974\" data-end=\"1001\">Hohe Verarbeitungsqualit\u00e4t<\/strong> \u2013 glatte Polyesteroberfl\u00e4che sorgt f\u00fcr ein fl\u00fcssiges und pr\u00e4zises Gleiten der Maus<\/p>\n<\/li>\n<li data-start=\"1079\" data-end=\"1175\">\n<p data-start=\"1081\" data-end=\"1175\"><strong data-start=\"1081\" data-end=\"1107\">Druckpersonalisierung<\/strong> \u2013 M\u00f6glichkeit, Logos oder Grafiken in verschiedenen Varianten anzubringen<\/p>\n<\/li>\n<li data-start=\"1176\" data-end=\"1259\">\n<p data-start=\"1178\" data-end=\"1259\"><strong data-start=\"1178\" data-end=\"1208\">Universelle Kompatibilit\u00e4t<\/strong> \u2013 geeignet f\u00fcr optische und Laser-M\u00e4use<\/p>\n<\/li>\n<li data-start=\"1260\" data-end=\"1359\">\n<p data-start=\"1262\" data-end=\"1359\"><strong data-start=\"1262\" data-end=\"1281\">Attraktiver Preis<\/strong> \u2013 ideale L\u00f6sung f\u00fcr Werbekampagnen und Massenaktionen<\/p>\n<\/li>\n<\/ul>\n<h3 data-start=\"1366\" data-end=\"1386\">Druckvarianten<\/h3>\n<ul data-start=\"1388\" data-end=\"1656\">\n<li data-start=\"1388\" data-end=\"1437\">\n<p data-start=\"1390\" data-end=\"1437\"><strong data-start=\"1390\" data-end=\"1401\">1 Farbe<\/strong> \u2013 kosteng\u00fcnstige Logokennzeichnung<\/p>\n<\/li>\n<li data-start=\"1438\" data-end=\"1485\">\n<p data-start=\"1440\" data-end=\"1485\"><strong data-start=\"1440\" data-end=\"1452\">2 Farben<\/strong> \u2013 bessere Sichtbarkeit und Kontrast<\/p>\n<\/li>\n<li data-start=\"1486\" data-end=\"1539\">\n<p data-start=\"1488\" data-end=\"1539\"><strong data-start=\"1488\" data-end=\"1500\">3 Farben<\/strong> \u2013 erweiterte visuelle Identit\u00e4t<\/p>\n<\/li>\n<li data-start=\"1540\" data-end=\"1591\">\n<p data-start=\"1542\" data-end=\"1591\"><strong data-start=\"1542\" data-end=\"1557\">Ohne Druck<\/strong> \u2013 saubere, rote Oberfl\u00e4che<\/p>\n<\/li>\n<li data-start=\"1592\" data-end=\"1656\">\n<p data-start=\"1594\" data-end=\"1656\"><strong data-start=\"1594\" data-end=\"1612\">Full Color DTF<\/strong> \u2013 vollfarbige Grafiken, Fotos und Details<\/p>\n<\/li>\n<\/ul>\n<h3 data-start=\"1663\" data-end=\"1690\">Technische Spezifikationen<\/h3>\n<ul data-start=\"1692\" data-end=\"1882\">\n<li data-start=\"1692\" data-end=\"1722\">\n<p data-start=\"1694\" data-end=\"1722\"><strong data-start=\"1694\" data-end=\"1711\">Basisfarbe:<\/strong> rot<\/p>\n<\/li>\n<li data-start=\"1723\" data-end=\"1759\">\n<p data-start=\"1725\" data-end=\"1759\"><strong data-start=\"1725\" data-end=\"1738\">Material:<\/strong> Schaumstoff + Polyester<\/p>\n<\/li>\n<li data-start=\"1760\" data-end=\"1808\">\n<p data-start=\"1762\" data-end=\"1808\"><strong data-start=\"1762\" data-end=\"1779\">Oberfl\u00e4che:<\/strong> glatt, angenehm im Griff<\/p>\n<\/li>\n<li data-start=\"1809\" data-end=\"1882\">\n<p data-start=\"1811\" data-end=\"1882\"><strong data-start=\"1811\" data-end=\"1828\">Anwendung:<\/strong> B\u00fcro, Homeoffice, Events, Messen, Werbeaktionen<\/p>\n<\/li>\n<\/ul>\n","protected":false},"excerpt":{"rendered":"<p>Rotes, ergonomisches Mauspad aus Schaumstoff und Polyester. Es bietet bequeme Handgelenkunterst\u00fctzung und eine pr\u00e4zise Mausf\u00fchrung. Die M\u00f6glichkeit der Druckpersonalisierung macht es zu einem hervorragenden Werbegeschenk und Werbematerial.  <\/p>\n","protected":false},"featured_media":65278,"template":"","meta":[],"product_brand":[],"product_cat":[530],"product_tag":[],"class_list":{"0":"post-76701","1":"product","2":"type-product","3":"status-publish","4":"has-post-thumbnail","6":"product_cat-schaum-mauspad","7":"fpd-variation-needed","9":"first","10":"instock","11":"taxable","12":"shipping-taxable","13":"purchasable","14":"product-type-variable"},"yoast_head":"<!-- This site is optimized with the Yoast SEO plugin v27.3 - https:\/\/yoast.com\/product\/yoast-seo-wordpress\/ -->\n<title>Schaumstoff-Mauspad \/SMP_PRO (05)\/ - MousePad24.eu<\/title>\n<meta name=\"description\" content=\"Rotes ergonomisches Mauspad mit Personalisierungsm\u00f6glichkeit. Handgelenkkomfort, reibungsloses Gleiten der Maus und Firmendruck \u2013 das ideale Werbegeschenk.\" \/>\n<meta name=\"robots\" content=\"index, follow, max-snippet:-1, max-image-preview:large, max-video-preview:-1\" \/>\n<meta property=\"og:locale\" content=\"de_DE\" \/>\n<meta property=\"og:type\" content=\"article\" \/>\n<meta property=\"og:title\" content=\"Schaumstoff-Mauspad \/SMP_PRO (05)\/ - MousePad24.eu\" \/>\n<meta property=\"og:description\" content=\"Rotes ergonomisches Mauspad mit Personalisierungsm\u00f6glichkeit. Handgelenkkomfort, reibungsloses Gleiten der Maus und Firmendruck \u2013 das ideale Werbegeschenk.\" \/>\n<meta property=\"og:url\" content=\"https:\/\/mousepad24.eu\/de\/produkt\/schaumstoff-mauspad-smp_pro-04-kopia\/\" \/>\n<meta property=\"og:site_name\" content=\"MousePad24.eu\" \/>\n<meta property=\"article:publisher\" content=\"https:\/\/www.facebook.com\/mousepad24\/\" \/>\n<meta property=\"article:modified_time\" content=\"2026-03-24T11:09:53+00:00\" \/>\n<meta property=\"og:image\" content=\"https:\/\/mousepad24.eu\/wp-content\/uploads\/2025\/07\/smp_05_pro_-blank.webp\" \/>\n\t<meta property=\"og:image:width\" content=\"2500\" \/>\n\t<meta property=\"og:image:height\" content=\"2500\" \/>\n\t<meta property=\"og:image:type\" content=\"image\/webp\" \/>\n<meta name=\"twitter:card\" content=\"summary_large_image\" \/>\n<meta name=\"twitter:label1\" content=\"Gesch\u00e4tzte Lesezeit\" \/>\n\t<meta name=\"twitter:data1\" content=\"1\u00a0Minute\" \/>\n<script type=\"application\/ld+json\" class=\"yoast-schema-graph\">{\"@context\":\"https:\\\/\\\/schema.org\",\"@graph\":[{\"@type\":\"WebPage\",\"@id\":\"https:\\\/\\\/mousepad24.eu\\\/de\\\/produkt\\\/schaumstoff-mauspad-smp_pro-04-kopia\\\/\",\"url\":\"https:\\\/\\\/mousepad24.eu\\\/de\\\/produkt\\\/schaumstoff-mauspad-smp_pro-04-kopia\\\/\",\"name\":\"Schaumstoff-Mauspad \\\/SMP_PRO (05)\\\/ - MousePad24.eu\",\"isPartOf\":{\"@id\":\"https:\\\/\\\/mousepad24.eu\\\/#website\"},\"primaryImageOfPage\":{\"@id\":\"https:\\\/\\\/mousepad24.eu\\\/de\\\/produkt\\\/schaumstoff-mauspad-smp_pro-04-kopia\\\/#primaryimage\"},\"image\":{\"@id\":\"https:\\\/\\\/mousepad24.eu\\\/de\\\/produkt\\\/schaumstoff-mauspad-smp_pro-04-kopia\\\/#primaryimage\"},\"thumbnailUrl\":\"https:\\\/\\\/mousepad24.eu\\\/wp-content\\\/uploads\\\/2025\\\/07\\\/smp_05_pro_-blank.webp\",\"datePublished\":\"2026-01-12T13:45:50+00:00\",\"dateModified\":\"2026-03-24T11:09:53+00:00\",\"description\":\"Rotes ergonomisches Mauspad mit Personalisierungsm\u00f6glichkeit. Handgelenkkomfort, reibungsloses Gleiten der Maus und Firmendruck \u2013 das ideale Werbegeschenk.\",\"breadcrumb\":{\"@id\":\"https:\\\/\\\/mousepad24.eu\\\/de\\\/produkt\\\/schaumstoff-mauspad-smp_pro-04-kopia\\\/#breadcrumb\"},\"inLanguage\":\"de\",\"potentialAction\":[{\"@type\":\"ReadAction\",\"target\":[\"https:\\\/\\\/mousepad24.eu\\\/de\\\/produkt\\\/schaumstoff-mauspad-smp_pro-04-kopia\\\/\"]}]},{\"@type\":\"ImageObject\",\"inLanguage\":\"de\",\"@id\":\"https:\\\/\\\/mousepad24.eu\\\/de\\\/produkt\\\/schaumstoff-mauspad-smp_pro-04-kopia\\\/#primaryimage\",\"url\":\"https:\\\/\\\/mousepad24.eu\\\/wp-content\\\/uploads\\\/2025\\\/07\\\/smp_05_pro_-blank.webp\",\"contentUrl\":\"https:\\\/\\\/mousepad24.eu\\\/wp-content\\\/uploads\\\/2025\\\/07\\\/smp_05_pro_-blank.webp\",\"width\":2500,\"height\":2500,\"caption\":\"Wygodna czerwona podk\u0142adka piankowa z podstawk\u0105 pod nadgarstek \u2013 bez nadruku\"},{\"@type\":\"BreadcrumbList\",\"@id\":\"https:\\\/\\\/mousepad24.eu\\\/de\\\/produkt\\\/schaumstoff-mauspad-smp_pro-04-kopia\\\/#breadcrumb\",\"itemListElement\":[{\"@type\":\"ListItem\",\"position\":1,\"name\":\"Startseite\",\"item\":\"https:\\\/\\\/mousepad24.eu\\\/de\\\/\"},{\"@type\":\"ListItem\",\"position\":2,\"name\":\"Shop\",\"item\":\"https:\\\/\\\/mousepad24.eu\\\/de\\\/\"},{\"@type\":\"ListItem\",\"position\":3,\"name\":\"Schaumstoff-Mauspad \\\/SMP_PRO (05)\\\/\"}]},{\"@type\":\"WebSite\",\"@id\":\"https:\\\/\\\/mousepad24.eu\\\/#website\",\"url\":\"https:\\\/\\\/mousepad24.eu\\\/\",\"name\":\"MousePad24.eu\",\"description\":\"{:en}Personalizowane podk\u0142adki pod mysz{:}{:pl}Personalised Mouse Pads{:}{:de}Werbe MousePads{:}\",\"publisher\":{\"@id\":\"https:\\\/\\\/mousepad24.eu\\\/#organization\"},\"potentialAction\":[{\"@type\":\"SearchAction\",\"target\":{\"@type\":\"EntryPoint\",\"urlTemplate\":\"https:\\\/\\\/mousepad24.eu\\\/?s={search_term_string}\"},\"query-input\":{\"@type\":\"PropertyValueSpecification\",\"valueRequired\":true,\"valueName\":\"search_term_string\"}}],\"inLanguage\":\"de\"},{\"@type\":\"Organization\",\"@id\":\"https:\\\/\\\/mousepad24.eu\\\/#organization\",\"name\":\"MousePad24.eu\",\"url\":\"https:\\\/\\\/mousepad24.eu\\\/\",\"logo\":{\"@type\":\"ImageObject\",\"inLanguage\":\"de\",\"@id\":\"https:\\\/\\\/mousepad24.eu\\\/#\\\/schema\\\/logo\\\/image\\\/\",\"url\":\"https:\\\/\\\/mousepad24.eu\\\/wp-content\\\/uploads\\\/2022\\\/12\\\/MOUSEPAD24_logo_curv_OK-1.png\",\"contentUrl\":\"https:\\\/\\\/mousepad24.eu\\\/wp-content\\\/uploads\\\/2022\\\/12\\\/MOUSEPAD24_logo_curv_OK-1.png\",\"width\":1024,\"height\":75,\"caption\":\"MousePad24.eu\"},\"image\":{\"@id\":\"https:\\\/\\\/mousepad24.eu\\\/#\\\/schema\\\/logo\\\/image\\\/\"},\"sameAs\":[\"https:\\\/\\\/www.facebook.com\\\/mousepad24\\\/\",\"https:\\\/\\\/www.instagram.com\\\/mousepad24.eu\\\/\",\"https:\\\/\\\/www.linkedin.com\\\/company\\\/podkladki24-mousepad24\\\/\"]}]}<\/script>\n<!-- \/ Yoast SEO plugin. -->","yoast_head_json":{"title":"Schaumstoff-Mauspad \/SMP_PRO (05)\/ - MousePad24.eu","description":"Rotes ergonomisches Mauspad mit Personalisierungsm\u00f6glichkeit. Handgelenkkomfort, reibungsloses Gleiten der Maus und Firmendruck \u2013 das ideale Werbegeschenk.","robots":{"index":"index","follow":"follow","max-snippet":"max-snippet:-1","max-image-preview":"max-image-preview:large","max-video-preview":"max-video-preview:-1"},"og_locale":"de_DE","og_type":"article","og_title":"Schaumstoff-Mauspad \/SMP_PRO (05)\/ - MousePad24.eu","og_description":"Rotes ergonomisches Mauspad mit Personalisierungsm\u00f6glichkeit. Handgelenkkomfort, reibungsloses Gleiten der Maus und Firmendruck \u2013 das ideale Werbegeschenk.","og_url":"https:\/\/mousepad24.eu\/de\/produkt\/schaumstoff-mauspad-smp_pro-04-kopia\/","og_site_name":"MousePad24.eu","article_publisher":"https:\/\/www.facebook.com\/mousepad24\/","article_modified_time":"2026-03-24T11:09:53+00:00","og_image":[{"width":2500,"height":2500,"url":"https:\/\/mousepad24.eu\/wp-content\/uploads\/2025\/07\/smp_05_pro_-blank.webp","type":"image\/webp"}],"twitter_card":"summary_large_image","twitter_misc":{"Gesch\u00e4tzte Lesezeit":"1\u00a0Minute"},"schema":{"@context":"https:\/\/schema.org","@graph":[{"@type":"WebPage","@id":"https:\/\/mousepad24.eu\/de\/produkt\/schaumstoff-mauspad-smp_pro-04-kopia\/","url":"https:\/\/mousepad24.eu\/de\/produkt\/schaumstoff-mauspad-smp_pro-04-kopia\/","name":"Schaumstoff-Mauspad \/SMP_PRO (05)\/ - MousePad24.eu","isPartOf":{"@id":"https:\/\/mousepad24.eu\/#website"},"primaryImageOfPage":{"@id":"https:\/\/mousepad24.eu\/de\/produkt\/schaumstoff-mauspad-smp_pro-04-kopia\/#primaryimage"},"image":{"@id":"https:\/\/mousepad24.eu\/de\/produkt\/schaumstoff-mauspad-smp_pro-04-kopia\/#primaryimage"},"thumbnailUrl":"https:\/\/mousepad24.eu\/wp-content\/uploads\/2025\/07\/smp_05_pro_-blank.webp","datePublished":"2026-01-12T13:45:50+00:00","dateModified":"2026-03-24T11:09:53+00:00","description":"Rotes ergonomisches Mauspad mit Personalisierungsm\u00f6glichkeit. Handgelenkkomfort, reibungsloses Gleiten der Maus und Firmendruck \u2013 das ideale Werbegeschenk.","breadcrumb":{"@id":"https:\/\/mousepad24.eu\/de\/produkt\/schaumstoff-mauspad-smp_pro-04-kopia\/#breadcrumb"},"inLanguage":"de","potentialAction":[{"@type":"ReadAction","target":["https:\/\/mousepad24.eu\/de\/produkt\/schaumstoff-mauspad-smp_pro-04-kopia\/"]}]},{"@type":"ImageObject","inLanguage":"de","@id":"https:\/\/mousepad24.eu\/de\/produkt\/schaumstoff-mauspad-smp_pro-04-kopia\/#primaryimage","url":"https:\/\/mousepad24.eu\/wp-content\/uploads\/2025\/07\/smp_05_pro_-blank.webp","contentUrl":"https:\/\/mousepad24.eu\/wp-content\/uploads\/2025\/07\/smp_05_pro_-blank.webp","width":2500,"height":2500,"caption":"Wygodna czerwona podk\u0142adka piankowa z podstawk\u0105 pod nadgarstek \u2013 bez nadruku"},{"@type":"BreadcrumbList","@id":"https:\/\/mousepad24.eu\/de\/produkt\/schaumstoff-mauspad-smp_pro-04-kopia\/#breadcrumb","itemListElement":[{"@type":"ListItem","position":1,"name":"Startseite","item":"https:\/\/mousepad24.eu\/de\/"},{"@type":"ListItem","position":2,"name":"Shop","item":"https:\/\/mousepad24.eu\/de\/"},{"@type":"ListItem","position":3,"name":"Schaumstoff-Mauspad \/SMP_PRO (05)\/"}]},{"@type":"WebSite","@id":"https:\/\/mousepad24.eu\/#website","url":"https:\/\/mousepad24.eu\/","name":"MousePad24.eu","description":"{:en}Personalizowane podk\u0142adki pod mysz{:}{:pl}Personalised Mouse Pads{:}{:de}Werbe MousePads{:}","publisher":{"@id":"https:\/\/mousepad24.eu\/#organization"},"potentialAction":[{"@type":"SearchAction","target":{"@type":"EntryPoint","urlTemplate":"https:\/\/mousepad24.eu\/?s={search_term_string}"},"query-input":{"@type":"PropertyValueSpecification","valueRequired":true,"valueName":"search_term_string"}}],"inLanguage":"de"},{"@type":"Organization","@id":"https:\/\/mousepad24.eu\/#organization","name":"MousePad24.eu","url":"https:\/\/mousepad24.eu\/","logo":{"@type":"ImageObject","inLanguage":"de","@id":"https:\/\/mousepad24.eu\/#\/schema\/logo\/image\/","url":"https:\/\/mousepad24.eu\/wp-content\/uploads\/2022\/12\/MOUSEPAD24_logo_curv_OK-1.png","contentUrl":"https:\/\/mousepad24.eu\/wp-content\/uploads\/2022\/12\/MOUSEPAD24_logo_curv_OK-1.png","width":1024,"height":75,"caption":"MousePad24.eu"},"image":{"@id":"https:\/\/mousepad24.eu\/#\/schema\/logo\/image\/"},"sameAs":["https:\/\/www.facebook.com\/mousepad24\/","https:\/\/www.instagram.com\/mousepad24.eu\/","https:\/\/www.linkedin.com\/company\/podkladki24-mousepad24\/"]}]}},"_links":{"self":[{"href":"https:\/\/mousepad24.eu\/de\/wp-json\/wp\/v2\/product\/76701","targetHints":{"allow":["GET"]}}],"collection":[{"href":"https:\/\/mousepad24.eu\/de\/wp-json\/wp\/v2\/product"}],"about":[{"href":"https:\/\/mousepad24.eu\/de\/wp-json\/wp\/v2\/types\/product"}],"wp:featuredmedia":[{"embeddable":true,"href":"https:\/\/mousepad24.eu\/de\/wp-json\/wp\/v2\/media\/65278"}],"wp:attachment":[{"href":"https:\/\/mousepad24.eu\/de\/wp-json\/wp\/v2\/media?parent=76701"}],"wp:term":[{"taxonomy":"product_brand","embeddable":true,"href":"https:\/\/mousepad24.eu\/de\/wp-json\/wp\/v2\/product_brand?post=76701"},{"taxonomy":"product_cat","embeddable":true,"href":"https:\/\/mousepad24.eu\/de\/wp-json\/wp\/v2\/product_cat?post=76701"},{"taxonomy":"product_tag","embeddable":true,"href":"https:\/\/mousepad24.eu\/de\/wp-json\/wp\/v2\/product_tag?post=76701"}],"curies":[{"name":"wp","href":"https:\/\/api.w.org\/{rel}","templated":true}]}}