{"id":77620,"date":"2026-03-10T11:50:00","date_gmt":"2026-03-10T10:50:00","guid":{"rendered":"https:\/\/mousepad24.eu\/produkt\/schutzfolie-fuer-mauspads-fp\/"},"modified":"2026-03-10T11:50:00","modified_gmt":"2026-03-10T10:50:00","slug":"schutzfolie-fuer-mauspads-fp","status":"publish","type":"product","link":"https:\/\/mousepad24.eu\/de\/produkt\/schutzfolie-fuer-mauspads-fp\/","title":{"rendered":"Schutzfolie f\u00fcr Mauspads \/ FP \/"},"content":{"rendered":"<p data-start=\"292\" data-end=\"723\"><strong>Schutzfolienverpackung<\/strong> \u2013 praktisch, transparent und f\u00fcr die sichere Aufbewahrung sowie \u00e4sthetische Verpackung von Mauspads konzipiert.<\/p>\n<p data-start=\"292\" data-end=\"723\">Eignet sich hervorragend sowohl f\u00fcr den Einzelhandel als auch f\u00fcr den Produktversand. Sch\u00fctzt die Oberfl\u00e4che des Mauspads vor Staub, Verschmutzungen und Kratzern.<br data-start=\"599\" data-end=\"602\">Die Verpackung ist in zwei Varianten erh\u00e4ltlich, die auf verschiedene Mauspad-Gr\u00f6\u00dfen abgestimmt sind: <strong data-start=\"692\" data-end=\"704\">Standard<\/strong>, <strong>Gaming<\/strong>. <\/p>\n<p data-start=\"725\" data-end=\"993\">Die Folie ist flexibel, transparent und rei\u00dffest, was Langlebigkeit und Benutzerfreundlichkeit gew\u00e4hrleistet.<br data-start=\"832\" data-end=\"835\">Nicht geeignet f\u00fcr <strong data-start=\"863\" data-end=\"875\">Gel-Mauspads<\/strong> \u2013 diese Produkte haben ihre eigenen, werkseitigen Schutzverpackungen und passen nicht in diese Art von Folienh\u00fclle.<\/p>\n<p data-start=\"995\" data-end=\"1014\"><strong data-start=\"995\" data-end=\"1014\">Produkteigenschaften:<\/strong><\/p>\n<ul data-start=\"1015\" data-end=\"1289\">\n<li data-start=\"1015\" data-end=\"1064\">\n<p data-start=\"1017\" data-end=\"1064\">Hochwertige transparente Schutzfolie<\/p>\n<\/li>\n<li data-start=\"1065\" data-end=\"1114\">\n<p data-start=\"1067\" data-end=\"1114\">Sch\u00fctzt vor Staub, Kratzern und Feuchtigkeit<\/p>\n<\/li>\n<li data-start=\"1115\" data-end=\"1182\">\n<p data-start=\"1117\" data-end=\"1182\">\u00c4sthetisches Aussehen \u2013 ideal f\u00fcr die Pr\u00e4sentation im Laden oder den Versand<\/p>\n<\/li>\n<li data-start=\"1183\" data-end=\"1239\">\n<p data-start=\"1185\" data-end=\"1239\">Zwei angepasste Gr\u00f6\u00dfenvarianten (Standard, Gaming)<\/p>\n<\/li>\n<\/ul>\n<p data-start=\"1341\" data-end=\"1389\">\ud83d\udd38 <strong data-start=\"1348\" data-end=\"1389\">Folienverpackung \u2013 Standard 21,5 x 24 cm<\/strong><\/p>\n<p data-start=\"1390\" data-end=\"1687\">Verpackung f\u00fcr die meisten klassischen Mauspads mit Standard-Schreibtischma\u00dfen.<br data-start=\"1497\" data-end=\"1500\">Ideal zum Schutz d\u00fcnner und mittelstarker Stoff- oder Gummi-Mauspads.<br data-start=\"1592\" data-end=\"1595\">Die transparente Folie sorgt f\u00fcr ein \u00e4sthetisches Aussehen und Schutz bei Lagerung oder Versand.<br \/>\n<strong data-start=\"1689\" data-end=\"1701\">Passende Mauspad-Typen: SMP, SMP_REC, SMP_PRO, SUB, SUB_ECO, SUBS, SUBR, P2S, P3S<\/strong><\/p>\n<p data-start=\"1769\" data-end=\"1822\">\ud83d\udd38 <strong data-start=\"1776\" data-end=\"1822\">Folienverpackung \u2013 Gaming 15 x 48 cm<\/strong><\/p>\n<p data-start=\"1823\" data-end=\"2118\">Schutzfolie f\u00fcr Gaming-Mauspads in den Gr\u00f6\u00dfen <strong data-start=\"1776\" data-end=\"1822\">M, L, XL, XL+, SLIM, XL LONG, XL LONG+<\/strong>.<br data-start=\"1892\" data-end=\"1895\">Bestens geeignet f\u00fcr die Lagerung und Verpackung von Matten mit f\u00fcr Gamer typischen Abmessungen \u2013 etwas gr\u00f6\u00dfer als Standardmodelle.<br data-start=\"2022\" data-end=\"2025\">Sch\u00fctzt die Oberfl\u00e4che des Mauspads vor Staub und Verschmutzungen und bewahrt sein urspr\u00fcngliches Aussehen.<\/p>\n","protected":false},"excerpt":{"rendered":"<p>Transparente Folienverpackung f\u00fcr die sichere Lagerung und Verpackung von Mauspads. Sch\u00fctzt vor Staub, Kratzern und Verschmutzungen und eignet sich dank \u00e4sthetischem Aussehen sowohl f\u00fcr den Einzelhandel als auch f\u00fcr den Versand. Die flexible und rei\u00dffeste Folie gew\u00e4hrleistet Langlebigkeit und Benutzerfreundlichkeit.  <\/p>\n","protected":false},"featured_media":76661,"template":"","meta":[],"product_brand":[],"product_cat":[1139],"product_tag":[],"class_list":{"0":"post-77620","1":"product","2":"type-product","3":"status-publish","4":"has-post-thumbnail","6":"product_cat-andere","7":"fpd-variation-needed","9":"first","10":"instock","11":"taxable","12":"shipping-taxable","13":"purchasable","14":"product-type-variable","15":"has-default-attributes"},"yoast_head":"<!-- This site is optimized with the Yoast SEO plugin v27.5 - https:\/\/yoast.com\/product\/yoast-seo-wordpress\/ -->\n<title>Schutzfolie f\u00fcr Mauspads \/ FP \/ - MousePad24.eu<\/title>\n<meta name=\"description\" content=\"Transparente Folienverpackung f\u00fcr Mauspads. Sch\u00fctzt vor Staub und Kratzern. Verf\u00fcgbare Varianten: Standard 21,5\u00d724 cm und Gaming 15\u00d748 cm.\" \/>\n<meta name=\"robots\" content=\"index, follow, max-snippet:-1, max-image-preview:large, max-video-preview:-1\" \/>\n<meta property=\"og:locale\" content=\"de_DE\" \/>\n<meta property=\"og:type\" content=\"article\" \/>\n<meta property=\"og:title\" content=\"Schutzfolie f\u00fcr Mauspads \/ FP \/ - MousePad24.eu\" \/>\n<meta property=\"og:description\" content=\"Transparente Folienverpackung f\u00fcr Mauspads. Sch\u00fctzt vor Staub und Kratzern. Verf\u00fcgbare Varianten: Standard 21,5\u00d724 cm und Gaming 15\u00d748 cm.\" \/>\n<meta property=\"og:url\" content=\"https:\/\/mousepad24.eu\/de\/produkt\/schutzfolie-fuer-mauspads-fp\/\" \/>\n<meta property=\"og:site_name\" content=\"MousePad24.eu\" \/>\n<meta property=\"article:publisher\" content=\"https:\/\/www.facebook.com\/mousepad24\/\" \/>\n<meta property=\"og:image\" content=\"https:\/\/mousepad24.eu\/wp-content\/uploads\/2026\/01\/woreczki_male.jpg\" \/>\n\t<meta property=\"og:image:width\" content=\"2500\" \/>\n\t<meta property=\"og:image:height\" content=\"2500\" \/>\n\t<meta property=\"og:image:type\" content=\"image\/jpeg\" \/>\n<meta name=\"twitter:card\" content=\"summary_large_image\" \/>\n<meta name=\"twitter:label1\" content=\"Gesch\u00e4tzte Lesezeit\" \/>\n\t<meta name=\"twitter:data1\" content=\"1\u00a0Minute\" \/>\n<script type=\"application\/ld+json\" class=\"yoast-schema-graph\">{\"@context\":\"https:\\\/\\\/schema.org\",\"@graph\":[{\"@type\":\"WebPage\",\"@id\":\"https:\\\/\\\/mousepad24.eu\\\/de\\\/produkt\\\/schutzfolie-fuer-mauspads-fp\\\/\",\"url\":\"https:\\\/\\\/mousepad24.eu\\\/de\\\/produkt\\\/schutzfolie-fuer-mauspads-fp\\\/\",\"name\":\"Schutzfolie f\u00fcr Mauspads \\\/ FP \\\/ - MousePad24.eu\",\"isPartOf\":{\"@id\":\"https:\\\/\\\/mousepad24.eu\\\/#website\"},\"primaryImageOfPage\":{\"@id\":\"https:\\\/\\\/mousepad24.eu\\\/de\\\/produkt\\\/schutzfolie-fuer-mauspads-fp\\\/#primaryimage\"},\"image\":{\"@id\":\"https:\\\/\\\/mousepad24.eu\\\/de\\\/produkt\\\/schutzfolie-fuer-mauspads-fp\\\/#primaryimage\"},\"thumbnailUrl\":\"https:\\\/\\\/mousepad24.eu\\\/wp-content\\\/uploads\\\/2026\\\/01\\\/woreczki_male.jpg\",\"datePublished\":\"2026-03-10T10:50:00+00:00\",\"description\":\"Transparente Folienverpackung f\u00fcr Mauspads. Sch\u00fctzt vor Staub und Kratzern. Verf\u00fcgbare Varianten: Standard 21,5\u00d724 cm und Gaming 15\u00d748 cm.\",\"breadcrumb\":{\"@id\":\"https:\\\/\\\/mousepad24.eu\\\/de\\\/produkt\\\/schutzfolie-fuer-mauspads-fp\\\/#breadcrumb\"},\"inLanguage\":\"de\",\"potentialAction\":[{\"@type\":\"ReadAction\",\"target\":[\"https:\\\/\\\/mousepad24.eu\\\/de\\\/produkt\\\/schutzfolie-fuer-mauspads-fp\\\/\"]}]},{\"@type\":\"ImageObject\",\"inLanguage\":\"de\",\"@id\":\"https:\\\/\\\/mousepad24.eu\\\/de\\\/produkt\\\/schutzfolie-fuer-mauspads-fp\\\/#primaryimage\",\"url\":\"https:\\\/\\\/mousepad24.eu\\\/wp-content\\\/uploads\\\/2026\\\/01\\\/woreczki_male.jpg\",\"contentUrl\":\"https:\\\/\\\/mousepad24.eu\\\/wp-content\\\/uploads\\\/2026\\\/01\\\/woreczki_male.jpg\",\"width\":2500,\"height\":2500,\"caption\":\"foliowe opakowanie ochronne\"},{\"@type\":\"BreadcrumbList\",\"@id\":\"https:\\\/\\\/mousepad24.eu\\\/de\\\/produkt\\\/schutzfolie-fuer-mauspads-fp\\\/#breadcrumb\",\"itemListElement\":[{\"@type\":\"ListItem\",\"position\":1,\"name\":\"Startseite\",\"item\":\"https:\\\/\\\/mousepad24.eu\\\/de\\\/\"},{\"@type\":\"ListItem\",\"position\":2,\"name\":\"Shop\",\"item\":\"https:\\\/\\\/mousepad24.eu\\\/de\\\/\"},{\"@type\":\"ListItem\",\"position\":3,\"name\":\"Schutzfolie f\u00fcr Mauspads \\\/ FP \\\/\"}]},{\"@type\":\"WebSite\",\"@id\":\"https:\\\/\\\/mousepad24.eu\\\/#website\",\"url\":\"https:\\\/\\\/mousepad24.eu\\\/\",\"name\":\"MousePad24.eu\",\"description\":\"{:en}Personalizowane podk\u0142adki pod mysz{:}{:pl}Personalised Mouse Pads{:}{:de}Werbe MousePads{:}\",\"publisher\":{\"@id\":\"https:\\\/\\\/mousepad24.eu\\\/#organization\"},\"potentialAction\":[{\"@type\":\"SearchAction\",\"target\":{\"@type\":\"EntryPoint\",\"urlTemplate\":\"https:\\\/\\\/mousepad24.eu\\\/?s={search_term_string}\"},\"query-input\":{\"@type\":\"PropertyValueSpecification\",\"valueRequired\":true,\"valueName\":\"search_term_string\"}}],\"inLanguage\":\"de\"},{\"@type\":\"Organization\",\"@id\":\"https:\\\/\\\/mousepad24.eu\\\/#organization\",\"name\":\"MousePad24.eu\",\"url\":\"https:\\\/\\\/mousepad24.eu\\\/\",\"logo\":{\"@type\":\"ImageObject\",\"inLanguage\":\"de\",\"@id\":\"https:\\\/\\\/mousepad24.eu\\\/#\\\/schema\\\/logo\\\/image\\\/\",\"url\":\"https:\\\/\\\/mousepad24.eu\\\/wp-content\\\/uploads\\\/2022\\\/12\\\/MOUSEPAD24_logo_curv_OK-1.png\",\"contentUrl\":\"https:\\\/\\\/mousepad24.eu\\\/wp-content\\\/uploads\\\/2022\\\/12\\\/MOUSEPAD24_logo_curv_OK-1.png\",\"width\":1024,\"height\":75,\"caption\":\"MousePad24.eu\"},\"image\":{\"@id\":\"https:\\\/\\\/mousepad24.eu\\\/#\\\/schema\\\/logo\\\/image\\\/\"},\"sameAs\":[\"https:\\\/\\\/www.facebook.com\\\/mousepad24\\\/\",\"https:\\\/\\\/www.instagram.com\\\/mousepad24.eu\\\/\",\"https:\\\/\\\/www.linkedin.com\\\/company\\\/podkladki24-mousepad24\\\/\"]}]}<\/script>\n<!-- \/ Yoast SEO plugin. -->","yoast_head_json":{"title":"Schutzfolie f\u00fcr Mauspads \/ FP \/ - MousePad24.eu","description":"Transparente Folienverpackung f\u00fcr Mauspads. Sch\u00fctzt vor Staub und Kratzern. Verf\u00fcgbare Varianten: Standard 21,5\u00d724 cm und Gaming 15\u00d748 cm.","robots":{"index":"index","follow":"follow","max-snippet":"max-snippet:-1","max-image-preview":"max-image-preview:large","max-video-preview":"max-video-preview:-1"},"og_locale":"de_DE","og_type":"article","og_title":"Schutzfolie f\u00fcr Mauspads \/ FP \/ - MousePad24.eu","og_description":"Transparente Folienverpackung f\u00fcr Mauspads. Sch\u00fctzt vor Staub und Kratzern. Verf\u00fcgbare Varianten: Standard 21,5\u00d724 cm und Gaming 15\u00d748 cm.","og_url":"https:\/\/mousepad24.eu\/de\/produkt\/schutzfolie-fuer-mauspads-fp\/","og_site_name":"MousePad24.eu","article_publisher":"https:\/\/www.facebook.com\/mousepad24\/","og_image":[{"width":2500,"height":2500,"url":"https:\/\/mousepad24.eu\/wp-content\/uploads\/2026\/01\/woreczki_male.jpg","type":"image\/jpeg"}],"twitter_card":"summary_large_image","twitter_misc":{"Gesch\u00e4tzte Lesezeit":"1\u00a0Minute"},"schema":{"@context":"https:\/\/schema.org","@graph":[{"@type":"WebPage","@id":"https:\/\/mousepad24.eu\/de\/produkt\/schutzfolie-fuer-mauspads-fp\/","url":"https:\/\/mousepad24.eu\/de\/produkt\/schutzfolie-fuer-mauspads-fp\/","name":"Schutzfolie f\u00fcr Mauspads \/ FP \/ - MousePad24.eu","isPartOf":{"@id":"https:\/\/mousepad24.eu\/#website"},"primaryImageOfPage":{"@id":"https:\/\/mousepad24.eu\/de\/produkt\/schutzfolie-fuer-mauspads-fp\/#primaryimage"},"image":{"@id":"https:\/\/mousepad24.eu\/de\/produkt\/schutzfolie-fuer-mauspads-fp\/#primaryimage"},"thumbnailUrl":"https:\/\/mousepad24.eu\/wp-content\/uploads\/2026\/01\/woreczki_male.jpg","datePublished":"2026-03-10T10:50:00+00:00","description":"Transparente Folienverpackung f\u00fcr Mauspads. Sch\u00fctzt vor Staub und Kratzern. Verf\u00fcgbare Varianten: Standard 21,5\u00d724 cm und Gaming 15\u00d748 cm.","breadcrumb":{"@id":"https:\/\/mousepad24.eu\/de\/produkt\/schutzfolie-fuer-mauspads-fp\/#breadcrumb"},"inLanguage":"de","potentialAction":[{"@type":"ReadAction","target":["https:\/\/mousepad24.eu\/de\/produkt\/schutzfolie-fuer-mauspads-fp\/"]}]},{"@type":"ImageObject","inLanguage":"de","@id":"https:\/\/mousepad24.eu\/de\/produkt\/schutzfolie-fuer-mauspads-fp\/#primaryimage","url":"https:\/\/mousepad24.eu\/wp-content\/uploads\/2026\/01\/woreczki_male.jpg","contentUrl":"https:\/\/mousepad24.eu\/wp-content\/uploads\/2026\/01\/woreczki_male.jpg","width":2500,"height":2500,"caption":"foliowe opakowanie ochronne"},{"@type":"BreadcrumbList","@id":"https:\/\/mousepad24.eu\/de\/produkt\/schutzfolie-fuer-mauspads-fp\/#breadcrumb","itemListElement":[{"@type":"ListItem","position":1,"name":"Startseite","item":"https:\/\/mousepad24.eu\/de\/"},{"@type":"ListItem","position":2,"name":"Shop","item":"https:\/\/mousepad24.eu\/de\/"},{"@type":"ListItem","position":3,"name":"Schutzfolie f\u00fcr Mauspads \/ FP \/"}]},{"@type":"WebSite","@id":"https:\/\/mousepad24.eu\/#website","url":"https:\/\/mousepad24.eu\/","name":"MousePad24.eu","description":"{:en}Personalizowane podk\u0142adki pod mysz{:}{:pl}Personalised Mouse Pads{:}{:de}Werbe MousePads{:}","publisher":{"@id":"https:\/\/mousepad24.eu\/#organization"},"potentialAction":[{"@type":"SearchAction","target":{"@type":"EntryPoint","urlTemplate":"https:\/\/mousepad24.eu\/?s={search_term_string}"},"query-input":{"@type":"PropertyValueSpecification","valueRequired":true,"valueName":"search_term_string"}}],"inLanguage":"de"},{"@type":"Organization","@id":"https:\/\/mousepad24.eu\/#organization","name":"MousePad24.eu","url":"https:\/\/mousepad24.eu\/","logo":{"@type":"ImageObject","inLanguage":"de","@id":"https:\/\/mousepad24.eu\/#\/schema\/logo\/image\/","url":"https:\/\/mousepad24.eu\/wp-content\/uploads\/2022\/12\/MOUSEPAD24_logo_curv_OK-1.png","contentUrl":"https:\/\/mousepad24.eu\/wp-content\/uploads\/2022\/12\/MOUSEPAD24_logo_curv_OK-1.png","width":1024,"height":75,"caption":"MousePad24.eu"},"image":{"@id":"https:\/\/mousepad24.eu\/#\/schema\/logo\/image\/"},"sameAs":["https:\/\/www.facebook.com\/mousepad24\/","https:\/\/www.instagram.com\/mousepad24.eu\/","https:\/\/www.linkedin.com\/company\/podkladki24-mousepad24\/"]}]}},"_links":{"self":[{"href":"https:\/\/mousepad24.eu\/de\/wp-json\/wp\/v2\/product\/77620","targetHints":{"allow":["GET"]}}],"collection":[{"href":"https:\/\/mousepad24.eu\/de\/wp-json\/wp\/v2\/product"}],"about":[{"href":"https:\/\/mousepad24.eu\/de\/wp-json\/wp\/v2\/types\/product"}],"wp:featuredmedia":[{"embeddable":true,"href":"https:\/\/mousepad24.eu\/de\/wp-json\/wp\/v2\/media\/76661"}],"wp:attachment":[{"href":"https:\/\/mousepad24.eu\/de\/wp-json\/wp\/v2\/media?parent=77620"}],"wp:term":[{"taxonomy":"product_brand","embeddable":true,"href":"https:\/\/mousepad24.eu\/de\/wp-json\/wp\/v2\/product_brand?post=77620"},{"taxonomy":"product_cat","embeddable":true,"href":"https:\/\/mousepad24.eu\/de\/wp-json\/wp\/v2\/product_cat?post=77620"},{"taxonomy":"product_tag","embeddable":true,"href":"https:\/\/mousepad24.eu\/de\/wp-json\/wp\/v2\/product_tag?post=77620"}],"curies":[{"name":"wp","href":"https:\/\/api.w.org\/{rel}","templated":true}]}}