{"id":55458,"date":"2022-12-20T13:09:36","date_gmt":"2022-12-20T12:09:36","guid":{"rendered":"https:\/\/jnpnki27nc.onrocket.site\/manuel-de-configuration\/"},"modified":"2023-10-31T12:14:47","modified_gmt":"2023-10-31T11:14:47","slug":"manuel-de-configuration","status":"publish","type":"page","link":"https:\/\/mousepad24.eu\/fr\/manuel-de-configuration\/","title":{"rendered":"Manuel de configuration"},"content":{"rendered":"\t\t<div data-elementor-type=\"wp-page\" data-elementor-id=\"55458\" class=\"elementor elementor-55458 elementor-41165\">\n\t\t\t\t\t\t<section class=\"elementor-section elementor-top-section elementor-element elementor-element-7d3afc0 elementor-section-stretched elementor-section-boxed elementor-section-height-default elementor-section-height-default\" data-id=\"7d3afc0\" data-element_type=\"section\" data-e-type=\"section\" data-settings=\"{&quot;stretch_section&quot;:&quot;section-stretched&quot;,&quot;background_background&quot;:&quot;classic&quot;}\">\n\t\t\t\t\t\t<div class=\"elementor-container elementor-column-gap-default\">\n\t\t\t\t\t<div class=\"elementor-column elementor-col-100 elementor-top-column elementor-element elementor-element-68f754d\" data-id=\"68f754d\" data-element_type=\"column\" data-e-type=\"column\">\n\t\t\t<div class=\"elementor-widget-wrap elementor-element-populated\">\n\t\t\t\t\t\t<div class=\"elementor-element elementor-element-6564fae elementor-widget elementor-widget-pgscore_section-title\" data-id=\"6564fae\" data-element_type=\"widget\" data-e-type=\"widget\" data-widget_type=\"pgscore_section-title.default\">\n\t\t\t\t<div class=\"elementor-widget-container\">\n\t\t\t\t\t<div class=\"pgscore_section-title_wrapper\">\n<div class=\"pgscore_divider_wrapper pgscore_divider_style2 pgscore_divider_alignment_center\">\n\t<span class=\"divider-sub-title\">\n\t\t\t<\/span>\t\t\n\n\t<h2 class=\"divider-title\">\n\t\t<span>\n\t\t\tInstrukcja konfiguracji personalizacji\t\t<\/span>\n\t<\/h2>\n\t<\/div>\n<\/div>\n\n\n\t\t\t\t<\/div>\n\t\t\t\t<\/div>\n\t\t\t\t<div class=\"elementor-element elementor-element-341c1c7 elementor-widget elementor-widget-pgscore_timeline\" data-id=\"341c1c7\" data-element_type=\"widget\" data-e-type=\"widget\" data-widget_type=\"pgscore_timeline.default\">\n\t\t\t\t<div class=\"elementor-widget-container\">\n\t\t\t\t\t<div class=\"pgscore_timeline_wrapper\">\n\t<ul class=\"pgscore-timeline timeline list-style-none pgscore-timeline-style-2\">\n\t\t\t\t\t\t<li class=\"timeline-item timeline-item-odd\">\n\t\t\t\t\t<div class=\"timeline-badge\">\n\t\t\t\t\t\t<h4>1<\/h4>\n\t\t\t\t\t<\/div>\n\t\t\t\t\t<div class=\"timeline-panel timeline-\">\n\t\t\t\t\t\t<div class=\"timeline-heading\">\n\t\t\t\t\t\t\t\t\t\t\t\t\t\t\t<h5 class=\"timeline-title\">Dodaj grafik\u0119<\/h5>\n\t\t\t\t\t\t\t\t\t\t\t\t\t\t<\/div>\n\t\t\t\t\t\t\t\t\t\t\t\t\t<div class=\"timeline-body\">\n\t\t\t\t\t\t\t\t<p>Je\u017celi chcesz doda\u0107 grafik\u0119 naci\u015bnij \u201cDodaj grafik\u0119\u201d i nast\u0119pnie wybierz ze swojej stacji po\u017c\u0105dany plik. Nale\u017cy pami\u0119ta\u0107, \u017ce dopuszczalne formaty grafik to .jpeg oraz .png.<\/p>\n\t\t\t\t\t\t\t<\/div>\n\t\t\t\t\t\t\t\t\t\t\t\t<\/div>\n\t\t\t\t<\/li>\n\t\t\t\t\t\t\t\t<li class=\"timeline-item timeline-item-even timeline-inverted\">\n\t\t\t\t\t<div class=\"timeline-badge\">\n\t\t\t\t\t\t<h4>2<\/h4>\n\t\t\t\t\t<\/div>\n\t\t\t\t\t<div class=\"timeline-panel timeline-\">\n\t\t\t\t\t\t<div class=\"timeline-heading\">\n\t\t\t\t\t\t\t\t\t\t\t\t\t\t\t<h5 class=\"timeline-title\">Dodaj tekst<\/h5>\n\t\t\t\t\t\t\t\t\t\t\t\t\t\t<\/div>\n\t\t\t\t\t\t\t\t\t\t\t\t\t<div class=\"timeline-body\">\n\t\t\t\t\t\t\t\t<p>Je\u017celi chcesz doda\u0107 tekst naci\u015bnij \u201cDodaj tekst\u201d.<\/p>\n\t\t\t\t\t\t\t<\/div>\n\t\t\t\t\t\t\t\t\t\t\t\t<\/div>\n\t\t\t\t<\/li>\n\t\t\t\t\t\t\t\t<li class=\"timeline-item timeline-item-odd\">\n\t\t\t\t\t<div class=\"timeline-badge\">\n\t\t\t\t\t\t<h4>3<\/h4>\n\t\t\t\t\t<\/div>\n\t\t\t\t\t<div class=\"timeline-panel timeline-\">\n\t\t\t\t\t\t<div class=\"timeline-heading\">\n\t\t\t\t\t\t\t\t\t\t\t\t\t\t\t<h5 class=\"timeline-title\">Edycja tekstu<\/h5>\n\t\t\t\t\t\t\t\t\t\t\t\t\t\t<\/div>\n\t\t\t\t\t\t\t\t\t\t\t\t\t<div class=\"timeline-body\">\n\t\t\t\t\t\t\t\t<p>Wpisz interesuj\u0105cy Ci\u0119 tekst, aby dostosowa\u0107 jego czcionk\u0119, kolor, wielko\u015b\u0107 lub lokalizacj\u0119 na obszarze roboczym.<\/p>\n\t\t\t\t\t\t\t<\/div>\n\t\t\t\t\t\t\t\t\t\t\t\t<\/div>\n\t\t\t\t<\/li>\n\t\t\t\t\t\t\t\t<li class=\"timeline-item timeline-item-even timeline-inverted\">\n\t\t\t\t\t<div class=\"timeline-badge\">\n\t\t\t\t\t\t<h4>4<\/h4>\n\t\t\t\t\t<\/div>\n\t\t\t\t\t<div class=\"timeline-panel timeline-\">\n\t\t\t\t\t\t<div class=\"timeline-heading\">\n\t\t\t\t\t\t\t\t\t\t\t\t\t\t\t<h5 class=\"timeline-title\">Dodatkowe narz\u0119dzia<\/h5>\n\t\t\t\t\t\t\t\t\t\t\t\t\t\t<\/div>\n\t\t\t\t\t\t\t\t\t\t\t\t\t<div class=\"timeline-body\">\n\t\t\t\t\t\t\t\t<p>Po prawej stronie do dyspozycji s\u0105 narz\u0119dzia do przybli\u017cenia, oddalenia. Dost\u0119pny jest r\u00f3wnie\u017c generator kodu QR do umieszczenia na podk\u0142adce.<\/p>\n\t\t\t\t\t\t\t<\/div>\n\t\t\t\t\t\t\t\t\t\t\t\t<\/div>\n\t\t\t\t<\/li>\n\t\t\t\t\t\t\t\t<li class=\"timeline-item timeline-item-odd\">\n\t\t\t\t\t<div class=\"timeline-badge\">\n\t\t\t\t\t\t<h4>5<\/h4>\n\t\t\t\t\t<\/div>\n\t\t\t\t\t<div class=\"timeline-panel timeline-\">\n\t\t\t\t\t\t<div class=\"timeline-heading\">\n\t\t\t\t\t\t\t\t\t\t\t\t\t\t\t<h5 class=\"timeline-title\">Zapisanie i wczytanie projektu<\/h5>\n\t\t\t\t\t\t\t\t\t\t\t\t\t\t<\/div>\n\t\t\t\t\t\t\t\t\t\t\t\t\t<div class=\"timeline-body\">\n\t\t\t\t\t\t\t\t<p>Po lewej stronie do dyspozycji s\u0105 narz\u0119dzia do zapisania projektu lub jego wczytania.<\/p>\n\t\t\t\t\t\t\t<\/div>\n\t\t\t\t\t\t\t\t\t\t\t\t<\/div>\n\t\t\t\t<\/li>\n\t\t\t\t\t\t\t\t<li class=\"timeline-item timeline-item-even timeline-inverted\">\n\t\t\t\t\t<div class=\"timeline-badge\">\n\t\t\t\t\t\t<h4>6<\/h4>\n\t\t\t\t\t<\/div>\n\t\t\t\t\t<div class=\"timeline-panel timeline-\">\n\t\t\t\t\t\t<div class=\"timeline-heading\">\n\t\t\t\t\t\t\t\t\t\t\t\t\t\t\t<h5 class=\"timeline-title\">Potwierdzenie zmian<\/h5>\n\t\t\t\t\t\t\t\t\t\t\t\t\t\t<\/div>\n\t\t\t\t\t\t\t\t\t\t\t\t\t<div class=\"timeline-body\">\n\t\t\t\t\t\t\t\t<p>Jak wszytskie po\u017c\u0105dane zmiany zostan\u0105 wprowadzone nale\u017cy wybra\u0107 \u201cGotowe\u201d.<\/p>\n\t\t\t\t\t\t\t<\/div>\n\t\t\t\t\t\t\t\t\t\t\t\t<\/div>\n\t\t\t\t<\/li>\n\t\t\t\t\t<\/ul>\n<\/div>\n\t\t\t\t<\/div>\n\t\t\t\t<\/div>\n\t\t\t\t\t<\/div>\n\t\t<\/div>\n\t\t\t\t\t<\/div>\n\t\t<\/section>\n\t\t\t\t<\/div>\n\t\t","protected":false},"excerpt":{"rendered":"<p>Instrukcja konfiguracji personalizacji 1 Dodaj grafik\u0119 Je\u017celi chcesz doda\u0107 grafik\u0119 naci\u015bnij \u201cDodaj grafik\u0119\u201d i nast\u0119pnie wybierz ze swojej stacji po\u017c\u0105dany plik. Nale\u017cy pami\u0119ta\u0107, \u017ce dopuszczalne formaty grafik to .jpeg oraz .png. 2 Dodaj tekst Je\u017celi chcesz doda\u0107 tekst naci\u015bnij \u201cDodaj tekst\u201d. 3 Edycja tekstu Wpisz interesuj\u0105cy Ci\u0119 tekst, aby dostosowa\u0107 jego czcionk\u0119, kolor, wielko\u015b\u0107 lub [&hellip;]<\/p>\n","protected":false},"author":102,"featured_media":0,"parent":0,"menu_order":0,"comment_status":"closed","ping_status":"closed","template":"elementor_header_footer","meta":{"footnotes":""},"class_list":["post-55458","page","type-page","status-publish","hentry","fpd-variation-needed"],"yoast_head":"<!-- This site is optimized with the Yoast SEO plugin v27.4 - https:\/\/yoast.com\/product\/yoast-seo-wordpress\/ -->\n<title>Manuel de configuration - MousePad24.eu<\/title>\n<meta name=\"robots\" content=\"index, follow, max-snippet:-1, max-image-preview:large, max-video-preview:-1\" \/>\n<meta property=\"og:locale\" content=\"fr_FR\" \/>\n<meta property=\"og:type\" content=\"article\" \/>\n<meta property=\"og:title\" content=\"Manuel de configuration - MousePad24.eu\" \/>\n<meta property=\"og:description\" content=\"Instrukcja konfiguracji personalizacji 1 Dodaj grafik\u0119 Je\u017celi chcesz doda\u0107 grafik\u0119 naci\u015bnij \u201cDodaj grafik\u0119\u201d i nast\u0119pnie wybierz ze swojej stacji po\u017c\u0105dany plik. Nale\u017cy pami\u0119ta\u0107, \u017ce dopuszczalne formaty grafik to .jpeg oraz .png. 2 Dodaj tekst Je\u017celi chcesz doda\u0107 tekst naci\u015bnij \u201cDodaj tekst\u201d. 3 Edycja tekstu Wpisz interesuj\u0105cy Ci\u0119 tekst, aby dostosowa\u0107 jego czcionk\u0119, kolor, wielko\u015b\u0107 lub [&hellip;]\" \/>\n<meta property=\"og:url\" content=\"https:\/\/mousepad24.eu\/fr\/manuel-de-configuration\/\" \/>\n<meta property=\"og:site_name\" content=\"MousePad24.eu\" \/>\n<meta property=\"article:publisher\" content=\"https:\/\/www.facebook.com\/mousepad24\/\" \/>\n<meta property=\"article:modified_time\" content=\"2023-10-31T11:14:47+00:00\" \/>\n<meta name=\"twitter:card\" content=\"summary_large_image\" \/>\n<meta name=\"twitter:label1\" content=\"Dur\u00e9e de lecture estim\u00e9e\" \/>\n\t<meta name=\"twitter:data1\" content=\"1 minute\" \/>\n<script type=\"application\/ld+json\" class=\"yoast-schema-graph\">{\"@context\":\"https:\\\/\\\/schema.org\",\"@graph\":[{\"@type\":\"WebPage\",\"@id\":\"https:\\\/\\\/mousepad24.eu\\\/fr\\\/manuel-de-configuration\\\/\",\"url\":\"https:\\\/\\\/mousepad24.eu\\\/fr\\\/manuel-de-configuration\\\/\",\"name\":\"Manuel de configuration - MousePad24.eu\",\"isPartOf\":{\"@id\":\"https:\\\/\\\/mousepad24.eu\\\/#website\"},\"datePublished\":\"2022-12-20T12:09:36+00:00\",\"dateModified\":\"2023-10-31T11:14:47+00:00\",\"breadcrumb\":{\"@id\":\"https:\\\/\\\/mousepad24.eu\\\/fr\\\/manuel-de-configuration\\\/#breadcrumb\"},\"inLanguage\":\"fr-FR\",\"potentialAction\":[{\"@type\":\"ReadAction\",\"target\":[\"https:\\\/\\\/mousepad24.eu\\\/fr\\\/manuel-de-configuration\\\/\"]}]},{\"@type\":\"BreadcrumbList\",\"@id\":\"https:\\\/\\\/mousepad24.eu\\\/fr\\\/manuel-de-configuration\\\/#breadcrumb\",\"itemListElement\":[{\"@type\":\"ListItem\",\"position\":1,\"name\":\"Page d'accueil\",\"item\":\"https:\\\/\\\/mousepad24.eu\\\/fr\\\/\"},{\"@type\":\"ListItem\",\"position\":2,\"name\":\"Manuel de configuration\"}]},{\"@type\":\"WebSite\",\"@id\":\"https:\\\/\\\/mousepad24.eu\\\/#website\",\"url\":\"https:\\\/\\\/mousepad24.eu\\\/\",\"name\":\"MousePad24.eu\",\"description\":\"Personalizowane podk\u0142adki pod mysz\",\"publisher\":{\"@id\":\"https:\\\/\\\/mousepad24.eu\\\/#organization\"},\"potentialAction\":[{\"@type\":\"SearchAction\",\"target\":{\"@type\":\"EntryPoint\",\"urlTemplate\":\"https:\\\/\\\/mousepad24.eu\\\/?s={search_term_string}\"},\"query-input\":{\"@type\":\"PropertyValueSpecification\",\"valueRequired\":true,\"valueName\":\"search_term_string\"}}],\"inLanguage\":\"fr-FR\"},{\"@type\":\"Organization\",\"@id\":\"https:\\\/\\\/mousepad24.eu\\\/#organization\",\"name\":\"MousePad24.eu\",\"url\":\"https:\\\/\\\/mousepad24.eu\\\/\",\"logo\":{\"@type\":\"ImageObject\",\"inLanguage\":\"fr-FR\",\"@id\":\"https:\\\/\\\/mousepad24.eu\\\/#\\\/schema\\\/logo\\\/image\\\/\",\"url\":\"https:\\\/\\\/mousepad24.eu\\\/wp-content\\\/uploads\\\/2022\\\/12\\\/MOUSEPAD24_logo_curv_OK-1.png\",\"contentUrl\":\"https:\\\/\\\/mousepad24.eu\\\/wp-content\\\/uploads\\\/2022\\\/12\\\/MOUSEPAD24_logo_curv_OK-1.png\",\"width\":1024,\"height\":75,\"caption\":\"MousePad24.eu\"},\"image\":{\"@id\":\"https:\\\/\\\/mousepad24.eu\\\/#\\\/schema\\\/logo\\\/image\\\/\"},\"sameAs\":[\"https:\\\/\\\/www.facebook.com\\\/mousepad24\\\/\",\"https:\\\/\\\/www.instagram.com\\\/mousepad24.eu\\\/\",\"https:\\\/\\\/www.linkedin.com\\\/company\\\/podkladki24-mousepad24\\\/\"]}]}<\/script>\n<!-- \/ Yoast SEO plugin. -->","yoast_head_json":{"title":"Manuel de configuration - MousePad24.eu","robots":{"index":"index","follow":"follow","max-snippet":"max-snippet:-1","max-image-preview":"max-image-preview:large","max-video-preview":"max-video-preview:-1"},"og_locale":"fr_FR","og_type":"article","og_title":"Manuel de configuration - MousePad24.eu","og_description":"Instrukcja konfiguracji personalizacji 1 Dodaj grafik\u0119 Je\u017celi chcesz doda\u0107 grafik\u0119 naci\u015bnij \u201cDodaj grafik\u0119\u201d i nast\u0119pnie wybierz ze swojej stacji po\u017c\u0105dany plik. Nale\u017cy pami\u0119ta\u0107, \u017ce dopuszczalne formaty grafik to .jpeg oraz .png. 2 Dodaj tekst Je\u017celi chcesz doda\u0107 tekst naci\u015bnij \u201cDodaj tekst\u201d. 3 Edycja tekstu Wpisz interesuj\u0105cy Ci\u0119 tekst, aby dostosowa\u0107 jego czcionk\u0119, kolor, wielko\u015b\u0107 lub [&hellip;]","og_url":"https:\/\/mousepad24.eu\/fr\/manuel-de-configuration\/","og_site_name":"MousePad24.eu","article_publisher":"https:\/\/www.facebook.com\/mousepad24\/","article_modified_time":"2023-10-31T11:14:47+00:00","twitter_card":"summary_large_image","twitter_misc":{"Dur\u00e9e de lecture estim\u00e9e":"1 minute"},"schema":{"@context":"https:\/\/schema.org","@graph":[{"@type":"WebPage","@id":"https:\/\/mousepad24.eu\/fr\/manuel-de-configuration\/","url":"https:\/\/mousepad24.eu\/fr\/manuel-de-configuration\/","name":"Manuel de configuration - MousePad24.eu","isPartOf":{"@id":"https:\/\/mousepad24.eu\/#website"},"datePublished":"2022-12-20T12:09:36+00:00","dateModified":"2023-10-31T11:14:47+00:00","breadcrumb":{"@id":"https:\/\/mousepad24.eu\/fr\/manuel-de-configuration\/#breadcrumb"},"inLanguage":"fr-FR","potentialAction":[{"@type":"ReadAction","target":["https:\/\/mousepad24.eu\/fr\/manuel-de-configuration\/"]}]},{"@type":"BreadcrumbList","@id":"https:\/\/mousepad24.eu\/fr\/manuel-de-configuration\/#breadcrumb","itemListElement":[{"@type":"ListItem","position":1,"name":"Page d'accueil","item":"https:\/\/mousepad24.eu\/fr\/"},{"@type":"ListItem","position":2,"name":"Manuel de configuration"}]},{"@type":"WebSite","@id":"https:\/\/mousepad24.eu\/#website","url":"https:\/\/mousepad24.eu\/","name":"MousePad24.eu","description":"Personalizowane podk\u0142adki pod mysz","publisher":{"@id":"https:\/\/mousepad24.eu\/#organization"},"potentialAction":[{"@type":"SearchAction","target":{"@type":"EntryPoint","urlTemplate":"https:\/\/mousepad24.eu\/?s={search_term_string}"},"query-input":{"@type":"PropertyValueSpecification","valueRequired":true,"valueName":"search_term_string"}}],"inLanguage":"fr-FR"},{"@type":"Organization","@id":"https:\/\/mousepad24.eu\/#organization","name":"MousePad24.eu","url":"https:\/\/mousepad24.eu\/","logo":{"@type":"ImageObject","inLanguage":"fr-FR","@id":"https:\/\/mousepad24.eu\/#\/schema\/logo\/image\/","url":"https:\/\/mousepad24.eu\/wp-content\/uploads\/2022\/12\/MOUSEPAD24_logo_curv_OK-1.png","contentUrl":"https:\/\/mousepad24.eu\/wp-content\/uploads\/2022\/12\/MOUSEPAD24_logo_curv_OK-1.png","width":1024,"height":75,"caption":"MousePad24.eu"},"image":{"@id":"https:\/\/mousepad24.eu\/#\/schema\/logo\/image\/"},"sameAs":["https:\/\/www.facebook.com\/mousepad24\/","https:\/\/www.instagram.com\/mousepad24.eu\/","https:\/\/www.linkedin.com\/company\/podkladki24-mousepad24\/"]}]}},"_links":{"self":[{"href":"https:\/\/mousepad24.eu\/fr\/wp-json\/wp\/v2\/pages\/55458","targetHints":{"allow":["GET"]}}],"collection":[{"href":"https:\/\/mousepad24.eu\/fr\/wp-json\/wp\/v2\/pages"}],"about":[{"href":"https:\/\/mousepad24.eu\/fr\/wp-json\/wp\/v2\/types\/page"}],"author":[{"embeddable":true,"href":"https:\/\/mousepad24.eu\/fr\/wp-json\/wp\/v2\/users\/102"}],"replies":[{"embeddable":true,"href":"https:\/\/mousepad24.eu\/fr\/wp-json\/wp\/v2\/comments?post=55458"}],"version-history":[{"count":0,"href":"https:\/\/mousepad24.eu\/fr\/wp-json\/wp\/v2\/pages\/55458\/revisions"}],"wp:attachment":[{"href":"https:\/\/mousepad24.eu\/fr\/wp-json\/wp\/v2\/media?parent=55458"}],"curies":[{"name":"wp","href":"https:\/\/api.w.org\/{rel}","templated":true}]}}