{"id":55468,"date":"2022-09-21T10:20:56","date_gmt":"2022-09-21T08:20:56","guid":{"rendered":"https:\/\/jnpnki27nc.onrocket.site\/politique-de-confidentialite\/"},"modified":"2025-10-20T11:42:33","modified_gmt":"2025-10-20T09:42:33","slug":"politique-de-confidentialite","status":"publish","type":"page","link":"https:\/\/mousepad24.eu\/fr\/politique-de-confidentialite\/","title":{"rendered":"Politique de confidentialit\u00e9"},"content":{"rendered":"<p style=\"text-align: center;\">1 \u00a7<\/p>\n<p style=\"text-align: center;\">Protection des donn\u00e9es personnelles<\/p>\n<ol>\n<li>L&#8217;administrateur des donn\u00e9es personnelles est ANITA MAKARSKA-GURGACZ, NIP : PL 7122860322, ul. Zbo\u017cowa 40, 20-827 Lublin. Tu peux contacter l&#8217;administrateur pour les questions relatives \u00e0 la protection des donn\u00e9es personnelles par e-mail : shop@mousepad24.eu ou par \u00e9crit \u00e0 l&#8217;adresse du si\u00e8ge indiqu\u00e9e ci-dessus.  <\/li>\n<li>L&#8217;entit\u00e9 qui utilise le service (c&#8217;est-\u00e0-dire le client) consent au traitement par l&#8217;administrateur des donn\u00e9es personnelles fournies par le client lorsqu&#8217;il passe une commande, dans le cadre de l&#8217;utilisation de mousepad24.eu (c&#8217;est-\u00e0-dire la boutique).<\/li>\n<li>La fourniture de donn\u00e9es personnelles par le client est volontaire, mais l&#8217;absence de consentement au traitement des donn\u00e9es personnelles par l&#8217;administrateur entra\u00eenera l&#8217;impossibilit\u00e9 de fournir des services \u00e9lectroniques et pour le client de faire des achats dans la boutique.<\/li>\n<li>Le traitement des donn\u00e9es personnelles du client permet au responsable du traitement des donn\u00e9es personnelles de fournir des services, entre autres. la gestion de votre compte, le traitement des commandes, les contacts li\u00e9s \u00e0 l&#8217;ex\u00e9cution du contrat et l&#8217;envoi d&#8217;informations commerciales (y compris les bulletins d&#8217;information). <\/li>\n<li>Les donn\u00e9es \u00e0 caract\u00e8re personnel sont conserv\u00e9es pendant la dur\u00e9e du contrat et pendant une p\u00e9riode conforme \u00e0 la l\u00e9gislation applicable, en tenant compte des d\u00e9lais de prescription pour les r\u00e9clamations et les obligations fiscales.<\/li>\n<li>Le client a le droit d&#8217;acc\u00e9der \u00e0 ses donn\u00e9es personnelles et de demander leur correction ou leur suppression. Les donn\u00e9es personnelles peuvent \u00eatre corrig\u00e9es ou supprim\u00e9es en se connectant au compte du Client ou en le signalant au Vendeur \u00e0 l&#8217;adresse e-mail : shop@mousepad24.eu. <\/li>\n<li>Si vous fournissez des donn\u00e9es personnelles dans le cadre de la publication d&#8217;avis ou de t\u00e9moignages sur les produits dans la boutique ou sur les r\u00e9seaux sociaux, vous consentez \u00e0 la divulgation de ces donn\u00e9es \u00e0 un cercle illimit\u00e9 de personnes.<\/li>\n<li>Le client d\u00e9clare que les donn\u00e9es personnelles fournies sont les siennes.<\/li>\n<li>L&#8217;administrateur, par le biais de la boutique et d&#8217;autres formes de communication, recueille et traite les donn\u00e9es personnelles des utilisateurs sp\u00e9cifi\u00e9es ci-dessous, fournies au cours des processus d&#8217;enregistrement, de passation de commandes dans la boutique, d&#8217;utilisation de l&#8217;outil de communication en ligne disponible dans la boutique :\n<ol>\n<li>nom<\/li>\n<li>paiement et adresse de livraison<\/li>\n<li>num\u00e9ro de t\u00e9l\u00e9phone<\/li>\n<li>adresse \u00e9lectronique<\/li>\n<\/ol>\n<\/li>\n<li>\n<p data-start=\"295\" data-end=\"721\">Pour permettre aux utilisateurs d&#8217;effectuer des paiements pour leurs commandes, l&#8217;administrateur collabore avec des partenaires externes qui g\u00e8rent les paiements \u00e9lectroniques. Par cons\u00e9quent, les donn\u00e9es personnelles des utilisateurs (comme le nom et pr\u00e9nom, l&#8217;adresse e-mail, l&#8217;adresse de livraison, l&#8217;adresse de facturation, le num\u00e9ro de t\u00e9l\u00e9phone ainsi que les donn\u00e9es relatives aux paiements et \u00e0 l&#8217;historique des transactions) peuvent \u00eatre transmises \u00e0 ces partenaires dans la mesure n\u00e9cessaire \u00e0 la r\u00e9alisation des paiements. <\/p>\n<p data-start=\"723\" data-end=\"864\">Les partenaires qui g\u00e8rent les paiements peuvent traiter les donn\u00e9es personnelles des utilisateurs de mani\u00e8re automatis\u00e9e, y compris en utilisant le profilage, dans le but de :<\/p>\n<ul data-start=\"865\" data-end=\"1022\">\n<li data-start=\"865\" data-end=\"904\">\n<p data-start=\"867\" data-end=\"904\">v\u00e9rifier l&#8217;identit\u00e9 de l&#8217;utilisateur,<\/p>\n<\/li>\n<li data-start=\"905\" data-end=\"945\">\n<p data-start=\"907\" data-end=\"945\">pr\u00e9venir les abus et les fraudes,<\/p>\n<\/li>\n<li data-start=\"946\" data-end=\"974\">\n<p data-start=\"948\" data-end=\"974\">\u00e9valuer le risque des transactions,<\/p>\n<\/li>\n<li data-start=\"975\" data-end=\"1022\">\n<p data-start=\"977\" data-end=\"1022\">assurer la s\u00e9curit\u00e9 des services de paiement.<\/p>\n<\/li>\n<\/ul>\n<p data-start=\"1024\" data-end=\"1387\">Le profilage peut conduire \u00e0 des d\u00e9cisions automatis\u00e9es, par exemple le refus d&#8217;effectuer un paiement ou la n\u00e9cessit\u00e9 d&#8217;une confirmation d&#8217;identit\u00e9 suppl\u00e9mentaire. Les informations d\u00e9taill\u00e9es concernant les r\u00e8gles de traitement des donn\u00e9es personnelles par les partenaires qui g\u00e8rent les paiements se trouvent dans leurs politiques de confidentialit\u00e9, disponibles sur les sites internet de ces entit\u00e9s. <\/p>\n<\/li>\n<li>Le responsable du traitement s&#8217;engage \u00e0 faire tout son possible pour que les donn\u00e9es \u00e0 caract\u00e8re personnel du client soient correctement s\u00e9curis\u00e9es<\/li>\n<li>Tu as le droit de d\u00e9poser une plainte aupr\u00e8s de l&#8217;organe de contr\u00f4le charg\u00e9 de la protection des donn\u00e9es personnelles \u2013 le Pr\u00e9sident du Bureau de Protection des Donn\u00e9es Personnelles.<\/li>\n<\/ol>\n","protected":false},"excerpt":{"rendered":"<p>1 \u00a7 Protection des donn\u00e9es personnelles L&#8217;administrateur des donn\u00e9es personnelles est ANITA MAKARSKA-GURGACZ, NIP : PL 7122860322, ul. Zbo\u017cowa 40, 20-827 Lublin. Tu peux contacter l&#8217;administrateur pour les questions relatives \u00e0 la protection des donn\u00e9es personnelles par e-mail : shop@mousepad24.eu ou par \u00e9crit \u00e0 l&#8217;adresse du si\u00e8ge indiqu\u00e9e ci-dessus. L&#8217;entit\u00e9 qui utilise le service (c&#8217;est-\u00e0-dire [&hellip;]<\/p>\n","protected":false},"author":102,"featured_media":0,"parent":0,"menu_order":0,"comment_status":"closed","ping_status":"closed","template":"elementor_header_footer","meta":{"footnotes":""},"class_list":["post-55468","page","type-page","status-publish","hentry","fpd-variation-needed"],"yoast_head":"<!-- This site is optimized with the Yoast SEO plugin v27.3 - https:\/\/yoast.com\/product\/yoast-seo-wordpress\/ -->\n<title>Politique de confidentialit\u00e9 - MousePad24.eu<\/title>\n<meta name=\"robots\" content=\"index, follow, max-snippet:-1, max-image-preview:large, max-video-preview:-1\" \/>\n<meta property=\"og:locale\" content=\"fr_FR\" \/>\n<meta property=\"og:type\" content=\"article\" \/>\n<meta property=\"og:title\" content=\"Politique de confidentialit\u00e9 - MousePad24.eu\" \/>\n<meta property=\"og:description\" content=\"1 \u00a7 Protection des donn\u00e9es personnelles L&#8217;administrateur des donn\u00e9es personnelles est ANITA MAKARSKA-GURGACZ, NIP : PL 7122860322, ul. Zbo\u017cowa 40, 20-827 Lublin. Tu peux contacter l&#8217;administrateur pour les questions relatives \u00e0 la protection des donn\u00e9es personnelles par e-mail : shop@mousepad24.eu ou par \u00e9crit \u00e0 l&#8217;adresse du si\u00e8ge indiqu\u00e9e ci-dessus. L&#8217;entit\u00e9 qui utilise le service (c&#8217;est-\u00e0-dire [&hellip;]\" \/>\n<meta property=\"og:url\" content=\"https:\/\/mousepad24.eu\/fr\/politique-de-confidentialite\/\" \/>\n<meta property=\"og:site_name\" content=\"MousePad24.eu\" \/>\n<meta property=\"article:publisher\" content=\"https:\/\/www.facebook.com\/mousepad24\/\" \/>\n<meta property=\"article:modified_time\" content=\"2025-10-20T09:42:33+00:00\" \/>\n<meta name=\"twitter:card\" content=\"summary_large_image\" \/>\n<meta name=\"twitter:label1\" content=\"Dur\u00e9e de lecture estim\u00e9e\" \/>\n\t<meta name=\"twitter:data1\" content=\"3 minutes\" \/>\n<script type=\"application\/ld+json\" class=\"yoast-schema-graph\">{\"@context\":\"https:\\\/\\\/schema.org\",\"@graph\":[{\"@type\":\"WebPage\",\"@id\":\"https:\\\/\\\/mousepad24.eu\\\/fr\\\/politique-de-confidentialite\\\/\",\"url\":\"https:\\\/\\\/mousepad24.eu\\\/fr\\\/politique-de-confidentialite\\\/\",\"name\":\"Politique de confidentialit\u00e9 - MousePad24.eu\",\"isPartOf\":{\"@id\":\"https:\\\/\\\/mousepad24.eu\\\/#website\"},\"datePublished\":\"2022-09-21T08:20:56+00:00\",\"dateModified\":\"2025-10-20T09:42:33+00:00\",\"breadcrumb\":{\"@id\":\"https:\\\/\\\/mousepad24.eu\\\/fr\\\/politique-de-confidentialite\\\/#breadcrumb\"},\"inLanguage\":\"fr-FR\",\"potentialAction\":[{\"@type\":\"ReadAction\",\"target\":[\"https:\\\/\\\/mousepad24.eu\\\/fr\\\/politique-de-confidentialite\\\/\"]}]},{\"@type\":\"BreadcrumbList\",\"@id\":\"https:\\\/\\\/mousepad24.eu\\\/fr\\\/politique-de-confidentialite\\\/#breadcrumb\",\"itemListElement\":[{\"@type\":\"ListItem\",\"position\":1,\"name\":\"Page d'accueil\",\"item\":\"https:\\\/\\\/mousepad24.eu\\\/fr\\\/\"},{\"@type\":\"ListItem\",\"position\":2,\"name\":\"Politique de confidentialit\u00e9\"}]},{\"@type\":\"WebSite\",\"@id\":\"https:\\\/\\\/mousepad24.eu\\\/#website\",\"url\":\"https:\\\/\\\/mousepad24.eu\\\/\",\"name\":\"MousePad24.eu\",\"description\":\"Personalizowane podk\u0142adki pod mysz\",\"publisher\":{\"@id\":\"https:\\\/\\\/mousepad24.eu\\\/#organization\"},\"potentialAction\":[{\"@type\":\"SearchAction\",\"target\":{\"@type\":\"EntryPoint\",\"urlTemplate\":\"https:\\\/\\\/mousepad24.eu\\\/?s={search_term_string}\"},\"query-input\":{\"@type\":\"PropertyValueSpecification\",\"valueRequired\":true,\"valueName\":\"search_term_string\"}}],\"inLanguage\":\"fr-FR\"},{\"@type\":\"Organization\",\"@id\":\"https:\\\/\\\/mousepad24.eu\\\/#organization\",\"name\":\"MousePad24.eu\",\"url\":\"https:\\\/\\\/mousepad24.eu\\\/\",\"logo\":{\"@type\":\"ImageObject\",\"inLanguage\":\"fr-FR\",\"@id\":\"https:\\\/\\\/mousepad24.eu\\\/#\\\/schema\\\/logo\\\/image\\\/\",\"url\":\"https:\\\/\\\/mousepad24.eu\\\/wp-content\\\/uploads\\\/2022\\\/12\\\/MOUSEPAD24_logo_curv_OK-1.png\",\"contentUrl\":\"https:\\\/\\\/mousepad24.eu\\\/wp-content\\\/uploads\\\/2022\\\/12\\\/MOUSEPAD24_logo_curv_OK-1.png\",\"width\":1024,\"height\":75,\"caption\":\"MousePad24.eu\"},\"image\":{\"@id\":\"https:\\\/\\\/mousepad24.eu\\\/#\\\/schema\\\/logo\\\/image\\\/\"},\"sameAs\":[\"https:\\\/\\\/www.facebook.com\\\/mousepad24\\\/\",\"https:\\\/\\\/www.instagram.com\\\/mousepad24.eu\\\/\",\"https:\\\/\\\/www.linkedin.com\\\/company\\\/podkladki24-mousepad24\\\/\"]}]}<\/script>\n<!-- \/ Yoast SEO plugin. -->","yoast_head_json":{"title":"Politique de confidentialit\u00e9 - MousePad24.eu","robots":{"index":"index","follow":"follow","max-snippet":"max-snippet:-1","max-image-preview":"max-image-preview:large","max-video-preview":"max-video-preview:-1"},"og_locale":"fr_FR","og_type":"article","og_title":"Politique de confidentialit\u00e9 - MousePad24.eu","og_description":"1 \u00a7 Protection des donn\u00e9es personnelles L&#8217;administrateur des donn\u00e9es personnelles est ANITA MAKARSKA-GURGACZ, NIP : PL 7122860322, ul. Zbo\u017cowa 40, 20-827 Lublin. Tu peux contacter l&#8217;administrateur pour les questions relatives \u00e0 la protection des donn\u00e9es personnelles par e-mail : shop@mousepad24.eu ou par \u00e9crit \u00e0 l&#8217;adresse du si\u00e8ge indiqu\u00e9e ci-dessus. L&#8217;entit\u00e9 qui utilise le service (c&#8217;est-\u00e0-dire [&hellip;]","og_url":"https:\/\/mousepad24.eu\/fr\/politique-de-confidentialite\/","og_site_name":"MousePad24.eu","article_publisher":"https:\/\/www.facebook.com\/mousepad24\/","article_modified_time":"2025-10-20T09:42:33+00:00","twitter_card":"summary_large_image","twitter_misc":{"Dur\u00e9e de lecture estim\u00e9e":"3 minutes"},"schema":{"@context":"https:\/\/schema.org","@graph":[{"@type":"WebPage","@id":"https:\/\/mousepad24.eu\/fr\/politique-de-confidentialite\/","url":"https:\/\/mousepad24.eu\/fr\/politique-de-confidentialite\/","name":"Politique de confidentialit\u00e9 - MousePad24.eu","isPartOf":{"@id":"https:\/\/mousepad24.eu\/#website"},"datePublished":"2022-09-21T08:20:56+00:00","dateModified":"2025-10-20T09:42:33+00:00","breadcrumb":{"@id":"https:\/\/mousepad24.eu\/fr\/politique-de-confidentialite\/#breadcrumb"},"inLanguage":"fr-FR","potentialAction":[{"@type":"ReadAction","target":["https:\/\/mousepad24.eu\/fr\/politique-de-confidentialite\/"]}]},{"@type":"BreadcrumbList","@id":"https:\/\/mousepad24.eu\/fr\/politique-de-confidentialite\/#breadcrumb","itemListElement":[{"@type":"ListItem","position":1,"name":"Page d'accueil","item":"https:\/\/mousepad24.eu\/fr\/"},{"@type":"ListItem","position":2,"name":"Politique de confidentialit\u00e9"}]},{"@type":"WebSite","@id":"https:\/\/mousepad24.eu\/#website","url":"https:\/\/mousepad24.eu\/","name":"MousePad24.eu","description":"Personalizowane podk\u0142adki pod mysz","publisher":{"@id":"https:\/\/mousepad24.eu\/#organization"},"potentialAction":[{"@type":"SearchAction","target":{"@type":"EntryPoint","urlTemplate":"https:\/\/mousepad24.eu\/?s={search_term_string}"},"query-input":{"@type":"PropertyValueSpecification","valueRequired":true,"valueName":"search_term_string"}}],"inLanguage":"fr-FR"},{"@type":"Organization","@id":"https:\/\/mousepad24.eu\/#organization","name":"MousePad24.eu","url":"https:\/\/mousepad24.eu\/","logo":{"@type":"ImageObject","inLanguage":"fr-FR","@id":"https:\/\/mousepad24.eu\/#\/schema\/logo\/image\/","url":"https:\/\/mousepad24.eu\/wp-content\/uploads\/2022\/12\/MOUSEPAD24_logo_curv_OK-1.png","contentUrl":"https:\/\/mousepad24.eu\/wp-content\/uploads\/2022\/12\/MOUSEPAD24_logo_curv_OK-1.png","width":1024,"height":75,"caption":"MousePad24.eu"},"image":{"@id":"https:\/\/mousepad24.eu\/#\/schema\/logo\/image\/"},"sameAs":["https:\/\/www.facebook.com\/mousepad24\/","https:\/\/www.instagram.com\/mousepad24.eu\/","https:\/\/www.linkedin.com\/company\/podkladki24-mousepad24\/"]}]}},"_links":{"self":[{"href":"https:\/\/mousepad24.eu\/fr\/wp-json\/wp\/v2\/pages\/55468","targetHints":{"allow":["GET"]}}],"collection":[{"href":"https:\/\/mousepad24.eu\/fr\/wp-json\/wp\/v2\/pages"}],"about":[{"href":"https:\/\/mousepad24.eu\/fr\/wp-json\/wp\/v2\/types\/page"}],"author":[{"embeddable":true,"href":"https:\/\/mousepad24.eu\/fr\/wp-json\/wp\/v2\/users\/102"}],"replies":[{"embeddable":true,"href":"https:\/\/mousepad24.eu\/fr\/wp-json\/wp\/v2\/comments?post=55468"}],"version-history":[{"count":0,"href":"https:\/\/mousepad24.eu\/fr\/wp-json\/wp\/v2\/pages\/55468\/revisions"}],"wp:attachment":[{"href":"https:\/\/mousepad24.eu\/fr\/wp-json\/wp\/v2\/media?parent=55468"}],"curies":[{"name":"wp","href":"https:\/\/api.w.org\/{rel}","templated":true}]}}