{"id":55484,"date":"2023-03-06T13:03:09","date_gmt":"2023-03-06T12:03:09","guid":{"rendered":"https:\/\/jnpnki27nc.onrocket.site\/politique-en-matiere-de-cookies\/"},"modified":"2024-02-07T10:17:03","modified_gmt":"2024-02-07T09:17:03","slug":"politique-en-matiere-de-cookies","status":"publish","type":"page","link":"https:\/\/mousepad24.eu\/fr\/politique-en-matiere-de-cookies\/","title":{"rendered":"Politique de cookies"},"content":{"rendered":"\n<h1 class=\"wp-block-heading\">Politique de cookies<\/h1>\n\n\n<ol>\n<li>L&#8217;administrateur des donn\u00e9es personnelles est ANITA MAKARSKA-GURGACZ, NIP : 7122860322, ul. Techniczna 4 20-151 Lublin.<\/li>\n<li style=\"box-sizing: inherit;\">L&#8217;Administrateur utilise des cookies, c&#8217;est-\u00e0-dire de petites informations textuelles stock\u00e9es sur le terminal de l&#8217;Utilisateur (par exemple, ordinateur, tablette, smartphone).<\/li>\n<li style=\"box-sizing: inherit;\">Les cookies peuvent \u00eatre lus par le syst\u00e8me informatique de l&#8217;administrateur.<\/li>\n<li style=\"box-sizing: inherit;\">L&#8217;administrateur stocke des cookies sur l&#8217;\u00e9quipement terminal de l&#8217;utilisateur et acc\u00e8de ensuite aux informations qu&#8217;ils contiennent \u00e0 des fins :\n<ul style=\"box-sizing: inherit; margin-right: 0px; margin-left: 1.5em; list-style: disc; padding: 0px;\">\n<li style=\"box-sizing: inherit;\">\u00e9tablir des statistiques qui nous aident \u00e0 comprendre comment les visiteurs utilisent les sites web afin d&#8217;en am\u00e9liorer la structure et le contenu ;<\/li>\n<li style=\"box-sizing: inherit;\">marketing (remarketing)<\/li>\n<li style=\"box-sizing: inherit;\">d\u00e9finir un profil de l&#8217;utilisateur afin d&#8217;afficher du mat\u00e9riel personnalis\u00e9 \u00e0 l&#8217;utilisateur sur les r\u00e9seaux publicitaires, en particulier le r\u00e9seau Google, afin d&#8217;assurer le bon fonctionnement de la boutique.<\/li>\n<\/ul>\n<\/li>\n<li style=\"box-sizing: inherit;\">L&#8217;utilisateur a la possibilit\u00e9 de configurer son navigateur Internet de mani\u00e8re \u00e0 ce que les cookies ne soient pas stock\u00e9s sur le terminal. Toutefois, dans une telle situation, l&#8217;utilisation du site web par l&#8217;utilisateur peut \u00eatre compromise.<\/li>\n<li style=\"box-sizing: inherit;\">Les cookies peuvent \u00eatre supprim\u00e9s par l&#8217;utilisateur une fois qu&#8217;ils ont \u00e9t\u00e9 stock\u00e9s, au moyen des fonctions appropri\u00e9es du navigateur Internet, des programmes con\u00e7us \u00e0 cet effet ou en utilisant les outils appropri\u00e9s disponibles dans le syst\u00e8me d&#8217;exploitation utilis\u00e9 par l&#8217;utilisateur.<\/li>\n<li style=\"box-sizing: inherit;\">Ces liens fournissent des informations sur la mani\u00e8re de supprimer les cookies dans les navigateurs web les plus populaires :\n<ol>\n<li style=\"box-sizing: inherit;\">Firefox : http:\/\/support.mozilla.org\/pl\/kb\/usuwanie-ciasteczek,<\/li>\n<li style=\"box-sizing: inherit;\">Op\u00e9ra : http:\/\/help.opera.com\/Linux\/9.60\/pl\/cookies.html,<\/li>\n<li style=\"box-sizing: inherit;\">Internet Explorer : http:\/\/support.microsoft.com\/kb\/278835\/pl,<\/li>\n<li style=\"box-sizing: inherit;\">Chrome : http:\/\/support.google.com\/chrome\/bin\/answer.py?hl=pl&amp;answer=95647<\/li>\n<li style=\"box-sizing: inherit;\">Safari : http:\/\/support.apple.com\/kb\/HT1677?viewlocale=pl_PL<\/li>\n<\/ol>\n<\/li>\n<\/ol>","protected":false},"excerpt":{"rendered":"<p>Politique de cookies L&#8217;administrateur des donn\u00e9es personnelles est ANITA MAKARSKA-GURGACZ, NIP : 7122860322, ul. Techniczna 4 20-151 Lublin. L&#8217;Administrateur utilise des cookies, c&#8217;est-\u00e0-dire de petites informations textuelles stock\u00e9es sur le terminal de l&#8217;Utilisateur (par exemple, ordinateur, tablette, smartphone). Les cookies peuvent \u00eatre lus par le syst\u00e8me informatique de l&#8217;administrateur. L&#8217;administrateur stocke des cookies sur l&#8217;\u00e9quipement [&hellip;]<\/p>\n","protected":false},"author":102,"featured_media":0,"parent":0,"menu_order":0,"comment_status":"closed","ping_status":"closed","template":"elementor_header_footer","meta":{"footnotes":""},"class_list":["post-55484","page","type-page","status-publish","hentry","fpd-variation-needed"],"yoast_head":"<!-- This site is optimized with the Yoast SEO plugin v27.3 - https:\/\/yoast.com\/product\/yoast-seo-wordpress\/ -->\n<title>Politique de cookies - MousePad24.eu<\/title>\n<meta name=\"robots\" content=\"index, follow, max-snippet:-1, max-image-preview:large, max-video-preview:-1\" \/>\n<meta property=\"og:locale\" content=\"fr_FR\" \/>\n<meta property=\"og:type\" content=\"article\" \/>\n<meta property=\"og:title\" content=\"Politique de cookies - MousePad24.eu\" \/>\n<meta property=\"og:description\" content=\"Politique de cookies L&#8217;administrateur des donn\u00e9es personnelles est ANITA MAKARSKA-GURGACZ, NIP : 7122860322, ul. Techniczna 4 20-151 Lublin. L&#8217;Administrateur utilise des cookies, c&#8217;est-\u00e0-dire de petites informations textuelles stock\u00e9es sur le terminal de l&#8217;Utilisateur (par exemple, ordinateur, tablette, smartphone). Les cookies peuvent \u00eatre lus par le syst\u00e8me informatique de l&#8217;administrateur. L&#8217;administrateur stocke des cookies sur l&#8217;\u00e9quipement [&hellip;]\" \/>\n<meta property=\"og:url\" content=\"https:\/\/mousepad24.eu\/fr\/politique-en-matiere-de-cookies\/\" \/>\n<meta property=\"og:site_name\" content=\"MousePad24.eu\" \/>\n<meta property=\"article:publisher\" content=\"https:\/\/www.facebook.com\/mousepad24\/\" \/>\n<meta property=\"article:modified_time\" content=\"2024-02-07T09:17:03+00:00\" \/>\n<meta name=\"twitter:card\" content=\"summary_large_image\" \/>\n<meta name=\"twitter:label1\" content=\"Dur\u00e9e de lecture estim\u00e9e\" \/>\n\t<meta name=\"twitter:data1\" content=\"2 minutes\" \/>\n<script type=\"application\/ld+json\" class=\"yoast-schema-graph\">{\"@context\":\"https:\\\/\\\/schema.org\",\"@graph\":[{\"@type\":\"WebPage\",\"@id\":\"https:\\\/\\\/mousepad24.eu\\\/fr\\\/politique-en-matiere-de-cookies\\\/\",\"url\":\"https:\\\/\\\/mousepad24.eu\\\/fr\\\/politique-en-matiere-de-cookies\\\/\",\"name\":\"Politique de cookies - MousePad24.eu\",\"isPartOf\":{\"@id\":\"https:\\\/\\\/mousepad24.eu\\\/#website\"},\"datePublished\":\"2023-03-06T12:03:09+00:00\",\"dateModified\":\"2024-02-07T09:17:03+00:00\",\"breadcrumb\":{\"@id\":\"https:\\\/\\\/mousepad24.eu\\\/fr\\\/politique-en-matiere-de-cookies\\\/#breadcrumb\"},\"inLanguage\":\"fr-FR\",\"potentialAction\":[{\"@type\":\"ReadAction\",\"target\":[\"https:\\\/\\\/mousepad24.eu\\\/fr\\\/politique-en-matiere-de-cookies\\\/\"]}]},{\"@type\":\"BreadcrumbList\",\"@id\":\"https:\\\/\\\/mousepad24.eu\\\/fr\\\/politique-en-matiere-de-cookies\\\/#breadcrumb\",\"itemListElement\":[{\"@type\":\"ListItem\",\"position\":1,\"name\":\"Page d'accueil\",\"item\":\"https:\\\/\\\/mousepad24.eu\\\/fr\\\/\"},{\"@type\":\"ListItem\",\"position\":2,\"name\":\"Politique de cookies\"}]},{\"@type\":\"WebSite\",\"@id\":\"https:\\\/\\\/mousepad24.eu\\\/#website\",\"url\":\"https:\\\/\\\/mousepad24.eu\\\/\",\"name\":\"MousePad24.eu\",\"description\":\"Personalizowane podk\u0142adki pod mysz\",\"publisher\":{\"@id\":\"https:\\\/\\\/mousepad24.eu\\\/#organization\"},\"potentialAction\":[{\"@type\":\"SearchAction\",\"target\":{\"@type\":\"EntryPoint\",\"urlTemplate\":\"https:\\\/\\\/mousepad24.eu\\\/?s={search_term_string}\"},\"query-input\":{\"@type\":\"PropertyValueSpecification\",\"valueRequired\":true,\"valueName\":\"search_term_string\"}}],\"inLanguage\":\"fr-FR\"},{\"@type\":\"Organization\",\"@id\":\"https:\\\/\\\/mousepad24.eu\\\/#organization\",\"name\":\"MousePad24.eu\",\"url\":\"https:\\\/\\\/mousepad24.eu\\\/\",\"logo\":{\"@type\":\"ImageObject\",\"inLanguage\":\"fr-FR\",\"@id\":\"https:\\\/\\\/mousepad24.eu\\\/#\\\/schema\\\/logo\\\/image\\\/\",\"url\":\"https:\\\/\\\/mousepad24.eu\\\/wp-content\\\/uploads\\\/2022\\\/12\\\/MOUSEPAD24_logo_curv_OK-1.png\",\"contentUrl\":\"https:\\\/\\\/mousepad24.eu\\\/wp-content\\\/uploads\\\/2022\\\/12\\\/MOUSEPAD24_logo_curv_OK-1.png\",\"width\":1024,\"height\":75,\"caption\":\"MousePad24.eu\"},\"image\":{\"@id\":\"https:\\\/\\\/mousepad24.eu\\\/#\\\/schema\\\/logo\\\/image\\\/\"},\"sameAs\":[\"https:\\\/\\\/www.facebook.com\\\/mousepad24\\\/\",\"https:\\\/\\\/www.instagram.com\\\/mousepad24.eu\\\/\",\"https:\\\/\\\/www.linkedin.com\\\/company\\\/podkladki24-mousepad24\\\/\"]}]}<\/script>\n<!-- \/ Yoast SEO plugin. -->","yoast_head_json":{"title":"Politique de cookies - MousePad24.eu","robots":{"index":"index","follow":"follow","max-snippet":"max-snippet:-1","max-image-preview":"max-image-preview:large","max-video-preview":"max-video-preview:-1"},"og_locale":"fr_FR","og_type":"article","og_title":"Politique de cookies - MousePad24.eu","og_description":"Politique de cookies L&#8217;administrateur des donn\u00e9es personnelles est ANITA MAKARSKA-GURGACZ, NIP : 7122860322, ul. Techniczna 4 20-151 Lublin. L&#8217;Administrateur utilise des cookies, c&#8217;est-\u00e0-dire de petites informations textuelles stock\u00e9es sur le terminal de l&#8217;Utilisateur (par exemple, ordinateur, tablette, smartphone). Les cookies peuvent \u00eatre lus par le syst\u00e8me informatique de l&#8217;administrateur. L&#8217;administrateur stocke des cookies sur l&#8217;\u00e9quipement [&hellip;]","og_url":"https:\/\/mousepad24.eu\/fr\/politique-en-matiere-de-cookies\/","og_site_name":"MousePad24.eu","article_publisher":"https:\/\/www.facebook.com\/mousepad24\/","article_modified_time":"2024-02-07T09:17:03+00:00","twitter_card":"summary_large_image","twitter_misc":{"Dur\u00e9e de lecture estim\u00e9e":"2 minutes"},"schema":{"@context":"https:\/\/schema.org","@graph":[{"@type":"WebPage","@id":"https:\/\/mousepad24.eu\/fr\/politique-en-matiere-de-cookies\/","url":"https:\/\/mousepad24.eu\/fr\/politique-en-matiere-de-cookies\/","name":"Politique de cookies - MousePad24.eu","isPartOf":{"@id":"https:\/\/mousepad24.eu\/#website"},"datePublished":"2023-03-06T12:03:09+00:00","dateModified":"2024-02-07T09:17:03+00:00","breadcrumb":{"@id":"https:\/\/mousepad24.eu\/fr\/politique-en-matiere-de-cookies\/#breadcrumb"},"inLanguage":"fr-FR","potentialAction":[{"@type":"ReadAction","target":["https:\/\/mousepad24.eu\/fr\/politique-en-matiere-de-cookies\/"]}]},{"@type":"BreadcrumbList","@id":"https:\/\/mousepad24.eu\/fr\/politique-en-matiere-de-cookies\/#breadcrumb","itemListElement":[{"@type":"ListItem","position":1,"name":"Page d'accueil","item":"https:\/\/mousepad24.eu\/fr\/"},{"@type":"ListItem","position":2,"name":"Politique de cookies"}]},{"@type":"WebSite","@id":"https:\/\/mousepad24.eu\/#website","url":"https:\/\/mousepad24.eu\/","name":"MousePad24.eu","description":"Personalizowane podk\u0142adki pod mysz","publisher":{"@id":"https:\/\/mousepad24.eu\/#organization"},"potentialAction":[{"@type":"SearchAction","target":{"@type":"EntryPoint","urlTemplate":"https:\/\/mousepad24.eu\/?s={search_term_string}"},"query-input":{"@type":"PropertyValueSpecification","valueRequired":true,"valueName":"search_term_string"}}],"inLanguage":"fr-FR"},{"@type":"Organization","@id":"https:\/\/mousepad24.eu\/#organization","name":"MousePad24.eu","url":"https:\/\/mousepad24.eu\/","logo":{"@type":"ImageObject","inLanguage":"fr-FR","@id":"https:\/\/mousepad24.eu\/#\/schema\/logo\/image\/","url":"https:\/\/mousepad24.eu\/wp-content\/uploads\/2022\/12\/MOUSEPAD24_logo_curv_OK-1.png","contentUrl":"https:\/\/mousepad24.eu\/wp-content\/uploads\/2022\/12\/MOUSEPAD24_logo_curv_OK-1.png","width":1024,"height":75,"caption":"MousePad24.eu"},"image":{"@id":"https:\/\/mousepad24.eu\/#\/schema\/logo\/image\/"},"sameAs":["https:\/\/www.facebook.com\/mousepad24\/","https:\/\/www.instagram.com\/mousepad24.eu\/","https:\/\/www.linkedin.com\/company\/podkladki24-mousepad24\/"]}]}},"_links":{"self":[{"href":"https:\/\/mousepad24.eu\/fr\/wp-json\/wp\/v2\/pages\/55484","targetHints":{"allow":["GET"]}}],"collection":[{"href":"https:\/\/mousepad24.eu\/fr\/wp-json\/wp\/v2\/pages"}],"about":[{"href":"https:\/\/mousepad24.eu\/fr\/wp-json\/wp\/v2\/types\/page"}],"author":[{"embeddable":true,"href":"https:\/\/mousepad24.eu\/fr\/wp-json\/wp\/v2\/users\/102"}],"replies":[{"embeddable":true,"href":"https:\/\/mousepad24.eu\/fr\/wp-json\/wp\/v2\/comments?post=55484"}],"version-history":[{"count":0,"href":"https:\/\/mousepad24.eu\/fr\/wp-json\/wp\/v2\/pages\/55484\/revisions"}],"wp:attachment":[{"href":"https:\/\/mousepad24.eu\/fr\/wp-json\/wp\/v2\/media?parent=55484"}],"curies":[{"name":"wp","href":"https:\/\/api.w.org\/{rel}","templated":true}]}}