{"id":63262,"date":"2024-04-23T09:54:17","date_gmt":"2024-04-23T07:54:17","guid":{"rendered":"https:\/\/jnpnki27nc.onrocket.site\/dofinansowanie-3\/"},"modified":"2025-07-16T12:46:50","modified_gmt":"2025-07-16T10:46:50","slug":"dofinansowanie-3","status":"publish","type":"page","link":"https:\/\/mousepad24.eu\/fr\/financement-2\/dofinansowanie-3\/","title":{"rendered":"Financement 72 351,22 PLN"},"content":{"rendered":"<figure id=\"attachment_63270\" class=\"wp-caption alignnone\" ><img fetchpriority=\"high\" decoding=\"async\" class=\"wp-image-63268 size-full\" src=\"https:\/\/mousepad24.eu\/wp-content\/uploads\/2025\/03\/FE_plakat_A3_lubelskie_Anita_Makarska-Gurgacz_OK-1.jpg\" alt=\"Cofinanc\u00e9 par l'Union europ\u00e9enne\" width=\"2480\" height=\"1754\" srcset=\"https:\/\/mousepad24.eu\/wp-content\/uploads\/2025\/03\/FE_plakat_A3_lubelskie_Anita_Makarska-Gurgacz_OK-1.jpg 2480w, https:\/\/mousepad24.eu\/wp-content\/uploads\/2025\/03\/FE_plakat_A3_lubelskie_Anita_Makarska-Gurgacz_OK-1-300x212.jpg 300w, https:\/\/mousepad24.eu\/wp-content\/uploads\/2025\/03\/FE_plakat_A3_lubelskie_Anita_Makarska-Gurgacz_OK-1-1024x724.jpg 1024w, https:\/\/mousepad24.eu\/wp-content\/uploads\/2025\/03\/FE_plakat_A3_lubelskie_Anita_Makarska-Gurgacz_OK-1-150x106.jpg 150w, https:\/\/mousepad24.eu\/wp-content\/uploads\/2025\/03\/FE_plakat_A3_lubelskie_Anita_Makarska-Gurgacz_OK-1-768x543.jpg 768w, https:\/\/mousepad24.eu\/wp-content\/uploads\/2025\/03\/FE_plakat_A3_lubelskie_Anita_Makarska-Gurgacz_OK-1-1536x1086.jpg 1536w, https:\/\/mousepad24.eu\/wp-content\/uploads\/2025\/03\/FE_plakat_A3_lubelskie_Anita_Makarska-Gurgacz_OK-1-2048x1448.jpg 2048w, https:\/\/mousepad24.eu\/wp-content\/uploads\/2025\/03\/FE_plakat_A3_lubelskie_Anita_Makarska-Gurgacz_OK-1-1400x990.jpg 1400w, https:\/\/mousepad24.eu\/wp-content\/uploads\/2025\/03\/FE_plakat_A3_lubelskie_Anita_Makarska-Gurgacz_OK-1-1600x1132.jpg 1600w, https:\/\/mousepad24.eu\/wp-content\/uploads\/2025\/03\/FE_plakat_A3_lubelskie_Anita_Makarska-Gurgacz_OK-1-64x45.jpg 64w\" sizes=\"(max-width: 2480px) 100vw, 2480px\" \/><figcaption class=\"wp-caption-text\">Cofinanc\u00e9 par l&#8217;Union europ\u00e9enne<\/figcaption><\/figure>\n<p style=\"text-align: center;\">Dans le cadre du projet :<br \/>\n&#8220;D\u00e9veloppement de l&#8217;entreprise par l&#8217;internationalisation et l&#8217;introduction de produits publicitaires sur les march\u00e9s \u00e9trangers&#8221;, nous avons particip\u00e9 aux foires commerciales suivantes :<\/p>\n<p><a href=\"https:\/\/www.psi-messe.com\/en-gb.html#\/\">ISP D\u00fcsseldorf 2024<\/a><br \/>\n<a href=\"https:\/\/promoshow.pl\">Salon Promo Varsovie 2024<\/a><br \/>\n<a href=\"https:\/\/www.salon-ctco.com\/en\/\">CTCO Lyon 2025<\/a><\/p>\n<ol>\n<li>Projet n\u00b0 <strong>02.07-IP.01-0043\/23<\/strong><\/li>\n<li>Titre :<strong> D\u00e9veloppement de l&#8217;entreprise par l&#8217;internationalisation et l&#8217;introduction de produits publicitaires sur les march\u00e9s \u00e9trangers<\/strong><\/li>\n<li>Port\u00e9e du projet :<strong> introduction de produits publicitaires sous forme de tapis de souris ergonomiques avec impression personnalis\u00e9e comme gadget publicitaire sur les march\u00e9s \u00e9trangers, gr\u00e2ce \u00e0 la participation de l&#8217;entreprise \u00e0 une foire internationale d&#8217;articles promotionnels :<\/strong><\/li>\n<\/ol>\n<ul>\n<li><strong>Salon PSI &#8220;Promotional Product Service Institute&#8221; D\u00fcsseldorf (9-11 janvier 2024),<\/strong><\/li>\n<li><strong>Promo Show Varsovie, (14-15 f\u00e9vrier 2024),<\/strong><\/li>\n<li><strong>Salon du Cadeau et de l&#8217;Objet CTCO Lyon, (f\u00e9vrier 2025).<\/strong><\/li>\n<\/ul>\n<p><strong>La participation \u00e0 des foires commerciales contribuera \u00e0 \u00e9largir la participation de l&#8217;entreprise sur les march\u00e9s \u00e9trangers (Allemagne, France, Autriche, R\u00e9publique tch\u00e8que, Lituanie, Belgique et Pays-Bas) et \u00e0 p\u00e9n\u00e9trer de nouveaux march\u00e9s \u00e9trangers. De nombreux contacts seront \u00e9tablis avec des clients \u00e9trangers, ce qui aboutira \u00e0 la signature de nouveaux contrats commerciaux. <\/strong><\/p>\n<ol start=\"4\">\n<li>Objectif du projet :<strong> internationalisation des activit\u00e9s commerciales d&#8217;Anita Makakarska-Gurgacz afin d&#8217;augmenter les exportations de produits et de services.<\/strong><\/li>\n<li>Valeur du projet : <strong>168 880,61 PLN <\/strong> <\/li>\n<li>Cofinancement de l&#8217;UE :<strong> 72 351,22 PLN<\/strong><\/li>\n<li>Groupe cible : <strong>PME de la vo\u00efvodie de Lublin et leurs employ\u00e9s.<\/strong><\/li>\n<\/ol>\n","protected":false},"excerpt":{"rendered":"<p>Dans le cadre du projet : &#8220;D\u00e9veloppement de l&#8217;entreprise par l&#8217;internationalisation et l&#8217;introduction de produits publicitaires sur les march\u00e9s \u00e9trangers&#8221;, nous avons particip\u00e9 aux foires commerciales suivantes : ISP D\u00fcsseldorf 2024 Salon Promo Varsovie 2024 CTCO Lyon 2025 Projet n\u00b0 02.07-IP.01-0043\/23 Titre : D\u00e9veloppement de l&#8217;entreprise par l&#8217;internationalisation et l&#8217;introduction de produits publicitaires sur les [&hellip;]<\/p>\n","protected":false},"author":138,"featured_media":0,"parent":65746,"menu_order":0,"comment_status":"closed","ping_status":"closed","template":"elementor_header_footer","meta":{"footnotes":""},"class_list":["post-63262","page","type-page","status-publish","hentry","fpd-variation-needed"],"yoast_head":"<!-- This site is optimized with the Yoast SEO plugin v27.3 - https:\/\/yoast.com\/product\/yoast-seo-wordpress\/ -->\n<title>Financement 72 351,22 PLN - MousePad24.eu<\/title>\n<meta name=\"robots\" content=\"index, follow, max-snippet:-1, max-image-preview:large, max-video-preview:-1\" \/>\n<meta property=\"og:locale\" content=\"fr_FR\" \/>\n<meta property=\"og:type\" content=\"article\" \/>\n<meta property=\"og:title\" content=\"Financement 72 351,22 PLN - MousePad24.eu\" \/>\n<meta property=\"og:description\" content=\"Dans le cadre du projet : &#8220;D\u00e9veloppement de l&#8217;entreprise par l&#8217;internationalisation et l&#8217;introduction de produits publicitaires sur les march\u00e9s \u00e9trangers&#8221;, nous avons particip\u00e9 aux foires commerciales suivantes : ISP D\u00fcsseldorf 2024 Salon Promo Varsovie 2024 CTCO Lyon 2025 Projet n\u00b0 02.07-IP.01-0043\/23 Titre : D\u00e9veloppement de l&#8217;entreprise par l&#8217;internationalisation et l&#8217;introduction de produits publicitaires sur les [&hellip;]\" \/>\n<meta property=\"og:url\" content=\"https:\/\/mousepad24.eu\/fr\/financement-2\/dofinansowanie-3\/\" \/>\n<meta property=\"og:site_name\" content=\"MousePad24.eu\" \/>\n<meta property=\"article:publisher\" content=\"https:\/\/www.facebook.com\/mousepad24\/\" \/>\n<meta property=\"article:modified_time\" content=\"2025-07-16T10:46:50+00:00\" \/>\n<meta property=\"og:image\" content=\"https:\/\/mousepad24.eu\/wp-content\/uploads\/2025\/03\/FE_plakat_A3_lubelskie_Anita_Makarska-Gurgacz_OK-1.jpg\" \/>\n\t<meta property=\"og:image:width\" content=\"2480\" \/>\n\t<meta property=\"og:image:height\" content=\"1754\" \/>\n\t<meta property=\"og:image:type\" content=\"image\/jpeg\" \/>\n<meta name=\"twitter:card\" content=\"summary_large_image\" \/>\n<meta name=\"twitter:label1\" content=\"Dur\u00e9e de lecture estim\u00e9e\" \/>\n\t<meta name=\"twitter:data1\" content=\"1 minute\" \/>\n<script type=\"application\/ld+json\" class=\"yoast-schema-graph\">{\"@context\":\"https:\\\/\\\/schema.org\",\"@graph\":[{\"@type\":\"WebPage\",\"@id\":\"https:\\\/\\\/mousepad24.eu\\\/fr\\\/financement-2\\\/dofinansowanie-3\\\/\",\"url\":\"https:\\\/\\\/mousepad24.eu\\\/fr\\\/financement-2\\\/dofinansowanie-3\\\/\",\"name\":\"Financement 72 351,22 PLN - MousePad24.eu\",\"isPartOf\":{\"@id\":\"https:\\\/\\\/mousepad24.eu\\\/#website\"},\"primaryImageOfPage\":{\"@id\":\"https:\\\/\\\/mousepad24.eu\\\/fr\\\/financement-2\\\/dofinansowanie-3\\\/#primaryimage\"},\"image\":{\"@id\":\"https:\\\/\\\/mousepad24.eu\\\/fr\\\/financement-2\\\/dofinansowanie-3\\\/#primaryimage\"},\"thumbnailUrl\":\"https:\\\/\\\/mousepad24.eu\\\/wp-content\\\/uploads\\\/2025\\\/03\\\/FE_plakat_A3_lubelskie_Anita_Makarska-Gurgacz_OK-1.jpg\",\"datePublished\":\"2024-04-23T07:54:17+00:00\",\"dateModified\":\"2025-07-16T10:46:50+00:00\",\"breadcrumb\":{\"@id\":\"https:\\\/\\\/mousepad24.eu\\\/fr\\\/financement-2\\\/dofinansowanie-3\\\/#breadcrumb\"},\"inLanguage\":\"fr-FR\",\"potentialAction\":[{\"@type\":\"ReadAction\",\"target\":[\"https:\\\/\\\/mousepad24.eu\\\/fr\\\/financement-2\\\/dofinansowanie-3\\\/\"]}]},{\"@type\":\"ImageObject\",\"inLanguage\":\"fr-FR\",\"@id\":\"https:\\\/\\\/mousepad24.eu\\\/fr\\\/financement-2\\\/dofinansowanie-3\\\/#primaryimage\",\"url\":\"https:\\\/\\\/mousepad24.eu\\\/wp-content\\\/uploads\\\/2025\\\/03\\\/FE_plakat_A3_lubelskie_Anita_Makarska-Gurgacz_OK-1.jpg\",\"contentUrl\":\"https:\\\/\\\/mousepad24.eu\\\/wp-content\\\/uploads\\\/2025\\\/03\\\/FE_plakat_A3_lubelskie_Anita_Makarska-Gurgacz_OK-1.jpg\"},{\"@type\":\"BreadcrumbList\",\"@id\":\"https:\\\/\\\/mousepad24.eu\\\/fr\\\/financement-2\\\/dofinansowanie-3\\\/#breadcrumb\",\"itemListElement\":[{\"@type\":\"ListItem\",\"position\":1,\"name\":\"Page d'accueil\",\"item\":\"https:\\\/\\\/mousepad24.eu\\\/fr\\\/\"},{\"@type\":\"ListItem\",\"position\":2,\"name\":\"Financement\",\"item\":\"https:\\\/\\\/mousepad24.eu\\\/fr\\\/financement-2\\\/\"},{\"@type\":\"ListItem\",\"position\":3,\"name\":\"Financement 72 351,22 PLN\"}]},{\"@type\":\"WebSite\",\"@id\":\"https:\\\/\\\/mousepad24.eu\\\/#website\",\"url\":\"https:\\\/\\\/mousepad24.eu\\\/\",\"name\":\"MousePad24.eu\",\"description\":\"Personalizowane podk\u0142adki pod mysz\",\"publisher\":{\"@id\":\"https:\\\/\\\/mousepad24.eu\\\/#organization\"},\"potentialAction\":[{\"@type\":\"SearchAction\",\"target\":{\"@type\":\"EntryPoint\",\"urlTemplate\":\"https:\\\/\\\/mousepad24.eu\\\/?s={search_term_string}\"},\"query-input\":{\"@type\":\"PropertyValueSpecification\",\"valueRequired\":true,\"valueName\":\"search_term_string\"}}],\"inLanguage\":\"fr-FR\"},{\"@type\":\"Organization\",\"@id\":\"https:\\\/\\\/mousepad24.eu\\\/#organization\",\"name\":\"MousePad24.eu\",\"url\":\"https:\\\/\\\/mousepad24.eu\\\/\",\"logo\":{\"@type\":\"ImageObject\",\"inLanguage\":\"fr-FR\",\"@id\":\"https:\\\/\\\/mousepad24.eu\\\/#\\\/schema\\\/logo\\\/image\\\/\",\"url\":\"https:\\\/\\\/mousepad24.eu\\\/wp-content\\\/uploads\\\/2022\\\/12\\\/MOUSEPAD24_logo_curv_OK-1.png\",\"contentUrl\":\"https:\\\/\\\/mousepad24.eu\\\/wp-content\\\/uploads\\\/2022\\\/12\\\/MOUSEPAD24_logo_curv_OK-1.png\",\"width\":1024,\"height\":75,\"caption\":\"MousePad24.eu\"},\"image\":{\"@id\":\"https:\\\/\\\/mousepad24.eu\\\/#\\\/schema\\\/logo\\\/image\\\/\"},\"sameAs\":[\"https:\\\/\\\/www.facebook.com\\\/mousepad24\\\/\",\"https:\\\/\\\/www.instagram.com\\\/mousepad24.eu\\\/\",\"https:\\\/\\\/www.linkedin.com\\\/company\\\/podkladki24-mousepad24\\\/\"]}]}<\/script>\n<!-- \/ Yoast SEO plugin. -->","yoast_head_json":{"title":"Financement 72 351,22 PLN - MousePad24.eu","robots":{"index":"index","follow":"follow","max-snippet":"max-snippet:-1","max-image-preview":"max-image-preview:large","max-video-preview":"max-video-preview:-1"},"og_locale":"fr_FR","og_type":"article","og_title":"Financement 72 351,22 PLN - MousePad24.eu","og_description":"Dans le cadre du projet : &#8220;D\u00e9veloppement de l&#8217;entreprise par l&#8217;internationalisation et l&#8217;introduction de produits publicitaires sur les march\u00e9s \u00e9trangers&#8221;, nous avons particip\u00e9 aux foires commerciales suivantes : ISP D\u00fcsseldorf 2024 Salon Promo Varsovie 2024 CTCO Lyon 2025 Projet n\u00b0 02.07-IP.01-0043\/23 Titre : D\u00e9veloppement de l&#8217;entreprise par l&#8217;internationalisation et l&#8217;introduction de produits publicitaires sur les [&hellip;]","og_url":"https:\/\/mousepad24.eu\/fr\/financement-2\/dofinansowanie-3\/","og_site_name":"MousePad24.eu","article_publisher":"https:\/\/www.facebook.com\/mousepad24\/","article_modified_time":"2025-07-16T10:46:50+00:00","og_image":[{"width":2480,"height":1754,"url":"https:\/\/mousepad24.eu\/wp-content\/uploads\/2025\/03\/FE_plakat_A3_lubelskie_Anita_Makarska-Gurgacz_OK-1.jpg","type":"image\/jpeg"}],"twitter_card":"summary_large_image","twitter_misc":{"Dur\u00e9e de lecture estim\u00e9e":"1 minute"},"schema":{"@context":"https:\/\/schema.org","@graph":[{"@type":"WebPage","@id":"https:\/\/mousepad24.eu\/fr\/financement-2\/dofinansowanie-3\/","url":"https:\/\/mousepad24.eu\/fr\/financement-2\/dofinansowanie-3\/","name":"Financement 72 351,22 PLN - MousePad24.eu","isPartOf":{"@id":"https:\/\/mousepad24.eu\/#website"},"primaryImageOfPage":{"@id":"https:\/\/mousepad24.eu\/fr\/financement-2\/dofinansowanie-3\/#primaryimage"},"image":{"@id":"https:\/\/mousepad24.eu\/fr\/financement-2\/dofinansowanie-3\/#primaryimage"},"thumbnailUrl":"https:\/\/mousepad24.eu\/wp-content\/uploads\/2025\/03\/FE_plakat_A3_lubelskie_Anita_Makarska-Gurgacz_OK-1.jpg","datePublished":"2024-04-23T07:54:17+00:00","dateModified":"2025-07-16T10:46:50+00:00","breadcrumb":{"@id":"https:\/\/mousepad24.eu\/fr\/financement-2\/dofinansowanie-3\/#breadcrumb"},"inLanguage":"fr-FR","potentialAction":[{"@type":"ReadAction","target":["https:\/\/mousepad24.eu\/fr\/financement-2\/dofinansowanie-3\/"]}]},{"@type":"ImageObject","inLanguage":"fr-FR","@id":"https:\/\/mousepad24.eu\/fr\/financement-2\/dofinansowanie-3\/#primaryimage","url":"https:\/\/mousepad24.eu\/wp-content\/uploads\/2025\/03\/FE_plakat_A3_lubelskie_Anita_Makarska-Gurgacz_OK-1.jpg","contentUrl":"https:\/\/mousepad24.eu\/wp-content\/uploads\/2025\/03\/FE_plakat_A3_lubelskie_Anita_Makarska-Gurgacz_OK-1.jpg"},{"@type":"BreadcrumbList","@id":"https:\/\/mousepad24.eu\/fr\/financement-2\/dofinansowanie-3\/#breadcrumb","itemListElement":[{"@type":"ListItem","position":1,"name":"Page d'accueil","item":"https:\/\/mousepad24.eu\/fr\/"},{"@type":"ListItem","position":2,"name":"Financement","item":"https:\/\/mousepad24.eu\/fr\/financement-2\/"},{"@type":"ListItem","position":3,"name":"Financement 72 351,22 PLN"}]},{"@type":"WebSite","@id":"https:\/\/mousepad24.eu\/#website","url":"https:\/\/mousepad24.eu\/","name":"MousePad24.eu","description":"Personalizowane podk\u0142adki pod mysz","publisher":{"@id":"https:\/\/mousepad24.eu\/#organization"},"potentialAction":[{"@type":"SearchAction","target":{"@type":"EntryPoint","urlTemplate":"https:\/\/mousepad24.eu\/?s={search_term_string}"},"query-input":{"@type":"PropertyValueSpecification","valueRequired":true,"valueName":"search_term_string"}}],"inLanguage":"fr-FR"},{"@type":"Organization","@id":"https:\/\/mousepad24.eu\/#organization","name":"MousePad24.eu","url":"https:\/\/mousepad24.eu\/","logo":{"@type":"ImageObject","inLanguage":"fr-FR","@id":"https:\/\/mousepad24.eu\/#\/schema\/logo\/image\/","url":"https:\/\/mousepad24.eu\/wp-content\/uploads\/2022\/12\/MOUSEPAD24_logo_curv_OK-1.png","contentUrl":"https:\/\/mousepad24.eu\/wp-content\/uploads\/2022\/12\/MOUSEPAD24_logo_curv_OK-1.png","width":1024,"height":75,"caption":"MousePad24.eu"},"image":{"@id":"https:\/\/mousepad24.eu\/#\/schema\/logo\/image\/"},"sameAs":["https:\/\/www.facebook.com\/mousepad24\/","https:\/\/www.instagram.com\/mousepad24.eu\/","https:\/\/www.linkedin.com\/company\/podkladki24-mousepad24\/"]}]}},"_links":{"self":[{"href":"https:\/\/mousepad24.eu\/fr\/wp-json\/wp\/v2\/pages\/63262","targetHints":{"allow":["GET"]}}],"collection":[{"href":"https:\/\/mousepad24.eu\/fr\/wp-json\/wp\/v2\/pages"}],"about":[{"href":"https:\/\/mousepad24.eu\/fr\/wp-json\/wp\/v2\/types\/page"}],"author":[{"embeddable":true,"href":"https:\/\/mousepad24.eu\/fr\/wp-json\/wp\/v2\/users\/138"}],"replies":[{"embeddable":true,"href":"https:\/\/mousepad24.eu\/fr\/wp-json\/wp\/v2\/comments?post=63262"}],"version-history":[{"count":0,"href":"https:\/\/mousepad24.eu\/fr\/wp-json\/wp\/v2\/pages\/63262\/revisions"}],"up":[{"embeddable":true,"href":"https:\/\/mousepad24.eu\/fr\/wp-json\/wp\/v2\/pages\/65746"}],"wp:attachment":[{"href":"https:\/\/mousepad24.eu\/fr\/wp-json\/wp\/v2\/media?parent=63262"}],"curies":[{"name":"wp","href":"https:\/\/api.w.org\/{rel}","templated":true}]}}