{"id":65738,"date":"2025-03-07T19:35:21","date_gmt":"2025-03-07T18:35:21","guid":{"rendered":"https:\/\/jnpnki27nc.onrocket.site\/financement-43-11770-pln\/"},"modified":"2025-07-16T12:46:50","modified_gmt":"2025-07-16T10:46:50","slug":"financement-43-11770-pln","status":"publish","type":"page","link":"https:\/\/mousepad24.eu\/fr\/financement-2\/financement-43-11770-pln\/","title":{"rendered":"Financement 43 117,70 PLN"},"content":{"rendered":"<figure id=\"attachment_63282\" class=\"wp-caption alignnone\" ><img fetchpriority=\"high\" decoding=\"async\" src=\"https:\/\/mousepad24.eu\/wp-content\/uploads\/2025\/03\/FE_plakat_A3_lubelskie_Anita_Makarska-Gurgacz_etap_II.jpg\" alt=\"Cofinanc\u00e9 par l'Union europ\u00e9enne\" width=\"2480\" height=\"1754\"><figcaption class=\"wp-caption-text\">Cofinanc\u00e9 par l&#8217;Union europ\u00e9enne<\/figcaption><\/figure>\n<p style=\"text-align: center;\">Dans le cadre du projet :<br \/>\n&#8220;D\u00e9veloppement de l&#8217;entreprise par l&#8217;internationalisation et l&#8217;introduction de produits publicitaires sur les march\u00e9s \u00e9trangers&#8221;, nous avons particip\u00e9 aux foires commerciales suivantes :<\/p>\n<p>Dans le cadre du projet : &#8220;D\u00e9veloppement de l&#8217;entreprise par l&#8217;internationalisation et l&#8217;introduction de produits publicitaires sur les march\u00e9s \u00e9trangers &#8211; phase II&#8221;.<\/p>\n<p style=\"text-align: center;\">notre soci\u00e9t\u00e9 a pr\u00e9sent\u00e9 ses produits \u00e0 la foire :<\/p>\n<p>&#8211;  <a href=\"https:\/\/festiwalmarketingu.pl\">Festival du marketing, Varsovie 2024<\/a><br \/>\n&#8211; <a href=\"https:\/\/promoshow.pl\">Promo Show Varsovie 2525<\/a><br \/>\nNous nous pr\u00e9parons \u00e9galement pour l&#8217;\u00e9v\u00e9nement :<br \/>\n<a href=\"https:\/\/markeding.at\">Marke[ding] Vienne 2025<\/a><\/p>\n","protected":false},"excerpt":{"rendered":"<p>Dans le cadre du projet : &#8220;D\u00e9veloppement de l&#8217;entreprise par l&#8217;internationalisation et l&#8217;introduction de produits publicitaires sur les march\u00e9s \u00e9trangers&#8221;, nous avons particip\u00e9 aux foires commerciales suivantes : Dans le cadre du projet : &#8220;D\u00e9veloppement de l&#8217;entreprise par l&#8217;internationalisation et l&#8217;introduction de produits publicitaires sur les march\u00e9s \u00e9trangers &#8211; phase II&#8221;. notre soci\u00e9t\u00e9 a pr\u00e9sent\u00e9 [&hellip;]<\/p>\n","protected":false},"author":102,"featured_media":0,"parent":65746,"menu_order":0,"comment_status":"closed","ping_status":"closed","template":"elementor_header_footer","meta":{"footnotes":""},"class_list":["post-65738","page","type-page","status-publish","hentry","fpd-variation-needed"],"yoast_head":"<!-- This site is optimized with the Yoast SEO plugin v27.3 - https:\/\/yoast.com\/product\/yoast-seo-wordpress\/ -->\n<title>Financement 43 117,70 PLN - MousePad24.eu<\/title>\n<meta name=\"robots\" content=\"index, follow, max-snippet:-1, max-image-preview:large, max-video-preview:-1\" \/>\n<meta property=\"og:locale\" content=\"fr_FR\" \/>\n<meta property=\"og:type\" content=\"article\" \/>\n<meta property=\"og:title\" content=\"Financement 43 117,70 PLN - MousePad24.eu\" \/>\n<meta property=\"og:description\" content=\"Dans le cadre du projet : &#8220;D\u00e9veloppement de l&#8217;entreprise par l&#8217;internationalisation et l&#8217;introduction de produits publicitaires sur les march\u00e9s \u00e9trangers&#8221;, nous avons particip\u00e9 aux foires commerciales suivantes : Dans le cadre du projet : &#8220;D\u00e9veloppement de l&#8217;entreprise par l&#8217;internationalisation et l&#8217;introduction de produits publicitaires sur les march\u00e9s \u00e9trangers &#8211; phase II&#8221;. notre soci\u00e9t\u00e9 a pr\u00e9sent\u00e9 [&hellip;]\" \/>\n<meta property=\"og:url\" content=\"https:\/\/mousepad24.eu\/fr\/financement-2\/financement-43-11770-pln\/\" \/>\n<meta property=\"og:site_name\" content=\"MousePad24.eu\" \/>\n<meta property=\"article:publisher\" content=\"https:\/\/www.facebook.com\/mousepad24\/\" \/>\n<meta property=\"article:modified_time\" content=\"2025-07-16T10:46:50+00:00\" \/>\n<meta property=\"og:image\" content=\"https:\/\/mousepad24.eu\/wp-content\/uploads\/2025\/03\/FE_plakat_A3_lubelskie_Anita_Makarska-Gurgacz_etap_II.jpg\" \/>\n<meta name=\"twitter:card\" content=\"summary_large_image\" \/>\n<script type=\"application\/ld+json\" class=\"yoast-schema-graph\">{\"@context\":\"https:\\\/\\\/schema.org\",\"@graph\":[{\"@type\":\"WebPage\",\"@id\":\"https:\\\/\\\/mousepad24.eu\\\/fr\\\/financement-2\\\/financement-43-11770-pln\\\/\",\"url\":\"https:\\\/\\\/mousepad24.eu\\\/fr\\\/financement-2\\\/financement-43-11770-pln\\\/\",\"name\":\"Financement 43 117,70 PLN - MousePad24.eu\",\"isPartOf\":{\"@id\":\"https:\\\/\\\/mousepad24.eu\\\/#website\"},\"primaryImageOfPage\":{\"@id\":\"https:\\\/\\\/mousepad24.eu\\\/fr\\\/financement-2\\\/financement-43-11770-pln\\\/#primaryimage\"},\"image\":{\"@id\":\"https:\\\/\\\/mousepad24.eu\\\/fr\\\/financement-2\\\/financement-43-11770-pln\\\/#primaryimage\"},\"thumbnailUrl\":\"https:\\\/\\\/mousepad24.eu\\\/wp-content\\\/uploads\\\/2025\\\/03\\\/FE_plakat_A3_lubelskie_Anita_Makarska-Gurgacz_etap_II.jpg\",\"datePublished\":\"2025-03-07T18:35:21+00:00\",\"dateModified\":\"2025-07-16T10:46:50+00:00\",\"breadcrumb\":{\"@id\":\"https:\\\/\\\/mousepad24.eu\\\/fr\\\/financement-2\\\/financement-43-11770-pln\\\/#breadcrumb\"},\"inLanguage\":\"fr-FR\",\"potentialAction\":[{\"@type\":\"ReadAction\",\"target\":[\"https:\\\/\\\/mousepad24.eu\\\/fr\\\/financement-2\\\/financement-43-11770-pln\\\/\"]}]},{\"@type\":\"ImageObject\",\"inLanguage\":\"fr-FR\",\"@id\":\"https:\\\/\\\/mousepad24.eu\\\/fr\\\/financement-2\\\/financement-43-11770-pln\\\/#primaryimage\",\"url\":\"https:\\\/\\\/mousepad24.eu\\\/wp-content\\\/uploads\\\/2025\\\/03\\\/FE_plakat_A3_lubelskie_Anita_Makarska-Gurgacz_etap_II.jpg\",\"contentUrl\":\"https:\\\/\\\/mousepad24.eu\\\/wp-content\\\/uploads\\\/2025\\\/03\\\/FE_plakat_A3_lubelskie_Anita_Makarska-Gurgacz_etap_II.jpg\"},{\"@type\":\"BreadcrumbList\",\"@id\":\"https:\\\/\\\/mousepad24.eu\\\/fr\\\/financement-2\\\/financement-43-11770-pln\\\/#breadcrumb\",\"itemListElement\":[{\"@type\":\"ListItem\",\"position\":1,\"name\":\"Page d'accueil\",\"item\":\"https:\\\/\\\/mousepad24.eu\\\/fr\\\/\"},{\"@type\":\"ListItem\",\"position\":2,\"name\":\"Financement\",\"item\":\"https:\\\/\\\/mousepad24.eu\\\/fr\\\/financement-2\\\/\"},{\"@type\":\"ListItem\",\"position\":3,\"name\":\"Financement 43 117,70 PLN\"}]},{\"@type\":\"WebSite\",\"@id\":\"https:\\\/\\\/mousepad24.eu\\\/#website\",\"url\":\"https:\\\/\\\/mousepad24.eu\\\/\",\"name\":\"MousePad24.eu\",\"description\":\"Personalizowane podk\u0142adki pod mysz\",\"publisher\":{\"@id\":\"https:\\\/\\\/mousepad24.eu\\\/#organization\"},\"potentialAction\":[{\"@type\":\"SearchAction\",\"target\":{\"@type\":\"EntryPoint\",\"urlTemplate\":\"https:\\\/\\\/mousepad24.eu\\\/?s={search_term_string}\"},\"query-input\":{\"@type\":\"PropertyValueSpecification\",\"valueRequired\":true,\"valueName\":\"search_term_string\"}}],\"inLanguage\":\"fr-FR\"},{\"@type\":\"Organization\",\"@id\":\"https:\\\/\\\/mousepad24.eu\\\/#organization\",\"name\":\"MousePad24.eu\",\"url\":\"https:\\\/\\\/mousepad24.eu\\\/\",\"logo\":{\"@type\":\"ImageObject\",\"inLanguage\":\"fr-FR\",\"@id\":\"https:\\\/\\\/mousepad24.eu\\\/#\\\/schema\\\/logo\\\/image\\\/\",\"url\":\"https:\\\/\\\/mousepad24.eu\\\/wp-content\\\/uploads\\\/2022\\\/12\\\/MOUSEPAD24_logo_curv_OK-1.png\",\"contentUrl\":\"https:\\\/\\\/mousepad24.eu\\\/wp-content\\\/uploads\\\/2022\\\/12\\\/MOUSEPAD24_logo_curv_OK-1.png\",\"width\":1024,\"height\":75,\"caption\":\"MousePad24.eu\"},\"image\":{\"@id\":\"https:\\\/\\\/mousepad24.eu\\\/#\\\/schema\\\/logo\\\/image\\\/\"},\"sameAs\":[\"https:\\\/\\\/www.facebook.com\\\/mousepad24\\\/\",\"https:\\\/\\\/www.instagram.com\\\/mousepad24.eu\\\/\",\"https:\\\/\\\/www.linkedin.com\\\/company\\\/podkladki24-mousepad24\\\/\"]}]}<\/script>\n<!-- \/ Yoast SEO plugin. -->","yoast_head_json":{"title":"Financement 43 117,70 PLN - MousePad24.eu","robots":{"index":"index","follow":"follow","max-snippet":"max-snippet:-1","max-image-preview":"max-image-preview:large","max-video-preview":"max-video-preview:-1"},"og_locale":"fr_FR","og_type":"article","og_title":"Financement 43 117,70 PLN - MousePad24.eu","og_description":"Dans le cadre du projet : &#8220;D\u00e9veloppement de l&#8217;entreprise par l&#8217;internationalisation et l&#8217;introduction de produits publicitaires sur les march\u00e9s \u00e9trangers&#8221;, nous avons particip\u00e9 aux foires commerciales suivantes : Dans le cadre du projet : &#8220;D\u00e9veloppement de l&#8217;entreprise par l&#8217;internationalisation et l&#8217;introduction de produits publicitaires sur les march\u00e9s \u00e9trangers &#8211; phase II&#8221;. notre soci\u00e9t\u00e9 a pr\u00e9sent\u00e9 [&hellip;]","og_url":"https:\/\/mousepad24.eu\/fr\/financement-2\/financement-43-11770-pln\/","og_site_name":"MousePad24.eu","article_publisher":"https:\/\/www.facebook.com\/mousepad24\/","article_modified_time":"2025-07-16T10:46:50+00:00","og_image":[{"url":"https:\/\/mousepad24.eu\/wp-content\/uploads\/2025\/03\/FE_plakat_A3_lubelskie_Anita_Makarska-Gurgacz_etap_II.jpg","type":"","width":"","height":""}],"twitter_card":"summary_large_image","schema":{"@context":"https:\/\/schema.org","@graph":[{"@type":"WebPage","@id":"https:\/\/mousepad24.eu\/fr\/financement-2\/financement-43-11770-pln\/","url":"https:\/\/mousepad24.eu\/fr\/financement-2\/financement-43-11770-pln\/","name":"Financement 43 117,70 PLN - MousePad24.eu","isPartOf":{"@id":"https:\/\/mousepad24.eu\/#website"},"primaryImageOfPage":{"@id":"https:\/\/mousepad24.eu\/fr\/financement-2\/financement-43-11770-pln\/#primaryimage"},"image":{"@id":"https:\/\/mousepad24.eu\/fr\/financement-2\/financement-43-11770-pln\/#primaryimage"},"thumbnailUrl":"https:\/\/mousepad24.eu\/wp-content\/uploads\/2025\/03\/FE_plakat_A3_lubelskie_Anita_Makarska-Gurgacz_etap_II.jpg","datePublished":"2025-03-07T18:35:21+00:00","dateModified":"2025-07-16T10:46:50+00:00","breadcrumb":{"@id":"https:\/\/mousepad24.eu\/fr\/financement-2\/financement-43-11770-pln\/#breadcrumb"},"inLanguage":"fr-FR","potentialAction":[{"@type":"ReadAction","target":["https:\/\/mousepad24.eu\/fr\/financement-2\/financement-43-11770-pln\/"]}]},{"@type":"ImageObject","inLanguage":"fr-FR","@id":"https:\/\/mousepad24.eu\/fr\/financement-2\/financement-43-11770-pln\/#primaryimage","url":"https:\/\/mousepad24.eu\/wp-content\/uploads\/2025\/03\/FE_plakat_A3_lubelskie_Anita_Makarska-Gurgacz_etap_II.jpg","contentUrl":"https:\/\/mousepad24.eu\/wp-content\/uploads\/2025\/03\/FE_plakat_A3_lubelskie_Anita_Makarska-Gurgacz_etap_II.jpg"},{"@type":"BreadcrumbList","@id":"https:\/\/mousepad24.eu\/fr\/financement-2\/financement-43-11770-pln\/#breadcrumb","itemListElement":[{"@type":"ListItem","position":1,"name":"Page d'accueil","item":"https:\/\/mousepad24.eu\/fr\/"},{"@type":"ListItem","position":2,"name":"Financement","item":"https:\/\/mousepad24.eu\/fr\/financement-2\/"},{"@type":"ListItem","position":3,"name":"Financement 43 117,70 PLN"}]},{"@type":"WebSite","@id":"https:\/\/mousepad24.eu\/#website","url":"https:\/\/mousepad24.eu\/","name":"MousePad24.eu","description":"Personalizowane podk\u0142adki pod mysz","publisher":{"@id":"https:\/\/mousepad24.eu\/#organization"},"potentialAction":[{"@type":"SearchAction","target":{"@type":"EntryPoint","urlTemplate":"https:\/\/mousepad24.eu\/?s={search_term_string}"},"query-input":{"@type":"PropertyValueSpecification","valueRequired":true,"valueName":"search_term_string"}}],"inLanguage":"fr-FR"},{"@type":"Organization","@id":"https:\/\/mousepad24.eu\/#organization","name":"MousePad24.eu","url":"https:\/\/mousepad24.eu\/","logo":{"@type":"ImageObject","inLanguage":"fr-FR","@id":"https:\/\/mousepad24.eu\/#\/schema\/logo\/image\/","url":"https:\/\/mousepad24.eu\/wp-content\/uploads\/2022\/12\/MOUSEPAD24_logo_curv_OK-1.png","contentUrl":"https:\/\/mousepad24.eu\/wp-content\/uploads\/2022\/12\/MOUSEPAD24_logo_curv_OK-1.png","width":1024,"height":75,"caption":"MousePad24.eu"},"image":{"@id":"https:\/\/mousepad24.eu\/#\/schema\/logo\/image\/"},"sameAs":["https:\/\/www.facebook.com\/mousepad24\/","https:\/\/www.instagram.com\/mousepad24.eu\/","https:\/\/www.linkedin.com\/company\/podkladki24-mousepad24\/"]}]}},"_links":{"self":[{"href":"https:\/\/mousepad24.eu\/fr\/wp-json\/wp\/v2\/pages\/65738","targetHints":{"allow":["GET"]}}],"collection":[{"href":"https:\/\/mousepad24.eu\/fr\/wp-json\/wp\/v2\/pages"}],"about":[{"href":"https:\/\/mousepad24.eu\/fr\/wp-json\/wp\/v2\/types\/page"}],"author":[{"embeddable":true,"href":"https:\/\/mousepad24.eu\/fr\/wp-json\/wp\/v2\/users\/102"}],"replies":[{"embeddable":true,"href":"https:\/\/mousepad24.eu\/fr\/wp-json\/wp\/v2\/comments?post=65738"}],"version-history":[{"count":0,"href":"https:\/\/mousepad24.eu\/fr\/wp-json\/wp\/v2\/pages\/65738\/revisions"}],"up":[{"embeddable":true,"href":"https:\/\/mousepad24.eu\/fr\/wp-json\/wp\/v2\/pages\/65746"}],"wp:attachment":[{"href":"https:\/\/mousepad24.eu\/fr\/wp-json\/wp\/v2\/media?parent=65738"}],"curies":[{"name":"wp","href":"https:\/\/api.w.org\/{rel}","templated":true}]}}