{"id":54820,"date":"2023-04-25T18:18:31","date_gmt":"2023-04-25T16:18:31","guid":{"rendered":"https:\/\/jnpnki27nc.onrocket.site\/produkt\/tampon-de-gel-transparent-tmp-04\/"},"modified":"2026-03-24T12:18:01","modified_gmt":"2026-03-24T11:18:01","slug":"tmp-04-pl","status":"publish","type":"product","link":"https:\/\/mousepad24.eu\/fr\/produkt\/tmp-04-pl\/","title":{"rendered":"Tapis de souris \/TMP (04)\/"},"content":{"rendered":"","protected":false},"excerpt":{"rendered":"<div class=\"messageAndButtonWrapper\">\n<div class=\"messageWrapperText \">\n<div id=\"message-text-105269\" class=\"messageText\">Tapis de souris et de poignet en mat\u00e9riau transparent. Elle poss\u00e8de une surface facile \u00e0 nettoyer et agr\u00e9able au toucher. La base antid\u00e9rapante emp\u00eache le coussin de glisser sur le bureau. C&#8217;est un produit haut de gamme qui offre le meilleur soutien pour la main. Le tapis de souris a une forme universelle adapt\u00e9e aux droitiers comme aux gauchers.<br \/>\nLa grande surface du tapis permet une large gamme de mouvements de la souris. Il est d\u00e9di\u00e9 aux personnes qui appr\u00e9cient un \u00e9quipement professionnel de la plus haute qualit\u00e9 et qui souhaitent donner \u00e0 leur int\u00e9rieur un caract\u00e8re moderne, voire futuriste.  <\/div>\n<\/div>\n<\/div>\n","protected":false},"featured_media":54821,"template":"","meta":[],"product_brand":[],"product_cat":[885],"product_tag":[1726,1299,1473,1744,1742,1746,1740,1745,1728,983,1725,984,1734,1738,1750,1731,1357,1743],"class_list":{"0":"post-54820","1":"product","2":"type-product","3":"status-publish","4":"has-post-thumbnail","6":"product_cat-tapis-de-souris-en-gel-transparent","7":"product_tag-accessoires-de-bureau","8":"product_tag-accessoires-informatiques","9":"product_tag-gadget-publicitaire","10":"product_tag-pour-jeux-video","11":"product_tag-pour-le-bureau","12":"product_tag-pour-le-travail-sur-ordinateur","13":"product_tag-pour-les-gamers","14":"product_tag-pour-ordinateur-portable","15":"product_tag-tapis-de-bureau-2","16":"product_tag-tapis-de-souris","17":"product_tag-tapis-de-souris-2","18":"product_tag-tapis-de-souris-avec-impression","19":"product_tag-tapis-de-souris-avec-impression-personnalisee","20":"product_tag-tapis-de-souris-dentreprise","21":"product_tag-tapis-de-souris-par-sublimation","22":"product_tag-tapis-de-souris-personnalise-2","23":"product_tag-tapis-publicitaire","24":"product_tag-teletravail","25":"fpd-variation-needed","27":"first","28":"instock","29":"taxable","30":"shipping-taxable","31":"purchasable","32":"product-type-variable"},"yoast_head":"<!-- This site is optimized with the Yoast SEO plugin v27.3 - https:\/\/yoast.com\/product\/yoast-seo-wordpress\/ -->\n<title>Tapis de souris \/TMP (04)\/ - MousePad24.eu<\/title>\n<meta name=\"robots\" content=\"index, follow, max-snippet:-1, max-image-preview:large, max-video-preview:-1\" \/>\n<meta property=\"og:locale\" content=\"fr_FR\" \/>\n<meta property=\"og:type\" content=\"article\" \/>\n<meta property=\"og:title\" content=\"Tapis de souris \/TMP (04)\/ - MousePad24.eu\" \/>\n<meta property=\"og:description\" content=\"Tapis de souris et de poignet en mat\u00e9riau transparent. Elle poss\u00e8de une surface facile \u00e0 nettoyer et agr\u00e9able au toucher. La base antid\u00e9rapante emp\u00eache le coussin de glisser sur le bureau. C&#039;est un produit haut de gamme qui offre le meilleur soutien pour la main. Le tapis de souris a une forme universelle adapt\u00e9e aux droitiers comme aux gauchers. La grande surface du tapis permet une large gamme de mouvements de la souris. Il est d\u00e9di\u00e9 aux personnes qui appr\u00e9cient un \u00e9quipement professionnel de la plus haute qualit\u00e9 et qui souhaitent donner \u00e0 leur int\u00e9rieur un caract\u00e8re moderne, voire futuriste.\" \/>\n<meta property=\"og:url\" content=\"https:\/\/mousepad24.eu\/fr\/produkt\/tmp-04-pl\/\" \/>\n<meta property=\"og:site_name\" content=\"MousePad24.eu\" \/>\n<meta property=\"article:publisher\" content=\"https:\/\/www.facebook.com\/mousepad24\/\" \/>\n<meta property=\"article:modified_time\" content=\"2026-03-24T11:18:01+00:00\" \/>\n<meta property=\"og:image\" content=\"https:\/\/mousepad24.eu\/wp-content\/uploads\/2023\/04\/tmp_04-2.webp\" \/>\n\t<meta property=\"og:image:width\" content=\"2560\" \/>\n\t<meta property=\"og:image:height\" content=\"2560\" \/>\n\t<meta property=\"og:image:type\" content=\"image\/webp\" \/>\n<meta name=\"twitter:card\" content=\"summary_large_image\" \/>\n<meta name=\"twitter:label1\" content=\"Dur\u00e9e de lecture estim\u00e9e\" \/>\n\t<meta name=\"twitter:data1\" content=\"1 minute\" \/>\n<script type=\"application\/ld+json\" class=\"yoast-schema-graph\">{\"@context\":\"https:\\\/\\\/schema.org\",\"@graph\":[{\"@type\":\"WebPage\",\"@id\":\"https:\\\/\\\/mousepad24.eu\\\/fr\\\/produkt\\\/tmp-04-pl\\\/\",\"url\":\"https:\\\/\\\/mousepad24.eu\\\/fr\\\/produkt\\\/tmp-04-pl\\\/\",\"name\":\"Tapis de souris \\\/TMP (04)\\\/ - MousePad24.eu\",\"isPartOf\":{\"@id\":\"https:\\\/\\\/mousepad24.eu\\\/#website\"},\"primaryImageOfPage\":{\"@id\":\"https:\\\/\\\/mousepad24.eu\\\/fr\\\/produkt\\\/tmp-04-pl\\\/#primaryimage\"},\"image\":{\"@id\":\"https:\\\/\\\/mousepad24.eu\\\/fr\\\/produkt\\\/tmp-04-pl\\\/#primaryimage\"},\"thumbnailUrl\":\"https:\\\/\\\/mousepad24.eu\\\/wp-content\\\/uploads\\\/2023\\\/04\\\/tmp_04-2.webp\",\"datePublished\":\"2023-04-25T16:18:31+00:00\",\"dateModified\":\"2026-03-24T11:18:01+00:00\",\"breadcrumb\":{\"@id\":\"https:\\\/\\\/mousepad24.eu\\\/fr\\\/produkt\\\/tmp-04-pl\\\/#breadcrumb\"},\"inLanguage\":\"fr-FR\",\"potentialAction\":[{\"@type\":\"ReadAction\",\"target\":[\"https:\\\/\\\/mousepad24.eu\\\/fr\\\/produkt\\\/tmp-04-pl\\\/\"]}]},{\"@type\":\"ImageObject\",\"inLanguage\":\"fr-FR\",\"@id\":\"https:\\\/\\\/mousepad24.eu\\\/fr\\\/produkt\\\/tmp-04-pl\\\/#primaryimage\",\"url\":\"https:\\\/\\\/mousepad24.eu\\\/wp-content\\\/uploads\\\/2023\\\/04\\\/tmp_04-2.webp\",\"contentUrl\":\"https:\\\/\\\/mousepad24.eu\\\/wp-content\\\/uploads\\\/2023\\\/04\\\/tmp_04-2.webp\",\"width\":2560,\"height\":2560},{\"@type\":\"BreadcrumbList\",\"@id\":\"https:\\\/\\\/mousepad24.eu\\\/fr\\\/produkt\\\/tmp-04-pl\\\/#breadcrumb\",\"itemListElement\":[{\"@type\":\"ListItem\",\"position\":1,\"name\":\"Page d'accueil\",\"item\":\"https:\\\/\\\/mousepad24.eu\\\/fr\\\/\"},{\"@type\":\"ListItem\",\"position\":2,\"name\":\"Boutique\",\"item\":\"https:\\\/\\\/mousepad24.eu\\\/fr\\\/\"},{\"@type\":\"ListItem\",\"position\":3,\"name\":\"Tapis de souris \\\/TMP (04)\\\/\"}]},{\"@type\":\"WebSite\",\"@id\":\"https:\\\/\\\/mousepad24.eu\\\/#website\",\"url\":\"https:\\\/\\\/mousepad24.eu\\\/\",\"name\":\"MousePad24.eu\",\"description\":\"Personalizowane podk\u0142adki pod mysz\",\"publisher\":{\"@id\":\"https:\\\/\\\/mousepad24.eu\\\/#organization\"},\"potentialAction\":[{\"@type\":\"SearchAction\",\"target\":{\"@type\":\"EntryPoint\",\"urlTemplate\":\"https:\\\/\\\/mousepad24.eu\\\/?s={search_term_string}\"},\"query-input\":{\"@type\":\"PropertyValueSpecification\",\"valueRequired\":true,\"valueName\":\"search_term_string\"}}],\"inLanguage\":\"fr-FR\"},{\"@type\":\"Organization\",\"@id\":\"https:\\\/\\\/mousepad24.eu\\\/#organization\",\"name\":\"MousePad24.eu\",\"url\":\"https:\\\/\\\/mousepad24.eu\\\/\",\"logo\":{\"@type\":\"ImageObject\",\"inLanguage\":\"fr-FR\",\"@id\":\"https:\\\/\\\/mousepad24.eu\\\/#\\\/schema\\\/logo\\\/image\\\/\",\"url\":\"https:\\\/\\\/mousepad24.eu\\\/wp-content\\\/uploads\\\/2022\\\/12\\\/MOUSEPAD24_logo_curv_OK-1.png\",\"contentUrl\":\"https:\\\/\\\/mousepad24.eu\\\/wp-content\\\/uploads\\\/2022\\\/12\\\/MOUSEPAD24_logo_curv_OK-1.png\",\"width\":1024,\"height\":75,\"caption\":\"MousePad24.eu\"},\"image\":{\"@id\":\"https:\\\/\\\/mousepad24.eu\\\/#\\\/schema\\\/logo\\\/image\\\/\"},\"sameAs\":[\"https:\\\/\\\/www.facebook.com\\\/mousepad24\\\/\",\"https:\\\/\\\/www.instagram.com\\\/mousepad24.eu\\\/\",\"https:\\\/\\\/www.linkedin.com\\\/company\\\/podkladki24-mousepad24\\\/\"]}]}<\/script>\n<!-- \/ Yoast SEO plugin. -->","yoast_head_json":{"title":"Tapis de souris \/TMP (04)\/ - MousePad24.eu","robots":{"index":"index","follow":"follow","max-snippet":"max-snippet:-1","max-image-preview":"max-image-preview:large","max-video-preview":"max-video-preview:-1"},"og_locale":"fr_FR","og_type":"article","og_title":"Tapis de souris \/TMP (04)\/ - MousePad24.eu","og_description":"Tapis de souris et de poignet en mat\u00e9riau transparent. Elle poss\u00e8de une surface facile \u00e0 nettoyer et agr\u00e9able au toucher. La base antid\u00e9rapante emp\u00eache le coussin de glisser sur le bureau. C'est un produit haut de gamme qui offre le meilleur soutien pour la main. Le tapis de souris a une forme universelle adapt\u00e9e aux droitiers comme aux gauchers. La grande surface du tapis permet une large gamme de mouvements de la souris. Il est d\u00e9di\u00e9 aux personnes qui appr\u00e9cient un \u00e9quipement professionnel de la plus haute qualit\u00e9 et qui souhaitent donner \u00e0 leur int\u00e9rieur un caract\u00e8re moderne, voire futuriste.","og_url":"https:\/\/mousepad24.eu\/fr\/produkt\/tmp-04-pl\/","og_site_name":"MousePad24.eu","article_publisher":"https:\/\/www.facebook.com\/mousepad24\/","article_modified_time":"2026-03-24T11:18:01+00:00","og_image":[{"width":2560,"height":2560,"url":"https:\/\/mousepad24.eu\/wp-content\/uploads\/2023\/04\/tmp_04-2.webp","type":"image\/webp"}],"twitter_card":"summary_large_image","twitter_misc":{"Dur\u00e9e de lecture estim\u00e9e":"1 minute"},"schema":{"@context":"https:\/\/schema.org","@graph":[{"@type":"WebPage","@id":"https:\/\/mousepad24.eu\/fr\/produkt\/tmp-04-pl\/","url":"https:\/\/mousepad24.eu\/fr\/produkt\/tmp-04-pl\/","name":"Tapis de souris \/TMP (04)\/ - MousePad24.eu","isPartOf":{"@id":"https:\/\/mousepad24.eu\/#website"},"primaryImageOfPage":{"@id":"https:\/\/mousepad24.eu\/fr\/produkt\/tmp-04-pl\/#primaryimage"},"image":{"@id":"https:\/\/mousepad24.eu\/fr\/produkt\/tmp-04-pl\/#primaryimage"},"thumbnailUrl":"https:\/\/mousepad24.eu\/wp-content\/uploads\/2023\/04\/tmp_04-2.webp","datePublished":"2023-04-25T16:18:31+00:00","dateModified":"2026-03-24T11:18:01+00:00","breadcrumb":{"@id":"https:\/\/mousepad24.eu\/fr\/produkt\/tmp-04-pl\/#breadcrumb"},"inLanguage":"fr-FR","potentialAction":[{"@type":"ReadAction","target":["https:\/\/mousepad24.eu\/fr\/produkt\/tmp-04-pl\/"]}]},{"@type":"ImageObject","inLanguage":"fr-FR","@id":"https:\/\/mousepad24.eu\/fr\/produkt\/tmp-04-pl\/#primaryimage","url":"https:\/\/mousepad24.eu\/wp-content\/uploads\/2023\/04\/tmp_04-2.webp","contentUrl":"https:\/\/mousepad24.eu\/wp-content\/uploads\/2023\/04\/tmp_04-2.webp","width":2560,"height":2560},{"@type":"BreadcrumbList","@id":"https:\/\/mousepad24.eu\/fr\/produkt\/tmp-04-pl\/#breadcrumb","itemListElement":[{"@type":"ListItem","position":1,"name":"Page d'accueil","item":"https:\/\/mousepad24.eu\/fr\/"},{"@type":"ListItem","position":2,"name":"Boutique","item":"https:\/\/mousepad24.eu\/fr\/"},{"@type":"ListItem","position":3,"name":"Tapis de souris \/TMP (04)\/"}]},{"@type":"WebSite","@id":"https:\/\/mousepad24.eu\/#website","url":"https:\/\/mousepad24.eu\/","name":"MousePad24.eu","description":"Personalizowane podk\u0142adki pod mysz","publisher":{"@id":"https:\/\/mousepad24.eu\/#organization"},"potentialAction":[{"@type":"SearchAction","target":{"@type":"EntryPoint","urlTemplate":"https:\/\/mousepad24.eu\/?s={search_term_string}"},"query-input":{"@type":"PropertyValueSpecification","valueRequired":true,"valueName":"search_term_string"}}],"inLanguage":"fr-FR"},{"@type":"Organization","@id":"https:\/\/mousepad24.eu\/#organization","name":"MousePad24.eu","url":"https:\/\/mousepad24.eu\/","logo":{"@type":"ImageObject","inLanguage":"fr-FR","@id":"https:\/\/mousepad24.eu\/#\/schema\/logo\/image\/","url":"https:\/\/mousepad24.eu\/wp-content\/uploads\/2022\/12\/MOUSEPAD24_logo_curv_OK-1.png","contentUrl":"https:\/\/mousepad24.eu\/wp-content\/uploads\/2022\/12\/MOUSEPAD24_logo_curv_OK-1.png","width":1024,"height":75,"caption":"MousePad24.eu"},"image":{"@id":"https:\/\/mousepad24.eu\/#\/schema\/logo\/image\/"},"sameAs":["https:\/\/www.facebook.com\/mousepad24\/","https:\/\/www.instagram.com\/mousepad24.eu\/","https:\/\/www.linkedin.com\/company\/podkladki24-mousepad24\/"]}]}},"_links":{"self":[{"href":"https:\/\/mousepad24.eu\/fr\/wp-json\/wp\/v2\/product\/54820","targetHints":{"allow":["GET"]}}],"collection":[{"href":"https:\/\/mousepad24.eu\/fr\/wp-json\/wp\/v2\/product"}],"about":[{"href":"https:\/\/mousepad24.eu\/fr\/wp-json\/wp\/v2\/types\/product"}],"wp:featuredmedia":[{"embeddable":true,"href":"https:\/\/mousepad24.eu\/fr\/wp-json\/wp\/v2\/media\/54821"}],"wp:attachment":[{"href":"https:\/\/mousepad24.eu\/fr\/wp-json\/wp\/v2\/media?parent=54820"}],"wp:term":[{"taxonomy":"product_brand","embeddable":true,"href":"https:\/\/mousepad24.eu\/fr\/wp-json\/wp\/v2\/product_brand?post=54820"},{"taxonomy":"product_cat","embeddable":true,"href":"https:\/\/mousepad24.eu\/fr\/wp-json\/wp\/v2\/product_cat?post=54820"},{"taxonomy":"product_tag","embeddable":true,"href":"https:\/\/mousepad24.eu\/fr\/wp-json\/wp\/v2\/product_tag?post=54820"}],"curies":[{"name":"wp","href":"https:\/\/api.w.org\/{rel}","templated":true}]}}