{"id":54836,"date":"2023-04-18T12:22:45","date_gmt":"2023-04-18T10:22:45","guid":{"rendered":"https:\/\/jnpnki27nc.onrocket.site\/produkt\/coussinet-soude-a-trois-couches-p3s\/"},"modified":"2026-03-04T12:43:00","modified_gmt":"2026-03-04T11:43:00","slug":"p3s-pl","status":"publish","type":"product","link":"https:\/\/mousepad24.eu\/fr\/produkt\/p3s-pl\/","title":{"rendered":"Coussinet soud\u00e9 \u00e0 trois couches (P3S)"},"content":{"rendered":"","protected":false},"excerpt":{"rendered":"<p>Tapis de souris soud\u00e9 \u00e0 trois couches avec impression sur insert en carton.<\/p>\n<p><strong>Surface :<\/strong> film PVC textur\u00e9 0,3 mm, compatible avec les souris optiques et laser.<br \/>\n<strong>Centre :<\/strong> insert en carton imprim\u00e9 en quadrichromie. L&#8217;impression num\u00e9rique permet de r\u00e9aliser des designs tr\u00e8s d\u00e9taill\u00e9s avec une excellente reproduction des couleurs.<br \/>\n<strong>Dessous :<\/strong> mousse antid\u00e9rapante PVC 1,2 mm grise.<\/p>\n<p>Bord soud\u00e9, soudure blanche. Assemblage durable et esth\u00e9tique. <\/p>\n<p>Tapis de souris PVC classique dans une version moderne. Produit fabriqu\u00e9 avec des mat\u00e9riaux de la plus haute qualit\u00e9 et durabilit\u00e9. <\/p>\n<p>L&#8217;avantage de ce produit est son nettoyage facile. Le tapis peut \u00eatre essuy\u00e9 avec un chiffon humide et d\u00e9sinfect\u00e9. <\/p>\n","protected":false},"featured_media":54848,"template":"","meta":[],"product_brand":[],"product_cat":[889],"product_tag":[1590,1591,1587,1681,1482,1588,1589],"class_list":{"0":"post-54836","1":"product","2":"type-product","3":"status-publish","4":"has-post-thumbnail","6":"product_cat-sous-main-en-pvc","7":"product_tag-meilleur-tapis-de-souris","8":"product_tag-gadgets-publicitaires","9":"product_tag-tapis-de-souris-avec-impression-publicitaire","10":"product_tag-tapis-de-souris-avec-impression-publicitaire-3","11":"product_tag-tapis-de-souris-colore","12":"product_tag-tapis-de-souris-de-haute-qualite","13":"product_tag-tapis-de-souris-professionnel","14":"fpd-variation-needed","16":"first","17":"instock","18":"taxable","19":"shipping-taxable","20":"purchasable","21":"product-type-variable"},"yoast_head":"<!-- This site is optimized with the Yoast SEO plugin v27.3 - https:\/\/yoast.com\/product\/yoast-seo-wordpress\/ -->\n<title>Coussinet soud\u00e9 \u00e0 trois couches (P3S) - MousePad24.eu<\/title>\n<meta name=\"robots\" content=\"index, follow, max-snippet:-1, max-image-preview:large, max-video-preview:-1\" \/>\n<meta property=\"og:locale\" content=\"fr_FR\" \/>\n<meta property=\"og:type\" content=\"article\" \/>\n<meta property=\"og:title\" content=\"Coussinet soud\u00e9 \u00e0 trois couches (P3S) - MousePad24.eu\" \/>\n<meta property=\"og:description\" content=\"Tapis de souris soud\u00e9 \u00e0 trois couches avec impression sur insert en carton. Surface : film PVC textur\u00e9 0,3 mm, compatible avec les souris optiques et laser. Centre : insert en carton imprim\u00e9 en quadrichromie. L&#039;impression num\u00e9rique permet de r\u00e9aliser des designs tr\u00e8s d\u00e9taill\u00e9s avec une excellente reproduction des couleurs. Dessous : mousse antid\u00e9rapante PVC 1,2 mm grise. Bord soud\u00e9, soudure blanche. Assemblage durable et esth\u00e9tique.  Tapis de souris PVC classique dans une version moderne. Produit fabriqu\u00e9 avec des mat\u00e9riaux de la plus haute qualit\u00e9 et durabilit\u00e9.  L&#039;avantage de ce produit est son nettoyage facile. Le tapis peut \u00eatre essuy\u00e9 avec un chiffon humide et d\u00e9sinfect\u00e9.\" \/>\n<meta property=\"og:url\" content=\"https:\/\/mousepad24.eu\/fr\/produkt\/p3s-pl\/\" \/>\n<meta property=\"og:site_name\" content=\"MousePad24.eu\" \/>\n<meta property=\"article:publisher\" content=\"https:\/\/www.facebook.com\/mousepad24\/\" \/>\n<meta property=\"article:modified_time\" content=\"2026-03-04T11:43:00+00:00\" \/>\n<meta property=\"og:image\" content=\"https:\/\/mousepad24.eu\/wp-content\/uploads\/2023\/04\/P3_S_blanc.webp\" \/>\n\t<meta property=\"og:image:width\" content=\"2560\" \/>\n\t<meta property=\"og:image:height\" content=\"2560\" \/>\n\t<meta property=\"og:image:type\" content=\"image\/webp\" \/>\n<meta name=\"twitter:card\" content=\"summary_large_image\" \/>\n<meta name=\"twitter:label1\" content=\"Dur\u00e9e de lecture estim\u00e9e\" \/>\n\t<meta name=\"twitter:data1\" content=\"1 minute\" \/>\n<script type=\"application\/ld+json\" class=\"yoast-schema-graph\">{\"@context\":\"https:\\\/\\\/schema.org\",\"@graph\":[{\"@type\":\"WebPage\",\"@id\":\"https:\\\/\\\/mousepad24.eu\\\/fr\\\/produkt\\\/p3s-pl\\\/\",\"url\":\"https:\\\/\\\/mousepad24.eu\\\/fr\\\/produkt\\\/p3s-pl\\\/\",\"name\":\"Coussinet soud\u00e9 \u00e0 trois couches (P3S) - MousePad24.eu\",\"isPartOf\":{\"@id\":\"https:\\\/\\\/mousepad24.eu\\\/#website\"},\"primaryImageOfPage\":{\"@id\":\"https:\\\/\\\/mousepad24.eu\\\/fr\\\/produkt\\\/p3s-pl\\\/#primaryimage\"},\"image\":{\"@id\":\"https:\\\/\\\/mousepad24.eu\\\/fr\\\/produkt\\\/p3s-pl\\\/#primaryimage\"},\"thumbnailUrl\":\"https:\\\/\\\/mousepad24.eu\\\/wp-content\\\/uploads\\\/2023\\\/04\\\/P3_S_blanc.webp\",\"datePublished\":\"2023-04-18T10:22:45+00:00\",\"dateModified\":\"2026-03-04T11:43:00+00:00\",\"breadcrumb\":{\"@id\":\"https:\\\/\\\/mousepad24.eu\\\/fr\\\/produkt\\\/p3s-pl\\\/#breadcrumb\"},\"inLanguage\":\"fr-FR\",\"potentialAction\":[{\"@type\":\"ReadAction\",\"target\":[\"https:\\\/\\\/mousepad24.eu\\\/fr\\\/produkt\\\/p3s-pl\\\/\"]}]},{\"@type\":\"ImageObject\",\"inLanguage\":\"fr-FR\",\"@id\":\"https:\\\/\\\/mousepad24.eu\\\/fr\\\/produkt\\\/p3s-pl\\\/#primaryimage\",\"url\":\"https:\\\/\\\/mousepad24.eu\\\/wp-content\\\/uploads\\\/2023\\\/04\\\/P3_S_blanc.webp\",\"contentUrl\":\"https:\\\/\\\/mousepad24.eu\\\/wp-content\\\/uploads\\\/2023\\\/04\\\/P3_S_blanc.webp\",\"width\":2560,\"height\":2560},{\"@type\":\"BreadcrumbList\",\"@id\":\"https:\\\/\\\/mousepad24.eu\\\/fr\\\/produkt\\\/p3s-pl\\\/#breadcrumb\",\"itemListElement\":[{\"@type\":\"ListItem\",\"position\":1,\"name\":\"Page d'accueil\",\"item\":\"https:\\\/\\\/mousepad24.eu\\\/fr\\\/\"},{\"@type\":\"ListItem\",\"position\":2,\"name\":\"Boutique\",\"item\":\"https:\\\/\\\/mousepad24.eu\\\/fr\\\/\"},{\"@type\":\"ListItem\",\"position\":3,\"name\":\"Coussinet soud\u00e9 \u00e0 trois couches (P3S)\"}]},{\"@type\":\"WebSite\",\"@id\":\"https:\\\/\\\/mousepad24.eu\\\/#website\",\"url\":\"https:\\\/\\\/mousepad24.eu\\\/\",\"name\":\"MousePad24.eu\",\"description\":\"Personalizowane podk\u0142adki pod mysz\",\"publisher\":{\"@id\":\"https:\\\/\\\/mousepad24.eu\\\/#organization\"},\"potentialAction\":[{\"@type\":\"SearchAction\",\"target\":{\"@type\":\"EntryPoint\",\"urlTemplate\":\"https:\\\/\\\/mousepad24.eu\\\/?s={search_term_string}\"},\"query-input\":{\"@type\":\"PropertyValueSpecification\",\"valueRequired\":true,\"valueName\":\"search_term_string\"}}],\"inLanguage\":\"fr-FR\"},{\"@type\":\"Organization\",\"@id\":\"https:\\\/\\\/mousepad24.eu\\\/#organization\",\"name\":\"MousePad24.eu\",\"url\":\"https:\\\/\\\/mousepad24.eu\\\/\",\"logo\":{\"@type\":\"ImageObject\",\"inLanguage\":\"fr-FR\",\"@id\":\"https:\\\/\\\/mousepad24.eu\\\/#\\\/schema\\\/logo\\\/image\\\/\",\"url\":\"https:\\\/\\\/mousepad24.eu\\\/wp-content\\\/uploads\\\/2022\\\/12\\\/MOUSEPAD24_logo_curv_OK-1.png\",\"contentUrl\":\"https:\\\/\\\/mousepad24.eu\\\/wp-content\\\/uploads\\\/2022\\\/12\\\/MOUSEPAD24_logo_curv_OK-1.png\",\"width\":1024,\"height\":75,\"caption\":\"MousePad24.eu\"},\"image\":{\"@id\":\"https:\\\/\\\/mousepad24.eu\\\/#\\\/schema\\\/logo\\\/image\\\/\"},\"sameAs\":[\"https:\\\/\\\/www.facebook.com\\\/mousepad24\\\/\",\"https:\\\/\\\/www.instagram.com\\\/mousepad24.eu\\\/\",\"https:\\\/\\\/www.linkedin.com\\\/company\\\/podkladki24-mousepad24\\\/\"]}]}<\/script>\n<!-- \/ Yoast SEO plugin. -->","yoast_head_json":{"title":"Coussinet soud\u00e9 \u00e0 trois couches (P3S) - MousePad24.eu","robots":{"index":"index","follow":"follow","max-snippet":"max-snippet:-1","max-image-preview":"max-image-preview:large","max-video-preview":"max-video-preview:-1"},"og_locale":"fr_FR","og_type":"article","og_title":"Coussinet soud\u00e9 \u00e0 trois couches (P3S) - MousePad24.eu","og_description":"Tapis de souris soud\u00e9 \u00e0 trois couches avec impression sur insert en carton. Surface : film PVC textur\u00e9 0,3 mm, compatible avec les souris optiques et laser. Centre : insert en carton imprim\u00e9 en quadrichromie. L'impression num\u00e9rique permet de r\u00e9aliser des designs tr\u00e8s d\u00e9taill\u00e9s avec une excellente reproduction des couleurs. Dessous : mousse antid\u00e9rapante PVC 1,2 mm grise. Bord soud\u00e9, soudure blanche. Assemblage durable et esth\u00e9tique.  Tapis de souris PVC classique dans une version moderne. Produit fabriqu\u00e9 avec des mat\u00e9riaux de la plus haute qualit\u00e9 et durabilit\u00e9.  L'avantage de ce produit est son nettoyage facile. Le tapis peut \u00eatre essuy\u00e9 avec un chiffon humide et d\u00e9sinfect\u00e9.","og_url":"https:\/\/mousepad24.eu\/fr\/produkt\/p3s-pl\/","og_site_name":"MousePad24.eu","article_publisher":"https:\/\/www.facebook.com\/mousepad24\/","article_modified_time":"2026-03-04T11:43:00+00:00","og_image":[{"width":2560,"height":2560,"url":"https:\/\/mousepad24.eu\/wp-content\/uploads\/2023\/04\/P3_S_blanc.webp","type":"image\/webp"}],"twitter_card":"summary_large_image","twitter_misc":{"Dur\u00e9e de lecture estim\u00e9e":"1 minute"},"schema":{"@context":"https:\/\/schema.org","@graph":[{"@type":"WebPage","@id":"https:\/\/mousepad24.eu\/fr\/produkt\/p3s-pl\/","url":"https:\/\/mousepad24.eu\/fr\/produkt\/p3s-pl\/","name":"Coussinet soud\u00e9 \u00e0 trois couches (P3S) - MousePad24.eu","isPartOf":{"@id":"https:\/\/mousepad24.eu\/#website"},"primaryImageOfPage":{"@id":"https:\/\/mousepad24.eu\/fr\/produkt\/p3s-pl\/#primaryimage"},"image":{"@id":"https:\/\/mousepad24.eu\/fr\/produkt\/p3s-pl\/#primaryimage"},"thumbnailUrl":"https:\/\/mousepad24.eu\/wp-content\/uploads\/2023\/04\/P3_S_blanc.webp","datePublished":"2023-04-18T10:22:45+00:00","dateModified":"2026-03-04T11:43:00+00:00","breadcrumb":{"@id":"https:\/\/mousepad24.eu\/fr\/produkt\/p3s-pl\/#breadcrumb"},"inLanguage":"fr-FR","potentialAction":[{"@type":"ReadAction","target":["https:\/\/mousepad24.eu\/fr\/produkt\/p3s-pl\/"]}]},{"@type":"ImageObject","inLanguage":"fr-FR","@id":"https:\/\/mousepad24.eu\/fr\/produkt\/p3s-pl\/#primaryimage","url":"https:\/\/mousepad24.eu\/wp-content\/uploads\/2023\/04\/P3_S_blanc.webp","contentUrl":"https:\/\/mousepad24.eu\/wp-content\/uploads\/2023\/04\/P3_S_blanc.webp","width":2560,"height":2560},{"@type":"BreadcrumbList","@id":"https:\/\/mousepad24.eu\/fr\/produkt\/p3s-pl\/#breadcrumb","itemListElement":[{"@type":"ListItem","position":1,"name":"Page d'accueil","item":"https:\/\/mousepad24.eu\/fr\/"},{"@type":"ListItem","position":2,"name":"Boutique","item":"https:\/\/mousepad24.eu\/fr\/"},{"@type":"ListItem","position":3,"name":"Coussinet soud\u00e9 \u00e0 trois couches (P3S)"}]},{"@type":"WebSite","@id":"https:\/\/mousepad24.eu\/#website","url":"https:\/\/mousepad24.eu\/","name":"MousePad24.eu","description":"Personalizowane podk\u0142adki pod mysz","publisher":{"@id":"https:\/\/mousepad24.eu\/#organization"},"potentialAction":[{"@type":"SearchAction","target":{"@type":"EntryPoint","urlTemplate":"https:\/\/mousepad24.eu\/?s={search_term_string}"},"query-input":{"@type":"PropertyValueSpecification","valueRequired":true,"valueName":"search_term_string"}}],"inLanguage":"fr-FR"},{"@type":"Organization","@id":"https:\/\/mousepad24.eu\/#organization","name":"MousePad24.eu","url":"https:\/\/mousepad24.eu\/","logo":{"@type":"ImageObject","inLanguage":"fr-FR","@id":"https:\/\/mousepad24.eu\/#\/schema\/logo\/image\/","url":"https:\/\/mousepad24.eu\/wp-content\/uploads\/2022\/12\/MOUSEPAD24_logo_curv_OK-1.png","contentUrl":"https:\/\/mousepad24.eu\/wp-content\/uploads\/2022\/12\/MOUSEPAD24_logo_curv_OK-1.png","width":1024,"height":75,"caption":"MousePad24.eu"},"image":{"@id":"https:\/\/mousepad24.eu\/#\/schema\/logo\/image\/"},"sameAs":["https:\/\/www.facebook.com\/mousepad24\/","https:\/\/www.instagram.com\/mousepad24.eu\/","https:\/\/www.linkedin.com\/company\/podkladki24-mousepad24\/"]}]}},"_links":{"self":[{"href":"https:\/\/mousepad24.eu\/fr\/wp-json\/wp\/v2\/product\/54836","targetHints":{"allow":["GET"]}}],"collection":[{"href":"https:\/\/mousepad24.eu\/fr\/wp-json\/wp\/v2\/product"}],"about":[{"href":"https:\/\/mousepad24.eu\/fr\/wp-json\/wp\/v2\/types\/product"}],"wp:featuredmedia":[{"embeddable":true,"href":"https:\/\/mousepad24.eu\/fr\/wp-json\/wp\/v2\/media\/54848"}],"wp:attachment":[{"href":"https:\/\/mousepad24.eu\/fr\/wp-json\/wp\/v2\/media?parent=54836"}],"wp:term":[{"taxonomy":"product_brand","embeddable":true,"href":"https:\/\/mousepad24.eu\/fr\/wp-json\/wp\/v2\/product_brand?post=54836"},{"taxonomy":"product_cat","embeddable":true,"href":"https:\/\/mousepad24.eu\/fr\/wp-json\/wp\/v2\/product_cat?post=54836"},{"taxonomy":"product_tag","embeddable":true,"href":"https:\/\/mousepad24.eu\/fr\/wp-json\/wp\/v2\/product_tag?post=54836"}],"curies":[{"name":"wp","href":"https:\/\/api.w.org\/{rel}","templated":true}]}}