{"id":54882,"date":"2023-04-18T22:12:50","date_gmt":"2023-04-18T20:12:50","guid":{"rendered":"https:\/\/jnpnki27nc.onrocket.site\/produkt\/tampon-de-gel-transparent-tmp-02\/"},"modified":"2026-03-24T12:19:20","modified_gmt":"2026-03-24T11:19:20","slug":"tmp-02-pl","status":"publish","type":"product","link":"https:\/\/mousepad24.eu\/fr\/produkt\/tmp-02-pl\/","title":{"rendered":"Tapis de souris gel transparent \/TMP (02)\/"},"content":{"rendered":"<p>Le tapis de souris TMP (Transparent Mouse Pad) est un tapis de souris ergonomique et transparent, fabriqu\u00e9 \u00e0 partir de mat\u00e9riaux synth\u00e9tiques de haute qualit\u00e9, offrant \u00e0 la fois fonctionnalit\u00e9 et personnalisation compl\u00e8te de la surface de travail.<\/p>\n<h5 data-start=\"2211\" data-end=\"2237\">Un produit haut de gamme &#8211; alliant \u00e9l\u00e9gance et fonctionnalit\u00e9.<\/h5>\n<h4 data-start=\"2211\" data-end=\"2237\">\u2705 <strong data-start=\"2217\" data-end=\"2237\">Avantages du produit :<\/strong><\/h4>\n<ul data-start=\"2239\" data-end=\"2688\">\n<li data-start=\"2239\" data-end=\"2310\">\n<p data-start=\"2241\" data-end=\"2310\">\ud83d\udd12 <strong data-start=\"2244\" data-end=\"2259\">Stabilit\u00e9 :<\/strong> Base antid\u00e9rapante qui maintient le tapis en place<\/p>\n<\/li>\n<li data-start=\"2311\" data-end=\"2390\">\n<p data-start=\"2313\" data-end=\"2390\">\ud83c\udfaf <strong data-start=\"2316\" data-end=\"2329\">Pr\u00e9cision :<\/strong> <strong data-start=\"86\" data-end=\"151\">La surface du tapis est molet\u00e9e sous forme de micro-cavit\u00e9s<\/strong>, assurant une excellente pr\u00e9cision de suivi des mouvements de la souris et r\u00e9duisant les reflets lumineux. Cette structure am\u00e9liore le confort d&#8217;utilisation et augmente la durabilit\u00e9 du produit. <\/p>\n<\/li>\n<li data-start=\"2391\" data-end=\"2463\">\n<p data-start=\"2393\" data-end=\"2463\">\ud83d\udca7 <strong data-start=\"2396\" data-end=\"2419\">Hygi\u00e8ne et durabilit\u00e9 :<\/strong> Facile \u00e0 nettoyer, r\u00e9sistant aux salissures<\/p>\n<\/li>\n<li data-start=\"2464\" data-end=\"2537\">\n<p data-start=\"2466\" data-end=\"2537\">\ud83d\udda8\ufe0f <strong data-start=\"2470\" data-end=\"2482\">Impression UV :<\/strong> Haute qualit\u00e9 d&#8217;impression &#8211; id\u00e9ale pour le branding d&#8217;entreprise<\/p>\n<p><img fetchpriority=\"high\" decoding=\"async\" class=\"alignnone size-medium wp-image-67719\" src=\"https:\/\/mousepad24.eu\/wp-content\/uploads\/2023\/04\/transparent-gel-mouse-pad-300x300.png\" alt=\"Desk Pad Pro \u2013 Tapis de souris en gel transparent\" width=\"300\" height=\"300\"><\/li>\n<\/ul>\n","protected":false},"excerpt":{"rendered":"<p>Tapis de souris avec repose-poignet fabriqu\u00e9 en mat\u00e9riau transparent. Il poss\u00e8de une surface facile \u00e0 nettoyer et agr\u00e9able au toucher. La base antid\u00e9rapante emp\u00eache le tapis de glisser sur le bureau. C&#8217;est un produit haut de gamme qui offre le meilleur soutien pour la main. Le tapis a une forme universelle adapt\u00e9e aux droitiers comme aux gauchers.<br \/>\nLa grande surface du tapis permet une large gamme de mouvements de la souris. Il est destin\u00e9 aux personnes qui appr\u00e9cient un \u00e9quipement professionnel de la plus haute qualit\u00e9 et qui souhaitent donner \u00e0 leur int\u00e9rieur un caract\u00e8re moderne, voire futuriste.     <\/p>\n","protected":false},"featured_media":54909,"template":"","meta":[],"product_brand":[],"product_cat":[885],"product_tag":[1299,1302,1300,1297,1306,1296,1295,1304,1590,1308,1591,1305,1307,1303,1298,983,1587,1681,1482,1588,1589,1301],"class_list":{"0":"post-54882","1":"product","2":"type-product","3":"status-publish","4":"has-post-thumbnail","6":"product_cat-tapis-de-souris-en-gel-transparent","7":"product_tag-accessoires-informatiques","8":"product_tag-antiderapant","9":"product_tag-bureau","10":"product_tag-confort","11":"product_tag-design-fr","12":"product_tag-en-gel","13":"product_tag-ergonomique","14":"product_tag-facilitation-du-travail","15":"product_tag-meilleur-tapis-de-souris","16":"product_tag-materiaux-de-haute-qualite","17":"product_tag-gadgets-publicitaires","18":"product_tag-plaisir-dutilisation","19":"product_tag-productivite","20":"product_tag-sante","21":"product_tag-soutien-du-poignet","22":"product_tag-tapis-de-souris","23":"product_tag-tapis-de-souris-avec-impression-publicitaire","24":"product_tag-tapis-de-souris-avec-impression-publicitaire-3","25":"product_tag-tapis-de-souris-colore","26":"product_tag-tapis-de-souris-de-haute-qualite","27":"product_tag-tapis-de-souris-professionnel","28":"product_tag-travail-a-distance","29":"fpd-variation-needed","31":"first","32":"instock","33":"taxable","34":"shipping-taxable","35":"purchasable","36":"product-type-variable"},"yoast_head":"<!-- This site is optimized with the Yoast SEO plugin v27.5 - https:\/\/yoast.com\/product\/yoast-seo-wordpress\/ -->\n<title>Tapis de souris gel transparent \/TMP (02)\/ - MousePad24.eu<\/title>\n<meta name=\"robots\" content=\"index, follow, max-snippet:-1, max-image-preview:large, max-video-preview:-1\" \/>\n<meta property=\"og:locale\" content=\"fr_FR\" \/>\n<meta property=\"og:type\" content=\"article\" \/>\n<meta property=\"og:title\" content=\"Tapis de souris gel transparent \/TMP (02)\/ - MousePad24.eu\" \/>\n<meta property=\"og:description\" content=\"Tapis de souris avec repose-poignet fabriqu\u00e9 en mat\u00e9riau transparent. Il poss\u00e8de une surface facile \u00e0 nettoyer et agr\u00e9able au toucher. La base antid\u00e9rapante emp\u00eache le tapis de glisser sur le bureau. C&#039;est un produit haut de gamme qui offre le meilleur soutien pour la main. Le tapis a une forme universelle adapt\u00e9e aux droitiers comme aux gauchers. La grande surface du tapis permet une large gamme de mouvements de la souris. Il est destin\u00e9 aux personnes qui appr\u00e9cient un \u00e9quipement professionnel de la plus haute qualit\u00e9 et qui souhaitent donner \u00e0 leur int\u00e9rieur un caract\u00e8re moderne, voire futuriste.\" \/>\n<meta property=\"og:url\" content=\"https:\/\/mousepad24.eu\/fr\/produkt\/tmp-02-pl\/\" \/>\n<meta property=\"og:site_name\" content=\"MousePad24.eu\" \/>\n<meta property=\"article:publisher\" content=\"https:\/\/www.facebook.com\/mousepad24\/\" \/>\n<meta property=\"article:modified_time\" content=\"2026-03-24T11:19:20+00:00\" \/>\n<meta property=\"og:image\" content=\"https:\/\/mousepad24.eu\/wp-content\/uploads\/2023\/04\/tmp_02-2.webp\" \/>\n\t<meta property=\"og:image:width\" content=\"2560\" \/>\n\t<meta property=\"og:image:height\" content=\"2560\" \/>\n\t<meta property=\"og:image:type\" content=\"image\/webp\" \/>\n<meta name=\"twitter:card\" content=\"summary_large_image\" \/>\n<meta name=\"twitter:label1\" content=\"Dur\u00e9e de lecture estim\u00e9e\" \/>\n\t<meta name=\"twitter:data1\" content=\"1 minute\" \/>\n<script type=\"application\/ld+json\" class=\"yoast-schema-graph\">{\"@context\":\"https:\\\/\\\/schema.org\",\"@graph\":[{\"@type\":\"WebPage\",\"@id\":\"https:\\\/\\\/mousepad24.eu\\\/fr\\\/produkt\\\/tmp-02-pl\\\/\",\"url\":\"https:\\\/\\\/mousepad24.eu\\\/fr\\\/produkt\\\/tmp-02-pl\\\/\",\"name\":\"Tapis de souris gel transparent \\\/TMP (02)\\\/ - MousePad24.eu\",\"isPartOf\":{\"@id\":\"https:\\\/\\\/mousepad24.eu\\\/#website\"},\"primaryImageOfPage\":{\"@id\":\"https:\\\/\\\/mousepad24.eu\\\/fr\\\/produkt\\\/tmp-02-pl\\\/#primaryimage\"},\"image\":{\"@id\":\"https:\\\/\\\/mousepad24.eu\\\/fr\\\/produkt\\\/tmp-02-pl\\\/#primaryimage\"},\"thumbnailUrl\":\"https:\\\/\\\/mousepad24.eu\\\/wp-content\\\/uploads\\\/2023\\\/04\\\/tmp_02-2.webp\",\"datePublished\":\"2023-04-18T20:12:50+00:00\",\"dateModified\":\"2026-03-24T11:19:20+00:00\",\"breadcrumb\":{\"@id\":\"https:\\\/\\\/mousepad24.eu\\\/fr\\\/produkt\\\/tmp-02-pl\\\/#breadcrumb\"},\"inLanguage\":\"fr-FR\",\"potentialAction\":[{\"@type\":\"ReadAction\",\"target\":[\"https:\\\/\\\/mousepad24.eu\\\/fr\\\/produkt\\\/tmp-02-pl\\\/\"]}]},{\"@type\":\"ImageObject\",\"inLanguage\":\"fr-FR\",\"@id\":\"https:\\\/\\\/mousepad24.eu\\\/fr\\\/produkt\\\/tmp-02-pl\\\/#primaryimage\",\"url\":\"https:\\\/\\\/mousepad24.eu\\\/wp-content\\\/uploads\\\/2023\\\/04\\\/tmp_02-2.webp\",\"contentUrl\":\"https:\\\/\\\/mousepad24.eu\\\/wp-content\\\/uploads\\\/2023\\\/04\\\/tmp_02-2.webp\",\"width\":2560,\"height\":2560},{\"@type\":\"BreadcrumbList\",\"@id\":\"https:\\\/\\\/mousepad24.eu\\\/fr\\\/produkt\\\/tmp-02-pl\\\/#breadcrumb\",\"itemListElement\":[{\"@type\":\"ListItem\",\"position\":1,\"name\":\"Page d'accueil\",\"item\":\"https:\\\/\\\/mousepad24.eu\\\/fr\\\/\"},{\"@type\":\"ListItem\",\"position\":2,\"name\":\"Boutique\",\"item\":\"https:\\\/\\\/mousepad24.eu\\\/fr\\\/\"},{\"@type\":\"ListItem\",\"position\":3,\"name\":\"Tapis de souris gel transparent \\\/TMP (02)\\\/\"}]},{\"@type\":\"WebSite\",\"@id\":\"https:\\\/\\\/mousepad24.eu\\\/#website\",\"url\":\"https:\\\/\\\/mousepad24.eu\\\/\",\"name\":\"MousePad24.eu\",\"description\":\"Personalizowane podk\u0142adki pod mysz\",\"publisher\":{\"@id\":\"https:\\\/\\\/mousepad24.eu\\\/#organization\"},\"potentialAction\":[{\"@type\":\"SearchAction\",\"target\":{\"@type\":\"EntryPoint\",\"urlTemplate\":\"https:\\\/\\\/mousepad24.eu\\\/?s={search_term_string}\"},\"query-input\":{\"@type\":\"PropertyValueSpecification\",\"valueRequired\":true,\"valueName\":\"search_term_string\"}}],\"inLanguage\":\"fr-FR\"},{\"@type\":\"Organization\",\"@id\":\"https:\\\/\\\/mousepad24.eu\\\/#organization\",\"name\":\"MousePad24.eu\",\"url\":\"https:\\\/\\\/mousepad24.eu\\\/\",\"logo\":{\"@type\":\"ImageObject\",\"inLanguage\":\"fr-FR\",\"@id\":\"https:\\\/\\\/mousepad24.eu\\\/#\\\/schema\\\/logo\\\/image\\\/\",\"url\":\"https:\\\/\\\/mousepad24.eu\\\/wp-content\\\/uploads\\\/2022\\\/12\\\/MOUSEPAD24_logo_curv_OK-1.png\",\"contentUrl\":\"https:\\\/\\\/mousepad24.eu\\\/wp-content\\\/uploads\\\/2022\\\/12\\\/MOUSEPAD24_logo_curv_OK-1.png\",\"width\":1024,\"height\":75,\"caption\":\"MousePad24.eu\"},\"image\":{\"@id\":\"https:\\\/\\\/mousepad24.eu\\\/#\\\/schema\\\/logo\\\/image\\\/\"},\"sameAs\":[\"https:\\\/\\\/www.facebook.com\\\/mousepad24\\\/\",\"https:\\\/\\\/www.instagram.com\\\/mousepad24.eu\\\/\",\"https:\\\/\\\/www.linkedin.com\\\/company\\\/podkladki24-mousepad24\\\/\"]}]}<\/script>\n<!-- \/ Yoast SEO plugin. -->","yoast_head_json":{"title":"Tapis de souris gel transparent \/TMP (02)\/ - MousePad24.eu","robots":{"index":"index","follow":"follow","max-snippet":"max-snippet:-1","max-image-preview":"max-image-preview:large","max-video-preview":"max-video-preview:-1"},"og_locale":"fr_FR","og_type":"article","og_title":"Tapis de souris gel transparent \/TMP (02)\/ - MousePad24.eu","og_description":"Tapis de souris avec repose-poignet fabriqu\u00e9 en mat\u00e9riau transparent. Il poss\u00e8de une surface facile \u00e0 nettoyer et agr\u00e9able au toucher. La base antid\u00e9rapante emp\u00eache le tapis de glisser sur le bureau. C'est un produit haut de gamme qui offre le meilleur soutien pour la main. Le tapis a une forme universelle adapt\u00e9e aux droitiers comme aux gauchers. La grande surface du tapis permet une large gamme de mouvements de la souris. Il est destin\u00e9 aux personnes qui appr\u00e9cient un \u00e9quipement professionnel de la plus haute qualit\u00e9 et qui souhaitent donner \u00e0 leur int\u00e9rieur un caract\u00e8re moderne, voire futuriste.","og_url":"https:\/\/mousepad24.eu\/fr\/produkt\/tmp-02-pl\/","og_site_name":"MousePad24.eu","article_publisher":"https:\/\/www.facebook.com\/mousepad24\/","article_modified_time":"2026-03-24T11:19:20+00:00","og_image":[{"width":2560,"height":2560,"url":"https:\/\/mousepad24.eu\/wp-content\/uploads\/2023\/04\/tmp_02-2.webp","type":"image\/webp"}],"twitter_card":"summary_large_image","twitter_misc":{"Dur\u00e9e de lecture estim\u00e9e":"1 minute"},"schema":{"@context":"https:\/\/schema.org","@graph":[{"@type":"WebPage","@id":"https:\/\/mousepad24.eu\/fr\/produkt\/tmp-02-pl\/","url":"https:\/\/mousepad24.eu\/fr\/produkt\/tmp-02-pl\/","name":"Tapis de souris gel transparent \/TMP (02)\/ - MousePad24.eu","isPartOf":{"@id":"https:\/\/mousepad24.eu\/#website"},"primaryImageOfPage":{"@id":"https:\/\/mousepad24.eu\/fr\/produkt\/tmp-02-pl\/#primaryimage"},"image":{"@id":"https:\/\/mousepad24.eu\/fr\/produkt\/tmp-02-pl\/#primaryimage"},"thumbnailUrl":"https:\/\/mousepad24.eu\/wp-content\/uploads\/2023\/04\/tmp_02-2.webp","datePublished":"2023-04-18T20:12:50+00:00","dateModified":"2026-03-24T11:19:20+00:00","breadcrumb":{"@id":"https:\/\/mousepad24.eu\/fr\/produkt\/tmp-02-pl\/#breadcrumb"},"inLanguage":"fr-FR","potentialAction":[{"@type":"ReadAction","target":["https:\/\/mousepad24.eu\/fr\/produkt\/tmp-02-pl\/"]}]},{"@type":"ImageObject","inLanguage":"fr-FR","@id":"https:\/\/mousepad24.eu\/fr\/produkt\/tmp-02-pl\/#primaryimage","url":"https:\/\/mousepad24.eu\/wp-content\/uploads\/2023\/04\/tmp_02-2.webp","contentUrl":"https:\/\/mousepad24.eu\/wp-content\/uploads\/2023\/04\/tmp_02-2.webp","width":2560,"height":2560},{"@type":"BreadcrumbList","@id":"https:\/\/mousepad24.eu\/fr\/produkt\/tmp-02-pl\/#breadcrumb","itemListElement":[{"@type":"ListItem","position":1,"name":"Page d'accueil","item":"https:\/\/mousepad24.eu\/fr\/"},{"@type":"ListItem","position":2,"name":"Boutique","item":"https:\/\/mousepad24.eu\/fr\/"},{"@type":"ListItem","position":3,"name":"Tapis de souris gel transparent \/TMP (02)\/"}]},{"@type":"WebSite","@id":"https:\/\/mousepad24.eu\/#website","url":"https:\/\/mousepad24.eu\/","name":"MousePad24.eu","description":"Personalizowane podk\u0142adki pod mysz","publisher":{"@id":"https:\/\/mousepad24.eu\/#organization"},"potentialAction":[{"@type":"SearchAction","target":{"@type":"EntryPoint","urlTemplate":"https:\/\/mousepad24.eu\/?s={search_term_string}"},"query-input":{"@type":"PropertyValueSpecification","valueRequired":true,"valueName":"search_term_string"}}],"inLanguage":"fr-FR"},{"@type":"Organization","@id":"https:\/\/mousepad24.eu\/#organization","name":"MousePad24.eu","url":"https:\/\/mousepad24.eu\/","logo":{"@type":"ImageObject","inLanguage":"fr-FR","@id":"https:\/\/mousepad24.eu\/#\/schema\/logo\/image\/","url":"https:\/\/mousepad24.eu\/wp-content\/uploads\/2022\/12\/MOUSEPAD24_logo_curv_OK-1.png","contentUrl":"https:\/\/mousepad24.eu\/wp-content\/uploads\/2022\/12\/MOUSEPAD24_logo_curv_OK-1.png","width":1024,"height":75,"caption":"MousePad24.eu"},"image":{"@id":"https:\/\/mousepad24.eu\/#\/schema\/logo\/image\/"},"sameAs":["https:\/\/www.facebook.com\/mousepad24\/","https:\/\/www.instagram.com\/mousepad24.eu\/","https:\/\/www.linkedin.com\/company\/podkladki24-mousepad24\/"]}]}},"_links":{"self":[{"href":"https:\/\/mousepad24.eu\/fr\/wp-json\/wp\/v2\/product\/54882","targetHints":{"allow":["GET"]}}],"collection":[{"href":"https:\/\/mousepad24.eu\/fr\/wp-json\/wp\/v2\/product"}],"about":[{"href":"https:\/\/mousepad24.eu\/fr\/wp-json\/wp\/v2\/types\/product"}],"wp:featuredmedia":[{"embeddable":true,"href":"https:\/\/mousepad24.eu\/fr\/wp-json\/wp\/v2\/media\/54909"}],"wp:attachment":[{"href":"https:\/\/mousepad24.eu\/fr\/wp-json\/wp\/v2\/media?parent=54882"}],"wp:term":[{"taxonomy":"product_brand","embeddable":true,"href":"https:\/\/mousepad24.eu\/fr\/wp-json\/wp\/v2\/product_brand?post=54882"},{"taxonomy":"product_cat","embeddable":true,"href":"https:\/\/mousepad24.eu\/fr\/wp-json\/wp\/v2\/product_cat?post=54882"},{"taxonomy":"product_tag","embeddable":true,"href":"https:\/\/mousepad24.eu\/fr\/wp-json\/wp\/v2\/product_tag?post=54882"}],"curies":[{"name":"wp","href":"https:\/\/api.w.org\/{rel}","templated":true}]}}