{"id":55065,"date":"2023-04-18T12:22:46","date_gmt":"2023-04-18T10:22:46","guid":{"rendered":"https:\/\/jnpnki27nc.onrocket.site\/produkt\/coussinet-soude-a-trois-couches-p3l\/"},"modified":"2025-09-30T10:29:04","modified_gmt":"2025-09-30T08:29:04","slug":"p3l-pl","status":"publish","type":"product","link":"https:\/\/mousepad24.eu\/fr\/produkt\/p3l-pl\/","title":{"rendered":"Coussinet soud\u00e9 \u00e0 trois couches (P3L)"},"content":{"rendered":"","protected":false},"excerpt":{"rendered":"<p>Tapis de souris compos\u00e9s de trois couches : un dessous antid\u00e9rapant, une couche interm\u00e9diaire imprim\u00e9e et un film ext\u00e9rieur en PVC qui convient \u00e0 tous les types de souris d&#8217;ordinateur. Les impressions internes sont r\u00e9alis\u00e9es \u00e0 l&#8217;aide de la technologie offset, dont la haute qualit\u00e9 permet m\u00eame des dessins tr\u00e8s d\u00e9taill\u00e9s et un rendu parfait des couleurs. Un autre avantage de ce produit est qu&#8217;il est facile \u00e0 nettoyer. Le tampon est r\u00e9sistant \u00e0 la salet\u00e9 et au contact \u00e9ventuel avec un liquide renvers\u00e9, qui, comme les autres salissures, peut \u00eatre facilement essuy\u00e9.   <\/p>\n","protected":false},"featured_media":55089,"template":"","meta":[],"product_brand":[],"product_cat":[889],"product_tag":[1590,1591,1587,1681,1482,1588,1589],"class_list":{"0":"post-55065","1":"product","2":"type-product","3":"status-publish","4":"has-post-thumbnail","6":"product_cat-sous-main-en-pvc","7":"product_tag-meilleur-tapis-de-souris","8":"product_tag-gadgets-publicitaires","9":"product_tag-tapis-de-souris-avec-impression-publicitaire","10":"product_tag-tapis-de-souris-avec-impression-publicitaire-3","11":"product_tag-tapis-de-souris-colore","12":"product_tag-tapis-de-souris-de-haute-qualite","13":"product_tag-tapis-de-souris-professionnel","14":"fpd-variation-needed","16":"first","17":"instock","18":"taxable","19":"shipping-taxable","20":"purchasable","21":"product-type-variable"},"yoast_head":"<!-- This site is optimized with the Yoast SEO plugin v27.3 - https:\/\/yoast.com\/product\/yoast-seo-wordpress\/ -->\n<title>Coussinet soud\u00e9 \u00e0 trois couches (P3L) - MousePad24.eu<\/title>\n<meta name=\"robots\" content=\"index, follow, max-snippet:-1, max-image-preview:large, max-video-preview:-1\" \/>\n<meta property=\"og:locale\" content=\"fr_FR\" \/>\n<meta property=\"og:type\" content=\"article\" \/>\n<meta property=\"og:title\" content=\"Coussinet soud\u00e9 \u00e0 trois couches (P3L) - MousePad24.eu\" \/>\n<meta property=\"og:description\" content=\"Tapis de souris compos\u00e9s de trois couches : un dessous antid\u00e9rapant, une couche interm\u00e9diaire imprim\u00e9e et un film ext\u00e9rieur en PVC qui convient \u00e0 tous les types de souris d&#039;ordinateur. Les impressions internes sont r\u00e9alis\u00e9es \u00e0 l&#039;aide de la technologie offset, dont la haute qualit\u00e9 permet m\u00eame des dessins tr\u00e8s d\u00e9taill\u00e9s et un rendu parfait des couleurs. Un autre avantage de ce produit est qu&#039;il est facile \u00e0 nettoyer. Le tampon est r\u00e9sistant \u00e0 la salet\u00e9 et au contact \u00e9ventuel avec un liquide renvers\u00e9, qui, comme les autres salissures, peut \u00eatre facilement essuy\u00e9.\" \/>\n<meta property=\"og:url\" content=\"https:\/\/mousepad24.eu\/fr\/produkt\/p3l-pl\/\" \/>\n<meta property=\"og:site_name\" content=\"MousePad24.eu\" \/>\n<meta property=\"article:publisher\" content=\"https:\/\/www.facebook.com\/mousepad24\/\" \/>\n<meta property=\"article:modified_time\" content=\"2025-09-30T08:29:04+00:00\" \/>\n<meta property=\"og:image\" content=\"https:\/\/mousepad24.eu\/wp-content\/uploads\/2023\/04\/P3_L_blanc.webp\" \/>\n\t<meta property=\"og:image:width\" content=\"2560\" \/>\n\t<meta property=\"og:image:height\" content=\"2560\" \/>\n\t<meta property=\"og:image:type\" content=\"image\/webp\" \/>\n<meta name=\"twitter:card\" content=\"summary_large_image\" \/>\n<meta name=\"twitter:label1\" content=\"Dur\u00e9e de lecture estim\u00e9e\" \/>\n\t<meta name=\"twitter:data1\" content=\"1 minute\" \/>\n<script type=\"application\/ld+json\" class=\"yoast-schema-graph\">{\"@context\":\"https:\\\/\\\/schema.org\",\"@graph\":[{\"@type\":\"WebPage\",\"@id\":\"https:\\\/\\\/mousepad24.eu\\\/fr\\\/produkt\\\/p3l-pl\\\/\",\"url\":\"https:\\\/\\\/mousepad24.eu\\\/fr\\\/produkt\\\/p3l-pl\\\/\",\"name\":\"Coussinet soud\u00e9 \u00e0 trois couches (P3L) - MousePad24.eu\",\"isPartOf\":{\"@id\":\"https:\\\/\\\/mousepad24.eu\\\/#website\"},\"primaryImageOfPage\":{\"@id\":\"https:\\\/\\\/mousepad24.eu\\\/fr\\\/produkt\\\/p3l-pl\\\/#primaryimage\"},\"image\":{\"@id\":\"https:\\\/\\\/mousepad24.eu\\\/fr\\\/produkt\\\/p3l-pl\\\/#primaryimage\"},\"thumbnailUrl\":\"https:\\\/\\\/mousepad24.eu\\\/wp-content\\\/uploads\\\/2023\\\/04\\\/P3_L_blanc.webp\",\"datePublished\":\"2023-04-18T10:22:46+00:00\",\"dateModified\":\"2025-09-30T08:29:04+00:00\",\"breadcrumb\":{\"@id\":\"https:\\\/\\\/mousepad24.eu\\\/fr\\\/produkt\\\/p3l-pl\\\/#breadcrumb\"},\"inLanguage\":\"fr-FR\",\"potentialAction\":[{\"@type\":\"ReadAction\",\"target\":[\"https:\\\/\\\/mousepad24.eu\\\/fr\\\/produkt\\\/p3l-pl\\\/\"]}]},{\"@type\":\"ImageObject\",\"inLanguage\":\"fr-FR\",\"@id\":\"https:\\\/\\\/mousepad24.eu\\\/fr\\\/produkt\\\/p3l-pl\\\/#primaryimage\",\"url\":\"https:\\\/\\\/mousepad24.eu\\\/wp-content\\\/uploads\\\/2023\\\/04\\\/P3_L_blanc.webp\",\"contentUrl\":\"https:\\\/\\\/mousepad24.eu\\\/wp-content\\\/uploads\\\/2023\\\/04\\\/P3_L_blanc.webp\",\"width\":2560,\"height\":2560},{\"@type\":\"BreadcrumbList\",\"@id\":\"https:\\\/\\\/mousepad24.eu\\\/fr\\\/produkt\\\/p3l-pl\\\/#breadcrumb\",\"itemListElement\":[{\"@type\":\"ListItem\",\"position\":1,\"name\":\"Page d'accueil\",\"item\":\"https:\\\/\\\/mousepad24.eu\\\/fr\\\/\"},{\"@type\":\"ListItem\",\"position\":2,\"name\":\"Boutique\",\"item\":\"https:\\\/\\\/mousepad24.eu\\\/fr\\\/\"},{\"@type\":\"ListItem\",\"position\":3,\"name\":\"Coussinet soud\u00e9 \u00e0 trois couches (P3L)\"}]},{\"@type\":\"WebSite\",\"@id\":\"https:\\\/\\\/mousepad24.eu\\\/#website\",\"url\":\"https:\\\/\\\/mousepad24.eu\\\/\",\"name\":\"MousePad24.eu\",\"description\":\"Personalizowane podk\u0142adki pod mysz\",\"publisher\":{\"@id\":\"https:\\\/\\\/mousepad24.eu\\\/#organization\"},\"potentialAction\":[{\"@type\":\"SearchAction\",\"target\":{\"@type\":\"EntryPoint\",\"urlTemplate\":\"https:\\\/\\\/mousepad24.eu\\\/?s={search_term_string}\"},\"query-input\":{\"@type\":\"PropertyValueSpecification\",\"valueRequired\":true,\"valueName\":\"search_term_string\"}}],\"inLanguage\":\"fr-FR\"},{\"@type\":\"Organization\",\"@id\":\"https:\\\/\\\/mousepad24.eu\\\/#organization\",\"name\":\"MousePad24.eu\",\"url\":\"https:\\\/\\\/mousepad24.eu\\\/\",\"logo\":{\"@type\":\"ImageObject\",\"inLanguage\":\"fr-FR\",\"@id\":\"https:\\\/\\\/mousepad24.eu\\\/#\\\/schema\\\/logo\\\/image\\\/\",\"url\":\"https:\\\/\\\/mousepad24.eu\\\/wp-content\\\/uploads\\\/2022\\\/12\\\/MOUSEPAD24_logo_curv_OK-1.png\",\"contentUrl\":\"https:\\\/\\\/mousepad24.eu\\\/wp-content\\\/uploads\\\/2022\\\/12\\\/MOUSEPAD24_logo_curv_OK-1.png\",\"width\":1024,\"height\":75,\"caption\":\"MousePad24.eu\"},\"image\":{\"@id\":\"https:\\\/\\\/mousepad24.eu\\\/#\\\/schema\\\/logo\\\/image\\\/\"},\"sameAs\":[\"https:\\\/\\\/www.facebook.com\\\/mousepad24\\\/\",\"https:\\\/\\\/www.instagram.com\\\/mousepad24.eu\\\/\",\"https:\\\/\\\/www.linkedin.com\\\/company\\\/podkladki24-mousepad24\\\/\"]}]}<\/script>\n<!-- \/ Yoast SEO plugin. -->","yoast_head_json":{"title":"Coussinet soud\u00e9 \u00e0 trois couches (P3L) - MousePad24.eu","robots":{"index":"index","follow":"follow","max-snippet":"max-snippet:-1","max-image-preview":"max-image-preview:large","max-video-preview":"max-video-preview:-1"},"og_locale":"fr_FR","og_type":"article","og_title":"Coussinet soud\u00e9 \u00e0 trois couches (P3L) - MousePad24.eu","og_description":"Tapis de souris compos\u00e9s de trois couches : un dessous antid\u00e9rapant, une couche interm\u00e9diaire imprim\u00e9e et un film ext\u00e9rieur en PVC qui convient \u00e0 tous les types de souris d'ordinateur. Les impressions internes sont r\u00e9alis\u00e9es \u00e0 l'aide de la technologie offset, dont la haute qualit\u00e9 permet m\u00eame des dessins tr\u00e8s d\u00e9taill\u00e9s et un rendu parfait des couleurs. Un autre avantage de ce produit est qu'il est facile \u00e0 nettoyer. Le tampon est r\u00e9sistant \u00e0 la salet\u00e9 et au contact \u00e9ventuel avec un liquide renvers\u00e9, qui, comme les autres salissures, peut \u00eatre facilement essuy\u00e9.","og_url":"https:\/\/mousepad24.eu\/fr\/produkt\/p3l-pl\/","og_site_name":"MousePad24.eu","article_publisher":"https:\/\/www.facebook.com\/mousepad24\/","article_modified_time":"2025-09-30T08:29:04+00:00","og_image":[{"width":2560,"height":2560,"url":"https:\/\/mousepad24.eu\/wp-content\/uploads\/2023\/04\/P3_L_blanc.webp","type":"image\/webp"}],"twitter_card":"summary_large_image","twitter_misc":{"Dur\u00e9e de lecture estim\u00e9e":"1 minute"},"schema":{"@context":"https:\/\/schema.org","@graph":[{"@type":"WebPage","@id":"https:\/\/mousepad24.eu\/fr\/produkt\/p3l-pl\/","url":"https:\/\/mousepad24.eu\/fr\/produkt\/p3l-pl\/","name":"Coussinet soud\u00e9 \u00e0 trois couches (P3L) - MousePad24.eu","isPartOf":{"@id":"https:\/\/mousepad24.eu\/#website"},"primaryImageOfPage":{"@id":"https:\/\/mousepad24.eu\/fr\/produkt\/p3l-pl\/#primaryimage"},"image":{"@id":"https:\/\/mousepad24.eu\/fr\/produkt\/p3l-pl\/#primaryimage"},"thumbnailUrl":"https:\/\/mousepad24.eu\/wp-content\/uploads\/2023\/04\/P3_L_blanc.webp","datePublished":"2023-04-18T10:22:46+00:00","dateModified":"2025-09-30T08:29:04+00:00","breadcrumb":{"@id":"https:\/\/mousepad24.eu\/fr\/produkt\/p3l-pl\/#breadcrumb"},"inLanguage":"fr-FR","potentialAction":[{"@type":"ReadAction","target":["https:\/\/mousepad24.eu\/fr\/produkt\/p3l-pl\/"]}]},{"@type":"ImageObject","inLanguage":"fr-FR","@id":"https:\/\/mousepad24.eu\/fr\/produkt\/p3l-pl\/#primaryimage","url":"https:\/\/mousepad24.eu\/wp-content\/uploads\/2023\/04\/P3_L_blanc.webp","contentUrl":"https:\/\/mousepad24.eu\/wp-content\/uploads\/2023\/04\/P3_L_blanc.webp","width":2560,"height":2560},{"@type":"BreadcrumbList","@id":"https:\/\/mousepad24.eu\/fr\/produkt\/p3l-pl\/#breadcrumb","itemListElement":[{"@type":"ListItem","position":1,"name":"Page d'accueil","item":"https:\/\/mousepad24.eu\/fr\/"},{"@type":"ListItem","position":2,"name":"Boutique","item":"https:\/\/mousepad24.eu\/fr\/"},{"@type":"ListItem","position":3,"name":"Coussinet soud\u00e9 \u00e0 trois couches (P3L)"}]},{"@type":"WebSite","@id":"https:\/\/mousepad24.eu\/#website","url":"https:\/\/mousepad24.eu\/","name":"MousePad24.eu","description":"Personalizowane podk\u0142adki pod mysz","publisher":{"@id":"https:\/\/mousepad24.eu\/#organization"},"potentialAction":[{"@type":"SearchAction","target":{"@type":"EntryPoint","urlTemplate":"https:\/\/mousepad24.eu\/?s={search_term_string}"},"query-input":{"@type":"PropertyValueSpecification","valueRequired":true,"valueName":"search_term_string"}}],"inLanguage":"fr-FR"},{"@type":"Organization","@id":"https:\/\/mousepad24.eu\/#organization","name":"MousePad24.eu","url":"https:\/\/mousepad24.eu\/","logo":{"@type":"ImageObject","inLanguage":"fr-FR","@id":"https:\/\/mousepad24.eu\/#\/schema\/logo\/image\/","url":"https:\/\/mousepad24.eu\/wp-content\/uploads\/2022\/12\/MOUSEPAD24_logo_curv_OK-1.png","contentUrl":"https:\/\/mousepad24.eu\/wp-content\/uploads\/2022\/12\/MOUSEPAD24_logo_curv_OK-1.png","width":1024,"height":75,"caption":"MousePad24.eu"},"image":{"@id":"https:\/\/mousepad24.eu\/#\/schema\/logo\/image\/"},"sameAs":["https:\/\/www.facebook.com\/mousepad24\/","https:\/\/www.instagram.com\/mousepad24.eu\/","https:\/\/www.linkedin.com\/company\/podkladki24-mousepad24\/"]}]}},"_links":{"self":[{"href":"https:\/\/mousepad24.eu\/fr\/wp-json\/wp\/v2\/product\/55065","targetHints":{"allow":["GET"]}}],"collection":[{"href":"https:\/\/mousepad24.eu\/fr\/wp-json\/wp\/v2\/product"}],"about":[{"href":"https:\/\/mousepad24.eu\/fr\/wp-json\/wp\/v2\/types\/product"}],"wp:featuredmedia":[{"embeddable":true,"href":"https:\/\/mousepad24.eu\/fr\/wp-json\/wp\/v2\/media\/55089"}],"wp:attachment":[{"href":"https:\/\/mousepad24.eu\/fr\/wp-json\/wp\/v2\/media?parent=55065"}],"wp:term":[{"taxonomy":"product_brand","embeddable":true,"href":"https:\/\/mousepad24.eu\/fr\/wp-json\/wp\/v2\/product_brand?post=55065"},{"taxonomy":"product_cat","embeddable":true,"href":"https:\/\/mousepad24.eu\/fr\/wp-json\/wp\/v2\/product_cat?post=55065"},{"taxonomy":"product_tag","embeddable":true,"href":"https:\/\/mousepad24.eu\/fr\/wp-json\/wp\/v2\/product_tag?post=55065"}],"curies":[{"name":"wp","href":"https:\/\/api.w.org\/{rel}","templated":true}]}}