{"id":67927,"date":"2025-07-25T17:11:24","date_gmt":"2025-07-25T15:11:24","guid":{"rendered":"https:\/\/jnpnki27nc.onrocket.site\/?post_type=product&#038;p=67927"},"modified":"2025-09-30T10:40:29","modified_gmt":"2025-09-30T08:40:29","slug":"tapis-de-souris-en-moussel-smp02-kopia","status":"publish","type":"product","link":"https:\/\/mousepad24.eu\/fr\/produkt\/tapis-de-souris-en-moussel-smp02-kopia\/","title":{"rendered":"Tapis de souris en mousse \/SMP PRO (02)\/"},"content":{"rendered":"<div class=\"container\">\n<div class=\"left-div\" style=\"flex-grow: 1; text-align: left;\"><\/div>\n<div class=\"center-div\" style=\"width: 90%; background-color: white; position: relative;\">\n<article class=\"text-token-text-primary w-full\" dir=\"auto\" data-testid=\"conversation-turn-98\" data-scroll-anchor=\"false\">\n<div class=\"text-base my-auto mx-auto [--thread-content-margin:--spacing(4)] @[37rem]:[--thread-content-margin:--spacing(6)] @[72rem]:[--thread-content-margin:--spacing(16)] px-(--thread-content-margin)\">\n<div class=\"[--thread-content-max-width:32rem] @[34rem]:[--thread-content-max-width:40rem] @[64rem]:[--thread-content-max-width:48rem] mx-auto max-w-(--thread-content-max-width) flex-1 group\/turn-messages focus-visible:outline-hidden relative flex w-full min-w-0 flex-col agent-turn\" tabindex=\"-1\">\n<div class=\"flex max-w-full flex-col grow\">\n<div class=\"min-h-8 text-message relative flex w-full flex-col items-end gap-2 text-start break-words whitespace-normal [.text-message+&amp;]:mt-5\" dir=\"auto\" data-message-author-role=\"assistant\" data-message-id=\"6db8499a-7693-45d4-af10-b6c27dcb06a8\" data-message-model-slug=\"gpt-4o\">\n<div class=\"flex w-full flex-col gap-1 empty:hidden first:pt-[3px]\">\n<div class=\"markdown prose dark:prose-invert w-full break-words light\">\n<p data-start=\"117\" data-end=\"235\">\ud83d\uddb1\ufe0f <strong data-start=\"121\" data-end=\"235\">Tapis de souris en mousse avec repose-poignet ergonomique &#8211; qualit\u00e9 premium \u00e0 un prix \u00e9tonnamment abordable<\/strong><\/p>\n<p data-start=\"237\" data-end=\"514\">Notre <strong data-start=\"243\" data-end=\"278\">tapis de souris ergonomique en mousse<\/strong> est une solution qui combine tout ce que vous attendez d&#8217;un accessoire de bureau moderne : <strong data-start=\"373\" data-end=\"384\">confort<\/strong>, <strong data-start=\"386\" data-end=\"398\">durabilit\u00e9<\/strong>, <strong data-start=\"400\" data-end=\"418\">fonctionnalit\u00e9<\/strong> et <strong data-start=\"421\" data-end=\"433\">esth\u00e9tique<\/strong> &#8211; tout cela <strong data-start=\"450\" data-end=\"482\">sans compromis sur la qualit\u00e9<\/strong> et <strong data-start=\"485\" data-end=\"513\">sans grever votre budget<\/strong>.<\/p>\n<p data-start=\"516\" data-end=\"872\">La <strong data-start=\"516\" data-end=\"568\">zone profil\u00e9e et sur\u00e9lev\u00e9e pour le poignet<\/strong> assure un positionnement naturel de la main et r\u00e9duit la pression lors de longues heures de travail \u00e0 l&#8217;ordinateur. Le rembourrage en <strong data-start=\"726\" data-end=\"750\">mousse de qualit\u00e9 premium<\/strong> suffisamment souple et \u00e9lastique garantit confort et soutien solide pour le poignet &#8211; tant pour les utilisateurs <strong data-start=\"830\" data-end=\"847\">droitiers<\/strong> que <strong data-start=\"855\" data-end=\"871\">gauchers<\/strong>. <\/p>\n<p data-start=\"874\" data-end=\"896\">\ud83c\udfaf <strong data-start=\"877\" data-end=\"896\">Pourquoi le choisir ?<\/strong><\/p>\n<p data-start=\"898\" data-end=\"1496\">&#8211; <strong data-start=\"900\" data-end=\"925\">Produit haut de gamme<\/strong> \u00e0 un prix exceptionnellement avantageux<br data-start=\"954\" data-end=\"957\">&#8211; <strong data-start=\"959\" data-end=\"992\">Aucun compromis sur la qualit\u00e9<\/strong> &#8211; uniquement des mat\u00e9riaux \u00e9prouv\u00e9s et une finition parfaite<br data-start=\"1045\" data-end=\"1048\">&#8211; <strong data-start=\"1050\" data-end=\"1074\">Forme ergonomique<\/strong> favorisant une posture saine de la main<br data-start=\"1107\" data-end=\"1110\">&#8211; <strong data-start=\"1112\" data-end=\"1136\" data-is-only-node=\"\">Durabilit\u00e9 et r\u00e9sistance<\/strong> \u00e0 l&#8217;usure quotidienne<br data-start=\"1157\" data-end=\"1160\">&#8211; <strong data-start=\"1162\" data-end=\"1188\">Disponible \u00e0 partir d&#8217;une pi\u00e8ce<\/strong> &#8211; id\u00e9al pour les entreprises, les \u00e9coles, les institutions et les particuliers<br data-start=\"1248\" data-end=\"1251\">&#8211; Possibilit\u00e9 d&#8217;<strong data-start=\"1279\" data-end=\"1304\">impression par transfert<\/strong> en couleur &#8211; espace id\u00e9al pour un logo, un graphisme ou un slogan publicitaire<br data-start=\"1362\" data-end=\"1365\">&#8211; <strong data-start=\"1367\" data-end=\"1400\">Couleurs intenses et modernes<\/strong> :<br data-start=\"1401\" data-end=\"1404\"><strong data-start=\"1406\" data-end=\"1416\">noir<\/strong>, <strong data-start=\"1418\" data-end=\"1431\">bleu marine<\/strong>, <strong data-start=\"1433\" data-end=\"1442\">gris<\/strong>, <strong data-start=\"1444\" data-end=\"1457\">bleu<\/strong>, <strong data-start=\"1459\" data-end=\"1471\">rouge<\/strong>, <strong data-start=\"1473\" data-end=\"1484\">vert<\/strong>, <strong data-start=\"1486\" data-end=\"1496\">rose<\/strong><\/p>\n<p data-start=\"1498\" data-end=\"1677\">\ud83d\udca1 Ce n&#8217;est pas qu&#8217;un simple tapis de souris &#8211; c&#8217;est un <strong data-start=\"1529\" data-end=\"1559\">outil de travail pratique<\/strong> et un <strong data-start=\"1562\" data-end=\"1589\">support de marque moderne<\/strong>. Il convient parfaitement au <strong data-start=\"1606\" data-end=\"1616\">bureau<\/strong>, au <strong data-start=\"1618\" data-end=\"1633\">t\u00e9l\u00e9travail<\/strong>, \u00e0 l&#8217;<strong data-start=\"1635\" data-end=\"1645\">\u00e9cole<\/strong>, ainsi qu&#8217;au <strong data-start=\"1655\" data-end=\"1676\">bureau \u00e0 domicile<\/strong>. <\/p>\n<p data-start=\"1679\" data-end=\"1766\" data-is-last-node=\"\" data-is-only-node=\"\">\ud83d\ude80 <strong data-start=\"1682\" data-end=\"1766\" data-is-last-node=\"\">Nous entrons dans l&#8217;avenir des tapis de souris &#8211; optez pour un confort qui en vaut la peine.<\/strong><\/p>\n<\/div>\n<\/div>\n<\/div>\n<\/div>\n<\/div>\n<\/div>\n<\/article>\n<article class=\"text-token-text-primary w-full\" dir=\"auto\" data-testid=\"conversation-turn-99\" data-scroll-anchor=\"false\">\n<h5 class=\"sr-only\"><\/h5>\n<\/article>\n<\/div>\n<div class=\"right-div\" style=\"flex-grow: 1; background-color: white; margin-left: -18px; z-index: 100;\"><\/div>\n<\/div>\n","protected":false},"excerpt":{"rendered":"<div>\n<p style=\"text-align: left;\">\ud83d\uddb1\ufe0f <strong>Tapis de souris en mousse avec repose-poignet ergonomique &#8211; qualit\u00e9 premium \u00e0 un prix avantageux<\/strong><\/p>\n<p>La zone de support profil\u00e9e soutient le poignet et assure le confort pendant de longues heures de travail. La mousse souple et \u00e9lastique de qualit\u00e9 sup\u00e9rieure r\u00e9duit la pression sur la main, am\u00e9liorant l&#8217;ergonomie et le confort &#8211; que vous utilisiez la main droite ou gauche.<br \/>\n\ud83d\udccf <strong>Dimensions : 202 \u00d7 230 \u00d7 2 mm<\/strong> <\/p>\n<div id=\"more-description\" style=\"display: none;\">\n<p>\ud83c\udfaf <strong>Caract\u00e9ristiques principales :<\/strong><\/p>\n<p>\u2013 forme ergonomique et mat\u00e9riaux durables<br \/>\n\u2013 produit haut de gamme sans compromis sur la qualit\u00e9<br \/>\n\u2013 disponible \u00e0 partir d&#8217;une seule pi\u00e8ce &#8211; id\u00e9al pour les entreprises et les institutions<br \/>\n\u2013 possibilit\u00e9 d&#8217;impression publicitaire en couleur<br \/>\n\u2013 palette de couleurs moderne : noir, bleu marine, gris, bleu, rouge, vert, rose<\/p>\n<p>\ud83d\udca1 Un outil de travail pratique et un support pour votre marque &#8211; pour le bureau, la maison et les ensembles d&#8217;entreprise.<\/p>\n<\/div>\n<p><a href=\"#\">En savoir plus<\/a><\/p>\n<\/div>\n","protected":false},"featured_media":65235,"template":"","meta":[],"product_brand":[],"product_cat":[883],"product_tag":[1726,1299,1359,1474,1476,1477,1473,1479,1481,1744,1742,1746,1740,1745,1478,1361,1728,1747,1725,983,984,1734,1483,1471,1482,1738,1470,1354,1472,1731,1475,1480,1357,1743],"class_list":{"0":"post-67927","1":"product","2":"type-product","3":"status-publish","4":"has-post-thumbnail","6":"product_cat-tapis-de-souris-en-mousse","7":"product_tag-accessoires-de-bureau","8":"product_tag-accessoires-informatiques","9":"product_tag-cadeau-dentreprise","10":"product_tag-cadeau-pour-employe-fr","11":"product_tag-confort-de-travail-a-lordinateur","12":"product_tag-ergonomie-du-poste-de-travail","13":"product_tag-gadget-publicitaire","14":"product_tag-impression-par-transfert","15":"product_tag-mousse-premium","16":"product_tag-pour-jeux-video","17":"product_tag-pour-le-bureau","18":"product_tag-pour-le-travail-sur-ordinateur","19":"product_tag-pour-les-gamers","20":"product_tag-pour-ordinateur-portable","21":"product_tag-produit-dentreprise-avec-logo","22":"product_tag-tapis-de-bureau","23":"product_tag-tapis-de-bureau-2","24":"product_tag-tapis-de-clavier-et-de-souris","25":"product_tag-tapis-de-souris-2","26":"product_tag-tapis-de-souris","27":"product_tag-tapis-de-souris-avec-impression","28":"product_tag-tapis-de-souris-avec-impression-personnalisee","29":"product_tag-tapis-de-souris-avec-logo","30":"product_tag-tapis-de-souris-avec-repose-poignet","31":"product_tag-tapis-de-souris-colore","32":"product_tag-tapis-de-souris-dentreprise","33":"product_tag-tapis-de-souris-en-mousse","34":"product_tag-tapis-de-souris-ergonomique","35":"product_tag-tapis-de-souris-imprime","36":"product_tag-tapis-de-souris-personnalise-2","37":"product_tag-tapis-de-souris-personnalise","38":"product_tag-tapis-de-souris-promotionnel","39":"product_tag-tapis-publicitaire","40":"product_tag-teletravail","41":"fpd-variation-needed","43":"first","44":"instock","45":"taxable","46":"shipping-taxable","47":"purchasable","48":"product-type-variable"},"yoast_head":"<!-- This site is optimized with the Yoast SEO plugin v27.5 - https:\/\/yoast.com\/product\/yoast-seo-wordpress\/ -->\n<title>Tapis de souris en mousse \/SMP PRO (02)\/ - MousePad24.eu<\/title>\n<meta name=\"description\" content=\"Tapis de souris ergonomique en mousse avec repose-poignet - id\u00e9al pour le travail quotidien \u00e0 l&#039;ordinateur. La surface souple et la forme profil\u00e9e assurent un positionnement correct de la main. Possibilit\u00e9 d&#039;impression publicitaire en couleur. Confortable, abordable et universel - un tapis de souris en mousse pour chaque poste de travail. Parfait comme cadeau d&#039;entreprise - vous pouvez ajouter un logo ou un graphisme.\" \/>\n<meta name=\"robots\" content=\"index, follow, max-snippet:-1, max-image-preview:large, max-video-preview:-1\" \/>\n<meta property=\"og:locale\" content=\"fr_FR\" \/>\n<meta property=\"og:type\" content=\"article\" \/>\n<meta property=\"og:title\" content=\"Tapis de souris en mousse \/SMP PRO (02)\/ - MousePad24.eu\" \/>\n<meta property=\"og:description\" content=\"Tapis de souris ergonomique en mousse avec repose-poignet - id\u00e9al pour le travail quotidien \u00e0 l&#039;ordinateur. La surface souple et la forme profil\u00e9e assurent un positionnement correct de la main. Possibilit\u00e9 d&#039;impression publicitaire en couleur. Confortable, abordable et universel - un tapis de souris en mousse pour chaque poste de travail. Parfait comme cadeau d&#039;entreprise - vous pouvez ajouter un logo ou un graphisme.\" \/>\n<meta property=\"og:url\" content=\"https:\/\/mousepad24.eu\/fr\/produkt\/tapis-de-souris-en-moussel-smp02-kopia\/\" \/>\n<meta property=\"og:site_name\" content=\"MousePad24.eu\" \/>\n<meta property=\"article:publisher\" content=\"https:\/\/www.facebook.com\/mousepad24\/\" \/>\n<meta property=\"article:modified_time\" content=\"2025-09-30T08:40:29+00:00\" \/>\n<meta property=\"og:image\" content=\"https:\/\/mousepad24.eu\/wp-content\/uploads\/2025\/07\/smp_02_pro_blank.webp\" \/>\n\t<meta property=\"og:image:width\" content=\"2500\" \/>\n\t<meta property=\"og:image:height\" content=\"2500\" \/>\n\t<meta property=\"og:image:type\" content=\"image\/webp\" \/>\n<meta name=\"twitter:card\" content=\"summary_large_image\" \/>\n<meta name=\"twitter:label1\" content=\"Dur\u00e9e de lecture estim\u00e9e\" \/>\n\t<meta name=\"twitter:data1\" content=\"1 minute\" \/>\n<script type=\"application\/ld+json\" class=\"yoast-schema-graph\">{\"@context\":\"https:\\\/\\\/schema.org\",\"@graph\":[{\"@type\":\"WebPage\",\"@id\":\"https:\\\/\\\/mousepad24.eu\\\/fr\\\/produkt\\\/tapis-de-souris-en-moussel-smp02-kopia\\\/\",\"url\":\"https:\\\/\\\/mousepad24.eu\\\/fr\\\/produkt\\\/tapis-de-souris-en-moussel-smp02-kopia\\\/\",\"name\":\"Tapis de souris en mousse \\\/SMP PRO (02)\\\/ - MousePad24.eu\",\"isPartOf\":{\"@id\":\"https:\\\/\\\/mousepad24.eu\\\/#website\"},\"primaryImageOfPage\":{\"@id\":\"https:\\\/\\\/mousepad24.eu\\\/fr\\\/produkt\\\/tapis-de-souris-en-moussel-smp02-kopia\\\/#primaryimage\"},\"image\":{\"@id\":\"https:\\\/\\\/mousepad24.eu\\\/fr\\\/produkt\\\/tapis-de-souris-en-moussel-smp02-kopia\\\/#primaryimage\"},\"thumbnailUrl\":\"https:\\\/\\\/mousepad24.eu\\\/wp-content\\\/uploads\\\/2025\\\/07\\\/smp_02_pro_blank.webp\",\"datePublished\":\"2025-07-25T15:11:24+00:00\",\"dateModified\":\"2025-09-30T08:40:29+00:00\",\"description\":\"Tapis de souris ergonomique en mousse avec repose-poignet - id\u00e9al pour le travail quotidien \u00e0 l'ordinateur. La surface souple et la forme profil\u00e9e assurent un positionnement correct de la main. Possibilit\u00e9 d'impression publicitaire en couleur. Confortable, abordable et universel - un tapis de souris en mousse pour chaque poste de travail. Parfait comme cadeau d'entreprise - vous pouvez ajouter un logo ou un graphisme.\",\"breadcrumb\":{\"@id\":\"https:\\\/\\\/mousepad24.eu\\\/fr\\\/produkt\\\/tapis-de-souris-en-moussel-smp02-kopia\\\/#breadcrumb\"},\"inLanguage\":\"fr-FR\",\"potentialAction\":[{\"@type\":\"ReadAction\",\"target\":[\"https:\\\/\\\/mousepad24.eu\\\/fr\\\/produkt\\\/tapis-de-souris-en-moussel-smp02-kopia\\\/\"]}]},{\"@type\":\"ImageObject\",\"inLanguage\":\"fr-FR\",\"@id\":\"https:\\\/\\\/mousepad24.eu\\\/fr\\\/produkt\\\/tapis-de-souris-en-moussel-smp02-kopia\\\/#primaryimage\",\"url\":\"https:\\\/\\\/mousepad24.eu\\\/wp-content\\\/uploads\\\/2025\\\/07\\\/smp_02_pro_blank.webp\",\"contentUrl\":\"https:\\\/\\\/mousepad24.eu\\\/wp-content\\\/uploads\\\/2025\\\/07\\\/smp_02_pro_blank.webp\",\"width\":2500,\"height\":2500,\"caption\":\"Ergonomic foam mouse pad with wrist rest, black color\"},{\"@type\":\"BreadcrumbList\",\"@id\":\"https:\\\/\\\/mousepad24.eu\\\/fr\\\/produkt\\\/tapis-de-souris-en-moussel-smp02-kopia\\\/#breadcrumb\",\"itemListElement\":[{\"@type\":\"ListItem\",\"position\":1,\"name\":\"Page d'accueil\",\"item\":\"https:\\\/\\\/mousepad24.eu\\\/fr\\\/\"},{\"@type\":\"ListItem\",\"position\":2,\"name\":\"Boutique\",\"item\":\"https:\\\/\\\/mousepad24.eu\\\/fr\\\/\"},{\"@type\":\"ListItem\",\"position\":3,\"name\":\"Tapis de souris en mousse \\\/SMP PRO (02)\\\/\"}]},{\"@type\":\"WebSite\",\"@id\":\"https:\\\/\\\/mousepad24.eu\\\/#website\",\"url\":\"https:\\\/\\\/mousepad24.eu\\\/\",\"name\":\"MousePad24.eu\",\"description\":\"Personalizowane podk\u0142adki pod mysz\",\"publisher\":{\"@id\":\"https:\\\/\\\/mousepad24.eu\\\/#organization\"},\"potentialAction\":[{\"@type\":\"SearchAction\",\"target\":{\"@type\":\"EntryPoint\",\"urlTemplate\":\"https:\\\/\\\/mousepad24.eu\\\/?s={search_term_string}\"},\"query-input\":{\"@type\":\"PropertyValueSpecification\",\"valueRequired\":true,\"valueName\":\"search_term_string\"}}],\"inLanguage\":\"fr-FR\"},{\"@type\":\"Organization\",\"@id\":\"https:\\\/\\\/mousepad24.eu\\\/#organization\",\"name\":\"MousePad24.eu\",\"url\":\"https:\\\/\\\/mousepad24.eu\\\/\",\"logo\":{\"@type\":\"ImageObject\",\"inLanguage\":\"fr-FR\",\"@id\":\"https:\\\/\\\/mousepad24.eu\\\/#\\\/schema\\\/logo\\\/image\\\/\",\"url\":\"https:\\\/\\\/mousepad24.eu\\\/wp-content\\\/uploads\\\/2022\\\/12\\\/MOUSEPAD24_logo_curv_OK-1.png\",\"contentUrl\":\"https:\\\/\\\/mousepad24.eu\\\/wp-content\\\/uploads\\\/2022\\\/12\\\/MOUSEPAD24_logo_curv_OK-1.png\",\"width\":1024,\"height\":75,\"caption\":\"MousePad24.eu\"},\"image\":{\"@id\":\"https:\\\/\\\/mousepad24.eu\\\/#\\\/schema\\\/logo\\\/image\\\/\"},\"sameAs\":[\"https:\\\/\\\/www.facebook.com\\\/mousepad24\\\/\",\"https:\\\/\\\/www.instagram.com\\\/mousepad24.eu\\\/\",\"https:\\\/\\\/www.linkedin.com\\\/company\\\/podkladki24-mousepad24\\\/\"]}]}<\/script>\n<!-- \/ Yoast SEO plugin. -->","yoast_head_json":{"title":"Tapis de souris en mousse \/SMP PRO (02)\/ - MousePad24.eu","description":"Tapis de souris ergonomique en mousse avec repose-poignet - id\u00e9al pour le travail quotidien \u00e0 l'ordinateur. La surface souple et la forme profil\u00e9e assurent un positionnement correct de la main. Possibilit\u00e9 d'impression publicitaire en couleur. Confortable, abordable et universel - un tapis de souris en mousse pour chaque poste de travail. Parfait comme cadeau d'entreprise - vous pouvez ajouter un logo ou un graphisme.","robots":{"index":"index","follow":"follow","max-snippet":"max-snippet:-1","max-image-preview":"max-image-preview:large","max-video-preview":"max-video-preview:-1"},"og_locale":"fr_FR","og_type":"article","og_title":"Tapis de souris en mousse \/SMP PRO (02)\/ - MousePad24.eu","og_description":"Tapis de souris ergonomique en mousse avec repose-poignet - id\u00e9al pour le travail quotidien \u00e0 l'ordinateur. La surface souple et la forme profil\u00e9e assurent un positionnement correct de la main. Possibilit\u00e9 d'impression publicitaire en couleur. Confortable, abordable et universel - un tapis de souris en mousse pour chaque poste de travail. Parfait comme cadeau d'entreprise - vous pouvez ajouter un logo ou un graphisme.","og_url":"https:\/\/mousepad24.eu\/fr\/produkt\/tapis-de-souris-en-moussel-smp02-kopia\/","og_site_name":"MousePad24.eu","article_publisher":"https:\/\/www.facebook.com\/mousepad24\/","article_modified_time":"2025-09-30T08:40:29+00:00","og_image":[{"width":2500,"height":2500,"url":"https:\/\/mousepad24.eu\/wp-content\/uploads\/2025\/07\/smp_02_pro_blank.webp","type":"image\/webp"}],"twitter_card":"summary_large_image","twitter_misc":{"Dur\u00e9e de lecture estim\u00e9e":"1 minute"},"schema":{"@context":"https:\/\/schema.org","@graph":[{"@type":"WebPage","@id":"https:\/\/mousepad24.eu\/fr\/produkt\/tapis-de-souris-en-moussel-smp02-kopia\/","url":"https:\/\/mousepad24.eu\/fr\/produkt\/tapis-de-souris-en-moussel-smp02-kopia\/","name":"Tapis de souris en mousse \/SMP PRO (02)\/ - MousePad24.eu","isPartOf":{"@id":"https:\/\/mousepad24.eu\/#website"},"primaryImageOfPage":{"@id":"https:\/\/mousepad24.eu\/fr\/produkt\/tapis-de-souris-en-moussel-smp02-kopia\/#primaryimage"},"image":{"@id":"https:\/\/mousepad24.eu\/fr\/produkt\/tapis-de-souris-en-moussel-smp02-kopia\/#primaryimage"},"thumbnailUrl":"https:\/\/mousepad24.eu\/wp-content\/uploads\/2025\/07\/smp_02_pro_blank.webp","datePublished":"2025-07-25T15:11:24+00:00","dateModified":"2025-09-30T08:40:29+00:00","description":"Tapis de souris ergonomique en mousse avec repose-poignet - id\u00e9al pour le travail quotidien \u00e0 l'ordinateur. La surface souple et la forme profil\u00e9e assurent un positionnement correct de la main. Possibilit\u00e9 d'impression publicitaire en couleur. Confortable, abordable et universel - un tapis de souris en mousse pour chaque poste de travail. Parfait comme cadeau d'entreprise - vous pouvez ajouter un logo ou un graphisme.","breadcrumb":{"@id":"https:\/\/mousepad24.eu\/fr\/produkt\/tapis-de-souris-en-moussel-smp02-kopia\/#breadcrumb"},"inLanguage":"fr-FR","potentialAction":[{"@type":"ReadAction","target":["https:\/\/mousepad24.eu\/fr\/produkt\/tapis-de-souris-en-moussel-smp02-kopia\/"]}]},{"@type":"ImageObject","inLanguage":"fr-FR","@id":"https:\/\/mousepad24.eu\/fr\/produkt\/tapis-de-souris-en-moussel-smp02-kopia\/#primaryimage","url":"https:\/\/mousepad24.eu\/wp-content\/uploads\/2025\/07\/smp_02_pro_blank.webp","contentUrl":"https:\/\/mousepad24.eu\/wp-content\/uploads\/2025\/07\/smp_02_pro_blank.webp","width":2500,"height":2500,"caption":"Ergonomic foam mouse pad with wrist rest, black color"},{"@type":"BreadcrumbList","@id":"https:\/\/mousepad24.eu\/fr\/produkt\/tapis-de-souris-en-moussel-smp02-kopia\/#breadcrumb","itemListElement":[{"@type":"ListItem","position":1,"name":"Page d'accueil","item":"https:\/\/mousepad24.eu\/fr\/"},{"@type":"ListItem","position":2,"name":"Boutique","item":"https:\/\/mousepad24.eu\/fr\/"},{"@type":"ListItem","position":3,"name":"Tapis de souris en mousse \/SMP PRO (02)\/"}]},{"@type":"WebSite","@id":"https:\/\/mousepad24.eu\/#website","url":"https:\/\/mousepad24.eu\/","name":"MousePad24.eu","description":"Personalizowane podk\u0142adki pod mysz","publisher":{"@id":"https:\/\/mousepad24.eu\/#organization"},"potentialAction":[{"@type":"SearchAction","target":{"@type":"EntryPoint","urlTemplate":"https:\/\/mousepad24.eu\/?s={search_term_string}"},"query-input":{"@type":"PropertyValueSpecification","valueRequired":true,"valueName":"search_term_string"}}],"inLanguage":"fr-FR"},{"@type":"Organization","@id":"https:\/\/mousepad24.eu\/#organization","name":"MousePad24.eu","url":"https:\/\/mousepad24.eu\/","logo":{"@type":"ImageObject","inLanguage":"fr-FR","@id":"https:\/\/mousepad24.eu\/#\/schema\/logo\/image\/","url":"https:\/\/mousepad24.eu\/wp-content\/uploads\/2022\/12\/MOUSEPAD24_logo_curv_OK-1.png","contentUrl":"https:\/\/mousepad24.eu\/wp-content\/uploads\/2022\/12\/MOUSEPAD24_logo_curv_OK-1.png","width":1024,"height":75,"caption":"MousePad24.eu"},"image":{"@id":"https:\/\/mousepad24.eu\/#\/schema\/logo\/image\/"},"sameAs":["https:\/\/www.facebook.com\/mousepad24\/","https:\/\/www.instagram.com\/mousepad24.eu\/","https:\/\/www.linkedin.com\/company\/podkladki24-mousepad24\/"]}]}},"_links":{"self":[{"href":"https:\/\/mousepad24.eu\/fr\/wp-json\/wp\/v2\/product\/67927","targetHints":{"allow":["GET"]}}],"collection":[{"href":"https:\/\/mousepad24.eu\/fr\/wp-json\/wp\/v2\/product"}],"about":[{"href":"https:\/\/mousepad24.eu\/fr\/wp-json\/wp\/v2\/types\/product"}],"wp:featuredmedia":[{"embeddable":true,"href":"https:\/\/mousepad24.eu\/fr\/wp-json\/wp\/v2\/media\/65235"}],"wp:attachment":[{"href":"https:\/\/mousepad24.eu\/fr\/wp-json\/wp\/v2\/media?parent=67927"}],"wp:term":[{"taxonomy":"product_brand","embeddable":true,"href":"https:\/\/mousepad24.eu\/fr\/wp-json\/wp\/v2\/product_brand?post=67927"},{"taxonomy":"product_cat","embeddable":true,"href":"https:\/\/mousepad24.eu\/fr\/wp-json\/wp\/v2\/product_cat?post=67927"},{"taxonomy":"product_tag","embeddable":true,"href":"https:\/\/mousepad24.eu\/fr\/wp-json\/wp\/v2\/product_tag?post=67927"}],"curies":[{"name":"wp","href":"https:\/\/api.w.org\/{rel}","templated":true}]}}