{"id":68200,"date":"2025-08-03T19:28:23","date_gmt":"2025-08-03T17:28:23","guid":{"rendered":"https:\/\/jnpnki27nc.onrocket.site\/?post_type=product&#038;p=68200"},"modified":"2025-12-29T11:09:48","modified_gmt":"2025-12-29T10:09:48","slug":"tapis-de-souris-avec-bords-ourles-subs-00-kopia","status":"publish","type":"product","link":"https:\/\/mousepad24.eu\/fr\/produkt\/tapis-de-souris-avec-bords-ourles-subs-00-kopia\/","title":{"rendered":"Tapis de souris de forme personnalis\u00e9e \/ SUB_C"},"content":{"rendered":"<p>\ud83c\udfa8 Tapis de souris sublim\u00e9 de forme personnalis\u00e9e &#8211; Votre marque dans une nouvelle dimension !<br \/>\n\ud83d\uddb1\ufe0f La personnalisation ne s&#8217;arr\u00eate pas \u00e0 l&#8217;impression &#8211; vous pouvez maintenant concevoir non seulement le graphisme, mais aussi la forme du tapis ! Gr\u00e2ce \u00e0 la technologie de d\u00e9coupe pr\u00e9cise au format A4 (210\u00d7297 mm), nous cr\u00e9erons pour vous un tapis qui refl\u00e8te votre produit, votre logo ou votre vision cr\u00e9ative. <\/p>\n<p>\ud83c\udf1f Une unicit\u00e9 qui attire l&#8217;\u0153il<br \/>\n\u27a1\ufe0f Le tapis peut prendre n&#8217;importe quelle forme : bouteille, t\u00e9l\u00e9phone, appareil photo, texte, logo &#8211; les limites ne sont fix\u00e9es que par votre imagination !<br \/>\n\u27a1\ufe0f C&#8217;est une personnalisation compl\u00e8te qui rend votre gadget absolument unique &#8211; parfait pour les campagnes promotionnelles, les \u00e9v\u00e9nements, les cadeaux d&#8217;entreprise ou la vente au d\u00e9tail.<\/p>\n<p>\u2705 Avantages suppl\u00e9mentaires<br \/>\n\ud83d\uddb1\ufe0f Compatible avec tous les types de souris : optiques, laser, sans fil<br \/>\n\ud83e\uddfc Surface facile \u00e0 nettoyer<br \/>\n\ud83e\uddf2 Base antid\u00e9rapante &#8211; pas de glissement aga\u00e7ant sur le bureau<br \/>\n\ud83d\udce6 L\u00e9ger et facile \u00e0 emballer &#8211; id\u00e9al pour l&#8217;exp\u00e9dition<\/p>\n<p>\ud83d\udca1 Concevez un tapis qui raconte l&#8217;histoire de votre marque &#8211; dans une forme et des couleurs uniques !<br \/>\nCe n&#8217;est pas seulement un gadget fonctionnel, mais un outil marketing \u00e0 part enti\u00e8re qui reste longtemps avec le client.<\/p>\n<p style=\"color: red;\">Le prix peut changer si le fichier envoy\u00e9 par le client n\u00e9cessite un traitement suppl\u00e9mentaire, par exemple pour d\u00e9couper une forme sp\u00e9cifique dans la photo.<\/p>\n","protected":false},"excerpt":{"rendered":"<p>\u2702\ufe0f Forme individuelle et impression en couleur<br \/>\n\u2714\ufe0f Mat\u00e9riau : polyester doux et agr\u00e9able au toucher avec impression sublimation durable<br \/>\n\u2714\ufe0f Base : caoutchouc \u00e9lastique antid\u00e9rapant (\u00e9paisseur 1,5 mm) &#8211; stabilit\u00e9 sur chaque bureau<br \/>\n\u2714\ufe0f Format de sortie : A4 &#8211; forme d\u00e9coup\u00e9e selon votre conception<br \/>\n\u2714\ufe0f Quantit\u00e9 minimale pour une forme individuelle : \u00e0 partir de 10 pi\u00e8ces<br \/>\n\u2714\ufe0f Pour les commandes inf\u00e9rieures \u00e0 10 pi\u00e8ces, la forme rectangulaire classique (210\u00d7297 mm) s&#8217;applique <\/p>\n<p>\ud83c\udf1f Une unicit\u00e9 qui attire l&#8217;\u0153il<br \/>\n\u27a1\ufe0f Le tapis peut prendre n&#8217;importe quelle forme : bouteille, t\u00e9l\u00e9phone, appareil photo, texte, logo.<br \/>\n\u27a1\ufe0f C&#8217;est une personnalisation compl\u00e8te qui rend votre gadget absolument unique &#8211; parfait pour les campagnes promotionnelles, les \u00e9v\u00e9nements, les cadeaux d&#8217;entreprise ou la vente au d\u00e9tail.<\/p>\n","protected":false},"featured_media":75325,"template":"","meta":[],"product_brand":[1495],"product_cat":[1550],"product_tag":[1358,1726,1299,1302,1300,1306,1500,1473,1308,1744,1742,1746,1740,1745,1728,1747,983,1725,984,1734,1482,1738,1731,1364,1357,1743],"class_list":{"0":"post-68200","1":"product","2":"type-product","3":"status-publish","4":"has-post-thumbnail","6":"product_brand-subli-pro","7":"product_cat-tapis-de-souris-en-forme-personnalisee","8":"product_tag-accessoire-de-bureau","9":"product_tag-accessoires-de-bureau","10":"product_tag-accessoires-informatiques","11":"product_tag-antiderapant","12":"product_tag-bureau","13":"product_tag-design-fr","14":"product_tag-forme-personnalisee-tapis-personnalise-tapis-avec-impression","15":"product_tag-gadget-publicitaire","16":"product_tag-materiaux-de-haute-qualite","17":"product_tag-pour-jeux-video","18":"product_tag-pour-le-bureau","19":"product_tag-pour-le-travail-sur-ordinateur","20":"product_tag-pour-les-gamers","21":"product_tag-pour-ordinateur-portable","22":"product_tag-tapis-de-bureau-2","23":"product_tag-tapis-de-clavier-et-de-souris","24":"product_tag-tapis-de-souris","25":"product_tag-tapis-de-souris-2","26":"product_tag-tapis-de-souris-avec-impression","27":"product_tag-tapis-de-souris-avec-impression-personnalisee","28":"product_tag-tapis-de-souris-colore","29":"product_tag-tapis-de-souris-dentreprise","30":"product_tag-tapis-de-souris-personnalise-2","31":"product_tag-tapis-pour-sublimation","32":"product_tag-tapis-publicitaire","33":"product_tag-teletravail","34":"fpd-variation-needed","36":"first","37":"instock","38":"taxable","39":"shipping-taxable","40":"purchasable","41":"product-type-variable"},"yoast_head":"<!-- This site is optimized with the Yoast SEO plugin v27.3 - https:\/\/yoast.com\/product\/yoast-seo-wordpress\/ -->\n<title>Tapis de souris de forme personnalis\u00e9e \/ SUB_C - MousePad24.eu<\/title>\n<meta name=\"description\" content=\"\ud83c\udfa8 Tapis de souris sublim\u00e9 de forme personnalis\u00e9e - Votre marque dans une nouvelle dimension ! \ud83d\uddb1\ufe0f La personnalisation ne s&#039;arr\u00eate pas \u00e0 l&#039;impression - vous pouvez maintenant concevoir non seulement le graphisme, mais aussi la forme du tapis ! Gr\u00e2ce \u00e0 la technologie de d\u00e9coupe pr\u00e9cise au format A4 (210\u00d7297 mm), nous cr\u00e9erons pour vous un tapis qui refl\u00e8te votre produit, votre logo ou votre vision cr\u00e9ative.\" \/>\n<meta name=\"robots\" content=\"index, follow, max-snippet:-1, max-image-preview:large, max-video-preview:-1\" \/>\n<meta property=\"og:locale\" content=\"fr_FR\" \/>\n<meta property=\"og:type\" content=\"article\" \/>\n<meta property=\"og:title\" content=\"Tapis de souris de forme personnalis\u00e9e \/ SUB_C - MousePad24.eu\" \/>\n<meta property=\"og:description\" content=\"\ud83c\udfa8 Tapis de souris sublim\u00e9 de forme personnalis\u00e9e - Votre marque dans une nouvelle dimension ! \ud83d\uddb1\ufe0f La personnalisation ne s&#039;arr\u00eate pas \u00e0 l&#039;impression - vous pouvez maintenant concevoir non seulement le graphisme, mais aussi la forme du tapis ! Gr\u00e2ce \u00e0 la technologie de d\u00e9coupe pr\u00e9cise au format A4 (210\u00d7297 mm), nous cr\u00e9erons pour vous un tapis qui refl\u00e8te votre produit, votre logo ou votre vision cr\u00e9ative.\" \/>\n<meta property=\"og:url\" content=\"https:\/\/mousepad24.eu\/fr\/produkt\/tapis-de-souris-avec-bords-ourles-subs-00-kopia\/\" \/>\n<meta property=\"og:site_name\" content=\"MousePad24.eu\" \/>\n<meta property=\"article:publisher\" content=\"https:\/\/www.facebook.com\/mousepad24\/\" \/>\n<meta property=\"article:modified_time\" content=\"2025-12-29T10:09:48+00:00\" \/>\n<meta property=\"og:image\" content=\"https:\/\/mousepad24.eu\/wp-content\/uploads\/2025\/08\/subc_all.jpg\" \/>\n\t<meta property=\"og:image:width\" content=\"2500\" \/>\n\t<meta property=\"og:image:height\" content=\"2500\" \/>\n\t<meta property=\"og:image:type\" content=\"image\/jpeg\" \/>\n<meta name=\"twitter:card\" content=\"summary_large_image\" \/>\n<meta name=\"twitter:label1\" content=\"Dur\u00e9e de lecture estim\u00e9e\" \/>\n\t<meta name=\"twitter:data1\" content=\"1 minute\" \/>\n<script type=\"application\/ld+json\" class=\"yoast-schema-graph\">{\"@context\":\"https:\\\/\\\/schema.org\",\"@graph\":[{\"@type\":\"WebPage\",\"@id\":\"https:\\\/\\\/mousepad24.eu\\\/fr\\\/produkt\\\/tapis-de-souris-avec-bords-ourles-subs-00-kopia\\\/\",\"url\":\"https:\\\/\\\/mousepad24.eu\\\/fr\\\/produkt\\\/tapis-de-souris-avec-bords-ourles-subs-00-kopia\\\/\",\"name\":\"Tapis de souris de forme personnalis\u00e9e \\\/ SUB_C - MousePad24.eu\",\"isPartOf\":{\"@id\":\"https:\\\/\\\/mousepad24.eu\\\/#website\"},\"primaryImageOfPage\":{\"@id\":\"https:\\\/\\\/mousepad24.eu\\\/fr\\\/produkt\\\/tapis-de-souris-avec-bords-ourles-subs-00-kopia\\\/#primaryimage\"},\"image\":{\"@id\":\"https:\\\/\\\/mousepad24.eu\\\/fr\\\/produkt\\\/tapis-de-souris-avec-bords-ourles-subs-00-kopia\\\/#primaryimage\"},\"thumbnailUrl\":\"https:\\\/\\\/mousepad24.eu\\\/wp-content\\\/uploads\\\/2025\\\/08\\\/subc_all.jpg\",\"datePublished\":\"2025-08-03T17:28:23+00:00\",\"dateModified\":\"2025-12-29T10:09:48+00:00\",\"description\":\"\ud83c\udfa8 Tapis de souris sublim\u00e9 de forme personnalis\u00e9e - Votre marque dans une nouvelle dimension ! \ud83d\uddb1\ufe0f La personnalisation ne s'arr\u00eate pas \u00e0 l'impression - vous pouvez maintenant concevoir non seulement le graphisme, mais aussi la forme du tapis ! Gr\u00e2ce \u00e0 la technologie de d\u00e9coupe pr\u00e9cise au format A4 (210\u00d7297 mm), nous cr\u00e9erons pour vous un tapis qui refl\u00e8te votre produit, votre logo ou votre vision cr\u00e9ative.\",\"breadcrumb\":{\"@id\":\"https:\\\/\\\/mousepad24.eu\\\/fr\\\/produkt\\\/tapis-de-souris-avec-bords-ourles-subs-00-kopia\\\/#breadcrumb\"},\"inLanguage\":\"fr-FR\",\"potentialAction\":[{\"@type\":\"ReadAction\",\"target\":[\"https:\\\/\\\/mousepad24.eu\\\/fr\\\/produkt\\\/tapis-de-souris-avec-bords-ourles-subs-00-kopia\\\/\"]}]},{\"@type\":\"ImageObject\",\"inLanguage\":\"fr-FR\",\"@id\":\"https:\\\/\\\/mousepad24.eu\\\/fr\\\/produkt\\\/tapis-de-souris-avec-bords-ourles-subs-00-kopia\\\/#primaryimage\",\"url\":\"https:\\\/\\\/mousepad24.eu\\\/wp-content\\\/uploads\\\/2025\\\/08\\\/subc_all.jpg\",\"contentUrl\":\"https:\\\/\\\/mousepad24.eu\\\/wp-content\\\/uploads\\\/2025\\\/08\\\/subc_all.jpg\",\"width\":2500,\"height\":2500},{\"@type\":\"BreadcrumbList\",\"@id\":\"https:\\\/\\\/mousepad24.eu\\\/fr\\\/produkt\\\/tapis-de-souris-avec-bords-ourles-subs-00-kopia\\\/#breadcrumb\",\"itemListElement\":[{\"@type\":\"ListItem\",\"position\":1,\"name\":\"Page d'accueil\",\"item\":\"https:\\\/\\\/mousepad24.eu\\\/fr\\\/\"},{\"@type\":\"ListItem\",\"position\":2,\"name\":\"Boutique\",\"item\":\"https:\\\/\\\/mousepad24.eu\\\/fr\\\/\"},{\"@type\":\"ListItem\",\"position\":3,\"name\":\"Tapis de souris de forme personnalis\u00e9e \\\/ SUB_C\"}]},{\"@type\":\"WebSite\",\"@id\":\"https:\\\/\\\/mousepad24.eu\\\/#website\",\"url\":\"https:\\\/\\\/mousepad24.eu\\\/\",\"name\":\"MousePad24.eu\",\"description\":\"Personalizowane podk\u0142adki pod mysz\",\"publisher\":{\"@id\":\"https:\\\/\\\/mousepad24.eu\\\/#organization\"},\"potentialAction\":[{\"@type\":\"SearchAction\",\"target\":{\"@type\":\"EntryPoint\",\"urlTemplate\":\"https:\\\/\\\/mousepad24.eu\\\/?s={search_term_string}\"},\"query-input\":{\"@type\":\"PropertyValueSpecification\",\"valueRequired\":true,\"valueName\":\"search_term_string\"}}],\"inLanguage\":\"fr-FR\"},{\"@type\":\"Organization\",\"@id\":\"https:\\\/\\\/mousepad24.eu\\\/#organization\",\"name\":\"MousePad24.eu\",\"url\":\"https:\\\/\\\/mousepad24.eu\\\/\",\"logo\":{\"@type\":\"ImageObject\",\"inLanguage\":\"fr-FR\",\"@id\":\"https:\\\/\\\/mousepad24.eu\\\/#\\\/schema\\\/logo\\\/image\\\/\",\"url\":\"https:\\\/\\\/mousepad24.eu\\\/wp-content\\\/uploads\\\/2022\\\/12\\\/MOUSEPAD24_logo_curv_OK-1.png\",\"contentUrl\":\"https:\\\/\\\/mousepad24.eu\\\/wp-content\\\/uploads\\\/2022\\\/12\\\/MOUSEPAD24_logo_curv_OK-1.png\",\"width\":1024,\"height\":75,\"caption\":\"MousePad24.eu\"},\"image\":{\"@id\":\"https:\\\/\\\/mousepad24.eu\\\/#\\\/schema\\\/logo\\\/image\\\/\"},\"sameAs\":[\"https:\\\/\\\/www.facebook.com\\\/mousepad24\\\/\",\"https:\\\/\\\/www.instagram.com\\\/mousepad24.eu\\\/\",\"https:\\\/\\\/www.linkedin.com\\\/company\\\/podkladki24-mousepad24\\\/\"]}]}<\/script>\n<!-- \/ Yoast SEO plugin. -->","yoast_head_json":{"title":"Tapis de souris de forme personnalis\u00e9e \/ SUB_C - MousePad24.eu","description":"\ud83c\udfa8 Tapis de souris sublim\u00e9 de forme personnalis\u00e9e - Votre marque dans une nouvelle dimension ! \ud83d\uddb1\ufe0f La personnalisation ne s'arr\u00eate pas \u00e0 l'impression - vous pouvez maintenant concevoir non seulement le graphisme, mais aussi la forme du tapis ! Gr\u00e2ce \u00e0 la technologie de d\u00e9coupe pr\u00e9cise au format A4 (210\u00d7297 mm), nous cr\u00e9erons pour vous un tapis qui refl\u00e8te votre produit, votre logo ou votre vision cr\u00e9ative.","robots":{"index":"index","follow":"follow","max-snippet":"max-snippet:-1","max-image-preview":"max-image-preview:large","max-video-preview":"max-video-preview:-1"},"og_locale":"fr_FR","og_type":"article","og_title":"Tapis de souris de forme personnalis\u00e9e \/ SUB_C - MousePad24.eu","og_description":"\ud83c\udfa8 Tapis de souris sublim\u00e9 de forme personnalis\u00e9e - Votre marque dans une nouvelle dimension ! \ud83d\uddb1\ufe0f La personnalisation ne s'arr\u00eate pas \u00e0 l'impression - vous pouvez maintenant concevoir non seulement le graphisme, mais aussi la forme du tapis ! Gr\u00e2ce \u00e0 la technologie de d\u00e9coupe pr\u00e9cise au format A4 (210\u00d7297 mm), nous cr\u00e9erons pour vous un tapis qui refl\u00e8te votre produit, votre logo ou votre vision cr\u00e9ative.","og_url":"https:\/\/mousepad24.eu\/fr\/produkt\/tapis-de-souris-avec-bords-ourles-subs-00-kopia\/","og_site_name":"MousePad24.eu","article_publisher":"https:\/\/www.facebook.com\/mousepad24\/","article_modified_time":"2025-12-29T10:09:48+00:00","og_image":[{"width":2500,"height":2500,"url":"https:\/\/mousepad24.eu\/wp-content\/uploads\/2025\/08\/subc_all.jpg","type":"image\/jpeg"}],"twitter_card":"summary_large_image","twitter_misc":{"Dur\u00e9e de lecture estim\u00e9e":"1 minute"},"schema":{"@context":"https:\/\/schema.org","@graph":[{"@type":"WebPage","@id":"https:\/\/mousepad24.eu\/fr\/produkt\/tapis-de-souris-avec-bords-ourles-subs-00-kopia\/","url":"https:\/\/mousepad24.eu\/fr\/produkt\/tapis-de-souris-avec-bords-ourles-subs-00-kopia\/","name":"Tapis de souris de forme personnalis\u00e9e \/ SUB_C - MousePad24.eu","isPartOf":{"@id":"https:\/\/mousepad24.eu\/#website"},"primaryImageOfPage":{"@id":"https:\/\/mousepad24.eu\/fr\/produkt\/tapis-de-souris-avec-bords-ourles-subs-00-kopia\/#primaryimage"},"image":{"@id":"https:\/\/mousepad24.eu\/fr\/produkt\/tapis-de-souris-avec-bords-ourles-subs-00-kopia\/#primaryimage"},"thumbnailUrl":"https:\/\/mousepad24.eu\/wp-content\/uploads\/2025\/08\/subc_all.jpg","datePublished":"2025-08-03T17:28:23+00:00","dateModified":"2025-12-29T10:09:48+00:00","description":"\ud83c\udfa8 Tapis de souris sublim\u00e9 de forme personnalis\u00e9e - Votre marque dans une nouvelle dimension ! \ud83d\uddb1\ufe0f La personnalisation ne s'arr\u00eate pas \u00e0 l'impression - vous pouvez maintenant concevoir non seulement le graphisme, mais aussi la forme du tapis ! Gr\u00e2ce \u00e0 la technologie de d\u00e9coupe pr\u00e9cise au format A4 (210\u00d7297 mm), nous cr\u00e9erons pour vous un tapis qui refl\u00e8te votre produit, votre logo ou votre vision cr\u00e9ative.","breadcrumb":{"@id":"https:\/\/mousepad24.eu\/fr\/produkt\/tapis-de-souris-avec-bords-ourles-subs-00-kopia\/#breadcrumb"},"inLanguage":"fr-FR","potentialAction":[{"@type":"ReadAction","target":["https:\/\/mousepad24.eu\/fr\/produkt\/tapis-de-souris-avec-bords-ourles-subs-00-kopia\/"]}]},{"@type":"ImageObject","inLanguage":"fr-FR","@id":"https:\/\/mousepad24.eu\/fr\/produkt\/tapis-de-souris-avec-bords-ourles-subs-00-kopia\/#primaryimage","url":"https:\/\/mousepad24.eu\/wp-content\/uploads\/2025\/08\/subc_all.jpg","contentUrl":"https:\/\/mousepad24.eu\/wp-content\/uploads\/2025\/08\/subc_all.jpg","width":2500,"height":2500},{"@type":"BreadcrumbList","@id":"https:\/\/mousepad24.eu\/fr\/produkt\/tapis-de-souris-avec-bords-ourles-subs-00-kopia\/#breadcrumb","itemListElement":[{"@type":"ListItem","position":1,"name":"Page d'accueil","item":"https:\/\/mousepad24.eu\/fr\/"},{"@type":"ListItem","position":2,"name":"Boutique","item":"https:\/\/mousepad24.eu\/fr\/"},{"@type":"ListItem","position":3,"name":"Tapis de souris de forme personnalis\u00e9e \/ SUB_C"}]},{"@type":"WebSite","@id":"https:\/\/mousepad24.eu\/#website","url":"https:\/\/mousepad24.eu\/","name":"MousePad24.eu","description":"Personalizowane podk\u0142adki pod mysz","publisher":{"@id":"https:\/\/mousepad24.eu\/#organization"},"potentialAction":[{"@type":"SearchAction","target":{"@type":"EntryPoint","urlTemplate":"https:\/\/mousepad24.eu\/?s={search_term_string}"},"query-input":{"@type":"PropertyValueSpecification","valueRequired":true,"valueName":"search_term_string"}}],"inLanguage":"fr-FR"},{"@type":"Organization","@id":"https:\/\/mousepad24.eu\/#organization","name":"MousePad24.eu","url":"https:\/\/mousepad24.eu\/","logo":{"@type":"ImageObject","inLanguage":"fr-FR","@id":"https:\/\/mousepad24.eu\/#\/schema\/logo\/image\/","url":"https:\/\/mousepad24.eu\/wp-content\/uploads\/2022\/12\/MOUSEPAD24_logo_curv_OK-1.png","contentUrl":"https:\/\/mousepad24.eu\/wp-content\/uploads\/2022\/12\/MOUSEPAD24_logo_curv_OK-1.png","width":1024,"height":75,"caption":"MousePad24.eu"},"image":{"@id":"https:\/\/mousepad24.eu\/#\/schema\/logo\/image\/"},"sameAs":["https:\/\/www.facebook.com\/mousepad24\/","https:\/\/www.instagram.com\/mousepad24.eu\/","https:\/\/www.linkedin.com\/company\/podkladki24-mousepad24\/"]}]}},"_links":{"self":[{"href":"https:\/\/mousepad24.eu\/fr\/wp-json\/wp\/v2\/product\/68200","targetHints":{"allow":["GET"]}}],"collection":[{"href":"https:\/\/mousepad24.eu\/fr\/wp-json\/wp\/v2\/product"}],"about":[{"href":"https:\/\/mousepad24.eu\/fr\/wp-json\/wp\/v2\/types\/product"}],"wp:featuredmedia":[{"embeddable":true,"href":"https:\/\/mousepad24.eu\/fr\/wp-json\/wp\/v2\/media\/75325"}],"wp:attachment":[{"href":"https:\/\/mousepad24.eu\/fr\/wp-json\/wp\/v2\/media?parent=68200"}],"wp:term":[{"taxonomy":"product_brand","embeddable":true,"href":"https:\/\/mousepad24.eu\/fr\/wp-json\/wp\/v2\/product_brand?post=68200"},{"taxonomy":"product_cat","embeddable":true,"href":"https:\/\/mousepad24.eu\/fr\/wp-json\/wp\/v2\/product_cat?post=68200"},{"taxonomy":"product_tag","embeddable":true,"href":"https:\/\/mousepad24.eu\/fr\/wp-json\/wp\/v2\/product_tag?post=68200"}],"curies":[{"name":"wp","href":"https:\/\/api.w.org\/{rel}","templated":true}]}}