{"id":69835,"date":"2025-10-20T11:57:04","date_gmt":"2025-10-20T09:57:04","guid":{"rendered":"https:\/\/jnpnki27nc.onrocket.site\/?post_type=product&#038;p=69835"},"modified":"2026-03-24T12:25:23","modified_gmt":"2026-03-24T11:25:23","slug":"emballage-blister-de-noel","status":"publish","type":"product","link":"https:\/\/mousepad24.eu\/fr\/produkt\/emballage-blister-de-noel\/","title":{"rendered":"Emballage Blister de No\u00ebl (BP+)"},"content":{"rendered":"<p>\ud83c\udf84 <strong>Blister avec dos de No\u00ebl \u2013 une fa\u00e7on \u00e9l\u00e9gante d&#8217;offrir un cadeau d&#8217;entreprise festif<\/strong><\/p>\n<p>Pendant la p\u00e9riode de No\u00ebl, chaque d\u00e9tail compte. Les tapis de souris emball\u00e9s dans un <strong>blister avec dos aux motifs de No\u00ebl<\/strong> sont une excellente id\u00e9e pour un cadeau unique destin\u00e9 aux clients, partenaires commerciaux ou employ\u00e9s. <\/p>\n<p>Film transparent  <strong>PET d&#8217;environ 0,4 mm d&#8217;\u00e9paisseur <\/strong>, parfaitement adapt\u00e9 \u00e0 la forme du tapis de souris gel. Il prot\u00e8ge le produit et met en valeur son impression publicitaire, comme le logo de l&#8217;entreprise. Le <strong>dos en carton<\/strong> peut \u00eatre imprim\u00e9 dans un style de No\u00ebl \u2014 avec des graphiques de sapin, d&#8217;\u00e9toiles, de calendrier du nouvel an ou de v\u0153ux.  <\/p>\n<p>Cette combinaison permet de conserver le <strong>caract\u00e8re universel du tapis de souris<\/strong>, qui peut \u00eatre utilis\u00e9 toute l&#8217;ann\u00e9e. En m\u00eame temps, elle lui donne une <strong>touche chaleureuse et festive<\/strong> au moment de l&#8217;offrir. <\/p>\n<p>\ud83c\udf81 <strong>Options de personnalisation disponibles :<\/strong><\/p>\n<ul>\n<li>choix parmi des motifs de No\u00ebl pr\u00eats \u00e0 l&#8217;emploi pour le dos,<\/li>\n<li>possibilit\u00e9 de fournir <strong>ton propre projet graphique<\/strong>,<\/li>\n<li>option d&#8217;ajouter un calendrier ou des v\u0153ux personnalis\u00e9s.<\/li>\n<\/ul>\n<p>\u2728 <strong>Avantages de l&#8217;emballage de No\u00ebl :<\/strong><\/p>\n<ul>\n<li>cr\u00e9e des \u00e9motions positives et une impression d&#8217;attention aux d\u00e9tails,<\/li>\n<li>souligne le caract\u00e8re unique du cadeau d&#8217;entreprise,<\/li>\n<li>renforce l&#8217;image de marque comme \u00e9l\u00e9gante et cr\u00e9ative,<\/li>\n<li>excellente protection du produit et effet \u00ab cadeau pr\u00eat \u00e0 offrir \u00bb.<\/li>\n<\/ul>\n<p><strong>Produit destin\u00e9 exclusivement \u00e0 l&#8217;emballage de tapis de souris en gel de dimensions 19 x 23.<\/strong><\/p>\n<p>Le blister avec dos de No\u00ebl fait qu&#8217;m\u00eame un simple gadget de bureau devient un <strong>cadeau de No\u00ebl chaleureux, styl\u00e9 et plein de charme<\/strong>, qui restera avec l&#8217;utilisateur toute l&#8217;ann\u00e9e.<\/p>\n","protected":false},"excerpt":{"rendered":"<p>\ud83c\udf84 Le blister avec impression de No\u00ebl sur carton est l&#8217;emballage id\u00e9al pour les tapis de souris gel offerts pendant la p\u00e9riode de No\u00ebl.<\/p>\n<p>\ud83c\udf85 L&#8217;impression publicitaire standard sur le tapis de souris peut \u00eatre compl\u00e9t\u00e9e par un fond saisonnier \u2013 avec sapin, v\u0153ux de No\u00ebl ou calendrier du nouvel an.<\/p>\n<p>\ud83c\udf81 Ainsi emball\u00e9, le gadget prend un caract\u00e8re festif unique et devient un \u00e9l\u00e9gant cadeau d&#8217;entreprise.<\/p>\n<p>\ud83d\udcab Le blister avec dos de No\u00ebl fait qu&#8217;m\u00eame un simple gadget de bureau devient un cadeau chaleureux, styl\u00e9 et plein de charme, qui restera avec l&#8217;utilisateur toute l&#8217;ann\u00e9e.<\/p>\n","protected":false},"featured_media":69867,"template":"","meta":[],"product_brand":[],"product_cat":[1554,884],"product_tag":[1590,1591,1587,1681,1482,1588,1589],"class_list":{"0":"post-69835","1":"product","2":"type-product","3":"status-publish","4":"has-post-thumbnail","6":"product_cat-autres","7":"product_cat-podkladka-zelowa-fr","8":"product_tag-meilleur-tapis-de-souris","9":"product_tag-gadgets-publicitaires","10":"product_tag-tapis-de-souris-avec-impression-publicitaire","11":"product_tag-tapis-de-souris-avec-impression-publicitaire-3","12":"product_tag-tapis-de-souris-colore","13":"product_tag-tapis-de-souris-de-haute-qualite","14":"product_tag-tapis-de-souris-professionnel","15":"fpd-variation-needed","17":"first","18":"instock","19":"taxable","20":"shipping-taxable","21":"purchasable","22":"product-type-variable"},"yoast_head":"<!-- This site is optimized with the Yoast SEO plugin v27.3 - https:\/\/yoast.com\/product\/yoast-seo-wordpress\/ -->\n<title>Emballage Blister de No\u00ebl (BP+) - MousePad24.eu<\/title>\n<meta name=\"robots\" content=\"index, follow, max-snippet:-1, max-image-preview:large, max-video-preview:-1\" \/>\n<meta property=\"og:locale\" content=\"fr_FR\" \/>\n<meta property=\"og:type\" content=\"article\" \/>\n<meta property=\"og:title\" content=\"Emballage Blister de No\u00ebl (BP+) - MousePad24.eu\" \/>\n<meta property=\"og:description\" content=\"\ud83c\udf84 Le blister avec impression de No\u00ebl sur carton est l&#039;emballage id\u00e9al pour les tapis de souris gel offerts pendant la p\u00e9riode de No\u00ebl. \ud83c\udf85 L&#039;impression publicitaire standard sur le tapis de souris peut \u00eatre compl\u00e9t\u00e9e par un fond saisonnier \u2013 avec sapin, v\u0153ux de No\u00ebl ou calendrier du nouvel an. \ud83c\udf81 Ainsi emball\u00e9, le gadget prend un caract\u00e8re festif unique et devient un \u00e9l\u00e9gant cadeau d&#039;entreprise. \ud83d\udcab Le blister avec dos de No\u00ebl fait qu&#039;m\u00eame un simple gadget de bureau devient un cadeau chaleureux, styl\u00e9 et plein de charme, qui restera avec l&#039;utilisateur toute l&#039;ann\u00e9e.\" \/>\n<meta property=\"og:url\" content=\"https:\/\/mousepad24.eu\/fr\/produkt\/emballage-blister-de-noel\/\" \/>\n<meta property=\"og:site_name\" content=\"MousePad24.eu\" \/>\n<meta property=\"article:publisher\" content=\"https:\/\/www.facebook.com\/mousepad24\/\" \/>\n<meta property=\"article:modified_time\" content=\"2026-03-24T11:25:23+00:00\" \/>\n<meta property=\"og:image\" content=\"https:\/\/mousepad24.eu\/wp-content\/uploads\/2025\/10\/blister_gmp03_swiateczny4.jpg\" \/>\n\t<meta property=\"og:image:width\" content=\"2502\" \/>\n\t<meta property=\"og:image:height\" content=\"2502\" \/>\n\t<meta property=\"og:image:type\" content=\"image\/jpeg\" \/>\n<meta name=\"twitter:card\" content=\"summary_large_image\" \/>\n<meta name=\"twitter:label1\" content=\"Dur\u00e9e de lecture estim\u00e9e\" \/>\n\t<meta name=\"twitter:data1\" content=\"2 minutes\" \/>\n<script type=\"application\/ld+json\" class=\"yoast-schema-graph\">{\"@context\":\"https:\\\/\\\/schema.org\",\"@graph\":[{\"@type\":\"WebPage\",\"@id\":\"https:\\\/\\\/mousepad24.eu\\\/fr\\\/produkt\\\/emballage-blister-de-noel\\\/\",\"url\":\"https:\\\/\\\/mousepad24.eu\\\/fr\\\/produkt\\\/emballage-blister-de-noel\\\/\",\"name\":\"Emballage Blister de No\u00ebl (BP+) - MousePad24.eu\",\"isPartOf\":{\"@id\":\"https:\\\/\\\/mousepad24.eu\\\/#website\"},\"primaryImageOfPage\":{\"@id\":\"https:\\\/\\\/mousepad24.eu\\\/fr\\\/produkt\\\/emballage-blister-de-noel\\\/#primaryimage\"},\"image\":{\"@id\":\"https:\\\/\\\/mousepad24.eu\\\/fr\\\/produkt\\\/emballage-blister-de-noel\\\/#primaryimage\"},\"thumbnailUrl\":\"https:\\\/\\\/mousepad24.eu\\\/wp-content\\\/uploads\\\/2025\\\/10\\\/blister_gmp03_swiateczny4.jpg\",\"datePublished\":\"2025-10-20T09:57:04+00:00\",\"dateModified\":\"2026-03-24T11:25:23+00:00\",\"breadcrumb\":{\"@id\":\"https:\\\/\\\/mousepad24.eu\\\/fr\\\/produkt\\\/emballage-blister-de-noel\\\/#breadcrumb\"},\"inLanguage\":\"fr-FR\",\"potentialAction\":[{\"@type\":\"ReadAction\",\"target\":[\"https:\\\/\\\/mousepad24.eu\\\/fr\\\/produkt\\\/emballage-blister-de-noel\\\/\"]}]},{\"@type\":\"ImageObject\",\"inLanguage\":\"fr-FR\",\"@id\":\"https:\\\/\\\/mousepad24.eu\\\/fr\\\/produkt\\\/emballage-blister-de-noel\\\/#primaryimage\",\"url\":\"https:\\\/\\\/mousepad24.eu\\\/wp-content\\\/uploads\\\/2025\\\/10\\\/blister_gmp03_swiateczny4.jpg\",\"contentUrl\":\"https:\\\/\\\/mousepad24.eu\\\/wp-content\\\/uploads\\\/2025\\\/10\\\/blister_gmp03_swiateczny4.jpg\",\"width\":2502,\"height\":2502},{\"@type\":\"BreadcrumbList\",\"@id\":\"https:\\\/\\\/mousepad24.eu\\\/fr\\\/produkt\\\/emballage-blister-de-noel\\\/#breadcrumb\",\"itemListElement\":[{\"@type\":\"ListItem\",\"position\":1,\"name\":\"Page d'accueil\",\"item\":\"https:\\\/\\\/mousepad24.eu\\\/fr\\\/\"},{\"@type\":\"ListItem\",\"position\":2,\"name\":\"Boutique\",\"item\":\"https:\\\/\\\/mousepad24.eu\\\/fr\\\/\"},{\"@type\":\"ListItem\",\"position\":3,\"name\":\"Emballage Blister de No\u00ebl (BP+)\"}]},{\"@type\":\"WebSite\",\"@id\":\"https:\\\/\\\/mousepad24.eu\\\/#website\",\"url\":\"https:\\\/\\\/mousepad24.eu\\\/\",\"name\":\"MousePad24.eu\",\"description\":\"Personalizowane podk\u0142adki pod mysz\",\"publisher\":{\"@id\":\"https:\\\/\\\/mousepad24.eu\\\/#organization\"},\"potentialAction\":[{\"@type\":\"SearchAction\",\"target\":{\"@type\":\"EntryPoint\",\"urlTemplate\":\"https:\\\/\\\/mousepad24.eu\\\/?s={search_term_string}\"},\"query-input\":{\"@type\":\"PropertyValueSpecification\",\"valueRequired\":true,\"valueName\":\"search_term_string\"}}],\"inLanguage\":\"fr-FR\"},{\"@type\":\"Organization\",\"@id\":\"https:\\\/\\\/mousepad24.eu\\\/#organization\",\"name\":\"MousePad24.eu\",\"url\":\"https:\\\/\\\/mousepad24.eu\\\/\",\"logo\":{\"@type\":\"ImageObject\",\"inLanguage\":\"fr-FR\",\"@id\":\"https:\\\/\\\/mousepad24.eu\\\/#\\\/schema\\\/logo\\\/image\\\/\",\"url\":\"https:\\\/\\\/mousepad24.eu\\\/wp-content\\\/uploads\\\/2022\\\/12\\\/MOUSEPAD24_logo_curv_OK-1.png\",\"contentUrl\":\"https:\\\/\\\/mousepad24.eu\\\/wp-content\\\/uploads\\\/2022\\\/12\\\/MOUSEPAD24_logo_curv_OK-1.png\",\"width\":1024,\"height\":75,\"caption\":\"MousePad24.eu\"},\"image\":{\"@id\":\"https:\\\/\\\/mousepad24.eu\\\/#\\\/schema\\\/logo\\\/image\\\/\"},\"sameAs\":[\"https:\\\/\\\/www.facebook.com\\\/mousepad24\\\/\",\"https:\\\/\\\/www.instagram.com\\\/mousepad24.eu\\\/\",\"https:\\\/\\\/www.linkedin.com\\\/company\\\/podkladki24-mousepad24\\\/\"]}]}<\/script>\n<!-- \/ Yoast SEO plugin. -->","yoast_head_json":{"title":"Emballage Blister de No\u00ebl (BP+) - MousePad24.eu","robots":{"index":"index","follow":"follow","max-snippet":"max-snippet:-1","max-image-preview":"max-image-preview:large","max-video-preview":"max-video-preview:-1"},"og_locale":"fr_FR","og_type":"article","og_title":"Emballage Blister de No\u00ebl (BP+) - MousePad24.eu","og_description":"\ud83c\udf84 Le blister avec impression de No\u00ebl sur carton est l'emballage id\u00e9al pour les tapis de souris gel offerts pendant la p\u00e9riode de No\u00ebl. \ud83c\udf85 L'impression publicitaire standard sur le tapis de souris peut \u00eatre compl\u00e9t\u00e9e par un fond saisonnier \u2013 avec sapin, v\u0153ux de No\u00ebl ou calendrier du nouvel an. \ud83c\udf81 Ainsi emball\u00e9, le gadget prend un caract\u00e8re festif unique et devient un \u00e9l\u00e9gant cadeau d'entreprise. \ud83d\udcab Le blister avec dos de No\u00ebl fait qu'm\u00eame un simple gadget de bureau devient un cadeau chaleureux, styl\u00e9 et plein de charme, qui restera avec l'utilisateur toute l'ann\u00e9e.","og_url":"https:\/\/mousepad24.eu\/fr\/produkt\/emballage-blister-de-noel\/","og_site_name":"MousePad24.eu","article_publisher":"https:\/\/www.facebook.com\/mousepad24\/","article_modified_time":"2026-03-24T11:25:23+00:00","og_image":[{"width":2502,"height":2502,"url":"https:\/\/mousepad24.eu\/wp-content\/uploads\/2025\/10\/blister_gmp03_swiateczny4.jpg","type":"image\/jpeg"}],"twitter_card":"summary_large_image","twitter_misc":{"Dur\u00e9e de lecture estim\u00e9e":"2 minutes"},"schema":{"@context":"https:\/\/schema.org","@graph":[{"@type":"WebPage","@id":"https:\/\/mousepad24.eu\/fr\/produkt\/emballage-blister-de-noel\/","url":"https:\/\/mousepad24.eu\/fr\/produkt\/emballage-blister-de-noel\/","name":"Emballage Blister de No\u00ebl (BP+) - MousePad24.eu","isPartOf":{"@id":"https:\/\/mousepad24.eu\/#website"},"primaryImageOfPage":{"@id":"https:\/\/mousepad24.eu\/fr\/produkt\/emballage-blister-de-noel\/#primaryimage"},"image":{"@id":"https:\/\/mousepad24.eu\/fr\/produkt\/emballage-blister-de-noel\/#primaryimage"},"thumbnailUrl":"https:\/\/mousepad24.eu\/wp-content\/uploads\/2025\/10\/blister_gmp03_swiateczny4.jpg","datePublished":"2025-10-20T09:57:04+00:00","dateModified":"2026-03-24T11:25:23+00:00","breadcrumb":{"@id":"https:\/\/mousepad24.eu\/fr\/produkt\/emballage-blister-de-noel\/#breadcrumb"},"inLanguage":"fr-FR","potentialAction":[{"@type":"ReadAction","target":["https:\/\/mousepad24.eu\/fr\/produkt\/emballage-blister-de-noel\/"]}]},{"@type":"ImageObject","inLanguage":"fr-FR","@id":"https:\/\/mousepad24.eu\/fr\/produkt\/emballage-blister-de-noel\/#primaryimage","url":"https:\/\/mousepad24.eu\/wp-content\/uploads\/2025\/10\/blister_gmp03_swiateczny4.jpg","contentUrl":"https:\/\/mousepad24.eu\/wp-content\/uploads\/2025\/10\/blister_gmp03_swiateczny4.jpg","width":2502,"height":2502},{"@type":"BreadcrumbList","@id":"https:\/\/mousepad24.eu\/fr\/produkt\/emballage-blister-de-noel\/#breadcrumb","itemListElement":[{"@type":"ListItem","position":1,"name":"Page d'accueil","item":"https:\/\/mousepad24.eu\/fr\/"},{"@type":"ListItem","position":2,"name":"Boutique","item":"https:\/\/mousepad24.eu\/fr\/"},{"@type":"ListItem","position":3,"name":"Emballage Blister de No\u00ebl (BP+)"}]},{"@type":"WebSite","@id":"https:\/\/mousepad24.eu\/#website","url":"https:\/\/mousepad24.eu\/","name":"MousePad24.eu","description":"Personalizowane podk\u0142adki pod mysz","publisher":{"@id":"https:\/\/mousepad24.eu\/#organization"},"potentialAction":[{"@type":"SearchAction","target":{"@type":"EntryPoint","urlTemplate":"https:\/\/mousepad24.eu\/?s={search_term_string}"},"query-input":{"@type":"PropertyValueSpecification","valueRequired":true,"valueName":"search_term_string"}}],"inLanguage":"fr-FR"},{"@type":"Organization","@id":"https:\/\/mousepad24.eu\/#organization","name":"MousePad24.eu","url":"https:\/\/mousepad24.eu\/","logo":{"@type":"ImageObject","inLanguage":"fr-FR","@id":"https:\/\/mousepad24.eu\/#\/schema\/logo\/image\/","url":"https:\/\/mousepad24.eu\/wp-content\/uploads\/2022\/12\/MOUSEPAD24_logo_curv_OK-1.png","contentUrl":"https:\/\/mousepad24.eu\/wp-content\/uploads\/2022\/12\/MOUSEPAD24_logo_curv_OK-1.png","width":1024,"height":75,"caption":"MousePad24.eu"},"image":{"@id":"https:\/\/mousepad24.eu\/#\/schema\/logo\/image\/"},"sameAs":["https:\/\/www.facebook.com\/mousepad24\/","https:\/\/www.instagram.com\/mousepad24.eu\/","https:\/\/www.linkedin.com\/company\/podkladki24-mousepad24\/"]}]}},"_links":{"self":[{"href":"https:\/\/mousepad24.eu\/fr\/wp-json\/wp\/v2\/product\/69835","targetHints":{"allow":["GET"]}}],"collection":[{"href":"https:\/\/mousepad24.eu\/fr\/wp-json\/wp\/v2\/product"}],"about":[{"href":"https:\/\/mousepad24.eu\/fr\/wp-json\/wp\/v2\/types\/product"}],"wp:featuredmedia":[{"embeddable":true,"href":"https:\/\/mousepad24.eu\/fr\/wp-json\/wp\/v2\/media\/69867"}],"wp:attachment":[{"href":"https:\/\/mousepad24.eu\/fr\/wp-json\/wp\/v2\/media?parent=69835"}],"wp:term":[{"taxonomy":"product_brand","embeddable":true,"href":"https:\/\/mousepad24.eu\/fr\/wp-json\/wp\/v2\/product_brand?post=69835"},{"taxonomy":"product_cat","embeddable":true,"href":"https:\/\/mousepad24.eu\/fr\/wp-json\/wp\/v2\/product_cat?post=69835"},{"taxonomy":"product_tag","embeddable":true,"href":"https:\/\/mousepad24.eu\/fr\/wp-json\/wp\/v2\/product_tag?post=69835"}],"curies":[{"name":"wp","href":"https:\/\/api.w.org\/{rel}","templated":true}]}}