{"id":74823,"date":"2025-10-31T15:38:03","date_gmt":"2025-10-31T14:38:03","guid":{"rendered":"https:\/\/jnpnki27nc.onrocket.site\/produkt\/tapis-de-souris-avec-calendrier-et-carte-postale-k1-view\/"},"modified":"2026-01-29T13:37:24","modified_gmt":"2026-01-29T12:37:24","slug":"tapis-de-souris-avec-calendrier-et-carte-postale-k1-view","status":"publish","type":"product","link":"https:\/\/mousepad24.eu\/fr\/produkt\/tapis-de-souris-avec-calendrier-et-carte-postale-k1-view\/","title":{"rendered":"Tapis de souris avec calendrier et carte postale (K1 View)"},"content":{"rendered":"<p>D\u00e9couvre l&#8217;exceptionnel <strong>tapis de souris K1 avec calendrier pour toute l&#8217;ann\u00e9e<\/strong>, qui allie fonctionnalit\u00e9 et esth\u00e9tique. Ce n&#8217;est pas seulement une surface confortable pour travailler \u00e0 l&#8217;ordinateur, mais aussi un <strong>paysage photographique miniature<\/strong> qui te transportera chaque mois dans un lieu et une saison diff\u00e9rents \ud83c\udf37\ud83c\udf3e\ud83c\udf42\u2744\ufe0f <\/p>\n<p><strong>\ud83d\uddb1\ufe0f<\/strong><strong> Fonctionnalit\u00e9 et confort<\/strong><\/p>\n<ul>\n<li>Fabriqu\u00e9 en <strong>mousse polyur\u00e9thane antid\u00e9rapante<\/strong> de haute qualit\u00e9, il reste stable sur le bureau.<\/li>\n<li>La surface lisse permet un <strong>guidage pr\u00e9cis de la souris optique et laser<\/strong>.<\/li>\n<li>L&#8217;impression durable du calendrier ne s&#8217;efface pas et reste lisible toute l&#8217;ann\u00e9e.<\/li>\n<\/ul>\n<p><strong>\ud83d\udcc5<\/strong><strong> Toujours \u00e0 port\u00e9e de main \u2013 calendrier sur 12 mois<\/strong><\/p>\n<p>Le tapis comporte un <strong>calendrier annuel complet<\/strong>, avec les week-ends et jours f\u00e9ri\u00e9s clairement marqu\u00e9s.<br \/>\nPlus besoin de chercher ton agenda \u2013 il suffit de regarder ton bureau !<\/p>\n<p><strong>\ud83c\udf04<\/strong><strong> Chaque mois, une vue diff\u00e9rente<\/strong><\/p>\n<p>La partie sup\u00e9rieure du tapis est orn\u00e9e de <strong>magnifiques cartes postales nature<\/strong>, adapt\u00e9es aux saisons \u2013 des paysages hivernaux aux panoramas estivaux et aux couleurs automnales.<br \/>\nGr\u00e2ce \u00e0 elles, ton bureau gagnera un caract\u00e8re unique et une touche de nature dans le travail quotidien.<\/p>\n<p><strong>\ud83d\udcbc<\/strong><strong> Id\u00e9al pour la maison et le bureau<\/strong><\/p>\n<ul>\n<li>Aide indispensable pour organiser ta journ\u00e9e.<\/li>\n<li>Se pr\u00e9sente parfaitement dans tout int\u00e9rieur.<\/li>\n<li>Convient aussi comme <strong>cadeau d&#8217;entreprise pratique<\/strong> ou compl\u00e9ment de cadeau.<\/li>\n<\/ul>\n<p><strong>\u2699\ufe0f<\/strong><strong> Param\u00e8tres techniques :<\/strong><\/p>\n<ul>\n<li>Mod\u00e8le : <strong>K1_<\/strong> <strong>View<\/strong><\/li>\n<li>Dimensions : <strong>230 \u00d7 180 \u00d7 3 mm<\/strong><\/li>\n<li>Mat\u00e9riau : <strong>mousse polyur\u00e9thane + film textur\u00e9 pour l&#8217;utilisation de la souris<\/strong><\/li>\n<li><strong>En dessous, 12 cartes d\u00e9tachables en papier offset de haute qualit\u00e9, sur lequel on peut facilement \u00e9crire et l&#8217;encre ne bave pas.<br \/>\n\u00c0 la fin du mois, il faut d\u00e9tacher la carte pour r\u00e9v\u00e9ler le mois suivant.<\/strong><\/li>\n<li>Impression : couleur, durable, haute qualit\u00e9<\/li>\n<li>Calendrier : <strong>12 mois (PL\/EN)<\/strong><\/li>\n<li><strong>\u00c0 la fin de l&#8217;ann\u00e9e, tu peux glisser n&#8217;importe quel graphique ou photo sous la couverture et continuer \u00e0 utiliser avec succ\u00e8s ce gadget pratique.<\/strong><\/li>\n<\/ul>\n<p>\ud83c\udf81 <strong>Pourquoi \u00e7a vaut le coup ?<\/strong><br \/>\nParce que ce n&#8217;est <strong>pas seulement un tapis<\/strong>, mais aussi un <strong>planificateur, calendrier et carte postale en un<\/strong> !<br \/>\nPrends soin de l&#8217;ordre sur ton bureau et d&#8217;un peu d&#8217;inspiration chaque jour.<\/p>\n","protected":false},"excerpt":{"rendered":"<p>Style, \u00e9l\u00e9gance et fonctionnalit\u00e9. Chaque mois apporte une nouvelle vue ! Le tapis K1 View avec calendrier, c&#8217;est une dose quotidienne d&#8217;inspiration et de nature sur ton bureau.  <\/p>\n<p>&nbsp;<\/p>\n","protected":false},"featured_media":74801,"template":"","meta":[],"product_brand":[],"product_cat":[888],"product_tag":[],"class_list":{"0":"post-74823","1":"product","2":"type-product","3":"status-publish","4":"has-post-thumbnail","6":"product_cat-tapis-souris-calendrier","7":"fpd-variation-needed","9":"first","10":"instock","11":"taxable","12":"shipping-taxable","13":"purchasable","14":"product-type-simple"},"yoast_head":"<!-- This site is optimized with the Yoast SEO plugin v27.3 - https:\/\/yoast.com\/product\/yoast-seo-wordpress\/ -->\n<title>Tapis de souris avec calendrier et carte postale (K1 View) - MousePad24.eu<\/title>\n<meta name=\"description\" content=\"Le tapis de souris avec calendrier K1 View est le cadeau d&#039;entreprise id\u00e9al \u2013 un gadget pratique, durable et esth\u00e9tique qui facilite l&#039;organisation du travail.\" \/>\n<meta name=\"robots\" content=\"index, follow, max-snippet:-1, max-image-preview:large, max-video-preview:-1\" \/>\n<meta property=\"og:locale\" content=\"fr_FR\" \/>\n<meta property=\"og:type\" content=\"article\" \/>\n<meta property=\"og:title\" content=\"Tapis de souris avec calendrier et carte postale (K1 View) - MousePad24.eu\" \/>\n<meta property=\"og:description\" content=\"Le tapis de souris avec calendrier K1 View est le cadeau d&#039;entreprise id\u00e9al \u2013 un gadget pratique, durable et esth\u00e9tique qui facilite l&#039;organisation du travail.\" \/>\n<meta property=\"og:url\" content=\"https:\/\/mousepad24.eu\/fr\/produkt\/tapis-de-souris-avec-calendrier-et-carte-postale-k1-view\/\" \/>\n<meta property=\"og:site_name\" content=\"MousePad24.eu\" \/>\n<meta property=\"article:publisher\" content=\"https:\/\/www.facebook.com\/mousepad24\/\" \/>\n<meta property=\"article:modified_time\" content=\"2026-01-29T12:37:24+00:00\" \/>\n<meta property=\"og:image\" content=\"https:\/\/mousepad24.eu\/wp-content\/uploads\/2025\/10\/calendar_mousepad-K1_multicolor_kalendarz_podkladka_k1_wielokolorowy-1.jpg\" \/>\n\t<meta property=\"og:image:width\" content=\"2500\" \/>\n\t<meta property=\"og:image:height\" content=\"2500\" \/>\n\t<meta property=\"og:image:type\" content=\"image\/jpeg\" \/>\n<meta name=\"twitter:card\" content=\"summary_large_image\" \/>\n<meta name=\"twitter:label1\" content=\"Dur\u00e9e de lecture estim\u00e9e\" \/>\n\t<meta name=\"twitter:data1\" content=\"3 minutes\" \/>\n<script type=\"application\/ld+json\" class=\"yoast-schema-graph\">{\"@context\":\"https:\\\/\\\/schema.org\",\"@graph\":[{\"@type\":\"WebPage\",\"@id\":\"https:\\\/\\\/mousepad24.eu\\\/fr\\\/produkt\\\/tapis-de-souris-avec-calendrier-et-carte-postale-k1-view\\\/\",\"url\":\"https:\\\/\\\/mousepad24.eu\\\/fr\\\/produkt\\\/tapis-de-souris-avec-calendrier-et-carte-postale-k1-view\\\/\",\"name\":\"Tapis de souris avec calendrier et carte postale (K1 View) - MousePad24.eu\",\"isPartOf\":{\"@id\":\"https:\\\/\\\/mousepad24.eu\\\/#website\"},\"primaryImageOfPage\":{\"@id\":\"https:\\\/\\\/mousepad24.eu\\\/fr\\\/produkt\\\/tapis-de-souris-avec-calendrier-et-carte-postale-k1-view\\\/#primaryimage\"},\"image\":{\"@id\":\"https:\\\/\\\/mousepad24.eu\\\/fr\\\/produkt\\\/tapis-de-souris-avec-calendrier-et-carte-postale-k1-view\\\/#primaryimage\"},\"thumbnailUrl\":\"https:\\\/\\\/mousepad24.eu\\\/wp-content\\\/uploads\\\/2025\\\/10\\\/calendar_mousepad-K1_multicolor_kalendarz_podkladka_k1_wielokolorowy-1.jpg\",\"datePublished\":\"2025-10-31T14:38:03+00:00\",\"dateModified\":\"2026-01-29T12:37:24+00:00\",\"description\":\"Le tapis de souris avec calendrier K1 View est le cadeau d'entreprise id\u00e9al \u2013 un gadget pratique, durable et esth\u00e9tique qui facilite l'organisation du travail.\",\"breadcrumb\":{\"@id\":\"https:\\\/\\\/mousepad24.eu\\\/fr\\\/produkt\\\/tapis-de-souris-avec-calendrier-et-carte-postale-k1-view\\\/#breadcrumb\"},\"inLanguage\":\"fr-FR\",\"potentialAction\":[{\"@type\":\"ReadAction\",\"target\":[\"https:\\\/\\\/mousepad24.eu\\\/fr\\\/produkt\\\/tapis-de-souris-avec-calendrier-et-carte-postale-k1-view\\\/\"]}]},{\"@type\":\"ImageObject\",\"inLanguage\":\"fr-FR\",\"@id\":\"https:\\\/\\\/mousepad24.eu\\\/fr\\\/produkt\\\/tapis-de-souris-avec-calendrier-et-carte-postale-k1-view\\\/#primaryimage\",\"url\":\"https:\\\/\\\/mousepad24.eu\\\/wp-content\\\/uploads\\\/2025\\\/10\\\/calendar_mousepad-K1_multicolor_kalendarz_podkladka_k1_wielokolorowy-1.jpg\",\"contentUrl\":\"https:\\\/\\\/mousepad24.eu\\\/wp-content\\\/uploads\\\/2025\\\/10\\\/calendar_mousepad-K1_multicolor_kalendarz_podkladka_k1_wielokolorowy-1.jpg\",\"width\":2500,\"height\":2500},{\"@type\":\"BreadcrumbList\",\"@id\":\"https:\\\/\\\/mousepad24.eu\\\/fr\\\/produkt\\\/tapis-de-souris-avec-calendrier-et-carte-postale-k1-view\\\/#breadcrumb\",\"itemListElement\":[{\"@type\":\"ListItem\",\"position\":1,\"name\":\"Page d'accueil\",\"item\":\"https:\\\/\\\/mousepad24.eu\\\/fr\\\/\"},{\"@type\":\"ListItem\",\"position\":2,\"name\":\"Boutique\",\"item\":\"https:\\\/\\\/mousepad24.eu\\\/fr\\\/\"},{\"@type\":\"ListItem\",\"position\":3,\"name\":\"Tapis de souris avec calendrier et carte postale (K1 View)\"}]},{\"@type\":\"WebSite\",\"@id\":\"https:\\\/\\\/mousepad24.eu\\\/#website\",\"url\":\"https:\\\/\\\/mousepad24.eu\\\/\",\"name\":\"MousePad24.eu\",\"description\":\"Personalizowane podk\u0142adki pod mysz\",\"publisher\":{\"@id\":\"https:\\\/\\\/mousepad24.eu\\\/#organization\"},\"potentialAction\":[{\"@type\":\"SearchAction\",\"target\":{\"@type\":\"EntryPoint\",\"urlTemplate\":\"https:\\\/\\\/mousepad24.eu\\\/?s={search_term_string}\"},\"query-input\":{\"@type\":\"PropertyValueSpecification\",\"valueRequired\":true,\"valueName\":\"search_term_string\"}}],\"inLanguage\":\"fr-FR\"},{\"@type\":\"Organization\",\"@id\":\"https:\\\/\\\/mousepad24.eu\\\/#organization\",\"name\":\"MousePad24.eu\",\"url\":\"https:\\\/\\\/mousepad24.eu\\\/\",\"logo\":{\"@type\":\"ImageObject\",\"inLanguage\":\"fr-FR\",\"@id\":\"https:\\\/\\\/mousepad24.eu\\\/#\\\/schema\\\/logo\\\/image\\\/\",\"url\":\"https:\\\/\\\/mousepad24.eu\\\/wp-content\\\/uploads\\\/2022\\\/12\\\/MOUSEPAD24_logo_curv_OK-1.png\",\"contentUrl\":\"https:\\\/\\\/mousepad24.eu\\\/wp-content\\\/uploads\\\/2022\\\/12\\\/MOUSEPAD24_logo_curv_OK-1.png\",\"width\":1024,\"height\":75,\"caption\":\"MousePad24.eu\"},\"image\":{\"@id\":\"https:\\\/\\\/mousepad24.eu\\\/#\\\/schema\\\/logo\\\/image\\\/\"},\"sameAs\":[\"https:\\\/\\\/www.facebook.com\\\/mousepad24\\\/\",\"https:\\\/\\\/www.instagram.com\\\/mousepad24.eu\\\/\",\"https:\\\/\\\/www.linkedin.com\\\/company\\\/podkladki24-mousepad24\\\/\"]}]}<\/script>\n<!-- \/ Yoast SEO plugin. -->","yoast_head_json":{"title":"Tapis de souris avec calendrier et carte postale (K1 View) - MousePad24.eu","description":"Le tapis de souris avec calendrier K1 View est le cadeau d'entreprise id\u00e9al \u2013 un gadget pratique, durable et esth\u00e9tique qui facilite l'organisation du travail.","robots":{"index":"index","follow":"follow","max-snippet":"max-snippet:-1","max-image-preview":"max-image-preview:large","max-video-preview":"max-video-preview:-1"},"og_locale":"fr_FR","og_type":"article","og_title":"Tapis de souris avec calendrier et carte postale (K1 View) - MousePad24.eu","og_description":"Le tapis de souris avec calendrier K1 View est le cadeau d'entreprise id\u00e9al \u2013 un gadget pratique, durable et esth\u00e9tique qui facilite l'organisation du travail.","og_url":"https:\/\/mousepad24.eu\/fr\/produkt\/tapis-de-souris-avec-calendrier-et-carte-postale-k1-view\/","og_site_name":"MousePad24.eu","article_publisher":"https:\/\/www.facebook.com\/mousepad24\/","article_modified_time":"2026-01-29T12:37:24+00:00","og_image":[{"width":2500,"height":2500,"url":"https:\/\/mousepad24.eu\/wp-content\/uploads\/2025\/10\/calendar_mousepad-K1_multicolor_kalendarz_podkladka_k1_wielokolorowy-1.jpg","type":"image\/jpeg"}],"twitter_card":"summary_large_image","twitter_misc":{"Dur\u00e9e de lecture estim\u00e9e":"3 minutes"},"schema":{"@context":"https:\/\/schema.org","@graph":[{"@type":"WebPage","@id":"https:\/\/mousepad24.eu\/fr\/produkt\/tapis-de-souris-avec-calendrier-et-carte-postale-k1-view\/","url":"https:\/\/mousepad24.eu\/fr\/produkt\/tapis-de-souris-avec-calendrier-et-carte-postale-k1-view\/","name":"Tapis de souris avec calendrier et carte postale (K1 View) - MousePad24.eu","isPartOf":{"@id":"https:\/\/mousepad24.eu\/#website"},"primaryImageOfPage":{"@id":"https:\/\/mousepad24.eu\/fr\/produkt\/tapis-de-souris-avec-calendrier-et-carte-postale-k1-view\/#primaryimage"},"image":{"@id":"https:\/\/mousepad24.eu\/fr\/produkt\/tapis-de-souris-avec-calendrier-et-carte-postale-k1-view\/#primaryimage"},"thumbnailUrl":"https:\/\/mousepad24.eu\/wp-content\/uploads\/2025\/10\/calendar_mousepad-K1_multicolor_kalendarz_podkladka_k1_wielokolorowy-1.jpg","datePublished":"2025-10-31T14:38:03+00:00","dateModified":"2026-01-29T12:37:24+00:00","description":"Le tapis de souris avec calendrier K1 View est le cadeau d'entreprise id\u00e9al \u2013 un gadget pratique, durable et esth\u00e9tique qui facilite l'organisation du travail.","breadcrumb":{"@id":"https:\/\/mousepad24.eu\/fr\/produkt\/tapis-de-souris-avec-calendrier-et-carte-postale-k1-view\/#breadcrumb"},"inLanguage":"fr-FR","potentialAction":[{"@type":"ReadAction","target":["https:\/\/mousepad24.eu\/fr\/produkt\/tapis-de-souris-avec-calendrier-et-carte-postale-k1-view\/"]}]},{"@type":"ImageObject","inLanguage":"fr-FR","@id":"https:\/\/mousepad24.eu\/fr\/produkt\/tapis-de-souris-avec-calendrier-et-carte-postale-k1-view\/#primaryimage","url":"https:\/\/mousepad24.eu\/wp-content\/uploads\/2025\/10\/calendar_mousepad-K1_multicolor_kalendarz_podkladka_k1_wielokolorowy-1.jpg","contentUrl":"https:\/\/mousepad24.eu\/wp-content\/uploads\/2025\/10\/calendar_mousepad-K1_multicolor_kalendarz_podkladka_k1_wielokolorowy-1.jpg","width":2500,"height":2500},{"@type":"BreadcrumbList","@id":"https:\/\/mousepad24.eu\/fr\/produkt\/tapis-de-souris-avec-calendrier-et-carte-postale-k1-view\/#breadcrumb","itemListElement":[{"@type":"ListItem","position":1,"name":"Page d'accueil","item":"https:\/\/mousepad24.eu\/fr\/"},{"@type":"ListItem","position":2,"name":"Boutique","item":"https:\/\/mousepad24.eu\/fr\/"},{"@type":"ListItem","position":3,"name":"Tapis de souris avec calendrier et carte postale (K1 View)"}]},{"@type":"WebSite","@id":"https:\/\/mousepad24.eu\/#website","url":"https:\/\/mousepad24.eu\/","name":"MousePad24.eu","description":"Personalizowane podk\u0142adki pod mysz","publisher":{"@id":"https:\/\/mousepad24.eu\/#organization"},"potentialAction":[{"@type":"SearchAction","target":{"@type":"EntryPoint","urlTemplate":"https:\/\/mousepad24.eu\/?s={search_term_string}"},"query-input":{"@type":"PropertyValueSpecification","valueRequired":true,"valueName":"search_term_string"}}],"inLanguage":"fr-FR"},{"@type":"Organization","@id":"https:\/\/mousepad24.eu\/#organization","name":"MousePad24.eu","url":"https:\/\/mousepad24.eu\/","logo":{"@type":"ImageObject","inLanguage":"fr-FR","@id":"https:\/\/mousepad24.eu\/#\/schema\/logo\/image\/","url":"https:\/\/mousepad24.eu\/wp-content\/uploads\/2022\/12\/MOUSEPAD24_logo_curv_OK-1.png","contentUrl":"https:\/\/mousepad24.eu\/wp-content\/uploads\/2022\/12\/MOUSEPAD24_logo_curv_OK-1.png","width":1024,"height":75,"caption":"MousePad24.eu"},"image":{"@id":"https:\/\/mousepad24.eu\/#\/schema\/logo\/image\/"},"sameAs":["https:\/\/www.facebook.com\/mousepad24\/","https:\/\/www.instagram.com\/mousepad24.eu\/","https:\/\/www.linkedin.com\/company\/podkladki24-mousepad24\/"]}]}},"_links":{"self":[{"href":"https:\/\/mousepad24.eu\/fr\/wp-json\/wp\/v2\/product\/74823","targetHints":{"allow":["GET"]}}],"collection":[{"href":"https:\/\/mousepad24.eu\/fr\/wp-json\/wp\/v2\/product"}],"about":[{"href":"https:\/\/mousepad24.eu\/fr\/wp-json\/wp\/v2\/types\/product"}],"wp:featuredmedia":[{"embeddable":true,"href":"https:\/\/mousepad24.eu\/fr\/wp-json\/wp\/v2\/media\/74801"}],"wp:attachment":[{"href":"https:\/\/mousepad24.eu\/fr\/wp-json\/wp\/v2\/media?parent=74823"}],"wp:term":[{"taxonomy":"product_brand","embeddable":true,"href":"https:\/\/mousepad24.eu\/fr\/wp-json\/wp\/v2\/product_brand?post=74823"},{"taxonomy":"product_cat","embeddable":true,"href":"https:\/\/mousepad24.eu\/fr\/wp-json\/wp\/v2\/product_cat?post=74823"},{"taxonomy":"product_tag","embeddable":true,"href":"https:\/\/mousepad24.eu\/fr\/wp-json\/wp\/v2\/product_tag?post=74823"}],"curies":[{"name":"wp","href":"https:\/\/api.w.org\/{rel}","templated":true}]}}