{"id":75171,"date":"2025-11-06T08:54:23","date_gmt":"2025-11-06T07:54:23","guid":{"rendered":"https:\/\/jnpnki27nc.onrocket.site\/produkt\/tapis-de-jeux-de-societe-bgm\/"},"modified":"2026-01-22T08:48:20","modified_gmt":"2026-01-22T07:48:20","slug":"tapis-de-jeux-de-societe-bgm","status":"publish","type":"product","link":"https:\/\/mousepad24.eu\/fr\/produkt\/tapis-de-jeux-de-societe-bgm\/","title":{"rendered":"Tapis de jeux de soci\u00e9t\u00e9 \/ BGM \/"},"content":{"rendered":"<h2 data-start=\"318\" data-end=\"392\">Tapis de jeux de soci\u00e9t\u00e9 50\u00d750 cm \u2013 \u00e9l\u00e9gant, pratique et universel<\/h2>\n<p data-start=\"394\" data-end=\"759\">D\u00e9couvre le confort et l&#8217;\u00e9l\u00e9gance pendant tes parties avec notre <strong data-start=\"452\" data-end=\"490\">tapis de jeux de soci\u00e9t\u00e9 50\u00d750 cm<\/strong>. C&#8217;est la solution id\u00e9ale pour les amateurs de jeux comme le <strong data-start=\"546\" data-end=\"595\">Petits Chevaux, les dames, les \u00e9checs, le Scrabble, le Monopoly<\/strong> et autres jeux de soci\u00e9t\u00e9 et de cartes populaires. Tu peux choisir parmi des motifs existants ou commander un <strong data-start=\"607\" data-end=\"632\">tapis avec ton propre design.<\/strong> Cr\u00e9e ton projet unique adapt\u00e9 \u00e0 ton style de jeu ou \u00e0 ta collection.<\/p>\n<p data-start=\"761\" data-end=\"1126\">Nos tapis sont fabriqu\u00e9s avec des mat\u00e9riaux de haute qualit\u00e9, et <strong data-start=\"816\" data-end=\"837\">l&#8217;impression par sublimation<\/strong> assure des couleurs durables et des d\u00e9tails d&#8217;une nettet\u00e9 exceptionnelle. L&#8217;impression r\u00e9siste \u00e0 l&#8217;usure et conserve ses couleurs vives m\u00eame apr\u00e8s de nombreuses parties. La surface sup\u00e9rieure est lisse et agr\u00e9able au toucher, facilitant le d\u00e9placement des pions, cartes et jetons, tout en prot\u00e9geant les \u00e9l\u00e9ments de jeu.<\/p>\n<p data-start=\"1128\" data-end=\"1485\">Le dessous du tapis dispose d&#8217;une <strong data-start=\"1150\" data-end=\"1176\">couche antid\u00e9rapante<\/strong>, assurant sa stabilit\u00e9 sur la table m\u00eame pendant les parties les plus anim\u00e9es. C&#8217;est la solution parfaite pour la maison comme pour les d\u00e9placements, les rencontres entre amis ou les tournois. Le tapis est l\u00e9ger, flexible et facile \u00e0 rouler, permettant un rangement pratique ou un transport ais\u00e9.<\/p>\n<p data-start=\"1487\" data-end=\"1691\">Son design \u00e9l\u00e9gant et sa finition soign\u00e9e en font un <strong data-start=\"1558\" data-end=\"1579\">accessoire raffin\u00e9<\/strong> pour toute table. Il s&#8217;harmonise parfaitement avec le d\u00e9cor du salon ou de la salle de jeux, soulignant ta passion pour les jeux de soci\u00e9t\u00e9.<\/p>\n<p data-start=\"1693\" data-end=\"1871\">Choisis ta version pr\u00e9f\u00e9r\u00e9e \u2013 <strong data-start=\"1725\" data-end=\"1774\">\u00e9checs, dames, petits chevaux ou autres jeux de soci\u00e9t\u00e9<\/strong> \u2013 et profite du confort de jouer sur un tapis professionnel qui allie esth\u00e9tique et fonctionnalit\u00e9.<\/p>\n","protected":false},"excerpt":{"rendered":"<p>\u00c9l\u00e9gant et durable <strong data-start=\"306\" data-end=\"343\">tapis de jeux de soci\u00e9t\u00e9 50\u00d750 cm<\/strong> avec option de personnalisation. Base antid\u00e9rapante et impression par sublimation garantissant confort et apparence exceptionnelle \u00e0 chaque partie.<\/p>\n","protected":false},"featured_media":75007,"template":"","meta":[],"product_brand":[],"product_cat":[899],"product_tag":[],"class_list":{"0":"post-75171","1":"product","2":"type-product","3":"status-publish","4":"has-post-thumbnail","6":"product_cat-tapis-de-souris-gaming-tapis-de-bureau","7":"fpd-variation-needed","9":"first","10":"instock","11":"taxable","12":"shipping-taxable","13":"purchasable","14":"product-type-variable"},"yoast_head":"<!-- This site is optimized with the Yoast SEO plugin v27.3 - https:\/\/yoast.com\/product\/yoast-seo-wordpress\/ -->\n<title>Tapis de jeux de soci\u00e9t\u00e9 \/ BGM \/ - MousePad24.eu<\/title>\n<meta name=\"description\" content=\"Tapis de jeux de soci\u00e9t\u00e9 50\u00d750 cm avec possibilit\u00e9 de personnalisation. Impression durable, dessous antid\u00e9rapant \u2013 id\u00e9al pour la maison, les voyages ou les rencontres entre amis.\" \/>\n<meta name=\"robots\" content=\"index, follow, max-snippet:-1, max-image-preview:large, max-video-preview:-1\" \/>\n<meta property=\"og:locale\" content=\"fr_FR\" \/>\n<meta property=\"og:type\" content=\"article\" \/>\n<meta property=\"og:title\" content=\"Tapis de jeux de soci\u00e9t\u00e9 \/ BGM \/ - MousePad24.eu\" \/>\n<meta property=\"og:description\" content=\"Tapis de jeux de soci\u00e9t\u00e9 50\u00d750 cm avec possibilit\u00e9 de personnalisation. Impression durable, dessous antid\u00e9rapant \u2013 id\u00e9al pour la maison, les voyages ou les rencontres entre amis.\" \/>\n<meta property=\"og:url\" content=\"https:\/\/mousepad24.eu\/fr\/produkt\/tapis-de-jeux-de-societe-bgm\/\" \/>\n<meta property=\"og:site_name\" content=\"MousePad24.eu\" \/>\n<meta property=\"article:publisher\" content=\"https:\/\/www.facebook.com\/mousepad24\/\" \/>\n<meta property=\"article:modified_time\" content=\"2026-01-22T07:48:20+00:00\" \/>\n<meta property=\"og:image\" content=\"https:\/\/mousepad24.eu\/wp-content\/uploads\/2025\/11\/BGM_blank_a-scaled.jpg\" \/>\n\t<meta property=\"og:image:width\" content=\"2560\" \/>\n\t<meta property=\"og:image:height\" content=\"2560\" \/>\n\t<meta property=\"og:image:type\" content=\"image\/jpeg\" \/>\n<meta name=\"twitter:card\" content=\"summary_large_image\" \/>\n<meta name=\"twitter:label1\" content=\"Dur\u00e9e de lecture estim\u00e9e\" \/>\n\t<meta name=\"twitter:data1\" content=\"1 minute\" \/>\n<script type=\"application\/ld+json\" class=\"yoast-schema-graph\">{\"@context\":\"https:\\\/\\\/schema.org\",\"@graph\":[{\"@type\":\"WebPage\",\"@id\":\"https:\\\/\\\/mousepad24.eu\\\/fr\\\/produkt\\\/tapis-de-jeux-de-societe-bgm\\\/\",\"url\":\"https:\\\/\\\/mousepad24.eu\\\/fr\\\/produkt\\\/tapis-de-jeux-de-societe-bgm\\\/\",\"name\":\"Tapis de jeux de soci\u00e9t\u00e9 \\\/ BGM \\\/ - MousePad24.eu\",\"isPartOf\":{\"@id\":\"https:\\\/\\\/mousepad24.eu\\\/#website\"},\"primaryImageOfPage\":{\"@id\":\"https:\\\/\\\/mousepad24.eu\\\/fr\\\/produkt\\\/tapis-de-jeux-de-societe-bgm\\\/#primaryimage\"},\"image\":{\"@id\":\"https:\\\/\\\/mousepad24.eu\\\/fr\\\/produkt\\\/tapis-de-jeux-de-societe-bgm\\\/#primaryimage\"},\"thumbnailUrl\":\"https:\\\/\\\/mousepad24.eu\\\/wp-content\\\/uploads\\\/2025\\\/11\\\/BGM_blank_a-scaled.jpg\",\"datePublished\":\"2025-11-06T07:54:23+00:00\",\"dateModified\":\"2026-01-22T07:48:20+00:00\",\"description\":\"Tapis de jeux de soci\u00e9t\u00e9 50\u00d750 cm avec possibilit\u00e9 de personnalisation. Impression durable, dessous antid\u00e9rapant \u2013 id\u00e9al pour la maison, les voyages ou les rencontres entre amis.\",\"breadcrumb\":{\"@id\":\"https:\\\/\\\/mousepad24.eu\\\/fr\\\/produkt\\\/tapis-de-jeux-de-societe-bgm\\\/#breadcrumb\"},\"inLanguage\":\"fr-FR\",\"potentialAction\":[{\"@type\":\"ReadAction\",\"target\":[\"https:\\\/\\\/mousepad24.eu\\\/fr\\\/produkt\\\/tapis-de-jeux-de-societe-bgm\\\/\"]}]},{\"@type\":\"ImageObject\",\"inLanguage\":\"fr-FR\",\"@id\":\"https:\\\/\\\/mousepad24.eu\\\/fr\\\/produkt\\\/tapis-de-jeux-de-societe-bgm\\\/#primaryimage\",\"url\":\"https:\\\/\\\/mousepad24.eu\\\/wp-content\\\/uploads\\\/2025\\\/11\\\/BGM_blank_a-scaled.jpg\",\"contentUrl\":\"https:\\\/\\\/mousepad24.eu\\\/wp-content\\\/uploads\\\/2025\\\/11\\\/BGM_blank_a-scaled.jpg\",\"width\":2560,\"height\":2560,\"caption\":\"BGM\"},{\"@type\":\"BreadcrumbList\",\"@id\":\"https:\\\/\\\/mousepad24.eu\\\/fr\\\/produkt\\\/tapis-de-jeux-de-societe-bgm\\\/#breadcrumb\",\"itemListElement\":[{\"@type\":\"ListItem\",\"position\":1,\"name\":\"Page d'accueil\",\"item\":\"https:\\\/\\\/mousepad24.eu\\\/fr\\\/\"},{\"@type\":\"ListItem\",\"position\":2,\"name\":\"Boutique\",\"item\":\"https:\\\/\\\/mousepad24.eu\\\/fr\\\/\"},{\"@type\":\"ListItem\",\"position\":3,\"name\":\"Tapis de jeux de soci\u00e9t\u00e9 \\\/ BGM \\\/\"}]},{\"@type\":\"WebSite\",\"@id\":\"https:\\\/\\\/mousepad24.eu\\\/#website\",\"url\":\"https:\\\/\\\/mousepad24.eu\\\/\",\"name\":\"MousePad24.eu\",\"description\":\"Personalizowane podk\u0142adki pod mysz\",\"publisher\":{\"@id\":\"https:\\\/\\\/mousepad24.eu\\\/#organization\"},\"potentialAction\":[{\"@type\":\"SearchAction\",\"target\":{\"@type\":\"EntryPoint\",\"urlTemplate\":\"https:\\\/\\\/mousepad24.eu\\\/?s={search_term_string}\"},\"query-input\":{\"@type\":\"PropertyValueSpecification\",\"valueRequired\":true,\"valueName\":\"search_term_string\"}}],\"inLanguage\":\"fr-FR\"},{\"@type\":\"Organization\",\"@id\":\"https:\\\/\\\/mousepad24.eu\\\/#organization\",\"name\":\"MousePad24.eu\",\"url\":\"https:\\\/\\\/mousepad24.eu\\\/\",\"logo\":{\"@type\":\"ImageObject\",\"inLanguage\":\"fr-FR\",\"@id\":\"https:\\\/\\\/mousepad24.eu\\\/#\\\/schema\\\/logo\\\/image\\\/\",\"url\":\"https:\\\/\\\/mousepad24.eu\\\/wp-content\\\/uploads\\\/2022\\\/12\\\/MOUSEPAD24_logo_curv_OK-1.png\",\"contentUrl\":\"https:\\\/\\\/mousepad24.eu\\\/wp-content\\\/uploads\\\/2022\\\/12\\\/MOUSEPAD24_logo_curv_OK-1.png\",\"width\":1024,\"height\":75,\"caption\":\"MousePad24.eu\"},\"image\":{\"@id\":\"https:\\\/\\\/mousepad24.eu\\\/#\\\/schema\\\/logo\\\/image\\\/\"},\"sameAs\":[\"https:\\\/\\\/www.facebook.com\\\/mousepad24\\\/\",\"https:\\\/\\\/www.instagram.com\\\/mousepad24.eu\\\/\",\"https:\\\/\\\/www.linkedin.com\\\/company\\\/podkladki24-mousepad24\\\/\"]}]}<\/script>\n<!-- \/ Yoast SEO plugin. -->","yoast_head_json":{"title":"Tapis de jeux de soci\u00e9t\u00e9 \/ BGM \/ - MousePad24.eu","description":"Tapis de jeux de soci\u00e9t\u00e9 50\u00d750 cm avec possibilit\u00e9 de personnalisation. Impression durable, dessous antid\u00e9rapant \u2013 id\u00e9al pour la maison, les voyages ou les rencontres entre amis.","robots":{"index":"index","follow":"follow","max-snippet":"max-snippet:-1","max-image-preview":"max-image-preview:large","max-video-preview":"max-video-preview:-1"},"og_locale":"fr_FR","og_type":"article","og_title":"Tapis de jeux de soci\u00e9t\u00e9 \/ BGM \/ - MousePad24.eu","og_description":"Tapis de jeux de soci\u00e9t\u00e9 50\u00d750 cm avec possibilit\u00e9 de personnalisation. Impression durable, dessous antid\u00e9rapant \u2013 id\u00e9al pour la maison, les voyages ou les rencontres entre amis.","og_url":"https:\/\/mousepad24.eu\/fr\/produkt\/tapis-de-jeux-de-societe-bgm\/","og_site_name":"MousePad24.eu","article_publisher":"https:\/\/www.facebook.com\/mousepad24\/","article_modified_time":"2026-01-22T07:48:20+00:00","og_image":[{"width":2560,"height":2560,"url":"https:\/\/mousepad24.eu\/wp-content\/uploads\/2025\/11\/BGM_blank_a-scaled.jpg","type":"image\/jpeg"}],"twitter_card":"summary_large_image","twitter_misc":{"Dur\u00e9e de lecture estim\u00e9e":"1 minute"},"schema":{"@context":"https:\/\/schema.org","@graph":[{"@type":"WebPage","@id":"https:\/\/mousepad24.eu\/fr\/produkt\/tapis-de-jeux-de-societe-bgm\/","url":"https:\/\/mousepad24.eu\/fr\/produkt\/tapis-de-jeux-de-societe-bgm\/","name":"Tapis de jeux de soci\u00e9t\u00e9 \/ BGM \/ - MousePad24.eu","isPartOf":{"@id":"https:\/\/mousepad24.eu\/#website"},"primaryImageOfPage":{"@id":"https:\/\/mousepad24.eu\/fr\/produkt\/tapis-de-jeux-de-societe-bgm\/#primaryimage"},"image":{"@id":"https:\/\/mousepad24.eu\/fr\/produkt\/tapis-de-jeux-de-societe-bgm\/#primaryimage"},"thumbnailUrl":"https:\/\/mousepad24.eu\/wp-content\/uploads\/2025\/11\/BGM_blank_a-scaled.jpg","datePublished":"2025-11-06T07:54:23+00:00","dateModified":"2026-01-22T07:48:20+00:00","description":"Tapis de jeux de soci\u00e9t\u00e9 50\u00d750 cm avec possibilit\u00e9 de personnalisation. Impression durable, dessous antid\u00e9rapant \u2013 id\u00e9al pour la maison, les voyages ou les rencontres entre amis.","breadcrumb":{"@id":"https:\/\/mousepad24.eu\/fr\/produkt\/tapis-de-jeux-de-societe-bgm\/#breadcrumb"},"inLanguage":"fr-FR","potentialAction":[{"@type":"ReadAction","target":["https:\/\/mousepad24.eu\/fr\/produkt\/tapis-de-jeux-de-societe-bgm\/"]}]},{"@type":"ImageObject","inLanguage":"fr-FR","@id":"https:\/\/mousepad24.eu\/fr\/produkt\/tapis-de-jeux-de-societe-bgm\/#primaryimage","url":"https:\/\/mousepad24.eu\/wp-content\/uploads\/2025\/11\/BGM_blank_a-scaled.jpg","contentUrl":"https:\/\/mousepad24.eu\/wp-content\/uploads\/2025\/11\/BGM_blank_a-scaled.jpg","width":2560,"height":2560,"caption":"BGM"},{"@type":"BreadcrumbList","@id":"https:\/\/mousepad24.eu\/fr\/produkt\/tapis-de-jeux-de-societe-bgm\/#breadcrumb","itemListElement":[{"@type":"ListItem","position":1,"name":"Page d'accueil","item":"https:\/\/mousepad24.eu\/fr\/"},{"@type":"ListItem","position":2,"name":"Boutique","item":"https:\/\/mousepad24.eu\/fr\/"},{"@type":"ListItem","position":3,"name":"Tapis de jeux de soci\u00e9t\u00e9 \/ BGM \/"}]},{"@type":"WebSite","@id":"https:\/\/mousepad24.eu\/#website","url":"https:\/\/mousepad24.eu\/","name":"MousePad24.eu","description":"Personalizowane podk\u0142adki pod mysz","publisher":{"@id":"https:\/\/mousepad24.eu\/#organization"},"potentialAction":[{"@type":"SearchAction","target":{"@type":"EntryPoint","urlTemplate":"https:\/\/mousepad24.eu\/?s={search_term_string}"},"query-input":{"@type":"PropertyValueSpecification","valueRequired":true,"valueName":"search_term_string"}}],"inLanguage":"fr-FR"},{"@type":"Organization","@id":"https:\/\/mousepad24.eu\/#organization","name":"MousePad24.eu","url":"https:\/\/mousepad24.eu\/","logo":{"@type":"ImageObject","inLanguage":"fr-FR","@id":"https:\/\/mousepad24.eu\/#\/schema\/logo\/image\/","url":"https:\/\/mousepad24.eu\/wp-content\/uploads\/2022\/12\/MOUSEPAD24_logo_curv_OK-1.png","contentUrl":"https:\/\/mousepad24.eu\/wp-content\/uploads\/2022\/12\/MOUSEPAD24_logo_curv_OK-1.png","width":1024,"height":75,"caption":"MousePad24.eu"},"image":{"@id":"https:\/\/mousepad24.eu\/#\/schema\/logo\/image\/"},"sameAs":["https:\/\/www.facebook.com\/mousepad24\/","https:\/\/www.instagram.com\/mousepad24.eu\/","https:\/\/www.linkedin.com\/company\/podkladki24-mousepad24\/"]}]}},"_links":{"self":[{"href":"https:\/\/mousepad24.eu\/fr\/wp-json\/wp\/v2\/product\/75171","targetHints":{"allow":["GET"]}}],"collection":[{"href":"https:\/\/mousepad24.eu\/fr\/wp-json\/wp\/v2\/product"}],"about":[{"href":"https:\/\/mousepad24.eu\/fr\/wp-json\/wp\/v2\/types\/product"}],"wp:featuredmedia":[{"embeddable":true,"href":"https:\/\/mousepad24.eu\/fr\/wp-json\/wp\/v2\/media\/75007"}],"wp:attachment":[{"href":"https:\/\/mousepad24.eu\/fr\/wp-json\/wp\/v2\/media?parent=75171"}],"wp:term":[{"taxonomy":"product_brand","embeddable":true,"href":"https:\/\/mousepad24.eu\/fr\/wp-json\/wp\/v2\/product_brand?post=75171"},{"taxonomy":"product_cat","embeddable":true,"href":"https:\/\/mousepad24.eu\/fr\/wp-json\/wp\/v2\/product_cat?post=75171"},{"taxonomy":"product_tag","embeddable":true,"href":"https:\/\/mousepad24.eu\/fr\/wp-json\/wp\/v2\/product_tag?post=75171"}],"curies":[{"name":"wp","href":"https:\/\/api.w.org\/{rel}","templated":true}]}}