{"id":76695,"date":"2026-01-12T14:45:50","date_gmt":"2026-01-12T13:45:50","guid":{"rendered":"https:\/\/mousepad24.eu\/?post_type=product&#038;p=76695"},"modified":"2026-03-24T12:10:00","modified_gmt":"2026-03-24T11:10:00","slug":"tapis-de-souris-en-mousse-smp_pro-04-kopia","status":"publish","type":"product","link":"https:\/\/mousepad24.eu\/fr\/produkt\/tapis-de-souris-en-mousse-smp_pro-04-kopia\/","title":{"rendered":"Tapis de souris en mousse \/SMP_PRO (05)\/"},"content":{"rendered":"<h3 data-start=\"174\" data-end=\"247\">Tapis de souris ergonomique rouge personnalisable<\/h3>\n<p data-start=\"249\" data-end=\"568\">Le tapis de souris ergonomique rouge, fabriqu\u00e9 en mousse souple et polyester durable, allie parfaitement confort, fonctionnalit\u00e9 et esth\u00e9tique. Il assure un bon soutien du poignet, un contr\u00f4le stable et pr\u00e9cis de la souris, et un look moderne du poste de travail &#8211; au bureau comme en t\u00e9l\u00e9travail. <\/p>\n<p data-start=\"570\" data-end=\"814\">Gr\u00e2ce \u00e0 ses nombreuses options de personnalisation (impression 1, 2 ou 3 couleurs, sans impression ou impression DTF quadrichromie), ce tapis est parfait comme <strong data-start=\"725\" data-end=\"745\">gadget publicitaire<\/strong>, <strong data-start=\"747\" data-end=\"770\">support promotionnel<\/strong> et \u00e9l\u00e9ment d&#8217;identit\u00e9 visuelle.<\/p>\n<h3 data-start=\"821\" data-end=\"853\">Caract\u00e9ristiques principales<\/h3>\n<ul data-start=\"855\" data-end=\"1359\">\n<li data-start=\"855\" data-end=\"971\">\n<p data-start=\"857\" data-end=\"971\"><strong data-start=\"857\" data-end=\"885\">Design ergonomique<\/strong> &#8211; mousse souple r\u00e9duisant la fatigue du poignet lors d&#8217;une utilisation prolong\u00e9e<\/p>\n<\/li>\n<li data-start=\"972\" data-end=\"1078\">\n<p data-start=\"974\" data-end=\"1078\"><strong data-start=\"974\" data-end=\"1001\">Haute qualit\u00e9<\/strong> &#8211; surface en polyester lisse pour un glissement fluide et pr\u00e9cis<\/p>\n<\/li>\n<li data-start=\"1079\" data-end=\"1175\">\n<p data-start=\"1081\" data-end=\"1175\"><strong data-start=\"1081\" data-end=\"1107\">Personnalisation<\/strong> &#8211; possibilit\u00e9 d&#8217;imprimer logo ou graphisme en diff\u00e9rentes options<\/p>\n<\/li>\n<li data-start=\"1176\" data-end=\"1259\">\n<p data-start=\"1178\" data-end=\"1259\"><strong data-start=\"1178\" data-end=\"1208\">Compatibilit\u00e9 universelle<\/strong> &#8211; adapt\u00e9 aux souris optiques et laser<\/p>\n<\/li>\n<li data-start=\"1260\" data-end=\"1359\">\n<p data-start=\"1262\" data-end=\"1359\"><strong data-start=\"1262\" data-end=\"1281\">Prix attractif<\/strong> &#8211; solution id\u00e9ale pour les campagnes publicitaires et promotionnelles<\/p>\n<\/li>\n<\/ul>\n<h3 data-start=\"1366\" data-end=\"1386\">Variantes d&#8217;impression<\/h3>\n<ul data-start=\"1388\" data-end=\"1656\">\n<li data-start=\"1388\" data-end=\"1437\">\n<p data-start=\"1390\" data-end=\"1437\"><strong data-start=\"1390\" data-end=\"1401\">1 couleur<\/strong> &#8211; marquage \u00e9conomique du logo<\/p>\n<\/li>\n<li data-start=\"1438\" data-end=\"1485\">\n<p data-start=\"1440\" data-end=\"1485\"><strong data-start=\"1440\" data-end=\"1452\">2 couleurs<\/strong> &#8211; meilleure visibilit\u00e9 et contraste<\/p>\n<\/li>\n<li data-start=\"1486\" data-end=\"1539\">\n<p data-start=\"1488\" data-end=\"1539\"><strong data-start=\"1488\" data-end=\"1500\">3 couleurs<\/strong> &#8211; identit\u00e9 visuelle \u00e9labor\u00e9e<\/p>\n<\/li>\n<li data-start=\"1540\" data-end=\"1591\">\n<p data-start=\"1542\" data-end=\"1591\"><strong data-start=\"1542\" data-end=\"1557\">Sans impression<\/strong> &#8211; surface rouge unie<\/p>\n<\/li>\n<li data-start=\"1592\" data-end=\"1656\">\n<p data-start=\"1594\" data-end=\"1656\"><strong data-start=\"1594\" data-end=\"1612\">Full color DTF<\/strong> &#8211; graphismes, photos et d\u00e9tails en quadrichromie<\/p>\n<\/li>\n<\/ul>\n<h3 data-start=\"1663\" data-end=\"1690\">Sp\u00e9cifications techniques<\/h3>\n<ul data-start=\"1692\" data-end=\"1882\">\n<li data-start=\"1692\" data-end=\"1722\">\n<p data-start=\"1694\" data-end=\"1722\"><strong data-start=\"1694\" data-end=\"1711\">Couleur de base :<\/strong> rouge<\/p>\n<\/li>\n<li data-start=\"1723\" data-end=\"1759\">\n<p data-start=\"1725\" data-end=\"1759\"><strong data-start=\"1725\" data-end=\"1738\">Mat\u00e9riau :<\/strong> mousse + polyester<\/p>\n<\/li>\n<li data-start=\"1760\" data-end=\"1808\">\n<p data-start=\"1762\" data-end=\"1808\"><strong data-start=\"1762\" data-end=\"1779\">Surface :<\/strong> lisse, agr\u00e9able au toucher<\/p>\n<\/li>\n<li data-start=\"1809\" data-end=\"1882\">\n<p data-start=\"1811\" data-end=\"1882\"><strong data-start=\"1811\" data-end=\"1828\">Utilisation :<\/strong> bureau, t\u00e9l\u00e9travail, \u00e9v\u00e9nements, salons, actions promotionnelles<\/p>\n<\/li>\n<\/ul>\n","protected":false},"excerpt":{"rendered":"<p>Tapis de souris ergonomique rouge en mousse et polyester. Offre un soutien confortable du poignet et un contr\u00f4le pr\u00e9cis de la souris. Personnalisable par impression, parfait comme gadget publicitaire et support promotionnel.  <\/p>\n","protected":false},"featured_media":65277,"template":"","meta":[],"product_brand":[],"product_cat":[883],"product_tag":[],"class_list":{"0":"post-76695","1":"product","2":"type-product","3":"status-publish","4":"has-post-thumbnail","6":"product_cat-tapis-de-souris-en-mousse","7":"fpd-variation-needed","9":"first","10":"instock","11":"taxable","12":"shipping-taxable","13":"purchasable","14":"product-type-variable"},"yoast_head":"<!-- This site is optimized with the Yoast SEO plugin v27.3 - https:\/\/yoast.com\/product\/yoast-seo-wordpress\/ -->\n<title>Tapis de souris en mousse \/SMP_PRO (05)\/ - MousePad24.eu<\/title>\n<meta name=\"description\" content=\"Tapis de souris ergonomique rouge personnalisable. Confort du poignet, glisse fluide et impression personnalis\u00e9e - un gadget promotionnel id\u00e9al.\" \/>\n<meta name=\"robots\" content=\"index, follow, max-snippet:-1, max-image-preview:large, max-video-preview:-1\" \/>\n<meta property=\"og:locale\" content=\"fr_FR\" \/>\n<meta property=\"og:type\" content=\"article\" \/>\n<meta property=\"og:title\" content=\"Tapis de souris en mousse \/SMP_PRO (05)\/ - MousePad24.eu\" \/>\n<meta property=\"og:description\" content=\"Tapis de souris ergonomique rouge personnalisable. Confort du poignet, glisse fluide et impression personnalis\u00e9e - un gadget promotionnel id\u00e9al.\" \/>\n<meta property=\"og:url\" content=\"https:\/\/mousepad24.eu\/fr\/produkt\/tapis-de-souris-en-mousse-smp_pro-04-kopia\/\" \/>\n<meta property=\"og:site_name\" content=\"MousePad24.eu\" \/>\n<meta property=\"article:publisher\" content=\"https:\/\/www.facebook.com\/mousepad24\/\" \/>\n<meta property=\"article:modified_time\" content=\"2026-03-24T11:10:00+00:00\" \/>\n<meta property=\"og:image\" content=\"https:\/\/mousepad24.eu\/wp-content\/uploads\/2025\/07\/smp_05_pro_-blank.webp\" \/>\n\t<meta property=\"og:image:width\" content=\"2500\" \/>\n\t<meta property=\"og:image:height\" content=\"2500\" \/>\n\t<meta property=\"og:image:type\" content=\"image\/webp\" \/>\n<meta name=\"twitter:card\" content=\"summary_large_image\" \/>\n<meta name=\"twitter:label1\" content=\"Dur\u00e9e de lecture estim\u00e9e\" \/>\n\t<meta name=\"twitter:data1\" content=\"1 minute\" \/>\n<script type=\"application\/ld+json\" class=\"yoast-schema-graph\">{\"@context\":\"https:\\\/\\\/schema.org\",\"@graph\":[{\"@type\":\"WebPage\",\"@id\":\"https:\\\/\\\/mousepad24.eu\\\/fr\\\/produkt\\\/tapis-de-souris-en-mousse-smp_pro-04-kopia\\\/\",\"url\":\"https:\\\/\\\/mousepad24.eu\\\/fr\\\/produkt\\\/tapis-de-souris-en-mousse-smp_pro-04-kopia\\\/\",\"name\":\"Tapis de souris en mousse \\\/SMP_PRO (05)\\\/ - MousePad24.eu\",\"isPartOf\":{\"@id\":\"https:\\\/\\\/mousepad24.eu\\\/#website\"},\"primaryImageOfPage\":{\"@id\":\"https:\\\/\\\/mousepad24.eu\\\/fr\\\/produkt\\\/tapis-de-souris-en-mousse-smp_pro-04-kopia\\\/#primaryimage\"},\"image\":{\"@id\":\"https:\\\/\\\/mousepad24.eu\\\/fr\\\/produkt\\\/tapis-de-souris-en-mousse-smp_pro-04-kopia\\\/#primaryimage\"},\"thumbnailUrl\":\"https:\\\/\\\/mousepad24.eu\\\/wp-content\\\/uploads\\\/2025\\\/07\\\/smp_05_pro_-blank.webp\",\"datePublished\":\"2026-01-12T13:45:50+00:00\",\"dateModified\":\"2026-03-24T11:10:00+00:00\",\"description\":\"Tapis de souris ergonomique rouge personnalisable. Confort du poignet, glisse fluide et impression personnalis\u00e9e - un gadget promotionnel id\u00e9al.\",\"breadcrumb\":{\"@id\":\"https:\\\/\\\/mousepad24.eu\\\/fr\\\/produkt\\\/tapis-de-souris-en-mousse-smp_pro-04-kopia\\\/#breadcrumb\"},\"inLanguage\":\"fr-FR\",\"potentialAction\":[{\"@type\":\"ReadAction\",\"target\":[\"https:\\\/\\\/mousepad24.eu\\\/fr\\\/produkt\\\/tapis-de-souris-en-mousse-smp_pro-04-kopia\\\/\"]}]},{\"@type\":\"ImageObject\",\"inLanguage\":\"fr-FR\",\"@id\":\"https:\\\/\\\/mousepad24.eu\\\/fr\\\/produkt\\\/tapis-de-souris-en-mousse-smp_pro-04-kopia\\\/#primaryimage\",\"url\":\"https:\\\/\\\/mousepad24.eu\\\/wp-content\\\/uploads\\\/2025\\\/07\\\/smp_05_pro_-blank.webp\",\"contentUrl\":\"https:\\\/\\\/mousepad24.eu\\\/wp-content\\\/uploads\\\/2025\\\/07\\\/smp_05_pro_-blank.webp\",\"width\":2500,\"height\":2500,\"caption\":\"Wygodna czerwona podk\u0142adka piankowa z podstawk\u0105 pod nadgarstek \u2013 bez nadruku\"},{\"@type\":\"BreadcrumbList\",\"@id\":\"https:\\\/\\\/mousepad24.eu\\\/fr\\\/produkt\\\/tapis-de-souris-en-mousse-smp_pro-04-kopia\\\/#breadcrumb\",\"itemListElement\":[{\"@type\":\"ListItem\",\"position\":1,\"name\":\"Page d'accueil\",\"item\":\"https:\\\/\\\/mousepad24.eu\\\/fr\\\/\"},{\"@type\":\"ListItem\",\"position\":2,\"name\":\"Boutique\",\"item\":\"https:\\\/\\\/mousepad24.eu\\\/fr\\\/\"},{\"@type\":\"ListItem\",\"position\":3,\"name\":\"Tapis de souris en mousse \\\/SMP_PRO (05)\\\/\"}]},{\"@type\":\"WebSite\",\"@id\":\"https:\\\/\\\/mousepad24.eu\\\/#website\",\"url\":\"https:\\\/\\\/mousepad24.eu\\\/\",\"name\":\"MousePad24.eu\",\"description\":\"Personalizowane podk\u0142adki pod mysz\",\"publisher\":{\"@id\":\"https:\\\/\\\/mousepad24.eu\\\/#organization\"},\"potentialAction\":[{\"@type\":\"SearchAction\",\"target\":{\"@type\":\"EntryPoint\",\"urlTemplate\":\"https:\\\/\\\/mousepad24.eu\\\/?s={search_term_string}\"},\"query-input\":{\"@type\":\"PropertyValueSpecification\",\"valueRequired\":true,\"valueName\":\"search_term_string\"}}],\"inLanguage\":\"fr-FR\"},{\"@type\":\"Organization\",\"@id\":\"https:\\\/\\\/mousepad24.eu\\\/#organization\",\"name\":\"MousePad24.eu\",\"url\":\"https:\\\/\\\/mousepad24.eu\\\/\",\"logo\":{\"@type\":\"ImageObject\",\"inLanguage\":\"fr-FR\",\"@id\":\"https:\\\/\\\/mousepad24.eu\\\/#\\\/schema\\\/logo\\\/image\\\/\",\"url\":\"https:\\\/\\\/mousepad24.eu\\\/wp-content\\\/uploads\\\/2022\\\/12\\\/MOUSEPAD24_logo_curv_OK-1.png\",\"contentUrl\":\"https:\\\/\\\/mousepad24.eu\\\/wp-content\\\/uploads\\\/2022\\\/12\\\/MOUSEPAD24_logo_curv_OK-1.png\",\"width\":1024,\"height\":75,\"caption\":\"MousePad24.eu\"},\"image\":{\"@id\":\"https:\\\/\\\/mousepad24.eu\\\/#\\\/schema\\\/logo\\\/image\\\/\"},\"sameAs\":[\"https:\\\/\\\/www.facebook.com\\\/mousepad24\\\/\",\"https:\\\/\\\/www.instagram.com\\\/mousepad24.eu\\\/\",\"https:\\\/\\\/www.linkedin.com\\\/company\\\/podkladki24-mousepad24\\\/\"]}]}<\/script>\n<!-- \/ Yoast SEO plugin. -->","yoast_head_json":{"title":"Tapis de souris en mousse \/SMP_PRO (05)\/ - MousePad24.eu","description":"Tapis de souris ergonomique rouge personnalisable. Confort du poignet, glisse fluide et impression personnalis\u00e9e - un gadget promotionnel id\u00e9al.","robots":{"index":"index","follow":"follow","max-snippet":"max-snippet:-1","max-image-preview":"max-image-preview:large","max-video-preview":"max-video-preview:-1"},"og_locale":"fr_FR","og_type":"article","og_title":"Tapis de souris en mousse \/SMP_PRO (05)\/ - MousePad24.eu","og_description":"Tapis de souris ergonomique rouge personnalisable. Confort du poignet, glisse fluide et impression personnalis\u00e9e - un gadget promotionnel id\u00e9al.","og_url":"https:\/\/mousepad24.eu\/fr\/produkt\/tapis-de-souris-en-mousse-smp_pro-04-kopia\/","og_site_name":"MousePad24.eu","article_publisher":"https:\/\/www.facebook.com\/mousepad24\/","article_modified_time":"2026-03-24T11:10:00+00:00","og_image":[{"width":2500,"height":2500,"url":"https:\/\/mousepad24.eu\/wp-content\/uploads\/2025\/07\/smp_05_pro_-blank.webp","type":"image\/webp"}],"twitter_card":"summary_large_image","twitter_misc":{"Dur\u00e9e de lecture estim\u00e9e":"1 minute"},"schema":{"@context":"https:\/\/schema.org","@graph":[{"@type":"WebPage","@id":"https:\/\/mousepad24.eu\/fr\/produkt\/tapis-de-souris-en-mousse-smp_pro-04-kopia\/","url":"https:\/\/mousepad24.eu\/fr\/produkt\/tapis-de-souris-en-mousse-smp_pro-04-kopia\/","name":"Tapis de souris en mousse \/SMP_PRO (05)\/ - MousePad24.eu","isPartOf":{"@id":"https:\/\/mousepad24.eu\/#website"},"primaryImageOfPage":{"@id":"https:\/\/mousepad24.eu\/fr\/produkt\/tapis-de-souris-en-mousse-smp_pro-04-kopia\/#primaryimage"},"image":{"@id":"https:\/\/mousepad24.eu\/fr\/produkt\/tapis-de-souris-en-mousse-smp_pro-04-kopia\/#primaryimage"},"thumbnailUrl":"https:\/\/mousepad24.eu\/wp-content\/uploads\/2025\/07\/smp_05_pro_-blank.webp","datePublished":"2026-01-12T13:45:50+00:00","dateModified":"2026-03-24T11:10:00+00:00","description":"Tapis de souris ergonomique rouge personnalisable. Confort du poignet, glisse fluide et impression personnalis\u00e9e - un gadget promotionnel id\u00e9al.","breadcrumb":{"@id":"https:\/\/mousepad24.eu\/fr\/produkt\/tapis-de-souris-en-mousse-smp_pro-04-kopia\/#breadcrumb"},"inLanguage":"fr-FR","potentialAction":[{"@type":"ReadAction","target":["https:\/\/mousepad24.eu\/fr\/produkt\/tapis-de-souris-en-mousse-smp_pro-04-kopia\/"]}]},{"@type":"ImageObject","inLanguage":"fr-FR","@id":"https:\/\/mousepad24.eu\/fr\/produkt\/tapis-de-souris-en-mousse-smp_pro-04-kopia\/#primaryimage","url":"https:\/\/mousepad24.eu\/wp-content\/uploads\/2025\/07\/smp_05_pro_-blank.webp","contentUrl":"https:\/\/mousepad24.eu\/wp-content\/uploads\/2025\/07\/smp_05_pro_-blank.webp","width":2500,"height":2500,"caption":"Wygodna czerwona podk\u0142adka piankowa z podstawk\u0105 pod nadgarstek \u2013 bez nadruku"},{"@type":"BreadcrumbList","@id":"https:\/\/mousepad24.eu\/fr\/produkt\/tapis-de-souris-en-mousse-smp_pro-04-kopia\/#breadcrumb","itemListElement":[{"@type":"ListItem","position":1,"name":"Page d'accueil","item":"https:\/\/mousepad24.eu\/fr\/"},{"@type":"ListItem","position":2,"name":"Boutique","item":"https:\/\/mousepad24.eu\/fr\/"},{"@type":"ListItem","position":3,"name":"Tapis de souris en mousse \/SMP_PRO (05)\/"}]},{"@type":"WebSite","@id":"https:\/\/mousepad24.eu\/#website","url":"https:\/\/mousepad24.eu\/","name":"MousePad24.eu","description":"Personalizowane podk\u0142adki pod mysz","publisher":{"@id":"https:\/\/mousepad24.eu\/#organization"},"potentialAction":[{"@type":"SearchAction","target":{"@type":"EntryPoint","urlTemplate":"https:\/\/mousepad24.eu\/?s={search_term_string}"},"query-input":{"@type":"PropertyValueSpecification","valueRequired":true,"valueName":"search_term_string"}}],"inLanguage":"fr-FR"},{"@type":"Organization","@id":"https:\/\/mousepad24.eu\/#organization","name":"MousePad24.eu","url":"https:\/\/mousepad24.eu\/","logo":{"@type":"ImageObject","inLanguage":"fr-FR","@id":"https:\/\/mousepad24.eu\/#\/schema\/logo\/image\/","url":"https:\/\/mousepad24.eu\/wp-content\/uploads\/2022\/12\/MOUSEPAD24_logo_curv_OK-1.png","contentUrl":"https:\/\/mousepad24.eu\/wp-content\/uploads\/2022\/12\/MOUSEPAD24_logo_curv_OK-1.png","width":1024,"height":75,"caption":"MousePad24.eu"},"image":{"@id":"https:\/\/mousepad24.eu\/#\/schema\/logo\/image\/"},"sameAs":["https:\/\/www.facebook.com\/mousepad24\/","https:\/\/www.instagram.com\/mousepad24.eu\/","https:\/\/www.linkedin.com\/company\/podkladki24-mousepad24\/"]}]}},"_links":{"self":[{"href":"https:\/\/mousepad24.eu\/fr\/wp-json\/wp\/v2\/product\/76695","targetHints":{"allow":["GET"]}}],"collection":[{"href":"https:\/\/mousepad24.eu\/fr\/wp-json\/wp\/v2\/product"}],"about":[{"href":"https:\/\/mousepad24.eu\/fr\/wp-json\/wp\/v2\/types\/product"}],"wp:featuredmedia":[{"embeddable":true,"href":"https:\/\/mousepad24.eu\/fr\/wp-json\/wp\/v2\/media\/65277"}],"wp:attachment":[{"href":"https:\/\/mousepad24.eu\/fr\/wp-json\/wp\/v2\/media?parent=76695"}],"wp:term":[{"taxonomy":"product_brand","embeddable":true,"href":"https:\/\/mousepad24.eu\/fr\/wp-json\/wp\/v2\/product_brand?post=76695"},{"taxonomy":"product_cat","embeddable":true,"href":"https:\/\/mousepad24.eu\/fr\/wp-json\/wp\/v2\/product_cat?post=76695"},{"taxonomy":"product_tag","embeddable":true,"href":"https:\/\/mousepad24.eu\/fr\/wp-json\/wp\/v2\/product_tag?post=76695"}],"curies":[{"name":"wp","href":"https:\/\/api.w.org\/{rel}","templated":true}]}}