{"id":77623,"date":"2026-03-10T11:50:00","date_gmt":"2026-03-10T10:50:00","guid":{"rendered":"https:\/\/mousepad24.eu\/produkt\/emballage-protecteur-en-film-pour-tapis-de-souris-fp\/"},"modified":"2026-03-10T11:50:00","modified_gmt":"2026-03-10T10:50:00","slug":"emballage-protecteur-en-film-pour-tapis-de-souris-fp","status":"publish","type":"product","link":"https:\/\/mousepad24.eu\/fr\/produkt\/emballage-protecteur-en-film-pour-tapis-de-souris-fp\/","title":{"rendered":"Emballage protecteur en film pour tapis de souris \/ FP \/"},"content":{"rendered":"<p data-start=\"292\" data-end=\"723\"><strong>Emballage protecteur en film<\/strong> &#8211; pratique, transparent et con\u00e7u pour le stockage s\u00e9curis\u00e9 et l&#8217;emballage esth\u00e9tique des tapis de souris.<\/p>\n<p data-start=\"292\" data-end=\"723\">Parfait aussi bien pour la vente au d\u00e9tail que pour l&#8217;exp\u00e9dition de produits. Prot\u00e8ge la surface du tapis de la poussi\u00e8re, des salissures et des rayures.<br data-start=\"599\" data-end=\"602\">L&#8217;emballage est disponible en deux variantes adapt\u00e9es aux diff\u00e9rentes tailles de tapis : <strong data-start=\"692\" data-end=\"704\">Standard<\/strong>, <strong>Gaming<\/strong>. <\/p>\n<p data-start=\"725\" data-end=\"993\">Le film est flexible, transparent et r\u00e9sistant aux d\u00e9chirures, ce qui garantit durabilit\u00e9 et confort d&#8217;utilisation.<br data-start=\"832\" data-end=\"835\">Ne convient pas aux tapis <strong data-start=\"863\" data-end=\"875\">en gel<\/strong> \u2013 ce type de produits dispose de ses propres emballages protecteurs d&#8217;origine et ne rentre pas dans ce type d&#8217;\u00e9tui en film.<\/p>\n<p data-start=\"995\" data-end=\"1014\"><strong data-start=\"995\" data-end=\"1014\">Caract\u00e9ristiques du produit :<\/strong><\/p>\n<ul data-start=\"1015\" data-end=\"1289\">\n<li data-start=\"1015\" data-end=\"1064\">\n<p data-start=\"1017\" data-end=\"1064\">Film protecteur transparent de haute qualit\u00e9<\/p>\n<\/li>\n<li data-start=\"1065\" data-end=\"1114\">\n<p data-start=\"1067\" data-end=\"1114\">Prot\u00e8ge contre la poussi\u00e8re, les rayures et l&#8217;humidit\u00e9<\/p>\n<\/li>\n<li data-start=\"1115\" data-end=\"1182\">\n<p data-start=\"1117\" data-end=\"1182\">Aspect esth\u00e9tique &#8211; id\u00e9al pour l&#8217;exposition en magasin ou l&#8217;exp\u00e9dition<\/p>\n<\/li>\n<li data-start=\"1183\" data-end=\"1239\">\n<p data-start=\"1185\" data-end=\"1239\">Deux variantes de taille adapt\u00e9es (Standard, Gaming)<\/p>\n<\/li>\n<\/ul>\n<p data-start=\"1341\" data-end=\"1389\">\ud83d\udd38 <strong data-start=\"1348\" data-end=\"1389\">Emballage en film \u2013 Standard 21,5 x 24 cm<\/strong><\/p>\n<p data-start=\"1390\" data-end=\"1687\">Emballage destin\u00e9 \u00e0 la plupart des tapis de souris classiques aux dimensions de bureau standard.<br data-start=\"1497\" data-end=\"1500\">Id\u00e9al pour prot\u00e9ger les tapis fins et d&#8217;\u00e9paisseur moyenne en tissu ou en caoutchouc.<br data-start=\"1592\" data-end=\"1595\">Le film transparent garantit un aspect esth\u00e9tique et une protection pendant le stockage ou l&#8217;exp\u00e9dition.<br \/>\n<strong data-start=\"1689\" data-end=\"1701\">Types de tapis compatibles : SMP, SMP_REC, SMP_PRO, SUB, SUB_ECO, SUBS, SUBR, P2S, P3S<\/strong><\/p>\n<p data-start=\"1769\" data-end=\"1822\">\ud83d\udd38 <strong data-start=\"1776\" data-end=\"1822\">Emballage en film \u2013 Gaming 15 x 48 cm<\/strong><\/p>\n<p data-start=\"1823\" data-end=\"2118\">Film protecteur destin\u00e9 aux tapis gaming en taille <strong data-start=\"1776\" data-end=\"1822\">M, L, XL, XL+, SLIM, XL LONG, XL LONG+<\/strong>.<br data-start=\"1892\" data-end=\"1895\">Parfait pour le stockage et l&#8217;emballage des tapis aux dimensions typiques pour les joueurs \u2013 l\u00e9g\u00e8rement plus grandes que les mod\u00e8les standard.<br data-start=\"2022\" data-end=\"2025\">Prot\u00e8ge la surface du tapis de la poussi\u00e8re et des salissures, en pr\u00e9servant son aspect d&#8217;origine.<\/p>\n","protected":false},"excerpt":{"rendered":"<p>Emballage transparent en film destin\u00e9 au stockage s\u00e9curis\u00e9 et \u00e0 l&#8217;emballage des tapis de souris. Prot\u00e8ge de la poussi\u00e8re, des rayures et des salissures, et gr\u00e2ce \u00e0 son aspect esth\u00e9tique, convient aussi bien pour la vente au d\u00e9tail que pour l&#8217;exp\u00e9dition. Le film flexible et r\u00e9sistant aux d\u00e9chirures garantit durabilit\u00e9 et confort d&#8217;utilisation.  <\/p>\n","protected":false},"featured_media":76660,"template":"","meta":[],"product_brand":[],"product_cat":[1554],"product_tag":[],"class_list":{"0":"post-77623","1":"product","2":"type-product","3":"status-publish","4":"has-post-thumbnail","6":"product_cat-autres","7":"fpd-variation-needed","9":"first","10":"instock","11":"taxable","12":"shipping-taxable","13":"purchasable","14":"product-type-variable","15":"has-default-attributes"},"yoast_head":"<!-- This site is optimized with the Yoast SEO plugin v27.4 - https:\/\/yoast.com\/product\/yoast-seo-wordpress\/ -->\n<title>Emballage protecteur en film pour tapis de souris \/ FP \/ - MousePad24.eu<\/title>\n<meta name=\"description\" content=\"Emballage transparent en film pour tapis de souris. Prot\u00e8ge de la poussi\u00e8re et des rayures. Variantes disponibles : Standard 21,5\u00d724 cm et Gaming 15\u00d748 cm.\" \/>\n<meta name=\"robots\" content=\"index, follow, max-snippet:-1, max-image-preview:large, max-video-preview:-1\" \/>\n<meta property=\"og:locale\" content=\"fr_FR\" \/>\n<meta property=\"og:type\" content=\"article\" \/>\n<meta property=\"og:title\" content=\"Emballage protecteur en film pour tapis de souris \/ FP \/ - MousePad24.eu\" \/>\n<meta property=\"og:description\" content=\"Emballage transparent en film pour tapis de souris. Prot\u00e8ge de la poussi\u00e8re et des rayures. Variantes disponibles : Standard 21,5\u00d724 cm et Gaming 15\u00d748 cm.\" \/>\n<meta property=\"og:url\" content=\"https:\/\/mousepad24.eu\/fr\/produkt\/emballage-protecteur-en-film-pour-tapis-de-souris-fp\/\" \/>\n<meta property=\"og:site_name\" content=\"MousePad24.eu\" \/>\n<meta property=\"article:publisher\" content=\"https:\/\/www.facebook.com\/mousepad24\/\" \/>\n<meta property=\"og:image\" content=\"https:\/\/mousepad24.eu\/wp-content\/uploads\/2026\/01\/woreczki_male.jpg\" \/>\n\t<meta property=\"og:image:width\" content=\"2500\" \/>\n\t<meta property=\"og:image:height\" content=\"2500\" \/>\n\t<meta property=\"og:image:type\" content=\"image\/jpeg\" \/>\n<meta name=\"twitter:card\" content=\"summary_large_image\" \/>\n<meta name=\"twitter:label1\" content=\"Dur\u00e9e de lecture estim\u00e9e\" \/>\n\t<meta name=\"twitter:data1\" content=\"1 minute\" \/>\n<script type=\"application\/ld+json\" class=\"yoast-schema-graph\">{\"@context\":\"https:\\\/\\\/schema.org\",\"@graph\":[{\"@type\":\"WebPage\",\"@id\":\"https:\\\/\\\/mousepad24.eu\\\/fr\\\/produkt\\\/emballage-protecteur-en-film-pour-tapis-de-souris-fp\\\/\",\"url\":\"https:\\\/\\\/mousepad24.eu\\\/fr\\\/produkt\\\/emballage-protecteur-en-film-pour-tapis-de-souris-fp\\\/\",\"name\":\"Emballage protecteur en film pour tapis de souris \\\/ FP \\\/ - MousePad24.eu\",\"isPartOf\":{\"@id\":\"https:\\\/\\\/mousepad24.eu\\\/#website\"},\"primaryImageOfPage\":{\"@id\":\"https:\\\/\\\/mousepad24.eu\\\/fr\\\/produkt\\\/emballage-protecteur-en-film-pour-tapis-de-souris-fp\\\/#primaryimage\"},\"image\":{\"@id\":\"https:\\\/\\\/mousepad24.eu\\\/fr\\\/produkt\\\/emballage-protecteur-en-film-pour-tapis-de-souris-fp\\\/#primaryimage\"},\"thumbnailUrl\":\"https:\\\/\\\/mousepad24.eu\\\/wp-content\\\/uploads\\\/2026\\\/01\\\/woreczki_male.jpg\",\"datePublished\":\"2026-03-10T10:50:00+00:00\",\"description\":\"Emballage transparent en film pour tapis de souris. Prot\u00e8ge de la poussi\u00e8re et des rayures. Variantes disponibles : Standard 21,5\u00d724 cm et Gaming 15\u00d748 cm.\",\"breadcrumb\":{\"@id\":\"https:\\\/\\\/mousepad24.eu\\\/fr\\\/produkt\\\/emballage-protecteur-en-film-pour-tapis-de-souris-fp\\\/#breadcrumb\"},\"inLanguage\":\"fr-FR\",\"potentialAction\":[{\"@type\":\"ReadAction\",\"target\":[\"https:\\\/\\\/mousepad24.eu\\\/fr\\\/produkt\\\/emballage-protecteur-en-film-pour-tapis-de-souris-fp\\\/\"]}]},{\"@type\":\"ImageObject\",\"inLanguage\":\"fr-FR\",\"@id\":\"https:\\\/\\\/mousepad24.eu\\\/fr\\\/produkt\\\/emballage-protecteur-en-film-pour-tapis-de-souris-fp\\\/#primaryimage\",\"url\":\"https:\\\/\\\/mousepad24.eu\\\/wp-content\\\/uploads\\\/2026\\\/01\\\/woreczki_male.jpg\",\"contentUrl\":\"https:\\\/\\\/mousepad24.eu\\\/wp-content\\\/uploads\\\/2026\\\/01\\\/woreczki_male.jpg\",\"width\":2500,\"height\":2500,\"caption\":\"foliowe opakowanie ochronne\"},{\"@type\":\"BreadcrumbList\",\"@id\":\"https:\\\/\\\/mousepad24.eu\\\/fr\\\/produkt\\\/emballage-protecteur-en-film-pour-tapis-de-souris-fp\\\/#breadcrumb\",\"itemListElement\":[{\"@type\":\"ListItem\",\"position\":1,\"name\":\"Page d'accueil\",\"item\":\"https:\\\/\\\/mousepad24.eu\\\/fr\\\/\"},{\"@type\":\"ListItem\",\"position\":2,\"name\":\"Boutique\",\"item\":\"https:\\\/\\\/mousepad24.eu\\\/fr\\\/\"},{\"@type\":\"ListItem\",\"position\":3,\"name\":\"Emballage protecteur en film pour tapis de souris \\\/ FP \\\/\"}]},{\"@type\":\"WebSite\",\"@id\":\"https:\\\/\\\/mousepad24.eu\\\/#website\",\"url\":\"https:\\\/\\\/mousepad24.eu\\\/\",\"name\":\"MousePad24.eu\",\"description\":\"Personalizowane podk\u0142adki pod mysz\",\"publisher\":{\"@id\":\"https:\\\/\\\/mousepad24.eu\\\/#organization\"},\"potentialAction\":[{\"@type\":\"SearchAction\",\"target\":{\"@type\":\"EntryPoint\",\"urlTemplate\":\"https:\\\/\\\/mousepad24.eu\\\/?s={search_term_string}\"},\"query-input\":{\"@type\":\"PropertyValueSpecification\",\"valueRequired\":true,\"valueName\":\"search_term_string\"}}],\"inLanguage\":\"fr-FR\"},{\"@type\":\"Organization\",\"@id\":\"https:\\\/\\\/mousepad24.eu\\\/#organization\",\"name\":\"MousePad24.eu\",\"url\":\"https:\\\/\\\/mousepad24.eu\\\/\",\"logo\":{\"@type\":\"ImageObject\",\"inLanguage\":\"fr-FR\",\"@id\":\"https:\\\/\\\/mousepad24.eu\\\/#\\\/schema\\\/logo\\\/image\\\/\",\"url\":\"https:\\\/\\\/mousepad24.eu\\\/wp-content\\\/uploads\\\/2022\\\/12\\\/MOUSEPAD24_logo_curv_OK-1.png\",\"contentUrl\":\"https:\\\/\\\/mousepad24.eu\\\/wp-content\\\/uploads\\\/2022\\\/12\\\/MOUSEPAD24_logo_curv_OK-1.png\",\"width\":1024,\"height\":75,\"caption\":\"MousePad24.eu\"},\"image\":{\"@id\":\"https:\\\/\\\/mousepad24.eu\\\/#\\\/schema\\\/logo\\\/image\\\/\"},\"sameAs\":[\"https:\\\/\\\/www.facebook.com\\\/mousepad24\\\/\",\"https:\\\/\\\/www.instagram.com\\\/mousepad24.eu\\\/\",\"https:\\\/\\\/www.linkedin.com\\\/company\\\/podkladki24-mousepad24\\\/\"]}]}<\/script>\n<!-- \/ Yoast SEO plugin. -->","yoast_head_json":{"title":"Emballage protecteur en film pour tapis de souris \/ FP \/ - MousePad24.eu","description":"Emballage transparent en film pour tapis de souris. Prot\u00e8ge de la poussi\u00e8re et des rayures. Variantes disponibles : Standard 21,5\u00d724 cm et Gaming 15\u00d748 cm.","robots":{"index":"index","follow":"follow","max-snippet":"max-snippet:-1","max-image-preview":"max-image-preview:large","max-video-preview":"max-video-preview:-1"},"og_locale":"fr_FR","og_type":"article","og_title":"Emballage protecteur en film pour tapis de souris \/ FP \/ - MousePad24.eu","og_description":"Emballage transparent en film pour tapis de souris. Prot\u00e8ge de la poussi\u00e8re et des rayures. Variantes disponibles : Standard 21,5\u00d724 cm et Gaming 15\u00d748 cm.","og_url":"https:\/\/mousepad24.eu\/fr\/produkt\/emballage-protecteur-en-film-pour-tapis-de-souris-fp\/","og_site_name":"MousePad24.eu","article_publisher":"https:\/\/www.facebook.com\/mousepad24\/","og_image":[{"width":2500,"height":2500,"url":"https:\/\/mousepad24.eu\/wp-content\/uploads\/2026\/01\/woreczki_male.jpg","type":"image\/jpeg"}],"twitter_card":"summary_large_image","twitter_misc":{"Dur\u00e9e de lecture estim\u00e9e":"1 minute"},"schema":{"@context":"https:\/\/schema.org","@graph":[{"@type":"WebPage","@id":"https:\/\/mousepad24.eu\/fr\/produkt\/emballage-protecteur-en-film-pour-tapis-de-souris-fp\/","url":"https:\/\/mousepad24.eu\/fr\/produkt\/emballage-protecteur-en-film-pour-tapis-de-souris-fp\/","name":"Emballage protecteur en film pour tapis de souris \/ FP \/ - MousePad24.eu","isPartOf":{"@id":"https:\/\/mousepad24.eu\/#website"},"primaryImageOfPage":{"@id":"https:\/\/mousepad24.eu\/fr\/produkt\/emballage-protecteur-en-film-pour-tapis-de-souris-fp\/#primaryimage"},"image":{"@id":"https:\/\/mousepad24.eu\/fr\/produkt\/emballage-protecteur-en-film-pour-tapis-de-souris-fp\/#primaryimage"},"thumbnailUrl":"https:\/\/mousepad24.eu\/wp-content\/uploads\/2026\/01\/woreczki_male.jpg","datePublished":"2026-03-10T10:50:00+00:00","description":"Emballage transparent en film pour tapis de souris. Prot\u00e8ge de la poussi\u00e8re et des rayures. Variantes disponibles : Standard 21,5\u00d724 cm et Gaming 15\u00d748 cm.","breadcrumb":{"@id":"https:\/\/mousepad24.eu\/fr\/produkt\/emballage-protecteur-en-film-pour-tapis-de-souris-fp\/#breadcrumb"},"inLanguage":"fr-FR","potentialAction":[{"@type":"ReadAction","target":["https:\/\/mousepad24.eu\/fr\/produkt\/emballage-protecteur-en-film-pour-tapis-de-souris-fp\/"]}]},{"@type":"ImageObject","inLanguage":"fr-FR","@id":"https:\/\/mousepad24.eu\/fr\/produkt\/emballage-protecteur-en-film-pour-tapis-de-souris-fp\/#primaryimage","url":"https:\/\/mousepad24.eu\/wp-content\/uploads\/2026\/01\/woreczki_male.jpg","contentUrl":"https:\/\/mousepad24.eu\/wp-content\/uploads\/2026\/01\/woreczki_male.jpg","width":2500,"height":2500,"caption":"foliowe opakowanie ochronne"},{"@type":"BreadcrumbList","@id":"https:\/\/mousepad24.eu\/fr\/produkt\/emballage-protecteur-en-film-pour-tapis-de-souris-fp\/#breadcrumb","itemListElement":[{"@type":"ListItem","position":1,"name":"Page d'accueil","item":"https:\/\/mousepad24.eu\/fr\/"},{"@type":"ListItem","position":2,"name":"Boutique","item":"https:\/\/mousepad24.eu\/fr\/"},{"@type":"ListItem","position":3,"name":"Emballage protecteur en film pour tapis de souris \/ FP \/"}]},{"@type":"WebSite","@id":"https:\/\/mousepad24.eu\/#website","url":"https:\/\/mousepad24.eu\/","name":"MousePad24.eu","description":"Personalizowane podk\u0142adki pod mysz","publisher":{"@id":"https:\/\/mousepad24.eu\/#organization"},"potentialAction":[{"@type":"SearchAction","target":{"@type":"EntryPoint","urlTemplate":"https:\/\/mousepad24.eu\/?s={search_term_string}"},"query-input":{"@type":"PropertyValueSpecification","valueRequired":true,"valueName":"search_term_string"}}],"inLanguage":"fr-FR"},{"@type":"Organization","@id":"https:\/\/mousepad24.eu\/#organization","name":"MousePad24.eu","url":"https:\/\/mousepad24.eu\/","logo":{"@type":"ImageObject","inLanguage":"fr-FR","@id":"https:\/\/mousepad24.eu\/#\/schema\/logo\/image\/","url":"https:\/\/mousepad24.eu\/wp-content\/uploads\/2022\/12\/MOUSEPAD24_logo_curv_OK-1.png","contentUrl":"https:\/\/mousepad24.eu\/wp-content\/uploads\/2022\/12\/MOUSEPAD24_logo_curv_OK-1.png","width":1024,"height":75,"caption":"MousePad24.eu"},"image":{"@id":"https:\/\/mousepad24.eu\/#\/schema\/logo\/image\/"},"sameAs":["https:\/\/www.facebook.com\/mousepad24\/","https:\/\/www.instagram.com\/mousepad24.eu\/","https:\/\/www.linkedin.com\/company\/podkladki24-mousepad24\/"]}]}},"_links":{"self":[{"href":"https:\/\/mousepad24.eu\/fr\/wp-json\/wp\/v2\/product\/77623","targetHints":{"allow":["GET"]}}],"collection":[{"href":"https:\/\/mousepad24.eu\/fr\/wp-json\/wp\/v2\/product"}],"about":[{"href":"https:\/\/mousepad24.eu\/fr\/wp-json\/wp\/v2\/types\/product"}],"wp:featuredmedia":[{"embeddable":true,"href":"https:\/\/mousepad24.eu\/fr\/wp-json\/wp\/v2\/media\/76660"}],"wp:attachment":[{"href":"https:\/\/mousepad24.eu\/fr\/wp-json\/wp\/v2\/media?parent=77623"}],"wp:term":[{"taxonomy":"product_brand","embeddable":true,"href":"https:\/\/mousepad24.eu\/fr\/wp-json\/wp\/v2\/product_brand?post=77623"},{"taxonomy":"product_cat","embeddable":true,"href":"https:\/\/mousepad24.eu\/fr\/wp-json\/wp\/v2\/product_cat?post=77623"},{"taxonomy":"product_tag","embeddable":true,"href":"https:\/\/mousepad24.eu\/fr\/wp-json\/wp\/v2\/product_tag?post=77623"}],"curies":[{"name":"wp","href":"https:\/\/api.w.org\/{rel}","templated":true}]}}