{"id":77670,"date":"2026-03-10T14:43:51","date_gmt":"2026-03-10T13:43:51","guid":{"rendered":"https:\/\/mousepad24.eu\/produkt\/tube\/"},"modified":"2026-03-10T14:43:51","modified_gmt":"2026-03-10T13:43:51","slug":"tube","status":"publish","type":"product","link":"https:\/\/mousepad24.eu\/fr\/produkt\/tube\/","title":{"rendered":"Tube"},"content":{"rendered":"<p data-start=\"550\" data-end=\"881\"><strong data-start=\"550\" data-end=\"620\">MousePad TubePack &#8211; tube en carton pour l&#8217;emballage de tapis de souris.<\/strong>  C&#8217;est une solution solide et esth\u00e9tique con\u00e7ue pour le transport s\u00e9curis\u00e9 et la pr\u00e9sentation \u00e9l\u00e9gante des produits. Fabriqu\u00e9e en <strong data-start=\"765\" data-end=\"790\">carton \u00e9pais<\/strong> r\u00e9sistant, elle prot\u00e8ge parfaitement les tapis contre le pliage, les d\u00e9formations ou l&#8217;humidit\u00e9 pendant l&#8217;exp\u00e9dition. <\/p>\n<p data-start=\"883\" data-end=\"1164\">Le tube a \u00e9t\u00e9 sp\u00e9cialement con\u00e7u pour emballer les <strong data-start=\"935\" data-end=\"968\">tapis de souris enroul\u00e9s<\/strong> \u2013 aussi bien en tissu que gaming. Gr\u00e2ce \u00e0 sa construction, il assure une stabilit\u00e9 maximale et pr\u00e9vient les dommages m\u00e9caniques, ce qui est particuli\u00e8rement important lors du transport. <\/p>\n<p data-start=\"1166\" data-end=\"1478\">C&#8217;est une excellente alternative aux emballages plastiques classiques ou aux bo\u00eetes en carton. Il a un aspect plus premium, augmente la s\u00e9curit\u00e9 du produit et souligne le caract\u00e8re professionnel de la marque. Le produit est parfait pour la vente en ligne, au d\u00e9tail, lors de salons et pour l&#8217;exp\u00e9dition de tapis personnalis\u00e9s.  <\/p>\n<p data-start=\"1480\" data-end=\"1709\">Chaque tube contient des <strong data-start=\"1509\" data-end=\"1531\">fermetures rigides<\/strong> qui s\u00e9curisent le contenu et facilitent l&#8217;utilisation multiple. Le mat\u00e9riau est \u00e9cologique, recyclable, ce qui souligne l&#8217;approche \u00e9coresponsable de la marque. <\/p>\n","protected":false},"excerpt":{"rendered":"<p data-start=\"1931\" data-end=\"2076\">Tube en carton robuste pour tapis de souris enroul\u00e9s. Prot\u00e8ge pendant l&#8217;exp\u00e9dition, donne un aspect \u00e9l\u00e9gant et est recyclable. Id\u00e9al pour les cadeaux.  <\/p>\n","protected":false},"featured_media":75758,"template":"","meta":[],"product_brand":[],"product_cat":[1554],"product_tag":[],"class_list":{"0":"post-77670","1":"product","2":"type-product","3":"status-publish","4":"has-post-thumbnail","6":"product_cat-autres","7":"fpd-variation-needed","9":"first","10":"instock","11":"taxable","12":"shipping-taxable","13":"purchasable","14":"product-type-variable","15":"has-default-attributes"},"yoast_head":"<!-- This site is optimized with the Yoast SEO plugin v27.5 - https:\/\/yoast.com\/product\/yoast-seo-wordpress\/ -->\n<title>Tube - MousePad24.eu<\/title>\n<meta name=\"description\" content=\"Tube en carton r\u00e9sistante pour l&#039;emballage de tapis de souris. Prot\u00e8ge contre les dommages, id\u00e9ale pour l&#039;exp\u00e9dition et la pr\u00e9sentation des produits. \u00c9cologique et solide.\" \/>\n<meta name=\"robots\" content=\"index, follow, max-snippet:-1, max-image-preview:large, max-video-preview:-1\" \/>\n<meta property=\"og:locale\" content=\"fr_FR\" \/>\n<meta property=\"og:type\" content=\"article\" \/>\n<meta property=\"og:title\" content=\"Tube - MousePad24.eu\" \/>\n<meta property=\"og:description\" content=\"Tube en carton r\u00e9sistante pour l&#039;emballage de tapis de souris. Prot\u00e8ge contre les dommages, id\u00e9ale pour l&#039;exp\u00e9dition et la pr\u00e9sentation des produits. \u00c9cologique et solide.\" \/>\n<meta property=\"og:url\" content=\"https:\/\/mousepad24.eu\/fr\/produkt\/tube\/\" \/>\n<meta property=\"og:site_name\" content=\"MousePad24.eu\" \/>\n<meta property=\"article:publisher\" content=\"https:\/\/www.facebook.com\/mousepad24\/\" \/>\n<meta property=\"og:image\" content=\"https:\/\/mousepad24.eu\/wp-content\/uploads\/2025\/12\/tuba_02.jpg\" \/>\n\t<meta property=\"og:image:width\" content=\"2000\" \/>\n\t<meta property=\"og:image:height\" content=\"2000\" \/>\n\t<meta property=\"og:image:type\" content=\"image\/jpeg\" \/>\n<meta name=\"twitter:card\" content=\"summary_large_image\" \/>\n<meta name=\"twitter:label1\" content=\"Dur\u00e9e de lecture estim\u00e9e\" \/>\n\t<meta name=\"twitter:data1\" content=\"1 minute\" \/>\n<script type=\"application\/ld+json\" class=\"yoast-schema-graph\">{\"@context\":\"https:\\\/\\\/schema.org\",\"@graph\":[{\"@type\":\"WebPage\",\"@id\":\"https:\\\/\\\/mousepad24.eu\\\/fr\\\/produkt\\\/tube\\\/\",\"url\":\"https:\\\/\\\/mousepad24.eu\\\/fr\\\/produkt\\\/tube\\\/\",\"name\":\"Tube - MousePad24.eu\",\"isPartOf\":{\"@id\":\"https:\\\/\\\/mousepad24.eu\\\/#website\"},\"primaryImageOfPage\":{\"@id\":\"https:\\\/\\\/mousepad24.eu\\\/fr\\\/produkt\\\/tube\\\/#primaryimage\"},\"image\":{\"@id\":\"https:\\\/\\\/mousepad24.eu\\\/fr\\\/produkt\\\/tube\\\/#primaryimage\"},\"thumbnailUrl\":\"https:\\\/\\\/mousepad24.eu\\\/wp-content\\\/uploads\\\/2025\\\/12\\\/tuba_02.jpg\",\"datePublished\":\"2026-03-10T13:43:51+00:00\",\"description\":\"Tube en carton r\u00e9sistante pour l'emballage de tapis de souris. Prot\u00e8ge contre les dommages, id\u00e9ale pour l'exp\u00e9dition et la pr\u00e9sentation des produits. \u00c9cologique et solide.\",\"breadcrumb\":{\"@id\":\"https:\\\/\\\/mousepad24.eu\\\/fr\\\/produkt\\\/tube\\\/#breadcrumb\"},\"inLanguage\":\"fr-FR\",\"potentialAction\":[{\"@type\":\"ReadAction\",\"target\":[\"https:\\\/\\\/mousepad24.eu\\\/fr\\\/produkt\\\/tube\\\/\"]}]},{\"@type\":\"ImageObject\",\"inLanguage\":\"fr-FR\",\"@id\":\"https:\\\/\\\/mousepad24.eu\\\/fr\\\/produkt\\\/tube\\\/#primaryimage\",\"url\":\"https:\\\/\\\/mousepad24.eu\\\/wp-content\\\/uploads\\\/2025\\\/12\\\/tuba_02.jpg\",\"contentUrl\":\"https:\\\/\\\/mousepad24.eu\\\/wp-content\\\/uploads\\\/2025\\\/12\\\/tuba_02.jpg\",\"width\":2000,\"height\":2000,\"caption\":\"Tuba\"},{\"@type\":\"BreadcrumbList\",\"@id\":\"https:\\\/\\\/mousepad24.eu\\\/fr\\\/produkt\\\/tube\\\/#breadcrumb\",\"itemListElement\":[{\"@type\":\"ListItem\",\"position\":1,\"name\":\"Page d'accueil\",\"item\":\"https:\\\/\\\/mousepad24.eu\\\/fr\\\/\"},{\"@type\":\"ListItem\",\"position\":2,\"name\":\"Boutique\",\"item\":\"https:\\\/\\\/mousepad24.eu\\\/fr\\\/\"},{\"@type\":\"ListItem\",\"position\":3,\"name\":\"Tube\"}]},{\"@type\":\"WebSite\",\"@id\":\"https:\\\/\\\/mousepad24.eu\\\/#website\",\"url\":\"https:\\\/\\\/mousepad24.eu\\\/\",\"name\":\"MousePad24.eu\",\"description\":\"Personalizowane podk\u0142adki pod mysz\",\"publisher\":{\"@id\":\"https:\\\/\\\/mousepad24.eu\\\/#organization\"},\"potentialAction\":[{\"@type\":\"SearchAction\",\"target\":{\"@type\":\"EntryPoint\",\"urlTemplate\":\"https:\\\/\\\/mousepad24.eu\\\/?s={search_term_string}\"},\"query-input\":{\"@type\":\"PropertyValueSpecification\",\"valueRequired\":true,\"valueName\":\"search_term_string\"}}],\"inLanguage\":\"fr-FR\"},{\"@type\":\"Organization\",\"@id\":\"https:\\\/\\\/mousepad24.eu\\\/#organization\",\"name\":\"MousePad24.eu\",\"url\":\"https:\\\/\\\/mousepad24.eu\\\/\",\"logo\":{\"@type\":\"ImageObject\",\"inLanguage\":\"fr-FR\",\"@id\":\"https:\\\/\\\/mousepad24.eu\\\/#\\\/schema\\\/logo\\\/image\\\/\",\"url\":\"https:\\\/\\\/mousepad24.eu\\\/wp-content\\\/uploads\\\/2022\\\/12\\\/MOUSEPAD24_logo_curv_OK-1.png\",\"contentUrl\":\"https:\\\/\\\/mousepad24.eu\\\/wp-content\\\/uploads\\\/2022\\\/12\\\/MOUSEPAD24_logo_curv_OK-1.png\",\"width\":1024,\"height\":75,\"caption\":\"MousePad24.eu\"},\"image\":{\"@id\":\"https:\\\/\\\/mousepad24.eu\\\/#\\\/schema\\\/logo\\\/image\\\/\"},\"sameAs\":[\"https:\\\/\\\/www.facebook.com\\\/mousepad24\\\/\",\"https:\\\/\\\/www.instagram.com\\\/mousepad24.eu\\\/\",\"https:\\\/\\\/www.linkedin.com\\\/company\\\/podkladki24-mousepad24\\\/\"]}]}<\/script>\n<!-- \/ Yoast SEO plugin. -->","yoast_head_json":{"title":"Tube - MousePad24.eu","description":"Tube en carton r\u00e9sistante pour l'emballage de tapis de souris. Prot\u00e8ge contre les dommages, id\u00e9ale pour l'exp\u00e9dition et la pr\u00e9sentation des produits. \u00c9cologique et solide.","robots":{"index":"index","follow":"follow","max-snippet":"max-snippet:-1","max-image-preview":"max-image-preview:large","max-video-preview":"max-video-preview:-1"},"og_locale":"fr_FR","og_type":"article","og_title":"Tube - MousePad24.eu","og_description":"Tube en carton r\u00e9sistante pour l'emballage de tapis de souris. Prot\u00e8ge contre les dommages, id\u00e9ale pour l'exp\u00e9dition et la pr\u00e9sentation des produits. \u00c9cologique et solide.","og_url":"https:\/\/mousepad24.eu\/fr\/produkt\/tube\/","og_site_name":"MousePad24.eu","article_publisher":"https:\/\/www.facebook.com\/mousepad24\/","og_image":[{"width":2000,"height":2000,"url":"https:\/\/mousepad24.eu\/wp-content\/uploads\/2025\/12\/tuba_02.jpg","type":"image\/jpeg"}],"twitter_card":"summary_large_image","twitter_misc":{"Dur\u00e9e de lecture estim\u00e9e":"1 minute"},"schema":{"@context":"https:\/\/schema.org","@graph":[{"@type":"WebPage","@id":"https:\/\/mousepad24.eu\/fr\/produkt\/tube\/","url":"https:\/\/mousepad24.eu\/fr\/produkt\/tube\/","name":"Tube - MousePad24.eu","isPartOf":{"@id":"https:\/\/mousepad24.eu\/#website"},"primaryImageOfPage":{"@id":"https:\/\/mousepad24.eu\/fr\/produkt\/tube\/#primaryimage"},"image":{"@id":"https:\/\/mousepad24.eu\/fr\/produkt\/tube\/#primaryimage"},"thumbnailUrl":"https:\/\/mousepad24.eu\/wp-content\/uploads\/2025\/12\/tuba_02.jpg","datePublished":"2026-03-10T13:43:51+00:00","description":"Tube en carton r\u00e9sistante pour l'emballage de tapis de souris. Prot\u00e8ge contre les dommages, id\u00e9ale pour l'exp\u00e9dition et la pr\u00e9sentation des produits. \u00c9cologique et solide.","breadcrumb":{"@id":"https:\/\/mousepad24.eu\/fr\/produkt\/tube\/#breadcrumb"},"inLanguage":"fr-FR","potentialAction":[{"@type":"ReadAction","target":["https:\/\/mousepad24.eu\/fr\/produkt\/tube\/"]}]},{"@type":"ImageObject","inLanguage":"fr-FR","@id":"https:\/\/mousepad24.eu\/fr\/produkt\/tube\/#primaryimage","url":"https:\/\/mousepad24.eu\/wp-content\/uploads\/2025\/12\/tuba_02.jpg","contentUrl":"https:\/\/mousepad24.eu\/wp-content\/uploads\/2025\/12\/tuba_02.jpg","width":2000,"height":2000,"caption":"Tuba"},{"@type":"BreadcrumbList","@id":"https:\/\/mousepad24.eu\/fr\/produkt\/tube\/#breadcrumb","itemListElement":[{"@type":"ListItem","position":1,"name":"Page d'accueil","item":"https:\/\/mousepad24.eu\/fr\/"},{"@type":"ListItem","position":2,"name":"Boutique","item":"https:\/\/mousepad24.eu\/fr\/"},{"@type":"ListItem","position":3,"name":"Tube"}]},{"@type":"WebSite","@id":"https:\/\/mousepad24.eu\/#website","url":"https:\/\/mousepad24.eu\/","name":"MousePad24.eu","description":"Personalizowane podk\u0142adki pod mysz","publisher":{"@id":"https:\/\/mousepad24.eu\/#organization"},"potentialAction":[{"@type":"SearchAction","target":{"@type":"EntryPoint","urlTemplate":"https:\/\/mousepad24.eu\/?s={search_term_string}"},"query-input":{"@type":"PropertyValueSpecification","valueRequired":true,"valueName":"search_term_string"}}],"inLanguage":"fr-FR"},{"@type":"Organization","@id":"https:\/\/mousepad24.eu\/#organization","name":"MousePad24.eu","url":"https:\/\/mousepad24.eu\/","logo":{"@type":"ImageObject","inLanguage":"fr-FR","@id":"https:\/\/mousepad24.eu\/#\/schema\/logo\/image\/","url":"https:\/\/mousepad24.eu\/wp-content\/uploads\/2022\/12\/MOUSEPAD24_logo_curv_OK-1.png","contentUrl":"https:\/\/mousepad24.eu\/wp-content\/uploads\/2022\/12\/MOUSEPAD24_logo_curv_OK-1.png","width":1024,"height":75,"caption":"MousePad24.eu"},"image":{"@id":"https:\/\/mousepad24.eu\/#\/schema\/logo\/image\/"},"sameAs":["https:\/\/www.facebook.com\/mousepad24\/","https:\/\/www.instagram.com\/mousepad24.eu\/","https:\/\/www.linkedin.com\/company\/podkladki24-mousepad24\/"]}]}},"_links":{"self":[{"href":"https:\/\/mousepad24.eu\/fr\/wp-json\/wp\/v2\/product\/77670","targetHints":{"allow":["GET"]}}],"collection":[{"href":"https:\/\/mousepad24.eu\/fr\/wp-json\/wp\/v2\/product"}],"about":[{"href":"https:\/\/mousepad24.eu\/fr\/wp-json\/wp\/v2\/types\/product"}],"wp:featuredmedia":[{"embeddable":true,"href":"https:\/\/mousepad24.eu\/fr\/wp-json\/wp\/v2\/media\/75758"}],"wp:attachment":[{"href":"https:\/\/mousepad24.eu\/fr\/wp-json\/wp\/v2\/media?parent=77670"}],"wp:term":[{"taxonomy":"product_brand","embeddable":true,"href":"https:\/\/mousepad24.eu\/fr\/wp-json\/wp\/v2\/product_brand?post=77670"},{"taxonomy":"product_cat","embeddable":true,"href":"https:\/\/mousepad24.eu\/fr\/wp-json\/wp\/v2\/product_cat?post=77670"},{"taxonomy":"product_tag","embeddable":true,"href":"https:\/\/mousepad24.eu\/fr\/wp-json\/wp\/v2\/product_tag?post=77670"}],"curies":[{"name":"wp","href":"https:\/\/api.w.org\/{rel}","templated":true}]}}