{"id":77698,"date":"2026-03-12T11:06:11","date_gmt":"2026-03-12T10:06:11","guid":{"rendered":"https:\/\/mousepad24.eu\/produkt\/tapis-de-souris-5-en-1-xl\/"},"modified":"2026-04-02T12:35:46","modified_gmt":"2026-04-02T10:35:46","slug":"tapis-de-souris-5-en-1-xl","status":"publish","type":"product","link":"https:\/\/mousepad24.eu\/fr\/produkt\/tapis-de-souris-5-en-1-xl\/","title":{"rendered":"Tapis de souris 5 en 1 XL"},"content":{"rendered":"<h2 data-start=\"41\" data-end=\"290\"><strong data-start=\"41\" data-end=\"81\">Tapis de souris 5 en 1 XL (20 x 30 cm)<\/strong><\/h2>\n<p data-start=\"41\" data-end=\"290\">un produit innovant et multifonctionnel con\u00e7u pour les utilisateurs dordinateurs modernes. Il combine confort, fonctionnalit\u00e9 et mobilit\u00e9, ce qui le rend parfait pour le bureau, la maison et les voyages. <\/p>\n<p data-start=\"292\" data-end=\"425\">Si tu cherches un tapis de souris pratique et durable pour ton ordinateur portable ou de bureau  le mod\u00e8le 5 en 1 XL sera le choix id\u00e9al.<\/p>\n<h4 data-start=\"427\" data-end=\"472\">Grande surface  plus de confort de travail<\/h4>\n<p data-start=\"474\" data-end=\"602\">La taille <strong data-start=\"482\" data-end=\"499\">20 x 30 cm (XL)<\/strong> offre plus d\u2019espace de travail que les tapis standard. Une plus grande surface se traduit par : <\/p>\n<ul data-start=\"604\" data-end=\"735\">\n<li data-start=\"604\" data-end=\"639\">\n<p data-start=\"606\" data-end=\"639\">un mouvement de souris fluide et pr\u00e9cis,<\/p>\n<\/li>\n<li data-start=\"640\" data-end=\"680\">\n<p data-start=\"642\" data-end=\"680\">un confort pendant des heures de travail,<\/p>\n<\/li>\n<li data-start=\"681\" data-end=\"735\">\n<p data-start=\"683\" data-end=\"735\">un meilleur contr\u00f4le pour le travail de bureau et de conception.<\/p>\n<\/li>\n<\/ul>\n<p data-start=\"737\" data-end=\"893\">La <strong data-start=\"754\" data-end=\"768\">microfibre<\/strong> de haute qualit\u00e9 garantit une excellente glisse pour les souris optiques et laser, tout en \u00e9tant agr\u00e9able au toucher et r\u00e9sistante \u00e0 l\u2019usure.<\/p>\n<h4 data-start=\"895\" data-end=\"931\">Stabilit\u00e9 et dessous antid\u00e9rapant<\/h4>\n<p data-start=\"933\" data-end=\"1131\">Le dessous du tapis est \u00e9quip\u00e9 de picots antid\u00e9rapants en silicone qui lemp\u00eachent de glisser sur le bureau. Ainsi, le tapis de souris reste stable m\u00eame lors de mouvements dynamiques. <\/p>\n<h4 data-start=\"1133\" data-end=\"1165\">5 fonctions en un seul produit<\/h4>\n<p data-start=\"1167\" data-end=\"1276\">Le mod\u00e8le 5 en 1 XL nest pas seulement un tapis de souris classique. Cest une solution pratique combinant cinq utilisations : <\/p>\n<ol>\n<li data-start=\"1281\" data-end=\"1314\">Tapis de souris dordinateur.<\/li>\n<li data-start=\"1318\" data-end=\"1379\">Chiffon en microfibre pour nettoyer les \u00e9crans et moniteurs.<\/li>\n<li data-start=\"1383\" data-end=\"1443\">Protection d\u00e9cran dordinateur portable contre les rayures.<\/li>\n<li data-start=\"1447\" data-end=\"1500\">Protection du bureau contre les dommages et les salissures.<\/li>\n<li data-start=\"1504\" data-end=\"1553\">Tapis de voyage l\u00e9ger pour travailler en d\u00e9placement.<\/li>\n<\/ol>\n<h4 data-start=\"1555\" data-end=\"1587\">Id\u00e9al pour le bureau et les voyages<\/h4>\n<p data-start=\"1589\" data-end=\"1762\">Sa conception fine, l\u00e9g\u00e8re et flexible permet de ranger facilement le tapis 5 en 1 XL dans une sacoche dordinateur portable. Il sera utile \u00e0 lh\u00f4tel, au caf\u00e9, lors de d\u00e9placements professionnels ou en t\u00e9l\u00e9travail. <\/p>\n<p data-start=\"1764\" data-end=\"1887\" data-is-last-node=\"\" data-is-only-node=\"\">Le <strong data-start=\"1764\" data-end=\"1804\">tapis de souris 5 en 1 XL (20 x 30 cm)<\/strong> est un petit produit qui augmente consid\u00e9rablement le confort du travail quotidien sur ordinateur.<\/p>\n","protected":false},"excerpt":{"rendered":"<p>Le tapis de souris 5 en 1 XL (20 x 30 cm) en microfibre est un produit multifonctionnel combinant 5 utilisations : tapis pr\u00e9cis, chiffon pour \u00e9crans, protection dordinateur portable et protection de bureau. L\u00e9ger, antid\u00e9rapant et id\u00e9al pour le bureau et les voyages. <\/p>\n","protected":false},"featured_media":77155,"template":"","meta":[],"product_brand":[],"product_cat":[896],"product_tag":[],"class_list":{"0":"post-77698","1":"product","2":"type-product","3":"status-publish","4":"has-post-thumbnail","6":"product_cat-podkladka-pod-mysz-5w1-fr","7":"fpd-variation-needed","9":"first","10":"instock","11":"taxable","12":"shipping-taxable","13":"purchasable","14":"product-type-variable"},"yoast_head":"<!-- This site is optimized with the Yoast SEO plugin v27.4 - https:\/\/yoast.com\/product\/yoast-seo-wordpress\/ -->\n<title>Tapis de souris 5 en 1 XL - MousePad24.eu<\/title>\n<meta name=\"description\" content=\"Tapis de souris 5 en 1 XL 20 x 30 cm en microfibre. Antid\u00e9rapant, 5 fonctions en 1 pour le bureau et les voyages.\" \/>\n<meta name=\"robots\" content=\"index, follow, max-snippet:-1, max-image-preview:large, max-video-preview:-1\" \/>\n<meta property=\"og:locale\" content=\"fr_FR\" \/>\n<meta property=\"og:type\" content=\"article\" \/>\n<meta property=\"og:title\" content=\"Tapis de souris 5 en 1 XL - MousePad24.eu\" \/>\n<meta property=\"og:description\" content=\"Tapis de souris 5 en 1 XL 20 x 30 cm en microfibre. Antid\u00e9rapant, 5 fonctions en 1 pour le bureau et les voyages.\" \/>\n<meta property=\"og:url\" content=\"https:\/\/mousepad24.eu\/fr\/produkt\/tapis-de-souris-5-en-1-xl\/\" \/>\n<meta property=\"og:site_name\" content=\"MousePad24.eu\" \/>\n<meta property=\"article:publisher\" content=\"https:\/\/www.facebook.com\/mousepad24\/\" \/>\n<meta property=\"article:modified_time\" content=\"2026-04-02T10:35:46+00:00\" \/>\n<meta property=\"og:image\" content=\"https:\/\/mousepad24.eu\/wp-content\/uploads\/2026\/02\/5in1_20x30_blank.jpg\" \/>\n\t<meta property=\"og:image:width\" content=\"2000\" \/>\n\t<meta property=\"og:image:height\" content=\"2000\" \/>\n\t<meta property=\"og:image:type\" content=\"image\/jpeg\" \/>\n<meta name=\"twitter:card\" content=\"summary_large_image\" \/>\n<meta name=\"twitter:label1\" content=\"Dur\u00e9e de lecture estim\u00e9e\" \/>\n\t<meta name=\"twitter:data1\" content=\"2 minutes\" \/>\n<script type=\"application\/ld+json\" class=\"yoast-schema-graph\">{\"@context\":\"https:\\\/\\\/schema.org\",\"@graph\":[{\"@type\":\"WebPage\",\"@id\":\"https:\\\/\\\/mousepad24.eu\\\/fr\\\/produkt\\\/tapis-de-souris-5-en-1-xl\\\/\",\"url\":\"https:\\\/\\\/mousepad24.eu\\\/fr\\\/produkt\\\/tapis-de-souris-5-en-1-xl\\\/\",\"name\":\"Tapis de souris 5 en 1 XL - MousePad24.eu\",\"isPartOf\":{\"@id\":\"https:\\\/\\\/mousepad24.eu\\\/#website\"},\"primaryImageOfPage\":{\"@id\":\"https:\\\/\\\/mousepad24.eu\\\/fr\\\/produkt\\\/tapis-de-souris-5-en-1-xl\\\/#primaryimage\"},\"image\":{\"@id\":\"https:\\\/\\\/mousepad24.eu\\\/fr\\\/produkt\\\/tapis-de-souris-5-en-1-xl\\\/#primaryimage\"},\"thumbnailUrl\":\"https:\\\/\\\/mousepad24.eu\\\/wp-content\\\/uploads\\\/2026\\\/02\\\/5in1_20x30_blank.jpg\",\"datePublished\":\"2026-03-12T10:06:11+00:00\",\"dateModified\":\"2026-04-02T10:35:46+00:00\",\"description\":\"Tapis de souris 5 en 1 XL 20 x 30 cm en microfibre. Antid\u00e9rapant, 5 fonctions en 1 pour le bureau et les voyages.\",\"breadcrumb\":{\"@id\":\"https:\\\/\\\/mousepad24.eu\\\/fr\\\/produkt\\\/tapis-de-souris-5-en-1-xl\\\/#breadcrumb\"},\"inLanguage\":\"fr-FR\",\"potentialAction\":[{\"@type\":\"ReadAction\",\"target\":[\"https:\\\/\\\/mousepad24.eu\\\/fr\\\/produkt\\\/tapis-de-souris-5-en-1-xl\\\/\"]}]},{\"@type\":\"ImageObject\",\"inLanguage\":\"fr-FR\",\"@id\":\"https:\\\/\\\/mousepad24.eu\\\/fr\\\/produkt\\\/tapis-de-souris-5-en-1-xl\\\/#primaryimage\",\"url\":\"https:\\\/\\\/mousepad24.eu\\\/wp-content\\\/uploads\\\/2026\\\/02\\\/5in1_20x30_blank.jpg\",\"contentUrl\":\"https:\\\/\\\/mousepad24.eu\\\/wp-content\\\/uploads\\\/2026\\\/02\\\/5in1_20x30_blank.jpg\",\"width\":2000,\"height\":2000,\"caption\":\"5en1 XL\"},{\"@type\":\"BreadcrumbList\",\"@id\":\"https:\\\/\\\/mousepad24.eu\\\/fr\\\/produkt\\\/tapis-de-souris-5-en-1-xl\\\/#breadcrumb\",\"itemListElement\":[{\"@type\":\"ListItem\",\"position\":1,\"name\":\"Page d'accueil\",\"item\":\"https:\\\/\\\/mousepad24.eu\\\/fr\\\/\"},{\"@type\":\"ListItem\",\"position\":2,\"name\":\"Boutique\",\"item\":\"https:\\\/\\\/mousepad24.eu\\\/fr\\\/\"},{\"@type\":\"ListItem\",\"position\":3,\"name\":\"Tapis de souris 5 en 1 XL\"}]},{\"@type\":\"WebSite\",\"@id\":\"https:\\\/\\\/mousepad24.eu\\\/#website\",\"url\":\"https:\\\/\\\/mousepad24.eu\\\/\",\"name\":\"MousePad24.eu\",\"description\":\"Personalizowane podk\u0142adki pod mysz\",\"publisher\":{\"@id\":\"https:\\\/\\\/mousepad24.eu\\\/#organization\"},\"potentialAction\":[{\"@type\":\"SearchAction\",\"target\":{\"@type\":\"EntryPoint\",\"urlTemplate\":\"https:\\\/\\\/mousepad24.eu\\\/?s={search_term_string}\"},\"query-input\":{\"@type\":\"PropertyValueSpecification\",\"valueRequired\":true,\"valueName\":\"search_term_string\"}}],\"inLanguage\":\"fr-FR\"},{\"@type\":\"Organization\",\"@id\":\"https:\\\/\\\/mousepad24.eu\\\/#organization\",\"name\":\"MousePad24.eu\",\"url\":\"https:\\\/\\\/mousepad24.eu\\\/\",\"logo\":{\"@type\":\"ImageObject\",\"inLanguage\":\"fr-FR\",\"@id\":\"https:\\\/\\\/mousepad24.eu\\\/#\\\/schema\\\/logo\\\/image\\\/\",\"url\":\"https:\\\/\\\/mousepad24.eu\\\/wp-content\\\/uploads\\\/2022\\\/12\\\/MOUSEPAD24_logo_curv_OK-1.png\",\"contentUrl\":\"https:\\\/\\\/mousepad24.eu\\\/wp-content\\\/uploads\\\/2022\\\/12\\\/MOUSEPAD24_logo_curv_OK-1.png\",\"width\":1024,\"height\":75,\"caption\":\"MousePad24.eu\"},\"image\":{\"@id\":\"https:\\\/\\\/mousepad24.eu\\\/#\\\/schema\\\/logo\\\/image\\\/\"},\"sameAs\":[\"https:\\\/\\\/www.facebook.com\\\/mousepad24\\\/\",\"https:\\\/\\\/www.instagram.com\\\/mousepad24.eu\\\/\",\"https:\\\/\\\/www.linkedin.com\\\/company\\\/podkladki24-mousepad24\\\/\"]}]}<\/script>\n<!-- \/ Yoast SEO plugin. -->","yoast_head_json":{"title":"Tapis de souris 5 en 1 XL - MousePad24.eu","description":"Tapis de souris 5 en 1 XL 20 x 30 cm en microfibre. Antid\u00e9rapant, 5 fonctions en 1 pour le bureau et les voyages.","robots":{"index":"index","follow":"follow","max-snippet":"max-snippet:-1","max-image-preview":"max-image-preview:large","max-video-preview":"max-video-preview:-1"},"og_locale":"fr_FR","og_type":"article","og_title":"Tapis de souris 5 en 1 XL - MousePad24.eu","og_description":"Tapis de souris 5 en 1 XL 20 x 30 cm en microfibre. Antid\u00e9rapant, 5 fonctions en 1 pour le bureau et les voyages.","og_url":"https:\/\/mousepad24.eu\/fr\/produkt\/tapis-de-souris-5-en-1-xl\/","og_site_name":"MousePad24.eu","article_publisher":"https:\/\/www.facebook.com\/mousepad24\/","article_modified_time":"2026-04-02T10:35:46+00:00","og_image":[{"width":2000,"height":2000,"url":"https:\/\/mousepad24.eu\/wp-content\/uploads\/2026\/02\/5in1_20x30_blank.jpg","type":"image\/jpeg"}],"twitter_card":"summary_large_image","twitter_misc":{"Dur\u00e9e de lecture estim\u00e9e":"2 minutes"},"schema":{"@context":"https:\/\/schema.org","@graph":[{"@type":"WebPage","@id":"https:\/\/mousepad24.eu\/fr\/produkt\/tapis-de-souris-5-en-1-xl\/","url":"https:\/\/mousepad24.eu\/fr\/produkt\/tapis-de-souris-5-en-1-xl\/","name":"Tapis de souris 5 en 1 XL - MousePad24.eu","isPartOf":{"@id":"https:\/\/mousepad24.eu\/#website"},"primaryImageOfPage":{"@id":"https:\/\/mousepad24.eu\/fr\/produkt\/tapis-de-souris-5-en-1-xl\/#primaryimage"},"image":{"@id":"https:\/\/mousepad24.eu\/fr\/produkt\/tapis-de-souris-5-en-1-xl\/#primaryimage"},"thumbnailUrl":"https:\/\/mousepad24.eu\/wp-content\/uploads\/2026\/02\/5in1_20x30_blank.jpg","datePublished":"2026-03-12T10:06:11+00:00","dateModified":"2026-04-02T10:35:46+00:00","description":"Tapis de souris 5 en 1 XL 20 x 30 cm en microfibre. Antid\u00e9rapant, 5 fonctions en 1 pour le bureau et les voyages.","breadcrumb":{"@id":"https:\/\/mousepad24.eu\/fr\/produkt\/tapis-de-souris-5-en-1-xl\/#breadcrumb"},"inLanguage":"fr-FR","potentialAction":[{"@type":"ReadAction","target":["https:\/\/mousepad24.eu\/fr\/produkt\/tapis-de-souris-5-en-1-xl\/"]}]},{"@type":"ImageObject","inLanguage":"fr-FR","@id":"https:\/\/mousepad24.eu\/fr\/produkt\/tapis-de-souris-5-en-1-xl\/#primaryimage","url":"https:\/\/mousepad24.eu\/wp-content\/uploads\/2026\/02\/5in1_20x30_blank.jpg","contentUrl":"https:\/\/mousepad24.eu\/wp-content\/uploads\/2026\/02\/5in1_20x30_blank.jpg","width":2000,"height":2000,"caption":"5en1 XL"},{"@type":"BreadcrumbList","@id":"https:\/\/mousepad24.eu\/fr\/produkt\/tapis-de-souris-5-en-1-xl\/#breadcrumb","itemListElement":[{"@type":"ListItem","position":1,"name":"Page d'accueil","item":"https:\/\/mousepad24.eu\/fr\/"},{"@type":"ListItem","position":2,"name":"Boutique","item":"https:\/\/mousepad24.eu\/fr\/"},{"@type":"ListItem","position":3,"name":"Tapis de souris 5 en 1 XL"}]},{"@type":"WebSite","@id":"https:\/\/mousepad24.eu\/#website","url":"https:\/\/mousepad24.eu\/","name":"MousePad24.eu","description":"Personalizowane podk\u0142adki pod mysz","publisher":{"@id":"https:\/\/mousepad24.eu\/#organization"},"potentialAction":[{"@type":"SearchAction","target":{"@type":"EntryPoint","urlTemplate":"https:\/\/mousepad24.eu\/?s={search_term_string}"},"query-input":{"@type":"PropertyValueSpecification","valueRequired":true,"valueName":"search_term_string"}}],"inLanguage":"fr-FR"},{"@type":"Organization","@id":"https:\/\/mousepad24.eu\/#organization","name":"MousePad24.eu","url":"https:\/\/mousepad24.eu\/","logo":{"@type":"ImageObject","inLanguage":"fr-FR","@id":"https:\/\/mousepad24.eu\/#\/schema\/logo\/image\/","url":"https:\/\/mousepad24.eu\/wp-content\/uploads\/2022\/12\/MOUSEPAD24_logo_curv_OK-1.png","contentUrl":"https:\/\/mousepad24.eu\/wp-content\/uploads\/2022\/12\/MOUSEPAD24_logo_curv_OK-1.png","width":1024,"height":75,"caption":"MousePad24.eu"},"image":{"@id":"https:\/\/mousepad24.eu\/#\/schema\/logo\/image\/"},"sameAs":["https:\/\/www.facebook.com\/mousepad24\/","https:\/\/www.instagram.com\/mousepad24.eu\/","https:\/\/www.linkedin.com\/company\/podkladki24-mousepad24\/"]}]}},"_links":{"self":[{"href":"https:\/\/mousepad24.eu\/fr\/wp-json\/wp\/v2\/product\/77698","targetHints":{"allow":["GET"]}}],"collection":[{"href":"https:\/\/mousepad24.eu\/fr\/wp-json\/wp\/v2\/product"}],"about":[{"href":"https:\/\/mousepad24.eu\/fr\/wp-json\/wp\/v2\/types\/product"}],"wp:featuredmedia":[{"embeddable":true,"href":"https:\/\/mousepad24.eu\/fr\/wp-json\/wp\/v2\/media\/77155"}],"wp:attachment":[{"href":"https:\/\/mousepad24.eu\/fr\/wp-json\/wp\/v2\/media?parent=77698"}],"wp:term":[{"taxonomy":"product_brand","embeddable":true,"href":"https:\/\/mousepad24.eu\/fr\/wp-json\/wp\/v2\/product_brand?post=77698"},{"taxonomy":"product_cat","embeddable":true,"href":"https:\/\/mousepad24.eu\/fr\/wp-json\/wp\/v2\/product_cat?post=77698"},{"taxonomy":"product_tag","embeddable":true,"href":"https:\/\/mousepad24.eu\/fr\/wp-json\/wp\/v2\/product_tag?post=77698"}],"curies":[{"name":"wp","href":"https:\/\/api.w.org\/{rel}","templated":true}]}}