{"id":77833,"date":"2026-03-25T11:48:30","date_gmt":"2026-03-25T10:48:30","guid":{"rendered":"https:\/\/mousepad24.eu\/produkt\/tapis-de-souris-a-liquide-liquid-mouse-pad-lmp_rec\/"},"modified":"2026-03-25T13:23:35","modified_gmt":"2026-03-25T12:23:35","slug":"tapis-de-souris-a-liquide-liquid-mouse-pad-lmp_rec","status":"publish","type":"product","link":"https:\/\/mousepad24.eu\/fr\/produkt\/tapis-de-souris-a-liquide-liquid-mouse-pad-lmp_rec\/","title":{"rendered":"Tapis de souris \u00e0 liquide (Liquid Mouse Pad) \/ LMP_REC"},"content":{"rendered":"<p data-start=\"40\" data-end=\"440\">Le tapis de souris \u00e0 liquide <strong data-start=\"68\" data-end=\"88\">Liquid Mouse Pad<\/strong> est un gadget publicitaire original qui attire efficacement l&#8217;attention et met en valeur ta marque. Gr\u00e2ce \u00e0 l&#8217;effet des \u00e9l\u00e9ments flottants dans le liquide transparent, le tapis devient non seulement un accessoire de bureau pratique, mais aussi un support publicitaire int\u00e9ressant. C&#8217;est la solution id\u00e9ale pour les entreprises qui veulent cr\u00e9er un <strong data-start=\"396\" data-end=\"439\">gadget promotionnel atypique avec impression<\/strong>.  <\/p>\n<p data-start=\"442\" data-end=\"809\">Le tapis est fabriqu\u00e9 en <strong data-start=\"468\" data-end=\"508\">PVC transparent de haute qualit\u00e9<\/strong>, et poss\u00e8de au dos une <strong data-start=\"529\" data-end=\"550\">mousse PVC noire<\/strong> qui assure la stabilit\u00e9 sur le bureau et le confort d&#8217;utilisation. \u00c0 l&#8217;int\u00e9rieur se trouvent environ <strong data-start=\"639\" data-end=\"654\">45 ml de liquide<\/strong>, dans lequel se d\u00e9placent librement des \u00e9l\u00e9ments flottants (appel\u00e9s floaters). Ainsi, \u00e0 chaque mouvement du tapis, le visuel s&#8217;anime et attire le regard de l&#8217;utilisateur.  <\/p>\n<p data-start=\"811\" data-end=\"1246\">Le fond du tapis est imprim\u00e9 en technologie <strong data-start=\"854\" data-end=\"892\">offset quadrichromie (CMJN)<\/strong> sur carton offset <strong data-start=\"916\" data-end=\"925\">300 g.<\/strong> Cela garantit une haute qualit\u00e9 d&#8217;impression et une excellente reproduction des couleurs. De plus, il est possible d&#8217;ajouter des <strong data-start=\"1036\" data-end=\"1073\">\u00e9l\u00e9ments flottants publicitaires<\/strong> d&#8217;une taille maximale de <strong data-start=\"1101\" data-end=\"1113\">4 \u00d7 4 cm<\/strong>. La version standard du devis inclut <strong data-start=\"1157\" data-end=\"1175\">jusqu&#8217;\u00e0 5 floaters<\/strong>, mais il est possible d&#8217;augmenter leur nombre moyennant un suppl\u00e9ment.  <\/p>\n<p data-start=\"1248\" data-end=\"1481\">Gr\u00e2ce \u00e0 sa taille compacte de <strong data-start=\"1279\" data-end=\"1293\">24 \u00d7 19 cm<\/strong>, le tapis s&#8217;adapte parfaitement \u00e0 tout poste de travail \u2013 aussi bien au bureau qu&#8217;\u00e0 la maison. Il est compatible avec les souris optiques et laser, assurant un mouvement fluide et pr\u00e9cis du curseur. <\/p>\n<p data-start=\"1483\" data-end=\"1770\">Le <strong data-start=\"1483\" data-end=\"1503\">Liquid Mouse Pad<\/strong> est un excellent choix comme <strong data-start=\"1526\" data-end=\"1612\">gadget publicitaire pour salons, conf\u00e9rences, actions promotionnelles ou cadeau pour clients<\/strong>. Sa forme originale, la possibilit\u00e9 de personnalisation compl\u00e8te et l&#8217;effet dynamique des \u00e9l\u00e9ments flottants font que la marque reste plus longtemps dans la m\u00e9moire de l&#8217;utilisateur. <\/p>\n<p style=\"color: red;\" data-start=\"1483\" data-end=\"1770\"><strong>Frais unique de mise en production &#8211; 1000 z\u0142.<\/strong><\/p>\n<p data-start=\"1772\" data-end=\"1929\">Si tu cherches un <strong data-start=\"1786\" data-end=\"1831\">tapis de souris cr\u00e9atif avec impression<\/strong> qui distinguera ton entreprise et attirera l&#8217;attention \u2013 le tapis \u00e0 liquide sera la solution id\u00e9ale.<\/p>\n","protected":false},"excerpt":{"rendered":"<p data-start=\"1955\" data-end=\"2182\">Tapis de souris \u00e0 liquide original <strong data-start=\"1966\" data-end=\"2016\">(Liquid Mouse Pad)<\/strong> avec \u00e9l\u00e9ments flottants publicitaires. Impression offset quadrichromie, taille 24 \u00d7 19 cm, jusqu&#8217;\u00e0 5 floaters en standard. Gadget publicitaire id\u00e9al qui attire l&#8217;attention.  <\/p>\n","protected":false},"featured_media":77711,"template":"","meta":[],"product_brand":[],"product_cat":[1863],"product_tag":[],"class_list":{"0":"post-77833","1":"product","2":"type-product","3":"status-publish","4":"has-post-thumbnail","6":"product_cat-tapis-de-souris-liquid-design","7":"fpd-variation-needed","9":"first","10":"instock","11":"taxable","12":"shipping-taxable","13":"purchasable","14":"product-type-simple"},"yoast_head":"<!-- This site is optimized with the Yoast SEO plugin v27.5 - https:\/\/yoast.com\/product\/yoast-seo-wordpress\/ -->\n<title>Tapis de souris \u00e0 liquide (Liquid Mouse Pad) \/ LMP_REC - MousePad24.eu<\/title>\n<meta name=\"description\" content=\"Tapis de souris \u00e0 liquide avec \u00e9l\u00e9ments flottants. Gadget publicitaire original avec impression quadrichromie et possibilit\u00e9 de personnalisation.\" \/>\n<meta name=\"robots\" content=\"index, follow, max-snippet:-1, max-image-preview:large, max-video-preview:-1\" \/>\n<meta property=\"og:locale\" content=\"fr_FR\" \/>\n<meta property=\"og:type\" content=\"article\" \/>\n<meta property=\"og:title\" content=\"Tapis de souris \u00e0 liquide (Liquid Mouse Pad) \/ LMP_REC - MousePad24.eu\" \/>\n<meta property=\"og:description\" content=\"Tapis de souris \u00e0 liquide avec \u00e9l\u00e9ments flottants. Gadget publicitaire original avec impression quadrichromie et possibilit\u00e9 de personnalisation.\" \/>\n<meta property=\"og:url\" content=\"https:\/\/mousepad24.eu\/fr\/produkt\/tapis-de-souris-a-liquide-liquid-mouse-pad-lmp_rec\/\" \/>\n<meta property=\"og:site_name\" content=\"MousePad24.eu\" \/>\n<meta property=\"article:publisher\" content=\"https:\/\/www.facebook.com\/mousepad24\/\" \/>\n<meta property=\"article:modified_time\" content=\"2026-03-25T12:23:35+00:00\" \/>\n<meta property=\"og:image\" content=\"https:\/\/mousepad24.eu\/wp-content\/uploads\/2026\/03\/floater_liquid_flat.jpg\" \/>\n\t<meta property=\"og:image:width\" content=\"2000\" \/>\n\t<meta property=\"og:image:height\" content=\"2000\" \/>\n\t<meta property=\"og:image:type\" content=\"image\/jpeg\" \/>\n<meta name=\"twitter:card\" content=\"summary_large_image\" \/>\n<meta name=\"twitter:label1\" content=\"Dur\u00e9e de lecture estim\u00e9e\" \/>\n\t<meta name=\"twitter:data1\" content=\"2 minutes\" \/>\n<script type=\"application\/ld+json\" class=\"yoast-schema-graph\">{\"@context\":\"https:\\\/\\\/schema.org\",\"@graph\":[{\"@type\":\"WebPage\",\"@id\":\"https:\\\/\\\/mousepad24.eu\\\/fr\\\/produkt\\\/tapis-de-souris-a-liquide-liquid-mouse-pad-lmp_rec\\\/\",\"url\":\"https:\\\/\\\/mousepad24.eu\\\/fr\\\/produkt\\\/tapis-de-souris-a-liquide-liquid-mouse-pad-lmp_rec\\\/\",\"name\":\"Tapis de souris \u00e0 liquide (Liquid Mouse Pad) \\\/ LMP_REC - MousePad24.eu\",\"isPartOf\":{\"@id\":\"https:\\\/\\\/mousepad24.eu\\\/#website\"},\"primaryImageOfPage\":{\"@id\":\"https:\\\/\\\/mousepad24.eu\\\/fr\\\/produkt\\\/tapis-de-souris-a-liquide-liquid-mouse-pad-lmp_rec\\\/#primaryimage\"},\"image\":{\"@id\":\"https:\\\/\\\/mousepad24.eu\\\/fr\\\/produkt\\\/tapis-de-souris-a-liquide-liquid-mouse-pad-lmp_rec\\\/#primaryimage\"},\"thumbnailUrl\":\"https:\\\/\\\/mousepad24.eu\\\/wp-content\\\/uploads\\\/2026\\\/03\\\/floater_liquid_flat.jpg\",\"datePublished\":\"2026-03-25T10:48:30+00:00\",\"dateModified\":\"2026-03-25T12:23:35+00:00\",\"description\":\"Tapis de souris \u00e0 liquide avec \u00e9l\u00e9ments flottants. Gadget publicitaire original avec impression quadrichromie et possibilit\u00e9 de personnalisation.\",\"breadcrumb\":{\"@id\":\"https:\\\/\\\/mousepad24.eu\\\/fr\\\/produkt\\\/tapis-de-souris-a-liquide-liquid-mouse-pad-lmp_rec\\\/#breadcrumb\"},\"inLanguage\":\"fr-FR\",\"potentialAction\":[{\"@type\":\"ReadAction\",\"target\":[\"https:\\\/\\\/mousepad24.eu\\\/fr\\\/produkt\\\/tapis-de-souris-a-liquide-liquid-mouse-pad-lmp_rec\\\/\"]}]},{\"@type\":\"ImageObject\",\"inLanguage\":\"fr-FR\",\"@id\":\"https:\\\/\\\/mousepad24.eu\\\/fr\\\/produkt\\\/tapis-de-souris-a-liquide-liquid-mouse-pad-lmp_rec\\\/#primaryimage\",\"url\":\"https:\\\/\\\/mousepad24.eu\\\/wp-content\\\/uploads\\\/2026\\\/03\\\/floater_liquid_flat.jpg\",\"contentUrl\":\"https:\\\/\\\/mousepad24.eu\\\/wp-content\\\/uploads\\\/2026\\\/03\\\/floater_liquid_flat.jpg\",\"width\":2000,\"height\":2000,\"caption\":\"liquid flat\"},{\"@type\":\"BreadcrumbList\",\"@id\":\"https:\\\/\\\/mousepad24.eu\\\/fr\\\/produkt\\\/tapis-de-souris-a-liquide-liquid-mouse-pad-lmp_rec\\\/#breadcrumb\",\"itemListElement\":[{\"@type\":\"ListItem\",\"position\":1,\"name\":\"Page d'accueil\",\"item\":\"https:\\\/\\\/mousepad24.eu\\\/fr\\\/\"},{\"@type\":\"ListItem\",\"position\":2,\"name\":\"Boutique\",\"item\":\"https:\\\/\\\/mousepad24.eu\\\/fr\\\/\"},{\"@type\":\"ListItem\",\"position\":3,\"name\":\"Tapis de souris \u00e0 liquide (Liquid Mouse Pad) \\\/ LMP_REC\"}]},{\"@type\":\"WebSite\",\"@id\":\"https:\\\/\\\/mousepad24.eu\\\/#website\",\"url\":\"https:\\\/\\\/mousepad24.eu\\\/\",\"name\":\"MousePad24.eu\",\"description\":\"Personalizowane podk\u0142adki pod mysz\",\"publisher\":{\"@id\":\"https:\\\/\\\/mousepad24.eu\\\/#organization\"},\"potentialAction\":[{\"@type\":\"SearchAction\",\"target\":{\"@type\":\"EntryPoint\",\"urlTemplate\":\"https:\\\/\\\/mousepad24.eu\\\/?s={search_term_string}\"},\"query-input\":{\"@type\":\"PropertyValueSpecification\",\"valueRequired\":true,\"valueName\":\"search_term_string\"}}],\"inLanguage\":\"fr-FR\"},{\"@type\":\"Organization\",\"@id\":\"https:\\\/\\\/mousepad24.eu\\\/#organization\",\"name\":\"MousePad24.eu\",\"url\":\"https:\\\/\\\/mousepad24.eu\\\/\",\"logo\":{\"@type\":\"ImageObject\",\"inLanguage\":\"fr-FR\",\"@id\":\"https:\\\/\\\/mousepad24.eu\\\/#\\\/schema\\\/logo\\\/image\\\/\",\"url\":\"https:\\\/\\\/mousepad24.eu\\\/wp-content\\\/uploads\\\/2022\\\/12\\\/MOUSEPAD24_logo_curv_OK-1.png\",\"contentUrl\":\"https:\\\/\\\/mousepad24.eu\\\/wp-content\\\/uploads\\\/2022\\\/12\\\/MOUSEPAD24_logo_curv_OK-1.png\",\"width\":1024,\"height\":75,\"caption\":\"MousePad24.eu\"},\"image\":{\"@id\":\"https:\\\/\\\/mousepad24.eu\\\/#\\\/schema\\\/logo\\\/image\\\/\"},\"sameAs\":[\"https:\\\/\\\/www.facebook.com\\\/mousepad24\\\/\",\"https:\\\/\\\/www.instagram.com\\\/mousepad24.eu\\\/\",\"https:\\\/\\\/www.linkedin.com\\\/company\\\/podkladki24-mousepad24\\\/\"]}]}<\/script>\n<!-- \/ Yoast SEO plugin. -->","yoast_head_json":{"title":"Tapis de souris \u00e0 liquide (Liquid Mouse Pad) \/ LMP_REC - MousePad24.eu","description":"Tapis de souris \u00e0 liquide avec \u00e9l\u00e9ments flottants. Gadget publicitaire original avec impression quadrichromie et possibilit\u00e9 de personnalisation.","robots":{"index":"index","follow":"follow","max-snippet":"max-snippet:-1","max-image-preview":"max-image-preview:large","max-video-preview":"max-video-preview:-1"},"og_locale":"fr_FR","og_type":"article","og_title":"Tapis de souris \u00e0 liquide (Liquid Mouse Pad) \/ LMP_REC - MousePad24.eu","og_description":"Tapis de souris \u00e0 liquide avec \u00e9l\u00e9ments flottants. Gadget publicitaire original avec impression quadrichromie et possibilit\u00e9 de personnalisation.","og_url":"https:\/\/mousepad24.eu\/fr\/produkt\/tapis-de-souris-a-liquide-liquid-mouse-pad-lmp_rec\/","og_site_name":"MousePad24.eu","article_publisher":"https:\/\/www.facebook.com\/mousepad24\/","article_modified_time":"2026-03-25T12:23:35+00:00","og_image":[{"width":2000,"height":2000,"url":"https:\/\/mousepad24.eu\/wp-content\/uploads\/2026\/03\/floater_liquid_flat.jpg","type":"image\/jpeg"}],"twitter_card":"summary_large_image","twitter_misc":{"Dur\u00e9e de lecture estim\u00e9e":"2 minutes"},"schema":{"@context":"https:\/\/schema.org","@graph":[{"@type":"WebPage","@id":"https:\/\/mousepad24.eu\/fr\/produkt\/tapis-de-souris-a-liquide-liquid-mouse-pad-lmp_rec\/","url":"https:\/\/mousepad24.eu\/fr\/produkt\/tapis-de-souris-a-liquide-liquid-mouse-pad-lmp_rec\/","name":"Tapis de souris \u00e0 liquide (Liquid Mouse Pad) \/ LMP_REC - MousePad24.eu","isPartOf":{"@id":"https:\/\/mousepad24.eu\/#website"},"primaryImageOfPage":{"@id":"https:\/\/mousepad24.eu\/fr\/produkt\/tapis-de-souris-a-liquide-liquid-mouse-pad-lmp_rec\/#primaryimage"},"image":{"@id":"https:\/\/mousepad24.eu\/fr\/produkt\/tapis-de-souris-a-liquide-liquid-mouse-pad-lmp_rec\/#primaryimage"},"thumbnailUrl":"https:\/\/mousepad24.eu\/wp-content\/uploads\/2026\/03\/floater_liquid_flat.jpg","datePublished":"2026-03-25T10:48:30+00:00","dateModified":"2026-03-25T12:23:35+00:00","description":"Tapis de souris \u00e0 liquide avec \u00e9l\u00e9ments flottants. Gadget publicitaire original avec impression quadrichromie et possibilit\u00e9 de personnalisation.","breadcrumb":{"@id":"https:\/\/mousepad24.eu\/fr\/produkt\/tapis-de-souris-a-liquide-liquid-mouse-pad-lmp_rec\/#breadcrumb"},"inLanguage":"fr-FR","potentialAction":[{"@type":"ReadAction","target":["https:\/\/mousepad24.eu\/fr\/produkt\/tapis-de-souris-a-liquide-liquid-mouse-pad-lmp_rec\/"]}]},{"@type":"ImageObject","inLanguage":"fr-FR","@id":"https:\/\/mousepad24.eu\/fr\/produkt\/tapis-de-souris-a-liquide-liquid-mouse-pad-lmp_rec\/#primaryimage","url":"https:\/\/mousepad24.eu\/wp-content\/uploads\/2026\/03\/floater_liquid_flat.jpg","contentUrl":"https:\/\/mousepad24.eu\/wp-content\/uploads\/2026\/03\/floater_liquid_flat.jpg","width":2000,"height":2000,"caption":"liquid flat"},{"@type":"BreadcrumbList","@id":"https:\/\/mousepad24.eu\/fr\/produkt\/tapis-de-souris-a-liquide-liquid-mouse-pad-lmp_rec\/#breadcrumb","itemListElement":[{"@type":"ListItem","position":1,"name":"Page d'accueil","item":"https:\/\/mousepad24.eu\/fr\/"},{"@type":"ListItem","position":2,"name":"Boutique","item":"https:\/\/mousepad24.eu\/fr\/"},{"@type":"ListItem","position":3,"name":"Tapis de souris \u00e0 liquide (Liquid Mouse Pad) \/ LMP_REC"}]},{"@type":"WebSite","@id":"https:\/\/mousepad24.eu\/#website","url":"https:\/\/mousepad24.eu\/","name":"MousePad24.eu","description":"Personalizowane podk\u0142adki pod mysz","publisher":{"@id":"https:\/\/mousepad24.eu\/#organization"},"potentialAction":[{"@type":"SearchAction","target":{"@type":"EntryPoint","urlTemplate":"https:\/\/mousepad24.eu\/?s={search_term_string}"},"query-input":{"@type":"PropertyValueSpecification","valueRequired":true,"valueName":"search_term_string"}}],"inLanguage":"fr-FR"},{"@type":"Organization","@id":"https:\/\/mousepad24.eu\/#organization","name":"MousePad24.eu","url":"https:\/\/mousepad24.eu\/","logo":{"@type":"ImageObject","inLanguage":"fr-FR","@id":"https:\/\/mousepad24.eu\/#\/schema\/logo\/image\/","url":"https:\/\/mousepad24.eu\/wp-content\/uploads\/2022\/12\/MOUSEPAD24_logo_curv_OK-1.png","contentUrl":"https:\/\/mousepad24.eu\/wp-content\/uploads\/2022\/12\/MOUSEPAD24_logo_curv_OK-1.png","width":1024,"height":75,"caption":"MousePad24.eu"},"image":{"@id":"https:\/\/mousepad24.eu\/#\/schema\/logo\/image\/"},"sameAs":["https:\/\/www.facebook.com\/mousepad24\/","https:\/\/www.instagram.com\/mousepad24.eu\/","https:\/\/www.linkedin.com\/company\/podkladki24-mousepad24\/"]}]}},"_links":{"self":[{"href":"https:\/\/mousepad24.eu\/fr\/wp-json\/wp\/v2\/product\/77833","targetHints":{"allow":["GET"]}}],"collection":[{"href":"https:\/\/mousepad24.eu\/fr\/wp-json\/wp\/v2\/product"}],"about":[{"href":"https:\/\/mousepad24.eu\/fr\/wp-json\/wp\/v2\/types\/product"}],"wp:featuredmedia":[{"embeddable":true,"href":"https:\/\/mousepad24.eu\/fr\/wp-json\/wp\/v2\/media\/77711"}],"wp:attachment":[{"href":"https:\/\/mousepad24.eu\/fr\/wp-json\/wp\/v2\/media?parent=77833"}],"wp:term":[{"taxonomy":"product_brand","embeddable":true,"href":"https:\/\/mousepad24.eu\/fr\/wp-json\/wp\/v2\/product_brand?post=77833"},{"taxonomy":"product_cat","embeddable":true,"href":"https:\/\/mousepad24.eu\/fr\/wp-json\/wp\/v2\/product_cat?post=77833"},{"taxonomy":"product_tag","embeddable":true,"href":"https:\/\/mousepad24.eu\/fr\/wp-json\/wp\/v2\/product_tag?post=77833"}],"curies":[{"name":"wp","href":"https:\/\/api.w.org\/{rel}","templated":true}]}}