{"id":77834,"date":"2026-03-25T11:48:27","date_gmt":"2026-03-25T10:48:27","guid":{"rendered":"https:\/\/mousepad24.eu\/produkt\/tapis-de-souris-avec-liquide-et-repose-poignet-liquid-mouse-pad-with-wrist-rest-pad-lmp_xl\/"},"modified":"2026-03-25T13:23:36","modified_gmt":"2026-03-25T12:23:36","slug":"tapis-de-souris-avec-liquide-et-repose-poignet-liquid-mouse-pad-with-wrist-rest-pad-lmp_xl","status":"publish","type":"product","link":"https:\/\/mousepad24.eu\/fr\/produkt\/tapis-de-souris-avec-liquide-et-repose-poignet-liquid-mouse-pad-with-wrist-rest-pad-lmp_xl\/","title":{"rendered":"Tapis de souris liquide avec repose-poignet (Liquid Mouse Pad) \/ LMP_XL"},"content":{"rendered":"<p data-start=\"40\" data-end=\"387\">Le tapis de souris avec liquide et repose-poignet <strong data-start=\"94\" data-end=\"134\">Liquid Mouse Pad with Wrist Rest Pad<\/strong> est un gadget publicitaire innovant qui combine fonctionnalit\u00e9, ergonomie et design spectaculaire. Gr\u00e2ce \u00e0 l&#8217;utilisation de liquide et d&#8217;\u00e9l\u00e9ments publicitaires flottants, le produit attire l&#8217;attention et met efficacement ta marque en valeur parmi les supports promotionnels standards. <\/p>\n<p data-start=\"389\" data-end=\"910\">Tapis en <strong data-start=\"415\" data-end=\"438\">PVC transparent<\/strong>, dont la base est constitu\u00e9e de <strong data-start=\"459\" data-end=\"480\">mousse PVC noire<\/strong>, assurant stabilit\u00e9 et confort d&#8217;utilisation. \u00c0 l&#8217;int\u00e9rieur se trouvent environ <strong data-start=\"560\" data-end=\"575\">45 ml de liquide<\/strong>, dans lequel se d\u00e9placent des \u00e9l\u00e9ments flottants (floaters), cr\u00e9ant un effet visuel dynamique. Un atout suppl\u00e9mentaire est le <strong data-start=\"702\" data-end=\"729\">repose-poignet<\/strong> ergonomique fabriqu\u00e9 en <strong data-start=\"741\" data-end=\"771\">PVC transparent de 0,5 mm<\/strong>, rempli d&#8217;environ <strong data-start=\"790\" data-end=\"806\">110 ml de liquide.<\/strong> Il am\u00e9liore le confort de travail et r\u00e9duit la tension de la main lors d&#8217;une utilisation prolong\u00e9e de l&#8217;ordinateur.  <\/p>\n<p data-start=\"912\" data-end=\"1278\">Le fond du tapis est imprim\u00e9 en technologie <strong data-start=\"955\" data-end=\"976\">offset (CMYK)<\/strong> sur carton offset <strong data-start=\"1000\" data-end=\"1009\">300 g<\/strong>, garantissant une haute qualit\u00e9 et des couleurs intenses. Il est \u00e9galement possible d&#8217;ajouter des \u00e9l\u00e9ments publicitaires flottants d&#8217;une taille maximale de <strong data-start=\"1153\" data-end=\"1165\">4 \u00d7 4 cm<\/strong>. La configuration standard comprend <strong data-start=\"1201\" data-end=\"1219\">jusqu&#8217;\u00e0 3 floaters<\/strong>, avec possibilit\u00e9 d&#8217;augmenter leur nombre moyennant un suppl\u00e9ment.  <\/p>\n<p data-start=\"1280\" data-end=\"1573\">Le tapis aux dimensions de <strong data-start=\"1302\" data-end=\"1316\">25 \u00d7 22 cm<\/strong> offre un espace de travail confortable. Le repose-poignet de <strong data-start=\"1378\" data-end=\"1397\">14 \u00d7 7,5 \u00d7 2 cm<\/strong> s&#8217;adapte parfaitement au poignet, am\u00e9liorant l&#8217;ergonomie du poste de travail. Le produit est compatible avec les souris optiques et laser, garantissant un fonctionnement pr\u00e9cis.  <\/p>\n<p style=\"color: red;\" data-start=\"1280\" data-end=\"1573\"><strong>Frais unique de mise en production &#8211; 1000 z\u0142.<\/strong><\/p>\n<p data-start=\"1575\" data-end=\"1871\">Le <strong data-start=\"1575\" data-end=\"1621\">Liquid Mouse Pad avec repose-poignet<\/strong> est un excellent choix comme <strong data-start=\"1646\" data-end=\"1674\">gadget publicitaire premium<\/strong>, id\u00e9al pour les salons, conf\u00e9rences ou comme cadeau pour les clients et employ\u00e9s. La combinaison de fonctionnalit\u00e9, personnalisation et effet visuel fait que ta marque reste visible chaque jour. <\/p>\n","protected":false},"excerpt":{"rendered":"<p><strong data-start=\"1910\" data-end=\"1967\">Tapis de souris ergonomique avec liquide et repose-poignet<\/strong>. \u00c9l\u00e9ments publicitaires flottants, impression CMYK, jusqu&#8217;\u00e0 3 floaters en standard. Confort et effet WOW en un seul produit.  <\/p>\n","protected":false},"featured_media":77723,"template":"","meta":[],"product_brand":[],"product_cat":[1863],"product_tag":[],"class_list":{"0":"post-77834","1":"product","2":"type-product","3":"status-publish","4":"has-post-thumbnail","6":"product_cat-tapis-de-souris-liquid-design","7":"fpd-variation-needed","9":"first","10":"instock","11":"taxable","12":"shipping-taxable","13":"purchasable","14":"product-type-simple"},"yoast_head":"<!-- This site is optimized with the Yoast SEO plugin v27.4 - https:\/\/yoast.com\/product\/yoast-seo-wordpress\/ -->\n<title>Tapis de souris liquide avec repose-poignet (Liquid Mouse Pad) \/ LMP_XL - MousePad24.eu<\/title>\n<meta name=\"description\" content=\"Tapis avec liquide et repose-poignet. Gadget publicitaire ergonomique avec \u00e9l\u00e9ments flottants et impression CMYK. Confort et innovation en un seul produit.\" \/>\n<meta name=\"robots\" content=\"index, follow, max-snippet:-1, max-image-preview:large, max-video-preview:-1\" \/>\n<meta property=\"og:locale\" content=\"fr_FR\" \/>\n<meta property=\"og:type\" content=\"article\" \/>\n<meta property=\"og:title\" content=\"Tapis de souris liquide avec repose-poignet (Liquid Mouse Pad) \/ LMP_XL - MousePad24.eu\" \/>\n<meta property=\"og:description\" content=\"Tapis avec liquide et repose-poignet. Gadget publicitaire ergonomique avec \u00e9l\u00e9ments flottants et impression CMYK. Confort et innovation en un seul produit.\" \/>\n<meta property=\"og:url\" content=\"https:\/\/mousepad24.eu\/fr\/produkt\/tapis-de-souris-avec-liquide-et-repose-poignet-liquid-mouse-pad-with-wrist-rest-pad-lmp_xl\/\" \/>\n<meta property=\"og:site_name\" content=\"MousePad24.eu\" \/>\n<meta property=\"article:publisher\" content=\"https:\/\/www.facebook.com\/mousepad24\/\" \/>\n<meta property=\"article:modified_time\" content=\"2026-03-25T12:23:36+00:00\" \/>\n<meta property=\"og:image\" content=\"https:\/\/mousepad24.eu\/wp-content\/uploads\/2026\/03\/floater_liquid_ergonomic_-02.jpg\" \/>\n\t<meta property=\"og:image:width\" content=\"2000\" \/>\n\t<meta property=\"og:image:height\" content=\"2000\" \/>\n\t<meta property=\"og:image:type\" content=\"image\/jpeg\" \/>\n<meta name=\"twitter:card\" content=\"summary_large_image\" \/>\n<meta name=\"twitter:label1\" content=\"Dur\u00e9e de lecture estim\u00e9e\" \/>\n\t<meta name=\"twitter:data1\" content=\"1 minute\" \/>\n<script type=\"application\/ld+json\" class=\"yoast-schema-graph\">{\"@context\":\"https:\\\/\\\/schema.org\",\"@graph\":[{\"@type\":\"WebPage\",\"@id\":\"https:\\\/\\\/mousepad24.eu\\\/fr\\\/produkt\\\/tapis-de-souris-avec-liquide-et-repose-poignet-liquid-mouse-pad-with-wrist-rest-pad-lmp_xl\\\/\",\"url\":\"https:\\\/\\\/mousepad24.eu\\\/fr\\\/produkt\\\/tapis-de-souris-avec-liquide-et-repose-poignet-liquid-mouse-pad-with-wrist-rest-pad-lmp_xl\\\/\",\"name\":\"Tapis de souris liquide avec repose-poignet (Liquid Mouse Pad) \\\/ LMP_XL - MousePad24.eu\",\"isPartOf\":{\"@id\":\"https:\\\/\\\/mousepad24.eu\\\/#website\"},\"primaryImageOfPage\":{\"@id\":\"https:\\\/\\\/mousepad24.eu\\\/fr\\\/produkt\\\/tapis-de-souris-avec-liquide-et-repose-poignet-liquid-mouse-pad-with-wrist-rest-pad-lmp_xl\\\/#primaryimage\"},\"image\":{\"@id\":\"https:\\\/\\\/mousepad24.eu\\\/fr\\\/produkt\\\/tapis-de-souris-avec-liquide-et-repose-poignet-liquid-mouse-pad-with-wrist-rest-pad-lmp_xl\\\/#primaryimage\"},\"thumbnailUrl\":\"https:\\\/\\\/mousepad24.eu\\\/wp-content\\\/uploads\\\/2026\\\/03\\\/floater_liquid_ergonomic_-02.jpg\",\"datePublished\":\"2026-03-25T10:48:27+00:00\",\"dateModified\":\"2026-03-25T12:23:36+00:00\",\"description\":\"Tapis avec liquide et repose-poignet. Gadget publicitaire ergonomique avec \u00e9l\u00e9ments flottants et impression CMYK. Confort et innovation en un seul produit.\",\"breadcrumb\":{\"@id\":\"https:\\\/\\\/mousepad24.eu\\\/fr\\\/produkt\\\/tapis-de-souris-avec-liquide-et-repose-poignet-liquid-mouse-pad-with-wrist-rest-pad-lmp_xl\\\/#breadcrumb\"},\"inLanguage\":\"fr-FR\",\"potentialAction\":[{\"@type\":\"ReadAction\",\"target\":[\"https:\\\/\\\/mousepad24.eu\\\/fr\\\/produkt\\\/tapis-de-souris-avec-liquide-et-repose-poignet-liquid-mouse-pad-with-wrist-rest-pad-lmp_xl\\\/\"]}]},{\"@type\":\"ImageObject\",\"inLanguage\":\"fr-FR\",\"@id\":\"https:\\\/\\\/mousepad24.eu\\\/fr\\\/produkt\\\/tapis-de-souris-avec-liquide-et-repose-poignet-liquid-mouse-pad-with-wrist-rest-pad-lmp_xl\\\/#primaryimage\",\"url\":\"https:\\\/\\\/mousepad24.eu\\\/wp-content\\\/uploads\\\/2026\\\/03\\\/floater_liquid_ergonomic_-02.jpg\",\"contentUrl\":\"https:\\\/\\\/mousepad24.eu\\\/wp-content\\\/uploads\\\/2026\\\/03\\\/floater_liquid_ergonomic_-02.jpg\",\"width\":2000,\"height\":2000,\"caption\":\"tapis de souris avec liquide\"},{\"@type\":\"BreadcrumbList\",\"@id\":\"https:\\\/\\\/mousepad24.eu\\\/fr\\\/produkt\\\/tapis-de-souris-avec-liquide-et-repose-poignet-liquid-mouse-pad-with-wrist-rest-pad-lmp_xl\\\/#breadcrumb\",\"itemListElement\":[{\"@type\":\"ListItem\",\"position\":1,\"name\":\"Page d'accueil\",\"item\":\"https:\\\/\\\/mousepad24.eu\\\/fr\\\/\"},{\"@type\":\"ListItem\",\"position\":2,\"name\":\"Boutique\",\"item\":\"https:\\\/\\\/mousepad24.eu\\\/fr\\\/\"},{\"@type\":\"ListItem\",\"position\":3,\"name\":\"Tapis de souris liquide avec repose-poignet (Liquid Mouse Pad) \\\/ LMP_XL\"}]},{\"@type\":\"WebSite\",\"@id\":\"https:\\\/\\\/mousepad24.eu\\\/#website\",\"url\":\"https:\\\/\\\/mousepad24.eu\\\/\",\"name\":\"MousePad24.eu\",\"description\":\"Personalizowane podk\u0142adki pod mysz\",\"publisher\":{\"@id\":\"https:\\\/\\\/mousepad24.eu\\\/#organization\"},\"potentialAction\":[{\"@type\":\"SearchAction\",\"target\":{\"@type\":\"EntryPoint\",\"urlTemplate\":\"https:\\\/\\\/mousepad24.eu\\\/?s={search_term_string}\"},\"query-input\":{\"@type\":\"PropertyValueSpecification\",\"valueRequired\":true,\"valueName\":\"search_term_string\"}}],\"inLanguage\":\"fr-FR\"},{\"@type\":\"Organization\",\"@id\":\"https:\\\/\\\/mousepad24.eu\\\/#organization\",\"name\":\"MousePad24.eu\",\"url\":\"https:\\\/\\\/mousepad24.eu\\\/\",\"logo\":{\"@type\":\"ImageObject\",\"inLanguage\":\"fr-FR\",\"@id\":\"https:\\\/\\\/mousepad24.eu\\\/#\\\/schema\\\/logo\\\/image\\\/\",\"url\":\"https:\\\/\\\/mousepad24.eu\\\/wp-content\\\/uploads\\\/2022\\\/12\\\/MOUSEPAD24_logo_curv_OK-1.png\",\"contentUrl\":\"https:\\\/\\\/mousepad24.eu\\\/wp-content\\\/uploads\\\/2022\\\/12\\\/MOUSEPAD24_logo_curv_OK-1.png\",\"width\":1024,\"height\":75,\"caption\":\"MousePad24.eu\"},\"image\":{\"@id\":\"https:\\\/\\\/mousepad24.eu\\\/#\\\/schema\\\/logo\\\/image\\\/\"},\"sameAs\":[\"https:\\\/\\\/www.facebook.com\\\/mousepad24\\\/\",\"https:\\\/\\\/www.instagram.com\\\/mousepad24.eu\\\/\",\"https:\\\/\\\/www.linkedin.com\\\/company\\\/podkladki24-mousepad24\\\/\"]}]}<\/script>\n<!-- \/ Yoast SEO plugin. -->","yoast_head_json":{"title":"Tapis de souris liquide avec repose-poignet (Liquid Mouse Pad) \/ LMP_XL - MousePad24.eu","description":"Tapis avec liquide et repose-poignet. Gadget publicitaire ergonomique avec \u00e9l\u00e9ments flottants et impression CMYK. Confort et innovation en un seul produit.","robots":{"index":"index","follow":"follow","max-snippet":"max-snippet:-1","max-image-preview":"max-image-preview:large","max-video-preview":"max-video-preview:-1"},"og_locale":"fr_FR","og_type":"article","og_title":"Tapis de souris liquide avec repose-poignet (Liquid Mouse Pad) \/ LMP_XL - MousePad24.eu","og_description":"Tapis avec liquide et repose-poignet. Gadget publicitaire ergonomique avec \u00e9l\u00e9ments flottants et impression CMYK. Confort et innovation en un seul produit.","og_url":"https:\/\/mousepad24.eu\/fr\/produkt\/tapis-de-souris-avec-liquide-et-repose-poignet-liquid-mouse-pad-with-wrist-rest-pad-lmp_xl\/","og_site_name":"MousePad24.eu","article_publisher":"https:\/\/www.facebook.com\/mousepad24\/","article_modified_time":"2026-03-25T12:23:36+00:00","og_image":[{"width":2000,"height":2000,"url":"https:\/\/mousepad24.eu\/wp-content\/uploads\/2026\/03\/floater_liquid_ergonomic_-02.jpg","type":"image\/jpeg"}],"twitter_card":"summary_large_image","twitter_misc":{"Dur\u00e9e de lecture estim\u00e9e":"1 minute"},"schema":{"@context":"https:\/\/schema.org","@graph":[{"@type":"WebPage","@id":"https:\/\/mousepad24.eu\/fr\/produkt\/tapis-de-souris-avec-liquide-et-repose-poignet-liquid-mouse-pad-with-wrist-rest-pad-lmp_xl\/","url":"https:\/\/mousepad24.eu\/fr\/produkt\/tapis-de-souris-avec-liquide-et-repose-poignet-liquid-mouse-pad-with-wrist-rest-pad-lmp_xl\/","name":"Tapis de souris liquide avec repose-poignet (Liquid Mouse Pad) \/ LMP_XL - MousePad24.eu","isPartOf":{"@id":"https:\/\/mousepad24.eu\/#website"},"primaryImageOfPage":{"@id":"https:\/\/mousepad24.eu\/fr\/produkt\/tapis-de-souris-avec-liquide-et-repose-poignet-liquid-mouse-pad-with-wrist-rest-pad-lmp_xl\/#primaryimage"},"image":{"@id":"https:\/\/mousepad24.eu\/fr\/produkt\/tapis-de-souris-avec-liquide-et-repose-poignet-liquid-mouse-pad-with-wrist-rest-pad-lmp_xl\/#primaryimage"},"thumbnailUrl":"https:\/\/mousepad24.eu\/wp-content\/uploads\/2026\/03\/floater_liquid_ergonomic_-02.jpg","datePublished":"2026-03-25T10:48:27+00:00","dateModified":"2026-03-25T12:23:36+00:00","description":"Tapis avec liquide et repose-poignet. Gadget publicitaire ergonomique avec \u00e9l\u00e9ments flottants et impression CMYK. Confort et innovation en un seul produit.","breadcrumb":{"@id":"https:\/\/mousepad24.eu\/fr\/produkt\/tapis-de-souris-avec-liquide-et-repose-poignet-liquid-mouse-pad-with-wrist-rest-pad-lmp_xl\/#breadcrumb"},"inLanguage":"fr-FR","potentialAction":[{"@type":"ReadAction","target":["https:\/\/mousepad24.eu\/fr\/produkt\/tapis-de-souris-avec-liquide-et-repose-poignet-liquid-mouse-pad-with-wrist-rest-pad-lmp_xl\/"]}]},{"@type":"ImageObject","inLanguage":"fr-FR","@id":"https:\/\/mousepad24.eu\/fr\/produkt\/tapis-de-souris-avec-liquide-et-repose-poignet-liquid-mouse-pad-with-wrist-rest-pad-lmp_xl\/#primaryimage","url":"https:\/\/mousepad24.eu\/wp-content\/uploads\/2026\/03\/floater_liquid_ergonomic_-02.jpg","contentUrl":"https:\/\/mousepad24.eu\/wp-content\/uploads\/2026\/03\/floater_liquid_ergonomic_-02.jpg","width":2000,"height":2000,"caption":"tapis de souris avec liquide"},{"@type":"BreadcrumbList","@id":"https:\/\/mousepad24.eu\/fr\/produkt\/tapis-de-souris-avec-liquide-et-repose-poignet-liquid-mouse-pad-with-wrist-rest-pad-lmp_xl\/#breadcrumb","itemListElement":[{"@type":"ListItem","position":1,"name":"Page d'accueil","item":"https:\/\/mousepad24.eu\/fr\/"},{"@type":"ListItem","position":2,"name":"Boutique","item":"https:\/\/mousepad24.eu\/fr\/"},{"@type":"ListItem","position":3,"name":"Tapis de souris liquide avec repose-poignet (Liquid Mouse Pad) \/ LMP_XL"}]},{"@type":"WebSite","@id":"https:\/\/mousepad24.eu\/#website","url":"https:\/\/mousepad24.eu\/","name":"MousePad24.eu","description":"Personalizowane podk\u0142adki pod mysz","publisher":{"@id":"https:\/\/mousepad24.eu\/#organization"},"potentialAction":[{"@type":"SearchAction","target":{"@type":"EntryPoint","urlTemplate":"https:\/\/mousepad24.eu\/?s={search_term_string}"},"query-input":{"@type":"PropertyValueSpecification","valueRequired":true,"valueName":"search_term_string"}}],"inLanguage":"fr-FR"},{"@type":"Organization","@id":"https:\/\/mousepad24.eu\/#organization","name":"MousePad24.eu","url":"https:\/\/mousepad24.eu\/","logo":{"@type":"ImageObject","inLanguage":"fr-FR","@id":"https:\/\/mousepad24.eu\/#\/schema\/logo\/image\/","url":"https:\/\/mousepad24.eu\/wp-content\/uploads\/2022\/12\/MOUSEPAD24_logo_curv_OK-1.png","contentUrl":"https:\/\/mousepad24.eu\/wp-content\/uploads\/2022\/12\/MOUSEPAD24_logo_curv_OK-1.png","width":1024,"height":75,"caption":"MousePad24.eu"},"image":{"@id":"https:\/\/mousepad24.eu\/#\/schema\/logo\/image\/"},"sameAs":["https:\/\/www.facebook.com\/mousepad24\/","https:\/\/www.instagram.com\/mousepad24.eu\/","https:\/\/www.linkedin.com\/company\/podkladki24-mousepad24\/"]}]}},"_links":{"self":[{"href":"https:\/\/mousepad24.eu\/fr\/wp-json\/wp\/v2\/product\/77834","targetHints":{"allow":["GET"]}}],"collection":[{"href":"https:\/\/mousepad24.eu\/fr\/wp-json\/wp\/v2\/product"}],"about":[{"href":"https:\/\/mousepad24.eu\/fr\/wp-json\/wp\/v2\/types\/product"}],"wp:featuredmedia":[{"embeddable":true,"href":"https:\/\/mousepad24.eu\/fr\/wp-json\/wp\/v2\/media\/77723"}],"wp:attachment":[{"href":"https:\/\/mousepad24.eu\/fr\/wp-json\/wp\/v2\/media?parent=77834"}],"wp:term":[{"taxonomy":"product_brand","embeddable":true,"href":"https:\/\/mousepad24.eu\/fr\/wp-json\/wp\/v2\/product_brand?post=77834"},{"taxonomy":"product_cat","embeddable":true,"href":"https:\/\/mousepad24.eu\/fr\/wp-json\/wp\/v2\/product_cat?post=77834"},{"taxonomy":"product_tag","embeddable":true,"href":"https:\/\/mousepad24.eu\/fr\/wp-json\/wp\/v2\/product_tag?post=77834"}],"curies":[{"name":"wp","href":"https:\/\/api.w.org\/{rel}","templated":true}]}}