{"id":57263,"date":"2022-09-21T10:20:56","date_gmt":"2022-09-21T08:20:56","guid":{"rendered":"https:\/\/jnpnki27nc.onrocket.site\/informativa-sulla-privacy\/"},"modified":"2025-10-20T11:42:29","modified_gmt":"2025-10-20T09:42:29","slug":"informativa-sulla-privacy","status":"publish","type":"page","link":"https:\/\/mousepad24.eu\/it\/informativa-sulla-privacy\/","title":{"rendered":"Informativa sulla privacy"},"content":{"rendered":"<p style=\"text-align: center;\">1 \u00a7<\/p>\n<p style=\"text-align: center;\">Protezione dei dati personali<\/p>\n<ol>\n<li>Il titolare del trattamento dei dati personali \u00e8 ANITA MAKARSKA-GURGACZ, P.IVA: PL 7122860322, ul. Zbo\u017cowa 40, 20-827 Lublin. Il contatto con il titolare per questioni relative alla protezione dei dati personali \u00e8 possibile tramite l&#8217;indirizzo e-mail: shop@mousepad24.eu o per iscritto all&#8217;indirizzo della sede del titolare sopra indicato.  <\/li>\n<li>Il soggetto che utilizza il servizio (cio\u00e8 il Cliente) acconsente al trattamento da parte dell&#8217;Amministratore dei dati personali forniti dal Cliente al momento dell&#8217;ordine, nel processo di utilizzo di mousepad24.eu (cio\u00e8 il Negozio).<\/li>\n<li>Il conferimento dei dati personali da parte del Cliente \u00e8 volontario, tuttavia il mancato consenso al trattamento dei dati personali da parte dell&#8217;Amministratore comporter\u00e0 l&#8217;impossibilit\u00e0 di fornire servizi elettronici e di effettuare acquisti nel Negozio.<\/li>\n<li>Il trattamento dei dati personali del Cliente consente al Titolare di fornire servizi, tra gli altri, a. mantenimento dell&#8217;account dell&#8217;utente, elaborazione degli ordini, contatto in relazione all&#8217;esecuzione del contratto e invio di informazioni di marketing (comprese le newsletter). <\/li>\n<li>I dati personali saranno conservati per la durata del contratto e per un periodo conforme alla normativa applicabile, tenendo conto dei termini di prescrizione per i reclami e gli obblighi fiscali.<\/li>\n<li>Il cliente ha il diritto di accedere ai propri dati personali e di richiederne la correzione o la cancellazione. I dati personali possono essere corretti o cancellati accedendo all&#8217;account del Cliente o segnalando il Venditore all&#8217;indirizzo e-mail: shop@mousepad24.eu. <\/li>\n<li>Se fornite dati personali in relazione alla pubblicazione di recensioni o testimonianze di Prodotti nel Negozio o sui social network, acconsentite alla divulgazione di tali dati a una cerchia illimitata di persone.<\/li>\n<li>Il cliente dichiara che i dati personali forniti sono quelli del cliente stesso.<\/li>\n<li>L&#8217;Amministratore, attraverso il Negozio e altre forme di comunicazione, raccoglie ed elabora i dati personali degli Utenti sotto specificati, forniti durante i processi di registrazione, di effettuazione degli ordini nel Negozio, di utilizzo del comunicatore online disponibile nel Negozio:\n<ol>\n<li>nome<\/li>\n<li>pagamento e indirizzo di consegna<\/li>\n<li>numero di telefono<\/li>\n<li>indirizzo e-mail<\/li>\n<\/ol>\n<\/li>\n<li>\n<p data-start=\"295\" data-end=\"721\">Al fine di consentire agli Utenti di effettuare pagamenti per gli ordini, il Titolare collabora con partner esterni che gestiscono i pagamenti elettronici. Pertanto, i dati personali degli Utenti (quali nome e cognome, indirizzo e-mail, indirizzo di consegna, indirizzo di fatturazione, numero di telefono e dati relativi al pagamento e alla cronologia delle transazioni) possono essere trasferiti a tali partner nella misura necessaria per l&#8217;elaborazione dei pagamenti. <\/p>\n<p data-start=\"723\" data-end=\"864\">I partner che gestiscono i pagamenti possono trattare i dati personali degli Utenti in modo automatizzato, inclusa la profilazione, al fine di:<\/p>\n<ul data-start=\"865\" data-end=\"1022\">\n<li data-start=\"865\" data-end=\"904\">\n<p data-start=\"867\" data-end=\"904\">verificare l&#8217;identit\u00e0 dell&#8217;Utente,<\/p>\n<\/li>\n<li data-start=\"905\" data-end=\"945\">\n<p data-start=\"907\" data-end=\"945\">prevenire abusi e frodi,<\/p>\n<\/li>\n<li data-start=\"946\" data-end=\"974\">\n<p data-start=\"948\" data-end=\"974\">valutare il rischio delle transazioni,<\/p>\n<\/li>\n<li data-start=\"975\" data-end=\"1022\">\n<p data-start=\"977\" data-end=\"1022\">garantire la sicurezza dei servizi di pagamento.<\/p>\n<\/li>\n<\/ul>\n<p data-start=\"1024\" data-end=\"1387\">La profilazione pu\u00f2 portare a decisioni automatizzate, ad esempio il rifiuto di elaborare un pagamento o la necessit\u00e0 di una conferma aggiuntiva dell&#8217;identit\u00e0. Informazioni dettagliate sui principi di trattamento dei dati personali da parte dei partner che gestiscono i pagamenti sono disponibili nelle loro politiche sulla privacy, accessibili sui siti web di tali entit\u00e0. <\/p>\n<\/li>\n<li>Il responsabile del trattamento si impegna a compiere ogni sforzo per mantenere i dati personali del cliente adeguatamente protetti<\/li>\n<li>Avete il diritto di presentare un reclamo all&#8217;autorit\u00e0 di controllo preposta alla protezione dei dati personali \u2013 il Presidente dell&#8217;Ufficio per la Protezione dei Dati Personali.<\/li>\n<\/ol>\n","protected":false},"excerpt":{"rendered":"<p>1 \u00a7 Protezione dei dati personali Il titolare del trattamento dei dati personali \u00e8 ANITA MAKARSKA-GURGACZ, P.IVA: PL 7122860322, ul. Zbo\u017cowa 40, 20-827 Lublin. Il contatto con il titolare per questioni relative alla protezione dei dati personali \u00e8 possibile tramite l&#8217;indirizzo e-mail: shop@mousepad24.eu o per iscritto all&#8217;indirizzo della sede del titolare sopra indicato. Il soggetto [&hellip;]<\/p>\n","protected":false},"author":102,"featured_media":0,"parent":0,"menu_order":0,"comment_status":"closed","ping_status":"closed","template":"elementor_header_footer","meta":{"footnotes":""},"class_list":["post-57263","page","type-page","status-publish","hentry","fpd-variation-needed"],"yoast_head":"<!-- This site is optimized with the Yoast SEO plugin v27.3 - https:\/\/yoast.com\/product\/yoast-seo-wordpress\/ -->\n<title>Informativa sulla privacy - MousePad24.eu<\/title>\n<meta name=\"robots\" content=\"index, follow, max-snippet:-1, max-image-preview:large, max-video-preview:-1\" \/>\n<meta property=\"og:locale\" content=\"it_IT\" \/>\n<meta property=\"og:type\" content=\"article\" \/>\n<meta property=\"og:title\" content=\"Informativa sulla privacy - MousePad24.eu\" \/>\n<meta property=\"og:description\" content=\"1 \u00a7 Protezione dei dati personali Il titolare del trattamento dei dati personali \u00e8 ANITA MAKARSKA-GURGACZ, P.IVA: PL 7122860322, ul. Zbo\u017cowa 40, 20-827 Lublin. Il contatto con il titolare per questioni relative alla protezione dei dati personali \u00e8 possibile tramite l&#8217;indirizzo e-mail: shop@mousepad24.eu o per iscritto all&#8217;indirizzo della sede del titolare sopra indicato. Il soggetto [&hellip;]\" \/>\n<meta property=\"og:url\" content=\"https:\/\/mousepad24.eu\/it\/informativa-sulla-privacy\/\" \/>\n<meta property=\"og:site_name\" content=\"MousePad24.eu\" \/>\n<meta property=\"article:publisher\" content=\"https:\/\/www.facebook.com\/mousepad24\/\" \/>\n<meta property=\"article:modified_time\" content=\"2025-10-20T09:42:29+00:00\" \/>\n<meta name=\"twitter:card\" content=\"summary_large_image\" \/>\n<meta name=\"twitter:label1\" content=\"Tempo di lettura stimato\" \/>\n\t<meta name=\"twitter:data1\" content=\"3 minuti\" \/>\n<script type=\"application\/ld+json\" class=\"yoast-schema-graph\">{\"@context\":\"https:\\\/\\\/schema.org\",\"@graph\":[{\"@type\":\"WebPage\",\"@id\":\"https:\\\/\\\/mousepad24.eu\\\/it\\\/informativa-sulla-privacy\\\/\",\"url\":\"https:\\\/\\\/mousepad24.eu\\\/it\\\/informativa-sulla-privacy\\\/\",\"name\":\"Informativa sulla privacy - MousePad24.eu\",\"isPartOf\":{\"@id\":\"https:\\\/\\\/mousepad24.eu\\\/#website\"},\"datePublished\":\"2022-09-21T08:20:56+00:00\",\"dateModified\":\"2025-10-20T09:42:29+00:00\",\"breadcrumb\":{\"@id\":\"https:\\\/\\\/mousepad24.eu\\\/it\\\/informativa-sulla-privacy\\\/#breadcrumb\"},\"inLanguage\":\"it-IT\",\"potentialAction\":[{\"@type\":\"ReadAction\",\"target\":[\"https:\\\/\\\/mousepad24.eu\\\/it\\\/informativa-sulla-privacy\\\/\"]}]},{\"@type\":\"BreadcrumbList\",\"@id\":\"https:\\\/\\\/mousepad24.eu\\\/it\\\/informativa-sulla-privacy\\\/#breadcrumb\",\"itemListElement\":[{\"@type\":\"ListItem\",\"position\":1,\"name\":\"Pagina iniziale\",\"item\":\"https:\\\/\\\/mousepad24.eu\\\/it\\\/\"},{\"@type\":\"ListItem\",\"position\":2,\"name\":\"Informativa sulla privacy\"}]},{\"@type\":\"WebSite\",\"@id\":\"https:\\\/\\\/mousepad24.eu\\\/#website\",\"url\":\"https:\\\/\\\/mousepad24.eu\\\/\",\"name\":\"MousePad24.eu\",\"description\":\"Personalizowane podk\u0142adki pod mysz\",\"publisher\":{\"@id\":\"https:\\\/\\\/mousepad24.eu\\\/#organization\"},\"potentialAction\":[{\"@type\":\"SearchAction\",\"target\":{\"@type\":\"EntryPoint\",\"urlTemplate\":\"https:\\\/\\\/mousepad24.eu\\\/?s={search_term_string}\"},\"query-input\":{\"@type\":\"PropertyValueSpecification\",\"valueRequired\":true,\"valueName\":\"search_term_string\"}}],\"inLanguage\":\"it-IT\"},{\"@type\":\"Organization\",\"@id\":\"https:\\\/\\\/mousepad24.eu\\\/#organization\",\"name\":\"MousePad24.eu\",\"url\":\"https:\\\/\\\/mousepad24.eu\\\/\",\"logo\":{\"@type\":\"ImageObject\",\"inLanguage\":\"it-IT\",\"@id\":\"https:\\\/\\\/mousepad24.eu\\\/#\\\/schema\\\/logo\\\/image\\\/\",\"url\":\"https:\\\/\\\/mousepad24.eu\\\/wp-content\\\/uploads\\\/2022\\\/12\\\/MOUSEPAD24_logo_curv_OK-1.png\",\"contentUrl\":\"https:\\\/\\\/mousepad24.eu\\\/wp-content\\\/uploads\\\/2022\\\/12\\\/MOUSEPAD24_logo_curv_OK-1.png\",\"width\":1024,\"height\":75,\"caption\":\"MousePad24.eu\"},\"image\":{\"@id\":\"https:\\\/\\\/mousepad24.eu\\\/#\\\/schema\\\/logo\\\/image\\\/\"},\"sameAs\":[\"https:\\\/\\\/www.facebook.com\\\/mousepad24\\\/\",\"https:\\\/\\\/www.instagram.com\\\/mousepad24.eu\\\/\",\"https:\\\/\\\/www.linkedin.com\\\/company\\\/podkladki24-mousepad24\\\/\"]}]}<\/script>\n<!-- \/ Yoast SEO plugin. -->","yoast_head_json":{"title":"Informativa sulla privacy - MousePad24.eu","robots":{"index":"index","follow":"follow","max-snippet":"max-snippet:-1","max-image-preview":"max-image-preview:large","max-video-preview":"max-video-preview:-1"},"og_locale":"it_IT","og_type":"article","og_title":"Informativa sulla privacy - MousePad24.eu","og_description":"1 \u00a7 Protezione dei dati personali Il titolare del trattamento dei dati personali \u00e8 ANITA MAKARSKA-GURGACZ, P.IVA: PL 7122860322, ul. Zbo\u017cowa 40, 20-827 Lublin. Il contatto con il titolare per questioni relative alla protezione dei dati personali \u00e8 possibile tramite l&#8217;indirizzo e-mail: shop@mousepad24.eu o per iscritto all&#8217;indirizzo della sede del titolare sopra indicato. Il soggetto [&hellip;]","og_url":"https:\/\/mousepad24.eu\/it\/informativa-sulla-privacy\/","og_site_name":"MousePad24.eu","article_publisher":"https:\/\/www.facebook.com\/mousepad24\/","article_modified_time":"2025-10-20T09:42:29+00:00","twitter_card":"summary_large_image","twitter_misc":{"Tempo di lettura stimato":"3 minuti"},"schema":{"@context":"https:\/\/schema.org","@graph":[{"@type":"WebPage","@id":"https:\/\/mousepad24.eu\/it\/informativa-sulla-privacy\/","url":"https:\/\/mousepad24.eu\/it\/informativa-sulla-privacy\/","name":"Informativa sulla privacy - MousePad24.eu","isPartOf":{"@id":"https:\/\/mousepad24.eu\/#website"},"datePublished":"2022-09-21T08:20:56+00:00","dateModified":"2025-10-20T09:42:29+00:00","breadcrumb":{"@id":"https:\/\/mousepad24.eu\/it\/informativa-sulla-privacy\/#breadcrumb"},"inLanguage":"it-IT","potentialAction":[{"@type":"ReadAction","target":["https:\/\/mousepad24.eu\/it\/informativa-sulla-privacy\/"]}]},{"@type":"BreadcrumbList","@id":"https:\/\/mousepad24.eu\/it\/informativa-sulla-privacy\/#breadcrumb","itemListElement":[{"@type":"ListItem","position":1,"name":"Pagina iniziale","item":"https:\/\/mousepad24.eu\/it\/"},{"@type":"ListItem","position":2,"name":"Informativa sulla privacy"}]},{"@type":"WebSite","@id":"https:\/\/mousepad24.eu\/#website","url":"https:\/\/mousepad24.eu\/","name":"MousePad24.eu","description":"Personalizowane podk\u0142adki pod mysz","publisher":{"@id":"https:\/\/mousepad24.eu\/#organization"},"potentialAction":[{"@type":"SearchAction","target":{"@type":"EntryPoint","urlTemplate":"https:\/\/mousepad24.eu\/?s={search_term_string}"},"query-input":{"@type":"PropertyValueSpecification","valueRequired":true,"valueName":"search_term_string"}}],"inLanguage":"it-IT"},{"@type":"Organization","@id":"https:\/\/mousepad24.eu\/#organization","name":"MousePad24.eu","url":"https:\/\/mousepad24.eu\/","logo":{"@type":"ImageObject","inLanguage":"it-IT","@id":"https:\/\/mousepad24.eu\/#\/schema\/logo\/image\/","url":"https:\/\/mousepad24.eu\/wp-content\/uploads\/2022\/12\/MOUSEPAD24_logo_curv_OK-1.png","contentUrl":"https:\/\/mousepad24.eu\/wp-content\/uploads\/2022\/12\/MOUSEPAD24_logo_curv_OK-1.png","width":1024,"height":75,"caption":"MousePad24.eu"},"image":{"@id":"https:\/\/mousepad24.eu\/#\/schema\/logo\/image\/"},"sameAs":["https:\/\/www.facebook.com\/mousepad24\/","https:\/\/www.instagram.com\/mousepad24.eu\/","https:\/\/www.linkedin.com\/company\/podkladki24-mousepad24\/"]}]}},"_links":{"self":[{"href":"https:\/\/mousepad24.eu\/it\/wp-json\/wp\/v2\/pages\/57263","targetHints":{"allow":["GET"]}}],"collection":[{"href":"https:\/\/mousepad24.eu\/it\/wp-json\/wp\/v2\/pages"}],"about":[{"href":"https:\/\/mousepad24.eu\/it\/wp-json\/wp\/v2\/types\/page"}],"author":[{"embeddable":true,"href":"https:\/\/mousepad24.eu\/it\/wp-json\/wp\/v2\/users\/102"}],"replies":[{"embeddable":true,"href":"https:\/\/mousepad24.eu\/it\/wp-json\/wp\/v2\/comments?post=57263"}],"version-history":[{"count":0,"href":"https:\/\/mousepad24.eu\/it\/wp-json\/wp\/v2\/pages\/57263\/revisions"}],"wp:attachment":[{"href":"https:\/\/mousepad24.eu\/it\/wp-json\/wp\/v2\/media?parent=57263"}],"curies":[{"name":"wp","href":"https:\/\/api.w.org\/{rel}","templated":true}]}}