{"id":56800,"date":"2023-04-18T12:22:45","date_gmt":"2023-04-18T10:22:45","guid":{"rendered":"https:\/\/jnpnki27nc.onrocket.site\/produkt\/tampone-saldato-a-tre-strati-p3s\/"},"modified":"2026-03-04T12:42:47","modified_gmt":"2026-03-04T11:42:47","slug":"tampone-saldato-a-tre-strati-p3s","status":"publish","type":"product","link":"https:\/\/mousepad24.eu\/it\/produkt\/tampone-saldato-a-tre-strati-p3s\/","title":{"rendered":"Tappetino per mouse termosaldato a tre strati (P3S)"},"content":{"rendered":"","protected":false},"excerpt":{"rendered":"<p>Tappetino per mouse termosaldato, a tre strati con stampa su inserto in cartone.<\/p>\n<p><strong>Parte superiore:<\/strong> pellicola in PVC goffrato da 0,3 mm, dedicata ai mouse ottici e laser.<br \/>\n<strong>Parte centrale:<\/strong> inserto in cartone stampato a colori. La stampa digitale consente di presentare anche progetti molto dettagliati e un&#8217;eccellente riproduzione dei colori.<br \/>\n<strong>Parte inferiore:<\/strong> schiuma antiscivolo in PVC grigia da 1,2 mm.<\/p>\n<p>Bordo termosaldato, saldatura di colore bianco. Unione durevole ed estetica. <\/p>\n<p>Un classico tappetino in PVC in una versione moderna. Prodotto realizzato con materiali di altissima qualit\u00e0 e durata. <\/p>\n<p>Il vantaggio di questo prodotto \u00e8 la facile pulizia. Il tappetino pu\u00f2 essere pulito con un panno umido e disinfettato. <\/p>\n","protected":false},"featured_media":56840,"template":"","meta":[],"product_brand":[],"product_cat":[1060],"product_tag":[1609,1608,1610,1606,1426,1605,1607],"class_list":{"0":"post-56800","1":"product","2":"type-product","3":"status-publish","4":"has-post-thumbnail","6":"product_cat-tappetini-in-pvc","7":"product_tag-gadget-promozionali","8":"product_tag-miglior-tappetino-per-mouse","9":"product_tag-tappetini-per-mouse-con-stampa-pubblicitaria","10":"product_tag-tappetini-per-mouse-di-alta-qualita","11":"product_tag-tappetino-colorato","12":"product_tag-tappetino-per-mouse-con-stampa-pubblicitaria","13":"product_tag-tappetino-per-mouse-professionale","14":"fpd-variation-needed","16":"first","17":"instock","18":"taxable","19":"shipping-taxable","20":"purchasable","21":"product-type-variable"},"yoast_head":"<!-- This site is optimized with the Yoast SEO plugin v27.5 - https:\/\/yoast.com\/product\/yoast-seo-wordpress\/ -->\n<title>Tappetino per mouse termosaldato a tre strati (P3S) - MousePad24.eu<\/title>\n<meta name=\"robots\" content=\"index, follow, max-snippet:-1, max-image-preview:large, max-video-preview:-1\" \/>\n<meta property=\"og:locale\" content=\"it_IT\" \/>\n<meta property=\"og:type\" content=\"article\" \/>\n<meta property=\"og:title\" content=\"Tappetino per mouse termosaldato a tre strati (P3S) - MousePad24.eu\" \/>\n<meta property=\"og:description\" content=\"Tappetino per mouse termosaldato, a tre strati con stampa su inserto in cartone. Parte superiore: pellicola in PVC goffrato da 0,3 mm, dedicata ai mouse ottici e laser. Parte centrale: inserto in cartone stampato a colori. La stampa digitale consente di presentare anche progetti molto dettagliati e un&#039;eccellente riproduzione dei colori. Parte inferiore: schiuma antiscivolo in PVC grigia da 1,2 mm. Bordo termosaldato, saldatura di colore bianco. Unione durevole ed estetica.  Un classico tappetino in PVC in una versione moderna. Prodotto realizzato con materiali di altissima qualit\u00e0 e durata.  Il vantaggio di questo prodotto \u00e8 la facile pulizia. Il tappetino pu\u00f2 essere pulito con un panno umido e disinfettato.\" \/>\n<meta property=\"og:url\" content=\"https:\/\/mousepad24.eu\/it\/produkt\/tampone-saldato-a-tre-strati-p3s\/\" \/>\n<meta property=\"og:site_name\" content=\"MousePad24.eu\" \/>\n<meta property=\"article:publisher\" content=\"https:\/\/www.facebook.com\/mousepad24\/\" \/>\n<meta property=\"article:modified_time\" content=\"2026-03-04T11:42:47+00:00\" \/>\n<meta property=\"og:image\" content=\"https:\/\/mousepad24.eu\/wp-content\/uploads\/2023\/04\/P3_S_blanc.webp\" \/>\n\t<meta property=\"og:image:width\" content=\"2560\" \/>\n\t<meta property=\"og:image:height\" content=\"2560\" \/>\n\t<meta property=\"og:image:type\" content=\"image\/webp\" \/>\n<meta name=\"twitter:card\" content=\"summary_large_image\" \/>\n<script type=\"application\/ld+json\" class=\"yoast-schema-graph\">{\"@context\":\"https:\\\/\\\/schema.org\",\"@graph\":[{\"@type\":\"WebPage\",\"@id\":\"https:\\\/\\\/mousepad24.eu\\\/it\\\/produkt\\\/tampone-saldato-a-tre-strati-p3s\\\/\",\"url\":\"https:\\\/\\\/mousepad24.eu\\\/it\\\/produkt\\\/tampone-saldato-a-tre-strati-p3s\\\/\",\"name\":\"Tappetino per mouse termosaldato a tre strati (P3S) - MousePad24.eu\",\"isPartOf\":{\"@id\":\"https:\\\/\\\/mousepad24.eu\\\/#website\"},\"primaryImageOfPage\":{\"@id\":\"https:\\\/\\\/mousepad24.eu\\\/it\\\/produkt\\\/tampone-saldato-a-tre-strati-p3s\\\/#primaryimage\"},\"image\":{\"@id\":\"https:\\\/\\\/mousepad24.eu\\\/it\\\/produkt\\\/tampone-saldato-a-tre-strati-p3s\\\/#primaryimage\"},\"thumbnailUrl\":\"https:\\\/\\\/mousepad24.eu\\\/wp-content\\\/uploads\\\/2023\\\/04\\\/P3_S_blanc.webp\",\"datePublished\":\"2023-04-18T10:22:45+00:00\",\"dateModified\":\"2026-03-04T11:42:47+00:00\",\"breadcrumb\":{\"@id\":\"https:\\\/\\\/mousepad24.eu\\\/it\\\/produkt\\\/tampone-saldato-a-tre-strati-p3s\\\/#breadcrumb\"},\"inLanguage\":\"it-IT\",\"potentialAction\":[{\"@type\":\"ReadAction\",\"target\":[\"https:\\\/\\\/mousepad24.eu\\\/it\\\/produkt\\\/tampone-saldato-a-tre-strati-p3s\\\/\"]}]},{\"@type\":\"ImageObject\",\"inLanguage\":\"it-IT\",\"@id\":\"https:\\\/\\\/mousepad24.eu\\\/it\\\/produkt\\\/tampone-saldato-a-tre-strati-p3s\\\/#primaryimage\",\"url\":\"https:\\\/\\\/mousepad24.eu\\\/wp-content\\\/uploads\\\/2023\\\/04\\\/P3_S_blanc.webp\",\"contentUrl\":\"https:\\\/\\\/mousepad24.eu\\\/wp-content\\\/uploads\\\/2023\\\/04\\\/P3_S_blanc.webp\",\"width\":2560,\"height\":2560},{\"@type\":\"BreadcrumbList\",\"@id\":\"https:\\\/\\\/mousepad24.eu\\\/it\\\/produkt\\\/tampone-saldato-a-tre-strati-p3s\\\/#breadcrumb\",\"itemListElement\":[{\"@type\":\"ListItem\",\"position\":1,\"name\":\"Pagina iniziale\",\"item\":\"https:\\\/\\\/mousepad24.eu\\\/it\\\/\"},{\"@type\":\"ListItem\",\"position\":2,\"name\":\"Negozio\",\"item\":\"https:\\\/\\\/mousepad24.eu\\\/it\\\/\"},{\"@type\":\"ListItem\",\"position\":3,\"name\":\"Tappetino per mouse termosaldato a tre strati (P3S)\"}]},{\"@type\":\"WebSite\",\"@id\":\"https:\\\/\\\/mousepad24.eu\\\/#website\",\"url\":\"https:\\\/\\\/mousepad24.eu\\\/\",\"name\":\"MousePad24.eu\",\"description\":\"Personalizowane podk\u0142adki pod mysz\",\"publisher\":{\"@id\":\"https:\\\/\\\/mousepad24.eu\\\/#organization\"},\"potentialAction\":[{\"@type\":\"SearchAction\",\"target\":{\"@type\":\"EntryPoint\",\"urlTemplate\":\"https:\\\/\\\/mousepad24.eu\\\/?s={search_term_string}\"},\"query-input\":{\"@type\":\"PropertyValueSpecification\",\"valueRequired\":true,\"valueName\":\"search_term_string\"}}],\"inLanguage\":\"it-IT\"},{\"@type\":\"Organization\",\"@id\":\"https:\\\/\\\/mousepad24.eu\\\/#organization\",\"name\":\"MousePad24.eu\",\"url\":\"https:\\\/\\\/mousepad24.eu\\\/\",\"logo\":{\"@type\":\"ImageObject\",\"inLanguage\":\"it-IT\",\"@id\":\"https:\\\/\\\/mousepad24.eu\\\/#\\\/schema\\\/logo\\\/image\\\/\",\"url\":\"https:\\\/\\\/mousepad24.eu\\\/wp-content\\\/uploads\\\/2022\\\/12\\\/MOUSEPAD24_logo_curv_OK-1.png\",\"contentUrl\":\"https:\\\/\\\/mousepad24.eu\\\/wp-content\\\/uploads\\\/2022\\\/12\\\/MOUSEPAD24_logo_curv_OK-1.png\",\"width\":1024,\"height\":75,\"caption\":\"MousePad24.eu\"},\"image\":{\"@id\":\"https:\\\/\\\/mousepad24.eu\\\/#\\\/schema\\\/logo\\\/image\\\/\"},\"sameAs\":[\"https:\\\/\\\/www.facebook.com\\\/mousepad24\\\/\",\"https:\\\/\\\/www.instagram.com\\\/mousepad24.eu\\\/\",\"https:\\\/\\\/www.linkedin.com\\\/company\\\/podkladki24-mousepad24\\\/\"]}]}<\/script>\n<!-- \/ Yoast SEO plugin. -->","yoast_head_json":{"title":"Tappetino per mouse termosaldato a tre strati (P3S) - MousePad24.eu","robots":{"index":"index","follow":"follow","max-snippet":"max-snippet:-1","max-image-preview":"max-image-preview:large","max-video-preview":"max-video-preview:-1"},"og_locale":"it_IT","og_type":"article","og_title":"Tappetino per mouse termosaldato a tre strati (P3S) - MousePad24.eu","og_description":"Tappetino per mouse termosaldato, a tre strati con stampa su inserto in cartone. Parte superiore: pellicola in PVC goffrato da 0,3 mm, dedicata ai mouse ottici e laser. Parte centrale: inserto in cartone stampato a colori. La stampa digitale consente di presentare anche progetti molto dettagliati e un'eccellente riproduzione dei colori. Parte inferiore: schiuma antiscivolo in PVC grigia da 1,2 mm. Bordo termosaldato, saldatura di colore bianco. Unione durevole ed estetica.  Un classico tappetino in PVC in una versione moderna. Prodotto realizzato con materiali di altissima qualit\u00e0 e durata.  Il vantaggio di questo prodotto \u00e8 la facile pulizia. Il tappetino pu\u00f2 essere pulito con un panno umido e disinfettato.","og_url":"https:\/\/mousepad24.eu\/it\/produkt\/tampone-saldato-a-tre-strati-p3s\/","og_site_name":"MousePad24.eu","article_publisher":"https:\/\/www.facebook.com\/mousepad24\/","article_modified_time":"2026-03-04T11:42:47+00:00","og_image":[{"width":2560,"height":2560,"url":"https:\/\/mousepad24.eu\/wp-content\/uploads\/2023\/04\/P3_S_blanc.webp","type":"image\/webp"}],"twitter_card":"summary_large_image","schema":{"@context":"https:\/\/schema.org","@graph":[{"@type":"WebPage","@id":"https:\/\/mousepad24.eu\/it\/produkt\/tampone-saldato-a-tre-strati-p3s\/","url":"https:\/\/mousepad24.eu\/it\/produkt\/tampone-saldato-a-tre-strati-p3s\/","name":"Tappetino per mouse termosaldato a tre strati (P3S) - MousePad24.eu","isPartOf":{"@id":"https:\/\/mousepad24.eu\/#website"},"primaryImageOfPage":{"@id":"https:\/\/mousepad24.eu\/it\/produkt\/tampone-saldato-a-tre-strati-p3s\/#primaryimage"},"image":{"@id":"https:\/\/mousepad24.eu\/it\/produkt\/tampone-saldato-a-tre-strati-p3s\/#primaryimage"},"thumbnailUrl":"https:\/\/mousepad24.eu\/wp-content\/uploads\/2023\/04\/P3_S_blanc.webp","datePublished":"2023-04-18T10:22:45+00:00","dateModified":"2026-03-04T11:42:47+00:00","breadcrumb":{"@id":"https:\/\/mousepad24.eu\/it\/produkt\/tampone-saldato-a-tre-strati-p3s\/#breadcrumb"},"inLanguage":"it-IT","potentialAction":[{"@type":"ReadAction","target":["https:\/\/mousepad24.eu\/it\/produkt\/tampone-saldato-a-tre-strati-p3s\/"]}]},{"@type":"ImageObject","inLanguage":"it-IT","@id":"https:\/\/mousepad24.eu\/it\/produkt\/tampone-saldato-a-tre-strati-p3s\/#primaryimage","url":"https:\/\/mousepad24.eu\/wp-content\/uploads\/2023\/04\/P3_S_blanc.webp","contentUrl":"https:\/\/mousepad24.eu\/wp-content\/uploads\/2023\/04\/P3_S_blanc.webp","width":2560,"height":2560},{"@type":"BreadcrumbList","@id":"https:\/\/mousepad24.eu\/it\/produkt\/tampone-saldato-a-tre-strati-p3s\/#breadcrumb","itemListElement":[{"@type":"ListItem","position":1,"name":"Pagina iniziale","item":"https:\/\/mousepad24.eu\/it\/"},{"@type":"ListItem","position":2,"name":"Negozio","item":"https:\/\/mousepad24.eu\/it\/"},{"@type":"ListItem","position":3,"name":"Tappetino per mouse termosaldato a tre strati (P3S)"}]},{"@type":"WebSite","@id":"https:\/\/mousepad24.eu\/#website","url":"https:\/\/mousepad24.eu\/","name":"MousePad24.eu","description":"Personalizowane podk\u0142adki pod mysz","publisher":{"@id":"https:\/\/mousepad24.eu\/#organization"},"potentialAction":[{"@type":"SearchAction","target":{"@type":"EntryPoint","urlTemplate":"https:\/\/mousepad24.eu\/?s={search_term_string}"},"query-input":{"@type":"PropertyValueSpecification","valueRequired":true,"valueName":"search_term_string"}}],"inLanguage":"it-IT"},{"@type":"Organization","@id":"https:\/\/mousepad24.eu\/#organization","name":"MousePad24.eu","url":"https:\/\/mousepad24.eu\/","logo":{"@type":"ImageObject","inLanguage":"it-IT","@id":"https:\/\/mousepad24.eu\/#\/schema\/logo\/image\/","url":"https:\/\/mousepad24.eu\/wp-content\/uploads\/2022\/12\/MOUSEPAD24_logo_curv_OK-1.png","contentUrl":"https:\/\/mousepad24.eu\/wp-content\/uploads\/2022\/12\/MOUSEPAD24_logo_curv_OK-1.png","width":1024,"height":75,"caption":"MousePad24.eu"},"image":{"@id":"https:\/\/mousepad24.eu\/#\/schema\/logo\/image\/"},"sameAs":["https:\/\/www.facebook.com\/mousepad24\/","https:\/\/www.instagram.com\/mousepad24.eu\/","https:\/\/www.linkedin.com\/company\/podkladki24-mousepad24\/"]}]}},"_links":{"self":[{"href":"https:\/\/mousepad24.eu\/it\/wp-json\/wp\/v2\/product\/56800","targetHints":{"allow":["GET"]}}],"collection":[{"href":"https:\/\/mousepad24.eu\/it\/wp-json\/wp\/v2\/product"}],"about":[{"href":"https:\/\/mousepad24.eu\/it\/wp-json\/wp\/v2\/types\/product"}],"wp:featuredmedia":[{"embeddable":true,"href":"https:\/\/mousepad24.eu\/it\/wp-json\/wp\/v2\/media\/56840"}],"wp:attachment":[{"href":"https:\/\/mousepad24.eu\/it\/wp-json\/wp\/v2\/media?parent=56800"}],"wp:term":[{"taxonomy":"product_brand","embeddable":true,"href":"https:\/\/mousepad24.eu\/it\/wp-json\/wp\/v2\/product_brand?post=56800"},{"taxonomy":"product_cat","embeddable":true,"href":"https:\/\/mousepad24.eu\/it\/wp-json\/wp\/v2\/product_cat?post=56800"},{"taxonomy":"product_tag","embeddable":true,"href":"https:\/\/mousepad24.eu\/it\/wp-json\/wp\/v2\/product_tag?post=56800"}],"curies":[{"name":"wp","href":"https:\/\/api.w.org\/{rel}","templated":true}]}}