{"id":56828,"date":"2023-04-18T22:12:50","date_gmt":"2023-04-18T20:12:50","guid":{"rendered":"https:\/\/jnpnki27nc.onrocket.site\/produkt\/cuscinetto-in-gel-trasparente-tmp-02\/"},"modified":"2026-03-24T12:18:48","modified_gmt":"2026-03-24T11:18:48","slug":"cuscinetto-in-gel-trasparente-tmp-02","status":"publish","type":"product","link":"https:\/\/mousepad24.eu\/it\/produkt\/cuscinetto-in-gel-trasparente-tmp-02\/","title":{"rendered":"Tappetino in gel trasparente \/TMP (02)\/"},"content":{"rendered":"<p>Il tappetino per mouse di tipo TMP (Transparent Mouse Pad) \u00e8 un tappetino per mouse ergonomico e trasparente, realizzato con materiali sintetici di alta qualit\u00e0, che offre sia funzionalit\u00e0 che una completa personalizzazione della superficie di lavoro.<\/p>\n<h5 data-start=\"2211\" data-end=\"2237\">Prodotto premium \u2013 unisce eleganza e funzionalit\u00e0.<\/h5>\n<h4 data-start=\"2211\" data-end=\"2237\">\u2705 <strong data-start=\"2217\" data-end=\"2237\">Vantaggi del prodotto:<\/strong><\/h4>\n<ul data-start=\"2239\" data-end=\"2688\">\n<li data-start=\"2239\" data-end=\"2310\">\n<p data-start=\"2241\" data-end=\"2310\">\ud83d\udd12 <strong data-start=\"2244\" data-end=\"2259\">Stabilit\u00e0:<\/strong> Il fondo antiscivolo mantiene il tappetino in posizione<\/p>\n<\/li>\n<li data-start=\"2311\" data-end=\"2390\">\n<p data-start=\"2313\" data-end=\"2390\">\ud83c\udfaf <strong data-start=\"2316\" data-end=\"2329\">Precisione:<\/strong> <strong data-start=\"86\" data-end=\"151\">La superficie del tappetino \u00e8 zigrinata con micro-incavi<\/strong>, il che garantisce un&#8217;eccellente precisione nel tracciamento dei movimenti del mouse e riduce i riflessi della luce. Questa struttura migliora il comfort di lavoro e aumenta la durata del prodotto. <\/p>\n<\/li>\n<li data-start=\"2391\" data-end=\"2463\">\n<p data-start=\"2393\" data-end=\"2463\">\ud83d\udca7 <strong data-start=\"2396\" data-end=\"2419\">Igiene e durata:<\/strong> Facile da pulire, resistente allo sporco<\/p>\n<\/li>\n<li data-start=\"2464\" data-end=\"2537\">\n<p data-start=\"2466\" data-end=\"2537\">\ud83d\udda8\ufe0f <strong data-start=\"2470\" data-end=\"2482\">Stampa UV:<\/strong> Alta qualit\u00e0 di stampa \u2013 ideale per il branding aziendale<\/p>\n<p><img fetchpriority=\"high\" decoding=\"async\" class=\"alignnone size-medium wp-image-67719\" src=\"https:\/\/mousepad24.eu\/wp-content\/uploads\/2023\/04\/transparent-gel-mouse-pad-300x300.png\" alt=\"Desk Pad Pro \u2013 Tappetino per mouse in gel trasparente\" width=\"300\" height=\"300\"><\/li>\n<\/ul>\n","protected":false},"excerpt":{"rendered":"<p>Tappetino per mouse e polso realizzato in materiale trasparente. Ha una superficie facile da pulire e piacevole al tatto. La base antiscivolo impedisce al tappetino di scivolare sulla scrivania. \u00c8 un prodotto premium che offre il miglior supporto per la mano. Il tappetino ha una forma universale adatta sia per destrorsi che per mancini.<br \/>\nL&#8217;ampia superficie del tappetino consente un&#8217;ampia gamma di movimenti del mouse. Dedicato a chi apprezza attrezzature professionali di altissima qualit\u00e0 e desidera dare al proprio interno un carattere moderno, o addirittura futuristico.     <\/p>\n","protected":false},"featured_media":56856,"template":"","meta":[],"product_brand":[],"product_cat":[1041],"product_tag":[1285,1288,1283,1292,1293,1281,1609,1608,1282,1287,1294,1291,1289,1290,1284,1610,1606,1426,1091,1605,1607,1286],"class_list":{"0":"post-56828","1":"product","2":"type-product","3":"status-publish","4":"has-post-thumbnail","6":"product_cat-tappetino-in-gel-trasparente","7":"product_tag-accessori-per-computer","8":"product_tag-antiscivolo","9":"product_tag-comfort-it","10":"product_tag-design-it","11":"product_tag-efficienza","12":"product_tag-ergonomico","13":"product_tag-gadget-promozionali","14":"product_tag-miglior-tappetino-per-mouse","15":"product_tag-in-gel","16":"product_tag-lavoro-da-remoto","17":"product_tag-materiali-di-alta-qualita","18":"product_tag-piacere-duso","19":"product_tag-salute","20":"product_tag-semplificazione-del-lavoro","21":"product_tag-supporto-per-il-polso","22":"product_tag-tappetini-per-mouse-con-stampa-pubblicitaria","23":"product_tag-tappetini-per-mouse-di-alta-qualita","24":"product_tag-tappetino-colorato","25":"product_tag-tappetino-per-mouse","26":"product_tag-tappetino-per-mouse-con-stampa-pubblicitaria","27":"product_tag-tappetino-per-mouse-professionale","28":"product_tag-ufficio","29":"fpd-variation-needed","31":"first","32":"instock","33":"taxable","34":"shipping-taxable","35":"purchasable","36":"product-type-variable"},"yoast_head":"<!-- This site is optimized with the Yoast SEO plugin v27.3 - https:\/\/yoast.com\/product\/yoast-seo-wordpress\/ -->\n<title>Tappetino in gel trasparente \/TMP (02)\/ - MousePad24.eu<\/title>\n<meta name=\"robots\" content=\"index, follow, max-snippet:-1, max-image-preview:large, max-video-preview:-1\" \/>\n<meta property=\"og:locale\" content=\"it_IT\" \/>\n<meta property=\"og:type\" content=\"article\" \/>\n<meta property=\"og:title\" content=\"Tappetino in gel trasparente \/TMP (02)\/ - MousePad24.eu\" \/>\n<meta property=\"og:description\" content=\"Tappetino per mouse e polso realizzato in materiale trasparente. Ha una superficie facile da pulire e piacevole al tatto. La base antiscivolo impedisce al tappetino di scivolare sulla scrivania. \u00c8 un prodotto premium che offre il miglior supporto per la mano. Il tappetino ha una forma universale adatta sia per destrorsi che per mancini. L&#039;ampia superficie del tappetino consente un&#039;ampia gamma di movimenti del mouse. Dedicato a chi apprezza attrezzature professionali di altissima qualit\u00e0 e desidera dare al proprio interno un carattere moderno, o addirittura futuristico.\" \/>\n<meta property=\"og:url\" content=\"https:\/\/mousepad24.eu\/it\/produkt\/cuscinetto-in-gel-trasparente-tmp-02\/\" \/>\n<meta property=\"og:site_name\" content=\"MousePad24.eu\" \/>\n<meta property=\"article:publisher\" content=\"https:\/\/www.facebook.com\/mousepad24\/\" \/>\n<meta property=\"article:modified_time\" content=\"2026-03-24T11:18:48+00:00\" \/>\n<meta property=\"og:image\" content=\"https:\/\/mousepad24.eu\/wp-content\/uploads\/2023\/04\/tmp_02-2.webp\" \/>\n\t<meta property=\"og:image:width\" content=\"2560\" \/>\n\t<meta property=\"og:image:height\" content=\"2560\" \/>\n\t<meta property=\"og:image:type\" content=\"image\/webp\" \/>\n<meta name=\"twitter:card\" content=\"summary_large_image\" \/>\n<meta name=\"twitter:label1\" content=\"Tempo di lettura stimato\" \/>\n\t<meta name=\"twitter:data1\" content=\"1 minuto\" \/>\n<script type=\"application\/ld+json\" class=\"yoast-schema-graph\">{\"@context\":\"https:\\\/\\\/schema.org\",\"@graph\":[{\"@type\":\"WebPage\",\"@id\":\"https:\\\/\\\/mousepad24.eu\\\/it\\\/produkt\\\/cuscinetto-in-gel-trasparente-tmp-02\\\/\",\"url\":\"https:\\\/\\\/mousepad24.eu\\\/it\\\/produkt\\\/cuscinetto-in-gel-trasparente-tmp-02\\\/\",\"name\":\"Tappetino in gel trasparente \\\/TMP (02)\\\/ - MousePad24.eu\",\"isPartOf\":{\"@id\":\"https:\\\/\\\/mousepad24.eu\\\/#website\"},\"primaryImageOfPage\":{\"@id\":\"https:\\\/\\\/mousepad24.eu\\\/it\\\/produkt\\\/cuscinetto-in-gel-trasparente-tmp-02\\\/#primaryimage\"},\"image\":{\"@id\":\"https:\\\/\\\/mousepad24.eu\\\/it\\\/produkt\\\/cuscinetto-in-gel-trasparente-tmp-02\\\/#primaryimage\"},\"thumbnailUrl\":\"https:\\\/\\\/mousepad24.eu\\\/wp-content\\\/uploads\\\/2023\\\/04\\\/tmp_02-2.webp\",\"datePublished\":\"2023-04-18T20:12:50+00:00\",\"dateModified\":\"2026-03-24T11:18:48+00:00\",\"breadcrumb\":{\"@id\":\"https:\\\/\\\/mousepad24.eu\\\/it\\\/produkt\\\/cuscinetto-in-gel-trasparente-tmp-02\\\/#breadcrumb\"},\"inLanguage\":\"it-IT\",\"potentialAction\":[{\"@type\":\"ReadAction\",\"target\":[\"https:\\\/\\\/mousepad24.eu\\\/it\\\/produkt\\\/cuscinetto-in-gel-trasparente-tmp-02\\\/\"]}]},{\"@type\":\"ImageObject\",\"inLanguage\":\"it-IT\",\"@id\":\"https:\\\/\\\/mousepad24.eu\\\/it\\\/produkt\\\/cuscinetto-in-gel-trasparente-tmp-02\\\/#primaryimage\",\"url\":\"https:\\\/\\\/mousepad24.eu\\\/wp-content\\\/uploads\\\/2023\\\/04\\\/tmp_02-2.webp\",\"contentUrl\":\"https:\\\/\\\/mousepad24.eu\\\/wp-content\\\/uploads\\\/2023\\\/04\\\/tmp_02-2.webp\",\"width\":2560,\"height\":2560},{\"@type\":\"BreadcrumbList\",\"@id\":\"https:\\\/\\\/mousepad24.eu\\\/it\\\/produkt\\\/cuscinetto-in-gel-trasparente-tmp-02\\\/#breadcrumb\",\"itemListElement\":[{\"@type\":\"ListItem\",\"position\":1,\"name\":\"Pagina iniziale\",\"item\":\"https:\\\/\\\/mousepad24.eu\\\/it\\\/\"},{\"@type\":\"ListItem\",\"position\":2,\"name\":\"Negozio\",\"item\":\"https:\\\/\\\/mousepad24.eu\\\/it\\\/\"},{\"@type\":\"ListItem\",\"position\":3,\"name\":\"Tappetino in gel trasparente \\\/TMP (02)\\\/\"}]},{\"@type\":\"WebSite\",\"@id\":\"https:\\\/\\\/mousepad24.eu\\\/#website\",\"url\":\"https:\\\/\\\/mousepad24.eu\\\/\",\"name\":\"MousePad24.eu\",\"description\":\"Personalizowane podk\u0142adki pod mysz\",\"publisher\":{\"@id\":\"https:\\\/\\\/mousepad24.eu\\\/#organization\"},\"potentialAction\":[{\"@type\":\"SearchAction\",\"target\":{\"@type\":\"EntryPoint\",\"urlTemplate\":\"https:\\\/\\\/mousepad24.eu\\\/?s={search_term_string}\"},\"query-input\":{\"@type\":\"PropertyValueSpecification\",\"valueRequired\":true,\"valueName\":\"search_term_string\"}}],\"inLanguage\":\"it-IT\"},{\"@type\":\"Organization\",\"@id\":\"https:\\\/\\\/mousepad24.eu\\\/#organization\",\"name\":\"MousePad24.eu\",\"url\":\"https:\\\/\\\/mousepad24.eu\\\/\",\"logo\":{\"@type\":\"ImageObject\",\"inLanguage\":\"it-IT\",\"@id\":\"https:\\\/\\\/mousepad24.eu\\\/#\\\/schema\\\/logo\\\/image\\\/\",\"url\":\"https:\\\/\\\/mousepad24.eu\\\/wp-content\\\/uploads\\\/2022\\\/12\\\/MOUSEPAD24_logo_curv_OK-1.png\",\"contentUrl\":\"https:\\\/\\\/mousepad24.eu\\\/wp-content\\\/uploads\\\/2022\\\/12\\\/MOUSEPAD24_logo_curv_OK-1.png\",\"width\":1024,\"height\":75,\"caption\":\"MousePad24.eu\"},\"image\":{\"@id\":\"https:\\\/\\\/mousepad24.eu\\\/#\\\/schema\\\/logo\\\/image\\\/\"},\"sameAs\":[\"https:\\\/\\\/www.facebook.com\\\/mousepad24\\\/\",\"https:\\\/\\\/www.instagram.com\\\/mousepad24.eu\\\/\",\"https:\\\/\\\/www.linkedin.com\\\/company\\\/podkladki24-mousepad24\\\/\"]}]}<\/script>\n<!-- \/ Yoast SEO plugin. -->","yoast_head_json":{"title":"Tappetino in gel trasparente \/TMP (02)\/ - MousePad24.eu","robots":{"index":"index","follow":"follow","max-snippet":"max-snippet:-1","max-image-preview":"max-image-preview:large","max-video-preview":"max-video-preview:-1"},"og_locale":"it_IT","og_type":"article","og_title":"Tappetino in gel trasparente \/TMP (02)\/ - MousePad24.eu","og_description":"Tappetino per mouse e polso realizzato in materiale trasparente. Ha una superficie facile da pulire e piacevole al tatto. La base antiscivolo impedisce al tappetino di scivolare sulla scrivania. \u00c8 un prodotto premium che offre il miglior supporto per la mano. Il tappetino ha una forma universale adatta sia per destrorsi che per mancini. L'ampia superficie del tappetino consente un'ampia gamma di movimenti del mouse. Dedicato a chi apprezza attrezzature professionali di altissima qualit\u00e0 e desidera dare al proprio interno un carattere moderno, o addirittura futuristico.","og_url":"https:\/\/mousepad24.eu\/it\/produkt\/cuscinetto-in-gel-trasparente-tmp-02\/","og_site_name":"MousePad24.eu","article_publisher":"https:\/\/www.facebook.com\/mousepad24\/","article_modified_time":"2026-03-24T11:18:48+00:00","og_image":[{"width":2560,"height":2560,"url":"https:\/\/mousepad24.eu\/wp-content\/uploads\/2023\/04\/tmp_02-2.webp","type":"image\/webp"}],"twitter_card":"summary_large_image","twitter_misc":{"Tempo di lettura stimato":"1 minuto"},"schema":{"@context":"https:\/\/schema.org","@graph":[{"@type":"WebPage","@id":"https:\/\/mousepad24.eu\/it\/produkt\/cuscinetto-in-gel-trasparente-tmp-02\/","url":"https:\/\/mousepad24.eu\/it\/produkt\/cuscinetto-in-gel-trasparente-tmp-02\/","name":"Tappetino in gel trasparente \/TMP (02)\/ - MousePad24.eu","isPartOf":{"@id":"https:\/\/mousepad24.eu\/#website"},"primaryImageOfPage":{"@id":"https:\/\/mousepad24.eu\/it\/produkt\/cuscinetto-in-gel-trasparente-tmp-02\/#primaryimage"},"image":{"@id":"https:\/\/mousepad24.eu\/it\/produkt\/cuscinetto-in-gel-trasparente-tmp-02\/#primaryimage"},"thumbnailUrl":"https:\/\/mousepad24.eu\/wp-content\/uploads\/2023\/04\/tmp_02-2.webp","datePublished":"2023-04-18T20:12:50+00:00","dateModified":"2026-03-24T11:18:48+00:00","breadcrumb":{"@id":"https:\/\/mousepad24.eu\/it\/produkt\/cuscinetto-in-gel-trasparente-tmp-02\/#breadcrumb"},"inLanguage":"it-IT","potentialAction":[{"@type":"ReadAction","target":["https:\/\/mousepad24.eu\/it\/produkt\/cuscinetto-in-gel-trasparente-tmp-02\/"]}]},{"@type":"ImageObject","inLanguage":"it-IT","@id":"https:\/\/mousepad24.eu\/it\/produkt\/cuscinetto-in-gel-trasparente-tmp-02\/#primaryimage","url":"https:\/\/mousepad24.eu\/wp-content\/uploads\/2023\/04\/tmp_02-2.webp","contentUrl":"https:\/\/mousepad24.eu\/wp-content\/uploads\/2023\/04\/tmp_02-2.webp","width":2560,"height":2560},{"@type":"BreadcrumbList","@id":"https:\/\/mousepad24.eu\/it\/produkt\/cuscinetto-in-gel-trasparente-tmp-02\/#breadcrumb","itemListElement":[{"@type":"ListItem","position":1,"name":"Pagina iniziale","item":"https:\/\/mousepad24.eu\/it\/"},{"@type":"ListItem","position":2,"name":"Negozio","item":"https:\/\/mousepad24.eu\/it\/"},{"@type":"ListItem","position":3,"name":"Tappetino in gel trasparente \/TMP (02)\/"}]},{"@type":"WebSite","@id":"https:\/\/mousepad24.eu\/#website","url":"https:\/\/mousepad24.eu\/","name":"MousePad24.eu","description":"Personalizowane podk\u0142adki pod mysz","publisher":{"@id":"https:\/\/mousepad24.eu\/#organization"},"potentialAction":[{"@type":"SearchAction","target":{"@type":"EntryPoint","urlTemplate":"https:\/\/mousepad24.eu\/?s={search_term_string}"},"query-input":{"@type":"PropertyValueSpecification","valueRequired":true,"valueName":"search_term_string"}}],"inLanguage":"it-IT"},{"@type":"Organization","@id":"https:\/\/mousepad24.eu\/#organization","name":"MousePad24.eu","url":"https:\/\/mousepad24.eu\/","logo":{"@type":"ImageObject","inLanguage":"it-IT","@id":"https:\/\/mousepad24.eu\/#\/schema\/logo\/image\/","url":"https:\/\/mousepad24.eu\/wp-content\/uploads\/2022\/12\/MOUSEPAD24_logo_curv_OK-1.png","contentUrl":"https:\/\/mousepad24.eu\/wp-content\/uploads\/2022\/12\/MOUSEPAD24_logo_curv_OK-1.png","width":1024,"height":75,"caption":"MousePad24.eu"},"image":{"@id":"https:\/\/mousepad24.eu\/#\/schema\/logo\/image\/"},"sameAs":["https:\/\/www.facebook.com\/mousepad24\/","https:\/\/www.instagram.com\/mousepad24.eu\/","https:\/\/www.linkedin.com\/company\/podkladki24-mousepad24\/"]}]}},"_links":{"self":[{"href":"https:\/\/mousepad24.eu\/it\/wp-json\/wp\/v2\/product\/56828","targetHints":{"allow":["GET"]}}],"collection":[{"href":"https:\/\/mousepad24.eu\/it\/wp-json\/wp\/v2\/product"}],"about":[{"href":"https:\/\/mousepad24.eu\/it\/wp-json\/wp\/v2\/types\/product"}],"wp:featuredmedia":[{"embeddable":true,"href":"https:\/\/mousepad24.eu\/it\/wp-json\/wp\/v2\/media\/56856"}],"wp:attachment":[{"href":"https:\/\/mousepad24.eu\/it\/wp-json\/wp\/v2\/media?parent=56828"}],"wp:term":[{"taxonomy":"product_brand","embeddable":true,"href":"https:\/\/mousepad24.eu\/it\/wp-json\/wp\/v2\/product_brand?post=56828"},{"taxonomy":"product_cat","embeddable":true,"href":"https:\/\/mousepad24.eu\/it\/wp-json\/wp\/v2\/product_cat?post=56828"},{"taxonomy":"product_tag","embeddable":true,"href":"https:\/\/mousepad24.eu\/it\/wp-json\/wp\/v2\/product_tag?post=56828"}],"curies":[{"name":"wp","href":"https:\/\/api.w.org\/{rel}","templated":true}]}}