{"id":75177,"date":"2025-11-06T08:54:23","date_gmt":"2025-11-06T07:54:23","guid":{"rendered":"https:\/\/jnpnki27nc.onrocket.site\/produkt\/tappetino-per-giochi-da-tavolo-bgm\/"},"modified":"2026-01-22T08:48:39","modified_gmt":"2026-01-22T07:48:39","slug":"tappetino-per-giochi-da-tavolo-bgm","status":"publish","type":"product","link":"https:\/\/mousepad24.eu\/it\/produkt\/tappetino-per-giochi-da-tavolo-bgm\/","title":{"rendered":"Tappetino per giochi da tavolo \/ BGM \/"},"content":{"rendered":"<h2 data-start=\"318\" data-end=\"392\">Tappetino per giochi da tavolo 50\u00d750 cm \u2013 elegante, pratico e universale<\/h2>\n<p data-start=\"394\" data-end=\"759\">Scopri il comfort e l&#8217;eleganza durante le partite grazie al nostro <strong data-start=\"452\" data-end=\"490\">tappetino da gioco da tavolo 50\u00d750 cm<\/strong>. \u00c8 la soluzione ideale per gli amanti di giochi come <strong data-start=\"546\" data-end=\"595\">Ludo, dama, scacchi, Scrabble, Monopoly<\/strong> o altri popolari giochi da tavolo e di carte. Puoi scegliere tra i modelli predefiniti oppure ordinare <strong data-start=\"607\" data-end=\"632\">un tappetino con la tua grafica personalizzata.<\/strong> Crea il tuo progetto unico, adattato al tuo stile di gioco o al carattere della tua collezione di giochi.<\/p>\n<p data-start=\"761\" data-end=\"1126\">Realizziamo i tappetini con materiali di alta qualit\u00e0, e la <strong data-start=\"816\" data-end=\"837\">stampa a sublimazione<\/strong> garantisce la durata dei colori e un&#8217;eccezionale nitidezza dei dettagli. La stampa \u00e8 resistente all&#8217;abrasione e mantiene colori vivaci anche dopo molte partite. Lo strato superiore \u00e8 liscio e piacevole al tatto, il che facilita lo spostamento di pedine, carte e gettoni, e allo stesso tempo protegge gli elementi di gioco dai danni.<\/p>\n<p data-start=\"1128\" data-end=\"1485\">Sul lato inferiore, il tappetino ha <strong data-start=\"1150\" data-end=\"1176\">uno strato antiscivolo<\/strong>, grazie al quale rimane stabile sul tavolo e non si sposta nemmeno durante le partite pi\u00f9 dinamiche. \u00c8 la soluzione ideale sia per casa che per viaggi, incontri sociali o tornei. Il tappetino \u00e8 leggero, flessibile e facile da arrotolare, il che permette di riporlo comodamente o portarlo con te in viaggio.<\/p>\n<p data-start=\"1487\" data-end=\"1691\">Il design elegante e la lavorazione accurata rendono il tappetino anche <strong data-start=\"1558\" data-end=\"1579\">un elegante complemento<\/strong> per ogni tavolo. Si abbina perfettamente all&#8217;arredamento del soggiorno o della sala giochi, sottolineando la passione per i giochi da tavolo.<\/p>\n<p data-start=\"1693\" data-end=\"1871\">Scegli la tua versione preferita \u2013 <strong data-start=\"1725\" data-end=\"1774\">scacchi, dama, Ludo o altri giochi da tavolo<\/strong> \u2013 e goditi il comfort di giocare su un tappetino professionale che unisce estetica e funzionalit\u00e0.<\/p>\n","protected":false},"excerpt":{"rendered":"<p>Elegante e resistente <strong data-start=\"306\" data-end=\"343\">tappetino da gioco da tavolo 50\u00d750 cm<\/strong> con possibilit\u00e0 di personalizzazione. Il fondo antiscivolo e la stampa a sublimazione garantiscono comfort e un aspetto eccezionale durante ogni partita.<\/p>\n","protected":false},"featured_media":75009,"template":"","meta":[],"product_brand":[],"product_cat":[1037],"product_tag":[],"class_list":{"0":"post-75177","1":"product","2":"type-product","3":"status-publish","4":"has-post-thumbnail","6":"product_cat-tappetini-gaming-tappetini-da-scrivania","7":"fpd-variation-needed","9":"first","10":"instock","11":"taxable","12":"shipping-taxable","13":"purchasable","14":"product-type-variable"},"yoast_head":"<!-- This site is optimized with the Yoast SEO plugin v27.3 - https:\/\/yoast.com\/product\/yoast-seo-wordpress\/ -->\n<title>Tappetino per giochi da tavolo \/ BGM \/ - MousePad24.eu<\/title>\n<meta name=\"description\" content=\"Tappetino per giochi da tavolo 50\u00d750 cm personalizzabile. Stampa resistente, base antiscivolo \u2013 ideale per casa, viaggi o incontri sociali.\" \/>\n<meta name=\"robots\" content=\"index, follow, max-snippet:-1, max-image-preview:large, max-video-preview:-1\" \/>\n<meta property=\"og:locale\" content=\"it_IT\" \/>\n<meta property=\"og:type\" content=\"article\" \/>\n<meta property=\"og:title\" content=\"Tappetino per giochi da tavolo \/ BGM \/ - MousePad24.eu\" \/>\n<meta property=\"og:description\" content=\"Tappetino per giochi da tavolo 50\u00d750 cm personalizzabile. Stampa resistente, base antiscivolo \u2013 ideale per casa, viaggi o incontri sociali.\" \/>\n<meta property=\"og:url\" content=\"https:\/\/mousepad24.eu\/it\/produkt\/tappetino-per-giochi-da-tavolo-bgm\/\" \/>\n<meta property=\"og:site_name\" content=\"MousePad24.eu\" \/>\n<meta property=\"article:publisher\" content=\"https:\/\/www.facebook.com\/mousepad24\/\" \/>\n<meta property=\"article:modified_time\" content=\"2026-01-22T07:48:39+00:00\" \/>\n<meta property=\"og:image\" content=\"https:\/\/mousepad24.eu\/wp-content\/uploads\/2025\/11\/BGM_blank_a-scaled.jpg\" \/>\n\t<meta property=\"og:image:width\" content=\"2560\" \/>\n\t<meta property=\"og:image:height\" content=\"2560\" \/>\n\t<meta property=\"og:image:type\" content=\"image\/jpeg\" \/>\n<meta name=\"twitter:card\" content=\"summary_large_image\" \/>\n<meta name=\"twitter:label1\" content=\"Tempo di lettura stimato\" \/>\n\t<meta name=\"twitter:data1\" content=\"1 minuto\" \/>\n<script type=\"application\/ld+json\" class=\"yoast-schema-graph\">{\"@context\":\"https:\\\/\\\/schema.org\",\"@graph\":[{\"@type\":\"WebPage\",\"@id\":\"https:\\\/\\\/mousepad24.eu\\\/it\\\/produkt\\\/tappetino-per-giochi-da-tavolo-bgm\\\/\",\"url\":\"https:\\\/\\\/mousepad24.eu\\\/it\\\/produkt\\\/tappetino-per-giochi-da-tavolo-bgm\\\/\",\"name\":\"Tappetino per giochi da tavolo \\\/ BGM \\\/ - MousePad24.eu\",\"isPartOf\":{\"@id\":\"https:\\\/\\\/mousepad24.eu\\\/#website\"},\"primaryImageOfPage\":{\"@id\":\"https:\\\/\\\/mousepad24.eu\\\/it\\\/produkt\\\/tappetino-per-giochi-da-tavolo-bgm\\\/#primaryimage\"},\"image\":{\"@id\":\"https:\\\/\\\/mousepad24.eu\\\/it\\\/produkt\\\/tappetino-per-giochi-da-tavolo-bgm\\\/#primaryimage\"},\"thumbnailUrl\":\"https:\\\/\\\/mousepad24.eu\\\/wp-content\\\/uploads\\\/2025\\\/11\\\/BGM_blank_a-scaled.jpg\",\"datePublished\":\"2025-11-06T07:54:23+00:00\",\"dateModified\":\"2026-01-22T07:48:39+00:00\",\"description\":\"Tappetino per giochi da tavolo 50\u00d750 cm personalizzabile. Stampa resistente, base antiscivolo \u2013 ideale per casa, viaggi o incontri sociali.\",\"breadcrumb\":{\"@id\":\"https:\\\/\\\/mousepad24.eu\\\/it\\\/produkt\\\/tappetino-per-giochi-da-tavolo-bgm\\\/#breadcrumb\"},\"inLanguage\":\"it-IT\",\"potentialAction\":[{\"@type\":\"ReadAction\",\"target\":[\"https:\\\/\\\/mousepad24.eu\\\/it\\\/produkt\\\/tappetino-per-giochi-da-tavolo-bgm\\\/\"]}]},{\"@type\":\"ImageObject\",\"inLanguage\":\"it-IT\",\"@id\":\"https:\\\/\\\/mousepad24.eu\\\/it\\\/produkt\\\/tappetino-per-giochi-da-tavolo-bgm\\\/#primaryimage\",\"url\":\"https:\\\/\\\/mousepad24.eu\\\/wp-content\\\/uploads\\\/2025\\\/11\\\/BGM_blank_a-scaled.jpg\",\"contentUrl\":\"https:\\\/\\\/mousepad24.eu\\\/wp-content\\\/uploads\\\/2025\\\/11\\\/BGM_blank_a-scaled.jpg\",\"width\":2560,\"height\":2560,\"caption\":\"BGM\"},{\"@type\":\"BreadcrumbList\",\"@id\":\"https:\\\/\\\/mousepad24.eu\\\/it\\\/produkt\\\/tappetino-per-giochi-da-tavolo-bgm\\\/#breadcrumb\",\"itemListElement\":[{\"@type\":\"ListItem\",\"position\":1,\"name\":\"Pagina iniziale\",\"item\":\"https:\\\/\\\/mousepad24.eu\\\/it\\\/\"},{\"@type\":\"ListItem\",\"position\":2,\"name\":\"Negozio\",\"item\":\"https:\\\/\\\/mousepad24.eu\\\/it\\\/\"},{\"@type\":\"ListItem\",\"position\":3,\"name\":\"Tappetino per giochi da tavolo \\\/ BGM \\\/\"}]},{\"@type\":\"WebSite\",\"@id\":\"https:\\\/\\\/mousepad24.eu\\\/#website\",\"url\":\"https:\\\/\\\/mousepad24.eu\\\/\",\"name\":\"MousePad24.eu\",\"description\":\"Personalizowane podk\u0142adki pod mysz\",\"publisher\":{\"@id\":\"https:\\\/\\\/mousepad24.eu\\\/#organization\"},\"potentialAction\":[{\"@type\":\"SearchAction\",\"target\":{\"@type\":\"EntryPoint\",\"urlTemplate\":\"https:\\\/\\\/mousepad24.eu\\\/?s={search_term_string}\"},\"query-input\":{\"@type\":\"PropertyValueSpecification\",\"valueRequired\":true,\"valueName\":\"search_term_string\"}}],\"inLanguage\":\"it-IT\"},{\"@type\":\"Organization\",\"@id\":\"https:\\\/\\\/mousepad24.eu\\\/#organization\",\"name\":\"MousePad24.eu\",\"url\":\"https:\\\/\\\/mousepad24.eu\\\/\",\"logo\":{\"@type\":\"ImageObject\",\"inLanguage\":\"it-IT\",\"@id\":\"https:\\\/\\\/mousepad24.eu\\\/#\\\/schema\\\/logo\\\/image\\\/\",\"url\":\"https:\\\/\\\/mousepad24.eu\\\/wp-content\\\/uploads\\\/2022\\\/12\\\/MOUSEPAD24_logo_curv_OK-1.png\",\"contentUrl\":\"https:\\\/\\\/mousepad24.eu\\\/wp-content\\\/uploads\\\/2022\\\/12\\\/MOUSEPAD24_logo_curv_OK-1.png\",\"width\":1024,\"height\":75,\"caption\":\"MousePad24.eu\"},\"image\":{\"@id\":\"https:\\\/\\\/mousepad24.eu\\\/#\\\/schema\\\/logo\\\/image\\\/\"},\"sameAs\":[\"https:\\\/\\\/www.facebook.com\\\/mousepad24\\\/\",\"https:\\\/\\\/www.instagram.com\\\/mousepad24.eu\\\/\",\"https:\\\/\\\/www.linkedin.com\\\/company\\\/podkladki24-mousepad24\\\/\"]}]}<\/script>\n<!-- \/ Yoast SEO plugin. -->","yoast_head_json":{"title":"Tappetino per giochi da tavolo \/ BGM \/ - MousePad24.eu","description":"Tappetino per giochi da tavolo 50\u00d750 cm personalizzabile. Stampa resistente, base antiscivolo \u2013 ideale per casa, viaggi o incontri sociali.","robots":{"index":"index","follow":"follow","max-snippet":"max-snippet:-1","max-image-preview":"max-image-preview:large","max-video-preview":"max-video-preview:-1"},"og_locale":"it_IT","og_type":"article","og_title":"Tappetino per giochi da tavolo \/ BGM \/ - MousePad24.eu","og_description":"Tappetino per giochi da tavolo 50\u00d750 cm personalizzabile. Stampa resistente, base antiscivolo \u2013 ideale per casa, viaggi o incontri sociali.","og_url":"https:\/\/mousepad24.eu\/it\/produkt\/tappetino-per-giochi-da-tavolo-bgm\/","og_site_name":"MousePad24.eu","article_publisher":"https:\/\/www.facebook.com\/mousepad24\/","article_modified_time":"2026-01-22T07:48:39+00:00","og_image":[{"width":2560,"height":2560,"url":"https:\/\/mousepad24.eu\/wp-content\/uploads\/2025\/11\/BGM_blank_a-scaled.jpg","type":"image\/jpeg"}],"twitter_card":"summary_large_image","twitter_misc":{"Tempo di lettura stimato":"1 minuto"},"schema":{"@context":"https:\/\/schema.org","@graph":[{"@type":"WebPage","@id":"https:\/\/mousepad24.eu\/it\/produkt\/tappetino-per-giochi-da-tavolo-bgm\/","url":"https:\/\/mousepad24.eu\/it\/produkt\/tappetino-per-giochi-da-tavolo-bgm\/","name":"Tappetino per giochi da tavolo \/ BGM \/ - MousePad24.eu","isPartOf":{"@id":"https:\/\/mousepad24.eu\/#website"},"primaryImageOfPage":{"@id":"https:\/\/mousepad24.eu\/it\/produkt\/tappetino-per-giochi-da-tavolo-bgm\/#primaryimage"},"image":{"@id":"https:\/\/mousepad24.eu\/it\/produkt\/tappetino-per-giochi-da-tavolo-bgm\/#primaryimage"},"thumbnailUrl":"https:\/\/mousepad24.eu\/wp-content\/uploads\/2025\/11\/BGM_blank_a-scaled.jpg","datePublished":"2025-11-06T07:54:23+00:00","dateModified":"2026-01-22T07:48:39+00:00","description":"Tappetino per giochi da tavolo 50\u00d750 cm personalizzabile. Stampa resistente, base antiscivolo \u2013 ideale per casa, viaggi o incontri sociali.","breadcrumb":{"@id":"https:\/\/mousepad24.eu\/it\/produkt\/tappetino-per-giochi-da-tavolo-bgm\/#breadcrumb"},"inLanguage":"it-IT","potentialAction":[{"@type":"ReadAction","target":["https:\/\/mousepad24.eu\/it\/produkt\/tappetino-per-giochi-da-tavolo-bgm\/"]}]},{"@type":"ImageObject","inLanguage":"it-IT","@id":"https:\/\/mousepad24.eu\/it\/produkt\/tappetino-per-giochi-da-tavolo-bgm\/#primaryimage","url":"https:\/\/mousepad24.eu\/wp-content\/uploads\/2025\/11\/BGM_blank_a-scaled.jpg","contentUrl":"https:\/\/mousepad24.eu\/wp-content\/uploads\/2025\/11\/BGM_blank_a-scaled.jpg","width":2560,"height":2560,"caption":"BGM"},{"@type":"BreadcrumbList","@id":"https:\/\/mousepad24.eu\/it\/produkt\/tappetino-per-giochi-da-tavolo-bgm\/#breadcrumb","itemListElement":[{"@type":"ListItem","position":1,"name":"Pagina iniziale","item":"https:\/\/mousepad24.eu\/it\/"},{"@type":"ListItem","position":2,"name":"Negozio","item":"https:\/\/mousepad24.eu\/it\/"},{"@type":"ListItem","position":3,"name":"Tappetino per giochi da tavolo \/ BGM \/"}]},{"@type":"WebSite","@id":"https:\/\/mousepad24.eu\/#website","url":"https:\/\/mousepad24.eu\/","name":"MousePad24.eu","description":"Personalizowane podk\u0142adki pod mysz","publisher":{"@id":"https:\/\/mousepad24.eu\/#organization"},"potentialAction":[{"@type":"SearchAction","target":{"@type":"EntryPoint","urlTemplate":"https:\/\/mousepad24.eu\/?s={search_term_string}"},"query-input":{"@type":"PropertyValueSpecification","valueRequired":true,"valueName":"search_term_string"}}],"inLanguage":"it-IT"},{"@type":"Organization","@id":"https:\/\/mousepad24.eu\/#organization","name":"MousePad24.eu","url":"https:\/\/mousepad24.eu\/","logo":{"@type":"ImageObject","inLanguage":"it-IT","@id":"https:\/\/mousepad24.eu\/#\/schema\/logo\/image\/","url":"https:\/\/mousepad24.eu\/wp-content\/uploads\/2022\/12\/MOUSEPAD24_logo_curv_OK-1.png","contentUrl":"https:\/\/mousepad24.eu\/wp-content\/uploads\/2022\/12\/MOUSEPAD24_logo_curv_OK-1.png","width":1024,"height":75,"caption":"MousePad24.eu"},"image":{"@id":"https:\/\/mousepad24.eu\/#\/schema\/logo\/image\/"},"sameAs":["https:\/\/www.facebook.com\/mousepad24\/","https:\/\/www.instagram.com\/mousepad24.eu\/","https:\/\/www.linkedin.com\/company\/podkladki24-mousepad24\/"]}]}},"_links":{"self":[{"href":"https:\/\/mousepad24.eu\/it\/wp-json\/wp\/v2\/product\/75177","targetHints":{"allow":["GET"]}}],"collection":[{"href":"https:\/\/mousepad24.eu\/it\/wp-json\/wp\/v2\/product"}],"about":[{"href":"https:\/\/mousepad24.eu\/it\/wp-json\/wp\/v2\/types\/product"}],"wp:featuredmedia":[{"embeddable":true,"href":"https:\/\/mousepad24.eu\/it\/wp-json\/wp\/v2\/media\/75009"}],"wp:attachment":[{"href":"https:\/\/mousepad24.eu\/it\/wp-json\/wp\/v2\/media?parent=75177"}],"wp:term":[{"taxonomy":"product_brand","embeddable":true,"href":"https:\/\/mousepad24.eu\/it\/wp-json\/wp\/v2\/product_brand?post=75177"},{"taxonomy":"product_cat","embeddable":true,"href":"https:\/\/mousepad24.eu\/it\/wp-json\/wp\/v2\/product_cat?post=75177"},{"taxonomy":"product_tag","embeddable":true,"href":"https:\/\/mousepad24.eu\/it\/wp-json\/wp\/v2\/product_tag?post=75177"}],"curies":[{"name":"wp","href":"https:\/\/api.w.org\/{rel}","templated":true}]}}