{"id":77660,"date":"2026-03-10T14:43:51","date_gmt":"2026-03-10T13:43:51","guid":{"rendered":"https:\/\/mousepad24.eu\/produkt\/tubo\/"},"modified":"2026-03-10T14:43:51","modified_gmt":"2026-03-10T13:43:51","slug":"tubo","status":"publish","type":"product","link":"https:\/\/mousepad24.eu\/it\/produkt\/tubo\/","title":{"rendered":"Tubo"},"content":{"rendered":"<p data-start=\"550\" data-end=\"881\"><strong data-start=\"550\" data-end=\"620\">MousePad TubePack &#8211; tubo di cartone per l&#8217;imballaggio dei tappetini per mouse.<\/strong> \u00c8 una soluzione solida ed estetica, creata per un trasporto sicuro e una presentazione elegante dei prodotti. Realizzato in <strong data-start=\"765\" data-end=\"790\">cartone spesso<\/strong> e resistente, protegge perfettamente i tappetini da pieghe, deformazioni o umidit\u00e0 durante la spedizione. <\/p>\n<p data-start=\"883\" data-end=\"1164\">Il tubo \u00e8 stato progettato specificamente per l&#8217;imballaggio di <strong data-start=\"935\" data-end=\"968\">tappetini per mouse arrotolati<\/strong>, sia in tessuto che da gaming. Grazie alla sua costruzione, garantisce la massima stabilit\u00e0 e previene danni meccanici, il che \u00e8 particolarmente importante durante il trasporto. <\/p>\n<p data-start=\"1166\" data-end=\"1478\">\u00c8 un&#8217;ottima alternativa ai classici imballaggi in pellicola o alle scatole di cartone. Si presenta in modo pi\u00f9 premium, aumenta la sicurezza del prodotto e sottolinea il carattere professionale del marchio. Il prodotto \u00e8 perfetto per la vendita online, al dettaglio, nelle fiere e per la spedizione di tappetini personalizzati.  <\/p>\n<p data-start=\"1480\" data-end=\"1709\">Ogni tubo include <strong data-start=\"1509\" data-end=\"1531\">chiusure rigide<\/strong> che proteggono il contenuto e facilitano l&#8217;uso ripetuto. Il materiale \u00e8 ecologico e riciclabile, sottolineando cos\u00ec l&#8217;approccio pro-ecologico del marchio. <\/p>\n","protected":false},"excerpt":{"rendered":"<p data-start=\"1931\" data-end=\"2076\">Tubo di cartone robusto per tappetini per mouse arrotolati. Protegge durante la spedizione, conferisce un aspetto elegante ed \u00e8 riciclabile. Ideale per regali.  <\/p>\n","protected":false},"featured_media":75760,"template":"","meta":[],"product_brand":[],"product_cat":[1141],"product_tag":[],"class_list":{"0":"post-77660","1":"product","2":"type-product","3":"status-publish","4":"has-post-thumbnail","6":"product_cat-altro","7":"fpd-variation-needed","9":"first","10":"instock","11":"taxable","12":"shipping-taxable","13":"purchasable","14":"product-type-variable","15":"has-default-attributes"},"yoast_head":"<!-- This site is optimized with the Yoast SEO plugin v27.4 - https:\/\/yoast.com\/product\/yoast-seo-wordpress\/ -->\n<title>Tubo - MousePad24.eu<\/title>\n<meta name=\"description\" content=\"Tubo di cartone resistente per l&#039;imballaggio dei tappetini per mouse. Protegge dai danni, ideale per la spedizione e la presentazione dei prodotti. Ecologico e robusto.\" \/>\n<meta name=\"robots\" content=\"index, follow, max-snippet:-1, max-image-preview:large, max-video-preview:-1\" \/>\n<meta property=\"og:locale\" content=\"it_IT\" \/>\n<meta property=\"og:type\" content=\"article\" \/>\n<meta property=\"og:title\" content=\"Tubo - MousePad24.eu\" \/>\n<meta property=\"og:description\" content=\"Tubo di cartone resistente per l&#039;imballaggio dei tappetini per mouse. Protegge dai danni, ideale per la spedizione e la presentazione dei prodotti. Ecologico e robusto.\" \/>\n<meta property=\"og:url\" content=\"https:\/\/mousepad24.eu\/it\/produkt\/tubo\/\" \/>\n<meta property=\"og:site_name\" content=\"MousePad24.eu\" \/>\n<meta property=\"article:publisher\" content=\"https:\/\/www.facebook.com\/mousepad24\/\" \/>\n<meta property=\"og:image\" content=\"https:\/\/mousepad24.eu\/wp-content\/uploads\/2025\/12\/tuba_02.jpg\" \/>\n\t<meta property=\"og:image:width\" content=\"2000\" \/>\n\t<meta property=\"og:image:height\" content=\"2000\" \/>\n\t<meta property=\"og:image:type\" content=\"image\/jpeg\" \/>\n<meta name=\"twitter:card\" content=\"summary_large_image\" \/>\n<meta name=\"twitter:label1\" content=\"Tempo di lettura stimato\" \/>\n\t<meta name=\"twitter:data1\" content=\"1 minuto\" \/>\n<script type=\"application\/ld+json\" class=\"yoast-schema-graph\">{\"@context\":\"https:\\\/\\\/schema.org\",\"@graph\":[{\"@type\":\"WebPage\",\"@id\":\"https:\\\/\\\/mousepad24.eu\\\/it\\\/produkt\\\/tubo\\\/\",\"url\":\"https:\\\/\\\/mousepad24.eu\\\/it\\\/produkt\\\/tubo\\\/\",\"name\":\"Tubo - MousePad24.eu\",\"isPartOf\":{\"@id\":\"https:\\\/\\\/mousepad24.eu\\\/#website\"},\"primaryImageOfPage\":{\"@id\":\"https:\\\/\\\/mousepad24.eu\\\/it\\\/produkt\\\/tubo\\\/#primaryimage\"},\"image\":{\"@id\":\"https:\\\/\\\/mousepad24.eu\\\/it\\\/produkt\\\/tubo\\\/#primaryimage\"},\"thumbnailUrl\":\"https:\\\/\\\/mousepad24.eu\\\/wp-content\\\/uploads\\\/2025\\\/12\\\/tuba_02.jpg\",\"datePublished\":\"2026-03-10T13:43:51+00:00\",\"description\":\"Tubo di cartone resistente per l'imballaggio dei tappetini per mouse. Protegge dai danni, ideale per la spedizione e la presentazione dei prodotti. Ecologico e robusto.\",\"breadcrumb\":{\"@id\":\"https:\\\/\\\/mousepad24.eu\\\/it\\\/produkt\\\/tubo\\\/#breadcrumb\"},\"inLanguage\":\"it-IT\",\"potentialAction\":[{\"@type\":\"ReadAction\",\"target\":[\"https:\\\/\\\/mousepad24.eu\\\/it\\\/produkt\\\/tubo\\\/\"]}]},{\"@type\":\"ImageObject\",\"inLanguage\":\"it-IT\",\"@id\":\"https:\\\/\\\/mousepad24.eu\\\/it\\\/produkt\\\/tubo\\\/#primaryimage\",\"url\":\"https:\\\/\\\/mousepad24.eu\\\/wp-content\\\/uploads\\\/2025\\\/12\\\/tuba_02.jpg\",\"contentUrl\":\"https:\\\/\\\/mousepad24.eu\\\/wp-content\\\/uploads\\\/2025\\\/12\\\/tuba_02.jpg\",\"width\":2000,\"height\":2000,\"caption\":\"Tuba\"},{\"@type\":\"BreadcrumbList\",\"@id\":\"https:\\\/\\\/mousepad24.eu\\\/it\\\/produkt\\\/tubo\\\/#breadcrumb\",\"itemListElement\":[{\"@type\":\"ListItem\",\"position\":1,\"name\":\"Pagina iniziale\",\"item\":\"https:\\\/\\\/mousepad24.eu\\\/it\\\/\"},{\"@type\":\"ListItem\",\"position\":2,\"name\":\"Negozio\",\"item\":\"https:\\\/\\\/mousepad24.eu\\\/it\\\/\"},{\"@type\":\"ListItem\",\"position\":3,\"name\":\"Tubo\"}]},{\"@type\":\"WebSite\",\"@id\":\"https:\\\/\\\/mousepad24.eu\\\/#website\",\"url\":\"https:\\\/\\\/mousepad24.eu\\\/\",\"name\":\"MousePad24.eu\",\"description\":\"Personalizowane podk\u0142adki pod mysz\",\"publisher\":{\"@id\":\"https:\\\/\\\/mousepad24.eu\\\/#organization\"},\"potentialAction\":[{\"@type\":\"SearchAction\",\"target\":{\"@type\":\"EntryPoint\",\"urlTemplate\":\"https:\\\/\\\/mousepad24.eu\\\/?s={search_term_string}\"},\"query-input\":{\"@type\":\"PropertyValueSpecification\",\"valueRequired\":true,\"valueName\":\"search_term_string\"}}],\"inLanguage\":\"it-IT\"},{\"@type\":\"Organization\",\"@id\":\"https:\\\/\\\/mousepad24.eu\\\/#organization\",\"name\":\"MousePad24.eu\",\"url\":\"https:\\\/\\\/mousepad24.eu\\\/\",\"logo\":{\"@type\":\"ImageObject\",\"inLanguage\":\"it-IT\",\"@id\":\"https:\\\/\\\/mousepad24.eu\\\/#\\\/schema\\\/logo\\\/image\\\/\",\"url\":\"https:\\\/\\\/mousepad24.eu\\\/wp-content\\\/uploads\\\/2022\\\/12\\\/MOUSEPAD24_logo_curv_OK-1.png\",\"contentUrl\":\"https:\\\/\\\/mousepad24.eu\\\/wp-content\\\/uploads\\\/2022\\\/12\\\/MOUSEPAD24_logo_curv_OK-1.png\",\"width\":1024,\"height\":75,\"caption\":\"MousePad24.eu\"},\"image\":{\"@id\":\"https:\\\/\\\/mousepad24.eu\\\/#\\\/schema\\\/logo\\\/image\\\/\"},\"sameAs\":[\"https:\\\/\\\/www.facebook.com\\\/mousepad24\\\/\",\"https:\\\/\\\/www.instagram.com\\\/mousepad24.eu\\\/\",\"https:\\\/\\\/www.linkedin.com\\\/company\\\/podkladki24-mousepad24\\\/\"]}]}<\/script>\n<!-- \/ Yoast SEO plugin. -->","yoast_head_json":{"title":"Tubo - MousePad24.eu","description":"Tubo di cartone resistente per l'imballaggio dei tappetini per mouse. Protegge dai danni, ideale per la spedizione e la presentazione dei prodotti. Ecologico e robusto.","robots":{"index":"index","follow":"follow","max-snippet":"max-snippet:-1","max-image-preview":"max-image-preview:large","max-video-preview":"max-video-preview:-1"},"og_locale":"it_IT","og_type":"article","og_title":"Tubo - MousePad24.eu","og_description":"Tubo di cartone resistente per l'imballaggio dei tappetini per mouse. Protegge dai danni, ideale per la spedizione e la presentazione dei prodotti. Ecologico e robusto.","og_url":"https:\/\/mousepad24.eu\/it\/produkt\/tubo\/","og_site_name":"MousePad24.eu","article_publisher":"https:\/\/www.facebook.com\/mousepad24\/","og_image":[{"width":2000,"height":2000,"url":"https:\/\/mousepad24.eu\/wp-content\/uploads\/2025\/12\/tuba_02.jpg","type":"image\/jpeg"}],"twitter_card":"summary_large_image","twitter_misc":{"Tempo di lettura stimato":"1 minuto"},"schema":{"@context":"https:\/\/schema.org","@graph":[{"@type":"WebPage","@id":"https:\/\/mousepad24.eu\/it\/produkt\/tubo\/","url":"https:\/\/mousepad24.eu\/it\/produkt\/tubo\/","name":"Tubo - MousePad24.eu","isPartOf":{"@id":"https:\/\/mousepad24.eu\/#website"},"primaryImageOfPage":{"@id":"https:\/\/mousepad24.eu\/it\/produkt\/tubo\/#primaryimage"},"image":{"@id":"https:\/\/mousepad24.eu\/it\/produkt\/tubo\/#primaryimage"},"thumbnailUrl":"https:\/\/mousepad24.eu\/wp-content\/uploads\/2025\/12\/tuba_02.jpg","datePublished":"2026-03-10T13:43:51+00:00","description":"Tubo di cartone resistente per l'imballaggio dei tappetini per mouse. Protegge dai danni, ideale per la spedizione e la presentazione dei prodotti. Ecologico e robusto.","breadcrumb":{"@id":"https:\/\/mousepad24.eu\/it\/produkt\/tubo\/#breadcrumb"},"inLanguage":"it-IT","potentialAction":[{"@type":"ReadAction","target":["https:\/\/mousepad24.eu\/it\/produkt\/tubo\/"]}]},{"@type":"ImageObject","inLanguage":"it-IT","@id":"https:\/\/mousepad24.eu\/it\/produkt\/tubo\/#primaryimage","url":"https:\/\/mousepad24.eu\/wp-content\/uploads\/2025\/12\/tuba_02.jpg","contentUrl":"https:\/\/mousepad24.eu\/wp-content\/uploads\/2025\/12\/tuba_02.jpg","width":2000,"height":2000,"caption":"Tuba"},{"@type":"BreadcrumbList","@id":"https:\/\/mousepad24.eu\/it\/produkt\/tubo\/#breadcrumb","itemListElement":[{"@type":"ListItem","position":1,"name":"Pagina iniziale","item":"https:\/\/mousepad24.eu\/it\/"},{"@type":"ListItem","position":2,"name":"Negozio","item":"https:\/\/mousepad24.eu\/it\/"},{"@type":"ListItem","position":3,"name":"Tubo"}]},{"@type":"WebSite","@id":"https:\/\/mousepad24.eu\/#website","url":"https:\/\/mousepad24.eu\/","name":"MousePad24.eu","description":"Personalizowane podk\u0142adki pod mysz","publisher":{"@id":"https:\/\/mousepad24.eu\/#organization"},"potentialAction":[{"@type":"SearchAction","target":{"@type":"EntryPoint","urlTemplate":"https:\/\/mousepad24.eu\/?s={search_term_string}"},"query-input":{"@type":"PropertyValueSpecification","valueRequired":true,"valueName":"search_term_string"}}],"inLanguage":"it-IT"},{"@type":"Organization","@id":"https:\/\/mousepad24.eu\/#organization","name":"MousePad24.eu","url":"https:\/\/mousepad24.eu\/","logo":{"@type":"ImageObject","inLanguage":"it-IT","@id":"https:\/\/mousepad24.eu\/#\/schema\/logo\/image\/","url":"https:\/\/mousepad24.eu\/wp-content\/uploads\/2022\/12\/MOUSEPAD24_logo_curv_OK-1.png","contentUrl":"https:\/\/mousepad24.eu\/wp-content\/uploads\/2022\/12\/MOUSEPAD24_logo_curv_OK-1.png","width":1024,"height":75,"caption":"MousePad24.eu"},"image":{"@id":"https:\/\/mousepad24.eu\/#\/schema\/logo\/image\/"},"sameAs":["https:\/\/www.facebook.com\/mousepad24\/","https:\/\/www.instagram.com\/mousepad24.eu\/","https:\/\/www.linkedin.com\/company\/podkladki24-mousepad24\/"]}]}},"_links":{"self":[{"href":"https:\/\/mousepad24.eu\/it\/wp-json\/wp\/v2\/product\/77660","targetHints":{"allow":["GET"]}}],"collection":[{"href":"https:\/\/mousepad24.eu\/it\/wp-json\/wp\/v2\/product"}],"about":[{"href":"https:\/\/mousepad24.eu\/it\/wp-json\/wp\/v2\/types\/product"}],"wp:featuredmedia":[{"embeddable":true,"href":"https:\/\/mousepad24.eu\/it\/wp-json\/wp\/v2\/media\/75760"}],"wp:attachment":[{"href":"https:\/\/mousepad24.eu\/it\/wp-json\/wp\/v2\/media?parent=77660"}],"wp:term":[{"taxonomy":"product_brand","embeddable":true,"href":"https:\/\/mousepad24.eu\/it\/wp-json\/wp\/v2\/product_brand?post=77660"},{"taxonomy":"product_cat","embeddable":true,"href":"https:\/\/mousepad24.eu\/it\/wp-json\/wp\/v2\/product_cat?post=77660"},{"taxonomy":"product_tag","embeddable":true,"href":"https:\/\/mousepad24.eu\/it\/wp-json\/wp\/v2\/product_tag?post=77660"}],"curies":[{"name":"wp","href":"https:\/\/api.w.org\/{rel}","templated":true}]}}