{"id":77841,"date":"2026-03-25T11:48:30","date_gmt":"2026-03-25T10:48:30","guid":{"rendered":"https:\/\/mousepad24.eu\/produkt\/tappetino-per-mouse-con-liquido-liquid-mouse-pad-lmp_rec\/"},"modified":"2026-03-25T13:23:28","modified_gmt":"2026-03-25T12:23:28","slug":"tappetino-per-mouse-con-liquido-liquid-mouse-pad-lmp_rec","status":"publish","type":"product","link":"https:\/\/mousepad24.eu\/it\/produkt\/tappetino-per-mouse-con-liquido-liquid-mouse-pad-lmp_rec\/","title":{"rendered":"Tappetino per mouse con liquido (Liquid Mouse Pad) \/ LMP_REC"},"content":{"rendered":"<p data-start=\"40\" data-end=\"440\">Il tappetino per mouse con liquido <strong data-start=\"68\" data-end=\"88\">Liquid Mouse Pad<\/strong> \u00e8 un gadget pubblicitario originale che attira efficacemente l&#8217;attenzione e distingue il tuo brand. Grazie all&#8217;effetto degli elementi galleggianti nel liquido trasparente, il tappetino diventa non solo un accessorio da ufficio pratico, ma anche un interessante supporto pubblicitario. \u00c8 la soluzione ideale per le aziende che vogliono creare un <strong data-start=\"396\" data-end=\"439\">gadget promozionale insolito con stampa<\/strong>.  <\/p>\n<p data-start=\"442\" data-end=\"809\">Il tappetino \u00e8 realizzato in <strong data-start=\"468\" data-end=\"508\">PVC trasparente di alta qualit\u00e0<\/strong> e sul retro ha una <strong data-start=\"529\" data-end=\"550\">schiuma PVC nera<\/strong> che garantisce stabilit\u00e0 sulla scrivania e comfort d&#8217;uso. All&#8217;interno si trovano circa <strong data-start=\"639\" data-end=\"654\">45 ml di liquido<\/strong> in cui si muovono liberamente gli elementi galleggianti (i cosiddetti floater). Grazie a questo, ad ogni movimento del tappetino la grafica si anima e attira lo sguardo dell&#8217;utente.  <\/p>\n<p data-start=\"811\" data-end=\"1246\">Lo sfondo del tappetino \u00e8 stampato con tecnologia <strong data-start=\"854\" data-end=\"892\">offset a colori (CMYK)<\/strong> su cartoncino offset da <strong data-start=\"916\" data-end=\"925\">300 g.<\/strong> Questo garantisce un&#8217;alta qualit\u00e0 di stampa e un&#8217;eccellente riproduzione dei colori. Inoltre \u00e8 possibile inserire <strong data-start=\"1036\" data-end=\"1073\">elementi pubblicitari galleggianti<\/strong> di dimensione massima fino a <strong data-start=\"1101\" data-end=\"1113\">4 \u00d7 4 cm<\/strong>. Nella versione standard del preventivo sono inclusi <strong data-start=\"1157\" data-end=\"1175\">fino a 5 floater<\/strong>, tuttavia \u00e8 possibile aumentarne il numero con un costo aggiuntivo.  <\/p>\n<p data-start=\"1248\" data-end=\"1481\">Grazie alle dimensioni compatte di <strong data-start=\"1279\" data-end=\"1293\">24 \u00d7 19 cm<\/strong>, il tappetino si adatta perfettamente a qualsiasi postazione di lavoro, sia in ufficio che a casa. \u00c8 compatibile con mouse ottici e laser, garantendo un movimento fluido e preciso del cursore. <\/p>\n<p data-start=\"1483\" data-end=\"1770\">Il <strong data-start=\"1483\" data-end=\"1503\">Liquid Mouse Pad<\/strong> \u00e8 una scelta eccellente come <strong data-start=\"1526\" data-end=\"1612\">gadget pubblicitario per fiere, conferenze, azioni promozionali o regalo per i clienti<\/strong>. La forma originale, la possibilit\u00e0 di personalizzazione completa e l&#8217;effetto dinamico degli elementi galleggianti fanno s\u00ec che il brand rimanga impresso nella memoria dell&#8217;utente pi\u00f9 a lungo. <\/p>\n<p style=\"color: red;\" data-start=\"1483\" data-end=\"1770\"><strong>Costo una tantum di avvio produzione &#8211; 1000 z\u0142.<\/strong><\/p>\n<p data-start=\"1772\" data-end=\"1929\">Se cerchi un <strong data-start=\"1786\" data-end=\"1831\">tappetino per mouse creativo con stampa<\/strong> che distingua la tua azienda e attiri l&#8217;attenzione, il tappetino con liquido sar\u00e0 la soluzione ideale.<\/p>\n","protected":false},"excerpt":{"rendered":"<p data-start=\"1955\" data-end=\"2182\">Originale <strong data-start=\"1966\" data-end=\"2016\">tappetino per mouse con liquido (Liquid Mouse Pad)<\/strong> con elementi pubblicitari galleggianti. Stampa offset a colori, dimensioni 24 \u00d7 19 cm, fino a 5 floater di serie. Gadget pubblicitario ideale che attira l&#8217;attenzione.  <\/p>\n","protected":false},"featured_media":77713,"template":"","meta":[],"product_brand":[],"product_cat":[1880],"product_tag":[],"class_list":{"0":"post-77841","1":"product","2":"type-product","3":"status-publish","4":"has-post-thumbnail","6":"product_cat-tappetino-per-mouse-liquid-design","7":"fpd-variation-needed","9":"first","10":"instock","11":"taxable","12":"shipping-taxable","13":"purchasable","14":"product-type-simple"},"yoast_head":"<!-- This site is optimized with the Yoast SEO plugin v27.4 - https:\/\/yoast.com\/product\/yoast-seo-wordpress\/ -->\n<title>Tappetino per mouse con liquido (Liquid Mouse Pad) \/ LMP_REC - MousePad24.eu<\/title>\n<meta name=\"description\" content=\"Tappetino per mouse con liquido ed elementi galleggianti. Gadget pubblicitario originale con stampa a colori e possibilit\u00e0 di personalizzazione.\" \/>\n<meta name=\"robots\" content=\"index, follow, max-snippet:-1, max-image-preview:large, max-video-preview:-1\" \/>\n<meta property=\"og:locale\" content=\"it_IT\" \/>\n<meta property=\"og:type\" content=\"article\" \/>\n<meta property=\"og:title\" content=\"Tappetino per mouse con liquido (Liquid Mouse Pad) \/ LMP_REC - MousePad24.eu\" \/>\n<meta property=\"og:description\" content=\"Tappetino per mouse con liquido ed elementi galleggianti. Gadget pubblicitario originale con stampa a colori e possibilit\u00e0 di personalizzazione.\" \/>\n<meta property=\"og:url\" content=\"https:\/\/mousepad24.eu\/it\/produkt\/tappetino-per-mouse-con-liquido-liquid-mouse-pad-lmp_rec\/\" \/>\n<meta property=\"og:site_name\" content=\"MousePad24.eu\" \/>\n<meta property=\"article:publisher\" content=\"https:\/\/www.facebook.com\/mousepad24\/\" \/>\n<meta property=\"article:modified_time\" content=\"2026-03-25T12:23:28+00:00\" \/>\n<meta property=\"og:image\" content=\"https:\/\/mousepad24.eu\/wp-content\/uploads\/2026\/03\/floater_liquid_flat.jpg\" \/>\n\t<meta property=\"og:image:width\" content=\"2000\" \/>\n\t<meta property=\"og:image:height\" content=\"2000\" \/>\n\t<meta property=\"og:image:type\" content=\"image\/jpeg\" \/>\n<meta name=\"twitter:card\" content=\"summary_large_image\" \/>\n<meta name=\"twitter:label1\" content=\"Tempo di lettura stimato\" \/>\n\t<meta name=\"twitter:data1\" content=\"1 minuto\" \/>\n<script type=\"application\/ld+json\" class=\"yoast-schema-graph\">{\"@context\":\"https:\\\/\\\/schema.org\",\"@graph\":[{\"@type\":\"WebPage\",\"@id\":\"https:\\\/\\\/mousepad24.eu\\\/it\\\/produkt\\\/tappetino-per-mouse-con-liquido-liquid-mouse-pad-lmp_rec\\\/\",\"url\":\"https:\\\/\\\/mousepad24.eu\\\/it\\\/produkt\\\/tappetino-per-mouse-con-liquido-liquid-mouse-pad-lmp_rec\\\/\",\"name\":\"Tappetino per mouse con liquido (Liquid Mouse Pad) \\\/ LMP_REC - MousePad24.eu\",\"isPartOf\":{\"@id\":\"https:\\\/\\\/mousepad24.eu\\\/#website\"},\"primaryImageOfPage\":{\"@id\":\"https:\\\/\\\/mousepad24.eu\\\/it\\\/produkt\\\/tappetino-per-mouse-con-liquido-liquid-mouse-pad-lmp_rec\\\/#primaryimage\"},\"image\":{\"@id\":\"https:\\\/\\\/mousepad24.eu\\\/it\\\/produkt\\\/tappetino-per-mouse-con-liquido-liquid-mouse-pad-lmp_rec\\\/#primaryimage\"},\"thumbnailUrl\":\"https:\\\/\\\/mousepad24.eu\\\/wp-content\\\/uploads\\\/2026\\\/03\\\/floater_liquid_flat.jpg\",\"datePublished\":\"2026-03-25T10:48:30+00:00\",\"dateModified\":\"2026-03-25T12:23:28+00:00\",\"description\":\"Tappetino per mouse con liquido ed elementi galleggianti. Gadget pubblicitario originale con stampa a colori e possibilit\u00e0 di personalizzazione.\",\"breadcrumb\":{\"@id\":\"https:\\\/\\\/mousepad24.eu\\\/it\\\/produkt\\\/tappetino-per-mouse-con-liquido-liquid-mouse-pad-lmp_rec\\\/#breadcrumb\"},\"inLanguage\":\"it-IT\",\"potentialAction\":[{\"@type\":\"ReadAction\",\"target\":[\"https:\\\/\\\/mousepad24.eu\\\/it\\\/produkt\\\/tappetino-per-mouse-con-liquido-liquid-mouse-pad-lmp_rec\\\/\"]}]},{\"@type\":\"ImageObject\",\"inLanguage\":\"it-IT\",\"@id\":\"https:\\\/\\\/mousepad24.eu\\\/it\\\/produkt\\\/tappetino-per-mouse-con-liquido-liquid-mouse-pad-lmp_rec\\\/#primaryimage\",\"url\":\"https:\\\/\\\/mousepad24.eu\\\/wp-content\\\/uploads\\\/2026\\\/03\\\/floater_liquid_flat.jpg\",\"contentUrl\":\"https:\\\/\\\/mousepad24.eu\\\/wp-content\\\/uploads\\\/2026\\\/03\\\/floater_liquid_flat.jpg\",\"width\":2000,\"height\":2000,\"caption\":\"liquid flat\"},{\"@type\":\"BreadcrumbList\",\"@id\":\"https:\\\/\\\/mousepad24.eu\\\/it\\\/produkt\\\/tappetino-per-mouse-con-liquido-liquid-mouse-pad-lmp_rec\\\/#breadcrumb\",\"itemListElement\":[{\"@type\":\"ListItem\",\"position\":1,\"name\":\"Pagina iniziale\",\"item\":\"https:\\\/\\\/mousepad24.eu\\\/it\\\/\"},{\"@type\":\"ListItem\",\"position\":2,\"name\":\"Negozio\",\"item\":\"https:\\\/\\\/mousepad24.eu\\\/it\\\/\"},{\"@type\":\"ListItem\",\"position\":3,\"name\":\"Tappetino per mouse con liquido (Liquid Mouse Pad) \\\/ LMP_REC\"}]},{\"@type\":\"WebSite\",\"@id\":\"https:\\\/\\\/mousepad24.eu\\\/#website\",\"url\":\"https:\\\/\\\/mousepad24.eu\\\/\",\"name\":\"MousePad24.eu\",\"description\":\"Personalizowane podk\u0142adki pod mysz\",\"publisher\":{\"@id\":\"https:\\\/\\\/mousepad24.eu\\\/#organization\"},\"potentialAction\":[{\"@type\":\"SearchAction\",\"target\":{\"@type\":\"EntryPoint\",\"urlTemplate\":\"https:\\\/\\\/mousepad24.eu\\\/?s={search_term_string}\"},\"query-input\":{\"@type\":\"PropertyValueSpecification\",\"valueRequired\":true,\"valueName\":\"search_term_string\"}}],\"inLanguage\":\"it-IT\"},{\"@type\":\"Organization\",\"@id\":\"https:\\\/\\\/mousepad24.eu\\\/#organization\",\"name\":\"MousePad24.eu\",\"url\":\"https:\\\/\\\/mousepad24.eu\\\/\",\"logo\":{\"@type\":\"ImageObject\",\"inLanguage\":\"it-IT\",\"@id\":\"https:\\\/\\\/mousepad24.eu\\\/#\\\/schema\\\/logo\\\/image\\\/\",\"url\":\"https:\\\/\\\/mousepad24.eu\\\/wp-content\\\/uploads\\\/2022\\\/12\\\/MOUSEPAD24_logo_curv_OK-1.png\",\"contentUrl\":\"https:\\\/\\\/mousepad24.eu\\\/wp-content\\\/uploads\\\/2022\\\/12\\\/MOUSEPAD24_logo_curv_OK-1.png\",\"width\":1024,\"height\":75,\"caption\":\"MousePad24.eu\"},\"image\":{\"@id\":\"https:\\\/\\\/mousepad24.eu\\\/#\\\/schema\\\/logo\\\/image\\\/\"},\"sameAs\":[\"https:\\\/\\\/www.facebook.com\\\/mousepad24\\\/\",\"https:\\\/\\\/www.instagram.com\\\/mousepad24.eu\\\/\",\"https:\\\/\\\/www.linkedin.com\\\/company\\\/podkladki24-mousepad24\\\/\"]}]}<\/script>\n<!-- \/ Yoast SEO plugin. -->","yoast_head_json":{"title":"Tappetino per mouse con liquido (Liquid Mouse Pad) \/ LMP_REC - MousePad24.eu","description":"Tappetino per mouse con liquido ed elementi galleggianti. Gadget pubblicitario originale con stampa a colori e possibilit\u00e0 di personalizzazione.","robots":{"index":"index","follow":"follow","max-snippet":"max-snippet:-1","max-image-preview":"max-image-preview:large","max-video-preview":"max-video-preview:-1"},"og_locale":"it_IT","og_type":"article","og_title":"Tappetino per mouse con liquido (Liquid Mouse Pad) \/ LMP_REC - MousePad24.eu","og_description":"Tappetino per mouse con liquido ed elementi galleggianti. Gadget pubblicitario originale con stampa a colori e possibilit\u00e0 di personalizzazione.","og_url":"https:\/\/mousepad24.eu\/it\/produkt\/tappetino-per-mouse-con-liquido-liquid-mouse-pad-lmp_rec\/","og_site_name":"MousePad24.eu","article_publisher":"https:\/\/www.facebook.com\/mousepad24\/","article_modified_time":"2026-03-25T12:23:28+00:00","og_image":[{"width":2000,"height":2000,"url":"https:\/\/mousepad24.eu\/wp-content\/uploads\/2026\/03\/floater_liquid_flat.jpg","type":"image\/jpeg"}],"twitter_card":"summary_large_image","twitter_misc":{"Tempo di lettura stimato":"1 minuto"},"schema":{"@context":"https:\/\/schema.org","@graph":[{"@type":"WebPage","@id":"https:\/\/mousepad24.eu\/it\/produkt\/tappetino-per-mouse-con-liquido-liquid-mouse-pad-lmp_rec\/","url":"https:\/\/mousepad24.eu\/it\/produkt\/tappetino-per-mouse-con-liquido-liquid-mouse-pad-lmp_rec\/","name":"Tappetino per mouse con liquido (Liquid Mouse Pad) \/ LMP_REC - MousePad24.eu","isPartOf":{"@id":"https:\/\/mousepad24.eu\/#website"},"primaryImageOfPage":{"@id":"https:\/\/mousepad24.eu\/it\/produkt\/tappetino-per-mouse-con-liquido-liquid-mouse-pad-lmp_rec\/#primaryimage"},"image":{"@id":"https:\/\/mousepad24.eu\/it\/produkt\/tappetino-per-mouse-con-liquido-liquid-mouse-pad-lmp_rec\/#primaryimage"},"thumbnailUrl":"https:\/\/mousepad24.eu\/wp-content\/uploads\/2026\/03\/floater_liquid_flat.jpg","datePublished":"2026-03-25T10:48:30+00:00","dateModified":"2026-03-25T12:23:28+00:00","description":"Tappetino per mouse con liquido ed elementi galleggianti. Gadget pubblicitario originale con stampa a colori e possibilit\u00e0 di personalizzazione.","breadcrumb":{"@id":"https:\/\/mousepad24.eu\/it\/produkt\/tappetino-per-mouse-con-liquido-liquid-mouse-pad-lmp_rec\/#breadcrumb"},"inLanguage":"it-IT","potentialAction":[{"@type":"ReadAction","target":["https:\/\/mousepad24.eu\/it\/produkt\/tappetino-per-mouse-con-liquido-liquid-mouse-pad-lmp_rec\/"]}]},{"@type":"ImageObject","inLanguage":"it-IT","@id":"https:\/\/mousepad24.eu\/it\/produkt\/tappetino-per-mouse-con-liquido-liquid-mouse-pad-lmp_rec\/#primaryimage","url":"https:\/\/mousepad24.eu\/wp-content\/uploads\/2026\/03\/floater_liquid_flat.jpg","contentUrl":"https:\/\/mousepad24.eu\/wp-content\/uploads\/2026\/03\/floater_liquid_flat.jpg","width":2000,"height":2000,"caption":"liquid flat"},{"@type":"BreadcrumbList","@id":"https:\/\/mousepad24.eu\/it\/produkt\/tappetino-per-mouse-con-liquido-liquid-mouse-pad-lmp_rec\/#breadcrumb","itemListElement":[{"@type":"ListItem","position":1,"name":"Pagina iniziale","item":"https:\/\/mousepad24.eu\/it\/"},{"@type":"ListItem","position":2,"name":"Negozio","item":"https:\/\/mousepad24.eu\/it\/"},{"@type":"ListItem","position":3,"name":"Tappetino per mouse con liquido (Liquid Mouse Pad) \/ LMP_REC"}]},{"@type":"WebSite","@id":"https:\/\/mousepad24.eu\/#website","url":"https:\/\/mousepad24.eu\/","name":"MousePad24.eu","description":"Personalizowane podk\u0142adki pod mysz","publisher":{"@id":"https:\/\/mousepad24.eu\/#organization"},"potentialAction":[{"@type":"SearchAction","target":{"@type":"EntryPoint","urlTemplate":"https:\/\/mousepad24.eu\/?s={search_term_string}"},"query-input":{"@type":"PropertyValueSpecification","valueRequired":true,"valueName":"search_term_string"}}],"inLanguage":"it-IT"},{"@type":"Organization","@id":"https:\/\/mousepad24.eu\/#organization","name":"MousePad24.eu","url":"https:\/\/mousepad24.eu\/","logo":{"@type":"ImageObject","inLanguage":"it-IT","@id":"https:\/\/mousepad24.eu\/#\/schema\/logo\/image\/","url":"https:\/\/mousepad24.eu\/wp-content\/uploads\/2022\/12\/MOUSEPAD24_logo_curv_OK-1.png","contentUrl":"https:\/\/mousepad24.eu\/wp-content\/uploads\/2022\/12\/MOUSEPAD24_logo_curv_OK-1.png","width":1024,"height":75,"caption":"MousePad24.eu"},"image":{"@id":"https:\/\/mousepad24.eu\/#\/schema\/logo\/image\/"},"sameAs":["https:\/\/www.facebook.com\/mousepad24\/","https:\/\/www.instagram.com\/mousepad24.eu\/","https:\/\/www.linkedin.com\/company\/podkladki24-mousepad24\/"]}]}},"_links":{"self":[{"href":"https:\/\/mousepad24.eu\/it\/wp-json\/wp\/v2\/product\/77841","targetHints":{"allow":["GET"]}}],"collection":[{"href":"https:\/\/mousepad24.eu\/it\/wp-json\/wp\/v2\/product"}],"about":[{"href":"https:\/\/mousepad24.eu\/it\/wp-json\/wp\/v2\/types\/product"}],"wp:featuredmedia":[{"embeddable":true,"href":"https:\/\/mousepad24.eu\/it\/wp-json\/wp\/v2\/media\/77713"}],"wp:attachment":[{"href":"https:\/\/mousepad24.eu\/it\/wp-json\/wp\/v2\/media?parent=77841"}],"wp:term":[{"taxonomy":"product_brand","embeddable":true,"href":"https:\/\/mousepad24.eu\/it\/wp-json\/wp\/v2\/product_brand?post=77841"},{"taxonomy":"product_cat","embeddable":true,"href":"https:\/\/mousepad24.eu\/it\/wp-json\/wp\/v2\/product_cat?post=77841"},{"taxonomy":"product_tag","embeddable":true,"href":"https:\/\/mousepad24.eu\/it\/wp-json\/wp\/v2\/product_tag?post=77841"}],"curies":[{"name":"wp","href":"https:\/\/api.w.org\/{rel}","templated":true}]}}