{"id":52798,"date":"2023-03-06T13:03:09","date_gmt":"2023-03-06T12:03:09","guid":{"rendered":"https:\/\/jnpnki27nc.onrocket.site\/slapuku-politika\/"},"modified":"2025-07-16T12:38:38","modified_gmt":"2025-07-16T10:38:38","slug":"slapuku-politika","status":"publish","type":"page","link":"https:\/\/mousepad24.eu\/lt\/slapuku-politika\/","title":{"rendered":"Slapuk\u0173 politika"},"content":{"rendered":"\n<h1 class=\"wp-block-heading\">Slapuk\u0173 politika<\/h1>\n<ol>\n<li>Asmens duomen\u0173 valdytojas yra ANITA MAKARSKA-GURGACZ, NIP: 7122860322, ul. Techniczna 4 20-151 Liublinas.<\/li>\n<li style=\"box-sizing: inherit;\">Administratorius naudoja slapukus, t. y. ma\u017e\u0105 tekstin\u0119 informacij\u0105, saugom\u0105 Vartotojo galiniame \u012frenginyje (pvz., kompiuteryje, plan\u0161etiniame kompiuteryje, i\u0161maniajame telefone).<\/li>\n<li style=\"box-sizing: inherit;\">Slapukus gali perskaityti administratoriaus IRT sistema.<\/li>\n<li style=\"box-sizing: inherit;\">Administratorius i\u0161saugo slapukus Vartotojo galin\u0117je \u012frangoje, o tada gali naudotis juose esan\u010dia informacija:\n<ul style=\"box-sizing: inherit; margin-right: 0px; margin-left: 1.5em; list-style: disc; padding: 0px;\">\n<li style=\"box-sizing: inherit;\">rinkti statistinius duomenis, kurie padeda mums suprasti, kaip lankytojai naudojasi svetain\u0117mis, kad gal\u0117tume tobulinti j\u0173 strukt\u016br\u0105 ir turin\u012f;<\/li>\n<li style=\"box-sizing: inherit;\">rinkodara (pakartotin\u0117 rinkodara)<\/li>\n<li style=\"box-sizing: inherit;\">nustatyti Vartotojo profil\u012f, kad reklamos tinkluose, ypa\u010d &#8220;Google&#8221; tinkle, b\u016bt\u0173 rodoma Vartotojui pritaikyta med\u017eiaga, siekiant u\u017etikrinti tinkam\u0105 Parduotuv\u0117s veikim\u0105.<\/li>\n<\/ul>\n<\/li>\n<li style=\"box-sizing: inherit;\">Vartotojas gali taip sukonfig\u016bruoti savo interneto nar\u0161ykl\u0119, kad slapukai negal\u0117t\u0173 b\u016bti i\u0161saugomi galiniame \u012frenginyje. Ta\u010diau tokiu atveju Vartotojo naudojimasis svetaine gali b\u016bti apsunkintas.<\/li>\n<li style=\"box-sizing: inherit;\">Vartotojas gali i\u0161trinti \u012fra\u0161ytus slapukus naudodamasis atitinkamomis interneto nar\u0161ykl\u0117s funkcijomis, \u0161iam tikslui skirtomis programomis arba atitinkamomis priemon\u0117mis, esan\u010diomis Vartotojo naudojamoje operacin\u0117je sistemoje.<\/li>\n<li style=\"box-sizing: inherit;\">\u0160iose nuorodose pateikiama informacija, kaip i\u0161trinti slapukus populiariausiose interneto nar\u0161ykl\u0117se:\n<ol>\n<li style=\"box-sizing: inherit;\">Firefox: http:\/\/support.mozilla.org\/pl\/kb\/usuwanie-ciasteczek,<\/li>\n<li style=\"box-sizing: inherit;\">Opera: http:\/\/help.opera.com\/Linux\/9.60\/pl\/cookies.html,<\/li>\n<li style=\"box-sizing: inherit;\">Internet Explorer: http:\/\/support.microsoft.com\/kb\/278835\/pl,<\/li>\n<li style=\"box-sizing: inherit;\">Chrome: http:\/\/support.google.com\/chrome\/bin\/answer.py?hl=pl&amp;answer=95647<\/li>\n<li style=\"box-sizing: inherit;\">Safari: http:\/\/support.apple.com\/kb\/HT1677?viewlocale=pl_PL<\/li>\n<\/ol>\n<\/li>\n<\/ol>\n","protected":false},"excerpt":{"rendered":"<p>Slapuk\u0173 politika Asmens duomen\u0173 valdytojas yra ANITA MAKARSKA-GURGACZ, NIP: 7122860322, ul. Techniczna 4 20-151 Liublinas. Administratorius naudoja slapukus, t. y. ma\u017e\u0105 tekstin\u0119 informacij\u0105, saugom\u0105 Vartotojo galiniame \u012frenginyje (pvz., kompiuteryje, plan\u0161etiniame kompiuteryje, i\u0161maniajame telefone). Slapukus gali perskaityti administratoriaus IRT sistema. Administratorius i\u0161saugo slapukus Vartotojo galin\u0117je \u012frangoje, o tada gali naudotis juose esan\u010dia informacija: rinkti statistinius duomenis, [&hellip;]<\/p>\n","protected":false},"author":102,"featured_media":0,"parent":0,"menu_order":0,"comment_status":"closed","ping_status":"closed","template":"elementor_header_footer","meta":{"footnotes":""},"class_list":["post-52798","page","type-page","status-publish","hentry","fpd-variation-needed"],"yoast_head":"<!-- This site is optimized with the Yoast SEO plugin v27.5 - https:\/\/yoast.com\/product\/yoast-seo-wordpress\/ -->\n<title>Slapuk\u0173 politika - MousePad24.eu<\/title>\n<meta name=\"robots\" content=\"index, follow, max-snippet:-1, max-image-preview:large, max-video-preview:-1\" \/>\n<meta property=\"og:locale\" content=\"lt_LT\" \/>\n<meta property=\"og:type\" content=\"article\" \/>\n<meta property=\"og:title\" content=\"Slapuk\u0173 politika - MousePad24.eu\" \/>\n<meta property=\"og:description\" content=\"Slapuk\u0173 politika Asmens duomen\u0173 valdytojas yra ANITA MAKARSKA-GURGACZ, NIP: 7122860322, ul. Techniczna 4 20-151 Liublinas. Administratorius naudoja slapukus, t. y. ma\u017e\u0105 tekstin\u0119 informacij\u0105, saugom\u0105 Vartotojo galiniame \u012frenginyje (pvz., kompiuteryje, plan\u0161etiniame kompiuteryje, i\u0161maniajame telefone). Slapukus gali perskaityti administratoriaus IRT sistema. Administratorius i\u0161saugo slapukus Vartotojo galin\u0117je \u012frangoje, o tada gali naudotis juose esan\u010dia informacija: rinkti statistinius duomenis, [&hellip;]\" \/>\n<meta property=\"og:url\" content=\"https:\/\/mousepad24.eu\/lt\/slapuku-politika\/\" \/>\n<meta property=\"og:site_name\" content=\"MousePad24.eu\" \/>\n<meta property=\"article:publisher\" content=\"https:\/\/www.facebook.com\/mousepad24\/\" \/>\n<meta property=\"article:modified_time\" content=\"2025-07-16T10:38:38+00:00\" \/>\n<meta name=\"twitter:card\" content=\"summary_large_image\" \/>\n<meta name=\"twitter:label1\" content=\"Est. reading time\" \/>\n\t<meta name=\"twitter:data1\" content=\"1 minut\u0117\" \/>\n<script type=\"application\/ld+json\" class=\"yoast-schema-graph\">{\"@context\":\"https:\\\/\\\/schema.org\",\"@graph\":[{\"@type\":\"WebPage\",\"@id\":\"https:\\\/\\\/mousepad24.eu\\\/lt\\\/slapuku-politika\\\/\",\"url\":\"https:\\\/\\\/mousepad24.eu\\\/lt\\\/slapuku-politika\\\/\",\"name\":\"Slapuk\u0173 politika - MousePad24.eu\",\"isPartOf\":{\"@id\":\"https:\\\/\\\/mousepad24.eu\\\/#website\"},\"datePublished\":\"2023-03-06T12:03:09+00:00\",\"dateModified\":\"2025-07-16T10:38:38+00:00\",\"breadcrumb\":{\"@id\":\"https:\\\/\\\/mousepad24.eu\\\/lt\\\/slapuku-politika\\\/#breadcrumb\"},\"inLanguage\":\"lt-LT\",\"potentialAction\":[{\"@type\":\"ReadAction\",\"target\":[\"https:\\\/\\\/mousepad24.eu\\\/lt\\\/slapuku-politika\\\/\"]}]},{\"@type\":\"BreadcrumbList\",\"@id\":\"https:\\\/\\\/mousepad24.eu\\\/lt\\\/slapuku-politika\\\/#breadcrumb\",\"itemListElement\":[{\"@type\":\"ListItem\",\"position\":1,\"name\":\"Pagrindinis puslapis\",\"item\":\"https:\\\/\\\/mousepad24.eu\\\/lt\\\/\"},{\"@type\":\"ListItem\",\"position\":2,\"name\":\"Slapuk\u0173 politika\"}]},{\"@type\":\"WebSite\",\"@id\":\"https:\\\/\\\/mousepad24.eu\\\/#website\",\"url\":\"https:\\\/\\\/mousepad24.eu\\\/\",\"name\":\"MousePad24.eu\",\"description\":\"Personalizowane podk\u0142adki pod mysz\",\"publisher\":{\"@id\":\"https:\\\/\\\/mousepad24.eu\\\/#organization\"},\"potentialAction\":[{\"@type\":\"SearchAction\",\"target\":{\"@type\":\"EntryPoint\",\"urlTemplate\":\"https:\\\/\\\/mousepad24.eu\\\/?s={search_term_string}\"},\"query-input\":{\"@type\":\"PropertyValueSpecification\",\"valueRequired\":true,\"valueName\":\"search_term_string\"}}],\"inLanguage\":\"lt-LT\"},{\"@type\":\"Organization\",\"@id\":\"https:\\\/\\\/mousepad24.eu\\\/#organization\",\"name\":\"MousePad24.eu\",\"url\":\"https:\\\/\\\/mousepad24.eu\\\/\",\"logo\":{\"@type\":\"ImageObject\",\"inLanguage\":\"lt-LT\",\"@id\":\"https:\\\/\\\/mousepad24.eu\\\/#\\\/schema\\\/logo\\\/image\\\/\",\"url\":\"https:\\\/\\\/mousepad24.eu\\\/wp-content\\\/uploads\\\/2022\\\/12\\\/MOUSEPAD24_logo_curv_OK-1.png\",\"contentUrl\":\"https:\\\/\\\/mousepad24.eu\\\/wp-content\\\/uploads\\\/2022\\\/12\\\/MOUSEPAD24_logo_curv_OK-1.png\",\"width\":1024,\"height\":75,\"caption\":\"MousePad24.eu\"},\"image\":{\"@id\":\"https:\\\/\\\/mousepad24.eu\\\/#\\\/schema\\\/logo\\\/image\\\/\"},\"sameAs\":[\"https:\\\/\\\/www.facebook.com\\\/mousepad24\\\/\",\"https:\\\/\\\/www.instagram.com\\\/mousepad24.eu\\\/\",\"https:\\\/\\\/www.linkedin.com\\\/company\\\/podkladki24-mousepad24\\\/\"]}]}<\/script>\n<!-- \/ Yoast SEO plugin. -->","yoast_head_json":{"title":"Slapuk\u0173 politika - MousePad24.eu","robots":{"index":"index","follow":"follow","max-snippet":"max-snippet:-1","max-image-preview":"max-image-preview:large","max-video-preview":"max-video-preview:-1"},"og_locale":"lt_LT","og_type":"article","og_title":"Slapuk\u0173 politika - MousePad24.eu","og_description":"Slapuk\u0173 politika Asmens duomen\u0173 valdytojas yra ANITA MAKARSKA-GURGACZ, NIP: 7122860322, ul. Techniczna 4 20-151 Liublinas. Administratorius naudoja slapukus, t. y. ma\u017e\u0105 tekstin\u0119 informacij\u0105, saugom\u0105 Vartotojo galiniame \u012frenginyje (pvz., kompiuteryje, plan\u0161etiniame kompiuteryje, i\u0161maniajame telefone). Slapukus gali perskaityti administratoriaus IRT sistema. Administratorius i\u0161saugo slapukus Vartotojo galin\u0117je \u012frangoje, o tada gali naudotis juose esan\u010dia informacija: rinkti statistinius duomenis, [&hellip;]","og_url":"https:\/\/mousepad24.eu\/lt\/slapuku-politika\/","og_site_name":"MousePad24.eu","article_publisher":"https:\/\/www.facebook.com\/mousepad24\/","article_modified_time":"2025-07-16T10:38:38+00:00","twitter_card":"summary_large_image","twitter_misc":{"Est. reading time":"1 minut\u0117"},"schema":{"@context":"https:\/\/schema.org","@graph":[{"@type":"WebPage","@id":"https:\/\/mousepad24.eu\/lt\/slapuku-politika\/","url":"https:\/\/mousepad24.eu\/lt\/slapuku-politika\/","name":"Slapuk\u0173 politika - MousePad24.eu","isPartOf":{"@id":"https:\/\/mousepad24.eu\/#website"},"datePublished":"2023-03-06T12:03:09+00:00","dateModified":"2025-07-16T10:38:38+00:00","breadcrumb":{"@id":"https:\/\/mousepad24.eu\/lt\/slapuku-politika\/#breadcrumb"},"inLanguage":"lt-LT","potentialAction":[{"@type":"ReadAction","target":["https:\/\/mousepad24.eu\/lt\/slapuku-politika\/"]}]},{"@type":"BreadcrumbList","@id":"https:\/\/mousepad24.eu\/lt\/slapuku-politika\/#breadcrumb","itemListElement":[{"@type":"ListItem","position":1,"name":"Pagrindinis puslapis","item":"https:\/\/mousepad24.eu\/lt\/"},{"@type":"ListItem","position":2,"name":"Slapuk\u0173 politika"}]},{"@type":"WebSite","@id":"https:\/\/mousepad24.eu\/#website","url":"https:\/\/mousepad24.eu\/","name":"MousePad24.eu","description":"Personalizowane podk\u0142adki pod mysz","publisher":{"@id":"https:\/\/mousepad24.eu\/#organization"},"potentialAction":[{"@type":"SearchAction","target":{"@type":"EntryPoint","urlTemplate":"https:\/\/mousepad24.eu\/?s={search_term_string}"},"query-input":{"@type":"PropertyValueSpecification","valueRequired":true,"valueName":"search_term_string"}}],"inLanguage":"lt-LT"},{"@type":"Organization","@id":"https:\/\/mousepad24.eu\/#organization","name":"MousePad24.eu","url":"https:\/\/mousepad24.eu\/","logo":{"@type":"ImageObject","inLanguage":"lt-LT","@id":"https:\/\/mousepad24.eu\/#\/schema\/logo\/image\/","url":"https:\/\/mousepad24.eu\/wp-content\/uploads\/2022\/12\/MOUSEPAD24_logo_curv_OK-1.png","contentUrl":"https:\/\/mousepad24.eu\/wp-content\/uploads\/2022\/12\/MOUSEPAD24_logo_curv_OK-1.png","width":1024,"height":75,"caption":"MousePad24.eu"},"image":{"@id":"https:\/\/mousepad24.eu\/#\/schema\/logo\/image\/"},"sameAs":["https:\/\/www.facebook.com\/mousepad24\/","https:\/\/www.instagram.com\/mousepad24.eu\/","https:\/\/www.linkedin.com\/company\/podkladki24-mousepad24\/"]}]}},"_links":{"self":[{"href":"https:\/\/mousepad24.eu\/lt\/wp-json\/wp\/v2\/pages\/52798","targetHints":{"allow":["GET"]}}],"collection":[{"href":"https:\/\/mousepad24.eu\/lt\/wp-json\/wp\/v2\/pages"}],"about":[{"href":"https:\/\/mousepad24.eu\/lt\/wp-json\/wp\/v2\/types\/page"}],"author":[{"embeddable":true,"href":"https:\/\/mousepad24.eu\/lt\/wp-json\/wp\/v2\/users\/102"}],"replies":[{"embeddable":true,"href":"https:\/\/mousepad24.eu\/lt\/wp-json\/wp\/v2\/comments?post=52798"}],"version-history":[{"count":0,"href":"https:\/\/mousepad24.eu\/lt\/wp-json\/wp\/v2\/pages\/52798\/revisions"}],"wp:attachment":[{"href":"https:\/\/mousepad24.eu\/lt\/wp-json\/wp\/v2\/media?parent=52798"}],"curies":[{"name":"wp","href":"https:\/\/api.w.org\/{rel}","templated":true}]}}