{"id":52952,"date":"2022-09-21T10:20:56","date_gmt":"2022-09-21T08:20:56","guid":{"rendered":"https:\/\/jnpnki27nc.onrocket.site\/privatumo-politika\/"},"modified":"2025-10-20T11:42:27","modified_gmt":"2025-10-20T09:42:27","slug":"privatumo-politika","status":"publish","type":"page","link":"https:\/\/mousepad24.eu\/lt\/privatumo-politika\/","title":{"rendered":"Privatumo politika"},"content":{"rendered":"<p style=\"text-align: center;\">1 \u00a7<\/p>\n<p style=\"text-align: center;\">Asmens duomen\u0173 apsauga<\/p>\n<ol>\n<li>Asmens duomen\u0173 valdytojas yra ANITA MAKARSKA-GURGACZ, NIP: PL 7122860322, ul. Zbo\u017cowa 40, 20-827 Lublin. Su valdytoju d\u0117l asmens duomen\u0173 apsaugos klausim\u0173 galima susisiekti el. pa\u0161tu: shop@mousepad24.eu arba ra\u0161tu auk\u0161\u010diau nurodytu valdytojo buvein\u0117s adresu.  <\/li>\n<li>Paslauga besinaudojantis subjektas (t. y. Klientas) sutinka, kad Administratorius tvarkyt\u0173 asmens duomenis, kuriuos Klientas pateik\u0117 pateikdamas u\u017esakym\u0105, naudojantis mousepad24.eu (t. y. Parduotuve).<\/li>\n<li>Asmens duomen\u0173 pateikimas yra savanori\u0161kas, ta\u010diau, jei Klientas nesutiks, kad Administratorius tvarkyt\u0173 jo asmens duomenis, nebus galima teikti elektronini\u0173 paslaug\u0173 ir Pirk\u0117jui pirkti Parduotuv\u0117je.<\/li>\n<li>Tvarkydamas Kliento asmens duomenis, Asmens duomen\u0173 valdytojas, be kita ko, gali teikti paslaugas. tvarkyti j\u016bs\u0173 paskyr\u0105, tvarkyti u\u017esakymus, susisiekti d\u0117l sutarties vykdymo ir si\u0173sti rinkodaros informacij\u0105 (\u012fskaitant naujienlai\u0161kius). <\/li>\n<li>Asmens duomenys bus saugomi sutarties galiojimo laikotarpiu ir pagal galiojan\u010dius teis\u0117s aktus, atsi\u017evelgiant \u012f ie\u0161kini\u0173 ir mokestini\u0173 prievoli\u0173 senaties terminus.<\/li>\n<li>Klientas turi teis\u0119 susipa\u017einti su savo asmens duomenimis ir pra\u0161yti juos i\u0161taisyti arba i\u0161trinti. Asmens duomenis galima i\u0161taisyti arba i\u0161trinti prisijungus prie Kliento paskyros arba prane\u0161us Pardav\u0117jui el. pa\u0161to adresu: shop@mousepad24.eu. <\/li>\n<li>Jei pateikiate asmeninius duomenis, susijusius su atsiliepim\u0173 apie gaminius skelbimu Parduotuv\u0117je arba socialiniuose tinkluose, sutinkate, kad tokie duomenys b\u016bt\u0173 atskleisti neribotam asmen\u0173 ratui.<\/li>\n<li>Klientas parei\u0161kia, kad pateikti asmens duomenys yra jo asmens duomenys.<\/li>\n<li>Administratorius, naudodamasis Parduotuve ir kitomis komunikacijos formomis, renka ir tvarko toliau nurodytus Vartotoj\u0173 asmens duomenis, pateiktus registruojantis, teikiant u\u017esakymus Parduotuv\u0117je, naudojantis Parduotuv\u0117je esan\u010diu internetiniu komunikatoriumi:\n<ol>\n<li>pavadinimas<\/li>\n<li>mok\u0117jimo ir pristatymo adresas<\/li>\n<li>telefono numeris<\/li>\n<li>el. pa\u0161to adresas<\/li>\n<\/ol>\n<\/li>\n<li>\n<p data-start=\"295\" data-end=\"721\">Siekiant suteikti Vartotojams galimyb\u0119 atlikti mok\u0117jimus u\u017e u\u017esakymus, Valdytojas bendradarbiauja su i\u0161oriniais partneriais, kurie tvarko elektroninius mok\u0117jimus. D\u0117l to Vartotoj\u0173 asmens duomenys (tokie kaip vardas ir pavard\u0117, el. pa\u0161to adresas, pristatymo adresas, mok\u0117jimo adresas, telefono numeris bei mok\u0117jimo ir sandori\u0173 istorijos duomenys) gali b\u016bti perduodami \u0161iems partneriams tiek, kiek b\u016btina mok\u0117jimams atlikti. <\/p>\n<p data-start=\"723\" data-end=\"864\">Mok\u0117jimus tvarkantys partneriai gali automatizuotai tvarkyti Vartotoj\u0173 asmens duomenis, \u012fskaitant profiliavim\u0105, siekdami:<\/p>\n<ul data-start=\"865\" data-end=\"1022\">\n<li data-start=\"865\" data-end=\"904\">\n<p data-start=\"867\" data-end=\"904\">patikrinti Vartotojo tapatyb\u0119,<\/p>\n<\/li>\n<li data-start=\"905\" data-end=\"945\">\n<p data-start=\"907\" data-end=\"945\">u\u017ekirsti keli\u0105 piktnaud\u017eiavimui ir suk\u010diavimui,<\/p>\n<\/li>\n<li data-start=\"946\" data-end=\"974\">\n<p data-start=\"948\" data-end=\"974\">\u012fvertinti sandorio rizik\u0105,<\/p>\n<\/li>\n<li data-start=\"975\" data-end=\"1022\">\n<p data-start=\"977\" data-end=\"1022\">u\u017etikrinti mok\u0117jimo paslaug\u0173 saugum\u0105.<\/p>\n<\/li>\n<\/ul>\n<p data-start=\"1024\" data-end=\"1387\">Profiliavimas gali lemti automatizuot\u0173 sprendim\u0173 pri\u0117mim\u0105, pvz., mok\u0117jimo atsisakym\u0105 arba papildomo tapatyb\u0117s patvirtinimo poreik\u012f. I\u0161sami informacija apie mok\u0117jimus tvarkan\u010di\u0173 partneri\u0173 asmens duomen\u0173 tvarkymo taisykles pateikiama j\u0173 privatumo politikose, kurios yra prieinamos \u0161i\u0173 subjekt\u0173 interneto svetain\u0117se. <\/p>\n<\/li>\n<li>Duomen\u0173 valdytojas \u012fsipareigoja d\u0117ti visas pastangas, kad kliento asmens duomenys b\u016bt\u0173 tinkamai apsaugoti.<\/li>\n<li>J\u016bs turite teis\u0119 pateikti skund\u0105 prie\u017ei\u016bros institucijai, atsakingai u\u017e asmens duomen\u0173 apsaug\u0105 \u2013 Asmens Duomen\u0173 Apsaugos Tarnybos Pirmininkui.<\/li>\n<\/ol>\n","protected":false},"excerpt":{"rendered":"<p>1 \u00a7 Asmens duomen\u0173 apsauga Asmens duomen\u0173 valdytojas yra ANITA MAKARSKA-GURGACZ, NIP: PL 7122860322, ul. Zbo\u017cowa 40, 20-827 Lublin. Su valdytoju d\u0117l asmens duomen\u0173 apsaugos klausim\u0173 galima susisiekti el. pa\u0161tu: shop@mousepad24.eu arba ra\u0161tu auk\u0161\u010diau nurodytu valdytojo buvein\u0117s adresu. Paslauga besinaudojantis subjektas (t. y. Klientas) sutinka, kad Administratorius tvarkyt\u0173 asmens duomenis, kuriuos Klientas pateik\u0117 pateikdamas u\u017esakym\u0105, [&hellip;]<\/p>\n","protected":false},"author":102,"featured_media":0,"parent":0,"menu_order":0,"comment_status":"closed","ping_status":"closed","template":"elementor_header_footer","meta":{"footnotes":""},"class_list":["post-52952","page","type-page","status-publish","hentry","fpd-variation-needed"],"yoast_head":"<!-- This site is optimized with the Yoast SEO plugin v27.5 - https:\/\/yoast.com\/product\/yoast-seo-wordpress\/ -->\n<title>Privatumo politika - MousePad24.eu<\/title>\n<meta name=\"robots\" content=\"index, follow, max-snippet:-1, max-image-preview:large, max-video-preview:-1\" \/>\n<meta property=\"og:locale\" content=\"lt_LT\" \/>\n<meta property=\"og:type\" content=\"article\" \/>\n<meta property=\"og:title\" content=\"Privatumo politika - MousePad24.eu\" \/>\n<meta property=\"og:description\" content=\"1 \u00a7 Asmens duomen\u0173 apsauga Asmens duomen\u0173 valdytojas yra ANITA MAKARSKA-GURGACZ, NIP: PL 7122860322, ul. Zbo\u017cowa 40, 20-827 Lublin. Su valdytoju d\u0117l asmens duomen\u0173 apsaugos klausim\u0173 galima susisiekti el. pa\u0161tu: shop@mousepad24.eu arba ra\u0161tu auk\u0161\u010diau nurodytu valdytojo buvein\u0117s adresu. Paslauga besinaudojantis subjektas (t. y. Klientas) sutinka, kad Administratorius tvarkyt\u0173 asmens duomenis, kuriuos Klientas pateik\u0117 pateikdamas u\u017esakym\u0105, [&hellip;]\" \/>\n<meta property=\"og:url\" content=\"https:\/\/mousepad24.eu\/lt\/privatumo-politika\/\" \/>\n<meta property=\"og:site_name\" content=\"MousePad24.eu\" \/>\n<meta property=\"article:publisher\" content=\"https:\/\/www.facebook.com\/mousepad24\/\" \/>\n<meta property=\"article:modified_time\" content=\"2025-10-20T09:42:27+00:00\" \/>\n<meta name=\"twitter:card\" content=\"summary_large_image\" \/>\n<meta name=\"twitter:label1\" content=\"Est. reading time\" \/>\n\t<meta name=\"twitter:data1\" content=\"2 minut\u0117s\" \/>\n<script type=\"application\/ld+json\" class=\"yoast-schema-graph\">{\"@context\":\"https:\\\/\\\/schema.org\",\"@graph\":[{\"@type\":\"WebPage\",\"@id\":\"https:\\\/\\\/mousepad24.eu\\\/lt\\\/privatumo-politika\\\/\",\"url\":\"https:\\\/\\\/mousepad24.eu\\\/lt\\\/privatumo-politika\\\/\",\"name\":\"Privatumo politika - MousePad24.eu\",\"isPartOf\":{\"@id\":\"https:\\\/\\\/mousepad24.eu\\\/#website\"},\"datePublished\":\"2022-09-21T08:20:56+00:00\",\"dateModified\":\"2025-10-20T09:42:27+00:00\",\"breadcrumb\":{\"@id\":\"https:\\\/\\\/mousepad24.eu\\\/lt\\\/privatumo-politika\\\/#breadcrumb\"},\"inLanguage\":\"lt-LT\",\"potentialAction\":[{\"@type\":\"ReadAction\",\"target\":[\"https:\\\/\\\/mousepad24.eu\\\/lt\\\/privatumo-politika\\\/\"]}]},{\"@type\":\"BreadcrumbList\",\"@id\":\"https:\\\/\\\/mousepad24.eu\\\/lt\\\/privatumo-politika\\\/#breadcrumb\",\"itemListElement\":[{\"@type\":\"ListItem\",\"position\":1,\"name\":\"Pagrindinis puslapis\",\"item\":\"https:\\\/\\\/mousepad24.eu\\\/lt\\\/\"},{\"@type\":\"ListItem\",\"position\":2,\"name\":\"Privatumo politika\"}]},{\"@type\":\"WebSite\",\"@id\":\"https:\\\/\\\/mousepad24.eu\\\/#website\",\"url\":\"https:\\\/\\\/mousepad24.eu\\\/\",\"name\":\"MousePad24.eu\",\"description\":\"Personalizowane podk\u0142adki pod mysz\",\"publisher\":{\"@id\":\"https:\\\/\\\/mousepad24.eu\\\/#organization\"},\"potentialAction\":[{\"@type\":\"SearchAction\",\"target\":{\"@type\":\"EntryPoint\",\"urlTemplate\":\"https:\\\/\\\/mousepad24.eu\\\/?s={search_term_string}\"},\"query-input\":{\"@type\":\"PropertyValueSpecification\",\"valueRequired\":true,\"valueName\":\"search_term_string\"}}],\"inLanguage\":\"lt-LT\"},{\"@type\":\"Organization\",\"@id\":\"https:\\\/\\\/mousepad24.eu\\\/#organization\",\"name\":\"MousePad24.eu\",\"url\":\"https:\\\/\\\/mousepad24.eu\\\/\",\"logo\":{\"@type\":\"ImageObject\",\"inLanguage\":\"lt-LT\",\"@id\":\"https:\\\/\\\/mousepad24.eu\\\/#\\\/schema\\\/logo\\\/image\\\/\",\"url\":\"https:\\\/\\\/mousepad24.eu\\\/wp-content\\\/uploads\\\/2022\\\/12\\\/MOUSEPAD24_logo_curv_OK-1.png\",\"contentUrl\":\"https:\\\/\\\/mousepad24.eu\\\/wp-content\\\/uploads\\\/2022\\\/12\\\/MOUSEPAD24_logo_curv_OK-1.png\",\"width\":1024,\"height\":75,\"caption\":\"MousePad24.eu\"},\"image\":{\"@id\":\"https:\\\/\\\/mousepad24.eu\\\/#\\\/schema\\\/logo\\\/image\\\/\"},\"sameAs\":[\"https:\\\/\\\/www.facebook.com\\\/mousepad24\\\/\",\"https:\\\/\\\/www.instagram.com\\\/mousepad24.eu\\\/\",\"https:\\\/\\\/www.linkedin.com\\\/company\\\/podkladki24-mousepad24\\\/\"]}]}<\/script>\n<!-- \/ Yoast SEO plugin. -->","yoast_head_json":{"title":"Privatumo politika - MousePad24.eu","robots":{"index":"index","follow":"follow","max-snippet":"max-snippet:-1","max-image-preview":"max-image-preview:large","max-video-preview":"max-video-preview:-1"},"og_locale":"lt_LT","og_type":"article","og_title":"Privatumo politika - MousePad24.eu","og_description":"1 \u00a7 Asmens duomen\u0173 apsauga Asmens duomen\u0173 valdytojas yra ANITA MAKARSKA-GURGACZ, NIP: PL 7122860322, ul. Zbo\u017cowa 40, 20-827 Lublin. Su valdytoju d\u0117l asmens duomen\u0173 apsaugos klausim\u0173 galima susisiekti el. pa\u0161tu: shop@mousepad24.eu arba ra\u0161tu auk\u0161\u010diau nurodytu valdytojo buvein\u0117s adresu. Paslauga besinaudojantis subjektas (t. y. Klientas) sutinka, kad Administratorius tvarkyt\u0173 asmens duomenis, kuriuos Klientas pateik\u0117 pateikdamas u\u017esakym\u0105, [&hellip;]","og_url":"https:\/\/mousepad24.eu\/lt\/privatumo-politika\/","og_site_name":"MousePad24.eu","article_publisher":"https:\/\/www.facebook.com\/mousepad24\/","article_modified_time":"2025-10-20T09:42:27+00:00","twitter_card":"summary_large_image","twitter_misc":{"Est. reading time":"2 minut\u0117s"},"schema":{"@context":"https:\/\/schema.org","@graph":[{"@type":"WebPage","@id":"https:\/\/mousepad24.eu\/lt\/privatumo-politika\/","url":"https:\/\/mousepad24.eu\/lt\/privatumo-politika\/","name":"Privatumo politika - MousePad24.eu","isPartOf":{"@id":"https:\/\/mousepad24.eu\/#website"},"datePublished":"2022-09-21T08:20:56+00:00","dateModified":"2025-10-20T09:42:27+00:00","breadcrumb":{"@id":"https:\/\/mousepad24.eu\/lt\/privatumo-politika\/#breadcrumb"},"inLanguage":"lt-LT","potentialAction":[{"@type":"ReadAction","target":["https:\/\/mousepad24.eu\/lt\/privatumo-politika\/"]}]},{"@type":"BreadcrumbList","@id":"https:\/\/mousepad24.eu\/lt\/privatumo-politika\/#breadcrumb","itemListElement":[{"@type":"ListItem","position":1,"name":"Pagrindinis puslapis","item":"https:\/\/mousepad24.eu\/lt\/"},{"@type":"ListItem","position":2,"name":"Privatumo politika"}]},{"@type":"WebSite","@id":"https:\/\/mousepad24.eu\/#website","url":"https:\/\/mousepad24.eu\/","name":"MousePad24.eu","description":"Personalizowane podk\u0142adki pod mysz","publisher":{"@id":"https:\/\/mousepad24.eu\/#organization"},"potentialAction":[{"@type":"SearchAction","target":{"@type":"EntryPoint","urlTemplate":"https:\/\/mousepad24.eu\/?s={search_term_string}"},"query-input":{"@type":"PropertyValueSpecification","valueRequired":true,"valueName":"search_term_string"}}],"inLanguage":"lt-LT"},{"@type":"Organization","@id":"https:\/\/mousepad24.eu\/#organization","name":"MousePad24.eu","url":"https:\/\/mousepad24.eu\/","logo":{"@type":"ImageObject","inLanguage":"lt-LT","@id":"https:\/\/mousepad24.eu\/#\/schema\/logo\/image\/","url":"https:\/\/mousepad24.eu\/wp-content\/uploads\/2022\/12\/MOUSEPAD24_logo_curv_OK-1.png","contentUrl":"https:\/\/mousepad24.eu\/wp-content\/uploads\/2022\/12\/MOUSEPAD24_logo_curv_OK-1.png","width":1024,"height":75,"caption":"MousePad24.eu"},"image":{"@id":"https:\/\/mousepad24.eu\/#\/schema\/logo\/image\/"},"sameAs":["https:\/\/www.facebook.com\/mousepad24\/","https:\/\/www.instagram.com\/mousepad24.eu\/","https:\/\/www.linkedin.com\/company\/podkladki24-mousepad24\/"]}]}},"_links":{"self":[{"href":"https:\/\/mousepad24.eu\/lt\/wp-json\/wp\/v2\/pages\/52952","targetHints":{"allow":["GET"]}}],"collection":[{"href":"https:\/\/mousepad24.eu\/lt\/wp-json\/wp\/v2\/pages"}],"about":[{"href":"https:\/\/mousepad24.eu\/lt\/wp-json\/wp\/v2\/types\/page"}],"author":[{"embeddable":true,"href":"https:\/\/mousepad24.eu\/lt\/wp-json\/wp\/v2\/users\/102"}],"replies":[{"embeddable":true,"href":"https:\/\/mousepad24.eu\/lt\/wp-json\/wp\/v2\/comments?post=52952"}],"version-history":[{"count":0,"href":"https:\/\/mousepad24.eu\/lt\/wp-json\/wp\/v2\/pages\/52952\/revisions"}],"wp:attachment":[{"href":"https:\/\/mousepad24.eu\/lt\/wp-json\/wp\/v2\/media?parent=52952"}],"curies":[{"name":"wp","href":"https:\/\/api.w.org\/{rel}","templated":true}]}}