{"id":63265,"date":"2024-04-23T09:54:17","date_gmt":"2024-04-23T07:54:17","guid":{"rendered":"https:\/\/jnpnki27nc.onrocket.site\/dofinansowanie-3\/"},"modified":"2025-07-16T12:46:01","modified_gmt":"2025-07-16T10:46:01","slug":"dofinansowanie-3","status":"publish","type":"page","link":"https:\/\/mousepad24.eu\/lt\/finansavimas\/dofinansowanie-3\/","title":{"rendered":"Finansavimas 72 351,22 PLN"},"content":{"rendered":"<figure id=\"attachment_63273\" class=\"wp-caption alignnone\" ><img fetchpriority=\"high\" decoding=\"async\" class=\"wp-image-63268 size-full\" src=\"https:\/\/mousepad24.eu\/wp-content\/uploads\/2025\/03\/FE_plakat_A3_lubelskie_Anita_Makarska-Gurgacz_OK-1.jpg\" alt=\"Europos S\u0105jungos bendrai finansuojamas projektas\" width=\"2480\" height=\"1754\" srcset=\"https:\/\/mousepad24.eu\/wp-content\/uploads\/2025\/03\/FE_plakat_A3_lubelskie_Anita_Makarska-Gurgacz_OK-1.jpg 2480w, https:\/\/mousepad24.eu\/wp-content\/uploads\/2025\/03\/FE_plakat_A3_lubelskie_Anita_Makarska-Gurgacz_OK-1-300x212.jpg 300w, https:\/\/mousepad24.eu\/wp-content\/uploads\/2025\/03\/FE_plakat_A3_lubelskie_Anita_Makarska-Gurgacz_OK-1-1024x724.jpg 1024w, https:\/\/mousepad24.eu\/wp-content\/uploads\/2025\/03\/FE_plakat_A3_lubelskie_Anita_Makarska-Gurgacz_OK-1-150x106.jpg 150w, https:\/\/mousepad24.eu\/wp-content\/uploads\/2025\/03\/FE_plakat_A3_lubelskie_Anita_Makarska-Gurgacz_OK-1-768x543.jpg 768w, https:\/\/mousepad24.eu\/wp-content\/uploads\/2025\/03\/FE_plakat_A3_lubelskie_Anita_Makarska-Gurgacz_OK-1-1536x1086.jpg 1536w, https:\/\/mousepad24.eu\/wp-content\/uploads\/2025\/03\/FE_plakat_A3_lubelskie_Anita_Makarska-Gurgacz_OK-1-2048x1448.jpg 2048w, https:\/\/mousepad24.eu\/wp-content\/uploads\/2025\/03\/FE_plakat_A3_lubelskie_Anita_Makarska-Gurgacz_OK-1-1400x990.jpg 1400w, https:\/\/mousepad24.eu\/wp-content\/uploads\/2025\/03\/FE_plakat_A3_lubelskie_Anita_Makarska-Gurgacz_OK-1-1600x1132.jpg 1600w, https:\/\/mousepad24.eu\/wp-content\/uploads\/2025\/03\/FE_plakat_A3_lubelskie_Anita_Makarska-Gurgacz_OK-1-64x45.jpg 64w\" sizes=\"(max-width: 2480px) 100vw, 2480px\" \/><figcaption class=\"wp-caption-text\">Europos S\u0105jungos bendrai finansuojamas projektas<\/figcaption><\/figure>\n<p style=\"text-align: center;\">\u012egyvendindami projekt\u0105<br \/>\n&#8220;\u012emon\u0117s pl\u0117tra per internacionalizacij\u0105 ir reklamos produkt\u0173 \u012fvedim\u0105 \u012f u\u017esienio rinkas&#8221;, dalyvavome \u0161iose parodose:<\/p>\n<p><a href=\"https:\/\/www.psi-messe.com\/en-gb.html#\/\">PSI Diuseldorfas 2024<\/a><br \/>\n<a href=\"https:\/\/promoshow.pl\">Paroda &#8220;Promo Show Warsaw 2024<\/a><br \/>\n<a href=\"https:\/\/www.salon-ctco.com\/en\/\">CTCO Lyon 2025<\/a><\/p>\n<ol>\n<li>Projekto Nr. <strong>02.07-IP.01-0043\/23<\/strong><\/li>\n<li>Pavadinimas:<strong> \u012emon\u0117s pl\u0117tra per internacionalizacij\u0105 ir reklamos produkt\u0173 \u012fvedim\u0105 \u012f u\u017esienio rinkas<\/strong><\/li>\n<li>Projekto apimtis:<strong> reklamini\u0173 produkt\u0173 &#8211; ergonomini\u0173 pel\u0117s kilim\u0117li\u0173 su asmenine spauda &#8211; pristatymas u\u017esienio rinkose kaip reklamin\u0117s priemon\u0117s, \u012fmonei dalyvaujant tarptautin\u0117je reklamini\u0173 preki\u0173 mug\u0117je<\/strong>:<\/li>\n<\/ol>\n<ul>\n<li><strong>PSI mug\u0117 &#8220;Promotional Product Service Institute&#8221; Diuseldorfe (2024 m. sausio 9-11 d.),<\/strong><\/li>\n<li><strong>&#8220;Promo Show&#8221; Var\u0161uva, (2024 m. vasario 14-15 d.),<\/strong><\/li>\n<li><strong>CTCO mug\u0117 &#8220;Salon du Cadeau et de l&#8217;Objet&#8221; Lione, (2025 m. vasaris).<\/strong><\/li>\n<\/ul>\n<p><strong>Dalyvavimas parodose pad\u0117s i\u0161pl\u0117sti \u012fmon\u0117s dalyvavim\u0105 u\u017esienio rinkose (Vokietijoje, Pranc\u016bzijoje, Austrijoje, \u010cekijoje, Lietuvoje, Belgijoje ir Nyderlanduose) ir patekti \u012f naujas u\u017esienio rinkas. Bus u\u017emegzta daug kontakt\u0173 su u\u017esienio klientais, d\u0117l kuri\u0173 bus pasira\u0161ytos naujos verslo sutartys. <\/strong><\/p>\n<ol start=\"4\">\n<li>Projekto tikslas:<strong> Anitos Makakarskos-Gurga\u010d verslo veiklos internacionalizavimas, siekiant padidinti produkt\u0173 ir paslaug\u0173 eksport\u0105<\/strong>.<\/li>\n<li>Projekto vert\u0117: <strong>PLN 168 880,61 <\/strong> <\/li>\n<li>Bendras ES finansavimas:<strong> 72 351,22 PLN<\/strong><\/li>\n<li>Tikslin\u0117 grup\u0117: <strong>Lubelsko vaivadijos MV\u012e ir j\u0173 darbuotojai.<\/strong><\/li>\n<\/ol>\n","protected":false},"excerpt":{"rendered":"<p>\u012egyvendindami projekt\u0105 &#8220;\u012emon\u0117s pl\u0117tra per internacionalizacij\u0105 ir reklamos produkt\u0173 \u012fvedim\u0105 \u012f u\u017esienio rinkas&#8221;, dalyvavome \u0161iose parodose: PSI Diuseldorfas 2024 Paroda &#8220;Promo Show Warsaw 2024 CTCO Lyon 2025 Projekto Nr. 02.07-IP.01-0043\/23 Pavadinimas: \u012emon\u0117s pl\u0117tra per internacionalizacij\u0105 ir reklamos produkt\u0173 \u012fvedim\u0105 \u012f u\u017esienio rinkas Projekto apimtis: reklamini\u0173 produkt\u0173 &#8211; ergonomini\u0173 pel\u0117s kilim\u0117li\u0173 su asmenine spauda &#8211; pristatymas [&hellip;]<\/p>\n","protected":false},"author":138,"featured_media":0,"parent":65729,"menu_order":0,"comment_status":"closed","ping_status":"closed","template":"elementor_header_footer","meta":{"footnotes":""},"class_list":["post-63265","page","type-page","status-publish","hentry","fpd-variation-needed"],"yoast_head":"<!-- This site is optimized with the Yoast SEO plugin v27.3 - https:\/\/yoast.com\/product\/yoast-seo-wordpress\/ -->\n<title>Finansavimas 72 351,22 PLN - MousePad24.eu<\/title>\n<meta name=\"robots\" content=\"index, follow, max-snippet:-1, max-image-preview:large, max-video-preview:-1\" \/>\n<meta property=\"og:locale\" content=\"lt_LT\" \/>\n<meta property=\"og:type\" content=\"article\" \/>\n<meta property=\"og:title\" content=\"Finansavimas 72 351,22 PLN - MousePad24.eu\" \/>\n<meta property=\"og:description\" content=\"\u012egyvendindami projekt\u0105 &#8220;\u012emon\u0117s pl\u0117tra per internacionalizacij\u0105 ir reklamos produkt\u0173 \u012fvedim\u0105 \u012f u\u017esienio rinkas&#8221;, dalyvavome \u0161iose parodose: PSI Diuseldorfas 2024 Paroda &#8220;Promo Show Warsaw 2024 CTCO Lyon 2025 Projekto Nr. 02.07-IP.01-0043\/23 Pavadinimas: \u012emon\u0117s pl\u0117tra per internacionalizacij\u0105 ir reklamos produkt\u0173 \u012fvedim\u0105 \u012f u\u017esienio rinkas Projekto apimtis: reklamini\u0173 produkt\u0173 &#8211; ergonomini\u0173 pel\u0117s kilim\u0117li\u0173 su asmenine spauda &#8211; pristatymas [&hellip;]\" \/>\n<meta property=\"og:url\" content=\"https:\/\/mousepad24.eu\/lt\/finansavimas\/dofinansowanie-3\/\" \/>\n<meta property=\"og:site_name\" content=\"MousePad24.eu\" \/>\n<meta property=\"article:publisher\" content=\"https:\/\/www.facebook.com\/mousepad24\/\" \/>\n<meta property=\"article:modified_time\" content=\"2025-07-16T10:46:01+00:00\" \/>\n<meta property=\"og:image\" content=\"https:\/\/mousepad24.eu\/wp-content\/uploads\/2025\/03\/FE_plakat_A3_lubelskie_Anita_Makarska-Gurgacz_OK-1.jpg\" \/>\n\t<meta property=\"og:image:width\" content=\"2480\" \/>\n\t<meta property=\"og:image:height\" content=\"1754\" \/>\n\t<meta property=\"og:image:type\" content=\"image\/jpeg\" \/>\n<meta name=\"twitter:card\" content=\"summary_large_image\" \/>\n<meta name=\"twitter:label1\" content=\"Est. reading time\" \/>\n\t<meta name=\"twitter:data1\" content=\"1 minut\u0117\" \/>\n<script type=\"application\/ld+json\" class=\"yoast-schema-graph\">{\"@context\":\"https:\\\/\\\/schema.org\",\"@graph\":[{\"@type\":\"WebPage\",\"@id\":\"https:\\\/\\\/mousepad24.eu\\\/lt\\\/finansavimas\\\/dofinansowanie-3\\\/\",\"url\":\"https:\\\/\\\/mousepad24.eu\\\/lt\\\/finansavimas\\\/dofinansowanie-3\\\/\",\"name\":\"Finansavimas 72 351,22 PLN - MousePad24.eu\",\"isPartOf\":{\"@id\":\"https:\\\/\\\/mousepad24.eu\\\/#website\"},\"primaryImageOfPage\":{\"@id\":\"https:\\\/\\\/mousepad24.eu\\\/lt\\\/finansavimas\\\/dofinansowanie-3\\\/#primaryimage\"},\"image\":{\"@id\":\"https:\\\/\\\/mousepad24.eu\\\/lt\\\/finansavimas\\\/dofinansowanie-3\\\/#primaryimage\"},\"thumbnailUrl\":\"https:\\\/\\\/mousepad24.eu\\\/wp-content\\\/uploads\\\/2025\\\/03\\\/FE_plakat_A3_lubelskie_Anita_Makarska-Gurgacz_OK-1.jpg\",\"datePublished\":\"2024-04-23T07:54:17+00:00\",\"dateModified\":\"2025-07-16T10:46:01+00:00\",\"breadcrumb\":{\"@id\":\"https:\\\/\\\/mousepad24.eu\\\/lt\\\/finansavimas\\\/dofinansowanie-3\\\/#breadcrumb\"},\"inLanguage\":\"lt-LT\",\"potentialAction\":[{\"@type\":\"ReadAction\",\"target\":[\"https:\\\/\\\/mousepad24.eu\\\/lt\\\/finansavimas\\\/dofinansowanie-3\\\/\"]}]},{\"@type\":\"ImageObject\",\"inLanguage\":\"lt-LT\",\"@id\":\"https:\\\/\\\/mousepad24.eu\\\/lt\\\/finansavimas\\\/dofinansowanie-3\\\/#primaryimage\",\"url\":\"https:\\\/\\\/mousepad24.eu\\\/wp-content\\\/uploads\\\/2025\\\/03\\\/FE_plakat_A3_lubelskie_Anita_Makarska-Gurgacz_OK-1.jpg\",\"contentUrl\":\"https:\\\/\\\/mousepad24.eu\\\/wp-content\\\/uploads\\\/2025\\\/03\\\/FE_plakat_A3_lubelskie_Anita_Makarska-Gurgacz_OK-1.jpg\"},{\"@type\":\"BreadcrumbList\",\"@id\":\"https:\\\/\\\/mousepad24.eu\\\/lt\\\/finansavimas\\\/dofinansowanie-3\\\/#breadcrumb\",\"itemListElement\":[{\"@type\":\"ListItem\",\"position\":1,\"name\":\"Pagrindinis puslapis\",\"item\":\"https:\\\/\\\/mousepad24.eu\\\/lt\\\/\"},{\"@type\":\"ListItem\",\"position\":2,\"name\":\"Finansavimas\",\"item\":\"https:\\\/\\\/mousepad24.eu\\\/lt\\\/finansavimas\\\/\"},{\"@type\":\"ListItem\",\"position\":3,\"name\":\"Finansavimas 72 351,22 PLN\"}]},{\"@type\":\"WebSite\",\"@id\":\"https:\\\/\\\/mousepad24.eu\\\/#website\",\"url\":\"https:\\\/\\\/mousepad24.eu\\\/\",\"name\":\"MousePad24.eu\",\"description\":\"Personalizowane podk\u0142adki pod mysz\",\"publisher\":{\"@id\":\"https:\\\/\\\/mousepad24.eu\\\/#organization\"},\"potentialAction\":[{\"@type\":\"SearchAction\",\"target\":{\"@type\":\"EntryPoint\",\"urlTemplate\":\"https:\\\/\\\/mousepad24.eu\\\/?s={search_term_string}\"},\"query-input\":{\"@type\":\"PropertyValueSpecification\",\"valueRequired\":true,\"valueName\":\"search_term_string\"}}],\"inLanguage\":\"lt-LT\"},{\"@type\":\"Organization\",\"@id\":\"https:\\\/\\\/mousepad24.eu\\\/#organization\",\"name\":\"MousePad24.eu\",\"url\":\"https:\\\/\\\/mousepad24.eu\\\/\",\"logo\":{\"@type\":\"ImageObject\",\"inLanguage\":\"lt-LT\",\"@id\":\"https:\\\/\\\/mousepad24.eu\\\/#\\\/schema\\\/logo\\\/image\\\/\",\"url\":\"https:\\\/\\\/mousepad24.eu\\\/wp-content\\\/uploads\\\/2022\\\/12\\\/MOUSEPAD24_logo_curv_OK-1.png\",\"contentUrl\":\"https:\\\/\\\/mousepad24.eu\\\/wp-content\\\/uploads\\\/2022\\\/12\\\/MOUSEPAD24_logo_curv_OK-1.png\",\"width\":1024,\"height\":75,\"caption\":\"MousePad24.eu\"},\"image\":{\"@id\":\"https:\\\/\\\/mousepad24.eu\\\/#\\\/schema\\\/logo\\\/image\\\/\"},\"sameAs\":[\"https:\\\/\\\/www.facebook.com\\\/mousepad24\\\/\",\"https:\\\/\\\/www.instagram.com\\\/mousepad24.eu\\\/\",\"https:\\\/\\\/www.linkedin.com\\\/company\\\/podkladki24-mousepad24\\\/\"]}]}<\/script>\n<!-- \/ Yoast SEO plugin. -->","yoast_head_json":{"title":"Finansavimas 72 351,22 PLN - MousePad24.eu","robots":{"index":"index","follow":"follow","max-snippet":"max-snippet:-1","max-image-preview":"max-image-preview:large","max-video-preview":"max-video-preview:-1"},"og_locale":"lt_LT","og_type":"article","og_title":"Finansavimas 72 351,22 PLN - MousePad24.eu","og_description":"\u012egyvendindami projekt\u0105 &#8220;\u012emon\u0117s pl\u0117tra per internacionalizacij\u0105 ir reklamos produkt\u0173 \u012fvedim\u0105 \u012f u\u017esienio rinkas&#8221;, dalyvavome \u0161iose parodose: PSI Diuseldorfas 2024 Paroda &#8220;Promo Show Warsaw 2024 CTCO Lyon 2025 Projekto Nr. 02.07-IP.01-0043\/23 Pavadinimas: \u012emon\u0117s pl\u0117tra per internacionalizacij\u0105 ir reklamos produkt\u0173 \u012fvedim\u0105 \u012f u\u017esienio rinkas Projekto apimtis: reklamini\u0173 produkt\u0173 &#8211; ergonomini\u0173 pel\u0117s kilim\u0117li\u0173 su asmenine spauda &#8211; pristatymas [&hellip;]","og_url":"https:\/\/mousepad24.eu\/lt\/finansavimas\/dofinansowanie-3\/","og_site_name":"MousePad24.eu","article_publisher":"https:\/\/www.facebook.com\/mousepad24\/","article_modified_time":"2025-07-16T10:46:01+00:00","og_image":[{"width":2480,"height":1754,"url":"https:\/\/mousepad24.eu\/wp-content\/uploads\/2025\/03\/FE_plakat_A3_lubelskie_Anita_Makarska-Gurgacz_OK-1.jpg","type":"image\/jpeg"}],"twitter_card":"summary_large_image","twitter_misc":{"Est. reading time":"1 minut\u0117"},"schema":{"@context":"https:\/\/schema.org","@graph":[{"@type":"WebPage","@id":"https:\/\/mousepad24.eu\/lt\/finansavimas\/dofinansowanie-3\/","url":"https:\/\/mousepad24.eu\/lt\/finansavimas\/dofinansowanie-3\/","name":"Finansavimas 72 351,22 PLN - MousePad24.eu","isPartOf":{"@id":"https:\/\/mousepad24.eu\/#website"},"primaryImageOfPage":{"@id":"https:\/\/mousepad24.eu\/lt\/finansavimas\/dofinansowanie-3\/#primaryimage"},"image":{"@id":"https:\/\/mousepad24.eu\/lt\/finansavimas\/dofinansowanie-3\/#primaryimage"},"thumbnailUrl":"https:\/\/mousepad24.eu\/wp-content\/uploads\/2025\/03\/FE_plakat_A3_lubelskie_Anita_Makarska-Gurgacz_OK-1.jpg","datePublished":"2024-04-23T07:54:17+00:00","dateModified":"2025-07-16T10:46:01+00:00","breadcrumb":{"@id":"https:\/\/mousepad24.eu\/lt\/finansavimas\/dofinansowanie-3\/#breadcrumb"},"inLanguage":"lt-LT","potentialAction":[{"@type":"ReadAction","target":["https:\/\/mousepad24.eu\/lt\/finansavimas\/dofinansowanie-3\/"]}]},{"@type":"ImageObject","inLanguage":"lt-LT","@id":"https:\/\/mousepad24.eu\/lt\/finansavimas\/dofinansowanie-3\/#primaryimage","url":"https:\/\/mousepad24.eu\/wp-content\/uploads\/2025\/03\/FE_plakat_A3_lubelskie_Anita_Makarska-Gurgacz_OK-1.jpg","contentUrl":"https:\/\/mousepad24.eu\/wp-content\/uploads\/2025\/03\/FE_plakat_A3_lubelskie_Anita_Makarska-Gurgacz_OK-1.jpg"},{"@type":"BreadcrumbList","@id":"https:\/\/mousepad24.eu\/lt\/finansavimas\/dofinansowanie-3\/#breadcrumb","itemListElement":[{"@type":"ListItem","position":1,"name":"Pagrindinis puslapis","item":"https:\/\/mousepad24.eu\/lt\/"},{"@type":"ListItem","position":2,"name":"Finansavimas","item":"https:\/\/mousepad24.eu\/lt\/finansavimas\/"},{"@type":"ListItem","position":3,"name":"Finansavimas 72 351,22 PLN"}]},{"@type":"WebSite","@id":"https:\/\/mousepad24.eu\/#website","url":"https:\/\/mousepad24.eu\/","name":"MousePad24.eu","description":"Personalizowane podk\u0142adki pod mysz","publisher":{"@id":"https:\/\/mousepad24.eu\/#organization"},"potentialAction":[{"@type":"SearchAction","target":{"@type":"EntryPoint","urlTemplate":"https:\/\/mousepad24.eu\/?s={search_term_string}"},"query-input":{"@type":"PropertyValueSpecification","valueRequired":true,"valueName":"search_term_string"}}],"inLanguage":"lt-LT"},{"@type":"Organization","@id":"https:\/\/mousepad24.eu\/#organization","name":"MousePad24.eu","url":"https:\/\/mousepad24.eu\/","logo":{"@type":"ImageObject","inLanguage":"lt-LT","@id":"https:\/\/mousepad24.eu\/#\/schema\/logo\/image\/","url":"https:\/\/mousepad24.eu\/wp-content\/uploads\/2022\/12\/MOUSEPAD24_logo_curv_OK-1.png","contentUrl":"https:\/\/mousepad24.eu\/wp-content\/uploads\/2022\/12\/MOUSEPAD24_logo_curv_OK-1.png","width":1024,"height":75,"caption":"MousePad24.eu"},"image":{"@id":"https:\/\/mousepad24.eu\/#\/schema\/logo\/image\/"},"sameAs":["https:\/\/www.facebook.com\/mousepad24\/","https:\/\/www.instagram.com\/mousepad24.eu\/","https:\/\/www.linkedin.com\/company\/podkladki24-mousepad24\/"]}]}},"_links":{"self":[{"href":"https:\/\/mousepad24.eu\/lt\/wp-json\/wp\/v2\/pages\/63265","targetHints":{"allow":["GET"]}}],"collection":[{"href":"https:\/\/mousepad24.eu\/lt\/wp-json\/wp\/v2\/pages"}],"about":[{"href":"https:\/\/mousepad24.eu\/lt\/wp-json\/wp\/v2\/types\/page"}],"author":[{"embeddable":true,"href":"https:\/\/mousepad24.eu\/lt\/wp-json\/wp\/v2\/users\/138"}],"replies":[{"embeddable":true,"href":"https:\/\/mousepad24.eu\/lt\/wp-json\/wp\/v2\/comments?post=63265"}],"version-history":[{"count":0,"href":"https:\/\/mousepad24.eu\/lt\/wp-json\/wp\/v2\/pages\/63265\/revisions"}],"up":[{"embeddable":true,"href":"https:\/\/mousepad24.eu\/lt\/wp-json\/wp\/v2\/pages\/65729"}],"wp:attachment":[{"href":"https:\/\/mousepad24.eu\/lt\/wp-json\/wp\/v2\/media?parent=63265"}],"curies":[{"name":"wp","href":"https:\/\/api.w.org\/{rel}","templated":true}]}}