{"id":65737,"date":"2025-03-07T19:35:21","date_gmt":"2025-03-07T18:35:21","guid":{"rendered":"https:\/\/jnpnki27nc.onrocket.site\/finansavimas\/finansavimas-43-11770-pln\/"},"modified":"2025-03-07T19:35:21","modified_gmt":"2025-03-07T18:35:21","slug":"finansavimas-43-11770-pln","status":"publish","type":"page","link":"https:\/\/mousepad24.eu\/lt\/finansavimas\/finansavimas-43-11770-pln\/","title":{"rendered":"Finansavimas 43 117,70 PLN"},"content":{"rendered":"<figure id=\"attachment_63285\" class=\"wp-caption alignnone\" ><img fetchpriority=\"high\" decoding=\"async\" src=\"https:\/\/mousepad24.eu\/wp-content\/uploads\/2025\/03\/FE_plakat_A3_lubelskie_Anita_Makarska-Gurgacz_etap_II.jpg\" alt=\"Europos S\u0105jungos bendrai finansuojamas projektas\" width=\"2480\" height=\"1754\"><figcaption class=\"wp-caption-text\">Europos S\u0105jungos bendrai finansuojamas projektas<\/figcaption><\/figure>\n<p style=\"text-align: center;\">\u012egyvendindami projekt\u0105<br \/>\n&#8220;\u012emon\u0117s pl\u0117tra per internacionalizacij\u0105 ir reklamos produkt\u0173 \u012fvedim\u0105 \u012f u\u017esienio rinkas&#8221;, dalyvavome \u0161iose parodose:<\/p>\n<p>Projekto dalis: &#8220;\u012emon\u0117s pl\u0117tra per internacionalizacij\u0105 ir reklamos produkt\u0173 \u012fvedim\u0105 \u012f u\u017esienio rinkas &#8211; II etapas&#8221;.<\/p>\n<p style=\"text-align: center;\">m\u016bs\u0173 \u012fmon\u0117 mug\u0117je pristat\u0117 savo gaminius:<\/p>\n<p>&#8211;  <a href=\"https:\/\/festiwalmarketingu.pl\">Rinkodaros festivalis, Var\u0161uva 2024<\/a><br \/>\n&#8211; <a href=\"https:\/\/promoshow.pl\">&#8220;Promo Show&#8221; Var\u0161uva 2525<\/a><br \/>\nMes taip pat ruo\u0161iam\u0117s renginiui:<br \/>\n<a href=\"https:\/\/markeding.at\">Marke[ding] Vienna 2025<\/a><\/p>\n","protected":false},"excerpt":{"rendered":"<p>\u012egyvendindami projekt\u0105 &#8220;\u012emon\u0117s pl\u0117tra per internacionalizacij\u0105 ir reklamos produkt\u0173 \u012fvedim\u0105 \u012f u\u017esienio rinkas&#8221;, dalyvavome \u0161iose parodose: Projekto dalis: &#8220;\u012emon\u0117s pl\u0117tra per internacionalizacij\u0105 ir reklamos produkt\u0173 \u012fvedim\u0105 \u012f u\u017esienio rinkas &#8211; II etapas&#8221;. m\u016bs\u0173 \u012fmon\u0117 mug\u0117je pristat\u0117 savo gaminius: &#8211; Rinkodaros festivalis, Var\u0161uva 2024 &#8211; &#8220;Promo Show&#8221; Var\u0161uva 2525 Mes taip pat ruo\u0161iam\u0117s renginiui: Marke[ding] Vienna [&hellip;]<\/p>\n","protected":false},"author":102,"featured_media":0,"parent":65729,"menu_order":0,"comment_status":"closed","ping_status":"closed","template":"elementor_header_footer","meta":{"footnotes":""},"class_list":["post-65737","page","type-page","status-publish","hentry","fpd-variation-needed"],"yoast_head":"<!-- This site is optimized with the Yoast SEO plugin v27.3 - https:\/\/yoast.com\/product\/yoast-seo-wordpress\/ -->\n<title>Finansavimas 43 117,70 PLN - MousePad24.eu<\/title>\n<meta name=\"robots\" content=\"index, follow, max-snippet:-1, max-image-preview:large, max-video-preview:-1\" \/>\n<meta property=\"og:locale\" content=\"lt_LT\" \/>\n<meta property=\"og:type\" content=\"article\" \/>\n<meta property=\"og:title\" content=\"Finansavimas 43 117,70 PLN - MousePad24.eu\" \/>\n<meta property=\"og:description\" content=\"\u012egyvendindami projekt\u0105 &#8220;\u012emon\u0117s pl\u0117tra per internacionalizacij\u0105 ir reklamos produkt\u0173 \u012fvedim\u0105 \u012f u\u017esienio rinkas&#8221;, dalyvavome \u0161iose parodose: Projekto dalis: &#8220;\u012emon\u0117s pl\u0117tra per internacionalizacij\u0105 ir reklamos produkt\u0173 \u012fvedim\u0105 \u012f u\u017esienio rinkas &#8211; II etapas&#8221;. m\u016bs\u0173 \u012fmon\u0117 mug\u0117je pristat\u0117 savo gaminius: &#8211; Rinkodaros festivalis, Var\u0161uva 2024 &#8211; &#8220;Promo Show&#8221; Var\u0161uva 2525 Mes taip pat ruo\u0161iam\u0117s renginiui: Marke[ding] Vienna [&hellip;]\" \/>\n<meta property=\"og:url\" content=\"https:\/\/mousepad24.eu\/finansavimas\/finansavimas-43-11770-pln\/\" \/>\n<meta property=\"og:site_name\" content=\"MousePad24.eu\" \/>\n<meta property=\"article:publisher\" content=\"https:\/\/www.facebook.com\/mousepad24\/\" \/>\n<meta property=\"og:image\" content=\"https:\/\/mousepad24.eu\/wp-content\/uploads\/2025\/03\/FE_plakat_A3_lubelskie_Anita_Makarska-Gurgacz_etap_II.jpg\" \/>\n<meta name=\"twitter:card\" content=\"summary_large_image\" \/>\n<script type=\"application\/ld+json\" class=\"yoast-schema-graph\">{\"@context\":\"https:\\\/\\\/schema.org\",\"@graph\":[{\"@type\":\"WebPage\",\"@id\":\"https:\\\/\\\/mousepad24.eu\\\/finansavimas\\\/finansavimas-43-11770-pln\\\/\",\"url\":\"https:\\\/\\\/mousepad24.eu\\\/finansavimas\\\/finansavimas-43-11770-pln\\\/\",\"name\":\"Finansavimas 43 117,70 PLN - MousePad24.eu\",\"isPartOf\":{\"@id\":\"https:\\\/\\\/mousepad24.eu\\\/#website\"},\"primaryImageOfPage\":{\"@id\":\"https:\\\/\\\/mousepad24.eu\\\/finansavimas\\\/finansavimas-43-11770-pln\\\/#primaryimage\"},\"image\":{\"@id\":\"https:\\\/\\\/mousepad24.eu\\\/finansavimas\\\/finansavimas-43-11770-pln\\\/#primaryimage\"},\"thumbnailUrl\":\"https:\\\/\\\/mousepad24.eu\\\/wp-content\\\/uploads\\\/2025\\\/03\\\/FE_plakat_A3_lubelskie_Anita_Makarska-Gurgacz_etap_II.jpg\",\"datePublished\":\"2025-03-07T18:35:21+00:00\",\"breadcrumb\":{\"@id\":\"https:\\\/\\\/mousepad24.eu\\\/finansavimas\\\/finansavimas-43-11770-pln\\\/#breadcrumb\"},\"inLanguage\":\"lt-LT\",\"potentialAction\":[{\"@type\":\"ReadAction\",\"target\":[\"https:\\\/\\\/mousepad24.eu\\\/finansavimas\\\/finansavimas-43-11770-pln\\\/\"]}]},{\"@type\":\"ImageObject\",\"inLanguage\":\"lt-LT\",\"@id\":\"https:\\\/\\\/mousepad24.eu\\\/finansavimas\\\/finansavimas-43-11770-pln\\\/#primaryimage\",\"url\":\"https:\\\/\\\/mousepad24.eu\\\/wp-content\\\/uploads\\\/2025\\\/03\\\/FE_plakat_A3_lubelskie_Anita_Makarska-Gurgacz_etap_II.jpg\",\"contentUrl\":\"https:\\\/\\\/mousepad24.eu\\\/wp-content\\\/uploads\\\/2025\\\/03\\\/FE_plakat_A3_lubelskie_Anita_Makarska-Gurgacz_etap_II.jpg\"},{\"@type\":\"BreadcrumbList\",\"@id\":\"https:\\\/\\\/mousepad24.eu\\\/finansavimas\\\/finansavimas-43-11770-pln\\\/#breadcrumb\",\"itemListElement\":[{\"@type\":\"ListItem\",\"position\":1,\"name\":\"Pagrindinis puslapis\",\"item\":\"https:\\\/\\\/mousepad24.eu\\\/lt\\\/\"},{\"@type\":\"ListItem\",\"position\":2,\"name\":\"Finansavimas\",\"item\":\"https:\\\/\\\/mousepad24.eu\\\/lt\\\/finansavimas\\\/\"},{\"@type\":\"ListItem\",\"position\":3,\"name\":\"Finansavimas 43 117,70 PLN\"}]},{\"@type\":\"WebSite\",\"@id\":\"https:\\\/\\\/mousepad24.eu\\\/#website\",\"url\":\"https:\\\/\\\/mousepad24.eu\\\/\",\"name\":\"MousePad24.eu\",\"description\":\"Personalizowane podk\u0142adki pod mysz\",\"publisher\":{\"@id\":\"https:\\\/\\\/mousepad24.eu\\\/#organization\"},\"potentialAction\":[{\"@type\":\"SearchAction\",\"target\":{\"@type\":\"EntryPoint\",\"urlTemplate\":\"https:\\\/\\\/mousepad24.eu\\\/?s={search_term_string}\"},\"query-input\":{\"@type\":\"PropertyValueSpecification\",\"valueRequired\":true,\"valueName\":\"search_term_string\"}}],\"inLanguage\":\"lt-LT\"},{\"@type\":\"Organization\",\"@id\":\"https:\\\/\\\/mousepad24.eu\\\/#organization\",\"name\":\"MousePad24.eu\",\"url\":\"https:\\\/\\\/mousepad24.eu\\\/\",\"logo\":{\"@type\":\"ImageObject\",\"inLanguage\":\"lt-LT\",\"@id\":\"https:\\\/\\\/mousepad24.eu\\\/#\\\/schema\\\/logo\\\/image\\\/\",\"url\":\"https:\\\/\\\/mousepad24.eu\\\/wp-content\\\/uploads\\\/2022\\\/12\\\/MOUSEPAD24_logo_curv_OK-1.png\",\"contentUrl\":\"https:\\\/\\\/mousepad24.eu\\\/wp-content\\\/uploads\\\/2022\\\/12\\\/MOUSEPAD24_logo_curv_OK-1.png\",\"width\":1024,\"height\":75,\"caption\":\"MousePad24.eu\"},\"image\":{\"@id\":\"https:\\\/\\\/mousepad24.eu\\\/#\\\/schema\\\/logo\\\/image\\\/\"},\"sameAs\":[\"https:\\\/\\\/www.facebook.com\\\/mousepad24\\\/\",\"https:\\\/\\\/www.instagram.com\\\/mousepad24.eu\\\/\",\"https:\\\/\\\/www.linkedin.com\\\/company\\\/podkladki24-mousepad24\\\/\"]}]}<\/script>\n<!-- \/ Yoast SEO plugin. -->","yoast_head_json":{"title":"Finansavimas 43 117,70 PLN - MousePad24.eu","robots":{"index":"index","follow":"follow","max-snippet":"max-snippet:-1","max-image-preview":"max-image-preview:large","max-video-preview":"max-video-preview:-1"},"og_locale":"lt_LT","og_type":"article","og_title":"Finansavimas 43 117,70 PLN - MousePad24.eu","og_description":"\u012egyvendindami projekt\u0105 &#8220;\u012emon\u0117s pl\u0117tra per internacionalizacij\u0105 ir reklamos produkt\u0173 \u012fvedim\u0105 \u012f u\u017esienio rinkas&#8221;, dalyvavome \u0161iose parodose: Projekto dalis: &#8220;\u012emon\u0117s pl\u0117tra per internacionalizacij\u0105 ir reklamos produkt\u0173 \u012fvedim\u0105 \u012f u\u017esienio rinkas &#8211; II etapas&#8221;. m\u016bs\u0173 \u012fmon\u0117 mug\u0117je pristat\u0117 savo gaminius: &#8211; Rinkodaros festivalis, Var\u0161uva 2024 &#8211; &#8220;Promo Show&#8221; Var\u0161uva 2525 Mes taip pat ruo\u0161iam\u0117s renginiui: Marke[ding] Vienna [&hellip;]","og_url":"https:\/\/mousepad24.eu\/finansavimas\/finansavimas-43-11770-pln\/","og_site_name":"MousePad24.eu","article_publisher":"https:\/\/www.facebook.com\/mousepad24\/","og_image":[{"url":"https:\/\/mousepad24.eu\/wp-content\/uploads\/2025\/03\/FE_plakat_A3_lubelskie_Anita_Makarska-Gurgacz_etap_II.jpg","type":"","width":"","height":""}],"twitter_card":"summary_large_image","schema":{"@context":"https:\/\/schema.org","@graph":[{"@type":"WebPage","@id":"https:\/\/mousepad24.eu\/finansavimas\/finansavimas-43-11770-pln\/","url":"https:\/\/mousepad24.eu\/finansavimas\/finansavimas-43-11770-pln\/","name":"Finansavimas 43 117,70 PLN - MousePad24.eu","isPartOf":{"@id":"https:\/\/mousepad24.eu\/#website"},"primaryImageOfPage":{"@id":"https:\/\/mousepad24.eu\/finansavimas\/finansavimas-43-11770-pln\/#primaryimage"},"image":{"@id":"https:\/\/mousepad24.eu\/finansavimas\/finansavimas-43-11770-pln\/#primaryimage"},"thumbnailUrl":"https:\/\/mousepad24.eu\/wp-content\/uploads\/2025\/03\/FE_plakat_A3_lubelskie_Anita_Makarska-Gurgacz_etap_II.jpg","datePublished":"2025-03-07T18:35:21+00:00","breadcrumb":{"@id":"https:\/\/mousepad24.eu\/finansavimas\/finansavimas-43-11770-pln\/#breadcrumb"},"inLanguage":"lt-LT","potentialAction":[{"@type":"ReadAction","target":["https:\/\/mousepad24.eu\/finansavimas\/finansavimas-43-11770-pln\/"]}]},{"@type":"ImageObject","inLanguage":"lt-LT","@id":"https:\/\/mousepad24.eu\/finansavimas\/finansavimas-43-11770-pln\/#primaryimage","url":"https:\/\/mousepad24.eu\/wp-content\/uploads\/2025\/03\/FE_plakat_A3_lubelskie_Anita_Makarska-Gurgacz_etap_II.jpg","contentUrl":"https:\/\/mousepad24.eu\/wp-content\/uploads\/2025\/03\/FE_plakat_A3_lubelskie_Anita_Makarska-Gurgacz_etap_II.jpg"},{"@type":"BreadcrumbList","@id":"https:\/\/mousepad24.eu\/finansavimas\/finansavimas-43-11770-pln\/#breadcrumb","itemListElement":[{"@type":"ListItem","position":1,"name":"Pagrindinis puslapis","item":"https:\/\/mousepad24.eu\/lt\/"},{"@type":"ListItem","position":2,"name":"Finansavimas","item":"https:\/\/mousepad24.eu\/lt\/finansavimas\/"},{"@type":"ListItem","position":3,"name":"Finansavimas 43 117,70 PLN"}]},{"@type":"WebSite","@id":"https:\/\/mousepad24.eu\/#website","url":"https:\/\/mousepad24.eu\/","name":"MousePad24.eu","description":"Personalizowane podk\u0142adki pod mysz","publisher":{"@id":"https:\/\/mousepad24.eu\/#organization"},"potentialAction":[{"@type":"SearchAction","target":{"@type":"EntryPoint","urlTemplate":"https:\/\/mousepad24.eu\/?s={search_term_string}"},"query-input":{"@type":"PropertyValueSpecification","valueRequired":true,"valueName":"search_term_string"}}],"inLanguage":"lt-LT"},{"@type":"Organization","@id":"https:\/\/mousepad24.eu\/#organization","name":"MousePad24.eu","url":"https:\/\/mousepad24.eu\/","logo":{"@type":"ImageObject","inLanguage":"lt-LT","@id":"https:\/\/mousepad24.eu\/#\/schema\/logo\/image\/","url":"https:\/\/mousepad24.eu\/wp-content\/uploads\/2022\/12\/MOUSEPAD24_logo_curv_OK-1.png","contentUrl":"https:\/\/mousepad24.eu\/wp-content\/uploads\/2022\/12\/MOUSEPAD24_logo_curv_OK-1.png","width":1024,"height":75,"caption":"MousePad24.eu"},"image":{"@id":"https:\/\/mousepad24.eu\/#\/schema\/logo\/image\/"},"sameAs":["https:\/\/www.facebook.com\/mousepad24\/","https:\/\/www.instagram.com\/mousepad24.eu\/","https:\/\/www.linkedin.com\/company\/podkladki24-mousepad24\/"]}]}},"_links":{"self":[{"href":"https:\/\/mousepad24.eu\/lt\/wp-json\/wp\/v2\/pages\/65737","targetHints":{"allow":["GET"]}}],"collection":[{"href":"https:\/\/mousepad24.eu\/lt\/wp-json\/wp\/v2\/pages"}],"about":[{"href":"https:\/\/mousepad24.eu\/lt\/wp-json\/wp\/v2\/types\/page"}],"author":[{"embeddable":true,"href":"https:\/\/mousepad24.eu\/lt\/wp-json\/wp\/v2\/users\/102"}],"replies":[{"embeddable":true,"href":"https:\/\/mousepad24.eu\/lt\/wp-json\/wp\/v2\/comments?post=65737"}],"version-history":[{"count":0,"href":"https:\/\/mousepad24.eu\/lt\/wp-json\/wp\/v2\/pages\/65737\/revisions"}],"up":[{"embeddable":true,"href":"https:\/\/mousepad24.eu\/lt\/wp-json\/wp\/v2\/pages\/65729"}],"wp:attachment":[{"href":"https:\/\/mousepad24.eu\/lt\/wp-json\/wp\/v2\/media?parent=65737"}],"curies":[{"name":"wp","href":"https:\/\/api.w.org\/{rel}","templated":true}]}}