{"id":52337,"date":"2023-04-18T12:22:49","date_gmt":"2023-04-18T10:22:49","guid":{"rendered":"https:\/\/jnpnki27nc.onrocket.site\/produkt\/puslele-balta-b\/"},"modified":"2026-03-24T12:26:00","modified_gmt":"2026-03-24T11:26:00","slug":"b-pl","status":"publish","type":"product","link":"https:\/\/mousepad24.eu\/lt\/produkt\/b-pl\/","title":{"rendered":"Baltas blisterio pakuot\u0117 (B)"},"content":{"rendered":"<p>\ud83d\udd39 <strong>Baltas lizdin\u0117s plok\u0161tel\u0117s \u012fpakavimas \u2013 eleganti\u0161ka j\u016bs\u0173 produkto apsauga ir pateikimas<\/strong><\/p>\n<p>Lizdin\u0117 plok\u0161tel\u0117 \u2013 tai profesionali pakuot\u0117, kuri sujungia <strong>funkcionalum\u0105 ir estetik\u0105<\/strong>. Skaidri, profiliuota pl\u0117vel\u0117 puikiai prisitaiko prie gelinio pad\u0117klo formos, efektyviai apsaugodama j\u012f nuo ne\u0161varum\u0173, dulki\u0173 ir \u012fbr\u0117\u017eim\u0173. D\u0117l to produktas i\u0161laiko nepriekai\u0161ting\u0105 i\u0161vaizd\u0105 tiek transportuojant, tiek eksponuojant.  <\/p>\n<p>Baltas kartono pagrindas yra eleganti\u0161kas fonas, kuris pabr\u0117\u017eia pad\u0117klo spalvas ir suteikia visumai <strong>\u0161vari\u0105, minimalistin\u0119 i\u0161vaizd\u0105<\/strong>. Tokia pakuot\u0117 sukuria \u012fsp\u016bd\u012f, kad apdovanotasis gauna <strong>auk\u0161\u010diausios kokyb\u0117s<\/strong> produkt\u0105 \u2013 kruop\u0161\u010diai supakuot\u0105 ir paruo\u0161t\u0105 \u012fteikti. <\/p>\n<p>Baltas lizdin\u0117s plok\u0161tel\u0117s \u012fpakavimas yra idealus sprendimas:<br \/>\n\u2705 \u012fmon\u0117ms, norin\u010dioms patraukliai pristatyti reklamin\u012f \u012ftais\u0105,<br \/>\n\u2705 ma\u017emenin\u0117s prekybos vietoms,<br \/>\n\u2705 prek\u0117s \u017eenklams, vertinantiems <strong>estetik\u0105 ir kokyb\u0119<\/strong>,<br \/>\n\u2705 gamintojams, norintiems pabr\u0117\u017eti profesional\u0173 savo produkto pob\u016bd\u012f.<\/p>\n<p>\u2728 <strong>Lizdin\u0117s plok\u0161tel\u0117s \u012fpakavimo privalumai:<\/strong><\/p>\n<ul>\n<li>patikima apsauga nuo ne\u0161varum\u0173 ir pa\u017eeidim\u0173,<\/li>\n<li>eleganti\u0161ka, minimalistin\u0117 i\u0161vaizda,<\/li>\n<li>\u201eproduktas paruo\u0161tas dovanoti\u201c efektas,<\/li>\n<li>puikiai tinka pad\u0117klo formai.<\/li>\n<\/ul>\n<p>Tokia pakuot\u0117 suteikia vert\u0117s ir presti\u017eo kiekvienam pad\u0117klui \u2013 puikiai pabr\u0117\u017eia jo kokyb\u0119 ir d\u0117mes\u012f detal\u0117ms.<\/p>\n<p><strong>Produktas skirtas tik pakuoti gelinius pad\u0117kliukus, kuri\u0173 matmenys 19 x 23.<\/strong><\/p>\n<p>Kitame \u0161io produkto variante pagrindas gali b\u016bti spalvotas, jame gali b\u016bti tiek pad\u0117klo produkto apra\u0161ymas, tiek papildoma reklamos priemon\u0117.<\/p>\n","protected":false},"excerpt":{"rendered":"<p>\ud83e\udd0d Baltas lizdin\u0117s plok\u0161tel\u0117s \u012fpakavimas \u2013 subtilus elegancija ir apsauga viename \ud83e\udd0d<\/p>\n<p>\u2728 Tai universali ir esteti\u0161ka pakuot\u0117, kuri apsaugo gelin\u012f pad\u0117kl\u0105 ir tuo pa\u010diu metu atskleid\u017eia jo i\u0161vaizd\u0105 visu gra\u017eumu.<\/p>\n<p>\ud83d\udc8e Skaidri, tinkamo storio pl\u0117vel\u0117 prisitaiko prie produkto formos, sukurdama tvarkingumo ir tobulumo efekt\u0105.<\/p>\n<p>\ud83e\udd0d Lygus, baltas pagrindas suteikia visumai rafinuot\u0105, i\u0161skirtin\u012f charakter\u012f, d\u0117l kurio net paprastas \u012ftaisas tampa eleganti\u0161ka \u012fmon\u0117s dovana.<\/p>\n","protected":false},"featured_media":53741,"template":"","meta":[],"product_brand":[],"product_cat":[768,1142],"product_tag":[1625,1627,1629,1624,1626,1628,1454],"class_list":{"0":"post-52337","1":"product","2":"type-product","3":"status-publish","4":"has-post-thumbnail","6":"product_cat-podkladka-zelowa-lt","7":"product_cat-kita","8":"product_tag-aukstos-kokybes-peles-kilimeliai","9":"product_tag-geriausias-peles-kilimelis","10":"product_tag-peles-kilimeliai-su-reklaminiu-spaudinimu","11":"product_tag-peles-kilimelis-su-reklaminiu-spaudinimu","12":"product_tag-profesionalus-peles-kilimelis","13":"product_tag-reklaminiai-gaminiai","14":"product_tag-spalvotas-kilimelis","15":"fpd-variation-needed","17":"first","18":"instock","19":"taxable","20":"shipping-taxable","21":"purchasable","22":"product-type-variable"},"yoast_head":"<!-- This site is optimized with the Yoast SEO plugin v27.3 - https:\/\/yoast.com\/product\/yoast-seo-wordpress\/ -->\n<title>Baltas blisterio pakuot\u0117 (B) - MousePad24.eu<\/title>\n<meta name=\"robots\" content=\"index, follow, max-snippet:-1, max-image-preview:large, max-video-preview:-1\" \/>\n<meta property=\"og:locale\" content=\"lt_LT\" \/>\n<meta property=\"og:type\" content=\"article\" \/>\n<meta property=\"og:title\" content=\"Baltas blisterio pakuot\u0117 (B) - MousePad24.eu\" \/>\n<meta property=\"og:description\" content=\"\ud83e\udd0d Baltas lizdin\u0117s plok\u0161tel\u0117s \u012fpakavimas \u2013 subtilus elegancija ir apsauga viename \ud83e\udd0d \u2728 Tai universali ir esteti\u0161ka pakuot\u0117, kuri apsaugo gelin\u012f pad\u0117kl\u0105 ir tuo pa\u010diu metu atskleid\u017eia jo i\u0161vaizd\u0105 visu gra\u017eumu. \ud83d\udc8e Skaidri, tinkamo storio pl\u0117vel\u0117 prisitaiko prie produkto formos, sukurdama tvarkingumo ir tobulumo efekt\u0105. \ud83e\udd0d Lygus, baltas pagrindas suteikia visumai rafinuot\u0105, i\u0161skirtin\u012f charakter\u012f, d\u0117l kurio net paprastas \u012ftaisas tampa eleganti\u0161ka \u012fmon\u0117s dovana.\" \/>\n<meta property=\"og:url\" content=\"https:\/\/mousepad24.eu\/lt\/produkt\/b-pl\/\" \/>\n<meta property=\"og:site_name\" content=\"MousePad24.eu\" \/>\n<meta property=\"article:publisher\" content=\"https:\/\/www.facebook.com\/mousepad24\/\" \/>\n<meta property=\"article:modified_time\" content=\"2026-03-24T11:26:00+00:00\" \/>\n<meta property=\"og:image\" content=\"https:\/\/mousepad24.eu\/wp-content\/uploads\/2023\/04\/b_main-01.webp\" \/>\n\t<meta property=\"og:image:width\" content=\"2502\" \/>\n\t<meta property=\"og:image:height\" content=\"2502\" \/>\n\t<meta property=\"og:image:type\" content=\"image\/webp\" \/>\n<meta name=\"twitter:card\" content=\"summary_large_image\" \/>\n<meta name=\"twitter:label1\" content=\"Est. reading time\" \/>\n\t<meta name=\"twitter:data1\" content=\"1 minut\u0117\" \/>\n<script type=\"application\/ld+json\" class=\"yoast-schema-graph\">{\"@context\":\"https:\\\/\\\/schema.org\",\"@graph\":[{\"@type\":\"WebPage\",\"@id\":\"https:\\\/\\\/mousepad24.eu\\\/lt\\\/produkt\\\/b-pl\\\/\",\"url\":\"https:\\\/\\\/mousepad24.eu\\\/lt\\\/produkt\\\/b-pl\\\/\",\"name\":\"Baltas blisterio pakuot\u0117 (B) - MousePad24.eu\",\"isPartOf\":{\"@id\":\"https:\\\/\\\/mousepad24.eu\\\/#website\"},\"primaryImageOfPage\":{\"@id\":\"https:\\\/\\\/mousepad24.eu\\\/lt\\\/produkt\\\/b-pl\\\/#primaryimage\"},\"image\":{\"@id\":\"https:\\\/\\\/mousepad24.eu\\\/lt\\\/produkt\\\/b-pl\\\/#primaryimage\"},\"thumbnailUrl\":\"https:\\\/\\\/mousepad24.eu\\\/wp-content\\\/uploads\\\/2023\\\/04\\\/b_main-01.webp\",\"datePublished\":\"2023-04-18T10:22:49+00:00\",\"dateModified\":\"2026-03-24T11:26:00+00:00\",\"breadcrumb\":{\"@id\":\"https:\\\/\\\/mousepad24.eu\\\/lt\\\/produkt\\\/b-pl\\\/#breadcrumb\"},\"inLanguage\":\"lt-LT\",\"potentialAction\":[{\"@type\":\"ReadAction\",\"target\":[\"https:\\\/\\\/mousepad24.eu\\\/lt\\\/produkt\\\/b-pl\\\/\"]}]},{\"@type\":\"ImageObject\",\"inLanguage\":\"lt-LT\",\"@id\":\"https:\\\/\\\/mousepad24.eu\\\/lt\\\/produkt\\\/b-pl\\\/#primaryimage\",\"url\":\"https:\\\/\\\/mousepad24.eu\\\/wp-content\\\/uploads\\\/2023\\\/04\\\/b_main-01.webp\",\"contentUrl\":\"https:\\\/\\\/mousepad24.eu\\\/wp-content\\\/uploads\\\/2023\\\/04\\\/b_main-01.webp\",\"width\":2502,\"height\":2502},{\"@type\":\"BreadcrumbList\",\"@id\":\"https:\\\/\\\/mousepad24.eu\\\/lt\\\/produkt\\\/b-pl\\\/#breadcrumb\",\"itemListElement\":[{\"@type\":\"ListItem\",\"position\":1,\"name\":\"Pagrindinis puslapis\",\"item\":\"https:\\\/\\\/mousepad24.eu\\\/lt\\\/\"},{\"@type\":\"ListItem\",\"position\":2,\"name\":\"Parduotuv\u0117\",\"item\":\"https:\\\/\\\/mousepad24.eu\\\/lt\\\/\"},{\"@type\":\"ListItem\",\"position\":3,\"name\":\"Baltas blisterio pakuot\u0117 (B)\"}]},{\"@type\":\"WebSite\",\"@id\":\"https:\\\/\\\/mousepad24.eu\\\/#website\",\"url\":\"https:\\\/\\\/mousepad24.eu\\\/\",\"name\":\"MousePad24.eu\",\"description\":\"Personalizowane podk\u0142adki pod mysz\",\"publisher\":{\"@id\":\"https:\\\/\\\/mousepad24.eu\\\/#organization\"},\"potentialAction\":[{\"@type\":\"SearchAction\",\"target\":{\"@type\":\"EntryPoint\",\"urlTemplate\":\"https:\\\/\\\/mousepad24.eu\\\/?s={search_term_string}\"},\"query-input\":{\"@type\":\"PropertyValueSpecification\",\"valueRequired\":true,\"valueName\":\"search_term_string\"}}],\"inLanguage\":\"lt-LT\"},{\"@type\":\"Organization\",\"@id\":\"https:\\\/\\\/mousepad24.eu\\\/#organization\",\"name\":\"MousePad24.eu\",\"url\":\"https:\\\/\\\/mousepad24.eu\\\/\",\"logo\":{\"@type\":\"ImageObject\",\"inLanguage\":\"lt-LT\",\"@id\":\"https:\\\/\\\/mousepad24.eu\\\/#\\\/schema\\\/logo\\\/image\\\/\",\"url\":\"https:\\\/\\\/mousepad24.eu\\\/wp-content\\\/uploads\\\/2022\\\/12\\\/MOUSEPAD24_logo_curv_OK-1.png\",\"contentUrl\":\"https:\\\/\\\/mousepad24.eu\\\/wp-content\\\/uploads\\\/2022\\\/12\\\/MOUSEPAD24_logo_curv_OK-1.png\",\"width\":1024,\"height\":75,\"caption\":\"MousePad24.eu\"},\"image\":{\"@id\":\"https:\\\/\\\/mousepad24.eu\\\/#\\\/schema\\\/logo\\\/image\\\/\"},\"sameAs\":[\"https:\\\/\\\/www.facebook.com\\\/mousepad24\\\/\",\"https:\\\/\\\/www.instagram.com\\\/mousepad24.eu\\\/\",\"https:\\\/\\\/www.linkedin.com\\\/company\\\/podkladki24-mousepad24\\\/\"]}]}<\/script>\n<!-- \/ Yoast SEO plugin. -->","yoast_head_json":{"title":"Baltas blisterio pakuot\u0117 (B) - MousePad24.eu","robots":{"index":"index","follow":"follow","max-snippet":"max-snippet:-1","max-image-preview":"max-image-preview:large","max-video-preview":"max-video-preview:-1"},"og_locale":"lt_LT","og_type":"article","og_title":"Baltas blisterio pakuot\u0117 (B) - MousePad24.eu","og_description":"\ud83e\udd0d Baltas lizdin\u0117s plok\u0161tel\u0117s \u012fpakavimas \u2013 subtilus elegancija ir apsauga viename \ud83e\udd0d \u2728 Tai universali ir esteti\u0161ka pakuot\u0117, kuri apsaugo gelin\u012f pad\u0117kl\u0105 ir tuo pa\u010diu metu atskleid\u017eia jo i\u0161vaizd\u0105 visu gra\u017eumu. \ud83d\udc8e Skaidri, tinkamo storio pl\u0117vel\u0117 prisitaiko prie produkto formos, sukurdama tvarkingumo ir tobulumo efekt\u0105. \ud83e\udd0d Lygus, baltas pagrindas suteikia visumai rafinuot\u0105, i\u0161skirtin\u012f charakter\u012f, d\u0117l kurio net paprastas \u012ftaisas tampa eleganti\u0161ka \u012fmon\u0117s dovana.","og_url":"https:\/\/mousepad24.eu\/lt\/produkt\/b-pl\/","og_site_name":"MousePad24.eu","article_publisher":"https:\/\/www.facebook.com\/mousepad24\/","article_modified_time":"2026-03-24T11:26:00+00:00","og_image":[{"width":2502,"height":2502,"url":"https:\/\/mousepad24.eu\/wp-content\/uploads\/2023\/04\/b_main-01.webp","type":"image\/webp"}],"twitter_card":"summary_large_image","twitter_misc":{"Est. reading time":"1 minut\u0117"},"schema":{"@context":"https:\/\/schema.org","@graph":[{"@type":"WebPage","@id":"https:\/\/mousepad24.eu\/lt\/produkt\/b-pl\/","url":"https:\/\/mousepad24.eu\/lt\/produkt\/b-pl\/","name":"Baltas blisterio pakuot\u0117 (B) - MousePad24.eu","isPartOf":{"@id":"https:\/\/mousepad24.eu\/#website"},"primaryImageOfPage":{"@id":"https:\/\/mousepad24.eu\/lt\/produkt\/b-pl\/#primaryimage"},"image":{"@id":"https:\/\/mousepad24.eu\/lt\/produkt\/b-pl\/#primaryimage"},"thumbnailUrl":"https:\/\/mousepad24.eu\/wp-content\/uploads\/2023\/04\/b_main-01.webp","datePublished":"2023-04-18T10:22:49+00:00","dateModified":"2026-03-24T11:26:00+00:00","breadcrumb":{"@id":"https:\/\/mousepad24.eu\/lt\/produkt\/b-pl\/#breadcrumb"},"inLanguage":"lt-LT","potentialAction":[{"@type":"ReadAction","target":["https:\/\/mousepad24.eu\/lt\/produkt\/b-pl\/"]}]},{"@type":"ImageObject","inLanguage":"lt-LT","@id":"https:\/\/mousepad24.eu\/lt\/produkt\/b-pl\/#primaryimage","url":"https:\/\/mousepad24.eu\/wp-content\/uploads\/2023\/04\/b_main-01.webp","contentUrl":"https:\/\/mousepad24.eu\/wp-content\/uploads\/2023\/04\/b_main-01.webp","width":2502,"height":2502},{"@type":"BreadcrumbList","@id":"https:\/\/mousepad24.eu\/lt\/produkt\/b-pl\/#breadcrumb","itemListElement":[{"@type":"ListItem","position":1,"name":"Pagrindinis puslapis","item":"https:\/\/mousepad24.eu\/lt\/"},{"@type":"ListItem","position":2,"name":"Parduotuv\u0117","item":"https:\/\/mousepad24.eu\/lt\/"},{"@type":"ListItem","position":3,"name":"Baltas blisterio pakuot\u0117 (B)"}]},{"@type":"WebSite","@id":"https:\/\/mousepad24.eu\/#website","url":"https:\/\/mousepad24.eu\/","name":"MousePad24.eu","description":"Personalizowane podk\u0142adki pod mysz","publisher":{"@id":"https:\/\/mousepad24.eu\/#organization"},"potentialAction":[{"@type":"SearchAction","target":{"@type":"EntryPoint","urlTemplate":"https:\/\/mousepad24.eu\/?s={search_term_string}"},"query-input":{"@type":"PropertyValueSpecification","valueRequired":true,"valueName":"search_term_string"}}],"inLanguage":"lt-LT"},{"@type":"Organization","@id":"https:\/\/mousepad24.eu\/#organization","name":"MousePad24.eu","url":"https:\/\/mousepad24.eu\/","logo":{"@type":"ImageObject","inLanguage":"lt-LT","@id":"https:\/\/mousepad24.eu\/#\/schema\/logo\/image\/","url":"https:\/\/mousepad24.eu\/wp-content\/uploads\/2022\/12\/MOUSEPAD24_logo_curv_OK-1.png","contentUrl":"https:\/\/mousepad24.eu\/wp-content\/uploads\/2022\/12\/MOUSEPAD24_logo_curv_OK-1.png","width":1024,"height":75,"caption":"MousePad24.eu"},"image":{"@id":"https:\/\/mousepad24.eu\/#\/schema\/logo\/image\/"},"sameAs":["https:\/\/www.facebook.com\/mousepad24\/","https:\/\/www.instagram.com\/mousepad24.eu\/","https:\/\/www.linkedin.com\/company\/podkladki24-mousepad24\/"]}]}},"_links":{"self":[{"href":"https:\/\/mousepad24.eu\/lt\/wp-json\/wp\/v2\/product\/52337","targetHints":{"allow":["GET"]}}],"collection":[{"href":"https:\/\/mousepad24.eu\/lt\/wp-json\/wp\/v2\/product"}],"about":[{"href":"https:\/\/mousepad24.eu\/lt\/wp-json\/wp\/v2\/types\/product"}],"wp:featuredmedia":[{"embeddable":true,"href":"https:\/\/mousepad24.eu\/lt\/wp-json\/wp\/v2\/media\/53741"}],"wp:attachment":[{"href":"https:\/\/mousepad24.eu\/lt\/wp-json\/wp\/v2\/media?parent=52337"}],"wp:term":[{"taxonomy":"product_brand","embeddable":true,"href":"https:\/\/mousepad24.eu\/lt\/wp-json\/wp\/v2\/product_brand?post=52337"},{"taxonomy":"product_cat","embeddable":true,"href":"https:\/\/mousepad24.eu\/lt\/wp-json\/wp\/v2\/product_cat?post=52337"},{"taxonomy":"product_tag","embeddable":true,"href":"https:\/\/mousepad24.eu\/lt\/wp-json\/wp\/v2\/product_tag?post=52337"}],"curies":[{"name":"wp","href":"https:\/\/api.w.org\/{rel}","templated":true}]}}